{"id":15970,"date":"2022-07-21T11:33:23","date_gmt":"2022-07-21T17:33:23","guid":{"rendered":"https:\/\/www.securitydataandvideo.com\/inicio\/?post_type=product&#038;p=15970"},"modified":"2023-09-27T15:28:55","modified_gmt":"2023-09-27T21:28:55","slug":"camara-bala-turbohd-8megapixeles-4k-gran-angular-102o-lente-2-8-mm-exterior-ip67-ir-exir-30-mts-dwdr","status":"publish","type":"product","link":"https:\/\/www.securitydataandvideo.com\/inicio\/shop\/camara-bala-turbohd-8megapixeles-4k-gran-angular-102o-lente-2-8-mm-exterior-ip67-ir-exir-30-mts-dwdr\/","title":{"rendered":"Camara Bala TURBOHD 8Megapixeles (4K) \/ Gran Angular 102\u00ba \/ Lente 2.8 mm \/ Exterior IP67 \/ IR EXIR 30 mts \/ dWDR"},"content":{"rendered":"<p>Camara Bala TURBOHD 8Megapixeles (4K) \/ Gran Angular 102\u00ba \/ Lente 2.8 mm \/ Exterior IP67 \/ IR EXIR 30 mts \/ dWDR<\/p>\n<div class=\"col-sm-4\">\n<div>\n<p><strong>Caracter\u00edsticas principales de Camara Bala TURBOHD 8Megapixeles:<\/strong><\/p>\n<ul>\n<li>Resoluci\u00f3n m\u00e1xima: 8.29 Megap\u00edxel (3840 x 2160).<\/li>\n<li>Sensor CMOS scan progresivo.<\/li>\n<li>Lente fijo: 2.8 mm (\u00e1ngulo de visi\u00f3n 102.2\u00ba).<\/li>\n<li>30 mts IR EXIR.<\/li>\n<li>Soporta 4 tecnolog\u00edas (TVI \/ AHD \/ CVI \/ CVBS).<\/li>\n<li>Permite seleccionar la resoluci\u00f3n entre 8 Megap\u00edxel \/ 5 Megap\u00edxel \/ 4 Megap\u00edxel \/ 2 Megap\u00edxel.<\/li>\n<li>Funciones: dWDR \/ BLC \/ DNR \/ Mirror.<\/li>\n<\/ul>\n<\/div>\n<\/div>\n<div class=\"col-sm-4\">\n<div>\n<p><strong>Caracter\u00edsticas F\u00edsicas y El\u00e9ctricas:<\/strong><\/p>\n<ul>\n<li>Temperatura de operaci\u00f3n: -40\u00baC a 60\u00baC.<\/li>\n<li>Alimentaci\u00f3n: 12 vcd \/ 5.3 Watts.<\/li>\n<li>Protecci\u00f3n: IP67.<\/li>\n<li>Fabricado en metal.<\/li>\n<li>Dimensiones: 81.9 x 86.7 x 217.9 mm.<\/li>\n<li>Peso: 435 gramos.<\/li>\n<li><strong>Garant\u00eda: 4 a\u00f1os.<\/strong><\/li>\n<\/ul>\n<\/div>\n<\/div>\n<div class=\"col-sm-4\">\n<div>\n<p><strong>M\u00e1xima compatibilidad:<\/strong><img src=\"https:\/\/ftp3.syscom.mx\/usuarios\/anavarrete\/Noe\/imagen1.png\" width=\"85%\" \/><\/p>\n<p>B4K-TURBO<br \/>\n8 MP Bullet Camera<br \/>\n\u2022 8.29 MP high performance CMOS<br \/>\n\u2022 3840 \u00d7 2160 resolution<br \/>\n\u2022 2.8 mm, 3.6 mm, 6 mm fixed lens<br \/>\n\u2022 30 metros IR EXIR.<br \/>\n\u2022 EXIR 2.0, smart IR, up to 30 m IR distance<br \/>\n\u2022 4 in 1 video output (switchable TVI\/AHD\/CVI\/CVBS)<br \/>\n\u2022 IP67<br \/>\n\u2022 Up the coax (HIKVISION-C)<\/p>\n<p>&nbsp;<\/p>\n<\/div>\n<\/div>\n","protected":false},"excerpt":{"rendered":"<p>Camara Bala TURBOHD 8Megapixeles (4K) \/ Gran Angular 102\u00ba \/ Lente 2.8 mm \/ Exterior IP67 \/ IR EXIR 30 mts \/ dWDR<\/p>\n","protected":false},"featured_media":16001,"template":"","meta":{"site-sidebar-layout":"default","site-content-layout":"default","ast-site-content-layout":"","site-content-style":"default","site-sidebar-style":"default","ast-global-header-display":"","ast-banner-title-visibility":"","ast-main-header-display":"","ast-hfb-above-header-display":"","ast-hfb-below-header-display":"","ast-hfb-mobile-header-display":"","site-post-title":"","ast-breadcrumbs-content":"","ast-featured-img":"","footer-sml-layout":"","theme-transparent-header-meta":"default","adv-header-id-meta":"","stick-header-meta":"","header-above-stick-meta":"","header-main-stick-meta":"","header-below-stick-meta":"","astra-migrate-meta-layouts":""},"product_cat":[282],"product_tag":[87],"yoast_head":"<!-- This site is optimized with the Yoast SEO plugin v19.5.1 - https:\/\/yoast.com\/wordpress\/plugins\/seo\/ -->\n<title>Camara Bala TURBOHD 8Megapixeles<\/title>\n<meta name=\"description\" content=\"Camara Bala TURBOHD 8Megapixeles (4K) \/ Gran Angular 102\u00ba \/ Lente 2.8 mm \/ Exterior IP67 \/ IR EXIR 30 mts \/ dWDR\" \/>\n<meta name=\"robots\" content=\"index, follow, max-snippet:-1, max-image-preview:large, max-video-preview:-1\" \/>\n<link rel=\"canonical\" href=\"https:\/\/www.securitydataandvideo.com\/inicio\/shop\/camara-bala-turbohd-8megapixeles-4k-gran-angular-102o-lente-2-8-mm-exterior-ip67-ir-exir-30-mts-dwdr\/\" \/>\n<meta property=\"og:locale\" content=\"es_MX\" \/>\n<meta property=\"og:type\" content=\"article\" \/>\n<meta property=\"og:title\" content=\"Camara Bala TURBOHD 8Megapixeles\" \/>\n<meta property=\"og:description\" content=\"Camara Bala TURBOHD 8Megapixeles (4K) \/ Gran Angular 102\u00ba \/ Lente 2.8 mm \/ Exterior IP67 \/ IR EXIR 30 mts \/ dWDR\" \/>\n<meta property=\"og:url\" content=\"https:\/\/www.securitydataandvideo.com\/inicio\/shop\/camara-bala-turbohd-8megapixeles-4k-gran-angular-102o-lente-2-8-mm-exterior-ip67-ir-exir-30-mts-dwdr\/\" \/>\n<meta property=\"og:site_name\" content=\"Security Data &amp; Video SA de CV.\" \/>\n<meta property=\"article:modified_time\" content=\"2023-09-27T21:28:55+00:00\" \/>\n<meta property=\"og:image\" content=\"https:\/\/www.securitydataandvideo.com\/inicio\/wp-content\/uploads\/2022\/07\/B4K-TURBO.png\" \/>\n\t<meta property=\"og:image:width\" content=\"324\" \/>\n\t<meta property=\"og:image:height\" content=\"249\" \/>\n\t<meta property=\"og:image:type\" content=\"image\/png\" \/>\n<meta name=\"twitter:card\" content=\"summary\" \/>\n<meta name=\"twitter:label1\" content=\"Tiempo de lectura\" \/>\n\t<meta name=\"twitter:data1\" content=\"2 minutos\" \/>\n<script type=\"application\/ld+json\" class=\"yoast-schema-graph\">{\"@context\":\"https:\/\/schema.org\",\"@graph\":[{\"@type\":\"WebPage\",\"@id\":\"https:\/\/www.securitydataandvideo.com\/inicio\/shop\/camara-bala-turbohd-8megapixeles-4k-gran-angular-102o-lente-2-8-mm-exterior-ip67-ir-exir-30-mts-dwdr\/\",\"url\":\"https:\/\/www.securitydataandvideo.com\/inicio\/shop\/camara-bala-turbohd-8megapixeles-4k-gran-angular-102o-lente-2-8-mm-exterior-ip67-ir-exir-30-mts-dwdr\/\",\"name\":\"Camara Bala TURBOHD 8Megapixeles\",\"isPartOf\":{\"@id\":\"https:\/\/www.securitydataandvideo.com\/inicio\/#website\"},\"datePublished\":\"2022-07-21T17:33:23+00:00\",\"dateModified\":\"2023-09-27T21:28:55+00:00\",\"description\":\"Camara Bala TURBOHD 8Megapixeles (4K) \/ Gran Angular 102\u00ba \/ Lente 2.8 mm \/ Exterior IP67 \/ IR EXIR 30 mts \/ dWDR\",\"breadcrumb\":{\"@id\":\"https:\/\/www.securitydataandvideo.com\/inicio\/shop\/camara-bala-turbohd-8megapixeles-4k-gran-angular-102o-lente-2-8-mm-exterior-ip67-ir-exir-30-mts-dwdr\/#breadcrumb\"},\"inLanguage\":\"es-MX\",\"potentialAction\":[{\"@type\":\"ReadAction\",\"target\":[\"https:\/\/www.securitydataandvideo.com\/inicio\/shop\/camara-bala-turbohd-8megapixeles-4k-gran-angular-102o-lente-2-8-mm-exterior-ip67-ir-exir-30-mts-dwdr\/\"]}]},{\"@type\":\"BreadcrumbList\",\"@id\":\"https:\/\/www.securitydataandvideo.com\/inicio\/shop\/camara-bala-turbohd-8megapixeles-4k-gran-angular-102o-lente-2-8-mm-exterior-ip67-ir-exir-30-mts-dwdr\/#breadcrumb\",\"itemListElement\":[{\"@type\":\"ListItem\",\"position\":1,\"name\":\"Inicio\",\"item\":\"https:\/\/www.securitydataandvideo.com\/inicio\/\"},{\"@type\":\"ListItem\",\"position\":2,\"name\":\"Shop\",\"item\":\"https:\/\/www.securitydataandvideo.com\/inicio\/shop\/\"},{\"@type\":\"ListItem\",\"position\":3,\"name\":\"Camara Bala TURBOHD 8Megapixeles (4K) \/ Gran Angular 102\u00ba \/ Lente 2.8 mm \/ Exterior IP67 \/ IR EXIR 30 mts \/ dWDR\"}]},{\"@type\":\"WebSite\",\"@id\":\"https:\/\/www.securitydataandvideo.com\/inicio\/#website\",\"url\":\"https:\/\/www.securitydataandvideo.com\/inicio\/\",\"name\":\"Security Data &amp; Video SA de CV.\",\"description\":\"Seguridad Electr\u00f3nica y Energ\u00eda\",\"publisher\":{\"@id\":\"https:\/\/www.securitydataandvideo.com\/inicio\/#organization\"},\"potentialAction\":[{\"@type\":\"SearchAction\",\"target\":{\"@type\":\"EntryPoint\",\"urlTemplate\":\"https:\/\/www.securitydataandvideo.com\/inicio\/?s={search_term_string}\"},\"query-input\":\"required name=search_term_string\"}],\"inLanguage\":\"es-MX\"},{\"@type\":\"Organization\",\"@id\":\"https:\/\/www.securitydataandvideo.com\/inicio\/#organization\",\"name\":\"Security Data & Video SA de CV\",\"url\":\"https:\/\/www.securitydataandvideo.com\/inicio\/\",\"sameAs\":[],\"logo\":{\"@type\":\"ImageObject\",\"inLanguage\":\"es-MX\",\"@id\":\"https:\/\/www.securitydataandvideo.com\/inicio\/#\/schema\/logo\/image\/\",\"url\":\"https:\/\/www.securitydataandvideo.com\/inicio\/wp-content\/uploads\/2021\/10\/Logo-Azul.png\",\"contentUrl\":\"https:\/\/www.securitydataandvideo.com\/inicio\/wp-content\/uploads\/2021\/10\/Logo-Azul.png\",\"width\":555,\"height\":375,\"caption\":\"Security Data & Video SA de CV\"},\"image\":{\"@id\":\"https:\/\/www.securitydataandvideo.com\/inicio\/#\/schema\/logo\/image\/\"}}]}<\/script>\n<!-- \/ Yoast SEO plugin. -->","yoast_head_json":{"title":"Camara Bala TURBOHD 8Megapixeles","description":"Camara Bala TURBOHD 8Megapixeles (4K) \/ Gran Angular 102\u00ba \/ Lente 2.8 mm \/ Exterior IP67 \/ IR EXIR 30 mts \/ dWDR","robots":{"index":"index","follow":"follow","max-snippet":"max-snippet:-1","max-image-preview":"max-image-preview:large","max-video-preview":"max-video-preview:-1"},"canonical":"https:\/\/www.securitydataandvideo.com\/inicio\/shop\/camara-bala-turbohd-8megapixeles-4k-gran-angular-102o-lente-2-8-mm-exterior-ip67-ir-exir-30-mts-dwdr\/","og_locale":"es_MX","og_type":"article","og_title":"Camara Bala TURBOHD 8Megapixeles","og_description":"Camara Bala TURBOHD 8Megapixeles (4K) \/ Gran Angular 102\u00ba \/ Lente 2.8 mm \/ Exterior IP67 \/ IR EXIR 30 mts \/ dWDR","og_url":"https:\/\/www.securitydataandvideo.com\/inicio\/shop\/camara-bala-turbohd-8megapixeles-4k-gran-angular-102o-lente-2-8-mm-exterior-ip67-ir-exir-30-mts-dwdr\/","og_site_name":"Security Data &amp; Video SA de CV.","article_modified_time":"2023-09-27T21:28:55+00:00","og_image":[{"width":324,"height":249,"url":"https:\/\/www.securitydataandvideo.com\/inicio\/wp-content\/uploads\/2022\/07\/B4K-TURBO.png","type":"image\/png"}],"twitter_card":"summary","twitter_misc":{"Tiempo de lectura":"2 minutos"},"schema":{"@context":"https:\/\/schema.org","@graph":[{"@type":"WebPage","@id":"https:\/\/www.securitydataandvideo.com\/inicio\/shop\/camara-bala-turbohd-8megapixeles-4k-gran-angular-102o-lente-2-8-mm-exterior-ip67-ir-exir-30-mts-dwdr\/","url":"https:\/\/www.securitydataandvideo.com\/inicio\/shop\/camara-bala-turbohd-8megapixeles-4k-gran-angular-102o-lente-2-8-mm-exterior-ip67-ir-exir-30-mts-dwdr\/","name":"Camara Bala TURBOHD 8Megapixeles","isPartOf":{"@id":"https:\/\/www.securitydataandvideo.com\/inicio\/#website"},"datePublished":"2022-07-21T17:33:23+00:00","dateModified":"2023-09-27T21:28:55+00:00","description":"Camara Bala TURBOHD 8Megapixeles (4K) \/ Gran Angular 102\u00ba \/ Lente 2.8 mm \/ Exterior IP67 \/ IR EXIR 30 mts \/ dWDR","breadcrumb":{"@id":"https:\/\/www.securitydataandvideo.com\/inicio\/shop\/camara-bala-turbohd-8megapixeles-4k-gran-angular-102o-lente-2-8-mm-exterior-ip67-ir-exir-30-mts-dwdr\/#breadcrumb"},"inLanguage":"es-MX","potentialAction":[{"@type":"ReadAction","target":["https:\/\/www.securitydataandvideo.com\/inicio\/shop\/camara-bala-turbohd-8megapixeles-4k-gran-angular-102o-lente-2-8-mm-exterior-ip67-ir-exir-30-mts-dwdr\/"]}]},{"@type":"BreadcrumbList","@id":"https:\/\/www.securitydataandvideo.com\/inicio\/shop\/camara-bala-turbohd-8megapixeles-4k-gran-angular-102o-lente-2-8-mm-exterior-ip67-ir-exir-30-mts-dwdr\/#breadcrumb","itemListElement":[{"@type":"ListItem","position":1,"name":"Inicio","item":"https:\/\/www.securitydataandvideo.com\/inicio\/"},{"@type":"ListItem","position":2,"name":"Shop","item":"https:\/\/www.securitydataandvideo.com\/inicio\/shop\/"},{"@type":"ListItem","position":3,"name":"Camara Bala TURBOHD 8Megapixeles (4K) \/ Gran Angular 102\u00ba \/ Lente 2.8 mm \/ Exterior IP67 \/ IR EXIR 30 mts \/ dWDR"}]},{"@type":"WebSite","@id":"https:\/\/www.securitydataandvideo.com\/inicio\/#website","url":"https:\/\/www.securitydataandvideo.com\/inicio\/","name":"Security Data &amp; Video SA de CV.","description":"Seguridad Electr\u00f3nica y Energ\u00eda","publisher":{"@id":"https:\/\/www.securitydataandvideo.com\/inicio\/#organization"},"potentialAction":[{"@type":"SearchAction","target":{"@type":"EntryPoint","urlTemplate":"https:\/\/www.securitydataandvideo.com\/inicio\/?s={search_term_string}"},"query-input":"required name=search_term_string"}],"inLanguage":"es-MX"},{"@type":"Organization","@id":"https:\/\/www.securitydataandvideo.com\/inicio\/#organization","name":"Security Data & Video SA de CV","url":"https:\/\/www.securitydataandvideo.com\/inicio\/","sameAs":[],"logo":{"@type":"ImageObject","inLanguage":"es-MX","@id":"https:\/\/www.securitydataandvideo.com\/inicio\/#\/schema\/logo\/image\/","url":"https:\/\/www.securitydataandvideo.com\/inicio\/wp-content\/uploads\/2021\/10\/Logo-Azul.png","contentUrl":"https:\/\/www.securitydataandvideo.com\/inicio\/wp-content\/uploads\/2021\/10\/Logo-Azul.png","width":555,"height":375,"caption":"Security Data & Video SA de CV"},"image":{"@id":"https:\/\/www.securitydataandvideo.com\/inicio\/#\/schema\/logo\/image\/"}}]}},"_links":{"self":[{"href":"https:\/\/www.securitydataandvideo.com\/inicio\/wp-json\/wp\/v2\/product\/15970"}],"collection":[{"href":"https:\/\/www.securitydataandvideo.com\/inicio\/wp-json\/wp\/v2\/product"}],"about":[{"href":"https:\/\/www.securitydataandvideo.com\/inicio\/wp-json\/wp\/v2\/types\/product"}],"wp:featuredmedia":[{"embeddable":true,"href":"https:\/\/www.securitydataandvideo.com\/inicio\/wp-json\/wp\/v2\/media\/16001"}],"wp:attachment":[{"href":"https:\/\/www.securitydataandvideo.com\/inicio\/wp-json\/wp\/v2\/media?parent=15970"}],"wp:term":[{"taxonomy":"product_cat","embeddable":true,"href":"https:\/\/www.securitydataandvideo.com\/inicio\/wp-json\/wp\/v2\/product_cat?post=15970"},{"taxonomy":"product_tag","embeddable":true,"href":"https:\/\/www.securitydataandvideo.com\/inicio\/wp-json\/wp\/v2\/product_tag?post=15970"}],"curies":[{"name":"wp","href":"https:\/\/api.w.org\/{rel}","templated":true}]}}