{"id":15975,"date":"2022-07-21T11:33:24","date_gmt":"2022-07-21T17:33:24","guid":{"rendered":"https:\/\/www.securitydataandvideo.com\/inicio\/?post_type=product&#038;p=15975"},"modified":"2023-09-27T15:27:56","modified_gmt":"2023-09-27T21:27:56","slug":"camara-bala-8megapixeles-turbohd-imagen-a-color-24-7-lente-2-8-mm-metal-luz-blanca-20-mts-exterior-ip67-wdr-130-db","status":"publish","type":"product","link":"https:\/\/www.securitydataandvideo.com\/inicio\/shop\/camara-bala-8megapixeles-turbohd-imagen-a-color-24-7-lente-2-8-mm-metal-luz-blanca-20-mts-exterior-ip67-wdr-130-db\/","title":{"rendered":"Camara Bala 8Megapixeles TURBOHD \/ Imagen a color 24\/7 \/ Lente 2.8 mm \/ METAL \/ Luz Blanca 20 mts \/ Exterior IP67 \/ WDR 130 dB"},"content":{"rendered":"<p>Camara Bala 8Megapixeles TURBOHD \/ Imagen a color 24\/7 \/ Lente 2.8 mm \/ METAL \/ Luz Blanca 20 mts \/ Exterior IP67 \/ WDR 130 dB<\/p>\n<div class=\"col-sm-4\">\n<div><strong>Caracter\u00edsticas principales de Camara Bala 8Megapixeles TURBOHD:<\/strong><\/p>\n<ul>\n<li>Resoluci\u00f3n M\u00e1xima 4K\u00a0 (8 Megapixel 3840 x 2160)<\/li>\n<li>Iluminaci\u00f3n minima: 0.0005 Lux @ (F1.0, AGC ON)<\/li>\n<li>Lente fijo: 2.8mm (Angulo de apertura 110\u00b0)<\/li>\n<li>20 Metros de luz blanca (Ayuda a iluminar el sitio para mantener la imagen siempre a color)<\/li>\n<li>WDR de 130dB<\/li>\n<\/ul>\n<\/div>\n<\/div>\n<div class=\"col-sm-4\">\n<div><strong>Caracter\u00edsticas F\u00edsicas y El\u00e9ctricas:<\/strong><\/p>\n<ul>\n<li>Temperatura de Operaci\u00f3n: &#8211; 40\u00b0C a 60\u00b0C.<\/li>\n<li>Alimentaci\u00f3n: 12Vcd \/ 3.6 Watts.<\/li>\n<li>Protecci\u00f3n: Interior \/ Exterior IP67.<\/li>\n<li>Fabricado en material de metal.<\/li>\n<li>Dimensi\u00f3nes: 161.1 x 70 x 70 mm.<\/li>\n<li>Peso: 443.5 gramos.<\/li>\n<li>Garant\u00eda de 2 a\u00f1os.<\/li>\n<\/ul>\n<\/div>\n<\/div>\n<div class=\"col-sm-4\">\n<div><strong>Caracter\u00edsticas Destacadas:<\/strong>Las c\u00e1maras ColorVu cuentan con F stop ajustando a 1.0, lo que le permite una mayor captaci\u00f3n y aprovechamiento de la luz, su luz blanca permite iluminar los ambientes muy oscuros para brindar una imagen a color 24\/7, es por ello que ColorVu se encuentra entre las\u00a0<strong>m\u00e1s selecci\u00f3nadas por los clientes en ambientes como bares, tiendas, hogar, oficina, hospitales, perimetrales.<\/strong><\/p>\n<p>High quality imaging with 8 MP, 3840 \u00d7 2160 resolution<br \/>\n24\/7 color imaging<br \/>\nClear imaging against strong back light due to 130 dB true<br \/>\nWDR technology\u00a03D DNR technology delivers clean and sharp images<br \/>\n2.8 mm, 3.6 mm fixed focal lens<br \/>\nUp to 20 m white light distance for bright night imaging<br \/>\nWater and dust resistant (IP67)<\/p>\n<h4>\n<strong>Specification<\/strong><\/h4>\n<p>Image Sensor 8 MP CMOS<br \/>\nSignal System PAL\/NTSC<br \/>\nResolution 3840 (H) \u00d7 2160 (V)<br \/>\nFrame Rate TVI: 8 MP @ 12.5 fps\/15 fps, 3K @ 20 fps, 1080P @ 25 fps\/30 fps<br \/>\nMin. Illumination 0.0005 Lux@(F1.0, AGC ON), 0 Lux with white light<br \/>\nShutter Time PAL: 1\/12.5 s to 1\/50,000 s; NTSC: 1\/15 s to 1\/50,000 s<br \/>\nLens 2.8 mm, 3.6 mm fixed focal lens<br \/>\nField of View 2.8 mm, horizontal FOV: 110\u00b0, vertical FOV: 59\u00b0, diagonal FOV: 131\u00b0<br \/>\n3.6 mm, horizontal FOV: 93\u00b0, vertical FOV: 48\u00b0, diagonal FOV: 113\u00b0<br \/>\nLens Mount M16<br \/>\nLight Alarm Solid Light Alarm (White Light)<br \/>\nDay &amp; Night Color<br \/>\nWDR (Wide Dynamic Range) \u2265130 dB<br \/>\nAngle Adjustment Pan: 0\u00b0 to 360\u00b0, Tilt: 0\u00b0 to 90\u00b0, Rotation: 0\u00b0 to 360\u00b0<br \/>\nMenu<br \/>\nWhite Light Auto\/Off<br \/>\nImage Mode STD\/HIGH-SAT\/HIGHLIGHT<br \/>\nAGC Yes<br \/>\nDay\/Night Mode Color<br \/>\nWhite Balance Auto\/Manual<br \/>\nAE (Auto Exposure) Mode WDR, BLC, HLC, Global, HLS<br \/>\nPrivacy Mask 4 programmable privacy masks<br \/>\nMotion Detection 4 programmable motion areas<br \/>\nNoise Reduction 3D DNR\/2D DNR<br \/>\nLanguage English<br \/>\nFunction Brightness, Contrast, Mirror, Sharpness, Anti-Banding, Smart Light<br \/>\nInterface<br \/>\nVideo Output 1 HD analog output<br \/>\nGeneral<br \/>\nOperating Conditions -40\u00b0C to 60\u00b0C (-40\u00b0F to 140\u00b0F), Humidity: 90% or less (non-condensing)<br \/>\nPower Supply<br \/>\n12 VDC \u00b1 25%\/PoC.at<br \/>\n*You are recommended to use one power adapter for one camera, and use 2-pin<br \/>\npower supply for long-distance power supply.<br \/>\nConsumption Max. 3.6 W<br \/>\nProtection Level IP67<br \/>\nMaterial Metal<br \/>\nWhite Light Range Up to 20 m<br \/>\nCommunication HIKVISION-C<br \/>\nDimension 161.1 mm \u00d7 70 mm \u00d7 70 mm (6.34&#8243; \u00d7 2.76&#8243; \u00d7 2.76&#8243;)<br \/>\nWeight Approx. 443.5 g (0.98 lb.)<\/p>\n<\/div>\n<\/div>\n","protected":false},"excerpt":{"rendered":"<p>Camara Bala 8Megapixeles TURBOHD \/ Imagen a color 24\/7 \/ Lente 2.8 mm \/ METAL \/ Luz Blanca 20 mts \/ Exterior IP67 \/ WDR 130 dB<\/p>\n","protected":false},"featured_media":16006,"template":"","meta":{"site-sidebar-layout":"default","site-content-layout":"default","ast-site-content-layout":"","site-content-style":"default","site-sidebar-style":"default","ast-global-header-display":"","ast-banner-title-visibility":"","ast-main-header-display":"","ast-hfb-above-header-display":"","ast-hfb-below-header-display":"","ast-hfb-mobile-header-display":"","site-post-title":"","ast-breadcrumbs-content":"","ast-featured-img":"","footer-sml-layout":"","theme-transparent-header-meta":"default","adv-header-id-meta":"","stick-header-meta":"","header-above-stick-meta":"","header-main-stick-meta":"","header-below-stick-meta":"","astra-migrate-meta-layouts":""},"product_cat":[282],"product_tag":[88],"yoast_head":"<!-- This site is optimized with the Yoast SEO plugin v19.5.1 - https:\/\/yoast.com\/wordpress\/plugins\/seo\/ -->\n<title>Camara Bala 8Megapixeles TURBOHD<\/title>\n<meta name=\"description\" content=\"Camara Bala 8Megapixeles TURBOHD \/ Imagen a color 24\/7 \/ Lente 2.8 mm \/ METAL \/ Luz Blanca 20 mts \/ Exterior IP67 \/ WDR 130 dB\" \/>\n<meta name=\"robots\" content=\"index, follow, max-snippet:-1, max-image-preview:large, max-video-preview:-1\" \/>\n<link rel=\"canonical\" href=\"https:\/\/www.securitydataandvideo.com\/inicio\/shop\/camara-bala-8megapixeles-turbohd-imagen-a-color-24-7-lente-2-8-mm-metal-luz-blanca-20-mts-exterior-ip67-wdr-130-db\/\" \/>\n<meta property=\"og:locale\" content=\"es_MX\" \/>\n<meta property=\"og:type\" content=\"article\" \/>\n<meta property=\"og:title\" content=\"Camara Bala 8Megapixeles TURBOHD\" \/>\n<meta property=\"og:description\" content=\"Camara Bala 8Megapixeles TURBOHD \/ Imagen a color 24\/7 \/ Lente 2.8 mm \/ METAL \/ Luz Blanca 20 mts \/ Exterior IP67 \/ WDR 130 dB\" \/>\n<meta property=\"og:url\" content=\"https:\/\/www.securitydataandvideo.com\/inicio\/shop\/camara-bala-8megapixeles-turbohd-imagen-a-color-24-7-lente-2-8-mm-metal-luz-blanca-20-mts-exterior-ip67-wdr-130-db\/\" \/>\n<meta property=\"og:site_name\" content=\"Security Data &amp; Video SA de CV.\" \/>\n<meta property=\"article:modified_time\" content=\"2023-09-27T21:27:56+00:00\" \/>\n<meta property=\"og:image\" content=\"https:\/\/www.securitydataandvideo.com\/inicio\/wp-content\/uploads\/2022\/07\/DS-2CE10UF3T-E.png\" \/>\n\t<meta property=\"og:image:width\" content=\"308\" \/>\n\t<meta property=\"og:image:height\" content=\"221\" \/>\n\t<meta property=\"og:image:type\" content=\"image\/png\" \/>\n<meta name=\"twitter:card\" content=\"summary\" \/>\n<meta name=\"twitter:label1\" content=\"Tiempo de lectura\" \/>\n\t<meta name=\"twitter:data1\" content=\"3 minutos\" \/>\n<script type=\"application\/ld+json\" class=\"yoast-schema-graph\">{\"@context\":\"https:\/\/schema.org\",\"@graph\":[{\"@type\":\"WebPage\",\"@id\":\"https:\/\/www.securitydataandvideo.com\/inicio\/shop\/camara-bala-8megapixeles-turbohd-imagen-a-color-24-7-lente-2-8-mm-metal-luz-blanca-20-mts-exterior-ip67-wdr-130-db\/\",\"url\":\"https:\/\/www.securitydataandvideo.com\/inicio\/shop\/camara-bala-8megapixeles-turbohd-imagen-a-color-24-7-lente-2-8-mm-metal-luz-blanca-20-mts-exterior-ip67-wdr-130-db\/\",\"name\":\"Camara Bala 8Megapixeles TURBOHD\",\"isPartOf\":{\"@id\":\"https:\/\/www.securitydataandvideo.com\/inicio\/#website\"},\"datePublished\":\"2022-07-21T17:33:24+00:00\",\"dateModified\":\"2023-09-27T21:27:56+00:00\",\"description\":\"Camara Bala 8Megapixeles TURBOHD \/ Imagen a color 24\/7 \/ Lente 2.8 mm \/ METAL \/ Luz Blanca 20 mts \/ Exterior IP67 \/ WDR 130 dB\",\"breadcrumb\":{\"@id\":\"https:\/\/www.securitydataandvideo.com\/inicio\/shop\/camara-bala-8megapixeles-turbohd-imagen-a-color-24-7-lente-2-8-mm-metal-luz-blanca-20-mts-exterior-ip67-wdr-130-db\/#breadcrumb\"},\"inLanguage\":\"es-MX\",\"potentialAction\":[{\"@type\":\"ReadAction\",\"target\":[\"https:\/\/www.securitydataandvideo.com\/inicio\/shop\/camara-bala-8megapixeles-turbohd-imagen-a-color-24-7-lente-2-8-mm-metal-luz-blanca-20-mts-exterior-ip67-wdr-130-db\/\"]}]},{\"@type\":\"BreadcrumbList\",\"@id\":\"https:\/\/www.securitydataandvideo.com\/inicio\/shop\/camara-bala-8megapixeles-turbohd-imagen-a-color-24-7-lente-2-8-mm-metal-luz-blanca-20-mts-exterior-ip67-wdr-130-db\/#breadcrumb\",\"itemListElement\":[{\"@type\":\"ListItem\",\"position\":1,\"name\":\"Inicio\",\"item\":\"https:\/\/www.securitydataandvideo.com\/inicio\/\"},{\"@type\":\"ListItem\",\"position\":2,\"name\":\"Shop\",\"item\":\"https:\/\/www.securitydataandvideo.com\/inicio\/shop\/\"},{\"@type\":\"ListItem\",\"position\":3,\"name\":\"Camara Bala 8Megapixeles TURBOHD \/ Imagen a color 24\/7 \/ Lente 2.8 mm \/ METAL \/ Luz Blanca 20 mts \/ Exterior IP67 \/ WDR 130 dB\"}]},{\"@type\":\"WebSite\",\"@id\":\"https:\/\/www.securitydataandvideo.com\/inicio\/#website\",\"url\":\"https:\/\/www.securitydataandvideo.com\/inicio\/\",\"name\":\"Security Data &amp; Video SA de CV.\",\"description\":\"Seguridad Electr\u00f3nica y Energ\u00eda\",\"publisher\":{\"@id\":\"https:\/\/www.securitydataandvideo.com\/inicio\/#organization\"},\"potentialAction\":[{\"@type\":\"SearchAction\",\"target\":{\"@type\":\"EntryPoint\",\"urlTemplate\":\"https:\/\/www.securitydataandvideo.com\/inicio\/?s={search_term_string}\"},\"query-input\":\"required name=search_term_string\"}],\"inLanguage\":\"es-MX\"},{\"@type\":\"Organization\",\"@id\":\"https:\/\/www.securitydataandvideo.com\/inicio\/#organization\",\"name\":\"Security Data & Video SA de CV\",\"url\":\"https:\/\/www.securitydataandvideo.com\/inicio\/\",\"sameAs\":[],\"logo\":{\"@type\":\"ImageObject\",\"inLanguage\":\"es-MX\",\"@id\":\"https:\/\/www.securitydataandvideo.com\/inicio\/#\/schema\/logo\/image\/\",\"url\":\"https:\/\/www.securitydataandvideo.com\/inicio\/wp-content\/uploads\/2021\/10\/Logo-Azul.png\",\"contentUrl\":\"https:\/\/www.securitydataandvideo.com\/inicio\/wp-content\/uploads\/2021\/10\/Logo-Azul.png\",\"width\":555,\"height\":375,\"caption\":\"Security Data & Video SA de CV\"},\"image\":{\"@id\":\"https:\/\/www.securitydataandvideo.com\/inicio\/#\/schema\/logo\/image\/\"}}]}<\/script>\n<!-- \/ Yoast SEO plugin. -->","yoast_head_json":{"title":"Camara Bala 8Megapixeles TURBOHD","description":"Camara Bala 8Megapixeles TURBOHD \/ Imagen a color 24\/7 \/ Lente 2.8 mm \/ METAL \/ Luz Blanca 20 mts \/ Exterior IP67 \/ WDR 130 dB","robots":{"index":"index","follow":"follow","max-snippet":"max-snippet:-1","max-image-preview":"max-image-preview:large","max-video-preview":"max-video-preview:-1"},"canonical":"https:\/\/www.securitydataandvideo.com\/inicio\/shop\/camara-bala-8megapixeles-turbohd-imagen-a-color-24-7-lente-2-8-mm-metal-luz-blanca-20-mts-exterior-ip67-wdr-130-db\/","og_locale":"es_MX","og_type":"article","og_title":"Camara Bala 8Megapixeles TURBOHD","og_description":"Camara Bala 8Megapixeles TURBOHD \/ Imagen a color 24\/7 \/ Lente 2.8 mm \/ METAL \/ Luz Blanca 20 mts \/ Exterior IP67 \/ WDR 130 dB","og_url":"https:\/\/www.securitydataandvideo.com\/inicio\/shop\/camara-bala-8megapixeles-turbohd-imagen-a-color-24-7-lente-2-8-mm-metal-luz-blanca-20-mts-exterior-ip67-wdr-130-db\/","og_site_name":"Security Data &amp; Video SA de CV.","article_modified_time":"2023-09-27T21:27:56+00:00","og_image":[{"width":308,"height":221,"url":"https:\/\/www.securitydataandvideo.com\/inicio\/wp-content\/uploads\/2022\/07\/DS-2CE10UF3T-E.png","type":"image\/png"}],"twitter_card":"summary","twitter_misc":{"Tiempo de lectura":"3 minutos"},"schema":{"@context":"https:\/\/schema.org","@graph":[{"@type":"WebPage","@id":"https:\/\/www.securitydataandvideo.com\/inicio\/shop\/camara-bala-8megapixeles-turbohd-imagen-a-color-24-7-lente-2-8-mm-metal-luz-blanca-20-mts-exterior-ip67-wdr-130-db\/","url":"https:\/\/www.securitydataandvideo.com\/inicio\/shop\/camara-bala-8megapixeles-turbohd-imagen-a-color-24-7-lente-2-8-mm-metal-luz-blanca-20-mts-exterior-ip67-wdr-130-db\/","name":"Camara Bala 8Megapixeles TURBOHD","isPartOf":{"@id":"https:\/\/www.securitydataandvideo.com\/inicio\/#website"},"datePublished":"2022-07-21T17:33:24+00:00","dateModified":"2023-09-27T21:27:56+00:00","description":"Camara Bala 8Megapixeles TURBOHD \/ Imagen a color 24\/7 \/ Lente 2.8 mm \/ METAL \/ Luz Blanca 20 mts \/ Exterior IP67 \/ WDR 130 dB","breadcrumb":{"@id":"https:\/\/www.securitydataandvideo.com\/inicio\/shop\/camara-bala-8megapixeles-turbohd-imagen-a-color-24-7-lente-2-8-mm-metal-luz-blanca-20-mts-exterior-ip67-wdr-130-db\/#breadcrumb"},"inLanguage":"es-MX","potentialAction":[{"@type":"ReadAction","target":["https:\/\/www.securitydataandvideo.com\/inicio\/shop\/camara-bala-8megapixeles-turbohd-imagen-a-color-24-7-lente-2-8-mm-metal-luz-blanca-20-mts-exterior-ip67-wdr-130-db\/"]}]},{"@type":"BreadcrumbList","@id":"https:\/\/www.securitydataandvideo.com\/inicio\/shop\/camara-bala-8megapixeles-turbohd-imagen-a-color-24-7-lente-2-8-mm-metal-luz-blanca-20-mts-exterior-ip67-wdr-130-db\/#breadcrumb","itemListElement":[{"@type":"ListItem","position":1,"name":"Inicio","item":"https:\/\/www.securitydataandvideo.com\/inicio\/"},{"@type":"ListItem","position":2,"name":"Shop","item":"https:\/\/www.securitydataandvideo.com\/inicio\/shop\/"},{"@type":"ListItem","position":3,"name":"Camara Bala 8Megapixeles TURBOHD \/ Imagen a color 24\/7 \/ Lente 2.8 mm \/ METAL \/ Luz Blanca 20 mts \/ Exterior IP67 \/ WDR 130 dB"}]},{"@type":"WebSite","@id":"https:\/\/www.securitydataandvideo.com\/inicio\/#website","url":"https:\/\/www.securitydataandvideo.com\/inicio\/","name":"Security Data &amp; Video SA de CV.","description":"Seguridad Electr\u00f3nica y Energ\u00eda","publisher":{"@id":"https:\/\/www.securitydataandvideo.com\/inicio\/#organization"},"potentialAction":[{"@type":"SearchAction","target":{"@type":"EntryPoint","urlTemplate":"https:\/\/www.securitydataandvideo.com\/inicio\/?s={search_term_string}"},"query-input":"required name=search_term_string"}],"inLanguage":"es-MX"},{"@type":"Organization","@id":"https:\/\/www.securitydataandvideo.com\/inicio\/#organization","name":"Security Data & Video SA de CV","url":"https:\/\/www.securitydataandvideo.com\/inicio\/","sameAs":[],"logo":{"@type":"ImageObject","inLanguage":"es-MX","@id":"https:\/\/www.securitydataandvideo.com\/inicio\/#\/schema\/logo\/image\/","url":"https:\/\/www.securitydataandvideo.com\/inicio\/wp-content\/uploads\/2021\/10\/Logo-Azul.png","contentUrl":"https:\/\/www.securitydataandvideo.com\/inicio\/wp-content\/uploads\/2021\/10\/Logo-Azul.png","width":555,"height":375,"caption":"Security Data & Video SA de CV"},"image":{"@id":"https:\/\/www.securitydataandvideo.com\/inicio\/#\/schema\/logo\/image\/"}}]}},"_links":{"self":[{"href":"https:\/\/www.securitydataandvideo.com\/inicio\/wp-json\/wp\/v2\/product\/15975"}],"collection":[{"href":"https:\/\/www.securitydataandvideo.com\/inicio\/wp-json\/wp\/v2\/product"}],"about":[{"href":"https:\/\/www.securitydataandvideo.com\/inicio\/wp-json\/wp\/v2\/types\/product"}],"wp:featuredmedia":[{"embeddable":true,"href":"https:\/\/www.securitydataandvideo.com\/inicio\/wp-json\/wp\/v2\/media\/16006"}],"wp:attachment":[{"href":"https:\/\/www.securitydataandvideo.com\/inicio\/wp-json\/wp\/v2\/media?parent=15975"}],"wp:term":[{"taxonomy":"product_cat","embeddable":true,"href":"https:\/\/www.securitydataandvideo.com\/inicio\/wp-json\/wp\/v2\/product_cat?post=15975"},{"taxonomy":"product_tag","embeddable":true,"href":"https:\/\/www.securitydataandvideo.com\/inicio\/wp-json\/wp\/v2\/product_tag?post=15975"}],"curies":[{"name":"wp","href":"https:\/\/api.w.org\/{rel}","templated":true}]}}