{"id":15976,"date":"2022-07-21T11:33:25","date_gmt":"2022-07-21T17:33:25","guid":{"rendered":"https:\/\/www.securitydataandvideo.com\/inicio\/?post_type=product&#038;p=15976"},"modified":"2023-09-27T15:26:35","modified_gmt":"2023-09-27T21:26:35","slug":"grabador-dvr-8-megapixel-4-canales-turbohd-4-canales-ip-1-bahia-de-disco-duro-audio-por-coaxitron-4-entradas-de-alarma-1-salida-de-alarma-h-265","status":"publish","type":"product","link":"https:\/\/www.securitydataandvideo.com\/inicio\/shop\/grabador-dvr-8-megapixel-4-canales-turbohd-4-canales-ip-1-bahia-de-disco-duro-audio-por-coaxitron-4-entradas-de-alarma-1-salida-de-alarma-h-265\/","title":{"rendered":"Grabador DVR 8 Megapixel \/ 4 Canales TURBOHD + 4 Canales IP \/ 1 Bah\u00eda de Disco Duro \/ Audio por coaxitron \/ 4 Entradas de Alarma \/ 1 Salida de Alarma \/ H.265+"},"content":{"rendered":"<p>Grabador DVR 8 Megapixel \/ 4 Canales TURBOHD + 4 Canales IP \/ 1 Bah\u00eda de Disco Duro \/ Audio por coaxitron \/ 4 Entradas de Alarma \/ 1 Salida de Alarma \/ H.265+<\/p>\n<p><strong style=\"font-size: 16px;\">Caracter\u00edsticas principales de Grabador DVR 8 Megapixel:<\/strong><\/p>\n<div class=\"row\">\n<div class=\"col-sm-4\">\n<p>Permite apagar canales anal\u00f3gicos TURBOHD y poder colocar c\u00e1maras IP en todos sus canales, podemos colocar hasta 8 c\u00e1maras IP en total. Por cada canal anal\u00f3gico TURBOHD que se apague se genera una canal IP adicional.<\/p>\n<p>Grabador PENTAH\u00cdBRIDO: HD-TVI \/ HD-CVI \/ Analogico \/ IP \/ AHD.<\/p>\n<p>Software cliente multi sitio de hasta 256 canales (iVMS-4200).<\/p>\n<p>Compatible con Hik-Connect P2P\u00a0\/ DynDNS \/ No-IP.<\/p>\n<p>Funciones Avanzadas: Detecci\u00f3n por cruce de linea &amp; detecci\u00f3n de intrusi\u00f3n.<\/p>\n<p>4 Entradas y 1 salida de alarma.<\/p>\n<h3><strong>Compresi\u00f3n y resoluci\u00f3n:<\/strong><\/h3>\n<p>Compresi\u00f3n: H.265+ \/ H.265 \/ H.264+ \/ H.264.<\/p>\n<p>Soporta 4 canales TURBOHD \/ analogicos + 4 canal IP = 8 canales en total.<\/p>\n<p><strong>Soporta 5 Tecnolog\u00edas:<\/strong><\/p>\n<p><strong>TVI: 8MP @ 8IPS \/ 5MP @ 10IPS \/ 4MP @ 12IPS \/ 1080P &#8211; 720P @30IPS<\/strong><\/p>\n<p><strong>AHD:\u00a0<\/strong><strong>5MP @ 10IPS \/ 4MP @ 12IPS \/ 1080P &#8211; 720P @30IPS<\/strong><\/p>\n<p><strong>CVI:\u00a0<\/strong><strong>4MP @ 12IPS \/ 1080P &#8211; 720P @30IPS<\/strong><\/p>\n<p><strong>CVBS: 30IPS<\/strong><\/p>\n<p><strong>IP hasta 8 Megapixel<\/strong><\/p>\n<p><strong>Nota: La visualizaci\u00f3n en todos los canales sera de 8MP Reales, pero la graciaci\u00f3n solamente en el canal 1 (puerto BNC) ser\u00e1 en 8MP Reales, para los canales 2, 3 y 4 la grabaci\u00f3n ser\u00e1 en 8MP Lite<\/strong><strong>.<\/strong><\/p>\n<\/div>\n<div class=\"col-sm-4\">\n<div><strong>Caracter\u00edsticas F\u00edsicas y El\u00e9ctricas:<\/strong>Alimentaci\u00f3n: 12 Vcd (fuente incluida 4 pines)<\/p>\n<p>Consumo sin HDD: 10 watts.<\/p>\n<p>Temperatura de operacion: -10 \u00baC hasta 55 \u00baC<\/p>\n<p>Dimensiones: 380 \u00d7 320 \u00d7 48 mm (W \u00d7 D \u00d7 H)<\/p>\n<p>Peso: 1.16 Kg sin HDD.<\/p>\n<p>No incluye disco duro<\/p>\n<p>Garant\u00eda: 4 A\u00f1os.<\/p>\n<p><img class=\"fr-fic fr-dii\" src=\"https:\/\/ftp3.syscom.mx\/usuarios\/fotos\/DS7208HQHIK1\/97560-pentahi.jpg\" \/><\/p>\n<p>El DVR soporta 4 canales de video con activacion de deteccion de cuerpo humano o deteccion de vehiculos, esto nos permite ser mas precisos al momento de tener alguna grabacion de poder descargar cualquier otro tipo de movimientos.<\/p>\n<p>Es necesario contemplar cual de los anal\u00edticos se utilizaran ya que no es posible utilizar ambos al mismo tiempo.<\/p>\n<\/div>\n<\/div>\n<div class=\"col-sm-4\">\n<h3><strong>Funciones de Grabaci\u00f3n y visualizaci\u00f3n:<\/strong><\/h3>\n<div><\/div>\n<div>\n<p>Detecci\u00f3n de movimiento multi zona.<\/p>\n<p>Zoom digital en visualizaci\u00f3n y grabaci\u00f3n.<\/p>\n<p>Soporta m\u00faltiples tipos de grabaci\u00f3n, incluyendo tiempo real, grabaci\u00f3n manual.<\/p>\n<p>B\u00fasqueda inteligente de grabaciones por detecci\u00f3n de movimiento.<\/p>\n<p>Se proporciona SDK y c\u00f3digos de demostraci\u00f3n para disminuir el tiempo de desarrollo de aplicaciones.<\/p>\n<p>Grabaci\u00f3n con Sobre-escritura autom\u00e1tica.<\/p>\n<p><strong>Interfaces Entradas \/ Salidas:<\/strong><\/p>\n<p>Salida de v\u00eddeo<\/p>\n<p>HDMI: 2K (2560\u00d71440) \/ 1920\u00d71080 \/ 1280\u00d71024 \/ 1280\u00d7720 \/ 1024\u00d7768.<\/p>\n<p>VGA: 1920\u00d71080, 1280\u00d71024, 1280\u00d7720, 1024\u00d7768.<\/p>\n<p>Salida de v\u00eddeo en BNC: 1 Canal (BNC, 1.0Vp-p, 75\u03a9), resoluci\u00f3n m\u00e1xima: 704 x 480.<\/p>\n<p>HDMI y VGA: salida simultanea.<\/p>\n<p>4 Entradas de alarma \/ 1 Salida de alarma.<\/p>\n<p>Entrada audio: 4 (RCA, 2.0 Vp-p, 1K\u03a9).<\/p>\n<p>Salida audio: 1 (RCA, 2.0 Vp-p, 1K\u03a9).<\/p>\n<p>serial: RS-485 (HIKVISION C, COAXITRON, PELCO D, PELCO P, etc).<\/p>\n<p>USB: 2 puertos (2.0).<\/p>\n<p>Interfaz red: 1 puertos (RJ-45 10\/100 Mbps).<\/p>\n<p>Capacidad HDD: 1 @ 10 TB.<\/p>\n<p><strong>Soporta audio en todos sus canales por coaxitron utilizando camaras con audio integrado (<a href=\"https:\/\/www.syscom.mx\/principal\/promociones\/camaras_con_audio_por_coaxitron_2_mp_y_5_mp-5478.html?ordenar=Relevancia&amp;pag=1\" target=\"_blank\" rel=\"noopener\">ver modelos compatibles<\/a>).\u00a0<\/strong><\/p>\n<p>Para utilizar audio de 2 v\u00edas se recomienda colocar un micr\u00f3fono en la entrada de audio, no se recomienda para audio de 2 v\u00edas una c\u00e1mara con audio por coaxitron.<\/p>\n<p><strong>con AcuSense pueden llegar a filtrar hasta el 95% de falsas alarmas, la eficacia del filtrado depende de la distancia &#8211; \u00e1ngulo de visi\u00f3n del objetivo y la c\u00e1mara. Algunas mascotas, insectos pueden generar alertamientos basados en lo anterior.<\/strong><\/p>\n<\/div>\n<\/div>\n<\/div>\n","protected":false},"excerpt":{"rendered":"<p>Grabador DVR 8 Megapixel \/ 4 Canales TURBOHD + 4 Canales IP \/ 1 Bah\u00eda de Disco Duro \/ Audio por coaxitron \/ 4 Entradas de Alarma \/ 1 Salida de Alarma \/ H.265+<\/p>\n","protected":false},"featured_media":16007,"template":"","meta":{"site-sidebar-layout":"default","site-content-layout":"default","ast-site-content-layout":"","site-content-style":"default","site-sidebar-style":"default","ast-global-header-display":"","ast-banner-title-visibility":"","ast-main-header-display":"","ast-hfb-above-header-display":"","ast-hfb-below-header-display":"","ast-hfb-mobile-header-display":"","site-post-title":"","ast-breadcrumbs-content":"","ast-featured-img":"","footer-sml-layout":"","theme-transparent-header-meta":"default","adv-header-id-meta":"","stick-header-meta":"","header-above-stick-meta":"","header-main-stick-meta":"","header-below-stick-meta":"","astra-migrate-meta-layouts":""},"product_cat":[282],"product_tag":[87],"yoast_head":"<!-- This site is optimized with the Yoast SEO plugin v19.5.1 - https:\/\/yoast.com\/wordpress\/plugins\/seo\/ -->\n<title>Grabador DVR 8 Megapixel<\/title>\n<meta name=\"description\" content=\"Grabador DVR 8 Megapixel \/ 4 Canales TURBOHD + 4 Canales IP \/ 1 Bah\u00eda de Disco Duro \/ Audio por coaxitron \/ 4 Entradas de Alarma\" \/>\n<meta name=\"robots\" content=\"index, follow, max-snippet:-1, max-image-preview:large, max-video-preview:-1\" \/>\n<link rel=\"canonical\" href=\"https:\/\/www.securitydataandvideo.com\/inicio\/shop\/grabador-dvr-8-megapixel-4-canales-turbohd-4-canales-ip-1-bahia-de-disco-duro-audio-por-coaxitron-4-entradas-de-alarma-1-salida-de-alarma-h-265\/\" \/>\n<meta property=\"og:locale\" content=\"es_MX\" \/>\n<meta property=\"og:type\" content=\"article\" \/>\n<meta property=\"og:title\" content=\"Grabador DVR 8 Megapixel\" \/>\n<meta property=\"og:description\" content=\"Grabador DVR 8 Megapixel \/ 4 Canales TURBOHD + 4 Canales IP \/ 1 Bah\u00eda de Disco Duro \/ Audio por coaxitron \/ 4 Entradas de Alarma\" \/>\n<meta property=\"og:url\" content=\"https:\/\/www.securitydataandvideo.com\/inicio\/shop\/grabador-dvr-8-megapixel-4-canales-turbohd-4-canales-ip-1-bahia-de-disco-duro-audio-por-coaxitron-4-entradas-de-alarma-1-salida-de-alarma-h-265\/\" \/>\n<meta property=\"og:site_name\" content=\"Security Data &amp; Video SA de CV.\" \/>\n<meta property=\"article:modified_time\" content=\"2023-09-27T21:26:35+00:00\" \/>\n<meta property=\"og:image\" content=\"https:\/\/www.securitydataandvideo.com\/inicio\/wp-content\/uploads\/2022\/07\/EV-8004TURBO-D.png\" \/>\n\t<meta property=\"og:image:width\" content=\"322\" \/>\n\t<meta property=\"og:image:height\" content=\"152\" \/>\n\t<meta property=\"og:image:type\" content=\"image\/png\" \/>\n<meta name=\"twitter:card\" content=\"summary\" \/>\n<meta name=\"twitter:label1\" content=\"Tiempo de lectura\" \/>\n\t<meta name=\"twitter:data1\" content=\"3 minutos\" \/>\n<script type=\"application\/ld+json\" class=\"yoast-schema-graph\">{\"@context\":\"https:\/\/schema.org\",\"@graph\":[{\"@type\":\"WebPage\",\"@id\":\"https:\/\/www.securitydataandvideo.com\/inicio\/shop\/grabador-dvr-8-megapixel-4-canales-turbohd-4-canales-ip-1-bahia-de-disco-duro-audio-por-coaxitron-4-entradas-de-alarma-1-salida-de-alarma-h-265\/\",\"url\":\"https:\/\/www.securitydataandvideo.com\/inicio\/shop\/grabador-dvr-8-megapixel-4-canales-turbohd-4-canales-ip-1-bahia-de-disco-duro-audio-por-coaxitron-4-entradas-de-alarma-1-salida-de-alarma-h-265\/\",\"name\":\"Grabador DVR 8 Megapixel\",\"isPartOf\":{\"@id\":\"https:\/\/www.securitydataandvideo.com\/inicio\/#website\"},\"datePublished\":\"2022-07-21T17:33:25+00:00\",\"dateModified\":\"2023-09-27T21:26:35+00:00\",\"description\":\"Grabador DVR 8 Megapixel \/ 4 Canales TURBOHD + 4 Canales IP \/ 1 Bah\u00eda de Disco Duro \/ Audio por coaxitron \/ 4 Entradas de Alarma\",\"breadcrumb\":{\"@id\":\"https:\/\/www.securitydataandvideo.com\/inicio\/shop\/grabador-dvr-8-megapixel-4-canales-turbohd-4-canales-ip-1-bahia-de-disco-duro-audio-por-coaxitron-4-entradas-de-alarma-1-salida-de-alarma-h-265\/#breadcrumb\"},\"inLanguage\":\"es-MX\",\"potentialAction\":[{\"@type\":\"ReadAction\",\"target\":[\"https:\/\/www.securitydataandvideo.com\/inicio\/shop\/grabador-dvr-8-megapixel-4-canales-turbohd-4-canales-ip-1-bahia-de-disco-duro-audio-por-coaxitron-4-entradas-de-alarma-1-salida-de-alarma-h-265\/\"]}]},{\"@type\":\"BreadcrumbList\",\"@id\":\"https:\/\/www.securitydataandvideo.com\/inicio\/shop\/grabador-dvr-8-megapixel-4-canales-turbohd-4-canales-ip-1-bahia-de-disco-duro-audio-por-coaxitron-4-entradas-de-alarma-1-salida-de-alarma-h-265\/#breadcrumb\",\"itemListElement\":[{\"@type\":\"ListItem\",\"position\":1,\"name\":\"Inicio\",\"item\":\"https:\/\/www.securitydataandvideo.com\/inicio\/\"},{\"@type\":\"ListItem\",\"position\":2,\"name\":\"Shop\",\"item\":\"https:\/\/www.securitydataandvideo.com\/inicio\/shop\/\"},{\"@type\":\"ListItem\",\"position\":3,\"name\":\"Grabador DVR 8 Megapixel \/ 4 Canales TURBOHD + 4 Canales IP \/ 1 Bah\u00eda de Disco Duro \/ Audio por coaxitron \/ 4 Entradas de Alarma \/ 1 Salida de Alarma \/ H.265+\"}]},{\"@type\":\"WebSite\",\"@id\":\"https:\/\/www.securitydataandvideo.com\/inicio\/#website\",\"url\":\"https:\/\/www.securitydataandvideo.com\/inicio\/\",\"name\":\"Security Data &amp; Video SA de CV.\",\"description\":\"Seguridad Electr\u00f3nica y Energ\u00eda\",\"publisher\":{\"@id\":\"https:\/\/www.securitydataandvideo.com\/inicio\/#organization\"},\"potentialAction\":[{\"@type\":\"SearchAction\",\"target\":{\"@type\":\"EntryPoint\",\"urlTemplate\":\"https:\/\/www.securitydataandvideo.com\/inicio\/?s={search_term_string}\"},\"query-input\":\"required name=search_term_string\"}],\"inLanguage\":\"es-MX\"},{\"@type\":\"Organization\",\"@id\":\"https:\/\/www.securitydataandvideo.com\/inicio\/#organization\",\"name\":\"Security Data & Video SA de CV\",\"url\":\"https:\/\/www.securitydataandvideo.com\/inicio\/\",\"sameAs\":[],\"logo\":{\"@type\":\"ImageObject\",\"inLanguage\":\"es-MX\",\"@id\":\"https:\/\/www.securitydataandvideo.com\/inicio\/#\/schema\/logo\/image\/\",\"url\":\"https:\/\/www.securitydataandvideo.com\/inicio\/wp-content\/uploads\/2021\/10\/Logo-Azul.png\",\"contentUrl\":\"https:\/\/www.securitydataandvideo.com\/inicio\/wp-content\/uploads\/2021\/10\/Logo-Azul.png\",\"width\":555,\"height\":375,\"caption\":\"Security Data & Video SA de CV\"},\"image\":{\"@id\":\"https:\/\/www.securitydataandvideo.com\/inicio\/#\/schema\/logo\/image\/\"}}]}<\/script>\n<!-- \/ Yoast SEO plugin. -->","yoast_head_json":{"title":"Grabador DVR 8 Megapixel","description":"Grabador DVR 8 Megapixel \/ 4 Canales TURBOHD + 4 Canales IP \/ 1 Bah\u00eda de Disco Duro \/ Audio por coaxitron \/ 4 Entradas de Alarma","robots":{"index":"index","follow":"follow","max-snippet":"max-snippet:-1","max-image-preview":"max-image-preview:large","max-video-preview":"max-video-preview:-1"},"canonical":"https:\/\/www.securitydataandvideo.com\/inicio\/shop\/grabador-dvr-8-megapixel-4-canales-turbohd-4-canales-ip-1-bahia-de-disco-duro-audio-por-coaxitron-4-entradas-de-alarma-1-salida-de-alarma-h-265\/","og_locale":"es_MX","og_type":"article","og_title":"Grabador DVR 8 Megapixel","og_description":"Grabador DVR 8 Megapixel \/ 4 Canales TURBOHD + 4 Canales IP \/ 1 Bah\u00eda de Disco Duro \/ Audio por coaxitron \/ 4 Entradas de Alarma","og_url":"https:\/\/www.securitydataandvideo.com\/inicio\/shop\/grabador-dvr-8-megapixel-4-canales-turbohd-4-canales-ip-1-bahia-de-disco-duro-audio-por-coaxitron-4-entradas-de-alarma-1-salida-de-alarma-h-265\/","og_site_name":"Security Data &amp; Video SA de CV.","article_modified_time":"2023-09-27T21:26:35+00:00","og_image":[{"width":322,"height":152,"url":"https:\/\/www.securitydataandvideo.com\/inicio\/wp-content\/uploads\/2022\/07\/EV-8004TURBO-D.png","type":"image\/png"}],"twitter_card":"summary","twitter_misc":{"Tiempo de lectura":"3 minutos"},"schema":{"@context":"https:\/\/schema.org","@graph":[{"@type":"WebPage","@id":"https:\/\/www.securitydataandvideo.com\/inicio\/shop\/grabador-dvr-8-megapixel-4-canales-turbohd-4-canales-ip-1-bahia-de-disco-duro-audio-por-coaxitron-4-entradas-de-alarma-1-salida-de-alarma-h-265\/","url":"https:\/\/www.securitydataandvideo.com\/inicio\/shop\/grabador-dvr-8-megapixel-4-canales-turbohd-4-canales-ip-1-bahia-de-disco-duro-audio-por-coaxitron-4-entradas-de-alarma-1-salida-de-alarma-h-265\/","name":"Grabador DVR 8 Megapixel","isPartOf":{"@id":"https:\/\/www.securitydataandvideo.com\/inicio\/#website"},"datePublished":"2022-07-21T17:33:25+00:00","dateModified":"2023-09-27T21:26:35+00:00","description":"Grabador DVR 8 Megapixel \/ 4 Canales TURBOHD + 4 Canales IP \/ 1 Bah\u00eda de Disco Duro \/ Audio por coaxitron \/ 4 Entradas de Alarma","breadcrumb":{"@id":"https:\/\/www.securitydataandvideo.com\/inicio\/shop\/grabador-dvr-8-megapixel-4-canales-turbohd-4-canales-ip-1-bahia-de-disco-duro-audio-por-coaxitron-4-entradas-de-alarma-1-salida-de-alarma-h-265\/#breadcrumb"},"inLanguage":"es-MX","potentialAction":[{"@type":"ReadAction","target":["https:\/\/www.securitydataandvideo.com\/inicio\/shop\/grabador-dvr-8-megapixel-4-canales-turbohd-4-canales-ip-1-bahia-de-disco-duro-audio-por-coaxitron-4-entradas-de-alarma-1-salida-de-alarma-h-265\/"]}]},{"@type":"BreadcrumbList","@id":"https:\/\/www.securitydataandvideo.com\/inicio\/shop\/grabador-dvr-8-megapixel-4-canales-turbohd-4-canales-ip-1-bahia-de-disco-duro-audio-por-coaxitron-4-entradas-de-alarma-1-salida-de-alarma-h-265\/#breadcrumb","itemListElement":[{"@type":"ListItem","position":1,"name":"Inicio","item":"https:\/\/www.securitydataandvideo.com\/inicio\/"},{"@type":"ListItem","position":2,"name":"Shop","item":"https:\/\/www.securitydataandvideo.com\/inicio\/shop\/"},{"@type":"ListItem","position":3,"name":"Grabador DVR 8 Megapixel \/ 4 Canales TURBOHD + 4 Canales IP \/ 1 Bah\u00eda de Disco Duro \/ Audio por coaxitron \/ 4 Entradas de Alarma \/ 1 Salida de Alarma \/ H.265+"}]},{"@type":"WebSite","@id":"https:\/\/www.securitydataandvideo.com\/inicio\/#website","url":"https:\/\/www.securitydataandvideo.com\/inicio\/","name":"Security Data &amp; Video SA de CV.","description":"Seguridad Electr\u00f3nica y Energ\u00eda","publisher":{"@id":"https:\/\/www.securitydataandvideo.com\/inicio\/#organization"},"potentialAction":[{"@type":"SearchAction","target":{"@type":"EntryPoint","urlTemplate":"https:\/\/www.securitydataandvideo.com\/inicio\/?s={search_term_string}"},"query-input":"required name=search_term_string"}],"inLanguage":"es-MX"},{"@type":"Organization","@id":"https:\/\/www.securitydataandvideo.com\/inicio\/#organization","name":"Security Data & Video SA de CV","url":"https:\/\/www.securitydataandvideo.com\/inicio\/","sameAs":[],"logo":{"@type":"ImageObject","inLanguage":"es-MX","@id":"https:\/\/www.securitydataandvideo.com\/inicio\/#\/schema\/logo\/image\/","url":"https:\/\/www.securitydataandvideo.com\/inicio\/wp-content\/uploads\/2021\/10\/Logo-Azul.png","contentUrl":"https:\/\/www.securitydataandvideo.com\/inicio\/wp-content\/uploads\/2021\/10\/Logo-Azul.png","width":555,"height":375,"caption":"Security Data & Video SA de CV"},"image":{"@id":"https:\/\/www.securitydataandvideo.com\/inicio\/#\/schema\/logo\/image\/"}}]}},"_links":{"self":[{"href":"https:\/\/www.securitydataandvideo.com\/inicio\/wp-json\/wp\/v2\/product\/15976"}],"collection":[{"href":"https:\/\/www.securitydataandvideo.com\/inicio\/wp-json\/wp\/v2\/product"}],"about":[{"href":"https:\/\/www.securitydataandvideo.com\/inicio\/wp-json\/wp\/v2\/types\/product"}],"wp:featuredmedia":[{"embeddable":true,"href":"https:\/\/www.securitydataandvideo.com\/inicio\/wp-json\/wp\/v2\/media\/16007"}],"wp:attachment":[{"href":"https:\/\/www.securitydataandvideo.com\/inicio\/wp-json\/wp\/v2\/media?parent=15976"}],"wp:term":[{"taxonomy":"product_cat","embeddable":true,"href":"https:\/\/www.securitydataandvideo.com\/inicio\/wp-json\/wp\/v2\/product_cat?post=15976"},{"taxonomy":"product_tag","embeddable":true,"href":"https:\/\/www.securitydataandvideo.com\/inicio\/wp-json\/wp\/v2\/product_tag?post=15976"}],"curies":[{"name":"wp","href":"https:\/\/api.w.org\/{rel}","templated":true}]}}