{"id":16029,"date":"2022-07-21T11:39:06","date_gmt":"2022-07-21T17:39:06","guid":{"rendered":"https:\/\/www.securitydataandvideo.com\/inicio\/?post_type=product&#038;p=16029"},"modified":"2023-10-02T23:11:01","modified_gmt":"2023-10-03T05:11:01","slug":"ptz-n2404i-de3-camara-hikvision-mini-ptz-ip-4-megapixel-4x-zoom-h-265-20-mts-ir-exir-wdr-poe-ik10-ip66-ultra-baja-iluminacion","status":"publish","type":"product","link":"https:\/\/www.securitydataandvideo.com\/inicio\/shop\/ptz-n2404i-de3-camara-hikvision-mini-ptz-ip-4-megapixel-4x-zoom-h-265-20-mts-ir-exir-wdr-poe-ik10-ip66-ultra-baja-iluminacion\/","title":{"rendered":"PTZ-N2404I-DE3 Camara Hikvision Mini PTZ IP 4 Megapixel \/ 4X Zoom \/ H.265+ \/ 20 mts IR EXIR \/ WDR \/ PoE \/ IK10 \/ IP66 \/ Ultra Baja Iluminaci\u00f3n"},"content":{"rendered":"<div class=\"col-sm-8 col-md-8 well-sm\">\n<p id=\"product_title_162027\" class=\"no_margin_top titulo_vista_producto\">PTZ-N2404I-DE3 Camara Hikvision Mini PTZ IP 4 Megapixel \/ 4X Zoom \/ H.265+ \/ 20 mts IR EXIR \/ WDR \/ PoE \/ IK10 \/ IP66 \/ Ultra Baja Iluminaci\u00f3n<\/p>\n<h6><strong style=\"font-size: 16px;\">Caracter\u00edsticas principales:<\/strong><\/h6>\n<\/div>\n<div class=\"hidden-xs col-sm-4 col-md-4\">\n<p>Resoluci\u00f3n m\u00e1xima: 2560\u00a0x 1440\u00a0( 4\u00a0Megapixel).<\/p>\n<p>Iluminaci\u00f3n m\u00ednima: color 0.005 Lux @ (F1.6, AGC ON).<\/p>\n<p>Iluminaci\u00f3n m\u00ednima: B\/N\u00a00.001\u00a0Lux @ (F1.6, AGC ON).<\/p>\n<p>D\u00eda \/ Noche Real\u00a0(filtro ICR).<\/p>\n<p>Distancia focal: 2.8\u00a0a 12\u00a0mm (4X zoom \u00f3ptico \/ 16X zoom digital).<\/p>\n<p>Distancia de infrarrojo: 20\u00a0mts\u00a0Smart IR EXIR.<\/p>\n<p>Funciones normales<strong>:<\/strong>\u00a0HLC\u00a0\/ ROI \/ WDR real 120dB\u00a0\/\u00a0HLC \/ EIS \/ 3D-DNR.<\/p>\n<p>Funciones especiales: Intrusi\u00f3n de \u00e1rea \/\u00a0Cruce de linea \/ Objeto olvidado \/ Objeto removido.<\/p>\n<p>Compresion: H.265+ \/ H.265 \/ H.264+ \/ H.264.<\/p>\n<p>Compatible con la plataforma de Hik-Connect (P2P).<\/p>\n<p>&nbsp;<\/p>\n<h6><strong>Caracter\u00edsticas F\u00edsicas y El\u00e9ctricas:<\/strong><\/h6>\n<p>Alimentaci\u00f3n: 12\u00a0Vcd\u00a0\/ 12\u00a0W \/ PoE\u00a0(802.3 af\u00a0)<\/p>\n<p>Temperatura de operaci\u00f3n: -20\u00b0C a 65\u00b0C \/\u00a0Humedad al 90% m\u00e1ximo.<\/p>\n<p>Uso en Exterior \/ IP66.<\/p>\n<p>Antivandalismo IK10.<\/p>\n<p>Protecci\u00f3n contra sobretensiones y protecci\u00f3n contra voltajes transitorios.<\/p>\n<p>Dimensiones: 130.7\u00a0x 101.7\u00a0mm<\/p>\n<p>Peso: 530\u00a0grs.<\/p>\n<p><strong>Garant\u00eda: 1\u00a0a\u00f1o.<\/strong><\/p>\n<div class=\"mceTemp\"><\/div>\n<p>PTZ-N2404I-DE3 Camara Hikvision Mini PTZ IP 4 Megapixel<\/p>\n<\/div>\n","protected":false},"excerpt":{"rendered":"<div class=\"col-sm-8 col-md-8 well-sm\">\n<p id=\"product_title_162027\" class=\"no_margin_top titulo_vista_producto\">PTZ-N2404I-DE3 Camara Hikvision Mini PTZ IP 4 Megapixel \/ 4X Zoom \/ H.265+ \/ 20 mts IR EXIR \/ WDR \/ PoE \/ IK10 \/ IP66 \/ Ultra Baja Iluminaci\u00f3n<\/p>\n<\/div>\n","protected":false},"featured_media":16059,"template":"","meta":{"site-sidebar-layout":"default","site-content-layout":"default","ast-site-content-layout":"","site-content-style":"default","site-sidebar-style":"default","ast-global-header-display":"","ast-banner-title-visibility":"","ast-main-header-display":"","ast-hfb-above-header-display":"","ast-hfb-below-header-display":"","ast-hfb-mobile-header-display":"","site-post-title":"","ast-breadcrumbs-content":"","ast-featured-img":"","footer-sml-layout":"","theme-transparent-header-meta":"default","adv-header-id-meta":"","stick-header-meta":"","header-above-stick-meta":"","header-main-stick-meta":"","header-below-stick-meta":"","astra-migrate-meta-layouts":""},"product_cat":[306],"product_tag":[88],"yoast_head":"<!-- This site is optimized with the Yoast SEO plugin v19.5.1 - https:\/\/yoast.com\/wordpress\/plugins\/seo\/ -->\n<title>PTZ-N2404I-DE3 Camara Hikvision Mini PTZ IP 4 Megapixel<\/title>\n<meta name=\"description\" content=\"Security Data &amp; Video SA de CV. PTZ-N2404I-DE3 Camara Hikvision Mini PTZ IP 4 Megapixel \/ 4X Zoom \/ H.265+ \/ 20 mts IR EXIR \/ WDR \/ PoE \/ IK10\" \/>\n<meta name=\"robots\" content=\"index, follow, max-snippet:-1, max-image-preview:large, max-video-preview:-1\" \/>\n<link rel=\"canonical\" href=\"https:\/\/www.securitydataandvideo.com\/inicio\/shop\/ptz-n2404i-de3-camara-hikvision-mini-ptz-ip-4-megapixel-4x-zoom-h-265-20-mts-ir-exir-wdr-poe-ik10-ip66-ultra-baja-iluminacion\/\" \/>\n<meta property=\"og:locale\" content=\"es_MX\" \/>\n<meta property=\"og:type\" content=\"article\" \/>\n<meta property=\"og:title\" content=\"PTZ-N2404I-DE3 Camara Hikvision Mini PTZ IP 4 Megapixel\" \/>\n<meta property=\"og:description\" content=\"Security Data &amp; Video SA de CV. PTZ-N2404I-DE3 Camara Hikvision Mini PTZ IP 4 Megapixel \/ 4X Zoom \/ H.265+ \/ 20 mts IR EXIR \/ WDR \/ PoE \/ IK10\" \/>\n<meta property=\"og:url\" content=\"https:\/\/www.securitydataandvideo.com\/inicio\/shop\/ptz-n2404i-de3-camara-hikvision-mini-ptz-ip-4-megapixel-4x-zoom-h-265-20-mts-ir-exir-wdr-poe-ik10-ip66-ultra-baja-iluminacion\/\" \/>\n<meta property=\"og:site_name\" content=\"Security Data &amp; Video SA de CV.\" \/>\n<meta property=\"article:modified_time\" content=\"2023-10-03T05:11:01+00:00\" \/>\n<meta property=\"og:image\" content=\"https:\/\/www.securitydataandvideo.com\/inicio\/wp-content\/uploads\/2022\/07\/PTZ-N2404I-DE3.png\" \/>\n\t<meta property=\"og:image:width\" content=\"182\" \/>\n\t<meta property=\"og:image:height\" content=\"162\" \/>\n\t<meta property=\"og:image:type\" content=\"image\/png\" \/>\n<meta name=\"twitter:card\" content=\"summary\" \/>\n<meta name=\"twitter:label1\" content=\"Tiempo de lectura\" \/>\n\t<meta name=\"twitter:data1\" content=\"1 minuto\" \/>\n<script type=\"application\/ld+json\" class=\"yoast-schema-graph\">{\"@context\":\"https:\/\/schema.org\",\"@graph\":[{\"@type\":\"WebPage\",\"@id\":\"https:\/\/www.securitydataandvideo.com\/inicio\/shop\/ptz-n2404i-de3-camara-hikvision-mini-ptz-ip-4-megapixel-4x-zoom-h-265-20-mts-ir-exir-wdr-poe-ik10-ip66-ultra-baja-iluminacion\/\",\"url\":\"https:\/\/www.securitydataandvideo.com\/inicio\/shop\/ptz-n2404i-de3-camara-hikvision-mini-ptz-ip-4-megapixel-4x-zoom-h-265-20-mts-ir-exir-wdr-poe-ik10-ip66-ultra-baja-iluminacion\/\",\"name\":\"PTZ-N2404I-DE3 Camara Hikvision Mini PTZ IP 4 Megapixel\",\"isPartOf\":{\"@id\":\"https:\/\/www.securitydataandvideo.com\/inicio\/#website\"},\"datePublished\":\"2022-07-21T17:39:06+00:00\",\"dateModified\":\"2023-10-03T05:11:01+00:00\",\"description\":\"Security Data &amp; Video SA de CV. PTZ-N2404I-DE3 Camara Hikvision Mini PTZ IP 4 Megapixel \/ 4X Zoom \/ H.265+ \/ 20 mts IR EXIR \/ WDR \/ PoE \/ IK10\",\"breadcrumb\":{\"@id\":\"https:\/\/www.securitydataandvideo.com\/inicio\/shop\/ptz-n2404i-de3-camara-hikvision-mini-ptz-ip-4-megapixel-4x-zoom-h-265-20-mts-ir-exir-wdr-poe-ik10-ip66-ultra-baja-iluminacion\/#breadcrumb\"},\"inLanguage\":\"es-MX\",\"potentialAction\":[{\"@type\":\"ReadAction\",\"target\":[\"https:\/\/www.securitydataandvideo.com\/inicio\/shop\/ptz-n2404i-de3-camara-hikvision-mini-ptz-ip-4-megapixel-4x-zoom-h-265-20-mts-ir-exir-wdr-poe-ik10-ip66-ultra-baja-iluminacion\/\"]}]},{\"@type\":\"BreadcrumbList\",\"@id\":\"https:\/\/www.securitydataandvideo.com\/inicio\/shop\/ptz-n2404i-de3-camara-hikvision-mini-ptz-ip-4-megapixel-4x-zoom-h-265-20-mts-ir-exir-wdr-poe-ik10-ip66-ultra-baja-iluminacion\/#breadcrumb\",\"itemListElement\":[{\"@type\":\"ListItem\",\"position\":1,\"name\":\"Inicio\",\"item\":\"https:\/\/www.securitydataandvideo.com\/inicio\/\"},{\"@type\":\"ListItem\",\"position\":2,\"name\":\"Shop\",\"item\":\"https:\/\/www.securitydataandvideo.com\/inicio\/shop\/\"},{\"@type\":\"ListItem\",\"position\":3,\"name\":\"PTZ-N2404I-DE3 Camara Hikvision Mini PTZ IP 4 Megapixel \/ 4X Zoom \/ H.265+ \/ 20 mts IR EXIR \/ WDR \/ PoE \/ IK10 \/ IP66 \/ Ultra Baja Iluminaci\u00f3n\"}]},{\"@type\":\"WebSite\",\"@id\":\"https:\/\/www.securitydataandvideo.com\/inicio\/#website\",\"url\":\"https:\/\/www.securitydataandvideo.com\/inicio\/\",\"name\":\"Security Data &amp; Video SA de CV.\",\"description\":\"Seguridad Electr\u00f3nica y Energ\u00eda\",\"publisher\":{\"@id\":\"https:\/\/www.securitydataandvideo.com\/inicio\/#organization\"},\"potentialAction\":[{\"@type\":\"SearchAction\",\"target\":{\"@type\":\"EntryPoint\",\"urlTemplate\":\"https:\/\/www.securitydataandvideo.com\/inicio\/?s={search_term_string}\"},\"query-input\":\"required name=search_term_string\"}],\"inLanguage\":\"es-MX\"},{\"@type\":\"Organization\",\"@id\":\"https:\/\/www.securitydataandvideo.com\/inicio\/#organization\",\"name\":\"Security Data & Video SA de CV\",\"url\":\"https:\/\/www.securitydataandvideo.com\/inicio\/\",\"sameAs\":[],\"logo\":{\"@type\":\"ImageObject\",\"inLanguage\":\"es-MX\",\"@id\":\"https:\/\/www.securitydataandvideo.com\/inicio\/#\/schema\/logo\/image\/\",\"url\":\"https:\/\/www.securitydataandvideo.com\/inicio\/wp-content\/uploads\/2021\/10\/Logo-Azul.png\",\"contentUrl\":\"https:\/\/www.securitydataandvideo.com\/inicio\/wp-content\/uploads\/2021\/10\/Logo-Azul.png\",\"width\":555,\"height\":375,\"caption\":\"Security Data & Video SA de CV\"},\"image\":{\"@id\":\"https:\/\/www.securitydataandvideo.com\/inicio\/#\/schema\/logo\/image\/\"}}]}<\/script>\n<!-- \/ Yoast SEO plugin. -->","yoast_head_json":{"title":"PTZ-N2404I-DE3 Camara Hikvision Mini PTZ IP 4 Megapixel","description":"Security Data &amp; Video SA de CV. PTZ-N2404I-DE3 Camara Hikvision Mini PTZ IP 4 Megapixel \/ 4X Zoom \/ H.265+ \/ 20 mts IR EXIR \/ WDR \/ PoE \/ IK10","robots":{"index":"index","follow":"follow","max-snippet":"max-snippet:-1","max-image-preview":"max-image-preview:large","max-video-preview":"max-video-preview:-1"},"canonical":"https:\/\/www.securitydataandvideo.com\/inicio\/shop\/ptz-n2404i-de3-camara-hikvision-mini-ptz-ip-4-megapixel-4x-zoom-h-265-20-mts-ir-exir-wdr-poe-ik10-ip66-ultra-baja-iluminacion\/","og_locale":"es_MX","og_type":"article","og_title":"PTZ-N2404I-DE3 Camara Hikvision Mini PTZ IP 4 Megapixel","og_description":"Security Data &amp; Video SA de CV. PTZ-N2404I-DE3 Camara Hikvision Mini PTZ IP 4 Megapixel \/ 4X Zoom \/ H.265+ \/ 20 mts IR EXIR \/ WDR \/ PoE \/ IK10","og_url":"https:\/\/www.securitydataandvideo.com\/inicio\/shop\/ptz-n2404i-de3-camara-hikvision-mini-ptz-ip-4-megapixel-4x-zoom-h-265-20-mts-ir-exir-wdr-poe-ik10-ip66-ultra-baja-iluminacion\/","og_site_name":"Security Data &amp; Video SA de CV.","article_modified_time":"2023-10-03T05:11:01+00:00","og_image":[{"width":182,"height":162,"url":"https:\/\/www.securitydataandvideo.com\/inicio\/wp-content\/uploads\/2022\/07\/PTZ-N2404I-DE3.png","type":"image\/png"}],"twitter_card":"summary","twitter_misc":{"Tiempo de lectura":"1 minuto"},"schema":{"@context":"https:\/\/schema.org","@graph":[{"@type":"WebPage","@id":"https:\/\/www.securitydataandvideo.com\/inicio\/shop\/ptz-n2404i-de3-camara-hikvision-mini-ptz-ip-4-megapixel-4x-zoom-h-265-20-mts-ir-exir-wdr-poe-ik10-ip66-ultra-baja-iluminacion\/","url":"https:\/\/www.securitydataandvideo.com\/inicio\/shop\/ptz-n2404i-de3-camara-hikvision-mini-ptz-ip-4-megapixel-4x-zoom-h-265-20-mts-ir-exir-wdr-poe-ik10-ip66-ultra-baja-iluminacion\/","name":"PTZ-N2404I-DE3 Camara Hikvision Mini PTZ IP 4 Megapixel","isPartOf":{"@id":"https:\/\/www.securitydataandvideo.com\/inicio\/#website"},"datePublished":"2022-07-21T17:39:06+00:00","dateModified":"2023-10-03T05:11:01+00:00","description":"Security Data &amp; Video SA de CV. PTZ-N2404I-DE3 Camara Hikvision Mini PTZ IP 4 Megapixel \/ 4X Zoom \/ H.265+ \/ 20 mts IR EXIR \/ WDR \/ PoE \/ IK10","breadcrumb":{"@id":"https:\/\/www.securitydataandvideo.com\/inicio\/shop\/ptz-n2404i-de3-camara-hikvision-mini-ptz-ip-4-megapixel-4x-zoom-h-265-20-mts-ir-exir-wdr-poe-ik10-ip66-ultra-baja-iluminacion\/#breadcrumb"},"inLanguage":"es-MX","potentialAction":[{"@type":"ReadAction","target":["https:\/\/www.securitydataandvideo.com\/inicio\/shop\/ptz-n2404i-de3-camara-hikvision-mini-ptz-ip-4-megapixel-4x-zoom-h-265-20-mts-ir-exir-wdr-poe-ik10-ip66-ultra-baja-iluminacion\/"]}]},{"@type":"BreadcrumbList","@id":"https:\/\/www.securitydataandvideo.com\/inicio\/shop\/ptz-n2404i-de3-camara-hikvision-mini-ptz-ip-4-megapixel-4x-zoom-h-265-20-mts-ir-exir-wdr-poe-ik10-ip66-ultra-baja-iluminacion\/#breadcrumb","itemListElement":[{"@type":"ListItem","position":1,"name":"Inicio","item":"https:\/\/www.securitydataandvideo.com\/inicio\/"},{"@type":"ListItem","position":2,"name":"Shop","item":"https:\/\/www.securitydataandvideo.com\/inicio\/shop\/"},{"@type":"ListItem","position":3,"name":"PTZ-N2404I-DE3 Camara Hikvision Mini PTZ IP 4 Megapixel \/ 4X Zoom \/ H.265+ \/ 20 mts IR EXIR \/ WDR \/ PoE \/ IK10 \/ IP66 \/ Ultra Baja Iluminaci\u00f3n"}]},{"@type":"WebSite","@id":"https:\/\/www.securitydataandvideo.com\/inicio\/#website","url":"https:\/\/www.securitydataandvideo.com\/inicio\/","name":"Security Data &amp; Video SA de CV.","description":"Seguridad Electr\u00f3nica y Energ\u00eda","publisher":{"@id":"https:\/\/www.securitydataandvideo.com\/inicio\/#organization"},"potentialAction":[{"@type":"SearchAction","target":{"@type":"EntryPoint","urlTemplate":"https:\/\/www.securitydataandvideo.com\/inicio\/?s={search_term_string}"},"query-input":"required name=search_term_string"}],"inLanguage":"es-MX"},{"@type":"Organization","@id":"https:\/\/www.securitydataandvideo.com\/inicio\/#organization","name":"Security Data & Video SA de CV","url":"https:\/\/www.securitydataandvideo.com\/inicio\/","sameAs":[],"logo":{"@type":"ImageObject","inLanguage":"es-MX","@id":"https:\/\/www.securitydataandvideo.com\/inicio\/#\/schema\/logo\/image\/","url":"https:\/\/www.securitydataandvideo.com\/inicio\/wp-content\/uploads\/2021\/10\/Logo-Azul.png","contentUrl":"https:\/\/www.securitydataandvideo.com\/inicio\/wp-content\/uploads\/2021\/10\/Logo-Azul.png","width":555,"height":375,"caption":"Security Data & Video SA de CV"},"image":{"@id":"https:\/\/www.securitydataandvideo.com\/inicio\/#\/schema\/logo\/image\/"}}]}},"_links":{"self":[{"href":"https:\/\/www.securitydataandvideo.com\/inicio\/wp-json\/wp\/v2\/product\/16029"}],"collection":[{"href":"https:\/\/www.securitydataandvideo.com\/inicio\/wp-json\/wp\/v2\/product"}],"about":[{"href":"https:\/\/www.securitydataandvideo.com\/inicio\/wp-json\/wp\/v2\/types\/product"}],"wp:featuredmedia":[{"embeddable":true,"href":"https:\/\/www.securitydataandvideo.com\/inicio\/wp-json\/wp\/v2\/media\/16059"}],"wp:attachment":[{"href":"https:\/\/www.securitydataandvideo.com\/inicio\/wp-json\/wp\/v2\/media?parent=16029"}],"wp:term":[{"taxonomy":"product_cat","embeddable":true,"href":"https:\/\/www.securitydataandvideo.com\/inicio\/wp-json\/wp\/v2\/product_cat?post=16029"},{"taxonomy":"product_tag","embeddable":true,"href":"https:\/\/www.securitydataandvideo.com\/inicio\/wp-json\/wp\/v2\/product_tag?post=16029"}],"curies":[{"name":"wp","href":"https:\/\/api.w.org\/{rel}","templated":true}]}}