{"id":16030,"date":"2022-07-21T11:39:06","date_gmt":"2022-07-21T17:39:06","guid":{"rendered":"https:\/\/www.securitydataandvideo.com\/inicio\/?post_type=product&#038;p=16030"},"modified":"2023-10-02T23:10:35","modified_gmt":"2023-10-03T05:10:35","slug":"ds-2de4215iw-de-camara-domo-hikvision-ip-ptz-2-megapixel-15x-zoom-100-mts-ir-exterior-ip66-poe-alimentacion-directa-wdr-real-defog-eis-hlc-3d-dnr","status":"publish","type":"product","link":"https:\/\/www.securitydataandvideo.com\/inicio\/shop\/ds-2de4215iw-de-camara-domo-hikvision-ip-ptz-2-megapixel-15x-zoom-100-mts-ir-exterior-ip66-poe-alimentacion-directa-wdr-real-defog-eis-hlc-3d-dnr\/","title":{"rendered":"DS-2DE4215IW-DE Camara Domo Hikvision IP PTZ 2 Megapixel \/ 15X Zoom \/ 100 mts IR \/ Exterior IP66 \/POE+\/Alimentacion directa\/ WDR Real \/ Defog \/ EIS \/ HLC \/ 3D-DNR"},"content":{"rendered":"<div class=\"col-sm-8 col-md-8 well-sm\">\n<p id=\"product_title_158681\" class=\"no_margin_top titulo_vista_producto\">DS-2DE4215IW-DE Camara Domo Hikvision IP PTZ 2 Megapixel \/ 15X Zoom \/ 100 mts IR \/ Exterior IP66 \/POE+\/Alimentacion directa\/ WDR Real \/ Defog \/ EIS \/ HLC \/ 3D-DNR<\/p>\n<\/div>\n<div class=\"hidden-xs col-sm-4 col-md-4\">\n<h6><span style=\"color: black;\"><strong>Caracter\u00edsticas principales:<\/strong><\/span><\/h6>\n<p><span style=\"color: black;\">Resoluci\u00f3n maxima: 1920 x 1080 ( 2 Megapixel).<\/span><\/p>\n<p><span style=\"color: black;\">Iluminaci\u00f3n m\u00ednima: color 0.005 Lux @ (F1.6, AGC ON).<\/span><\/p>\n<p><span style=\"color: black;\">Iluminaci\u00f3n m\u00ednima: B\/N\u00a00.001\u00a0Lux @ (F1.6, AGC ON).<\/span><\/p>\n<p><span style=\"color: black;\">D\u00eda \/ Noche Real\u00a0(filtro ICR).<\/span><\/p>\n<p><span style=\"color: black;\">Distancia focal: 5\u00a0a 75\u00a0mm (15X zoom \u00f3ptico \/ 16X zoom digital).<\/span><\/p>\n<p><span style=\"color: black;\">Distancia de infrarrojo: 100\u00a0mts\u00a0Smart IR.<\/span><\/p>\n<p><span style=\"color: black;\">Funciones normales<strong>:<\/strong>\u00a0HLC\u00a0\/ ROI \/ WDR real 120dB\u00a0\/\u00a0BLC \/ HLC \/ Defog \/ EIS \/ 3D-DNR.<\/span><\/p>\n<p><span style=\"color: black;\">Funciones especiales: Deteccion de rostro \/ \u200bIntrusion de area \/\u00a0Cruce de linea \/ Objeto olvidado \/ Objeto removido.<\/span><\/p>\n<p>\u200bCompresi\u00f3n: H.265+ \/ H.265 \/ H.264+ \/ H.264.<\/p>\n<p>\u200bCompatible con la plataforma de Hik-Connect.<\/p>\n<p>&nbsp;<\/p>\n<h6><strong style=\"color: black; font-size: 16px;\">Caracter\u00edsticas F\u00edsicas y El\u00e9ctricas:<\/strong><\/h6>\n<p>Alimentaci\u00f3n: 12\u00a0Vcd\u00a0\/ 18\u00a0W \/ PoE+ (802.3 at )<\/p>\n<p><span style=\"color: black;\">Temperatura de operaci\u00f3n: -30\u00b0C a 65\u00b0C \/\u00a0Humedad al 90% m\u00e1ximo.<\/span><\/p>\n<p>Uso en Exterior \/ IP66.<\/p>\n<p>\u200bProtecci\u00f3n contra sobretensiones y protecci\u00f3n contra voltajes transitorios.<\/p>\n<p><span style=\"color: black;\">Dimensiones: 164.5\u00a0x 290\u00a0mm<\/span><\/p>\n<p><span style=\"color: black;\">Peso: 2\u00a0kgs.<\/span><\/p>\n<p><strong><span style=\"color: black;\">\u200bGarant\u00eda: 2 a\u00f1os.<\/span><\/strong><\/p>\n<p><strong><span style=\"color: black;\">\u200bEl PTZ incluye brazo de pared y fuente de alimentaci\u00f3n.<\/span><\/strong><\/p>\n<div class=\"mceTemp\"><\/div>\n<p>DS-2DE4215IW-DE Camara Domo Hikvision IP PTZ 2 Megapixel<\/p>\n<\/div>\n","protected":false},"excerpt":{"rendered":"<div class=\"col-sm-8 col-md-8 well-sm\">\n<p id=\"product_title_158681\" class=\"no_margin_top titulo_vista_producto\">DS-2DE4215IW-DE Camara Domo Hikvision IP PTZ 2 Megapixel \/ 15X Zoom \/ 100 mts IR \/ Exterior IP66 \/POE+\/Alimentacion directa\/ WDR Real \/ Defog \/ EIS \/ HLC \/ 3D-DNR<\/p>\n<\/div>\n","protected":false},"featured_media":16081,"template":"","meta":{"site-sidebar-layout":"default","site-content-layout":"default","ast-site-content-layout":"","site-content-style":"default","site-sidebar-style":"default","ast-global-header-display":"","ast-banner-title-visibility":"","ast-main-header-display":"","ast-hfb-above-header-display":"","ast-hfb-below-header-display":"","ast-hfb-mobile-header-display":"","site-post-title":"","ast-breadcrumbs-content":"","ast-featured-img":"","footer-sml-layout":"","theme-transparent-header-meta":"default","adv-header-id-meta":"","stick-header-meta":"","header-above-stick-meta":"","header-main-stick-meta":"","header-below-stick-meta":"","astra-migrate-meta-layouts":""},"product_cat":[306],"product_tag":[],"yoast_head":"<!-- This site is optimized with the Yoast SEO plugin v19.5.1 - https:\/\/yoast.com\/wordpress\/plugins\/seo\/ -->\n<title>DS-2DE4215IW-DE Camara Domo Hikvision IP PTZ 2 Megapixel<\/title>\n<meta name=\"description\" content=\"Security Data &amp; Video SA de CV. DS-2DE4215IW-DE Camara Domo Hikvision IP PTZ 2 Megapixel \/ 15X Zoom \/ 100 mts IR \/ Exterior IP66 \/POE+\/Alimentacion Direct\" \/>\n<meta name=\"robots\" content=\"index, follow, max-snippet:-1, max-image-preview:large, max-video-preview:-1\" \/>\n<link rel=\"canonical\" href=\"https:\/\/www.securitydataandvideo.com\/inicio\/shop\/ds-2de4215iw-de-camara-domo-hikvision-ip-ptz-2-megapixel-15x-zoom-100-mts-ir-exterior-ip66-poe-alimentacion-directa-wdr-real-defog-eis-hlc-3d-dnr\/\" \/>\n<meta property=\"og:locale\" content=\"es_MX\" \/>\n<meta property=\"og:type\" content=\"article\" \/>\n<meta property=\"og:title\" content=\"DS-2DE4215IW-DE Camara Domo Hikvision IP PTZ 2 Megapixel\" \/>\n<meta property=\"og:description\" content=\"Security Data &amp; Video SA de CV. DS-2DE4215IW-DE Camara Domo Hikvision IP PTZ 2 Megapixel \/ 15X Zoom \/ 100 mts IR \/ Exterior IP66 \/POE+\/Alimentacion Direct\" \/>\n<meta property=\"og:url\" content=\"https:\/\/www.securitydataandvideo.com\/inicio\/shop\/ds-2de4215iw-de-camara-domo-hikvision-ip-ptz-2-megapixel-15x-zoom-100-mts-ir-exterior-ip66-poe-alimentacion-directa-wdr-real-defog-eis-hlc-3d-dnr\/\" \/>\n<meta property=\"og:site_name\" content=\"Security Data &amp; Video SA de CV.\" \/>\n<meta property=\"article:modified_time\" content=\"2023-10-03T05:10:35+00:00\" \/>\n<meta property=\"og:image\" content=\"https:\/\/www.securitydataandvideo.com\/inicio\/wp-content\/uploads\/2022\/07\/DS-2DE4215IW-DE.png\" \/>\n\t<meta property=\"og:image:width\" content=\"147\" \/>\n\t<meta property=\"og:image:height\" content=\"220\" \/>\n\t<meta property=\"og:image:type\" content=\"image\/png\" \/>\n<meta name=\"twitter:card\" content=\"summary\" \/>\n<meta name=\"twitter:label1\" content=\"Tiempo de lectura\" \/>\n\t<meta name=\"twitter:data1\" content=\"1 minuto\" \/>\n<script type=\"application\/ld+json\" class=\"yoast-schema-graph\">{\"@context\":\"https:\/\/schema.org\",\"@graph\":[{\"@type\":\"WebPage\",\"@id\":\"https:\/\/www.securitydataandvideo.com\/inicio\/shop\/ds-2de4215iw-de-camara-domo-hikvision-ip-ptz-2-megapixel-15x-zoom-100-mts-ir-exterior-ip66-poe-alimentacion-directa-wdr-real-defog-eis-hlc-3d-dnr\/\",\"url\":\"https:\/\/www.securitydataandvideo.com\/inicio\/shop\/ds-2de4215iw-de-camara-domo-hikvision-ip-ptz-2-megapixel-15x-zoom-100-mts-ir-exterior-ip66-poe-alimentacion-directa-wdr-real-defog-eis-hlc-3d-dnr\/\",\"name\":\"DS-2DE4215IW-DE Camara Domo Hikvision IP PTZ 2 Megapixel\",\"isPartOf\":{\"@id\":\"https:\/\/www.securitydataandvideo.com\/inicio\/#website\"},\"datePublished\":\"2022-07-21T17:39:06+00:00\",\"dateModified\":\"2023-10-03T05:10:35+00:00\",\"description\":\"Security Data &amp; Video SA de CV. DS-2DE4215IW-DE Camara Domo Hikvision IP PTZ 2 Megapixel \/ 15X Zoom \/ 100 mts IR \/ Exterior IP66 \/POE+\/Alimentacion Direct\",\"breadcrumb\":{\"@id\":\"https:\/\/www.securitydataandvideo.com\/inicio\/shop\/ds-2de4215iw-de-camara-domo-hikvision-ip-ptz-2-megapixel-15x-zoom-100-mts-ir-exterior-ip66-poe-alimentacion-directa-wdr-real-defog-eis-hlc-3d-dnr\/#breadcrumb\"},\"inLanguage\":\"es-MX\",\"potentialAction\":[{\"@type\":\"ReadAction\",\"target\":[\"https:\/\/www.securitydataandvideo.com\/inicio\/shop\/ds-2de4215iw-de-camara-domo-hikvision-ip-ptz-2-megapixel-15x-zoom-100-mts-ir-exterior-ip66-poe-alimentacion-directa-wdr-real-defog-eis-hlc-3d-dnr\/\"]}]},{\"@type\":\"BreadcrumbList\",\"@id\":\"https:\/\/www.securitydataandvideo.com\/inicio\/shop\/ds-2de4215iw-de-camara-domo-hikvision-ip-ptz-2-megapixel-15x-zoom-100-mts-ir-exterior-ip66-poe-alimentacion-directa-wdr-real-defog-eis-hlc-3d-dnr\/#breadcrumb\",\"itemListElement\":[{\"@type\":\"ListItem\",\"position\":1,\"name\":\"Inicio\",\"item\":\"https:\/\/www.securitydataandvideo.com\/inicio\/\"},{\"@type\":\"ListItem\",\"position\":2,\"name\":\"Shop\",\"item\":\"https:\/\/www.securitydataandvideo.com\/inicio\/shop\/\"},{\"@type\":\"ListItem\",\"position\":3,\"name\":\"DS-2DE4215IW-DE Camara Domo Hikvision IP PTZ 2 Megapixel \/ 15X Zoom \/ 100 mts IR \/ Exterior IP66 \/POE+\/Alimentacion directa\/ WDR Real \/ Defog \/ EIS \/ HLC \/ 3D-DNR\"}]},{\"@type\":\"WebSite\",\"@id\":\"https:\/\/www.securitydataandvideo.com\/inicio\/#website\",\"url\":\"https:\/\/www.securitydataandvideo.com\/inicio\/\",\"name\":\"Security Data &amp; Video SA de CV.\",\"description\":\"Seguridad Electr\u00f3nica y Energ\u00eda\",\"publisher\":{\"@id\":\"https:\/\/www.securitydataandvideo.com\/inicio\/#organization\"},\"potentialAction\":[{\"@type\":\"SearchAction\",\"target\":{\"@type\":\"EntryPoint\",\"urlTemplate\":\"https:\/\/www.securitydataandvideo.com\/inicio\/?s={search_term_string}\"},\"query-input\":\"required name=search_term_string\"}],\"inLanguage\":\"es-MX\"},{\"@type\":\"Organization\",\"@id\":\"https:\/\/www.securitydataandvideo.com\/inicio\/#organization\",\"name\":\"Security Data & Video SA de CV\",\"url\":\"https:\/\/www.securitydataandvideo.com\/inicio\/\",\"sameAs\":[],\"logo\":{\"@type\":\"ImageObject\",\"inLanguage\":\"es-MX\",\"@id\":\"https:\/\/www.securitydataandvideo.com\/inicio\/#\/schema\/logo\/image\/\",\"url\":\"https:\/\/www.securitydataandvideo.com\/inicio\/wp-content\/uploads\/2021\/10\/Logo-Azul.png\",\"contentUrl\":\"https:\/\/www.securitydataandvideo.com\/inicio\/wp-content\/uploads\/2021\/10\/Logo-Azul.png\",\"width\":555,\"height\":375,\"caption\":\"Security Data & Video SA de CV\"},\"image\":{\"@id\":\"https:\/\/www.securitydataandvideo.com\/inicio\/#\/schema\/logo\/image\/\"}}]}<\/script>\n<!-- \/ Yoast SEO plugin. -->","yoast_head_json":{"title":"DS-2DE4215IW-DE Camara Domo Hikvision IP PTZ 2 Megapixel","description":"Security Data &amp; Video SA de CV. DS-2DE4215IW-DE Camara Domo Hikvision IP PTZ 2 Megapixel \/ 15X Zoom \/ 100 mts IR \/ Exterior IP66 \/POE+\/Alimentacion Direct","robots":{"index":"index","follow":"follow","max-snippet":"max-snippet:-1","max-image-preview":"max-image-preview:large","max-video-preview":"max-video-preview:-1"},"canonical":"https:\/\/www.securitydataandvideo.com\/inicio\/shop\/ds-2de4215iw-de-camara-domo-hikvision-ip-ptz-2-megapixel-15x-zoom-100-mts-ir-exterior-ip66-poe-alimentacion-directa-wdr-real-defog-eis-hlc-3d-dnr\/","og_locale":"es_MX","og_type":"article","og_title":"DS-2DE4215IW-DE Camara Domo Hikvision IP PTZ 2 Megapixel","og_description":"Security Data &amp; Video SA de CV. DS-2DE4215IW-DE Camara Domo Hikvision IP PTZ 2 Megapixel \/ 15X Zoom \/ 100 mts IR \/ Exterior IP66 \/POE+\/Alimentacion Direct","og_url":"https:\/\/www.securitydataandvideo.com\/inicio\/shop\/ds-2de4215iw-de-camara-domo-hikvision-ip-ptz-2-megapixel-15x-zoom-100-mts-ir-exterior-ip66-poe-alimentacion-directa-wdr-real-defog-eis-hlc-3d-dnr\/","og_site_name":"Security Data &amp; Video SA de CV.","article_modified_time":"2023-10-03T05:10:35+00:00","og_image":[{"width":147,"height":220,"url":"https:\/\/www.securitydataandvideo.com\/inicio\/wp-content\/uploads\/2022\/07\/DS-2DE4215IW-DE.png","type":"image\/png"}],"twitter_card":"summary","twitter_misc":{"Tiempo de lectura":"1 minuto"},"schema":{"@context":"https:\/\/schema.org","@graph":[{"@type":"WebPage","@id":"https:\/\/www.securitydataandvideo.com\/inicio\/shop\/ds-2de4215iw-de-camara-domo-hikvision-ip-ptz-2-megapixel-15x-zoom-100-mts-ir-exterior-ip66-poe-alimentacion-directa-wdr-real-defog-eis-hlc-3d-dnr\/","url":"https:\/\/www.securitydataandvideo.com\/inicio\/shop\/ds-2de4215iw-de-camara-domo-hikvision-ip-ptz-2-megapixel-15x-zoom-100-mts-ir-exterior-ip66-poe-alimentacion-directa-wdr-real-defog-eis-hlc-3d-dnr\/","name":"DS-2DE4215IW-DE Camara Domo Hikvision IP PTZ 2 Megapixel","isPartOf":{"@id":"https:\/\/www.securitydataandvideo.com\/inicio\/#website"},"datePublished":"2022-07-21T17:39:06+00:00","dateModified":"2023-10-03T05:10:35+00:00","description":"Security Data &amp; Video SA de CV. DS-2DE4215IW-DE Camara Domo Hikvision IP PTZ 2 Megapixel \/ 15X Zoom \/ 100 mts IR \/ Exterior IP66 \/POE+\/Alimentacion Direct","breadcrumb":{"@id":"https:\/\/www.securitydataandvideo.com\/inicio\/shop\/ds-2de4215iw-de-camara-domo-hikvision-ip-ptz-2-megapixel-15x-zoom-100-mts-ir-exterior-ip66-poe-alimentacion-directa-wdr-real-defog-eis-hlc-3d-dnr\/#breadcrumb"},"inLanguage":"es-MX","potentialAction":[{"@type":"ReadAction","target":["https:\/\/www.securitydataandvideo.com\/inicio\/shop\/ds-2de4215iw-de-camara-domo-hikvision-ip-ptz-2-megapixel-15x-zoom-100-mts-ir-exterior-ip66-poe-alimentacion-directa-wdr-real-defog-eis-hlc-3d-dnr\/"]}]},{"@type":"BreadcrumbList","@id":"https:\/\/www.securitydataandvideo.com\/inicio\/shop\/ds-2de4215iw-de-camara-domo-hikvision-ip-ptz-2-megapixel-15x-zoom-100-mts-ir-exterior-ip66-poe-alimentacion-directa-wdr-real-defog-eis-hlc-3d-dnr\/#breadcrumb","itemListElement":[{"@type":"ListItem","position":1,"name":"Inicio","item":"https:\/\/www.securitydataandvideo.com\/inicio\/"},{"@type":"ListItem","position":2,"name":"Shop","item":"https:\/\/www.securitydataandvideo.com\/inicio\/shop\/"},{"@type":"ListItem","position":3,"name":"DS-2DE4215IW-DE Camara Domo Hikvision IP PTZ 2 Megapixel \/ 15X Zoom \/ 100 mts IR \/ Exterior IP66 \/POE+\/Alimentacion directa\/ WDR Real \/ Defog \/ EIS \/ HLC \/ 3D-DNR"}]},{"@type":"WebSite","@id":"https:\/\/www.securitydataandvideo.com\/inicio\/#website","url":"https:\/\/www.securitydataandvideo.com\/inicio\/","name":"Security Data &amp; Video SA de CV.","description":"Seguridad Electr\u00f3nica y Energ\u00eda","publisher":{"@id":"https:\/\/www.securitydataandvideo.com\/inicio\/#organization"},"potentialAction":[{"@type":"SearchAction","target":{"@type":"EntryPoint","urlTemplate":"https:\/\/www.securitydataandvideo.com\/inicio\/?s={search_term_string}"},"query-input":"required name=search_term_string"}],"inLanguage":"es-MX"},{"@type":"Organization","@id":"https:\/\/www.securitydataandvideo.com\/inicio\/#organization","name":"Security Data & Video SA de CV","url":"https:\/\/www.securitydataandvideo.com\/inicio\/","sameAs":[],"logo":{"@type":"ImageObject","inLanguage":"es-MX","@id":"https:\/\/www.securitydataandvideo.com\/inicio\/#\/schema\/logo\/image\/","url":"https:\/\/www.securitydataandvideo.com\/inicio\/wp-content\/uploads\/2021\/10\/Logo-Azul.png","contentUrl":"https:\/\/www.securitydataandvideo.com\/inicio\/wp-content\/uploads\/2021\/10\/Logo-Azul.png","width":555,"height":375,"caption":"Security Data & Video SA de CV"},"image":{"@id":"https:\/\/www.securitydataandvideo.com\/inicio\/#\/schema\/logo\/image\/"}}]}},"_links":{"self":[{"href":"https:\/\/www.securitydataandvideo.com\/inicio\/wp-json\/wp\/v2\/product\/16030"}],"collection":[{"href":"https:\/\/www.securitydataandvideo.com\/inicio\/wp-json\/wp\/v2\/product"}],"about":[{"href":"https:\/\/www.securitydataandvideo.com\/inicio\/wp-json\/wp\/v2\/types\/product"}],"wp:featuredmedia":[{"embeddable":true,"href":"https:\/\/www.securitydataandvideo.com\/inicio\/wp-json\/wp\/v2\/media\/16081"}],"wp:attachment":[{"href":"https:\/\/www.securitydataandvideo.com\/inicio\/wp-json\/wp\/v2\/media?parent=16030"}],"wp:term":[{"taxonomy":"product_cat","embeddable":true,"href":"https:\/\/www.securitydataandvideo.com\/inicio\/wp-json\/wp\/v2\/product_cat?post=16030"},{"taxonomy":"product_tag","embeddable":true,"href":"https:\/\/www.securitydataandvideo.com\/inicio\/wp-json\/wp\/v2\/product_tag?post=16030"}],"curies":[{"name":"wp","href":"https:\/\/api.w.org\/{rel}","templated":true}]}}