{"id":16032,"date":"2022-07-21T11:39:06","date_gmt":"2022-07-21T17:39:06","guid":{"rendered":"https:\/\/www.securitydataandvideo.com\/inicio\/?post_type=product&#038;p=16032"},"modified":"2023-10-02T23:10:48","modified_gmt":"2023-10-03T05:10:48","slug":"camara-hikvision-ds-2de5225iw-ae-ptz-ip-2-megapixel-25x-zoom-150-mts-ir-exterior-ip66-wdr-hi-poe-60-ips-ultra-baja-iluminacion","status":"publish","type":"product","link":"https:\/\/www.securitydataandvideo.com\/inicio\/shop\/camara-hikvision-ds-2de5225iw-ae-ptz-ip-2-megapixel-25x-zoom-150-mts-ir-exterior-ip66-wdr-hi-poe-60-ips-ultra-baja-iluminacion\/","title":{"rendered":"Camara Hikvision DS-2DE5225IW-AE PTZ IP 2 Megapixel \/ 25X Zoom \/ 150 mts IR \/ Exterior IP66 \/ WDR \/ Hi-PoE \/ 60 IPS \/ Ultra Baja Iluminaci\u00f3n"},"content":{"rendered":"<div class=\"col-sm-8 col-md-8 well-sm\">\n<p id=\"product_title_152683\" class=\"no_margin_top titulo_vista_producto\">Camara Hikvision DS-2DE5225IW-AE PTZ IP 2 Megapixel\/ 25X Zoom \/ 150 mts IR \/ Exterior IP66 \/ WDR \/ Hi-PoE \/ 60 IPS \/ Ultra Baja Iluminaci\u00f3n<\/p>\n<\/div>\n<div class=\"hidden-xs col-sm-4 col-md-4\">\n<h6><span style=\"color: black;\"><strong>Caracter\u00edsticas principales:<\/strong><\/span><\/h6>\n<ul>\n<li><span style=\"color: black;\">Resoluci\u00f3n maxima: 1920 x 1080 ( 2 Megapixel).<\/span><\/li>\n<li><span style=\"color: black;\">Iluminacion minima: color 0.005 Lux @ (F1.6, AGC ON).<\/span><\/li>\n<li><span style=\"color: black;\">Iluminacion minima: B\/N\u00a00.001\u00a0Lux @ (F1.6, AGC ON).<\/span><\/li>\n<li><span style=\"color: black;\">D\u00eda \/ Noche Real\u00a0(filtro ICR).<\/span><\/li>\n<li><span style=\"color: black;\">Distancia focal: 4.8\u00a0a 120 mm (25X zoom \u00f3ptico \/ 16X zoom digital).<\/span><\/li>\n<li><span style=\"color: black;\">Distancia de infrarrojo: 150\u00a0mts\u00a0Smart IR.<\/span><\/li>\n<li><span style=\"color: black;\">Funciones normales<strong>:<\/strong>\u00a0HLC\u00a0\/ ROI \/\u00a0WDR 120dB \/\u00a0BLC \/ Defog \/ Intrusion de area \/\u00a0Cruece de linea.<\/span><\/li>\n<li>\u200bCompresion: H.265+ \/ H.265 \/ H.264+ \/ H.264.<\/li>\n<li>\u200bCompatible con la plataforma de Hik-Connect.<\/li>\n<\/ul>\n<p><strong style=\"color: black; font-size: 17.6px;\">Caracter\u00edsticas F\u00edsicas y El\u00e9ctricas:<\/strong><\/p>\n<div id=\"especificaciones\" class=\"tab-pane fade in active\">\n<ul>\n<li>Alimentaci\u00f3n: 24 Vca\u00a0\/ Hi-PoE \/ 30\u00a0W.<\/li>\n<li><span style=\"color: black;\">Temperatura de operaci\u00f3n: -30\u00b0C a 65\u00b0C \/\u00a0Humedad al 90% m\u00e1ximo.<\/span><\/li>\n<li>Uso en exterior IP66<\/li>\n<li>\u200bProteccion contra sobretensiones y proteccion contra voltajes transistorios.<\/li>\n<li><span style=\"color: black;\">Dimensiones: 220\u00a0x 353.4\u00a0mm<\/span><\/li>\n<li><span style=\"color: black;\">Peso: 3.3\u00a0Kgs.<\/span><\/li>\n<li><span style=\"color: black;\">\u200bGarantia: 2 a\u00f1os.<\/span><\/li>\n<li>El PTZ incluye fuente de 24 Vca y brazo de pared (DS-1602ZJ).<\/li>\n<li>Se recomienda usar el modelo\u00a0<a href=\"https:\/\/www.syscom.mx\/principal\/searchcont?route=LAS-6057-CNRJ45-HIKVISION-72655&amp;autodetect=las60\">LAS-6057-CNRJ45<\/a>\u00a0en caso de que requieran alimentar el domo por medio de PoE.\n<div class=\"mceTemp\"><\/div>\n<p>Camara Hikvision DS-2DE5225IW-AE PTZ IP 2 Megapixel<\/li>\n<\/ul>\n<\/div>\n<\/div>\n","protected":false},"excerpt":{"rendered":"<div class=\"col-sm-8 col-md-8 well-sm\">\n<p id=\"product_title_152683\" class=\"no_margin_top titulo_vista_producto\">Camara Hikvision DS-2DE5225IW-AE PTZ IP 2 Megapixel \/ 25X Zoom \/ 150 mts IR \/ Exterior IP66 \/ WDR \/ Hi-PoE \/ 60 IPS \/ Ultra Baja Iluminaci\u00f3n<\/p>\n<\/div>\n<div class=\"hidden-xs col-sm-4 col-md-4\"><\/div>\n<div class=\"mceTemp\"><\/div>\n","protected":false},"featured_media":16083,"template":"","meta":{"site-sidebar-layout":"default","site-content-layout":"default","ast-site-content-layout":"","site-content-style":"default","site-sidebar-style":"default","ast-global-header-display":"","ast-banner-title-visibility":"","ast-main-header-display":"","ast-hfb-above-header-display":"","ast-hfb-below-header-display":"","ast-hfb-mobile-header-display":"","site-post-title":"","ast-breadcrumbs-content":"","ast-featured-img":"","footer-sml-layout":"","theme-transparent-header-meta":"default","adv-header-id-meta":"","stick-header-meta":"","header-above-stick-meta":"","header-main-stick-meta":"","header-below-stick-meta":"","astra-migrate-meta-layouts":""},"product_cat":[306],"product_tag":[88],"yoast_head":"<!-- This site is optimized with the Yoast SEO plugin v19.5.1 - https:\/\/yoast.com\/wordpress\/plugins\/seo\/ -->\n<title>Camara Hikvision DS-2DE5225IW-AE PTZ IP 2 Megapixel<\/title>\n<meta name=\"description\" content=\"Security Data &amp; Video SA de CV. Camara Hikvision DS-2DE5225IW-AE PTZ IP 2 Megapixel \/ 25X Zoom \/ 150 mts IR \/ Exterior IP66 \/ WDR \/ Hi-PoE\" \/>\n<meta name=\"robots\" content=\"index, follow, max-snippet:-1, max-image-preview:large, max-video-preview:-1\" \/>\n<link rel=\"canonical\" href=\"https:\/\/www.securitydataandvideo.com\/inicio\/shop\/camara-hikvision-ds-2de5225iw-ae-ptz-ip-2-megapixel-25x-zoom-150-mts-ir-exterior-ip66-wdr-hi-poe-60-ips-ultra-baja-iluminacion\/\" \/>\n<meta property=\"og:locale\" content=\"es_MX\" \/>\n<meta property=\"og:type\" content=\"article\" \/>\n<meta property=\"og:title\" content=\"Camara Hikvision DS-2DE5225IW-AE PTZ IP 2 Megapixel\" \/>\n<meta property=\"og:description\" content=\"Security Data &amp; Video SA de CV. Camara Hikvision DS-2DE5225IW-AE PTZ IP 2 Megapixel \/ 25X Zoom \/ 150 mts IR \/ Exterior IP66 \/ WDR \/ Hi-PoE\" \/>\n<meta property=\"og:url\" content=\"https:\/\/www.securitydataandvideo.com\/inicio\/shop\/camara-hikvision-ds-2de5225iw-ae-ptz-ip-2-megapixel-25x-zoom-150-mts-ir-exterior-ip66-wdr-hi-poe-60-ips-ultra-baja-iluminacion\/\" \/>\n<meta property=\"og:site_name\" content=\"Security Data &amp; Video SA de CV.\" \/>\n<meta property=\"article:modified_time\" content=\"2023-10-03T05:10:48+00:00\" \/>\n<meta property=\"og:image\" content=\"https:\/\/www.securitydataandvideo.com\/inicio\/wp-content\/uploads\/2022\/07\/DS-2DE5225IW-AE.png\" \/>\n\t<meta property=\"og:image:width\" content=\"200\" \/>\n\t<meta property=\"og:image:height\" content=\"260\" \/>\n\t<meta property=\"og:image:type\" content=\"image\/png\" \/>\n<meta name=\"twitter:card\" content=\"summary\" \/>\n<meta name=\"twitter:label1\" content=\"Tiempo de lectura\" \/>\n\t<meta name=\"twitter:data1\" content=\"1 minuto\" \/>\n<script type=\"application\/ld+json\" class=\"yoast-schema-graph\">{\"@context\":\"https:\/\/schema.org\",\"@graph\":[{\"@type\":\"WebPage\",\"@id\":\"https:\/\/www.securitydataandvideo.com\/inicio\/shop\/camara-hikvision-ds-2de5225iw-ae-ptz-ip-2-megapixel-25x-zoom-150-mts-ir-exterior-ip66-wdr-hi-poe-60-ips-ultra-baja-iluminacion\/\",\"url\":\"https:\/\/www.securitydataandvideo.com\/inicio\/shop\/camara-hikvision-ds-2de5225iw-ae-ptz-ip-2-megapixel-25x-zoom-150-mts-ir-exterior-ip66-wdr-hi-poe-60-ips-ultra-baja-iluminacion\/\",\"name\":\"Camara Hikvision DS-2DE5225IW-AE PTZ IP 2 Megapixel\",\"isPartOf\":{\"@id\":\"https:\/\/www.securitydataandvideo.com\/inicio\/#website\"},\"datePublished\":\"2022-07-21T17:39:06+00:00\",\"dateModified\":\"2023-10-03T05:10:48+00:00\",\"description\":\"Security Data &amp; Video SA de CV. Camara Hikvision DS-2DE5225IW-AE PTZ IP 2 Megapixel \/ 25X Zoom \/ 150 mts IR \/ Exterior IP66 \/ WDR \/ Hi-PoE\",\"breadcrumb\":{\"@id\":\"https:\/\/www.securitydataandvideo.com\/inicio\/shop\/camara-hikvision-ds-2de5225iw-ae-ptz-ip-2-megapixel-25x-zoom-150-mts-ir-exterior-ip66-wdr-hi-poe-60-ips-ultra-baja-iluminacion\/#breadcrumb\"},\"inLanguage\":\"es-MX\",\"potentialAction\":[{\"@type\":\"ReadAction\",\"target\":[\"https:\/\/www.securitydataandvideo.com\/inicio\/shop\/camara-hikvision-ds-2de5225iw-ae-ptz-ip-2-megapixel-25x-zoom-150-mts-ir-exterior-ip66-wdr-hi-poe-60-ips-ultra-baja-iluminacion\/\"]}]},{\"@type\":\"BreadcrumbList\",\"@id\":\"https:\/\/www.securitydataandvideo.com\/inicio\/shop\/camara-hikvision-ds-2de5225iw-ae-ptz-ip-2-megapixel-25x-zoom-150-mts-ir-exterior-ip66-wdr-hi-poe-60-ips-ultra-baja-iluminacion\/#breadcrumb\",\"itemListElement\":[{\"@type\":\"ListItem\",\"position\":1,\"name\":\"Inicio\",\"item\":\"https:\/\/www.securitydataandvideo.com\/inicio\/\"},{\"@type\":\"ListItem\",\"position\":2,\"name\":\"Shop\",\"item\":\"https:\/\/www.securitydataandvideo.com\/inicio\/shop\/\"},{\"@type\":\"ListItem\",\"position\":3,\"name\":\"Camara Hikvision DS-2DE5225IW-AE PTZ IP 2 Megapixel \/ 25X Zoom \/ 150 mts IR \/ Exterior IP66 \/ WDR \/ Hi-PoE \/ 60 IPS \/ Ultra Baja Iluminaci\u00f3n\"}]},{\"@type\":\"WebSite\",\"@id\":\"https:\/\/www.securitydataandvideo.com\/inicio\/#website\",\"url\":\"https:\/\/www.securitydataandvideo.com\/inicio\/\",\"name\":\"Security Data &amp; Video SA de CV.\",\"description\":\"Seguridad Electr\u00f3nica y Energ\u00eda\",\"publisher\":{\"@id\":\"https:\/\/www.securitydataandvideo.com\/inicio\/#organization\"},\"potentialAction\":[{\"@type\":\"SearchAction\",\"target\":{\"@type\":\"EntryPoint\",\"urlTemplate\":\"https:\/\/www.securitydataandvideo.com\/inicio\/?s={search_term_string}\"},\"query-input\":\"required name=search_term_string\"}],\"inLanguage\":\"es-MX\"},{\"@type\":\"Organization\",\"@id\":\"https:\/\/www.securitydataandvideo.com\/inicio\/#organization\",\"name\":\"Security Data & Video SA de CV\",\"url\":\"https:\/\/www.securitydataandvideo.com\/inicio\/\",\"sameAs\":[],\"logo\":{\"@type\":\"ImageObject\",\"inLanguage\":\"es-MX\",\"@id\":\"https:\/\/www.securitydataandvideo.com\/inicio\/#\/schema\/logo\/image\/\",\"url\":\"https:\/\/www.securitydataandvideo.com\/inicio\/wp-content\/uploads\/2021\/10\/Logo-Azul.png\",\"contentUrl\":\"https:\/\/www.securitydataandvideo.com\/inicio\/wp-content\/uploads\/2021\/10\/Logo-Azul.png\",\"width\":555,\"height\":375,\"caption\":\"Security Data & Video SA de CV\"},\"image\":{\"@id\":\"https:\/\/www.securitydataandvideo.com\/inicio\/#\/schema\/logo\/image\/\"}}]}<\/script>\n<!-- \/ Yoast SEO plugin. -->","yoast_head_json":{"title":"Camara Hikvision DS-2DE5225IW-AE PTZ IP 2 Megapixel","description":"Security Data &amp; Video SA de CV. Camara Hikvision DS-2DE5225IW-AE PTZ IP 2 Megapixel \/ 25X Zoom \/ 150 mts IR \/ Exterior IP66 \/ WDR \/ Hi-PoE","robots":{"index":"index","follow":"follow","max-snippet":"max-snippet:-1","max-image-preview":"max-image-preview:large","max-video-preview":"max-video-preview:-1"},"canonical":"https:\/\/www.securitydataandvideo.com\/inicio\/shop\/camara-hikvision-ds-2de5225iw-ae-ptz-ip-2-megapixel-25x-zoom-150-mts-ir-exterior-ip66-wdr-hi-poe-60-ips-ultra-baja-iluminacion\/","og_locale":"es_MX","og_type":"article","og_title":"Camara Hikvision DS-2DE5225IW-AE PTZ IP 2 Megapixel","og_description":"Security Data &amp; Video SA de CV. Camara Hikvision DS-2DE5225IW-AE PTZ IP 2 Megapixel \/ 25X Zoom \/ 150 mts IR \/ Exterior IP66 \/ WDR \/ Hi-PoE","og_url":"https:\/\/www.securitydataandvideo.com\/inicio\/shop\/camara-hikvision-ds-2de5225iw-ae-ptz-ip-2-megapixel-25x-zoom-150-mts-ir-exterior-ip66-wdr-hi-poe-60-ips-ultra-baja-iluminacion\/","og_site_name":"Security Data &amp; Video SA de CV.","article_modified_time":"2023-10-03T05:10:48+00:00","og_image":[{"width":200,"height":260,"url":"https:\/\/www.securitydataandvideo.com\/inicio\/wp-content\/uploads\/2022\/07\/DS-2DE5225IW-AE.png","type":"image\/png"}],"twitter_card":"summary","twitter_misc":{"Tiempo de lectura":"1 minuto"},"schema":{"@context":"https:\/\/schema.org","@graph":[{"@type":"WebPage","@id":"https:\/\/www.securitydataandvideo.com\/inicio\/shop\/camara-hikvision-ds-2de5225iw-ae-ptz-ip-2-megapixel-25x-zoom-150-mts-ir-exterior-ip66-wdr-hi-poe-60-ips-ultra-baja-iluminacion\/","url":"https:\/\/www.securitydataandvideo.com\/inicio\/shop\/camara-hikvision-ds-2de5225iw-ae-ptz-ip-2-megapixel-25x-zoom-150-mts-ir-exterior-ip66-wdr-hi-poe-60-ips-ultra-baja-iluminacion\/","name":"Camara Hikvision DS-2DE5225IW-AE PTZ IP 2 Megapixel","isPartOf":{"@id":"https:\/\/www.securitydataandvideo.com\/inicio\/#website"},"datePublished":"2022-07-21T17:39:06+00:00","dateModified":"2023-10-03T05:10:48+00:00","description":"Security Data &amp; Video SA de CV. Camara Hikvision DS-2DE5225IW-AE PTZ IP 2 Megapixel \/ 25X Zoom \/ 150 mts IR \/ Exterior IP66 \/ WDR \/ Hi-PoE","breadcrumb":{"@id":"https:\/\/www.securitydataandvideo.com\/inicio\/shop\/camara-hikvision-ds-2de5225iw-ae-ptz-ip-2-megapixel-25x-zoom-150-mts-ir-exterior-ip66-wdr-hi-poe-60-ips-ultra-baja-iluminacion\/#breadcrumb"},"inLanguage":"es-MX","potentialAction":[{"@type":"ReadAction","target":["https:\/\/www.securitydataandvideo.com\/inicio\/shop\/camara-hikvision-ds-2de5225iw-ae-ptz-ip-2-megapixel-25x-zoom-150-mts-ir-exterior-ip66-wdr-hi-poe-60-ips-ultra-baja-iluminacion\/"]}]},{"@type":"BreadcrumbList","@id":"https:\/\/www.securitydataandvideo.com\/inicio\/shop\/camara-hikvision-ds-2de5225iw-ae-ptz-ip-2-megapixel-25x-zoom-150-mts-ir-exterior-ip66-wdr-hi-poe-60-ips-ultra-baja-iluminacion\/#breadcrumb","itemListElement":[{"@type":"ListItem","position":1,"name":"Inicio","item":"https:\/\/www.securitydataandvideo.com\/inicio\/"},{"@type":"ListItem","position":2,"name":"Shop","item":"https:\/\/www.securitydataandvideo.com\/inicio\/shop\/"},{"@type":"ListItem","position":3,"name":"Camara Hikvision DS-2DE5225IW-AE PTZ IP 2 Megapixel \/ 25X Zoom \/ 150 mts IR \/ Exterior IP66 \/ WDR \/ Hi-PoE \/ 60 IPS \/ Ultra Baja Iluminaci\u00f3n"}]},{"@type":"WebSite","@id":"https:\/\/www.securitydataandvideo.com\/inicio\/#website","url":"https:\/\/www.securitydataandvideo.com\/inicio\/","name":"Security Data &amp; Video SA de CV.","description":"Seguridad Electr\u00f3nica y Energ\u00eda","publisher":{"@id":"https:\/\/www.securitydataandvideo.com\/inicio\/#organization"},"potentialAction":[{"@type":"SearchAction","target":{"@type":"EntryPoint","urlTemplate":"https:\/\/www.securitydataandvideo.com\/inicio\/?s={search_term_string}"},"query-input":"required name=search_term_string"}],"inLanguage":"es-MX"},{"@type":"Organization","@id":"https:\/\/www.securitydataandvideo.com\/inicio\/#organization","name":"Security Data & Video SA de CV","url":"https:\/\/www.securitydataandvideo.com\/inicio\/","sameAs":[],"logo":{"@type":"ImageObject","inLanguage":"es-MX","@id":"https:\/\/www.securitydataandvideo.com\/inicio\/#\/schema\/logo\/image\/","url":"https:\/\/www.securitydataandvideo.com\/inicio\/wp-content\/uploads\/2021\/10\/Logo-Azul.png","contentUrl":"https:\/\/www.securitydataandvideo.com\/inicio\/wp-content\/uploads\/2021\/10\/Logo-Azul.png","width":555,"height":375,"caption":"Security Data & Video SA de CV"},"image":{"@id":"https:\/\/www.securitydataandvideo.com\/inicio\/#\/schema\/logo\/image\/"}}]}},"_links":{"self":[{"href":"https:\/\/www.securitydataandvideo.com\/inicio\/wp-json\/wp\/v2\/product\/16032"}],"collection":[{"href":"https:\/\/www.securitydataandvideo.com\/inicio\/wp-json\/wp\/v2\/product"}],"about":[{"href":"https:\/\/www.securitydataandvideo.com\/inicio\/wp-json\/wp\/v2\/types\/product"}],"wp:featuredmedia":[{"embeddable":true,"href":"https:\/\/www.securitydataandvideo.com\/inicio\/wp-json\/wp\/v2\/media\/16083"}],"wp:attachment":[{"href":"https:\/\/www.securitydataandvideo.com\/inicio\/wp-json\/wp\/v2\/media?parent=16032"}],"wp:term":[{"taxonomy":"product_cat","embeddable":true,"href":"https:\/\/www.securitydataandvideo.com\/inicio\/wp-json\/wp\/v2\/product_cat?post=16032"},{"taxonomy":"product_tag","embeddable":true,"href":"https:\/\/www.securitydataandvideo.com\/inicio\/wp-json\/wp\/v2\/product_tag?post=16032"}],"curies":[{"name":"wp","href":"https:\/\/api.w.org\/{rel}","templated":true}]}}