{"id":16033,"date":"2022-07-21T11:39:06","date_gmt":"2022-07-21T17:39:06","guid":{"rendered":"https:\/\/www.securitydataandvideo.com\/inicio\/?post_type=product&#038;p=16033"},"modified":"2023-10-02T23:15:28","modified_gmt":"2023-10-03T05:15:28","slug":"ds2-de5432iw-ae-ptz-ip-4-megapixel-32x-zoom-150-mts-ir-ultra-baja-iluminacion-ip66-wdr-hi-poe","status":"publish","type":"product","link":"https:\/\/www.securitydataandvideo.com\/inicio\/shop\/ds2-de5432iw-ae-ptz-ip-4-megapixel-32x-zoom-150-mts-ir-ultra-baja-iluminacion-ip66-wdr-hi-poe\/","title":{"rendered":"DS2-DE5432IW-AE PTZ IP 4 Megapixel \/ 32X Zoom \/ 150 mts IR \/ Ultra Baja Iluminaci\u00f3n \/ IP66 \/ WDR \/ Hi-PoE"},"content":{"rendered":"<div class=\"col-sm-8 col-md-8 well-sm\">\n<h4 id=\"product_title_164922\" class=\"no_margin_top titulo_vista_producto\">DS2-DE5432IW-AE PTZ IP 4 Megapixel \/ 32X Zoom \/ 150 mts IR \/ Ultra Baja Iluminaci\u00f3n \/ IP66 \/ WDR \/ Hi-PoE<\/h4>\n<\/div>\n<div class=\"hidden-xs col-sm-4 col-md-4\">\n<p><strong>Caracter\u00edsticas principales:<\/strong><\/p>\n<ul>\n<li>Resoluci\u00f3n maxima: 2560\u00a0x 1440\u00a0( 4\u00a0Megapixel).<\/li>\n<li>Iluminacion minima: color 0.005 Lux @ (F1.6, AGC ON).<\/li>\n<li>Iluminacion minima: B\/N\u00a00.001\u00a0Lux @ (F1.6, AGC ON).<\/li>\n<li>D\u00eda \/ Noche Real\u00a0(filtro ICR).<\/li>\n<li>Distancia focal: 4.8\u00a0a 153\u00a0mm (32X zoom \u00f3ptico \/ 16X zoom digital).<\/li>\n<li>Distancia de infrarrojo: 150\u00a0mts\u00a0Smart IR.<\/li>\n<li>Funciones normales<strong>:<\/strong>\u00a0HLC\u00a0\/ ROI \/\u00a0WDR 120dB \/\u00a0BLC \/\u00a0Intrusion de area \/\u00a0Cruece de linea \/ EIS \/ Defog.<\/li>\n<li>Compresi\u00f3n: H.265+ \/ H.265 \/ H.264+ \/ H.264.<\/li>\n<li>Compatible con la plataforma de Hik-Connect.<\/li>\n<li>\n<div id=\"especificaciones\" class=\"tab-pane fade in active\">\n<p><strong>Caracter\u00edsticas F\u00edsicas y El\u00e9ctricas:<\/strong><\/p>\n<ul>\n<li>Alimentaci\u00f3n: 24 vca\u00a0\/ Hi-PoE \/ 30\u00a0W.<\/li>\n<li>Temperatura de operaci\u00f3n: -30\u00b0C a 65\u00b0C \/\u00a0Humedad al 90% m\u00e1ximo.<\/li>\n<li>Uso en exterior IP66<\/li>\n<li>Proteccion contra sobretensiones y proteccion contra voltajes transistorios.<\/li>\n<li>Dimensiones: 208\u00a0x 345\u00a0mm<\/li>\n<li>Peso: 3.3\u00a0Kgs.<\/li>\n<li><strong>Garant\u00eda: 2 a\u00f1os.<\/strong><\/li>\n<li><strong>El PTZ incluye fuente de 24 vca y brazo de pared.<\/strong><\/li>\n<li><strong>Se recomienda usar el modelo\u00a0<a href=\"https:\/\/www.syscom.mx\/principal\/searchcont?route=LAS-6057-CNRJ45-HIKVISION-72655&amp;autodetect=las60\">LAS-6057-CNRJ45<\/a>\u00a0en caso de que requieran alimentar el domo por medio de PoE.<\/strong>\n<div class=\"mceTemp\"><\/div>\n<\/li>\n<\/ul>\n<\/div>\n<\/li>\n<\/ul>\n<\/div>\n","protected":false},"excerpt":{"rendered":"<div class=\"col-sm-8 col-md-8 well-sm\">\n<h4 id=\"product_title_164922\" class=\"no_margin_top titulo_vista_producto\">DS2-DE5432IW-AE PTZ IP 4 Megapixel \/ 32X Zoom \/ 150 mts IR \/ Ultra Baja Iluminaci\u00f3n \/ IP66 \/ WDR \/ Hi-PoE<\/h4>\n<\/div>\n","protected":false},"featured_media":16084,"template":"","meta":{"site-sidebar-layout":"","site-content-layout":"","ast-site-content-layout":"","site-content-style":"default","site-sidebar-style":"default","ast-global-header-display":"","ast-banner-title-visibility":"","ast-main-header-display":"","ast-hfb-above-header-display":"","ast-hfb-below-header-display":"","ast-hfb-mobile-header-display":"","site-post-title":"","ast-breadcrumbs-content":"","ast-featured-img":"","footer-sml-layout":"","theme-transparent-header-meta":"","adv-header-id-meta":"","stick-header-meta":"","header-above-stick-meta":"","header-main-stick-meta":"","header-below-stick-meta":"","astra-migrate-meta-layouts":""},"product_cat":[306],"product_tag":[88],"yoast_head":"<!-- This site is optimized with the Yoast SEO plugin v19.5.1 - https:\/\/yoast.com\/wordpress\/plugins\/seo\/ -->\n<title>DS2-DE5432IW-AE PTZ IP 4 Megapixel \/ 32X Zoom \/ 150 mts IR<\/title>\n<meta name=\"description\" content=\"Security Data &amp; Video SA de CV. DS2-DE5432IW-AE PTZ IP 4 Megapixel \/ 32X Zoom \/ 150 mts IR \/ Ultra Baja Iluminaci\u00f3n \/ IP66 \/ WDR \/ Hi-PoE\" \/>\n<meta name=\"robots\" content=\"index, follow, max-snippet:-1, max-image-preview:large, max-video-preview:-1\" \/>\n<link rel=\"canonical\" href=\"https:\/\/www.securitydataandvideo.com\/inicio\/shop\/ds2-de5432iw-ae-ptz-ip-4-megapixel-32x-zoom-150-mts-ir-ultra-baja-iluminacion-ip66-wdr-hi-poe\/\" \/>\n<meta property=\"og:locale\" content=\"es_MX\" \/>\n<meta property=\"og:type\" content=\"article\" \/>\n<meta property=\"og:title\" content=\"DS2-DE5432IW-AE PTZ IP 4 Megapixel \/ 32X Zoom \/ 150 mts IR\" \/>\n<meta property=\"og:description\" content=\"Security Data &amp; Video SA de CV. DS2-DE5432IW-AE PTZ IP 4 Megapixel \/ 32X Zoom \/ 150 mts IR \/ Ultra Baja Iluminaci\u00f3n \/ IP66 \/ WDR \/ Hi-PoE\" \/>\n<meta property=\"og:url\" content=\"https:\/\/www.securitydataandvideo.com\/inicio\/shop\/ds2-de5432iw-ae-ptz-ip-4-megapixel-32x-zoom-150-mts-ir-ultra-baja-iluminacion-ip66-wdr-hi-poe\/\" \/>\n<meta property=\"og:site_name\" content=\"Security Data &amp; Video SA de CV.\" \/>\n<meta property=\"article:modified_time\" content=\"2023-10-03T05:15:28+00:00\" \/>\n<meta property=\"og:image\" content=\"https:\/\/www.securitydataandvideo.com\/inicio\/wp-content\/uploads\/2022\/07\/DS2-DE5432IW-AE.png\" \/>\n\t<meta property=\"og:image:width\" content=\"217\" \/>\n\t<meta property=\"og:image:height\" content=\"238\" \/>\n\t<meta property=\"og:image:type\" content=\"image\/png\" \/>\n<meta name=\"twitter:card\" content=\"summary\" \/>\n<meta name=\"twitter:label1\" content=\"Tiempo de lectura\" \/>\n\t<meta name=\"twitter:data1\" content=\"1 minuto\" \/>\n<script type=\"application\/ld+json\" class=\"yoast-schema-graph\">{\"@context\":\"https:\/\/schema.org\",\"@graph\":[{\"@type\":\"WebPage\",\"@id\":\"https:\/\/www.securitydataandvideo.com\/inicio\/shop\/ds2-de5432iw-ae-ptz-ip-4-megapixel-32x-zoom-150-mts-ir-ultra-baja-iluminacion-ip66-wdr-hi-poe\/\",\"url\":\"https:\/\/www.securitydataandvideo.com\/inicio\/shop\/ds2-de5432iw-ae-ptz-ip-4-megapixel-32x-zoom-150-mts-ir-ultra-baja-iluminacion-ip66-wdr-hi-poe\/\",\"name\":\"DS2-DE5432IW-AE PTZ IP 4 Megapixel \/ 32X Zoom \/ 150 mts IR\",\"isPartOf\":{\"@id\":\"https:\/\/www.securitydataandvideo.com\/inicio\/#website\"},\"datePublished\":\"2022-07-21T17:39:06+00:00\",\"dateModified\":\"2023-10-03T05:15:28+00:00\",\"description\":\"Security Data &amp; Video SA de CV. DS2-DE5432IW-AE PTZ IP 4 Megapixel \/ 32X Zoom \/ 150 mts IR \/ Ultra Baja Iluminaci\u00f3n \/ IP66 \/ WDR \/ Hi-PoE\",\"breadcrumb\":{\"@id\":\"https:\/\/www.securitydataandvideo.com\/inicio\/shop\/ds2-de5432iw-ae-ptz-ip-4-megapixel-32x-zoom-150-mts-ir-ultra-baja-iluminacion-ip66-wdr-hi-poe\/#breadcrumb\"},\"inLanguage\":\"es-MX\",\"potentialAction\":[{\"@type\":\"ReadAction\",\"target\":[\"https:\/\/www.securitydataandvideo.com\/inicio\/shop\/ds2-de5432iw-ae-ptz-ip-4-megapixel-32x-zoom-150-mts-ir-ultra-baja-iluminacion-ip66-wdr-hi-poe\/\"]}]},{\"@type\":\"BreadcrumbList\",\"@id\":\"https:\/\/www.securitydataandvideo.com\/inicio\/shop\/ds2-de5432iw-ae-ptz-ip-4-megapixel-32x-zoom-150-mts-ir-ultra-baja-iluminacion-ip66-wdr-hi-poe\/#breadcrumb\",\"itemListElement\":[{\"@type\":\"ListItem\",\"position\":1,\"name\":\"Inicio\",\"item\":\"https:\/\/www.securitydataandvideo.com\/inicio\/\"},{\"@type\":\"ListItem\",\"position\":2,\"name\":\"Shop\",\"item\":\"https:\/\/www.securitydataandvideo.com\/inicio\/shop\/\"},{\"@type\":\"ListItem\",\"position\":3,\"name\":\"DS2-DE5432IW-AE PTZ IP 4 Megapixel \/ 32X Zoom \/ 150 mts IR \/ Ultra Baja Iluminaci\u00f3n \/ IP66 \/ WDR \/ Hi-PoE\"}]},{\"@type\":\"WebSite\",\"@id\":\"https:\/\/www.securitydataandvideo.com\/inicio\/#website\",\"url\":\"https:\/\/www.securitydataandvideo.com\/inicio\/\",\"name\":\"Security Data &amp; Video SA de CV.\",\"description\":\"Seguridad Electr\u00f3nica y Energ\u00eda\",\"publisher\":{\"@id\":\"https:\/\/www.securitydataandvideo.com\/inicio\/#organization\"},\"potentialAction\":[{\"@type\":\"SearchAction\",\"target\":{\"@type\":\"EntryPoint\",\"urlTemplate\":\"https:\/\/www.securitydataandvideo.com\/inicio\/?s={search_term_string}\"},\"query-input\":\"required name=search_term_string\"}],\"inLanguage\":\"es-MX\"},{\"@type\":\"Organization\",\"@id\":\"https:\/\/www.securitydataandvideo.com\/inicio\/#organization\",\"name\":\"Security Data & Video SA de CV\",\"url\":\"https:\/\/www.securitydataandvideo.com\/inicio\/\",\"sameAs\":[],\"logo\":{\"@type\":\"ImageObject\",\"inLanguage\":\"es-MX\",\"@id\":\"https:\/\/www.securitydataandvideo.com\/inicio\/#\/schema\/logo\/image\/\",\"url\":\"https:\/\/www.securitydataandvideo.com\/inicio\/wp-content\/uploads\/2021\/10\/Logo-Azul.png\",\"contentUrl\":\"https:\/\/www.securitydataandvideo.com\/inicio\/wp-content\/uploads\/2021\/10\/Logo-Azul.png\",\"width\":555,\"height\":375,\"caption\":\"Security Data & Video SA de CV\"},\"image\":{\"@id\":\"https:\/\/www.securitydataandvideo.com\/inicio\/#\/schema\/logo\/image\/\"}}]}<\/script>\n<!-- \/ Yoast SEO plugin. -->","yoast_head_json":{"title":"DS2-DE5432IW-AE PTZ IP 4 Megapixel \/ 32X Zoom \/ 150 mts IR","description":"Security Data &amp; Video SA de CV. DS2-DE5432IW-AE PTZ IP 4 Megapixel \/ 32X Zoom \/ 150 mts IR \/ Ultra Baja Iluminaci\u00f3n \/ IP66 \/ WDR \/ Hi-PoE","robots":{"index":"index","follow":"follow","max-snippet":"max-snippet:-1","max-image-preview":"max-image-preview:large","max-video-preview":"max-video-preview:-1"},"canonical":"https:\/\/www.securitydataandvideo.com\/inicio\/shop\/ds2-de5432iw-ae-ptz-ip-4-megapixel-32x-zoom-150-mts-ir-ultra-baja-iluminacion-ip66-wdr-hi-poe\/","og_locale":"es_MX","og_type":"article","og_title":"DS2-DE5432IW-AE PTZ IP 4 Megapixel \/ 32X Zoom \/ 150 mts IR","og_description":"Security Data &amp; Video SA de CV. DS2-DE5432IW-AE PTZ IP 4 Megapixel \/ 32X Zoom \/ 150 mts IR \/ Ultra Baja Iluminaci\u00f3n \/ IP66 \/ WDR \/ Hi-PoE","og_url":"https:\/\/www.securitydataandvideo.com\/inicio\/shop\/ds2-de5432iw-ae-ptz-ip-4-megapixel-32x-zoom-150-mts-ir-ultra-baja-iluminacion-ip66-wdr-hi-poe\/","og_site_name":"Security Data &amp; Video SA de CV.","article_modified_time":"2023-10-03T05:15:28+00:00","og_image":[{"width":217,"height":238,"url":"https:\/\/www.securitydataandvideo.com\/inicio\/wp-content\/uploads\/2022\/07\/DS2-DE5432IW-AE.png","type":"image\/png"}],"twitter_card":"summary","twitter_misc":{"Tiempo de lectura":"1 minuto"},"schema":{"@context":"https:\/\/schema.org","@graph":[{"@type":"WebPage","@id":"https:\/\/www.securitydataandvideo.com\/inicio\/shop\/ds2-de5432iw-ae-ptz-ip-4-megapixel-32x-zoom-150-mts-ir-ultra-baja-iluminacion-ip66-wdr-hi-poe\/","url":"https:\/\/www.securitydataandvideo.com\/inicio\/shop\/ds2-de5432iw-ae-ptz-ip-4-megapixel-32x-zoom-150-mts-ir-ultra-baja-iluminacion-ip66-wdr-hi-poe\/","name":"DS2-DE5432IW-AE PTZ IP 4 Megapixel \/ 32X Zoom \/ 150 mts IR","isPartOf":{"@id":"https:\/\/www.securitydataandvideo.com\/inicio\/#website"},"datePublished":"2022-07-21T17:39:06+00:00","dateModified":"2023-10-03T05:15:28+00:00","description":"Security Data &amp; Video SA de CV. DS2-DE5432IW-AE PTZ IP 4 Megapixel \/ 32X Zoom \/ 150 mts IR \/ Ultra Baja Iluminaci\u00f3n \/ IP66 \/ WDR \/ Hi-PoE","breadcrumb":{"@id":"https:\/\/www.securitydataandvideo.com\/inicio\/shop\/ds2-de5432iw-ae-ptz-ip-4-megapixel-32x-zoom-150-mts-ir-ultra-baja-iluminacion-ip66-wdr-hi-poe\/#breadcrumb"},"inLanguage":"es-MX","potentialAction":[{"@type":"ReadAction","target":["https:\/\/www.securitydataandvideo.com\/inicio\/shop\/ds2-de5432iw-ae-ptz-ip-4-megapixel-32x-zoom-150-mts-ir-ultra-baja-iluminacion-ip66-wdr-hi-poe\/"]}]},{"@type":"BreadcrumbList","@id":"https:\/\/www.securitydataandvideo.com\/inicio\/shop\/ds2-de5432iw-ae-ptz-ip-4-megapixel-32x-zoom-150-mts-ir-ultra-baja-iluminacion-ip66-wdr-hi-poe\/#breadcrumb","itemListElement":[{"@type":"ListItem","position":1,"name":"Inicio","item":"https:\/\/www.securitydataandvideo.com\/inicio\/"},{"@type":"ListItem","position":2,"name":"Shop","item":"https:\/\/www.securitydataandvideo.com\/inicio\/shop\/"},{"@type":"ListItem","position":3,"name":"DS2-DE5432IW-AE PTZ IP 4 Megapixel \/ 32X Zoom \/ 150 mts IR \/ Ultra Baja Iluminaci\u00f3n \/ IP66 \/ WDR \/ Hi-PoE"}]},{"@type":"WebSite","@id":"https:\/\/www.securitydataandvideo.com\/inicio\/#website","url":"https:\/\/www.securitydataandvideo.com\/inicio\/","name":"Security Data &amp; Video SA de CV.","description":"Seguridad Electr\u00f3nica y Energ\u00eda","publisher":{"@id":"https:\/\/www.securitydataandvideo.com\/inicio\/#organization"},"potentialAction":[{"@type":"SearchAction","target":{"@type":"EntryPoint","urlTemplate":"https:\/\/www.securitydataandvideo.com\/inicio\/?s={search_term_string}"},"query-input":"required name=search_term_string"}],"inLanguage":"es-MX"},{"@type":"Organization","@id":"https:\/\/www.securitydataandvideo.com\/inicio\/#organization","name":"Security Data & Video SA de CV","url":"https:\/\/www.securitydataandvideo.com\/inicio\/","sameAs":[],"logo":{"@type":"ImageObject","inLanguage":"es-MX","@id":"https:\/\/www.securitydataandvideo.com\/inicio\/#\/schema\/logo\/image\/","url":"https:\/\/www.securitydataandvideo.com\/inicio\/wp-content\/uploads\/2021\/10\/Logo-Azul.png","contentUrl":"https:\/\/www.securitydataandvideo.com\/inicio\/wp-content\/uploads\/2021\/10\/Logo-Azul.png","width":555,"height":375,"caption":"Security Data & Video SA de CV"},"image":{"@id":"https:\/\/www.securitydataandvideo.com\/inicio\/#\/schema\/logo\/image\/"}}]}},"_links":{"self":[{"href":"https:\/\/www.securitydataandvideo.com\/inicio\/wp-json\/wp\/v2\/product\/16033"}],"collection":[{"href":"https:\/\/www.securitydataandvideo.com\/inicio\/wp-json\/wp\/v2\/product"}],"about":[{"href":"https:\/\/www.securitydataandvideo.com\/inicio\/wp-json\/wp\/v2\/types\/product"}],"wp:featuredmedia":[{"embeddable":true,"href":"https:\/\/www.securitydataandvideo.com\/inicio\/wp-json\/wp\/v2\/media\/16084"}],"wp:attachment":[{"href":"https:\/\/www.securitydataandvideo.com\/inicio\/wp-json\/wp\/v2\/media?parent=16033"}],"wp:term":[{"taxonomy":"product_cat","embeddable":true,"href":"https:\/\/www.securitydataandvideo.com\/inicio\/wp-json\/wp\/v2\/product_cat?post=16033"},{"taxonomy":"product_tag","embeddable":true,"href":"https:\/\/www.securitydataandvideo.com\/inicio\/wp-json\/wp\/v2\/product_tag?post=16033"}],"curies":[{"name":"wp","href":"https:\/\/api.w.org\/{rel}","templated":true}]}}