{"id":16038,"date":"2022-07-21T11:39:07","date_gmt":"2022-07-21T17:39:07","guid":{"rendered":"https:\/\/www.securitydataandvideo.com\/inicio\/?post_type=product&#038;p=16038"},"modified":"2023-10-02T23:10:15","modified_gmt":"2023-10-03T05:10:15","slug":"ds-2cd1131-i-domo-hikvision-ip-3-megapixel-30-mts-ir-inteligente-dwdr-ip67-ik10-hik-connect-p2p-h-264-poe-onvif","status":"publish","type":"product","link":"https:\/\/www.securitydataandvideo.com\/inicio\/shop\/ds-2cd1131-i-domo-hikvision-ip-3-megapixel-30-mts-ir-inteligente-dwdr-ip67-ik10-hik-connect-p2p-h-264-poe-onvif\/","title":{"rendered":"DS-2CD1131-I Domo Hikvision IP 3 Megapixel \/ 30 mts IR Inteligente \/ dWDR \/ IP67 \/ IK10 \/ Hik-Connect P2P \/ H.264+ \/ PoE \/ ONVIF"},"content":{"rendered":"<div class=\"col-sm-8 col-md-8 well-sm\">\n<p id=\"product_title_88752\" class=\"no_margin_top titulo_vista_producto\">DS-2CD1131-I Domo Hikvision IP 3 Megapixel \/ 30 mts IR Inteligente \/ dWDR \/ IP67 \/ IK10 \/ Hik-Connect P2P \/ H.264+ \/ PoE \/ ONVIF<\/p>\n<\/div>\n<div class=\"hidden-xs col-sm-4 col-md-4\">\n<p><strong>Caracter\u00edsticas de la c\u00e1mara:<\/strong><\/p>\n<ul>\n<li>Sensor de imagen: 1\/4&#8243;\u00a0CMOS Scan Progresivo.<\/li>\n<li>Iluminaci\u00f3n m\u00ednima: Color: 0.01\u00a0Lux@(F1.2,AGC ON), 0 Lux c\u00f3n\u00a0IR, B\/W: 0.0029\u00a0Lux@(F2.0,AGC ON), 0 Lux c\u00f3n\u00a0IR<\/li>\n<li>Velocidad del sutther: 1\/3 s &#8211; 1\/100,000 s.<\/li>\n<li>Dia \/ Noche real con filtro ICR.<\/li>\n<li>Lente fijo:\u00a02.8 mm.<\/li>\n<li>Distancia de IR: 30 m IR inteligente.<\/li>\n<li><strong>Funciones:<\/strong>\u00a0dWDR,\u00a03D-DNR, BLC.<\/li>\n<\/ul>\n<p><strong>Caracter\u00edsticas f\u00edsicas y el\u00e9ctricas:<\/strong><\/p>\n<ul>\n<li>Temperatura de operaci\u00f3n:\u00a0-30 a\u00a060 \u00b0C (-22 \u00b0F \u2013 140 \u00b0F), humedad 95%.<\/li>\n<li>Alimentacion: 12Vcd \/ PoE (802.3af) \/ 4\u00a0W.<\/li>\n<li>Protecci\u00f3n: IP67 \/ IK10.<\/li>\n<li>Dimensiones: 111\u00a0x 82\u00a0mm.<\/li>\n<li>Peso: 500 grs.<\/li>\n<li><strong style=\"font-size: 16px;\">Garant\u00eda: 1\u00a0a\u00f1o.<\/strong><\/li>\n<\/ul>\n<p>DS-2CD1131-I Domo Hikvision IP 3 Megapixel<\/p>\n<\/div>\n","protected":false},"excerpt":{"rendered":"<div class=\"col-sm-8 col-md-8 well-sm\">\n<p id=\"product_title_88752\" class=\"no_margin_top titulo_vista_producto\">DS-2CD1131-I Domo IP 3 Megapixel \/ 30 mts IR Inteligente \/ dWDR \/ IP67 \/ IK10 \/ Hik-Connect P2P \/ H.264+ \/ PoE \/ ONVIF<\/p>\n<\/div>\n","protected":false},"featured_media":16089,"template":"","meta":{"site-sidebar-layout":"default","site-content-layout":"default","ast-site-content-layout":"","site-content-style":"default","site-sidebar-style":"default","ast-global-header-display":"","ast-banner-title-visibility":"","ast-main-header-display":"","ast-hfb-above-header-display":"","ast-hfb-below-header-display":"","ast-hfb-mobile-header-display":"","site-post-title":"","ast-breadcrumbs-content":"","ast-featured-img":"","footer-sml-layout":"","theme-transparent-header-meta":"default","adv-header-id-meta":"","stick-header-meta":"","header-above-stick-meta":"","header-main-stick-meta":"","header-below-stick-meta":"","astra-migrate-meta-layouts":""},"product_cat":[306],"product_tag":[],"yoast_head":"<!-- This site is optimized with the Yoast SEO plugin v19.5.1 - https:\/\/yoast.com\/wordpress\/plugins\/seo\/ -->\n<title>DS-2CD1131-I Domo Hikvision IP 3 Megapixel Security Data &amp; Video SA de CV.<\/title>\n<meta name=\"description\" content=\"Security Data &amp; Video SA de CV. DS-2CD1131-I Domo Hikvision IP 3 Megapixel \/ 30 mts IR Inteligente \/ dWDR \/ IP67 \/ IK10 \/ Hik-Connect Venta e Instalacion\" \/>\n<meta name=\"robots\" content=\"index, follow, max-snippet:-1, max-image-preview:large, max-video-preview:-1\" \/>\n<link rel=\"canonical\" href=\"https:\/\/www.securitydataandvideo.com\/inicio\/shop\/ds-2cd1131-i-domo-hikvision-ip-3-megapixel-30-mts-ir-inteligente-dwdr-ip67-ik10-hik-connect-p2p-h-264-poe-onvif\/\" \/>\n<meta property=\"og:locale\" content=\"es_MX\" \/>\n<meta property=\"og:type\" content=\"article\" \/>\n<meta property=\"og:title\" content=\"DS-2CD1131-I Domo Hikvision IP 3 Megapixel Security Data &amp; Video SA de CV.\" \/>\n<meta property=\"og:description\" content=\"Security Data &amp; Video SA de CV. DS-2CD1131-I Domo Hikvision IP 3 Megapixel \/ 30 mts IR Inteligente \/ dWDR \/ IP67 \/ IK10 \/ Hik-Connect Venta e Instalacion\" \/>\n<meta property=\"og:url\" content=\"https:\/\/www.securitydataandvideo.com\/inicio\/shop\/ds-2cd1131-i-domo-hikvision-ip-3-megapixel-30-mts-ir-inteligente-dwdr-ip67-ik10-hik-connect-p2p-h-264-poe-onvif\/\" \/>\n<meta property=\"og:site_name\" content=\"Security Data &amp; Video SA de CV.\" \/>\n<meta property=\"article:modified_time\" content=\"2023-10-03T05:10:15+00:00\" \/>\n<meta property=\"og:image\" content=\"https:\/\/www.securitydataandvideo.com\/inicio\/wp-content\/uploads\/2022\/07\/DS-2CD1101-I-Hikvision.png\" \/>\n\t<meta property=\"og:image:width\" content=\"236\" \/>\n\t<meta property=\"og:image:height\" content=\"242\" \/>\n\t<meta property=\"og:image:type\" content=\"image\/png\" \/>\n<meta name=\"twitter:card\" content=\"summary\" \/>\n<meta name=\"twitter:label1\" content=\"Tiempo de lectura\" \/>\n\t<meta name=\"twitter:data1\" content=\"1 minuto\" \/>\n<script type=\"application\/ld+json\" class=\"yoast-schema-graph\">{\"@context\":\"https:\/\/schema.org\",\"@graph\":[{\"@type\":\"WebPage\",\"@id\":\"https:\/\/www.securitydataandvideo.com\/inicio\/shop\/ds-2cd1131-i-domo-hikvision-ip-3-megapixel-30-mts-ir-inteligente-dwdr-ip67-ik10-hik-connect-p2p-h-264-poe-onvif\/\",\"url\":\"https:\/\/www.securitydataandvideo.com\/inicio\/shop\/ds-2cd1131-i-domo-hikvision-ip-3-megapixel-30-mts-ir-inteligente-dwdr-ip67-ik10-hik-connect-p2p-h-264-poe-onvif\/\",\"name\":\"DS-2CD1131-I Domo Hikvision IP 3 Megapixel Security Data &amp; Video SA de CV.\",\"isPartOf\":{\"@id\":\"https:\/\/www.securitydataandvideo.com\/inicio\/#website\"},\"datePublished\":\"2022-07-21T17:39:07+00:00\",\"dateModified\":\"2023-10-03T05:10:15+00:00\",\"description\":\"Security Data &amp; Video SA de CV. DS-2CD1131-I Domo Hikvision IP 3 Megapixel \/ 30 mts IR Inteligente \/ dWDR \/ IP67 \/ IK10 \/ Hik-Connect Venta e Instalacion\",\"breadcrumb\":{\"@id\":\"https:\/\/www.securitydataandvideo.com\/inicio\/shop\/ds-2cd1131-i-domo-hikvision-ip-3-megapixel-30-mts-ir-inteligente-dwdr-ip67-ik10-hik-connect-p2p-h-264-poe-onvif\/#breadcrumb\"},\"inLanguage\":\"es-MX\",\"potentialAction\":[{\"@type\":\"ReadAction\",\"target\":[\"https:\/\/www.securitydataandvideo.com\/inicio\/shop\/ds-2cd1131-i-domo-hikvision-ip-3-megapixel-30-mts-ir-inteligente-dwdr-ip67-ik10-hik-connect-p2p-h-264-poe-onvif\/\"]}]},{\"@type\":\"BreadcrumbList\",\"@id\":\"https:\/\/www.securitydataandvideo.com\/inicio\/shop\/ds-2cd1131-i-domo-hikvision-ip-3-megapixel-30-mts-ir-inteligente-dwdr-ip67-ik10-hik-connect-p2p-h-264-poe-onvif\/#breadcrumb\",\"itemListElement\":[{\"@type\":\"ListItem\",\"position\":1,\"name\":\"Inicio\",\"item\":\"https:\/\/www.securitydataandvideo.com\/inicio\/\"},{\"@type\":\"ListItem\",\"position\":2,\"name\":\"Shop\",\"item\":\"https:\/\/www.securitydataandvideo.com\/inicio\/shop\/\"},{\"@type\":\"ListItem\",\"position\":3,\"name\":\"DS-2CD1131-I Domo Hikvision IP 3 Megapixel \/ 30 mts IR Inteligente \/ dWDR \/ IP67 \/ IK10 \/ Hik-Connect P2P \/ H.264+ \/ PoE \/ ONVIF\"}]},{\"@type\":\"WebSite\",\"@id\":\"https:\/\/www.securitydataandvideo.com\/inicio\/#website\",\"url\":\"https:\/\/www.securitydataandvideo.com\/inicio\/\",\"name\":\"Security Data &amp; Video SA de CV.\",\"description\":\"Seguridad Electr\u00f3nica y Energ\u00eda\",\"publisher\":{\"@id\":\"https:\/\/www.securitydataandvideo.com\/inicio\/#organization\"},\"potentialAction\":[{\"@type\":\"SearchAction\",\"target\":{\"@type\":\"EntryPoint\",\"urlTemplate\":\"https:\/\/www.securitydataandvideo.com\/inicio\/?s={search_term_string}\"},\"query-input\":\"required name=search_term_string\"}],\"inLanguage\":\"es-MX\"},{\"@type\":\"Organization\",\"@id\":\"https:\/\/www.securitydataandvideo.com\/inicio\/#organization\",\"name\":\"Security Data & Video SA de CV\",\"url\":\"https:\/\/www.securitydataandvideo.com\/inicio\/\",\"sameAs\":[],\"logo\":{\"@type\":\"ImageObject\",\"inLanguage\":\"es-MX\",\"@id\":\"https:\/\/www.securitydataandvideo.com\/inicio\/#\/schema\/logo\/image\/\",\"url\":\"https:\/\/www.securitydataandvideo.com\/inicio\/wp-content\/uploads\/2021\/10\/Logo-Azul.png\",\"contentUrl\":\"https:\/\/www.securitydataandvideo.com\/inicio\/wp-content\/uploads\/2021\/10\/Logo-Azul.png\",\"width\":555,\"height\":375,\"caption\":\"Security Data & Video SA de CV\"},\"image\":{\"@id\":\"https:\/\/www.securitydataandvideo.com\/inicio\/#\/schema\/logo\/image\/\"}}]}<\/script>\n<!-- \/ Yoast SEO plugin. -->","yoast_head_json":{"title":"DS-2CD1131-I Domo Hikvision IP 3 Megapixel Security Data &amp; Video SA de CV.","description":"Security Data &amp; Video SA de CV. DS-2CD1131-I Domo Hikvision IP 3 Megapixel \/ 30 mts IR Inteligente \/ dWDR \/ IP67 \/ IK10 \/ Hik-Connect Venta e Instalacion","robots":{"index":"index","follow":"follow","max-snippet":"max-snippet:-1","max-image-preview":"max-image-preview:large","max-video-preview":"max-video-preview:-1"},"canonical":"https:\/\/www.securitydataandvideo.com\/inicio\/shop\/ds-2cd1131-i-domo-hikvision-ip-3-megapixel-30-mts-ir-inteligente-dwdr-ip67-ik10-hik-connect-p2p-h-264-poe-onvif\/","og_locale":"es_MX","og_type":"article","og_title":"DS-2CD1131-I Domo Hikvision IP 3 Megapixel Security Data &amp; Video SA de CV.","og_description":"Security Data &amp; Video SA de CV. DS-2CD1131-I Domo Hikvision IP 3 Megapixel \/ 30 mts IR Inteligente \/ dWDR \/ IP67 \/ IK10 \/ Hik-Connect Venta e Instalacion","og_url":"https:\/\/www.securitydataandvideo.com\/inicio\/shop\/ds-2cd1131-i-domo-hikvision-ip-3-megapixel-30-mts-ir-inteligente-dwdr-ip67-ik10-hik-connect-p2p-h-264-poe-onvif\/","og_site_name":"Security Data &amp; Video SA de CV.","article_modified_time":"2023-10-03T05:10:15+00:00","og_image":[{"width":236,"height":242,"url":"https:\/\/www.securitydataandvideo.com\/inicio\/wp-content\/uploads\/2022\/07\/DS-2CD1101-I-Hikvision.png","type":"image\/png"}],"twitter_card":"summary","twitter_misc":{"Tiempo de lectura":"1 minuto"},"schema":{"@context":"https:\/\/schema.org","@graph":[{"@type":"WebPage","@id":"https:\/\/www.securitydataandvideo.com\/inicio\/shop\/ds-2cd1131-i-domo-hikvision-ip-3-megapixel-30-mts-ir-inteligente-dwdr-ip67-ik10-hik-connect-p2p-h-264-poe-onvif\/","url":"https:\/\/www.securitydataandvideo.com\/inicio\/shop\/ds-2cd1131-i-domo-hikvision-ip-3-megapixel-30-mts-ir-inteligente-dwdr-ip67-ik10-hik-connect-p2p-h-264-poe-onvif\/","name":"DS-2CD1131-I Domo Hikvision IP 3 Megapixel Security Data &amp; Video SA de CV.","isPartOf":{"@id":"https:\/\/www.securitydataandvideo.com\/inicio\/#website"},"datePublished":"2022-07-21T17:39:07+00:00","dateModified":"2023-10-03T05:10:15+00:00","description":"Security Data &amp; Video SA de CV. DS-2CD1131-I Domo Hikvision IP 3 Megapixel \/ 30 mts IR Inteligente \/ dWDR \/ IP67 \/ IK10 \/ Hik-Connect Venta e Instalacion","breadcrumb":{"@id":"https:\/\/www.securitydataandvideo.com\/inicio\/shop\/ds-2cd1131-i-domo-hikvision-ip-3-megapixel-30-mts-ir-inteligente-dwdr-ip67-ik10-hik-connect-p2p-h-264-poe-onvif\/#breadcrumb"},"inLanguage":"es-MX","potentialAction":[{"@type":"ReadAction","target":["https:\/\/www.securitydataandvideo.com\/inicio\/shop\/ds-2cd1131-i-domo-hikvision-ip-3-megapixel-30-mts-ir-inteligente-dwdr-ip67-ik10-hik-connect-p2p-h-264-poe-onvif\/"]}]},{"@type":"BreadcrumbList","@id":"https:\/\/www.securitydataandvideo.com\/inicio\/shop\/ds-2cd1131-i-domo-hikvision-ip-3-megapixel-30-mts-ir-inteligente-dwdr-ip67-ik10-hik-connect-p2p-h-264-poe-onvif\/#breadcrumb","itemListElement":[{"@type":"ListItem","position":1,"name":"Inicio","item":"https:\/\/www.securitydataandvideo.com\/inicio\/"},{"@type":"ListItem","position":2,"name":"Shop","item":"https:\/\/www.securitydataandvideo.com\/inicio\/shop\/"},{"@type":"ListItem","position":3,"name":"DS-2CD1131-I Domo Hikvision IP 3 Megapixel \/ 30 mts IR Inteligente \/ dWDR \/ IP67 \/ IK10 \/ Hik-Connect P2P \/ H.264+ \/ PoE \/ ONVIF"}]},{"@type":"WebSite","@id":"https:\/\/www.securitydataandvideo.com\/inicio\/#website","url":"https:\/\/www.securitydataandvideo.com\/inicio\/","name":"Security Data &amp; Video SA de CV.","description":"Seguridad Electr\u00f3nica y Energ\u00eda","publisher":{"@id":"https:\/\/www.securitydataandvideo.com\/inicio\/#organization"},"potentialAction":[{"@type":"SearchAction","target":{"@type":"EntryPoint","urlTemplate":"https:\/\/www.securitydataandvideo.com\/inicio\/?s={search_term_string}"},"query-input":"required name=search_term_string"}],"inLanguage":"es-MX"},{"@type":"Organization","@id":"https:\/\/www.securitydataandvideo.com\/inicio\/#organization","name":"Security Data & Video SA de CV","url":"https:\/\/www.securitydataandvideo.com\/inicio\/","sameAs":[],"logo":{"@type":"ImageObject","inLanguage":"es-MX","@id":"https:\/\/www.securitydataandvideo.com\/inicio\/#\/schema\/logo\/image\/","url":"https:\/\/www.securitydataandvideo.com\/inicio\/wp-content\/uploads\/2021\/10\/Logo-Azul.png","contentUrl":"https:\/\/www.securitydataandvideo.com\/inicio\/wp-content\/uploads\/2021\/10\/Logo-Azul.png","width":555,"height":375,"caption":"Security Data & Video SA de CV"},"image":{"@id":"https:\/\/www.securitydataandvideo.com\/inicio\/#\/schema\/logo\/image\/"}}]}},"_links":{"self":[{"href":"https:\/\/www.securitydataandvideo.com\/inicio\/wp-json\/wp\/v2\/product\/16038"}],"collection":[{"href":"https:\/\/www.securitydataandvideo.com\/inicio\/wp-json\/wp\/v2\/product"}],"about":[{"href":"https:\/\/www.securitydataandvideo.com\/inicio\/wp-json\/wp\/v2\/types\/product"}],"wp:featuredmedia":[{"embeddable":true,"href":"https:\/\/www.securitydataandvideo.com\/inicio\/wp-json\/wp\/v2\/media\/16089"}],"wp:attachment":[{"href":"https:\/\/www.securitydataandvideo.com\/inicio\/wp-json\/wp\/v2\/media?parent=16038"}],"wp:term":[{"taxonomy":"product_cat","embeddable":true,"href":"https:\/\/www.securitydataandvideo.com\/inicio\/wp-json\/wp\/v2\/product_cat?post=16038"},{"taxonomy":"product_tag","embeddable":true,"href":"https:\/\/www.securitydataandvideo.com\/inicio\/wp-json\/wp\/v2\/product_tag?post=16038"}],"curies":[{"name":"wp","href":"https:\/\/api.w.org\/{rel}","templated":true}]}}