{"id":16061,"date":"2022-07-21T11:39:54","date_gmt":"2022-07-21T17:39:54","guid":{"rendered":"https:\/\/www.securitydataandvideo.com\/inicio\/?post_type=product&#038;p=16061"},"modified":"2023-10-02T23:09:23","modified_gmt":"2023-10-03T05:09:23","slug":"ipc-d121h-camara-hilook-series-domo-ip-2-megapixel-30-mts-ir-h-265-exterior-ip67-antivandalica-ik10-dwdr-poe-lente-2-8-mm","status":"publish","type":"product","link":"https:\/\/www.securitydataandvideo.com\/inicio\/shop\/ipc-d121h-camara-hilook-series-domo-ip-2-megapixel-30-mts-ir-h-265-exterior-ip67-antivandalica-ik10-dwdr-poe-lente-2-8-mm\/","title":{"rendered":"IPC-D121H Camara HiLook Series \/ Domo IP 2 Megapixel \/ 30 mts IR \/ H.265+ \/ Exterior IP67 \/ Antivandalica IK10 \/ dWDR \/ PoE \/ Lente 2.8 mm"},"content":{"rendered":"<div class=\"col-sm-8 col-md-8 well-sm\">\n<p id=\"product_title_162424\" class=\"no_margin_top titulo_vista_producto\">IPC-D121H Camara HiLook Series \/ Domo IP 2 Megapixel \/ 30 mts IR \/ H.265+ \/ Exterior IP67 \/ Antivandalica IK10 \/ dWDR \/ PoE \/ Lente 2.8 mm<\/p>\n<\/div>\n<div class=\"hidden-xs col-sm-4 col-md-4\">\n<h6><strong>Caracter\u00edsticas principales:<\/strong><\/h6>\n<p>Resoluci\u00f3n m\u00e1xima: 1920 x 1080 ( 2 Megapixel).<\/p>\n<p>Iluminaci\u00f3n m\u00ednima: color 0.01 Lux @ (F2.0, AGC ON).<\/p>\n<p>Iluminaci\u00f3n m\u00ednima: B\/N\u00a00.028 Lux con IR.<\/p>\n<p>D\u00eda \/ Noche Real\u00a0(filtro ICR).<\/p>\n<p>Distancia focal: 2.8 mm ( angulo de visi\u00f3n 114\u00ba ).<\/p>\n<p>Distancia de infrarrojo: 30\u00a0mts\u00a0Smart IR.<\/p>\n<p>Funciones normales<strong>:<\/strong>\u00a0dWDR \/ BLC \/ 3D-DNR.<\/p>\n<p>Compresi\u00f3n: H.265 \/ H.264+ \/ H.264.<\/p>\n<p>Compatible con la plataforma de Hik-Connect.<\/p>\n<h6><strong>Caracter\u00edsticas F\u00edsicas y El\u00e9ctricas:<\/strong><\/h6>\n<p>Alimentaci\u00f3n: 12 Vcd \/ 7 W \/ PoE (802.3 af).<\/p>\n<p>Temperatura de operaci\u00f3n: -30\u00b0C a 50\u00b0C \/\u00a0Humedad al 90% m\u00e1ximo.<\/p>\n<p>Uso en Exterior \/ IP67 &#8211; Antivandalico IK10.<\/p>\n<p>Protecci\u00f3n contra sobretensiones y protecci\u00f3n contra voltajes transitorios.<\/p>\n<p>Dimensiones: 111\u00a0x 82.4\u00a0mm<\/p>\n<p>Fabricado en material de metal con base de pl\u00e1stico.<\/p>\n<p>Peso: 400 grs.<\/p>\n<p><strong>Garant\u00eda: 1 a\u00f1o.<\/strong><\/p>\n<p>IPC-D121H Camara HiLook Series \/ Domo IP 2 Megapixel<\/p>\n<\/div>\n","protected":false},"excerpt":{"rendered":"<div class=\"col-sm-8 col-md-8 well-sm\">\n<p id=\"product_title_162424\" class=\"no_margin_top titulo_vista_producto\">IPC-D121H Camara HiLook Series \/ Domo IP 2 Megapixel \/ 30 mts IR \/ H.265+ \/ Exterior IP67 \/ Antivandalica IK10 \/ dWDR \/ PoE \/ Lente 2.8 mm<\/p>\n<\/div>\n<div class=\"hidden-xs col-sm-4 col-md-4\"><\/div>\n","protected":false},"featured_media":16091,"template":"","meta":{"site-sidebar-layout":"default","site-content-layout":"default","ast-site-content-layout":"","site-content-style":"default","site-sidebar-style":"default","ast-global-header-display":"","ast-banner-title-visibility":"","ast-main-header-display":"","ast-hfb-above-header-display":"","ast-hfb-below-header-display":"","ast-hfb-mobile-header-display":"","site-post-title":"","ast-breadcrumbs-content":"","ast-featured-img":"","footer-sml-layout":"","theme-transparent-header-meta":"default","adv-header-id-meta":"","stick-header-meta":"","header-above-stick-meta":"","header-main-stick-meta":"","header-below-stick-meta":"","astra-migrate-meta-layouts":""},"product_cat":[306],"product_tag":[88],"yoast_head":"<!-- This site is optimized with the Yoast SEO plugin v19.5.1 - https:\/\/yoast.com\/wordpress\/plugins\/seo\/ -->\n<title>IPC-D121H Camara HiLook Series \/ Domo IP 2 Megapixel<\/title>\n<meta name=\"description\" content=\"Security Data &amp; Video SA de CV.IPC-D121H Camara HiLook Series \/ Domo IP 2 Megapixel \/ 30 mts IR \/ H.265+ \/ Exterior IP67 \/ Antivandalica IK10 \/ dWDR\" \/>\n<meta name=\"robots\" content=\"index, follow, max-snippet:-1, max-image-preview:large, max-video-preview:-1\" \/>\n<link rel=\"canonical\" href=\"https:\/\/www.securitydataandvideo.com\/inicio\/shop\/ipc-d121h-camara-hilook-series-domo-ip-2-megapixel-30-mts-ir-h-265-exterior-ip67-antivandalica-ik10-dwdr-poe-lente-2-8-mm\/\" \/>\n<meta property=\"og:locale\" content=\"es_MX\" \/>\n<meta property=\"og:type\" content=\"article\" \/>\n<meta property=\"og:title\" content=\"IPC-D121H Camara HiLook Series \/ Domo IP 2 Megapixel\" \/>\n<meta property=\"og:description\" content=\"Security Data &amp; Video SA de CV.IPC-D121H Camara HiLook Series \/ Domo IP 2 Megapixel \/ 30 mts IR \/ H.265+ \/ Exterior IP67 \/ Antivandalica IK10 \/ dWDR\" \/>\n<meta property=\"og:url\" content=\"https:\/\/www.securitydataandvideo.com\/inicio\/shop\/ipc-d121h-camara-hilook-series-domo-ip-2-megapixel-30-mts-ir-h-265-exterior-ip67-antivandalica-ik10-dwdr-poe-lente-2-8-mm\/\" \/>\n<meta property=\"og:site_name\" content=\"Security Data &amp; Video SA de CV.\" \/>\n<meta property=\"article:modified_time\" content=\"2023-10-03T05:09:23+00:00\" \/>\n<meta property=\"og:image\" content=\"https:\/\/www.securitydataandvideo.com\/inicio\/wp-content\/uploads\/2022\/07\/IPC-D121H-HiLook.png\" \/>\n\t<meta property=\"og:image:width\" content=\"257\" \/>\n\t<meta property=\"og:image:height\" content=\"233\" \/>\n\t<meta property=\"og:image:type\" content=\"image\/png\" \/>\n<meta name=\"twitter:card\" content=\"summary\" \/>\n<meta name=\"twitter:label1\" content=\"Tiempo de lectura\" \/>\n\t<meta name=\"twitter:data1\" content=\"1 minuto\" \/>\n<script type=\"application\/ld+json\" class=\"yoast-schema-graph\">{\"@context\":\"https:\/\/schema.org\",\"@graph\":[{\"@type\":\"WebPage\",\"@id\":\"https:\/\/www.securitydataandvideo.com\/inicio\/shop\/ipc-d121h-camara-hilook-series-domo-ip-2-megapixel-30-mts-ir-h-265-exterior-ip67-antivandalica-ik10-dwdr-poe-lente-2-8-mm\/\",\"url\":\"https:\/\/www.securitydataandvideo.com\/inicio\/shop\/ipc-d121h-camara-hilook-series-domo-ip-2-megapixel-30-mts-ir-h-265-exterior-ip67-antivandalica-ik10-dwdr-poe-lente-2-8-mm\/\",\"name\":\"IPC-D121H Camara HiLook Series \/ Domo IP 2 Megapixel\",\"isPartOf\":{\"@id\":\"https:\/\/www.securitydataandvideo.com\/inicio\/#website\"},\"datePublished\":\"2022-07-21T17:39:54+00:00\",\"dateModified\":\"2023-10-03T05:09:23+00:00\",\"description\":\"Security Data &amp; Video SA de CV.IPC-D121H Camara HiLook Series \/ Domo IP 2 Megapixel \/ 30 mts IR \/ H.265+ \/ Exterior IP67 \/ Antivandalica IK10 \/ dWDR\",\"breadcrumb\":{\"@id\":\"https:\/\/www.securitydataandvideo.com\/inicio\/shop\/ipc-d121h-camara-hilook-series-domo-ip-2-megapixel-30-mts-ir-h-265-exterior-ip67-antivandalica-ik10-dwdr-poe-lente-2-8-mm\/#breadcrumb\"},\"inLanguage\":\"es-MX\",\"potentialAction\":[{\"@type\":\"ReadAction\",\"target\":[\"https:\/\/www.securitydataandvideo.com\/inicio\/shop\/ipc-d121h-camara-hilook-series-domo-ip-2-megapixel-30-mts-ir-h-265-exterior-ip67-antivandalica-ik10-dwdr-poe-lente-2-8-mm\/\"]}]},{\"@type\":\"BreadcrumbList\",\"@id\":\"https:\/\/www.securitydataandvideo.com\/inicio\/shop\/ipc-d121h-camara-hilook-series-domo-ip-2-megapixel-30-mts-ir-h-265-exterior-ip67-antivandalica-ik10-dwdr-poe-lente-2-8-mm\/#breadcrumb\",\"itemListElement\":[{\"@type\":\"ListItem\",\"position\":1,\"name\":\"Inicio\",\"item\":\"https:\/\/www.securitydataandvideo.com\/inicio\/\"},{\"@type\":\"ListItem\",\"position\":2,\"name\":\"Shop\",\"item\":\"https:\/\/www.securitydataandvideo.com\/inicio\/shop\/\"},{\"@type\":\"ListItem\",\"position\":3,\"name\":\"IPC-D121H Camara HiLook Series \/ Domo IP 2 Megapixel \/ 30 mts IR \/ H.265+ \/ Exterior IP67 \/ Antivandalica IK10 \/ dWDR \/ PoE \/ Lente 2.8 mm\"}]},{\"@type\":\"WebSite\",\"@id\":\"https:\/\/www.securitydataandvideo.com\/inicio\/#website\",\"url\":\"https:\/\/www.securitydataandvideo.com\/inicio\/\",\"name\":\"Security Data &amp; Video SA de CV.\",\"description\":\"Seguridad Electr\u00f3nica y Energ\u00eda\",\"publisher\":{\"@id\":\"https:\/\/www.securitydataandvideo.com\/inicio\/#organization\"},\"potentialAction\":[{\"@type\":\"SearchAction\",\"target\":{\"@type\":\"EntryPoint\",\"urlTemplate\":\"https:\/\/www.securitydataandvideo.com\/inicio\/?s={search_term_string}\"},\"query-input\":\"required name=search_term_string\"}],\"inLanguage\":\"es-MX\"},{\"@type\":\"Organization\",\"@id\":\"https:\/\/www.securitydataandvideo.com\/inicio\/#organization\",\"name\":\"Security Data & Video SA de CV\",\"url\":\"https:\/\/www.securitydataandvideo.com\/inicio\/\",\"sameAs\":[],\"logo\":{\"@type\":\"ImageObject\",\"inLanguage\":\"es-MX\",\"@id\":\"https:\/\/www.securitydataandvideo.com\/inicio\/#\/schema\/logo\/image\/\",\"url\":\"https:\/\/www.securitydataandvideo.com\/inicio\/wp-content\/uploads\/2021\/10\/Logo-Azul.png\",\"contentUrl\":\"https:\/\/www.securitydataandvideo.com\/inicio\/wp-content\/uploads\/2021\/10\/Logo-Azul.png\",\"width\":555,\"height\":375,\"caption\":\"Security Data & Video SA de CV\"},\"image\":{\"@id\":\"https:\/\/www.securitydataandvideo.com\/inicio\/#\/schema\/logo\/image\/\"}}]}<\/script>\n<!-- \/ Yoast SEO plugin. -->","yoast_head_json":{"title":"IPC-D121H Camara HiLook Series \/ Domo IP 2 Megapixel","description":"Security Data &amp; Video SA de CV.IPC-D121H Camara HiLook Series \/ Domo IP 2 Megapixel \/ 30 mts IR \/ H.265+ \/ Exterior IP67 \/ Antivandalica IK10 \/ dWDR","robots":{"index":"index","follow":"follow","max-snippet":"max-snippet:-1","max-image-preview":"max-image-preview:large","max-video-preview":"max-video-preview:-1"},"canonical":"https:\/\/www.securitydataandvideo.com\/inicio\/shop\/ipc-d121h-camara-hilook-series-domo-ip-2-megapixel-30-mts-ir-h-265-exterior-ip67-antivandalica-ik10-dwdr-poe-lente-2-8-mm\/","og_locale":"es_MX","og_type":"article","og_title":"IPC-D121H Camara HiLook Series \/ Domo IP 2 Megapixel","og_description":"Security Data &amp; Video SA de CV.IPC-D121H Camara HiLook Series \/ Domo IP 2 Megapixel \/ 30 mts IR \/ H.265+ \/ Exterior IP67 \/ Antivandalica IK10 \/ dWDR","og_url":"https:\/\/www.securitydataandvideo.com\/inicio\/shop\/ipc-d121h-camara-hilook-series-domo-ip-2-megapixel-30-mts-ir-h-265-exterior-ip67-antivandalica-ik10-dwdr-poe-lente-2-8-mm\/","og_site_name":"Security Data &amp; Video SA de CV.","article_modified_time":"2023-10-03T05:09:23+00:00","og_image":[{"width":257,"height":233,"url":"https:\/\/www.securitydataandvideo.com\/inicio\/wp-content\/uploads\/2022\/07\/IPC-D121H-HiLook.png","type":"image\/png"}],"twitter_card":"summary","twitter_misc":{"Tiempo de lectura":"1 minuto"},"schema":{"@context":"https:\/\/schema.org","@graph":[{"@type":"WebPage","@id":"https:\/\/www.securitydataandvideo.com\/inicio\/shop\/ipc-d121h-camara-hilook-series-domo-ip-2-megapixel-30-mts-ir-h-265-exterior-ip67-antivandalica-ik10-dwdr-poe-lente-2-8-mm\/","url":"https:\/\/www.securitydataandvideo.com\/inicio\/shop\/ipc-d121h-camara-hilook-series-domo-ip-2-megapixel-30-mts-ir-h-265-exterior-ip67-antivandalica-ik10-dwdr-poe-lente-2-8-mm\/","name":"IPC-D121H Camara HiLook Series \/ Domo IP 2 Megapixel","isPartOf":{"@id":"https:\/\/www.securitydataandvideo.com\/inicio\/#website"},"datePublished":"2022-07-21T17:39:54+00:00","dateModified":"2023-10-03T05:09:23+00:00","description":"Security Data &amp; Video SA de CV.IPC-D121H Camara HiLook Series \/ Domo IP 2 Megapixel \/ 30 mts IR \/ H.265+ \/ Exterior IP67 \/ Antivandalica IK10 \/ dWDR","breadcrumb":{"@id":"https:\/\/www.securitydataandvideo.com\/inicio\/shop\/ipc-d121h-camara-hilook-series-domo-ip-2-megapixel-30-mts-ir-h-265-exterior-ip67-antivandalica-ik10-dwdr-poe-lente-2-8-mm\/#breadcrumb"},"inLanguage":"es-MX","potentialAction":[{"@type":"ReadAction","target":["https:\/\/www.securitydataandvideo.com\/inicio\/shop\/ipc-d121h-camara-hilook-series-domo-ip-2-megapixel-30-mts-ir-h-265-exterior-ip67-antivandalica-ik10-dwdr-poe-lente-2-8-mm\/"]}]},{"@type":"BreadcrumbList","@id":"https:\/\/www.securitydataandvideo.com\/inicio\/shop\/ipc-d121h-camara-hilook-series-domo-ip-2-megapixel-30-mts-ir-h-265-exterior-ip67-antivandalica-ik10-dwdr-poe-lente-2-8-mm\/#breadcrumb","itemListElement":[{"@type":"ListItem","position":1,"name":"Inicio","item":"https:\/\/www.securitydataandvideo.com\/inicio\/"},{"@type":"ListItem","position":2,"name":"Shop","item":"https:\/\/www.securitydataandvideo.com\/inicio\/shop\/"},{"@type":"ListItem","position":3,"name":"IPC-D121H Camara HiLook Series \/ Domo IP 2 Megapixel \/ 30 mts IR \/ H.265+ \/ Exterior IP67 \/ Antivandalica IK10 \/ dWDR \/ PoE \/ Lente 2.8 mm"}]},{"@type":"WebSite","@id":"https:\/\/www.securitydataandvideo.com\/inicio\/#website","url":"https:\/\/www.securitydataandvideo.com\/inicio\/","name":"Security Data &amp; Video SA de CV.","description":"Seguridad Electr\u00f3nica y Energ\u00eda","publisher":{"@id":"https:\/\/www.securitydataandvideo.com\/inicio\/#organization"},"potentialAction":[{"@type":"SearchAction","target":{"@type":"EntryPoint","urlTemplate":"https:\/\/www.securitydataandvideo.com\/inicio\/?s={search_term_string}"},"query-input":"required name=search_term_string"}],"inLanguage":"es-MX"},{"@type":"Organization","@id":"https:\/\/www.securitydataandvideo.com\/inicio\/#organization","name":"Security Data & Video SA de CV","url":"https:\/\/www.securitydataandvideo.com\/inicio\/","sameAs":[],"logo":{"@type":"ImageObject","inLanguage":"es-MX","@id":"https:\/\/www.securitydataandvideo.com\/inicio\/#\/schema\/logo\/image\/","url":"https:\/\/www.securitydataandvideo.com\/inicio\/wp-content\/uploads\/2021\/10\/Logo-Azul.png","contentUrl":"https:\/\/www.securitydataandvideo.com\/inicio\/wp-content\/uploads\/2021\/10\/Logo-Azul.png","width":555,"height":375,"caption":"Security Data & Video SA de CV"},"image":{"@id":"https:\/\/www.securitydataandvideo.com\/inicio\/#\/schema\/logo\/image\/"}}]}},"_links":{"self":[{"href":"https:\/\/www.securitydataandvideo.com\/inicio\/wp-json\/wp\/v2\/product\/16061"}],"collection":[{"href":"https:\/\/www.securitydataandvideo.com\/inicio\/wp-json\/wp\/v2\/product"}],"about":[{"href":"https:\/\/www.securitydataandvideo.com\/inicio\/wp-json\/wp\/v2\/types\/product"}],"wp:featuredmedia":[{"embeddable":true,"href":"https:\/\/www.securitydataandvideo.com\/inicio\/wp-json\/wp\/v2\/media\/16091"}],"wp:attachment":[{"href":"https:\/\/www.securitydataandvideo.com\/inicio\/wp-json\/wp\/v2\/media?parent=16061"}],"wp:term":[{"taxonomy":"product_cat","embeddable":true,"href":"https:\/\/www.securitydataandvideo.com\/inicio\/wp-json\/wp\/v2\/product_cat?post=16061"},{"taxonomy":"product_tag","embeddable":true,"href":"https:\/\/www.securitydataandvideo.com\/inicio\/wp-json\/wp\/v2\/product_tag?post=16061"}],"curies":[{"name":"wp","href":"https:\/\/api.w.org\/{rel}","templated":true}]}}