{"id":16064,"date":"2022-07-21T11:39:54","date_gmt":"2022-07-21T17:39:54","guid":{"rendered":"https:\/\/www.securitydataandvideo.com\/inicio\/?post_type=product&#038;p=16064"},"modified":"2023-10-02T23:08:46","modified_gmt":"2023-10-03T05:08:46","slug":"ds-2cd2163g0-i-camara-domo-hikvision-de-6-megapixeles-ip-30-mts-ir-exir-exterior-ip67-ik10-lente-2-8-mm-wdr-120-db-poe-micro-sd-videoanaliticos-integrados","status":"publish","type":"product","link":"https:\/\/www.securitydataandvideo.com\/inicio\/shop\/ds-2cd2163g0-i-camara-domo-hikvision-de-6-megapixeles-ip-30-mts-ir-exir-exterior-ip67-ik10-lente-2-8-mm-wdr-120-db-poe-micro-sd-videoanaliticos-integrados\/","title":{"rendered":"DS-2CD2163G0-I Camara Domo Hikvision de 6 Megapixeles IP \/ 30 mts IR EXIR \/ Exterior IP67 \/ IK10 \/ Lente 2.8 mm \/ WDR 120 dB\/ PoE \/ Micro SD \/ Videoanaliticos Integrados"},"content":{"rendered":"<div class=\"col-sm-8 col-md-8 well-sm\">\n<p id=\"product_title_153606\" class=\"no_margin_top titulo_vista_producto\">DS-2CD2163G0-I Camara Domo Hikvision de 6 Megapixeles IP \/ 30 mts IR EXIR \/ Exterior IP67 \/ IK10 \/ Lente 2.8 mm \/ WDR 120 dB\/ PoE \/ Micro SD \/ Videoanaliticos Integrados<\/p>\n<\/div>\n<div class=\"hidden-xs col-sm-4 col-md-4\">\n<h6><span style=\"color: black;\"><strong>Caracter\u00edsticas principales:<\/strong><\/span><\/h6>\n<p><span style=\"color: black;\">Resoluci\u00f3n m\u00e1xima: 3072<\/span>\u00a0\u00d7 2048<span style=\"color: black;\">\u00a0( 6\u00a0Megapixel).<\/span><\/p>\n<p><span style=\"color: black;\">Iluminaci\u00f3n m\u00ednima: color 0.01\u00a0Lux @ (F1.2, AGC ON)<\/span><\/p>\n<p><span style=\"color: black;\">Iluminaci\u00f3n m\u00ednima: B\/N\u00a00.028\u00a0Lux @ (F2.0, AGC ON)<\/span><\/p>\n<p><span style=\"color: black;\">D\u00eda \/ Noche Real\u00a0(filtro ICR).<\/span><\/p>\n<p><span style=\"color: black;\">Distancia focal: 2.8 mm (angulo de vision 97\u00ba).<\/span><\/p>\n<p><span style=\"color: black;\">Distancia de infrarrojo: 30 mts\u00a0Smart IR.<\/span><\/p>\n<p><span style=\"color: black;\">Funciones normales<strong>:<\/strong>\u00a0WDR \/ ROI \/ 3D\u00a0DNR \/\u00a0BLC.<\/span><\/p>\n<p><span style=\"color: black;\">\u200bFunciones Avanzadas: Detecci\u00f3n de Rostros \/\u00a0<\/span>Intrusi\u00f3n de \u00e1rea \/\u00a0Cruce de linea.<\/p>\n<p><span style=\"color: #000000;\">Compresi\u00f3n: H.265+ \/ H.265 \/ H.264+ \/ H.264.<\/span><\/p>\n<p><span style=\"color: #000000;\">Compatible con la plataforma de Hik-Connect.<\/span><\/p>\n<h6><span style=\"color: black;\"><strong>Caracter\u00edsticas F\u00edsicas y El\u00e9ctricas:<\/strong><\/span><\/h6>\n<p>Alimentaci\u00f3n: 12 Vcd\u00a0\/ PoE 802.3 af\u00a0\/ 9\u00a0W.<\/p>\n<p><span style=\"color: black;\">Temperatura de operaci\u00f3n: -30\u00b0C a 60\u00b0C \/\u00a0Humedad al 95% m\u00e1ximo.<\/span><\/p>\n<p><span style=\"color: black;\">Uso en exterior IP67.<\/span><\/p>\n<p>Antivandalica IK10.<\/p>\n<p>\u200bMaterial de plastico con metal.<\/p>\n<p><span style=\"color: black;\">Dimensiones: 111\u00a0x 82.4\u00a0mm<\/span><\/p>\n<p><span style=\"color: black;\">Peso: 500 grs.<\/span><\/p>\n<p><strong><span style=\"color: black;\">\u200bGarant\u00eda: 2 a\u00f1os.<\/span><\/strong><\/p>\n<p>DS-2CD2163G0-I Camara Domo Hikvision de 6 Megapixeles IP<\/p>\n<\/div>\n","protected":false},"excerpt":{"rendered":"<div class=\"col-sm-8 col-md-8 well-sm\">\n<p id=\"product_title_153606\" class=\"no_margin_top titulo_vista_producto\">DS-2CD2163G0-I Camara Domo Hikvision de 6 Megapixeles IP \/ 30 mts IR EXIR \/ Exterior IP67 \/ IK10 \/ Lente 2.8 mm \/ WDR 120 dB\/ PoE \/ Micro SD \/ Videoanaliticos Integrados<\/p>\n<\/div>\n<div class=\"hidden-xs col-sm-4 col-md-4\"><\/div>\n","protected":false},"featured_media":16094,"template":"","meta":{"site-sidebar-layout":"default","site-content-layout":"default","ast-site-content-layout":"","site-content-style":"default","site-sidebar-style":"default","ast-global-header-display":"","ast-banner-title-visibility":"","ast-main-header-display":"","ast-hfb-above-header-display":"","ast-hfb-below-header-display":"","ast-hfb-mobile-header-display":"","site-post-title":"","ast-breadcrumbs-content":"","ast-featured-img":"","footer-sml-layout":"","theme-transparent-header-meta":"default","adv-header-id-meta":"","stick-header-meta":"","header-above-stick-meta":"","header-main-stick-meta":"","header-below-stick-meta":"","astra-migrate-meta-layouts":""},"product_cat":[306],"product_tag":[],"yoast_head":"<!-- This site is optimized with the Yoast SEO plugin v19.5.1 - https:\/\/yoast.com\/wordpress\/plugins\/seo\/ -->\n<title>DS-2CD2163G0-I Camara Domo Hikvision de 6 Megapixeles IP<\/title>\n<meta name=\"description\" content=\"Security Data &amp; Video SA de CV. DS-2CD2163G0-I Camara Domo Hikvision de 6 Megapixeles IP \/ 30 mts IR EXIR \/ Exterior IP67 \/ IK10 \/ Lente 2.8 mm \/ WDR 120\" \/>\n<meta name=\"robots\" content=\"index, follow, max-snippet:-1, max-image-preview:large, max-video-preview:-1\" \/>\n<link rel=\"canonical\" href=\"https:\/\/www.securitydataandvideo.com\/inicio\/shop\/ds-2cd2163g0-i-camara-domo-hikvision-de-6-megapixeles-ip-30-mts-ir-exir-exterior-ip67-ik10-lente-2-8-mm-wdr-120-db-poe-micro-sd-videoanaliticos-integrados\/\" \/>\n<meta property=\"og:locale\" content=\"es_MX\" \/>\n<meta property=\"og:type\" content=\"article\" \/>\n<meta property=\"og:title\" content=\"DS-2CD2163G0-I Camara Domo Hikvision de 6 Megapixeles IP\" \/>\n<meta property=\"og:description\" content=\"Security Data &amp; Video SA de CV. DS-2CD2163G0-I Camara Domo Hikvision de 6 Megapixeles IP \/ 30 mts IR EXIR \/ Exterior IP67 \/ IK10 \/ Lente 2.8 mm \/ WDR 120\" \/>\n<meta property=\"og:url\" content=\"https:\/\/www.securitydataandvideo.com\/inicio\/shop\/ds-2cd2163g0-i-camara-domo-hikvision-de-6-megapixeles-ip-30-mts-ir-exir-exterior-ip67-ik10-lente-2-8-mm-wdr-120-db-poe-micro-sd-videoanaliticos-integrados\/\" \/>\n<meta property=\"og:site_name\" content=\"Security Data &amp; Video SA de CV.\" \/>\n<meta property=\"article:modified_time\" content=\"2023-10-03T05:08:46+00:00\" \/>\n<meta property=\"og:image\" content=\"https:\/\/www.securitydataandvideo.com\/inicio\/wp-content\/uploads\/2022\/07\/DS-2CD2163G0-I-Hikvision.png\" \/>\n\t<meta property=\"og:image:width\" content=\"244\" \/>\n\t<meta property=\"og:image:height\" content=\"208\" \/>\n\t<meta property=\"og:image:type\" content=\"image\/png\" \/>\n<meta name=\"twitter:card\" content=\"summary\" \/>\n<meta name=\"twitter:label1\" content=\"Tiempo de lectura\" \/>\n\t<meta name=\"twitter:data1\" content=\"1 minuto\" \/>\n<script type=\"application\/ld+json\" class=\"yoast-schema-graph\">{\"@context\":\"https:\/\/schema.org\",\"@graph\":[{\"@type\":\"WebPage\",\"@id\":\"https:\/\/www.securitydataandvideo.com\/inicio\/shop\/ds-2cd2163g0-i-camara-domo-hikvision-de-6-megapixeles-ip-30-mts-ir-exir-exterior-ip67-ik10-lente-2-8-mm-wdr-120-db-poe-micro-sd-videoanaliticos-integrados\/\",\"url\":\"https:\/\/www.securitydataandvideo.com\/inicio\/shop\/ds-2cd2163g0-i-camara-domo-hikvision-de-6-megapixeles-ip-30-mts-ir-exir-exterior-ip67-ik10-lente-2-8-mm-wdr-120-db-poe-micro-sd-videoanaliticos-integrados\/\",\"name\":\"DS-2CD2163G0-I Camara Domo Hikvision de 6 Megapixeles IP\",\"isPartOf\":{\"@id\":\"https:\/\/www.securitydataandvideo.com\/inicio\/#website\"},\"datePublished\":\"2022-07-21T17:39:54+00:00\",\"dateModified\":\"2023-10-03T05:08:46+00:00\",\"description\":\"Security Data &amp; Video SA de CV. DS-2CD2163G0-I Camara Domo Hikvision de 6 Megapixeles IP \/ 30 mts IR EXIR \/ Exterior IP67 \/ IK10 \/ Lente 2.8 mm \/ WDR 120\",\"breadcrumb\":{\"@id\":\"https:\/\/www.securitydataandvideo.com\/inicio\/shop\/ds-2cd2163g0-i-camara-domo-hikvision-de-6-megapixeles-ip-30-mts-ir-exir-exterior-ip67-ik10-lente-2-8-mm-wdr-120-db-poe-micro-sd-videoanaliticos-integrados\/#breadcrumb\"},\"inLanguage\":\"es-MX\",\"potentialAction\":[{\"@type\":\"ReadAction\",\"target\":[\"https:\/\/www.securitydataandvideo.com\/inicio\/shop\/ds-2cd2163g0-i-camara-domo-hikvision-de-6-megapixeles-ip-30-mts-ir-exir-exterior-ip67-ik10-lente-2-8-mm-wdr-120-db-poe-micro-sd-videoanaliticos-integrados\/\"]}]},{\"@type\":\"BreadcrumbList\",\"@id\":\"https:\/\/www.securitydataandvideo.com\/inicio\/shop\/ds-2cd2163g0-i-camara-domo-hikvision-de-6-megapixeles-ip-30-mts-ir-exir-exterior-ip67-ik10-lente-2-8-mm-wdr-120-db-poe-micro-sd-videoanaliticos-integrados\/#breadcrumb\",\"itemListElement\":[{\"@type\":\"ListItem\",\"position\":1,\"name\":\"Inicio\",\"item\":\"https:\/\/www.securitydataandvideo.com\/inicio\/\"},{\"@type\":\"ListItem\",\"position\":2,\"name\":\"Shop\",\"item\":\"https:\/\/www.securitydataandvideo.com\/inicio\/shop\/\"},{\"@type\":\"ListItem\",\"position\":3,\"name\":\"DS-2CD2163G0-I Camara Domo Hikvision de 6 Megapixeles IP \/ 30 mts IR EXIR \/ Exterior IP67 \/ IK10 \/ Lente 2.8 mm \/ WDR 120 dB\/ PoE \/ Micro SD \/ Videoanaliticos Integrados\"}]},{\"@type\":\"WebSite\",\"@id\":\"https:\/\/www.securitydataandvideo.com\/inicio\/#website\",\"url\":\"https:\/\/www.securitydataandvideo.com\/inicio\/\",\"name\":\"Security Data &amp; Video SA de CV.\",\"description\":\"Seguridad Electr\u00f3nica y Energ\u00eda\",\"publisher\":{\"@id\":\"https:\/\/www.securitydataandvideo.com\/inicio\/#organization\"},\"potentialAction\":[{\"@type\":\"SearchAction\",\"target\":{\"@type\":\"EntryPoint\",\"urlTemplate\":\"https:\/\/www.securitydataandvideo.com\/inicio\/?s={search_term_string}\"},\"query-input\":\"required name=search_term_string\"}],\"inLanguage\":\"es-MX\"},{\"@type\":\"Organization\",\"@id\":\"https:\/\/www.securitydataandvideo.com\/inicio\/#organization\",\"name\":\"Security Data & Video SA de CV\",\"url\":\"https:\/\/www.securitydataandvideo.com\/inicio\/\",\"sameAs\":[],\"logo\":{\"@type\":\"ImageObject\",\"inLanguage\":\"es-MX\",\"@id\":\"https:\/\/www.securitydataandvideo.com\/inicio\/#\/schema\/logo\/image\/\",\"url\":\"https:\/\/www.securitydataandvideo.com\/inicio\/wp-content\/uploads\/2021\/10\/Logo-Azul.png\",\"contentUrl\":\"https:\/\/www.securitydataandvideo.com\/inicio\/wp-content\/uploads\/2021\/10\/Logo-Azul.png\",\"width\":555,\"height\":375,\"caption\":\"Security Data & Video SA de CV\"},\"image\":{\"@id\":\"https:\/\/www.securitydataandvideo.com\/inicio\/#\/schema\/logo\/image\/\"}}]}<\/script>\n<!-- \/ Yoast SEO plugin. -->","yoast_head_json":{"title":"DS-2CD2163G0-I Camara Domo Hikvision de 6 Megapixeles IP","description":"Security Data &amp; Video SA de CV. DS-2CD2163G0-I Camara Domo Hikvision de 6 Megapixeles IP \/ 30 mts IR EXIR \/ Exterior IP67 \/ IK10 \/ Lente 2.8 mm \/ WDR 120","robots":{"index":"index","follow":"follow","max-snippet":"max-snippet:-1","max-image-preview":"max-image-preview:large","max-video-preview":"max-video-preview:-1"},"canonical":"https:\/\/www.securitydataandvideo.com\/inicio\/shop\/ds-2cd2163g0-i-camara-domo-hikvision-de-6-megapixeles-ip-30-mts-ir-exir-exterior-ip67-ik10-lente-2-8-mm-wdr-120-db-poe-micro-sd-videoanaliticos-integrados\/","og_locale":"es_MX","og_type":"article","og_title":"DS-2CD2163G0-I Camara Domo Hikvision de 6 Megapixeles IP","og_description":"Security Data &amp; Video SA de CV. DS-2CD2163G0-I Camara Domo Hikvision de 6 Megapixeles IP \/ 30 mts IR EXIR \/ Exterior IP67 \/ IK10 \/ Lente 2.8 mm \/ WDR 120","og_url":"https:\/\/www.securitydataandvideo.com\/inicio\/shop\/ds-2cd2163g0-i-camara-domo-hikvision-de-6-megapixeles-ip-30-mts-ir-exir-exterior-ip67-ik10-lente-2-8-mm-wdr-120-db-poe-micro-sd-videoanaliticos-integrados\/","og_site_name":"Security Data &amp; Video SA de CV.","article_modified_time":"2023-10-03T05:08:46+00:00","og_image":[{"width":244,"height":208,"url":"https:\/\/www.securitydataandvideo.com\/inicio\/wp-content\/uploads\/2022\/07\/DS-2CD2163G0-I-Hikvision.png","type":"image\/png"}],"twitter_card":"summary","twitter_misc":{"Tiempo de lectura":"1 minuto"},"schema":{"@context":"https:\/\/schema.org","@graph":[{"@type":"WebPage","@id":"https:\/\/www.securitydataandvideo.com\/inicio\/shop\/ds-2cd2163g0-i-camara-domo-hikvision-de-6-megapixeles-ip-30-mts-ir-exir-exterior-ip67-ik10-lente-2-8-mm-wdr-120-db-poe-micro-sd-videoanaliticos-integrados\/","url":"https:\/\/www.securitydataandvideo.com\/inicio\/shop\/ds-2cd2163g0-i-camara-domo-hikvision-de-6-megapixeles-ip-30-mts-ir-exir-exterior-ip67-ik10-lente-2-8-mm-wdr-120-db-poe-micro-sd-videoanaliticos-integrados\/","name":"DS-2CD2163G0-I Camara Domo Hikvision de 6 Megapixeles IP","isPartOf":{"@id":"https:\/\/www.securitydataandvideo.com\/inicio\/#website"},"datePublished":"2022-07-21T17:39:54+00:00","dateModified":"2023-10-03T05:08:46+00:00","description":"Security Data &amp; Video SA de CV. DS-2CD2163G0-I Camara Domo Hikvision de 6 Megapixeles IP \/ 30 mts IR EXIR \/ Exterior IP67 \/ IK10 \/ Lente 2.8 mm \/ WDR 120","breadcrumb":{"@id":"https:\/\/www.securitydataandvideo.com\/inicio\/shop\/ds-2cd2163g0-i-camara-domo-hikvision-de-6-megapixeles-ip-30-mts-ir-exir-exterior-ip67-ik10-lente-2-8-mm-wdr-120-db-poe-micro-sd-videoanaliticos-integrados\/#breadcrumb"},"inLanguage":"es-MX","potentialAction":[{"@type":"ReadAction","target":["https:\/\/www.securitydataandvideo.com\/inicio\/shop\/ds-2cd2163g0-i-camara-domo-hikvision-de-6-megapixeles-ip-30-mts-ir-exir-exterior-ip67-ik10-lente-2-8-mm-wdr-120-db-poe-micro-sd-videoanaliticos-integrados\/"]}]},{"@type":"BreadcrumbList","@id":"https:\/\/www.securitydataandvideo.com\/inicio\/shop\/ds-2cd2163g0-i-camara-domo-hikvision-de-6-megapixeles-ip-30-mts-ir-exir-exterior-ip67-ik10-lente-2-8-mm-wdr-120-db-poe-micro-sd-videoanaliticos-integrados\/#breadcrumb","itemListElement":[{"@type":"ListItem","position":1,"name":"Inicio","item":"https:\/\/www.securitydataandvideo.com\/inicio\/"},{"@type":"ListItem","position":2,"name":"Shop","item":"https:\/\/www.securitydataandvideo.com\/inicio\/shop\/"},{"@type":"ListItem","position":3,"name":"DS-2CD2163G0-I Camara Domo Hikvision de 6 Megapixeles IP \/ 30 mts IR EXIR \/ Exterior IP67 \/ IK10 \/ Lente 2.8 mm \/ WDR 120 dB\/ PoE \/ Micro SD \/ Videoanaliticos Integrados"}]},{"@type":"WebSite","@id":"https:\/\/www.securitydataandvideo.com\/inicio\/#website","url":"https:\/\/www.securitydataandvideo.com\/inicio\/","name":"Security Data &amp; Video SA de CV.","description":"Seguridad Electr\u00f3nica y Energ\u00eda","publisher":{"@id":"https:\/\/www.securitydataandvideo.com\/inicio\/#organization"},"potentialAction":[{"@type":"SearchAction","target":{"@type":"EntryPoint","urlTemplate":"https:\/\/www.securitydataandvideo.com\/inicio\/?s={search_term_string}"},"query-input":"required name=search_term_string"}],"inLanguage":"es-MX"},{"@type":"Organization","@id":"https:\/\/www.securitydataandvideo.com\/inicio\/#organization","name":"Security Data & Video SA de CV","url":"https:\/\/www.securitydataandvideo.com\/inicio\/","sameAs":[],"logo":{"@type":"ImageObject","inLanguage":"es-MX","@id":"https:\/\/www.securitydataandvideo.com\/inicio\/#\/schema\/logo\/image\/","url":"https:\/\/www.securitydataandvideo.com\/inicio\/wp-content\/uploads\/2021\/10\/Logo-Azul.png","contentUrl":"https:\/\/www.securitydataandvideo.com\/inicio\/wp-content\/uploads\/2021\/10\/Logo-Azul.png","width":555,"height":375,"caption":"Security Data & Video SA de CV"},"image":{"@id":"https:\/\/www.securitydataandvideo.com\/inicio\/#\/schema\/logo\/image\/"}}]}},"_links":{"self":[{"href":"https:\/\/www.securitydataandvideo.com\/inicio\/wp-json\/wp\/v2\/product\/16064"}],"collection":[{"href":"https:\/\/www.securitydataandvideo.com\/inicio\/wp-json\/wp\/v2\/product"}],"about":[{"href":"https:\/\/www.securitydataandvideo.com\/inicio\/wp-json\/wp\/v2\/types\/product"}],"wp:featuredmedia":[{"embeddable":true,"href":"https:\/\/www.securitydataandvideo.com\/inicio\/wp-json\/wp\/v2\/media\/16094"}],"wp:attachment":[{"href":"https:\/\/www.securitydataandvideo.com\/inicio\/wp-json\/wp\/v2\/media?parent=16064"}],"wp:term":[{"taxonomy":"product_cat","embeddable":true,"href":"https:\/\/www.securitydataandvideo.com\/inicio\/wp-json\/wp\/v2\/product_cat?post=16064"},{"taxonomy":"product_tag","embeddable":true,"href":"https:\/\/www.securitydataandvideo.com\/inicio\/wp-json\/wp\/v2\/product_tag?post=16064"}],"curies":[{"name":"wp","href":"https:\/\/api.w.org\/{rel}","templated":true}]}}