{"id":16067,"date":"2022-07-21T11:39:55","date_gmt":"2022-07-21T17:39:55","guid":{"rendered":"https:\/\/www.securitydataandvideo.com\/inicio\/?post_type=product&#038;p=16067"},"modified":"2023-10-02T23:08:07","modified_gmt":"2023-10-03T05:08:07","slug":"ds-2cd2743g0-izs-camara-domo-hikvision-ip-de-4-megapixeles-lente-mot-2-8-a-12-mm-30-mts-ir-exir-exterior-ip67-ik10-audio-y-alarmas-poe-wdr-120-db-videoanaliticos-integrados","status":"publish","type":"product","link":"https:\/\/www.securitydataandvideo.com\/inicio\/shop\/ds-2cd2743g0-izs-camara-domo-hikvision-ip-de-4-megapixeles-lente-mot-2-8-a-12-mm-30-mts-ir-exir-exterior-ip67-ik10-audio-y-alarmas-poe-wdr-120-db-videoanaliticos-integrados\/","title":{"rendered":"DS-2CD2743G0-IZS Camara Domo Hikvision IP de 4 Megapixeles \/ Lente Mot. 2.8 a 12 mm \/ 30 mts IR EXIR \/ Exterior IP67 \/ IK10 \/ Audio y Alarmas \/ PoE \/ WDR 120 dB \/ Videoanaliticos Integrados"},"content":{"rendered":"<div class=\"col-sm-8 col-md-8 well-sm\">\n<div class=\"col-sm-8 col-md-8 well-sm\">\n<p id=\"product_title_170354\" class=\"no_margin_top titulo_vista_producto\">DS-2CD2743G0-IZS Camara Domo Hikvision IP de 4 Megapixeles \/ Lente Mot. 2.8 a 12 mm \/ 30 mts IR EXIR \/ Exterior IP67 \/ IK10 \/ Audio y Alarmas \/ PoE \/ WDR 120 dB \/ Videoanaliticos Integrados<\/p>\n<\/div>\n<\/div>\n<div class=\"hidden-xs col-sm-4 col-md-4\">\n<h6><span style=\"color: black;\"><strong>Caracter\u00edsticas principales:<\/strong><\/span><\/h6>\n<ul>\n<li><span style=\"color: black;\">Resoluci\u00f3n m\u00e1xima: 2560 x 1440\u00a0( 4\u00a0Megapixel).<\/span><\/li>\n<li><span style=\"color: black;\">Iluminaci\u00f3n m\u00ednima: color 0.01\u00a0Lux @ (F2.0, AGC ON)<\/span><\/li>\n<li><span style=\"color: black;\">Iluminaci\u00f3n m\u00ednima: B\/N\u00a00.018\u00a0Lux @ (F2.0, AGC ON)<\/span><\/li>\n<li><span style=\"color: black;\">D\u00eda \/ Noche Real\u00a0(filtro ICR).<\/span><\/li>\n<li><span style=\"color: black;\">Distancia focal: Lente motorizado 2.8 &#8211; 12mm\u00a0(Angulo de visi\u00f3n 98\u00b0 &#8211; 28\u00b0)<\/span><\/li>\n<li><span style=\"color: black;\">Distancia de infrarrojo: 30 mts\u00a0Smart IR.<\/span><\/li>\n<li><span style=\"color: black;\">Funciones normales<strong>:<\/strong>\u00a0WDR \/ ROI \/ D3 DNR \/\u00a0BLC \/\u00a0Intrusi\u00f3n de \u00e1rea \/\u00a0Cruce de linea.<\/span><\/li>\n<li><span style=\"color: black;\">\u200bFunciones Avanzadas: Detecci\u00f3n de Rostros.<\/span><\/li>\n<li><span style=\"color: #000000;\">Compresi\u00f3n: H.265+ \/ H.265 \/ H.264+ \/ H.264.<\/span><\/li>\n<li><span style=\"color: #000000;\">Compatible con la plataforma de Hik-Connect.<\/span><\/li>\n<\/ul>\n<h6><span style=\"color: black;\"><strong>Caracter\u00edsticas F\u00edsicas y El\u00e9ctricas:<\/strong><\/span><\/h6>\n<ul>\n<li style=\"list-style-type: none;\">\n<ul>\n<li>Alimentaci\u00f3n: 12VCD\u00a0\/ PoE 802.3 af\u00a0\/ 12\u00a0W.<\/li>\n<li><span style=\"color: black;\">Temperatura de operaci\u00f3n: -30\u00b0C a 60\u00b0C \/\u00a0Humedad al 95% m\u00e1ximo.<\/span><\/li>\n<li>Aplicaci\u00f3n: Exterior \/ Interior.(se requeriere de housing para instalacion exterior).<\/li>\n<li>Antivandalica IK10<\/li>\n<li>\u200bProtecci\u00f3n contra sobre tensiones y protecci\u00f3n contra voltajes transitorios.<\/li>\n<li><span style=\"color: black;\">Dimensiones: 153.4 x 133.1 mm<\/span><\/li>\n<li><span style=\"color: black;\">\u200bPeso: 1330\u00a0grs.<\/span><\/li>\n<li><strong><span style=\"color: black;\">\u200bGarant\u00eda: 2 a\u00f1os.<\/span><\/strong><\/li>\n<li>DS-2CD2743G0-IZS Camara Domo Hikvision IP de 4 Megapixeles<\/li>\n<\/ul>\n<\/li>\n<\/ul>\n<\/div>\n","protected":false},"excerpt":{"rendered":"<div class=\"col-sm-8 col-md-8 well-sm\">\n<p id=\"product_title_143099\" class=\"no_margin_top titulo_vista_producto\">DS-2CD2743G0-IZS Camara Domo Hikvision IP de 4 Megapixeles \/ Lente Mot. 2.8 a 12 mm \/ 30 mts IR EXIR \/ Exterior IP67 \/ IK10 \/ Audio y Alarmas \/ PoE \/ WDR 120 dB \/ Videoanaliticos Integrados<\/p>\n<\/div>\n<div class=\"hidden-xs col-sm-4 col-md-4\"><\/div>\n","protected":false},"featured_media":16097,"template":"","meta":{"site-sidebar-layout":"default","site-content-layout":"default","ast-site-content-layout":"","site-content-style":"default","site-sidebar-style":"default","ast-global-header-display":"","ast-banner-title-visibility":"","ast-main-header-display":"","ast-hfb-above-header-display":"","ast-hfb-below-header-display":"","ast-hfb-mobile-header-display":"","site-post-title":"","ast-breadcrumbs-content":"","ast-featured-img":"","footer-sml-layout":"","theme-transparent-header-meta":"default","adv-header-id-meta":"","stick-header-meta":"","header-above-stick-meta":"","header-main-stick-meta":"","header-below-stick-meta":"","astra-migrate-meta-layouts":""},"product_cat":[306],"product_tag":[],"yoast_head":"<!-- This site is optimized with the Yoast SEO plugin v19.5.1 - https:\/\/yoast.com\/wordpress\/plugins\/seo\/ -->\n<title>DS-2CD2743G0-IZS Camara Domo Hikvision IP de 4 Megapixeles<\/title>\n<meta name=\"description\" content=\"Security Data &amp; Video SA de CV. DS-2CD2743G0-IZS Camara Domo Hikvision IP de 4 Megapixeles \/ Lente Mot. 2.8 a 12 mm \/ 30 mts IR EXIR \/ Exterior IP67\" \/>\n<meta name=\"robots\" content=\"index, follow, max-snippet:-1, max-image-preview:large, max-video-preview:-1\" \/>\n<link rel=\"canonical\" href=\"https:\/\/www.securitydataandvideo.com\/inicio\/shop\/ds-2cd2743g0-izs-camara-domo-hikvision-ip-de-4-megapixeles-lente-mot-2-8-a-12-mm-30-mts-ir-exir-exterior-ip67-ik10-audio-y-alarmas-poe-wdr-120-db-videoanaliticos-integrados\/\" \/>\n<meta property=\"og:locale\" content=\"es_MX\" \/>\n<meta property=\"og:type\" content=\"article\" \/>\n<meta property=\"og:title\" content=\"DS-2CD2743G0-IZS Camara Domo Hikvision IP de 4 Megapixeles\" \/>\n<meta property=\"og:description\" content=\"Security Data &amp; Video SA de CV. DS-2CD2743G0-IZS Camara Domo Hikvision IP de 4 Megapixeles \/ Lente Mot. 2.8 a 12 mm \/ 30 mts IR EXIR \/ Exterior IP67\" \/>\n<meta property=\"og:url\" content=\"https:\/\/www.securitydataandvideo.com\/inicio\/shop\/ds-2cd2743g0-izs-camara-domo-hikvision-ip-de-4-megapixeles-lente-mot-2-8-a-12-mm-30-mts-ir-exir-exterior-ip67-ik10-audio-y-alarmas-poe-wdr-120-db-videoanaliticos-integrados\/\" \/>\n<meta property=\"og:site_name\" content=\"Security Data &amp; Video SA de CV.\" \/>\n<meta property=\"article:modified_time\" content=\"2023-10-03T05:08:07+00:00\" \/>\n<meta property=\"og:image\" content=\"https:\/\/www.securitydataandvideo.com\/inicio\/wp-content\/uploads\/2022\/07\/DS-2CD2743G0-IZS-Hikvision.png\" \/>\n\t<meta property=\"og:image:width\" content=\"254\" \/>\n\t<meta property=\"og:image:height\" content=\"254\" \/>\n\t<meta property=\"og:image:type\" content=\"image\/png\" \/>\n<meta name=\"twitter:card\" content=\"summary\" \/>\n<meta name=\"twitter:label1\" content=\"Tiempo de lectura\" \/>\n\t<meta name=\"twitter:data1\" content=\"1 minuto\" \/>\n<script type=\"application\/ld+json\" class=\"yoast-schema-graph\">{\"@context\":\"https:\/\/schema.org\",\"@graph\":[{\"@type\":\"WebPage\",\"@id\":\"https:\/\/www.securitydataandvideo.com\/inicio\/shop\/ds-2cd2743g0-izs-camara-domo-hikvision-ip-de-4-megapixeles-lente-mot-2-8-a-12-mm-30-mts-ir-exir-exterior-ip67-ik10-audio-y-alarmas-poe-wdr-120-db-videoanaliticos-integrados\/\",\"url\":\"https:\/\/www.securitydataandvideo.com\/inicio\/shop\/ds-2cd2743g0-izs-camara-domo-hikvision-ip-de-4-megapixeles-lente-mot-2-8-a-12-mm-30-mts-ir-exir-exterior-ip67-ik10-audio-y-alarmas-poe-wdr-120-db-videoanaliticos-integrados\/\",\"name\":\"DS-2CD2743G0-IZS Camara Domo Hikvision IP de 4 Megapixeles\",\"isPartOf\":{\"@id\":\"https:\/\/www.securitydataandvideo.com\/inicio\/#website\"},\"datePublished\":\"2022-07-21T17:39:55+00:00\",\"dateModified\":\"2023-10-03T05:08:07+00:00\",\"description\":\"Security Data &amp; Video SA de CV. DS-2CD2743G0-IZS Camara Domo Hikvision IP de 4 Megapixeles \/ Lente Mot. 2.8 a 12 mm \/ 30 mts IR EXIR \/ Exterior IP67\",\"breadcrumb\":{\"@id\":\"https:\/\/www.securitydataandvideo.com\/inicio\/shop\/ds-2cd2743g0-izs-camara-domo-hikvision-ip-de-4-megapixeles-lente-mot-2-8-a-12-mm-30-mts-ir-exir-exterior-ip67-ik10-audio-y-alarmas-poe-wdr-120-db-videoanaliticos-integrados\/#breadcrumb\"},\"inLanguage\":\"es-MX\",\"potentialAction\":[{\"@type\":\"ReadAction\",\"target\":[\"https:\/\/www.securitydataandvideo.com\/inicio\/shop\/ds-2cd2743g0-izs-camara-domo-hikvision-ip-de-4-megapixeles-lente-mot-2-8-a-12-mm-30-mts-ir-exir-exterior-ip67-ik10-audio-y-alarmas-poe-wdr-120-db-videoanaliticos-integrados\/\"]}]},{\"@type\":\"BreadcrumbList\",\"@id\":\"https:\/\/www.securitydataandvideo.com\/inicio\/shop\/ds-2cd2743g0-izs-camara-domo-hikvision-ip-de-4-megapixeles-lente-mot-2-8-a-12-mm-30-mts-ir-exir-exterior-ip67-ik10-audio-y-alarmas-poe-wdr-120-db-videoanaliticos-integrados\/#breadcrumb\",\"itemListElement\":[{\"@type\":\"ListItem\",\"position\":1,\"name\":\"Inicio\",\"item\":\"https:\/\/www.securitydataandvideo.com\/inicio\/\"},{\"@type\":\"ListItem\",\"position\":2,\"name\":\"Shop\",\"item\":\"https:\/\/www.securitydataandvideo.com\/inicio\/shop\/\"},{\"@type\":\"ListItem\",\"position\":3,\"name\":\"DS-2CD2743G0-IZS Camara Domo Hikvision IP de 4 Megapixeles \/ Lente Mot. 2.8 a 12 mm \/ 30 mts IR EXIR \/ Exterior IP67 \/ IK10 \/ Audio y Alarmas \/ PoE \/ WDR 120 dB \/ Videoanaliticos Integrados\"}]},{\"@type\":\"WebSite\",\"@id\":\"https:\/\/www.securitydataandvideo.com\/inicio\/#website\",\"url\":\"https:\/\/www.securitydataandvideo.com\/inicio\/\",\"name\":\"Security Data &amp; Video SA de CV.\",\"description\":\"Seguridad Electr\u00f3nica y Energ\u00eda\",\"publisher\":{\"@id\":\"https:\/\/www.securitydataandvideo.com\/inicio\/#organization\"},\"potentialAction\":[{\"@type\":\"SearchAction\",\"target\":{\"@type\":\"EntryPoint\",\"urlTemplate\":\"https:\/\/www.securitydataandvideo.com\/inicio\/?s={search_term_string}\"},\"query-input\":\"required name=search_term_string\"}],\"inLanguage\":\"es-MX\"},{\"@type\":\"Organization\",\"@id\":\"https:\/\/www.securitydataandvideo.com\/inicio\/#organization\",\"name\":\"Security Data & Video SA de CV\",\"url\":\"https:\/\/www.securitydataandvideo.com\/inicio\/\",\"sameAs\":[],\"logo\":{\"@type\":\"ImageObject\",\"inLanguage\":\"es-MX\",\"@id\":\"https:\/\/www.securitydataandvideo.com\/inicio\/#\/schema\/logo\/image\/\",\"url\":\"https:\/\/www.securitydataandvideo.com\/inicio\/wp-content\/uploads\/2021\/10\/Logo-Azul.png\",\"contentUrl\":\"https:\/\/www.securitydataandvideo.com\/inicio\/wp-content\/uploads\/2021\/10\/Logo-Azul.png\",\"width\":555,\"height\":375,\"caption\":\"Security Data & Video SA de CV\"},\"image\":{\"@id\":\"https:\/\/www.securitydataandvideo.com\/inicio\/#\/schema\/logo\/image\/\"}}]}<\/script>\n<!-- \/ Yoast SEO plugin. -->","yoast_head_json":{"title":"DS-2CD2743G0-IZS Camara Domo Hikvision IP de 4 Megapixeles","description":"Security Data &amp; Video SA de CV. DS-2CD2743G0-IZS Camara Domo Hikvision IP de 4 Megapixeles \/ Lente Mot. 2.8 a 12 mm \/ 30 mts IR EXIR \/ Exterior IP67","robots":{"index":"index","follow":"follow","max-snippet":"max-snippet:-1","max-image-preview":"max-image-preview:large","max-video-preview":"max-video-preview:-1"},"canonical":"https:\/\/www.securitydataandvideo.com\/inicio\/shop\/ds-2cd2743g0-izs-camara-domo-hikvision-ip-de-4-megapixeles-lente-mot-2-8-a-12-mm-30-mts-ir-exir-exterior-ip67-ik10-audio-y-alarmas-poe-wdr-120-db-videoanaliticos-integrados\/","og_locale":"es_MX","og_type":"article","og_title":"DS-2CD2743G0-IZS Camara Domo Hikvision IP de 4 Megapixeles","og_description":"Security Data &amp; Video SA de CV. DS-2CD2743G0-IZS Camara Domo Hikvision IP de 4 Megapixeles \/ Lente Mot. 2.8 a 12 mm \/ 30 mts IR EXIR \/ Exterior IP67","og_url":"https:\/\/www.securitydataandvideo.com\/inicio\/shop\/ds-2cd2743g0-izs-camara-domo-hikvision-ip-de-4-megapixeles-lente-mot-2-8-a-12-mm-30-mts-ir-exir-exterior-ip67-ik10-audio-y-alarmas-poe-wdr-120-db-videoanaliticos-integrados\/","og_site_name":"Security Data &amp; Video SA de CV.","article_modified_time":"2023-10-03T05:08:07+00:00","og_image":[{"width":254,"height":254,"url":"https:\/\/www.securitydataandvideo.com\/inicio\/wp-content\/uploads\/2022\/07\/DS-2CD2743G0-IZS-Hikvision.png","type":"image\/png"}],"twitter_card":"summary","twitter_misc":{"Tiempo de lectura":"1 minuto"},"schema":{"@context":"https:\/\/schema.org","@graph":[{"@type":"WebPage","@id":"https:\/\/www.securitydataandvideo.com\/inicio\/shop\/ds-2cd2743g0-izs-camara-domo-hikvision-ip-de-4-megapixeles-lente-mot-2-8-a-12-mm-30-mts-ir-exir-exterior-ip67-ik10-audio-y-alarmas-poe-wdr-120-db-videoanaliticos-integrados\/","url":"https:\/\/www.securitydataandvideo.com\/inicio\/shop\/ds-2cd2743g0-izs-camara-domo-hikvision-ip-de-4-megapixeles-lente-mot-2-8-a-12-mm-30-mts-ir-exir-exterior-ip67-ik10-audio-y-alarmas-poe-wdr-120-db-videoanaliticos-integrados\/","name":"DS-2CD2743G0-IZS Camara Domo Hikvision IP de 4 Megapixeles","isPartOf":{"@id":"https:\/\/www.securitydataandvideo.com\/inicio\/#website"},"datePublished":"2022-07-21T17:39:55+00:00","dateModified":"2023-10-03T05:08:07+00:00","description":"Security Data &amp; Video SA de CV. DS-2CD2743G0-IZS Camara Domo Hikvision IP de 4 Megapixeles \/ Lente Mot. 2.8 a 12 mm \/ 30 mts IR EXIR \/ Exterior IP67","breadcrumb":{"@id":"https:\/\/www.securitydataandvideo.com\/inicio\/shop\/ds-2cd2743g0-izs-camara-domo-hikvision-ip-de-4-megapixeles-lente-mot-2-8-a-12-mm-30-mts-ir-exir-exterior-ip67-ik10-audio-y-alarmas-poe-wdr-120-db-videoanaliticos-integrados\/#breadcrumb"},"inLanguage":"es-MX","potentialAction":[{"@type":"ReadAction","target":["https:\/\/www.securitydataandvideo.com\/inicio\/shop\/ds-2cd2743g0-izs-camara-domo-hikvision-ip-de-4-megapixeles-lente-mot-2-8-a-12-mm-30-mts-ir-exir-exterior-ip67-ik10-audio-y-alarmas-poe-wdr-120-db-videoanaliticos-integrados\/"]}]},{"@type":"BreadcrumbList","@id":"https:\/\/www.securitydataandvideo.com\/inicio\/shop\/ds-2cd2743g0-izs-camara-domo-hikvision-ip-de-4-megapixeles-lente-mot-2-8-a-12-mm-30-mts-ir-exir-exterior-ip67-ik10-audio-y-alarmas-poe-wdr-120-db-videoanaliticos-integrados\/#breadcrumb","itemListElement":[{"@type":"ListItem","position":1,"name":"Inicio","item":"https:\/\/www.securitydataandvideo.com\/inicio\/"},{"@type":"ListItem","position":2,"name":"Shop","item":"https:\/\/www.securitydataandvideo.com\/inicio\/shop\/"},{"@type":"ListItem","position":3,"name":"DS-2CD2743G0-IZS Camara Domo Hikvision IP de 4 Megapixeles \/ Lente Mot. 2.8 a 12 mm \/ 30 mts IR EXIR \/ Exterior IP67 \/ IK10 \/ Audio y Alarmas \/ PoE \/ WDR 120 dB \/ Videoanaliticos Integrados"}]},{"@type":"WebSite","@id":"https:\/\/www.securitydataandvideo.com\/inicio\/#website","url":"https:\/\/www.securitydataandvideo.com\/inicio\/","name":"Security Data &amp; Video SA de CV.","description":"Seguridad Electr\u00f3nica y Energ\u00eda","publisher":{"@id":"https:\/\/www.securitydataandvideo.com\/inicio\/#organization"},"potentialAction":[{"@type":"SearchAction","target":{"@type":"EntryPoint","urlTemplate":"https:\/\/www.securitydataandvideo.com\/inicio\/?s={search_term_string}"},"query-input":"required name=search_term_string"}],"inLanguage":"es-MX"},{"@type":"Organization","@id":"https:\/\/www.securitydataandvideo.com\/inicio\/#organization","name":"Security Data & Video SA de CV","url":"https:\/\/www.securitydataandvideo.com\/inicio\/","sameAs":[],"logo":{"@type":"ImageObject","inLanguage":"es-MX","@id":"https:\/\/www.securitydataandvideo.com\/inicio\/#\/schema\/logo\/image\/","url":"https:\/\/www.securitydataandvideo.com\/inicio\/wp-content\/uploads\/2021\/10\/Logo-Azul.png","contentUrl":"https:\/\/www.securitydataandvideo.com\/inicio\/wp-content\/uploads\/2021\/10\/Logo-Azul.png","width":555,"height":375,"caption":"Security Data & Video SA de CV"},"image":{"@id":"https:\/\/www.securitydataandvideo.com\/inicio\/#\/schema\/logo\/image\/"}}]}},"_links":{"self":[{"href":"https:\/\/www.securitydataandvideo.com\/inicio\/wp-json\/wp\/v2\/product\/16067"}],"collection":[{"href":"https:\/\/www.securitydataandvideo.com\/inicio\/wp-json\/wp\/v2\/product"}],"about":[{"href":"https:\/\/www.securitydataandvideo.com\/inicio\/wp-json\/wp\/v2\/types\/product"}],"wp:featuredmedia":[{"embeddable":true,"href":"https:\/\/www.securitydataandvideo.com\/inicio\/wp-json\/wp\/v2\/media\/16097"}],"wp:attachment":[{"href":"https:\/\/www.securitydataandvideo.com\/inicio\/wp-json\/wp\/v2\/media?parent=16067"}],"wp:term":[{"taxonomy":"product_cat","embeddable":true,"href":"https:\/\/www.securitydataandvideo.com\/inicio\/wp-json\/wp\/v2\/product_cat?post=16067"},{"taxonomy":"product_tag","embeddable":true,"href":"https:\/\/www.securitydataandvideo.com\/inicio\/wp-json\/wp\/v2\/product_tag?post=16067"}],"curies":[{"name":"wp","href":"https:\/\/api.w.org\/{rel}","templated":true}]}}