{"id":16069,"date":"2022-07-21T11:39:55","date_gmt":"2022-07-21T17:39:55","guid":{"rendered":"https:\/\/www.securitydataandvideo.com\/inicio\/?post_type=product&#038;p=16069"},"modified":"2023-10-02T23:07:47","modified_gmt":"2023-10-03T05:07:47","slug":"ds-2cd6332fwd-is-fisheye-ip-3-megapixel-interior-180-360-dewarping-15-m-ir-wdr-120-db-ptz-digital-micro-sd-onvif-microfono-integrado","status":"publish","type":"product","link":"https:\/\/www.securitydataandvideo.com\/inicio\/shop\/ds-2cd6332fwd-is-fisheye-ip-3-megapixel-interior-180-360-dewarping-15-m-ir-wdr-120-db-ptz-digital-micro-sd-onvif-microfono-integrado\/","title":{"rendered":"DS-2CD6332FWD-IS Fisheye IP 3 Megapixel \/ Interior \/ 180\u00b0 \/ 360\u00b0 \/ DEWARPING \/ 15 m IR \/ WDR 120 dB \/ PTZ Digital \/ Micro SD \/ ONVIF \/ Micr\u00f3fono Integrado"},"content":{"rendered":"<div class=\"col-sm-8 col-md-8 well-sm\">\n<h4 id=\"product_title_135653\" class=\"no_margin_top titulo_vista_producto\">DS-2CD6332FWD-IS Fisheye IP 3 Megapixel \/ Interior \/ 180\u00b0 \/ 360\u00b0 \/ DEWARPING \/ 15 m IR \/ WDR 120 dB \/ PTZ Digital \/ Micro SD \/ ONVIF \/ Micr\u00f3fono Integrado<\/h4>\n<\/div>\n<div class=\"hidden-xs col-sm-4 col-md-4\">\n<p><strong>Caracter\u00edsticas de la c\u00e1mara:<\/strong><\/p>\n<ul>\n<li>Sensor de imagen: 1\/3&#8243;\u00a0CMOS Scan Progresivo.<\/li>\n<li>Iluminaci\u00f3n m\u00ednima:\u00a00.1 Lux @ (F1.2, AGC ON), 0.28 Lux @ (F2.0, AGC ON), 0 Lux with IR.<\/li>\n<li>Velocidad del sutther:\u00a01\/3 s \u2013 1\/100,000 s<\/li>\n<li>Dia \/ Noche real con filtro ICR.<\/li>\n<li><strong>Lente fijo:\u00a01.19 mm.<\/strong><\/li>\n<li>Distancia de IR: 15\u00a0m.<\/li>\n<li><strong>Funciones:<\/strong>\u00a0WDR real (120dB), 3D-DNR, BLC,\u00a0Cruce de l\u00ednea, Intrusi\u00f3n de \u00e1rea, Heat Map.<\/li>\n<li><strong>Interfaces y Audio:<\/strong>\n<ul>\n<li>Audio: 1 entrada y 1 salida (24Vcd, 1A \u00f3 110Vca, 500mA).<\/li>\n<li>Red: 1 puerto\u00a0RJ45 10 \/ 100 \/ 1000 Mbps.<\/li>\n<li>Alarma: 1\u00a0entrada\u00a0y 1\u00a0salida.<\/li>\n<li>Audio bidireccional: micr\u00f3fono y bocina interconstruido.<\/li>\n<\/ul>\n<p><strong>Caracter\u00edsticas f\u00edsicas y el\u00e9ctricas:<\/strong><\/p>\n<ul>\n<li>Temperatura de operaci\u00f3n:\u00a0-10\u00a0\u2013 50 \u00b0C,\u00a0humedad 95%.<\/li>\n<li>Alimentaci\u00f3n: 12Vcd \/ PoE (802.3af) \/ 12.18 W.<\/li>\n<li>Protecci\u00f3n: Uso en Interior.<\/li>\n<li>Dimensiones:\u00a0164 \u00d7 152.8 \u00d7 45.5mm .<\/li>\n<li>Peso: 1.4\u00a0kgs.<\/li>\n<\/ul>\n<p><strong>Garant\u00eda: 3 a\u00f1os.<\/strong><\/p>\n<p><figure id=\"attachment_149\" aria-describedby=\"caption-attachment-149\" style=\"width: 150px\" class=\"wp-caption alignnone\"><img loading=\"lazy\" class=\"size-thumbnail wp-image-149 additional-class\" src=\"http:\/\/solucionesdeinfraestructura.com\/comercio\/wp-content\/uploads\/2019\/04\/DS-2CD6332FWD-IS-Hikvision-150x150.png\" alt=\"DS-2CD6332FWD-IS Hikvision\" width=\"150\" height=\"150\" \/><figcaption id=\"caption-attachment-149\" class=\"wp-caption-text\">DS-2CD6332FWD-IS Hikvision<\/figcaption><\/figure><\/li>\n<\/ul>\n<\/div>\n","protected":false},"excerpt":{"rendered":"<div class=\"col-sm-8 col-md-8 well-sm\">\n<h4 id=\"product_title_135653\" class=\"no_margin_top titulo_vista_producto\">DS-2CD6332FWD-IS Fisheye IP 3 Megapixel \/ Interior \/ 180\u00b0 \/ 360\u00b0 \/ DEWARPING \/ 15 m IR \/ WDR 120 dB \/ PTZ Digital \/ Micro SD \/ ONVIF \/ Micr\u00f3fono Integrado<\/h4>\n<\/div>\n<div class=\"hidden-xs col-sm-4 col-md-4\">\n<figure id=\"attachment_149\" aria-describedby=\"caption-attachment-149\" style=\"width: 150px\" class=\"wp-caption alignnone\"><img loading=\"lazy\" class=\"size-thumbnail wp-image-149 additional-class\" src=\"http:\/\/solucionesdeinfraestructura.com\/comercio\/wp-content\/uploads\/2019\/04\/DS-2CD6332FWD-IS-Hikvision-150x150.png\" alt=\"DS-2CD6332FWD-IS Hikvision\" width=\"150\" height=\"150\" \/><figcaption id=\"caption-attachment-149\" class=\"wp-caption-text\">DS-2CD6332FWD-IS Hikvision<\/figcaption><\/figure>\n<\/div>\n","protected":false},"featured_media":16099,"template":"","meta":{"site-sidebar-layout":"","site-content-layout":"","ast-site-content-layout":"","site-content-style":"default","site-sidebar-style":"default","ast-global-header-display":"","ast-banner-title-visibility":"","ast-main-header-display":"","ast-hfb-above-header-display":"","ast-hfb-below-header-display":"","ast-hfb-mobile-header-display":"","site-post-title":"","ast-breadcrumbs-content":"","ast-featured-img":"","footer-sml-layout":"","theme-transparent-header-meta":"","adv-header-id-meta":"","stick-header-meta":"","header-above-stick-meta":"","header-main-stick-meta":"","header-below-stick-meta":"","astra-migrate-meta-layouts":""},"product_cat":[306],"product_tag":[88],"yoast_head":"<!-- This site is optimized with the Yoast SEO plugin v19.5.1 - https:\/\/yoast.com\/wordpress\/plugins\/seo\/ -->\n<title>DS-2CD6332FWD-IS Fisheye IP 3 Megapixel \/ Interior \/ 180\u00b0 \/ 360\u00b0 \/<\/title>\n<meta name=\"description\" content=\"Security Data &amp; Video SA de CV. DS-2CD6332FWD-IS Fisheye IP 3 Megapixel \/ Interior \/ 180\u00b0 \/ 360\u00b0 \/ DEWARPING \/ 15 m IR \/ WDR 120 dB \/ PTZ Digital \/ Micro SD \/ ONVIF \/ Micr\u00f3fono Integrado\" \/>\n<meta name=\"robots\" content=\"index, follow, max-snippet:-1, max-image-preview:large, max-video-preview:-1\" \/>\n<link rel=\"canonical\" href=\"https:\/\/www.securitydataandvideo.com\/inicio\/shop\/ds-2cd6332fwd-is-fisheye-ip-3-megapixel-interior-180-360-dewarping-15-m-ir-wdr-120-db-ptz-digital-micro-sd-onvif-microfono-integrado\/\" \/>\n<meta property=\"og:locale\" content=\"es_MX\" \/>\n<meta property=\"og:type\" content=\"article\" \/>\n<meta property=\"og:title\" content=\"DS-2CD6332FWD-IS Fisheye IP 3 Megapixel \/ Interior \/ 180\u00b0 \/ 360\u00b0 \/\" \/>\n<meta property=\"og:description\" content=\"Security Data &amp; Video SA de CV. DS-2CD6332FWD-IS Fisheye IP 3 Megapixel \/ Interior \/ 180\u00b0 \/ 360\u00b0 \/ DEWARPING \/ 15 m IR \/ WDR 120 dB \/ PTZ Digital \/ Micro SD \/ ONVIF \/ Micr\u00f3fono Integrado\" \/>\n<meta property=\"og:url\" content=\"https:\/\/www.securitydataandvideo.com\/inicio\/shop\/ds-2cd6332fwd-is-fisheye-ip-3-megapixel-interior-180-360-dewarping-15-m-ir-wdr-120-db-ptz-digital-micro-sd-onvif-microfono-integrado\/\" \/>\n<meta property=\"og:site_name\" content=\"Security Data &amp; Video SA de CV.\" \/>\n<meta property=\"article:modified_time\" content=\"2023-10-03T05:07:47+00:00\" \/>\n<meta property=\"og:image\" content=\"https:\/\/www.securitydataandvideo.com\/inicio\/wp-content\/uploads\/2022\/07\/DS-2CD6332FWD-IS-Hikvision.png\" \/>\n\t<meta property=\"og:image:width\" content=\"289\" \/>\n\t<meta property=\"og:image:height\" content=\"289\" \/>\n\t<meta property=\"og:image:type\" content=\"image\/png\" \/>\n<meta name=\"twitter:card\" content=\"summary\" \/>\n<meta name=\"twitter:label1\" content=\"Tiempo de lectura\" \/>\n\t<meta name=\"twitter:data1\" content=\"1 minuto\" \/>\n<script type=\"application\/ld+json\" class=\"yoast-schema-graph\">{\"@context\":\"https:\/\/schema.org\",\"@graph\":[{\"@type\":\"WebPage\",\"@id\":\"https:\/\/www.securitydataandvideo.com\/inicio\/shop\/ds-2cd6332fwd-is-fisheye-ip-3-megapixel-interior-180-360-dewarping-15-m-ir-wdr-120-db-ptz-digital-micro-sd-onvif-microfono-integrado\/\",\"url\":\"https:\/\/www.securitydataandvideo.com\/inicio\/shop\/ds-2cd6332fwd-is-fisheye-ip-3-megapixel-interior-180-360-dewarping-15-m-ir-wdr-120-db-ptz-digital-micro-sd-onvif-microfono-integrado\/\",\"name\":\"DS-2CD6332FWD-IS Fisheye IP 3 Megapixel \/ Interior \/ 180\u00b0 \/ 360\u00b0 \/\",\"isPartOf\":{\"@id\":\"https:\/\/www.securitydataandvideo.com\/inicio\/#website\"},\"datePublished\":\"2022-07-21T17:39:55+00:00\",\"dateModified\":\"2023-10-03T05:07:47+00:00\",\"description\":\"Security Data &amp; Video SA de CV. DS-2CD6332FWD-IS Fisheye IP 3 Megapixel \/ Interior \/ 180\u00b0 \/ 360\u00b0 \/ DEWARPING \/ 15 m IR \/ WDR 120 dB \/ PTZ Digital \/ Micro SD \/ ONVIF \/ Micr\u00f3fono Integrado\",\"breadcrumb\":{\"@id\":\"https:\/\/www.securitydataandvideo.com\/inicio\/shop\/ds-2cd6332fwd-is-fisheye-ip-3-megapixel-interior-180-360-dewarping-15-m-ir-wdr-120-db-ptz-digital-micro-sd-onvif-microfono-integrado\/#breadcrumb\"},\"inLanguage\":\"es-MX\",\"potentialAction\":[{\"@type\":\"ReadAction\",\"target\":[\"https:\/\/www.securitydataandvideo.com\/inicio\/shop\/ds-2cd6332fwd-is-fisheye-ip-3-megapixel-interior-180-360-dewarping-15-m-ir-wdr-120-db-ptz-digital-micro-sd-onvif-microfono-integrado\/\"]}]},{\"@type\":\"BreadcrumbList\",\"@id\":\"https:\/\/www.securitydataandvideo.com\/inicio\/shop\/ds-2cd6332fwd-is-fisheye-ip-3-megapixel-interior-180-360-dewarping-15-m-ir-wdr-120-db-ptz-digital-micro-sd-onvif-microfono-integrado\/#breadcrumb\",\"itemListElement\":[{\"@type\":\"ListItem\",\"position\":1,\"name\":\"Inicio\",\"item\":\"https:\/\/www.securitydataandvideo.com\/inicio\/\"},{\"@type\":\"ListItem\",\"position\":2,\"name\":\"Shop\",\"item\":\"https:\/\/www.securitydataandvideo.com\/inicio\/shop\/\"},{\"@type\":\"ListItem\",\"position\":3,\"name\":\"DS-2CD6332FWD-IS Fisheye IP 3 Megapixel \/ Interior \/ 180\u00b0 \/ 360\u00b0 \/ DEWARPING \/ 15 m IR \/ WDR 120 dB \/ PTZ Digital \/ Micro SD \/ ONVIF \/ Micr\u00f3fono Integrado\"}]},{\"@type\":\"WebSite\",\"@id\":\"https:\/\/www.securitydataandvideo.com\/inicio\/#website\",\"url\":\"https:\/\/www.securitydataandvideo.com\/inicio\/\",\"name\":\"Security Data &amp; Video SA de CV.\",\"description\":\"Seguridad Electr\u00f3nica y Energ\u00eda\",\"publisher\":{\"@id\":\"https:\/\/www.securitydataandvideo.com\/inicio\/#organization\"},\"potentialAction\":[{\"@type\":\"SearchAction\",\"target\":{\"@type\":\"EntryPoint\",\"urlTemplate\":\"https:\/\/www.securitydataandvideo.com\/inicio\/?s={search_term_string}\"},\"query-input\":\"required name=search_term_string\"}],\"inLanguage\":\"es-MX\"},{\"@type\":\"Organization\",\"@id\":\"https:\/\/www.securitydataandvideo.com\/inicio\/#organization\",\"name\":\"Security Data & Video SA de CV\",\"url\":\"https:\/\/www.securitydataandvideo.com\/inicio\/\",\"sameAs\":[],\"logo\":{\"@type\":\"ImageObject\",\"inLanguage\":\"es-MX\",\"@id\":\"https:\/\/www.securitydataandvideo.com\/inicio\/#\/schema\/logo\/image\/\",\"url\":\"https:\/\/www.securitydataandvideo.com\/inicio\/wp-content\/uploads\/2021\/10\/Logo-Azul.png\",\"contentUrl\":\"https:\/\/www.securitydataandvideo.com\/inicio\/wp-content\/uploads\/2021\/10\/Logo-Azul.png\",\"width\":555,\"height\":375,\"caption\":\"Security Data & Video SA de CV\"},\"image\":{\"@id\":\"https:\/\/www.securitydataandvideo.com\/inicio\/#\/schema\/logo\/image\/\"}}]}<\/script>\n<!-- \/ Yoast SEO plugin. -->","yoast_head_json":{"title":"DS-2CD6332FWD-IS Fisheye IP 3 Megapixel \/ Interior \/ 180\u00b0 \/ 360\u00b0 \/","description":"Security Data &amp; Video SA de CV. DS-2CD6332FWD-IS Fisheye IP 3 Megapixel \/ Interior \/ 180\u00b0 \/ 360\u00b0 \/ DEWARPING \/ 15 m IR \/ WDR 120 dB \/ PTZ Digital \/ Micro SD \/ ONVIF \/ Micr\u00f3fono Integrado","robots":{"index":"index","follow":"follow","max-snippet":"max-snippet:-1","max-image-preview":"max-image-preview:large","max-video-preview":"max-video-preview:-1"},"canonical":"https:\/\/www.securitydataandvideo.com\/inicio\/shop\/ds-2cd6332fwd-is-fisheye-ip-3-megapixel-interior-180-360-dewarping-15-m-ir-wdr-120-db-ptz-digital-micro-sd-onvif-microfono-integrado\/","og_locale":"es_MX","og_type":"article","og_title":"DS-2CD6332FWD-IS Fisheye IP 3 Megapixel \/ Interior \/ 180\u00b0 \/ 360\u00b0 \/","og_description":"Security Data &amp; Video SA de CV. DS-2CD6332FWD-IS Fisheye IP 3 Megapixel \/ Interior \/ 180\u00b0 \/ 360\u00b0 \/ DEWARPING \/ 15 m IR \/ WDR 120 dB \/ PTZ Digital \/ Micro SD \/ ONVIF \/ Micr\u00f3fono Integrado","og_url":"https:\/\/www.securitydataandvideo.com\/inicio\/shop\/ds-2cd6332fwd-is-fisheye-ip-3-megapixel-interior-180-360-dewarping-15-m-ir-wdr-120-db-ptz-digital-micro-sd-onvif-microfono-integrado\/","og_site_name":"Security Data &amp; Video SA de CV.","article_modified_time":"2023-10-03T05:07:47+00:00","og_image":[{"width":289,"height":289,"url":"https:\/\/www.securitydataandvideo.com\/inicio\/wp-content\/uploads\/2022\/07\/DS-2CD6332FWD-IS-Hikvision.png","type":"image\/png"}],"twitter_card":"summary","twitter_misc":{"Tiempo de lectura":"1 minuto"},"schema":{"@context":"https:\/\/schema.org","@graph":[{"@type":"WebPage","@id":"https:\/\/www.securitydataandvideo.com\/inicio\/shop\/ds-2cd6332fwd-is-fisheye-ip-3-megapixel-interior-180-360-dewarping-15-m-ir-wdr-120-db-ptz-digital-micro-sd-onvif-microfono-integrado\/","url":"https:\/\/www.securitydataandvideo.com\/inicio\/shop\/ds-2cd6332fwd-is-fisheye-ip-3-megapixel-interior-180-360-dewarping-15-m-ir-wdr-120-db-ptz-digital-micro-sd-onvif-microfono-integrado\/","name":"DS-2CD6332FWD-IS Fisheye IP 3 Megapixel \/ Interior \/ 180\u00b0 \/ 360\u00b0 \/","isPartOf":{"@id":"https:\/\/www.securitydataandvideo.com\/inicio\/#website"},"datePublished":"2022-07-21T17:39:55+00:00","dateModified":"2023-10-03T05:07:47+00:00","description":"Security Data &amp; Video SA de CV. DS-2CD6332FWD-IS Fisheye IP 3 Megapixel \/ Interior \/ 180\u00b0 \/ 360\u00b0 \/ DEWARPING \/ 15 m IR \/ WDR 120 dB \/ PTZ Digital \/ Micro SD \/ ONVIF \/ Micr\u00f3fono Integrado","breadcrumb":{"@id":"https:\/\/www.securitydataandvideo.com\/inicio\/shop\/ds-2cd6332fwd-is-fisheye-ip-3-megapixel-interior-180-360-dewarping-15-m-ir-wdr-120-db-ptz-digital-micro-sd-onvif-microfono-integrado\/#breadcrumb"},"inLanguage":"es-MX","potentialAction":[{"@type":"ReadAction","target":["https:\/\/www.securitydataandvideo.com\/inicio\/shop\/ds-2cd6332fwd-is-fisheye-ip-3-megapixel-interior-180-360-dewarping-15-m-ir-wdr-120-db-ptz-digital-micro-sd-onvif-microfono-integrado\/"]}]},{"@type":"BreadcrumbList","@id":"https:\/\/www.securitydataandvideo.com\/inicio\/shop\/ds-2cd6332fwd-is-fisheye-ip-3-megapixel-interior-180-360-dewarping-15-m-ir-wdr-120-db-ptz-digital-micro-sd-onvif-microfono-integrado\/#breadcrumb","itemListElement":[{"@type":"ListItem","position":1,"name":"Inicio","item":"https:\/\/www.securitydataandvideo.com\/inicio\/"},{"@type":"ListItem","position":2,"name":"Shop","item":"https:\/\/www.securitydataandvideo.com\/inicio\/shop\/"},{"@type":"ListItem","position":3,"name":"DS-2CD6332FWD-IS Fisheye IP 3 Megapixel \/ Interior \/ 180\u00b0 \/ 360\u00b0 \/ DEWARPING \/ 15 m IR \/ WDR 120 dB \/ PTZ Digital \/ Micro SD \/ ONVIF \/ Micr\u00f3fono Integrado"}]},{"@type":"WebSite","@id":"https:\/\/www.securitydataandvideo.com\/inicio\/#website","url":"https:\/\/www.securitydataandvideo.com\/inicio\/","name":"Security Data &amp; Video SA de CV.","description":"Seguridad Electr\u00f3nica y Energ\u00eda","publisher":{"@id":"https:\/\/www.securitydataandvideo.com\/inicio\/#organization"},"potentialAction":[{"@type":"SearchAction","target":{"@type":"EntryPoint","urlTemplate":"https:\/\/www.securitydataandvideo.com\/inicio\/?s={search_term_string}"},"query-input":"required name=search_term_string"}],"inLanguage":"es-MX"},{"@type":"Organization","@id":"https:\/\/www.securitydataandvideo.com\/inicio\/#organization","name":"Security Data & Video SA de CV","url":"https:\/\/www.securitydataandvideo.com\/inicio\/","sameAs":[],"logo":{"@type":"ImageObject","inLanguage":"es-MX","@id":"https:\/\/www.securitydataandvideo.com\/inicio\/#\/schema\/logo\/image\/","url":"https:\/\/www.securitydataandvideo.com\/inicio\/wp-content\/uploads\/2021\/10\/Logo-Azul.png","contentUrl":"https:\/\/www.securitydataandvideo.com\/inicio\/wp-content\/uploads\/2021\/10\/Logo-Azul.png","width":555,"height":375,"caption":"Security Data & Video SA de CV"},"image":{"@id":"https:\/\/www.securitydataandvideo.com\/inicio\/#\/schema\/logo\/image\/"}}]}},"_links":{"self":[{"href":"https:\/\/www.securitydataandvideo.com\/inicio\/wp-json\/wp\/v2\/product\/16069"}],"collection":[{"href":"https:\/\/www.securitydataandvideo.com\/inicio\/wp-json\/wp\/v2\/product"}],"about":[{"href":"https:\/\/www.securitydataandvideo.com\/inicio\/wp-json\/wp\/v2\/types\/product"}],"wp:featuredmedia":[{"embeddable":true,"href":"https:\/\/www.securitydataandvideo.com\/inicio\/wp-json\/wp\/v2\/media\/16099"}],"wp:attachment":[{"href":"https:\/\/www.securitydataandvideo.com\/inicio\/wp-json\/wp\/v2\/media?parent=16069"}],"wp:term":[{"taxonomy":"product_cat","embeddable":true,"href":"https:\/\/www.securitydataandvideo.com\/inicio\/wp-json\/wp\/v2\/product_cat?post=16069"},{"taxonomy":"product_tag","embeddable":true,"href":"https:\/\/www.securitydataandvideo.com\/inicio\/wp-json\/wp\/v2\/product_tag?post=16069"}],"curies":[{"name":"wp","href":"https:\/\/api.w.org\/{rel}","templated":true}]}}