{"id":16105,"date":"2022-07-21T11:40:25","date_gmt":"2022-07-21T17:40:25","guid":{"rendered":"https:\/\/www.securitydataandvideo.com\/inicio\/?post_type=product&#038;p=16105"},"modified":"2022-07-21T11:40:40","modified_gmt":"2022-07-21T17:40:40","slug":"conmutador-ip-grandstream-ucm6202-ip-pbx-de-2-puertos-fxo-2-fxs-30-llamadas-concurrentes-500-usuarios-y-doble-puerto-gigabit-en-guadalajara-jalisco-mexico","status":"publish","type":"product","link":"https:\/\/www.securitydataandvideo.com\/inicio\/shop\/conmutador-ip-grandstream-ucm6202-ip-pbx-de-2-puertos-fxo-2-fxs-30-llamadas-concurrentes-500-usuarios-y-doble-puerto-gigabit-en-guadalajara-jalisco-mexico\/","title":{"rendered":"Conmutador IP Grandstream UCM6202 IP-PBX de 2 puertos FXO + 2 FXS, 30 llamadas concurrentes, 500 usuarios y doble puerto Gigabit en Guadalajara Jalisco M\u00e9xico."},"content":{"rendered":"<div class=\"col-sm-8 col-md-8 well-sm\">\n<h1 id=\"product_title_89107\" class=\"no_margin_top titulo_vista_producto\">Descripci\u00f3n<strong>\u00a0del Conmutador IP Grandstream UCM6202<\/strong><\/h1>\n<\/div>\n<div class=\"hidden-xs col-sm-4 col-md-4\">\n<p>Conmutador IP Grandstream UCM6202 fue Dise\u00f1ado para proporcionar una soluci\u00f3n centralizada para las necesidades de comunicaci\u00f3n de las empresas, el IP PBX de la serie UCM6200 combina funciones de voz, video, datos y movilidad para empresas en una soluci\u00f3n f\u00e1cil de manejar.<\/p>\n<p>Esta serie de IP PBX permite a las empresas unificar m\u00faltiples tecnolog\u00edas de comunicaci\u00f3n, como voz, videollamada, videoconferencia, videovigilancia, herramientas de datos, opciones de movilidad y administraci\u00f3n de acceso a las funciones en una red com\u00fan que puede ser gestionada y\/o accedida remotamente.<\/p>\n<\/div>\n<h2>Especificaciones del Conmutador IP Grandstream UCM6202<\/h2>\n<div class=\"hidden-xs col-sm-4 col-md-4\">\n<p>La serie UCM6200 segura y confiable ofrece funciones para empresas sin derechos de licencia, costos por funci\u00f3n o cargos recurrentes.<\/p>\n<ul>\n<li>incluye 2 Puertos FXO para L\u00ednea PSTN.<\/li>\n<li>Router NAT (soporta el modo de router y el modo de switch).<\/li>\n<li>Puertos Perif\u00e9ricos USB, SD.<\/li>\n<li>Indicadores LED Power (Encendido)\/Ready (Listo), Network (Red), PSTN Line (L\u00ednea PSTN), USB, SD.<\/li>\n<li>Pantalla LCD LCD gr\u00e1fica de 128&#215;32 con bot\u00f3n DOWN (selector) y OK.<\/li>\n<li>Interruptor de Reinicio.<\/li>\n<li>Conmutador IP Grandstream UCM6202<\/li>\n<li>Layer 3 QoS, Layer 2 QoS<\/li>\n<li>DTMF In Audio, RFC2833 y SIP INFO<\/li>\n<li>Protocolos de Aprovisionamiento y\u00a0Plug-and-Play\u00a0TFTP\/HTTP\/HTTPS, detecci\u00f3n autom\u00e1tica y aprovisionamiento autom\u00e1tico de terminales IP\u00a0Grandstream por medio de la funci\u00f3n ZeroConfig (DHCP Option 66 multicast SIP SUBSCRIBE\u00a0mDNS), lista de eventos entre troncal local y remota.<\/li>\n<li>Protocolos de Red TCP\/UDP\/IP, RTP\/RTCP, ICMP, ARP, DNS, DDNS, DHCP, NTP, TFTP, SSH, HTTP\/HTTPS, PPPoE,\u00a0SIP (RFC3261), STUN, SRTP, TLS, LADP.<\/li>\n<li>Tono de Progreso de Llamada, Inversi\u00f3n de Polaridad, Detecci\u00f3n de Colgado, Desconexi\u00f3n\u00a0por Corriente, Tono de Ocupado.<\/li>\n<li>Cifrado de Medios SRTP, TLS, HTTPS, SSH.<\/li>\n<li>2 puertos RJ45 Gigabit con PoE Plus integrado (IEEE 802.3at-2009).<\/li>\n<li>Fuente de Alimentaci\u00f3n Salida: 12VDC, 1.5A; Entrada: 100 ~ 240VAC, 50 ~ 60Hz<\/li>\n<li>Dimensiones: 226mm de largo x 155mm de ancho x 34.5mm de alto<\/li>\n<li>Peso de unidad 0.51kg, Peso de paquete 0.94kg<\/li>\n<li>Ambiente Operaci\u00f3n: 32 ~ 104\u00b0F \/ 0 ~ 40\u00b0C, 10 ~ 90% (sin condensaci\u00f3n);<\/li>\n<li>Almacenamiento: 14 ~ 140\u00b0F\/ -10 ~ 60\u00b0C<\/li>\n<li>Montaje Pared y escritorio<\/li>\n<\/ul>\n<h2><strong>Mas Especificaciones:<\/strong><\/h2>\n<ul>\n<li>Soporte en M\u00faltiples Idiomas:\u00a0Ingl\u00e9s \/ Chino Simplificado \/ Chino Tradicional \/ Espa\u00f1ol \/ Franc\u00e9s \/ Portugu\u00e9s \/ Alem\u00e1n \/ Ruso \/ Italiano \/\u00a0Polaco\/Checo para interfaz de usuario basada en la Web; Respuesta de Voz Interactiva\u00a0personalizable\/mensajes de voz para ingl\u00e9s, chino, ingl\u00e9s brit\u00e1nico, alem\u00e1n, espa\u00f1ol, griego,\u00a0franc\u00e9s, italiano, holand\u00e9s, polaco, portugu\u00e9s, ruso, sueco, turco, hebreo, \u00e1rabe; paquete de\u00a0idiomas personalizables para soportar cualquier otro idioma.<\/li>\n<li>Identificador de Llamadas Bellcore \/ Telcordia, ETSI-FSK, ETSI-DTMF, SIN 227 \u2013 BT<\/li>\n<li>Inversi\u00f3n de Polaridad\/Wink con la opci\u00f3n de habilitar \/ deshabilitar al hacer y terminar llamadas<\/li>\n<li>Call Center M\u00faltiples colas de llamadas configurables, distribuci\u00f3n autom\u00e1tica de llamadas (ACD) basada\u00a0en el nivel de habilidades\/disponibilidad\/tareas de agentes, anuncio en la cola<\/li>\n<li>Asistente Autom\u00e1tico Personalizable Hasta 5 capas de IVR (Respuesta de Voz Interactiva)<\/li>\n<li>Dispositivos SIP registrados:\u00a0500 dispositivos SIP\/usuarios registrados<\/li>\n<li>Llamadas SIP simult\u00e1neas: Hasta 30<\/li>\n<li>Conmutador IP Grandstream UCM6202<\/li>\n<li>contiene 2 puertos FXS para Tel\u00e9fono Anal\u00f3gico (ambos con capacidad de respaldo en caso de interrupci\u00f3n de la energ\u00eda el\u00e9ctrica).<\/li>\n<li>Hasta 3 \u00a0puentes de conferencia protegidos por contrase\u00f1a,\u00a0permitiendo hasta 25 participantes PSTN o IP simult\u00e1neos<\/li>\n<li>Estacionamiento de llamadas, desv\u00edo de llamadas, transferencia de llamadas, DND, grupo de<\/li>\n<li>extensiones\/captura, radiolocalizaci\u00f3n\/sistema de intercomunicaci\u00f3n, etc.<\/li>\n<li><strong>2 a\u00f1o de garant\u00eda.<\/strong><\/li>\n<\/ul>\n<p>&nbsp;<\/p>\n<\/div>\n","protected":false},"excerpt":{"rendered":"<div class=\"col-sm-8 col-md-8 well-sm\">\n<p id=\"product_title_89107\" class=\"no_margin_top titulo_vista_producto\"><strong>Conmutador IP Grandstream UCM6202 IP-PBX de 2 puertos FXO + 2 FXS, 30 llamadas concurrentes, 500 usuarios y doble puerto Gigabit en Guadalajara Jalisco M\u00e9xico.<\/strong><\/p>\n<\/div>\n<div class=\"hidden-xs col-sm-4 col-md-4\"><\/div>\n","protected":false},"featured_media":16131,"template":"","meta":{"site-sidebar-layout":"","site-content-layout":"","ast-site-content-layout":"","site-content-style":"default","site-sidebar-style":"default","ast-global-header-display":"","ast-banner-title-visibility":"","ast-main-header-display":"","ast-hfb-above-header-display":"","ast-hfb-below-header-display":"","ast-hfb-mobile-header-display":"","site-post-title":"","ast-breadcrumbs-content":"","ast-featured-img":"","footer-sml-layout":"","theme-transparent-header-meta":"","adv-header-id-meta":"","stick-header-meta":"","header-above-stick-meta":"","header-main-stick-meta":"","header-below-stick-meta":"","astra-migrate-meta-layouts":""},"product_cat":[317,316],"product_tag":[318,319,242],"yoast_head":"<!-- This site is optimized with the Yoast SEO plugin v19.5.1 - https:\/\/yoast.com\/wordpress\/plugins\/seo\/ -->\n<title>Conmutador IP Grandstream UCM6202 - Venta, Instalacion, Configuracion<\/title>\n<meta name=\"description\" content=\"Security Data &amp; Video SA de CV. Conmutador IP Grandstream UCM6202 IP-PBX de 2 puertos FXO + 2 FXS, 30 llamadas concurrentes, 500 usuarios y doble puerto Gb.\" \/>\n<meta name=\"robots\" content=\"index, follow, max-snippet:-1, max-image-preview:large, max-video-preview:-1\" \/>\n<link rel=\"canonical\" href=\"https:\/\/www.securitydataandvideo.com\/inicio\/shop\/conmutador-ip-grandstream-ucm6202-ip-pbx-de-2-puertos-fxo-2-fxs-30-llamadas-concurrentes-500-usuarios-y-doble-puerto-gigabit-en-guadalajara-jalisco-mexico\/\" \/>\n<meta property=\"og:locale\" content=\"es_MX\" \/>\n<meta property=\"og:type\" content=\"article\" \/>\n<meta property=\"og:title\" content=\"Conmutador IP Grandstream UCM6202 - Venta, Instalacion, Configuracion\" \/>\n<meta property=\"og:description\" content=\"Security Data &amp; Video SA de CV. Conmutador IP Grandstream UCM6202 IP-PBX de 2 puertos FXO + 2 FXS, 30 llamadas concurrentes, 500 usuarios y doble puerto Gb.\" \/>\n<meta property=\"og:url\" content=\"https:\/\/www.securitydataandvideo.com\/inicio\/shop\/conmutador-ip-grandstream-ucm6202-ip-pbx-de-2-puertos-fxo-2-fxs-30-llamadas-concurrentes-500-usuarios-y-doble-puerto-gigabit-en-guadalajara-jalisco-mexico\/\" \/>\n<meta property=\"og:site_name\" content=\"Security Data &amp; Video SA de CV.\" \/>\n<meta property=\"article:modified_time\" content=\"2022-07-21T17:40:40+00:00\" \/>\n<meta property=\"og:image\" content=\"https:\/\/www.securitydataandvideo.com\/inicio\/wp-content\/uploads\/2022\/07\/UCM-6202-Grandstream.png\" \/>\n\t<meta property=\"og:image:width\" content=\"276\" \/>\n\t<meta property=\"og:image:height\" content=\"104\" \/>\n\t<meta property=\"og:image:type\" content=\"image\/png\" \/>\n<meta name=\"twitter:card\" content=\"summary\" \/>\n<meta name=\"twitter:label1\" content=\"Tiempo de lectura\" \/>\n\t<meta name=\"twitter:data1\" content=\"3 minutos\" \/>\n<script type=\"application\/ld+json\" class=\"yoast-schema-graph\">{\"@context\":\"https:\/\/schema.org\",\"@graph\":[{\"@type\":\"WebPage\",\"@id\":\"https:\/\/www.securitydataandvideo.com\/inicio\/shop\/conmutador-ip-grandstream-ucm6202-ip-pbx-de-2-puertos-fxo-2-fxs-30-llamadas-concurrentes-500-usuarios-y-doble-puerto-gigabit-en-guadalajara-jalisco-mexico\/\",\"url\":\"https:\/\/www.securitydataandvideo.com\/inicio\/shop\/conmutador-ip-grandstream-ucm6202-ip-pbx-de-2-puertos-fxo-2-fxs-30-llamadas-concurrentes-500-usuarios-y-doble-puerto-gigabit-en-guadalajara-jalisco-mexico\/\",\"name\":\"Conmutador IP Grandstream UCM6202 - Venta, Instalacion, Configuracion\",\"isPartOf\":{\"@id\":\"https:\/\/www.securitydataandvideo.com\/inicio\/#website\"},\"datePublished\":\"2022-07-21T17:40:25+00:00\",\"dateModified\":\"2022-07-21T17:40:40+00:00\",\"description\":\"Security Data &amp; Video SA de CV. Conmutador IP Grandstream UCM6202 IP-PBX de 2 puertos FXO + 2 FXS, 30 llamadas concurrentes, 500 usuarios y doble puerto Gb.\",\"breadcrumb\":{\"@id\":\"https:\/\/www.securitydataandvideo.com\/inicio\/shop\/conmutador-ip-grandstream-ucm6202-ip-pbx-de-2-puertos-fxo-2-fxs-30-llamadas-concurrentes-500-usuarios-y-doble-puerto-gigabit-en-guadalajara-jalisco-mexico\/#breadcrumb\"},\"inLanguage\":\"es-MX\",\"potentialAction\":[{\"@type\":\"ReadAction\",\"target\":[\"https:\/\/www.securitydataandvideo.com\/inicio\/shop\/conmutador-ip-grandstream-ucm6202-ip-pbx-de-2-puertos-fxo-2-fxs-30-llamadas-concurrentes-500-usuarios-y-doble-puerto-gigabit-en-guadalajara-jalisco-mexico\/\"]}]},{\"@type\":\"BreadcrumbList\",\"@id\":\"https:\/\/www.securitydataandvideo.com\/inicio\/shop\/conmutador-ip-grandstream-ucm6202-ip-pbx-de-2-puertos-fxo-2-fxs-30-llamadas-concurrentes-500-usuarios-y-doble-puerto-gigabit-en-guadalajara-jalisco-mexico\/#breadcrumb\",\"itemListElement\":[{\"@type\":\"ListItem\",\"position\":1,\"name\":\"Inicio\",\"item\":\"https:\/\/www.securitydataandvideo.com\/inicio\/\"},{\"@type\":\"ListItem\",\"position\":2,\"name\":\"Shop\",\"item\":\"https:\/\/www.securitydataandvideo.com\/inicio\/shop\/\"},{\"@type\":\"ListItem\",\"position\":3,\"name\":\"Conmutador IP Grandstream UCM6202 IP-PBX de 2 puertos FXO + 2 FXS, 30 llamadas concurrentes, 500 usuarios y doble puerto Gigabit en Guadalajara Jalisco M\u00e9xico.\"}]},{\"@type\":\"WebSite\",\"@id\":\"https:\/\/www.securitydataandvideo.com\/inicio\/#website\",\"url\":\"https:\/\/www.securitydataandvideo.com\/inicio\/\",\"name\":\"Security Data &amp; Video SA de CV.\",\"description\":\"Seguridad Electr\u00f3nica y Energ\u00eda\",\"publisher\":{\"@id\":\"https:\/\/www.securitydataandvideo.com\/inicio\/#organization\"},\"potentialAction\":[{\"@type\":\"SearchAction\",\"target\":{\"@type\":\"EntryPoint\",\"urlTemplate\":\"https:\/\/www.securitydataandvideo.com\/inicio\/?s={search_term_string}\"},\"query-input\":\"required name=search_term_string\"}],\"inLanguage\":\"es-MX\"},{\"@type\":\"Organization\",\"@id\":\"https:\/\/www.securitydataandvideo.com\/inicio\/#organization\",\"name\":\"Security Data & Video SA de CV\",\"url\":\"https:\/\/www.securitydataandvideo.com\/inicio\/\",\"sameAs\":[],\"logo\":{\"@type\":\"ImageObject\",\"inLanguage\":\"es-MX\",\"@id\":\"https:\/\/www.securitydataandvideo.com\/inicio\/#\/schema\/logo\/image\/\",\"url\":\"https:\/\/www.securitydataandvideo.com\/inicio\/wp-content\/uploads\/2021\/10\/Logo-Azul.png\",\"contentUrl\":\"https:\/\/www.securitydataandvideo.com\/inicio\/wp-content\/uploads\/2021\/10\/Logo-Azul.png\",\"width\":555,\"height\":375,\"caption\":\"Security Data & Video SA de CV\"},\"image\":{\"@id\":\"https:\/\/www.securitydataandvideo.com\/inicio\/#\/schema\/logo\/image\/\"}}]}<\/script>\n<!-- \/ Yoast SEO plugin. -->","yoast_head_json":{"title":"Conmutador IP Grandstream UCM6202 - Venta, Instalacion, Configuracion","description":"Security Data &amp; Video SA de CV. Conmutador IP Grandstream UCM6202 IP-PBX de 2 puertos FXO + 2 FXS, 30 llamadas concurrentes, 500 usuarios y doble puerto Gb.","robots":{"index":"index","follow":"follow","max-snippet":"max-snippet:-1","max-image-preview":"max-image-preview:large","max-video-preview":"max-video-preview:-1"},"canonical":"https:\/\/www.securitydataandvideo.com\/inicio\/shop\/conmutador-ip-grandstream-ucm6202-ip-pbx-de-2-puertos-fxo-2-fxs-30-llamadas-concurrentes-500-usuarios-y-doble-puerto-gigabit-en-guadalajara-jalisco-mexico\/","og_locale":"es_MX","og_type":"article","og_title":"Conmutador IP Grandstream UCM6202 - Venta, Instalacion, Configuracion","og_description":"Security Data &amp; Video SA de CV. Conmutador IP Grandstream UCM6202 IP-PBX de 2 puertos FXO + 2 FXS, 30 llamadas concurrentes, 500 usuarios y doble puerto Gb.","og_url":"https:\/\/www.securitydataandvideo.com\/inicio\/shop\/conmutador-ip-grandstream-ucm6202-ip-pbx-de-2-puertos-fxo-2-fxs-30-llamadas-concurrentes-500-usuarios-y-doble-puerto-gigabit-en-guadalajara-jalisco-mexico\/","og_site_name":"Security Data &amp; Video SA de CV.","article_modified_time":"2022-07-21T17:40:40+00:00","og_image":[{"width":276,"height":104,"url":"https:\/\/www.securitydataandvideo.com\/inicio\/wp-content\/uploads\/2022\/07\/UCM-6202-Grandstream.png","type":"image\/png"}],"twitter_card":"summary","twitter_misc":{"Tiempo de lectura":"3 minutos"},"schema":{"@context":"https:\/\/schema.org","@graph":[{"@type":"WebPage","@id":"https:\/\/www.securitydataandvideo.com\/inicio\/shop\/conmutador-ip-grandstream-ucm6202-ip-pbx-de-2-puertos-fxo-2-fxs-30-llamadas-concurrentes-500-usuarios-y-doble-puerto-gigabit-en-guadalajara-jalisco-mexico\/","url":"https:\/\/www.securitydataandvideo.com\/inicio\/shop\/conmutador-ip-grandstream-ucm6202-ip-pbx-de-2-puertos-fxo-2-fxs-30-llamadas-concurrentes-500-usuarios-y-doble-puerto-gigabit-en-guadalajara-jalisco-mexico\/","name":"Conmutador IP Grandstream UCM6202 - Venta, Instalacion, Configuracion","isPartOf":{"@id":"https:\/\/www.securitydataandvideo.com\/inicio\/#website"},"datePublished":"2022-07-21T17:40:25+00:00","dateModified":"2022-07-21T17:40:40+00:00","description":"Security Data &amp; Video SA de CV. Conmutador IP Grandstream UCM6202 IP-PBX de 2 puertos FXO + 2 FXS, 30 llamadas concurrentes, 500 usuarios y doble puerto Gb.","breadcrumb":{"@id":"https:\/\/www.securitydataandvideo.com\/inicio\/shop\/conmutador-ip-grandstream-ucm6202-ip-pbx-de-2-puertos-fxo-2-fxs-30-llamadas-concurrentes-500-usuarios-y-doble-puerto-gigabit-en-guadalajara-jalisco-mexico\/#breadcrumb"},"inLanguage":"es-MX","potentialAction":[{"@type":"ReadAction","target":["https:\/\/www.securitydataandvideo.com\/inicio\/shop\/conmutador-ip-grandstream-ucm6202-ip-pbx-de-2-puertos-fxo-2-fxs-30-llamadas-concurrentes-500-usuarios-y-doble-puerto-gigabit-en-guadalajara-jalisco-mexico\/"]}]},{"@type":"BreadcrumbList","@id":"https:\/\/www.securitydataandvideo.com\/inicio\/shop\/conmutador-ip-grandstream-ucm6202-ip-pbx-de-2-puertos-fxo-2-fxs-30-llamadas-concurrentes-500-usuarios-y-doble-puerto-gigabit-en-guadalajara-jalisco-mexico\/#breadcrumb","itemListElement":[{"@type":"ListItem","position":1,"name":"Inicio","item":"https:\/\/www.securitydataandvideo.com\/inicio\/"},{"@type":"ListItem","position":2,"name":"Shop","item":"https:\/\/www.securitydataandvideo.com\/inicio\/shop\/"},{"@type":"ListItem","position":3,"name":"Conmutador IP Grandstream UCM6202 IP-PBX de 2 puertos FXO + 2 FXS, 30 llamadas concurrentes, 500 usuarios y doble puerto Gigabit en Guadalajara Jalisco M\u00e9xico."}]},{"@type":"WebSite","@id":"https:\/\/www.securitydataandvideo.com\/inicio\/#website","url":"https:\/\/www.securitydataandvideo.com\/inicio\/","name":"Security Data &amp; Video SA de CV.","description":"Seguridad Electr\u00f3nica y Energ\u00eda","publisher":{"@id":"https:\/\/www.securitydataandvideo.com\/inicio\/#organization"},"potentialAction":[{"@type":"SearchAction","target":{"@type":"EntryPoint","urlTemplate":"https:\/\/www.securitydataandvideo.com\/inicio\/?s={search_term_string}"},"query-input":"required name=search_term_string"}],"inLanguage":"es-MX"},{"@type":"Organization","@id":"https:\/\/www.securitydataandvideo.com\/inicio\/#organization","name":"Security Data & Video SA de CV","url":"https:\/\/www.securitydataandvideo.com\/inicio\/","sameAs":[],"logo":{"@type":"ImageObject","inLanguage":"es-MX","@id":"https:\/\/www.securitydataandvideo.com\/inicio\/#\/schema\/logo\/image\/","url":"https:\/\/www.securitydataandvideo.com\/inicio\/wp-content\/uploads\/2021\/10\/Logo-Azul.png","contentUrl":"https:\/\/www.securitydataandvideo.com\/inicio\/wp-content\/uploads\/2021\/10\/Logo-Azul.png","width":555,"height":375,"caption":"Security Data & Video SA de CV"},"image":{"@id":"https:\/\/www.securitydataandvideo.com\/inicio\/#\/schema\/logo\/image\/"}}]}},"_links":{"self":[{"href":"https:\/\/www.securitydataandvideo.com\/inicio\/wp-json\/wp\/v2\/product\/16105"}],"collection":[{"href":"https:\/\/www.securitydataandvideo.com\/inicio\/wp-json\/wp\/v2\/product"}],"about":[{"href":"https:\/\/www.securitydataandvideo.com\/inicio\/wp-json\/wp\/v2\/types\/product"}],"wp:featuredmedia":[{"embeddable":true,"href":"https:\/\/www.securitydataandvideo.com\/inicio\/wp-json\/wp\/v2\/media\/16131"}],"wp:attachment":[{"href":"https:\/\/www.securitydataandvideo.com\/inicio\/wp-json\/wp\/v2\/media?parent=16105"}],"wp:term":[{"taxonomy":"product_cat","embeddable":true,"href":"https:\/\/www.securitydataandvideo.com\/inicio\/wp-json\/wp\/v2\/product_cat?post=16105"},{"taxonomy":"product_tag","embeddable":true,"href":"https:\/\/www.securitydataandvideo.com\/inicio\/wp-json\/wp\/v2\/product_tag?post=16105"}],"curies":[{"name":"wp","href":"https:\/\/api.w.org\/{rel}","templated":true}]}}