{"id":16107,"date":"2022-07-21T11:40:25","date_gmt":"2022-07-21T17:40:25","guid":{"rendered":"https:\/\/www.securitydataandvideo.com\/inicio\/?post_type=product&#038;p=16107"},"modified":"2022-07-21T11:40:42","modified_gmt":"2022-07-21T17:40:42","slug":"conmutador-grandstream-ucm6208-ip-pbx-gs-c-8-fxo-100-llamadas-simultaneas-y-hasta-800-extensiones","status":"publish","type":"product","link":"https:\/\/www.securitydataandvideo.com\/inicio\/shop\/conmutador-grandstream-ucm6208-ip-pbx-gs-c-8-fxo-100-llamadas-simultaneas-y-hasta-800-extensiones\/","title":{"rendered":"Conmutador Grandstream UCM6208 IP-PBX GS C\/8 FXO, 100 Llamadas simultaneas y hasta 800 extensiones."},"content":{"rendered":"<div class=\"col-sm-8 col-md-8 well-sm\">\n<h1>Descripci\u00f3n de Conmutador Conmutador Grandstream UCM6208 IP<\/h1>\n<\/div>\n<p>Conmutador Grandstream UCM6208 IP fue Dise\u00f1ado para proporcionar una soluci\u00f3n centralizada para las necesidades de comunicaci\u00f3n de las empresas, el IP PBX de la serie UCM6200 combina funciones de voz, video, datos y movilidad para empresas en una soluci\u00f3n f\u00e1cil de manejar.<\/p>\n<p>Esta serie de IP PBX permite a las empresas unificar m\u00faltiples tecnolog\u00edas de comunicaci\u00f3n, como voz, videollamada, videoconferencia, videovigilancia, herramientas de datos, opciones de movilidad y administraci\u00f3n de acceso a las funciones en una red com\u00fan que puede ser gestionada y\/o accedida remotamente.<\/p>\n<p>La serie UCM6200 segura y confiable ofrece funciones para empresas sin derechos de licencia, costos por funci\u00f3n o cargos recurrentes.<\/p>\n<div class=\"col-sm-8 col-md-8 well-sm\">\n<h2>Caracter\u00edsticas<\/h2>\n<ul>\n<li>2 puertos\u00a0FXS para Tel\u00e9fono Anal\u00f3gico\u00a0(ambos con capacidad de respaldo en caso de interrupci\u00f3n de la energ\u00eda el\u00e9ctrica).<\/li>\n<li>8 Puertos FXO para L\u00ednea PSTN.<\/li>\n<li>2 puertos RJ45 Gigabit con PoE Plus integrado (IEEE 802.3at-2009).<\/li>\n<li>800 registros SIP<\/li>\n<li>Conmutador Grandstream UCM6208 IP<\/li>\n<li>Router NAT (soporta el modo de router y el modo de switch).<\/li>\n<li>Puertos Perif\u00e9ricos USB, SD.<\/li>\n<li>Indicadores LED Power (Encendido)\/Ready (Listo), Network (Red), PSTN Line (L\u00ednea PSTN), USB, SD.<\/li>\n<li>Pantalla LCD LCD gr\u00e1fica de 128&#215;32 con bot\u00f3n DOWN (selector) y OK.<\/li>\n<li>Interruptor de Reinicio.<\/li>\n<li>C\u00f3decs de Voz y Fax G.711 A-law\/U-law, G.722, G.723.1 5.3K\/6.3K, G.726, G.729A\/B, iLBC, GSM, AAL2-G.726-32,\u00a0ADPCM; T.38.<\/li>\n<li>C\u00f3decs de Video H.264, H.263, H263+.<\/li>\n<li>Layer 3 QoS, Layer 2 QoS<\/li>\n<li>DTMF In Audio, RFC2833 y SIP INFO<\/li>\n<li>Protocolos de Aprovisionamiento y\u00a0Plug-and-Play\u00a0TFTP\/HTTP\/HTTPS, detecci\u00f3n autom\u00e1tica y aprovisionamiento autom\u00e1tico de terminales IP\u00a0Grandstream por medio de la funci\u00f3n ZeroConfig (DHCP Option 66 multicast SIP SUBSCRIBE\u00a0mDNS), lista de eventos entre troncal local y remota.<\/li>\n<li>Protocolos de Red TCP\/UDP\/IP, RTP\/RTCP, ICMP, ARP, DNS, DDNS, DHCP, NTP, TFTP, SSH, HTTP\/HTTPS, PPPoE,\u00a0SIP (RFC3261), STUN, SRTP, TLS, LADP.<\/li>\n<li>Tono de Progreso de Llamada, Inversi\u00f3n de Polaridad, Detecci\u00f3n de Colgado, Desconexi\u00f3n\u00a0por Corriente, Tono de Ocupado.<\/li>\n<li>Cifrado de Medios SRTP, TLS, HTTPS, SSH.<\/li>\n<li>Fuente de Alimentaci\u00f3n Salida: 12VDC, 1.5A; Entrada: 100 ~ 240VAC, 50 ~ 60Hz<\/li>\n<li>Dimensiones: 440mm de largo x 185mm de ancho x 44mm de alto<\/li>\n<li>Peso de unidad 2.23kg, Peso de paquete 3.09kg<\/li>\n<li>Ambiente Operaci\u00f3n: 32 ~ 104\u00b0F \/ 0 ~ 40\u00b0C, 10 ~ 90% (sin condensaci\u00f3n);<\/li>\n<li>Almacenamiento: 14 ~ 140\u00b0F\/ -10 ~ 60\u00b0C<\/li>\n<li>Conmutador Grandstream UCM6208 IP<\/li>\n<\/ul>\n<h2>Mas Caracter\u00edsticas de Conmutador Grandstream UCM6208 IP<\/h2>\n<ul>\n<li>Montaje Rack y escritorio (UCM6208)<\/li>\n<li>Soporte en M\u00faltiples Idiomas:\u00a0Ingl\u00e9s \/ Chino Simplificado \/ Chino Tradicional \/ Espa\u00f1ol \/ Franc\u00e9s \/ Portugu\u00e9s \/ Alem\u00e1n \/ Ruso \/ Italiano \/\u00a0Polaco\/Checo para interfaz de usuario basada en la Web; Respuesta de Voz Interactiva\u00a0personalizable\/mensajes de voz para ingl\u00e9s, chino, ingl\u00e9s brit\u00e1nico, alem\u00e1n, espa\u00f1ol, griego,\u00a0franc\u00e9s, italiano, holand\u00e9s, polaco, portugu\u00e9s, ruso, sueco, turco, hebreo, \u00e1rabe; paquete de\u00a0idiomas personalizables para soportar cualquier otro idioma.<\/li>\n<li>Identificador de Llamadas Bellcore \/ Telcordia, ETSI-FSK, ETSI-DTMF, SIN 227 \u2013 BT<\/li>\n<li>Inversi\u00f3n de Polaridad\/Wink con la opci\u00f3n de habilitar \/ deshabilitar al hacer y terminar llamadas<\/li>\n<li>Call Center M\u00faltiples colas de llamadas configurables, distribuci\u00f3n autom\u00e1tica de llamadas (ACD) basada\u00a0en el nivel de habilidades\/disponibilidad\/tareas de agentes, anuncio en la cola<\/li>\n<li>Asistente Autom\u00e1tico Personalizable Hasta 5 capas de IVR (Respuesta de Voz Interactiva)<\/li>\n<li>Dispositivos SIP registrados:\u00a0800 dispositivos SIP\/usuarios registrados<\/li>\n<li>Llamadas SIP simult\u00e1neas: Hasta 100<\/li>\n<li>Hasta 6 puentes de conferencia protegidos por contrase\u00f1a,\u00a0permitiendo hasta 32 participantes PSTN o IP simult\u00e1neos<\/li>\n<li>Estacionamiento de llamadas, desv\u00edo de llamadas, transferencia de llamadas, DND, grupo de<\/li>\n<li>extensiones\/captura, radiolocalizaci\u00f3n\/sistema de intercomunicaci\u00f3n, etc.<\/li>\n<li>Conmutador Grandstream UCM6208 IP<\/li>\n<li><strong>1 a\u00f1o de garant\u00eda.<\/strong><\/li>\n<\/ul>\n<\/div>\n","protected":false},"excerpt":{"rendered":"<div class=\"col-sm-8 col-md-8 well-sm\">\n<h1 id=\"product_title_89106\" class=\"no_margin_top titulo_vista_producto\">Conmutador Grandstream UCM6208 IP-PBX GS C\/8 FXO, 100 Llamadas simultaneas y hasta 800 extensiones.<\/h1>\n<\/div>\n","protected":false},"featured_media":16133,"template":"","meta":{"site-sidebar-layout":"","site-content-layout":"","ast-site-content-layout":"","site-content-style":"default","site-sidebar-style":"default","ast-global-header-display":"","ast-banner-title-visibility":"","ast-main-header-display":"","ast-hfb-above-header-display":"","ast-hfb-below-header-display":"","ast-hfb-mobile-header-display":"","site-post-title":"","ast-breadcrumbs-content":"","ast-featured-img":"","footer-sml-layout":"","theme-transparent-header-meta":"","adv-header-id-meta":"","stick-header-meta":"","header-above-stick-meta":"","header-main-stick-meta":"","header-below-stick-meta":"","astra-migrate-meta-layouts":""},"product_cat":[317,316],"product_tag":[321,322,242],"yoast_head":"<!-- This site is optimized with the Yoast SEO plugin v19.5.1 - https:\/\/yoast.com\/wordpress\/plugins\/seo\/ -->\n<title>Conmutador Grandstream UCM6208 IP - Venta, Instalacion, Configuracion<\/title>\n<meta name=\"description\" content=\"Conmutador Grandstream UCM6208 IP-PBX GS C\/8 FXO, 100 Llamadas simultaneas y hasta 800 extensiones registros SIP en Guadalajara Jalisco.\" \/>\n<meta name=\"robots\" content=\"index, follow, max-snippet:-1, max-image-preview:large, max-video-preview:-1\" \/>\n<link rel=\"canonical\" href=\"https:\/\/www.securitydataandvideo.com\/inicio\/shop\/conmutador-grandstream-ucm6208-ip-pbx-gs-c-8-fxo-100-llamadas-simultaneas-y-hasta-800-extensiones\/\" \/>\n<meta property=\"og:locale\" content=\"es_MX\" \/>\n<meta property=\"og:type\" content=\"article\" \/>\n<meta property=\"og:title\" content=\"Conmutador Grandstream UCM6208 IP - Venta, Instalacion, Configuracion\" \/>\n<meta property=\"og:description\" content=\"Conmutador Grandstream UCM6208 IP-PBX GS C\/8 FXO, 100 Llamadas simultaneas y hasta 800 extensiones registros SIP en Guadalajara Jalisco.\" \/>\n<meta property=\"og:url\" content=\"https:\/\/www.securitydataandvideo.com\/inicio\/shop\/conmutador-grandstream-ucm6208-ip-pbx-gs-c-8-fxo-100-llamadas-simultaneas-y-hasta-800-extensiones\/\" \/>\n<meta property=\"og:site_name\" content=\"Security Data &amp; Video SA de CV.\" \/>\n<meta property=\"article:modified_time\" content=\"2022-07-21T17:40:42+00:00\" \/>\n<meta property=\"og:image\" content=\"https:\/\/www.securitydataandvideo.com\/inicio\/wp-content\/uploads\/2022\/07\/UCM-6208-GRANDSTREAM.png\" \/>\n\t<meta property=\"og:image:width\" content=\"304\" \/>\n\t<meta property=\"og:image:height\" content=\"96\" \/>\n\t<meta property=\"og:image:type\" content=\"image\/png\" \/>\n<meta name=\"twitter:card\" content=\"summary\" \/>\n<meta name=\"twitter:label1\" content=\"Tiempo de lectura\" \/>\n\t<meta name=\"twitter:data1\" content=\"3 minutos\" \/>\n<script type=\"application\/ld+json\" class=\"yoast-schema-graph\">{\"@context\":\"https:\/\/schema.org\",\"@graph\":[{\"@type\":\"WebPage\",\"@id\":\"https:\/\/www.securitydataandvideo.com\/inicio\/shop\/conmutador-grandstream-ucm6208-ip-pbx-gs-c-8-fxo-100-llamadas-simultaneas-y-hasta-800-extensiones\/\",\"url\":\"https:\/\/www.securitydataandvideo.com\/inicio\/shop\/conmutador-grandstream-ucm6208-ip-pbx-gs-c-8-fxo-100-llamadas-simultaneas-y-hasta-800-extensiones\/\",\"name\":\"Conmutador Grandstream UCM6208 IP - Venta, Instalacion, Configuracion\",\"isPartOf\":{\"@id\":\"https:\/\/www.securitydataandvideo.com\/inicio\/#website\"},\"datePublished\":\"2022-07-21T17:40:25+00:00\",\"dateModified\":\"2022-07-21T17:40:42+00:00\",\"description\":\"Conmutador Grandstream UCM6208 IP-PBX GS C\/8 FXO, 100 Llamadas simultaneas y hasta 800 extensiones registros SIP en Guadalajara Jalisco.\",\"breadcrumb\":{\"@id\":\"https:\/\/www.securitydataandvideo.com\/inicio\/shop\/conmutador-grandstream-ucm6208-ip-pbx-gs-c-8-fxo-100-llamadas-simultaneas-y-hasta-800-extensiones\/#breadcrumb\"},\"inLanguage\":\"es-MX\",\"potentialAction\":[{\"@type\":\"ReadAction\",\"target\":[\"https:\/\/www.securitydataandvideo.com\/inicio\/shop\/conmutador-grandstream-ucm6208-ip-pbx-gs-c-8-fxo-100-llamadas-simultaneas-y-hasta-800-extensiones\/\"]}]},{\"@type\":\"BreadcrumbList\",\"@id\":\"https:\/\/www.securitydataandvideo.com\/inicio\/shop\/conmutador-grandstream-ucm6208-ip-pbx-gs-c-8-fxo-100-llamadas-simultaneas-y-hasta-800-extensiones\/#breadcrumb\",\"itemListElement\":[{\"@type\":\"ListItem\",\"position\":1,\"name\":\"Inicio\",\"item\":\"https:\/\/www.securitydataandvideo.com\/inicio\/\"},{\"@type\":\"ListItem\",\"position\":2,\"name\":\"Shop\",\"item\":\"https:\/\/www.securitydataandvideo.com\/inicio\/shop\/\"},{\"@type\":\"ListItem\",\"position\":3,\"name\":\"Conmutador Grandstream UCM6208 IP-PBX GS C\/8 FXO, 100 Llamadas simultaneas y hasta 800 extensiones.\"}]},{\"@type\":\"WebSite\",\"@id\":\"https:\/\/www.securitydataandvideo.com\/inicio\/#website\",\"url\":\"https:\/\/www.securitydataandvideo.com\/inicio\/\",\"name\":\"Security Data &amp; Video SA de CV.\",\"description\":\"Seguridad Electr\u00f3nica y Energ\u00eda\",\"publisher\":{\"@id\":\"https:\/\/www.securitydataandvideo.com\/inicio\/#organization\"},\"potentialAction\":[{\"@type\":\"SearchAction\",\"target\":{\"@type\":\"EntryPoint\",\"urlTemplate\":\"https:\/\/www.securitydataandvideo.com\/inicio\/?s={search_term_string}\"},\"query-input\":\"required name=search_term_string\"}],\"inLanguage\":\"es-MX\"},{\"@type\":\"Organization\",\"@id\":\"https:\/\/www.securitydataandvideo.com\/inicio\/#organization\",\"name\":\"Security Data & Video SA de CV\",\"url\":\"https:\/\/www.securitydataandvideo.com\/inicio\/\",\"sameAs\":[],\"logo\":{\"@type\":\"ImageObject\",\"inLanguage\":\"es-MX\",\"@id\":\"https:\/\/www.securitydataandvideo.com\/inicio\/#\/schema\/logo\/image\/\",\"url\":\"https:\/\/www.securitydataandvideo.com\/inicio\/wp-content\/uploads\/2021\/10\/Logo-Azul.png\",\"contentUrl\":\"https:\/\/www.securitydataandvideo.com\/inicio\/wp-content\/uploads\/2021\/10\/Logo-Azul.png\",\"width\":555,\"height\":375,\"caption\":\"Security Data & Video SA de CV\"},\"image\":{\"@id\":\"https:\/\/www.securitydataandvideo.com\/inicio\/#\/schema\/logo\/image\/\"}}]}<\/script>\n<!-- \/ Yoast SEO plugin. -->","yoast_head_json":{"title":"Conmutador Grandstream UCM6208 IP - Venta, Instalacion, Configuracion","description":"Conmutador Grandstream UCM6208 IP-PBX GS C\/8 FXO, 100 Llamadas simultaneas y hasta 800 extensiones registros SIP en Guadalajara Jalisco.","robots":{"index":"index","follow":"follow","max-snippet":"max-snippet:-1","max-image-preview":"max-image-preview:large","max-video-preview":"max-video-preview:-1"},"canonical":"https:\/\/www.securitydataandvideo.com\/inicio\/shop\/conmutador-grandstream-ucm6208-ip-pbx-gs-c-8-fxo-100-llamadas-simultaneas-y-hasta-800-extensiones\/","og_locale":"es_MX","og_type":"article","og_title":"Conmutador Grandstream UCM6208 IP - Venta, Instalacion, Configuracion","og_description":"Conmutador Grandstream UCM6208 IP-PBX GS C\/8 FXO, 100 Llamadas simultaneas y hasta 800 extensiones registros SIP en Guadalajara Jalisco.","og_url":"https:\/\/www.securitydataandvideo.com\/inicio\/shop\/conmutador-grandstream-ucm6208-ip-pbx-gs-c-8-fxo-100-llamadas-simultaneas-y-hasta-800-extensiones\/","og_site_name":"Security Data &amp; Video SA de CV.","article_modified_time":"2022-07-21T17:40:42+00:00","og_image":[{"width":304,"height":96,"url":"https:\/\/www.securitydataandvideo.com\/inicio\/wp-content\/uploads\/2022\/07\/UCM-6208-GRANDSTREAM.png","type":"image\/png"}],"twitter_card":"summary","twitter_misc":{"Tiempo de lectura":"3 minutos"},"schema":{"@context":"https:\/\/schema.org","@graph":[{"@type":"WebPage","@id":"https:\/\/www.securitydataandvideo.com\/inicio\/shop\/conmutador-grandstream-ucm6208-ip-pbx-gs-c-8-fxo-100-llamadas-simultaneas-y-hasta-800-extensiones\/","url":"https:\/\/www.securitydataandvideo.com\/inicio\/shop\/conmutador-grandstream-ucm6208-ip-pbx-gs-c-8-fxo-100-llamadas-simultaneas-y-hasta-800-extensiones\/","name":"Conmutador Grandstream UCM6208 IP - Venta, Instalacion, Configuracion","isPartOf":{"@id":"https:\/\/www.securitydataandvideo.com\/inicio\/#website"},"datePublished":"2022-07-21T17:40:25+00:00","dateModified":"2022-07-21T17:40:42+00:00","description":"Conmutador Grandstream UCM6208 IP-PBX GS C\/8 FXO, 100 Llamadas simultaneas y hasta 800 extensiones registros SIP en Guadalajara Jalisco.","breadcrumb":{"@id":"https:\/\/www.securitydataandvideo.com\/inicio\/shop\/conmutador-grandstream-ucm6208-ip-pbx-gs-c-8-fxo-100-llamadas-simultaneas-y-hasta-800-extensiones\/#breadcrumb"},"inLanguage":"es-MX","potentialAction":[{"@type":"ReadAction","target":["https:\/\/www.securitydataandvideo.com\/inicio\/shop\/conmutador-grandstream-ucm6208-ip-pbx-gs-c-8-fxo-100-llamadas-simultaneas-y-hasta-800-extensiones\/"]}]},{"@type":"BreadcrumbList","@id":"https:\/\/www.securitydataandvideo.com\/inicio\/shop\/conmutador-grandstream-ucm6208-ip-pbx-gs-c-8-fxo-100-llamadas-simultaneas-y-hasta-800-extensiones\/#breadcrumb","itemListElement":[{"@type":"ListItem","position":1,"name":"Inicio","item":"https:\/\/www.securitydataandvideo.com\/inicio\/"},{"@type":"ListItem","position":2,"name":"Shop","item":"https:\/\/www.securitydataandvideo.com\/inicio\/shop\/"},{"@type":"ListItem","position":3,"name":"Conmutador Grandstream UCM6208 IP-PBX GS C\/8 FXO, 100 Llamadas simultaneas y hasta 800 extensiones."}]},{"@type":"WebSite","@id":"https:\/\/www.securitydataandvideo.com\/inicio\/#website","url":"https:\/\/www.securitydataandvideo.com\/inicio\/","name":"Security Data &amp; Video SA de CV.","description":"Seguridad Electr\u00f3nica y Energ\u00eda","publisher":{"@id":"https:\/\/www.securitydataandvideo.com\/inicio\/#organization"},"potentialAction":[{"@type":"SearchAction","target":{"@type":"EntryPoint","urlTemplate":"https:\/\/www.securitydataandvideo.com\/inicio\/?s={search_term_string}"},"query-input":"required name=search_term_string"}],"inLanguage":"es-MX"},{"@type":"Organization","@id":"https:\/\/www.securitydataandvideo.com\/inicio\/#organization","name":"Security Data & Video SA de CV","url":"https:\/\/www.securitydataandvideo.com\/inicio\/","sameAs":[],"logo":{"@type":"ImageObject","inLanguage":"es-MX","@id":"https:\/\/www.securitydataandvideo.com\/inicio\/#\/schema\/logo\/image\/","url":"https:\/\/www.securitydataandvideo.com\/inicio\/wp-content\/uploads\/2021\/10\/Logo-Azul.png","contentUrl":"https:\/\/www.securitydataandvideo.com\/inicio\/wp-content\/uploads\/2021\/10\/Logo-Azul.png","width":555,"height":375,"caption":"Security Data & Video SA de CV"},"image":{"@id":"https:\/\/www.securitydataandvideo.com\/inicio\/#\/schema\/logo\/image\/"}}]}},"_links":{"self":[{"href":"https:\/\/www.securitydataandvideo.com\/inicio\/wp-json\/wp\/v2\/product\/16107"}],"collection":[{"href":"https:\/\/www.securitydataandvideo.com\/inicio\/wp-json\/wp\/v2\/product"}],"about":[{"href":"https:\/\/www.securitydataandvideo.com\/inicio\/wp-json\/wp\/v2\/types\/product"}],"wp:featuredmedia":[{"embeddable":true,"href":"https:\/\/www.securitydataandvideo.com\/inicio\/wp-json\/wp\/v2\/media\/16133"}],"wp:attachment":[{"href":"https:\/\/www.securitydataandvideo.com\/inicio\/wp-json\/wp\/v2\/media?parent=16107"}],"wp:term":[{"taxonomy":"product_cat","embeddable":true,"href":"https:\/\/www.securitydataandvideo.com\/inicio\/wp-json\/wp\/v2\/product_cat?post=16107"},{"taxonomy":"product_tag","embeddable":true,"href":"https:\/\/www.securitydataandvideo.com\/inicio\/wp-json\/wp\/v2\/product_tag?post=16107"}],"curies":[{"name":"wp","href":"https:\/\/api.w.org\/{rel}","templated":true}]}}