{"id":16111,"date":"2022-07-21T11:40:25","date_gmt":"2022-07-21T17:40:25","guid":{"rendered":"https:\/\/www.securitydataandvideo.com\/inicio\/?post_type=product&#038;p=16111"},"modified":"2022-07-21T11:40:44","modified_gmt":"2022-07-21T17:40:44","slug":"dp-710-grandstream","status":"publish","type":"product","link":"https:\/\/www.securitydataandvideo.com\/inicio\/shop\/dp-710-grandstream\/","title":{"rendered":"DP-710 GRANDSTREAM"},"content":{"rendered":"<div class=\"col-sm-8 col-md-8 well-sm\">\n<h2 id=\"product_title_74095\" class=\"no_margin_top titulo_vista_producto\">Tel\u00e9fono inal\u00e1mbrico DECT complementario para Estaci\u00f3n Base DP715 (descontinuado)<\/h2>\n<\/div>\n<div class=\"hidden-xs col-sm-4 col-md-4\">\n<p><strong>Especificaciones:<\/strong><\/p>\n<p>&#8211; Pantalla FSTN LCD retroiluminada de 1,7\u201d de color azul de fondo.<\/p>\n<p>&#8211; Duraci\u00f3n de la bater\u00eda de\u00a010 horas con llamada Activa y 80 horas en espera.<\/p>\n<p><strong>Agenda telef\u00f3nica:<\/strong><\/p>\n<p>200 registros cada uno con hasta 24 d\u00edgitos y hasta 16 caracteres; registro de las ultimas 10 llamadas, registro de 30 llamadas recibidas.<\/p>\n<p><strong>Funciones de telefon\u00eda:<\/strong><\/p>\n<p>Activaci\u00f3n o Bloqueo del Identificador de Llamadas, Llamada en Espera, Transferencia a Ciegas o Asistida, Desv\u00edo de Llamadas, Reenv\u00edo de Llamada, Pausa, No Molestar, Conferencia de 3 v\u00edas.<\/p>\n<p><strong>C\u00f3decs:<\/strong><\/p>\n<p>G,711 con Anexo I (PLC) y Anexo II (VAD\/CNG), G.723.1, G.726-32 AAL2, G.729A\/B, iLBC.<\/p>\n<p><strong>Seguridad:<\/strong><\/p>\n<p>&#8211;\u00a0TLS, SRTP, HTTPS.<\/p>\n<p>&#8211; Interfaz Web o v\u00eda segura (AES encriptado) archivo de con guraci\u00f3n central para el despliegue en masa; Soporta con guraci\u00f3n del aparato via IVR, Buscador Web o Archivo de Con guraci\u00f3n central por medio de TFTP, HTTP o HTTPS.<\/p>\n<p><strong>Calidad de servicio:<\/strong><\/p>\n<p>QoS de Capa (802.1Q, 802.1P) y QoS de Capa 3 (ToS, Di Serv, MPLS).<\/p>\n<p><strong>Lenguajes:<\/strong><\/p>\n<p>Espa\u00f1ol, ingl\u00e9s, alem\u00e1n, italiano, franc\u00e9s, portugu\u00e9s, ruso, croata, chino simplificado y tradicional, coreano, japon\u00e9s.<\/p>\n<p><strong>Protocolos y normas:<\/strong><\/p>\n<p>SIP RFC3261, TCP\/IP\/UDP, RTP\/RTCP, HTTP\/HTTPS, ARP\/RARP, ICMP, DNS (A record, SRV, NAPTR), DHCP, PPPoE, SSH, TFTP, NTP, STUN, SIMPLE, LLDP-MED, LDAP, TR- 069, 802.1x, TLS, SRTP<\/p>\n<p><strong>Conformidad:<\/strong><\/p>\n<p>FCC Part 15B\/15D; CE: ETSI EN 301 489-1 V1.8.1, ETSI EN 301 489-6 V1.3.1, ETSI EN 301 406-1 V2.1.1, ETSI EN 301 406 V1.5.1, EN60950-1, RoHs, UL (Fuente de Alimentaci\u00f3n).<\/p>\n<p><strong>Caracter\u00edsticas f\u00edsicas y el\u00e9ctricas:<\/strong><\/p>\n<p>&#8211; Fuente de alimentaci\u00f3n universal; Entrada: 100~240VAC 50-60Hz; Salida: 6VCD, 500mA.<\/p>\n<p>&#8211; Dimensiones: Estaci\u00f3n Base: 75 x 105 x 85 mm; Auricular: 160 x 46 x 22 mm; Cargador: 53 x 75 x 60 mm.<\/p>\n<p>&#8211; Peso: Estaci\u00f3n Base: 95 g; Auricular 104 g; Cargador: 102 g.<\/p>\n<p>&#8211; Temperatura de operaci\u00f3n: 0~40\u00baC.<\/p>\n<figure id=\"attachment_494\" aria-describedby=\"caption-attachment-494\" style=\"width: 133px\" class=\"wp-caption aligncenter\"><img loading=\"lazy\" class=\"size-full wp-image-494 additional-class\" src=\"http:\/\/solucionesdeinfraestructura.com\/comercio\/wp-content\/uploads\/2019\/04\/DP-710-GRANDSTREAM.png\" alt=\"DP-710 GRANDSTREAM\" width=\"133\" height=\"260\" \/><figcaption id=\"caption-attachment-494\" class=\"wp-caption-text\">DP-710 GRANDSTREAM<\/figcaption><\/figure>\n<\/div>\n","protected":false},"excerpt":{"rendered":"<div class=\"col-sm-8 col-md-8 well-sm\">\n<h2 id=\"product_title_74095\" class=\"no_margin_top titulo_vista_producto\">Tel\u00e9fono inal\u00e1mbrico DECT complementario para Estaci\u00f3n Base DP715 (descontinuado)<\/h2>\n<\/div>\n<div class=\"hidden-xs col-sm-4 col-md-4\">\n<figure id=\"attachment_494\" aria-describedby=\"caption-attachment-494\" style=\"width: 133px\" class=\"wp-caption aligncenter\"><img loading=\"lazy\" class=\"size-full wp-image-494 additional-class\" src=\"http:\/\/solucionesdeinfraestructura.com\/comercio\/wp-content\/uploads\/2019\/04\/DP-710-GRANDSTREAM.png\" alt=\"DP-710 GRANDSTREAM\" width=\"133\" height=\"260\" \/><figcaption id=\"caption-attachment-494\" class=\"wp-caption-text\">DP-710 GRANDSTREAM<\/figcaption><\/figure>\n<\/div>\n","protected":false},"featured_media":0,"template":"","meta":{"site-sidebar-layout":"","site-content-layout":"","ast-site-content-layout":"","site-content-style":"default","site-sidebar-style":"default","ast-global-header-display":"","ast-banner-title-visibility":"","ast-main-header-display":"","ast-hfb-above-header-display":"","ast-hfb-below-header-display":"","ast-hfb-mobile-header-display":"","site-post-title":"","ast-breadcrumbs-content":"","ast-featured-img":"","footer-sml-layout":"","theme-transparent-header-meta":"","adv-header-id-meta":"","stick-header-meta":"","header-above-stick-meta":"","header-main-stick-meta":"","header-below-stick-meta":"","astra-migrate-meta-layouts":""},"product_cat":[316,323],"product_tag":[],"yoast_head":"<!-- This site is optimized with the Yoast SEO plugin v19.5.1 - https:\/\/yoast.com\/wordpress\/plugins\/seo\/ -->\n<title>DP-710 GRANDSTREAM - Security Data &amp; Video SA de CV.<\/title>\n<meta name=\"robots\" content=\"index, follow, max-snippet:-1, max-image-preview:large, max-video-preview:-1\" \/>\n<link rel=\"canonical\" href=\"https:\/\/www.securitydataandvideo.com\/inicio\/shop\/dp-710-grandstream\/\" \/>\n<meta property=\"og:locale\" content=\"es_MX\" \/>\n<meta property=\"og:type\" content=\"article\" \/>\n<meta property=\"og:title\" content=\"DP-710 GRANDSTREAM - Security Data &amp; Video SA de CV.\" \/>\n<meta property=\"og:description\" content=\"Tel\u00e9fono inal\u00e1mbrico DECT complementario para Estaci\u00f3n Base DP715 (descontinuado)\" \/>\n<meta property=\"og:url\" content=\"https:\/\/www.securitydataandvideo.com\/inicio\/shop\/dp-710-grandstream\/\" \/>\n<meta property=\"og:site_name\" content=\"Security Data &amp; Video SA de CV.\" \/>\n<meta property=\"article:modified_time\" content=\"2022-07-21T17:40:44+00:00\" \/>\n<meta property=\"og:image\" content=\"http:\/\/solucionesdeinfraestructura.com\/comercio\/wp-content\/uploads\/2019\/04\/DP-710-GRANDSTREAM.png\" \/>\n<meta name=\"twitter:card\" content=\"summary\" \/>\n<meta name=\"twitter:label1\" content=\"Tiempo de lectura\" \/>\n\t<meta name=\"twitter:data1\" content=\"2 minutos\" \/>\n<script type=\"application\/ld+json\" class=\"yoast-schema-graph\">{\"@context\":\"https:\/\/schema.org\",\"@graph\":[{\"@type\":\"WebPage\",\"@id\":\"https:\/\/www.securitydataandvideo.com\/inicio\/shop\/dp-710-grandstream\/\",\"url\":\"https:\/\/www.securitydataandvideo.com\/inicio\/shop\/dp-710-grandstream\/\",\"name\":\"DP-710 GRANDSTREAM - Security Data &amp; Video SA de CV.\",\"isPartOf\":{\"@id\":\"https:\/\/www.securitydataandvideo.com\/inicio\/#website\"},\"datePublished\":\"2022-07-21T17:40:25+00:00\",\"dateModified\":\"2022-07-21T17:40:44+00:00\",\"breadcrumb\":{\"@id\":\"https:\/\/www.securitydataandvideo.com\/inicio\/shop\/dp-710-grandstream\/#breadcrumb\"},\"inLanguage\":\"es-MX\",\"potentialAction\":[{\"@type\":\"ReadAction\",\"target\":[\"https:\/\/www.securitydataandvideo.com\/inicio\/shop\/dp-710-grandstream\/\"]}]},{\"@type\":\"BreadcrumbList\",\"@id\":\"https:\/\/www.securitydataandvideo.com\/inicio\/shop\/dp-710-grandstream\/#breadcrumb\",\"itemListElement\":[{\"@type\":\"ListItem\",\"position\":1,\"name\":\"Inicio\",\"item\":\"https:\/\/www.securitydataandvideo.com\/inicio\/\"},{\"@type\":\"ListItem\",\"position\":2,\"name\":\"Shop\",\"item\":\"https:\/\/www.securitydataandvideo.com\/inicio\/shop\/\"},{\"@type\":\"ListItem\",\"position\":3,\"name\":\"DP-710 GRANDSTREAM\"}]},{\"@type\":\"WebSite\",\"@id\":\"https:\/\/www.securitydataandvideo.com\/inicio\/#website\",\"url\":\"https:\/\/www.securitydataandvideo.com\/inicio\/\",\"name\":\"Security Data &amp; Video SA de CV.\",\"description\":\"Seguridad Electr\u00f3nica y Energ\u00eda\",\"publisher\":{\"@id\":\"https:\/\/www.securitydataandvideo.com\/inicio\/#organization\"},\"potentialAction\":[{\"@type\":\"SearchAction\",\"target\":{\"@type\":\"EntryPoint\",\"urlTemplate\":\"https:\/\/www.securitydataandvideo.com\/inicio\/?s={search_term_string}\"},\"query-input\":\"required name=search_term_string\"}],\"inLanguage\":\"es-MX\"},{\"@type\":\"Organization\",\"@id\":\"https:\/\/www.securitydataandvideo.com\/inicio\/#organization\",\"name\":\"Security Data & Video SA de CV\",\"url\":\"https:\/\/www.securitydataandvideo.com\/inicio\/\",\"sameAs\":[],\"logo\":{\"@type\":\"ImageObject\",\"inLanguage\":\"es-MX\",\"@id\":\"https:\/\/www.securitydataandvideo.com\/inicio\/#\/schema\/logo\/image\/\",\"url\":\"https:\/\/www.securitydataandvideo.com\/inicio\/wp-content\/uploads\/2021\/10\/Logo-Azul.png\",\"contentUrl\":\"https:\/\/www.securitydataandvideo.com\/inicio\/wp-content\/uploads\/2021\/10\/Logo-Azul.png\",\"width\":555,\"height\":375,\"caption\":\"Security Data & Video SA de CV\"},\"image\":{\"@id\":\"https:\/\/www.securitydataandvideo.com\/inicio\/#\/schema\/logo\/image\/\"}}]}<\/script>\n<!-- \/ Yoast SEO plugin. -->","yoast_head_json":{"title":"DP-710 GRANDSTREAM - Security Data &amp; Video SA de CV.","robots":{"index":"index","follow":"follow","max-snippet":"max-snippet:-1","max-image-preview":"max-image-preview:large","max-video-preview":"max-video-preview:-1"},"canonical":"https:\/\/www.securitydataandvideo.com\/inicio\/shop\/dp-710-grandstream\/","og_locale":"es_MX","og_type":"article","og_title":"DP-710 GRANDSTREAM - Security Data &amp; Video SA de CV.","og_description":"Tel\u00e9fono inal\u00e1mbrico DECT complementario para Estaci\u00f3n Base DP715 (descontinuado)","og_url":"https:\/\/www.securitydataandvideo.com\/inicio\/shop\/dp-710-grandstream\/","og_site_name":"Security Data &amp; Video SA de CV.","article_modified_time":"2022-07-21T17:40:44+00:00","og_image":[{"url":"http:\/\/solucionesdeinfraestructura.com\/comercio\/wp-content\/uploads\/2019\/04\/DP-710-GRANDSTREAM.png"}],"twitter_card":"summary","twitter_misc":{"Tiempo de lectura":"2 minutos"},"schema":{"@context":"https:\/\/schema.org","@graph":[{"@type":"WebPage","@id":"https:\/\/www.securitydataandvideo.com\/inicio\/shop\/dp-710-grandstream\/","url":"https:\/\/www.securitydataandvideo.com\/inicio\/shop\/dp-710-grandstream\/","name":"DP-710 GRANDSTREAM - Security Data &amp; Video SA de CV.","isPartOf":{"@id":"https:\/\/www.securitydataandvideo.com\/inicio\/#website"},"datePublished":"2022-07-21T17:40:25+00:00","dateModified":"2022-07-21T17:40:44+00:00","breadcrumb":{"@id":"https:\/\/www.securitydataandvideo.com\/inicio\/shop\/dp-710-grandstream\/#breadcrumb"},"inLanguage":"es-MX","potentialAction":[{"@type":"ReadAction","target":["https:\/\/www.securitydataandvideo.com\/inicio\/shop\/dp-710-grandstream\/"]}]},{"@type":"BreadcrumbList","@id":"https:\/\/www.securitydataandvideo.com\/inicio\/shop\/dp-710-grandstream\/#breadcrumb","itemListElement":[{"@type":"ListItem","position":1,"name":"Inicio","item":"https:\/\/www.securitydataandvideo.com\/inicio\/"},{"@type":"ListItem","position":2,"name":"Shop","item":"https:\/\/www.securitydataandvideo.com\/inicio\/shop\/"},{"@type":"ListItem","position":3,"name":"DP-710 GRANDSTREAM"}]},{"@type":"WebSite","@id":"https:\/\/www.securitydataandvideo.com\/inicio\/#website","url":"https:\/\/www.securitydataandvideo.com\/inicio\/","name":"Security Data &amp; Video SA de CV.","description":"Seguridad Electr\u00f3nica y Energ\u00eda","publisher":{"@id":"https:\/\/www.securitydataandvideo.com\/inicio\/#organization"},"potentialAction":[{"@type":"SearchAction","target":{"@type":"EntryPoint","urlTemplate":"https:\/\/www.securitydataandvideo.com\/inicio\/?s={search_term_string}"},"query-input":"required name=search_term_string"}],"inLanguage":"es-MX"},{"@type":"Organization","@id":"https:\/\/www.securitydataandvideo.com\/inicio\/#organization","name":"Security Data & Video SA de CV","url":"https:\/\/www.securitydataandvideo.com\/inicio\/","sameAs":[],"logo":{"@type":"ImageObject","inLanguage":"es-MX","@id":"https:\/\/www.securitydataandvideo.com\/inicio\/#\/schema\/logo\/image\/","url":"https:\/\/www.securitydataandvideo.com\/inicio\/wp-content\/uploads\/2021\/10\/Logo-Azul.png","contentUrl":"https:\/\/www.securitydataandvideo.com\/inicio\/wp-content\/uploads\/2021\/10\/Logo-Azul.png","width":555,"height":375,"caption":"Security Data & Video SA de CV"},"image":{"@id":"https:\/\/www.securitydataandvideo.com\/inicio\/#\/schema\/logo\/image\/"}}]}},"_links":{"self":[{"href":"https:\/\/www.securitydataandvideo.com\/inicio\/wp-json\/wp\/v2\/product\/16111"}],"collection":[{"href":"https:\/\/www.securitydataandvideo.com\/inicio\/wp-json\/wp\/v2\/product"}],"about":[{"href":"https:\/\/www.securitydataandvideo.com\/inicio\/wp-json\/wp\/v2\/types\/product"}],"wp:attachment":[{"href":"https:\/\/www.securitydataandvideo.com\/inicio\/wp-json\/wp\/v2\/media?parent=16111"}],"wp:term":[{"taxonomy":"product_cat","embeddable":true,"href":"https:\/\/www.securitydataandvideo.com\/inicio\/wp-json\/wp\/v2\/product_cat?post=16111"},{"taxonomy":"product_tag","embeddable":true,"href":"https:\/\/www.securitydataandvideo.com\/inicio\/wp-json\/wp\/v2\/product_tag?post=16111"}],"curies":[{"name":"wp","href":"https:\/\/api.w.org\/{rel}","templated":true}]}}