{"id":16113,"date":"2022-07-21T11:40:25","date_gmt":"2022-07-21T17:40:25","guid":{"rendered":"https:\/\/www.securitydataandvideo.com\/inicio\/?post_type=product&#038;p=16113"},"modified":"2022-07-21T11:40:56","modified_gmt":"2022-07-21T17:40:56","slug":"telefono-ip-grandstream-gxp-1628-smb-de-2-lineas-con-3-teclas-de-funcion-8-teclas-blf-y-conferencia-de-3-vias-poe-en-guadalajara-jalisco-mexico","status":"publish","type":"product","link":"https:\/\/www.securitydataandvideo.com\/inicio\/shop\/telefono-ip-grandstream-gxp-1628-smb-de-2-lineas-con-3-teclas-de-funcion-8-teclas-blf-y-conferencia-de-3-vias-poe-en-guadalajara-jalisco-mexico\/","title":{"rendered":"Tel\u00e9fono IP GRANDSTREAM GXP-1628  SMB de 2 l\u00edneas con 3 teclas de funci\u00f3n, 8 teclas BLF y conferencia de 3 v\u00edas, PoE en Guadalajara Jalisco M\u00e9xico."},"content":{"rendered":"<div class=\"col-sm-8 col-md-8 well-sm\">\n<p id=\"product_title_82839\" class=\"no_margin_top titulo_vista_producto\">Tel\u00e9fono IP GRANDSTREAM GXP-1628 SMB de 2 l\u00edneas con 3 teclas de funci\u00f3n, 8 teclas BLF y conferencia de 3 v\u00edas, PoE en Guadalajara Jalisco M\u00e9xico.<\/p>\n<\/div>\n<h6 class=\"hidden-xs col-sm-4 col-md-4\"><strong>Principales:<\/strong><\/h6>\n<div class=\"hidden-xs col-sm-4 col-md-4\">\n2 l\u00edneas (cuentas SIP), 3 teclas de funci\u00f3n XML programables y conferencia de 3 v\u00edas.<br \/>\n<strong>8 teclas de extensi\u00f3n BLF programables.<\/strong><br \/>\nPantalla gr\u00e1fica LCD de 132 x 48.<br \/>\nAudio HD.<br \/>\nDoble puerto de red Gigabit.<strong>Funciones de telefon\u00eda:<\/strong><br \/>\nRetenci\u00f3n, transferencia, reenv\u00edo (incondicional\/no respuesta\/ocupado), conferencia de 3 v\u00edas, estacionamiento\/recuperaci\u00f3n de llamadas, directorio telef\u00f3nico descargable (XML, LDAP, hasta 500 contactos), llamada en espera, historial de llamadas (hasta 200 registros), marcaci\u00f3n autom\u00e1tica al descolgar, respuesta autom\u00e1tica, hacer clic para marcar, plan de marcaci\u00f3n flexible, estaciones de trabajo compartidas (hot desking), tonos de llamadas con m\u00fasica personalizada, redundancia de servidores y conmutaci\u00f3n por error (fail-over).<strong>C\u00f3decs:<\/strong><br \/>\nSoporte para G.711\u03bc\/a, G.722 (banda ancha), G.723 (pendiente), G.726-32, G.729 A\/B, DTMF en banda y fuera de banda (In audio, RFC2833, SIP INFO), VAD, CNG, AEC, PLC, AJB, AGC.<strong>Interfaces:<\/strong><br \/>\nPuertos Ethernet dobles conmutados de 10\/100\/1000 Mbps con detecci\u00f3n autom\u00e1tica.<br \/>\n&#8211; Conector de aud\u00edfonos RJ9 (permite EHS con aud\u00edfonos Plantronics).<strong>Seguridad:<\/strong><br \/>\nControl de acceso a nivel del usuario y del administrador, autenticaci\u00f3n basada en MD5 y MD5-sess, archivo de configuraci\u00f3n cifrado con AES de 256 bits, TLS, SRTP, HTTPS, 802.1x Media Access Control.<\/p>\n<p><strong>Calidad de servicio:<\/strong><br \/>\nQoS de Capa (802.1Q, 802.1P) y QoS de Capa 3 (ToS, Di Serv, MPLS).<\/p>\n<p><strong>Lenguajes:<\/strong><br \/>\nEspa\u00f1ol, ingl\u00e9s, alem\u00e1n, italiano, franc\u00e9s, portugu\u00e9s, ruso, croata, chino simplificado y tradicional, coreano, japon\u00e9s.<\/p>\n<p><strong>Protocolos y normas:<\/strong><br \/>\nSIP RFC3261, TCP\/IP\/UDP, RTP\/RTCP, HTTP\/HTTPS, ARP\/RARP, ICMP, DNS (A record, SRV, NAPTR), DHCP, PPPoE, SSH, TFTP, NTP, STUN, SIMPLE, LLDP-MED, LDAP, TR- 069, 802.1x, TLS, SRTP<\/p>\n<p>&nbsp;<\/p>\n<p><strong>Contenido del paquete:<\/strong><br \/>\nTel\u00e9fono GXP1628, auricular con cord\u00f3n, base de soporte, fuente de alimentaci\u00f3n universal, cable de red, Gu\u00eda de Instalaci\u00f3n R\u00e1pida, folleto, Licencia GPL.<\/p>\n<p>Tel\u00e9fono IP GRANDSTREAM GXP-1628<\/p>\n<p><strong>1 a\u00f1o de garant\u00eda.<\/strong><\/p>\n<\/div>\n","protected":false},"excerpt":{"rendered":"<div class=\"col-sm-8 col-md-8 well-sm\">\n<p id=\"product_title_82839\" class=\"no_margin_top titulo_vista_producto\">Tel\u00e9fono IP GRANDSTREAM GXP-1628 SMB de 2 l\u00edneas con 3 teclas de funci\u00f3n, 8 teclas BLF y conferencia de 3 v\u00edas, PoE en Guadalajara Jalisco M\u00e9xico.<\/p>\n<\/div>\n","protected":false},"featured_media":16147,"template":"","meta":{"site-sidebar-layout":"default","site-content-layout":"default","ast-site-content-layout":"","site-content-style":"default","site-sidebar-style":"default","ast-global-header-display":"","ast-banner-title-visibility":"","ast-main-header-display":"","ast-hfb-above-header-display":"","ast-hfb-below-header-display":"","ast-hfb-mobile-header-display":"","site-post-title":"","ast-breadcrumbs-content":"","ast-featured-img":"","footer-sml-layout":"","theme-transparent-header-meta":"default","adv-header-id-meta":"","stick-header-meta":"","header-above-stick-meta":"","header-main-stick-meta":"","header-below-stick-meta":"","astra-migrate-meta-layouts":""},"product_cat":[316,323],"product_tag":[],"yoast_head":"<!-- This site is optimized with the Yoast SEO plugin v19.5.1 - https:\/\/yoast.com\/wordpress\/plugins\/seo\/ -->\n<title>Tel\u00e9fono IP GRANDSTREAM GXP-1628 Security Data &amp; Video SA de CV.<\/title>\n<meta name=\"description\" content=\"Security Data &amp; Video SA de CV. Tel\u00e9fono IP GRANDSTREAM GXP-1628 SMB de 2 l\u00edneas con 3 teclas de funci\u00f3n, 8 teclas BLF y conferencia de 3 v\u00edas, PoE en Guadalajara Jalisco M\u00e9xico.\" \/>\n<meta name=\"robots\" content=\"index, follow, max-snippet:-1, max-image-preview:large, max-video-preview:-1\" \/>\n<link rel=\"canonical\" href=\"https:\/\/www.securitydataandvideo.com\/inicio\/shop\/telefono-ip-grandstream-gxp-1628-smb-de-2-lineas-con-3-teclas-de-funcion-8-teclas-blf-y-conferencia-de-3-vias-poe-en-guadalajara-jalisco-mexico\/\" \/>\n<meta property=\"og:locale\" content=\"es_MX\" \/>\n<meta property=\"og:type\" content=\"article\" \/>\n<meta property=\"og:title\" content=\"Tel\u00e9fono IP GRANDSTREAM GXP-1628 Security Data &amp; Video SA de CV.\" \/>\n<meta property=\"og:description\" content=\"Security Data &amp; Video SA de CV. Tel\u00e9fono IP GRANDSTREAM GXP-1628 SMB de 2 l\u00edneas con 3 teclas de funci\u00f3n, 8 teclas BLF y conferencia de 3 v\u00edas, PoE en Guadalajara Jalisco M\u00e9xico.\" \/>\n<meta property=\"og:url\" content=\"https:\/\/www.securitydataandvideo.com\/inicio\/shop\/telefono-ip-grandstream-gxp-1628-smb-de-2-lineas-con-3-teclas-de-funcion-8-teclas-blf-y-conferencia-de-3-vias-poe-en-guadalajara-jalisco-mexico\/\" \/>\n<meta property=\"og:site_name\" content=\"Security Data &amp; Video SA de CV.\" \/>\n<meta property=\"article:modified_time\" content=\"2022-07-21T17:40:56+00:00\" \/>\n<meta property=\"og:image\" content=\"https:\/\/www.securitydataandvideo.com\/inicio\/wp-content\/uploads\/2022\/07\/GXP-1628-GRANDSTREAM.png\" \/>\n\t<meta property=\"og:image:width\" content=\"261\" \/>\n\t<meta property=\"og:image:height\" content=\"232\" \/>\n\t<meta property=\"og:image:type\" content=\"image\/png\" \/>\n<meta name=\"twitter:card\" content=\"summary\" \/>\n<meta name=\"twitter:label1\" content=\"Tiempo de lectura\" \/>\n\t<meta name=\"twitter:data1\" content=\"2 minutos\" \/>\n<script type=\"application\/ld+json\" class=\"yoast-schema-graph\">{\"@context\":\"https:\/\/schema.org\",\"@graph\":[{\"@type\":\"WebPage\",\"@id\":\"https:\/\/www.securitydataandvideo.com\/inicio\/shop\/telefono-ip-grandstream-gxp-1628-smb-de-2-lineas-con-3-teclas-de-funcion-8-teclas-blf-y-conferencia-de-3-vias-poe-en-guadalajara-jalisco-mexico\/\",\"url\":\"https:\/\/www.securitydataandvideo.com\/inicio\/shop\/telefono-ip-grandstream-gxp-1628-smb-de-2-lineas-con-3-teclas-de-funcion-8-teclas-blf-y-conferencia-de-3-vias-poe-en-guadalajara-jalisco-mexico\/\",\"name\":\"Tel\u00e9fono IP GRANDSTREAM GXP-1628 Security Data &amp; Video SA de CV.\",\"isPartOf\":{\"@id\":\"https:\/\/www.securitydataandvideo.com\/inicio\/#website\"},\"datePublished\":\"2022-07-21T17:40:25+00:00\",\"dateModified\":\"2022-07-21T17:40:56+00:00\",\"description\":\"Security Data &amp; Video SA de CV. Tel\u00e9fono IP GRANDSTREAM GXP-1628 SMB de 2 l\u00edneas con 3 teclas de funci\u00f3n, 8 teclas BLF y conferencia de 3 v\u00edas, PoE en Guadalajara Jalisco M\u00e9xico.\",\"breadcrumb\":{\"@id\":\"https:\/\/www.securitydataandvideo.com\/inicio\/shop\/telefono-ip-grandstream-gxp-1628-smb-de-2-lineas-con-3-teclas-de-funcion-8-teclas-blf-y-conferencia-de-3-vias-poe-en-guadalajara-jalisco-mexico\/#breadcrumb\"},\"inLanguage\":\"es-MX\",\"potentialAction\":[{\"@type\":\"ReadAction\",\"target\":[\"https:\/\/www.securitydataandvideo.com\/inicio\/shop\/telefono-ip-grandstream-gxp-1628-smb-de-2-lineas-con-3-teclas-de-funcion-8-teclas-blf-y-conferencia-de-3-vias-poe-en-guadalajara-jalisco-mexico\/\"]}]},{\"@type\":\"BreadcrumbList\",\"@id\":\"https:\/\/www.securitydataandvideo.com\/inicio\/shop\/telefono-ip-grandstream-gxp-1628-smb-de-2-lineas-con-3-teclas-de-funcion-8-teclas-blf-y-conferencia-de-3-vias-poe-en-guadalajara-jalisco-mexico\/#breadcrumb\",\"itemListElement\":[{\"@type\":\"ListItem\",\"position\":1,\"name\":\"Inicio\",\"item\":\"https:\/\/www.securitydataandvideo.com\/inicio\/\"},{\"@type\":\"ListItem\",\"position\":2,\"name\":\"Shop\",\"item\":\"https:\/\/www.securitydataandvideo.com\/inicio\/shop\/\"},{\"@type\":\"ListItem\",\"position\":3,\"name\":\"Tel\u00e9fono IP GRANDSTREAM GXP-1628 SMB de 2 l\u00edneas con 3 teclas de funci\u00f3n, 8 teclas BLF y conferencia de 3 v\u00edas, PoE en Guadalajara Jalisco M\u00e9xico.\"}]},{\"@type\":\"WebSite\",\"@id\":\"https:\/\/www.securitydataandvideo.com\/inicio\/#website\",\"url\":\"https:\/\/www.securitydataandvideo.com\/inicio\/\",\"name\":\"Security Data &amp; Video SA de CV.\",\"description\":\"Seguridad Electr\u00f3nica y Energ\u00eda\",\"publisher\":{\"@id\":\"https:\/\/www.securitydataandvideo.com\/inicio\/#organization\"},\"potentialAction\":[{\"@type\":\"SearchAction\",\"target\":{\"@type\":\"EntryPoint\",\"urlTemplate\":\"https:\/\/www.securitydataandvideo.com\/inicio\/?s={search_term_string}\"},\"query-input\":\"required name=search_term_string\"}],\"inLanguage\":\"es-MX\"},{\"@type\":\"Organization\",\"@id\":\"https:\/\/www.securitydataandvideo.com\/inicio\/#organization\",\"name\":\"Security Data & Video SA de CV\",\"url\":\"https:\/\/www.securitydataandvideo.com\/inicio\/\",\"sameAs\":[],\"logo\":{\"@type\":\"ImageObject\",\"inLanguage\":\"es-MX\",\"@id\":\"https:\/\/www.securitydataandvideo.com\/inicio\/#\/schema\/logo\/image\/\",\"url\":\"https:\/\/www.securitydataandvideo.com\/inicio\/wp-content\/uploads\/2021\/10\/Logo-Azul.png\",\"contentUrl\":\"https:\/\/www.securitydataandvideo.com\/inicio\/wp-content\/uploads\/2021\/10\/Logo-Azul.png\",\"width\":555,\"height\":375,\"caption\":\"Security Data & Video SA de CV\"},\"image\":{\"@id\":\"https:\/\/www.securitydataandvideo.com\/inicio\/#\/schema\/logo\/image\/\"}}]}<\/script>\n<!-- \/ Yoast SEO plugin. -->","yoast_head_json":{"title":"Tel\u00e9fono IP GRANDSTREAM GXP-1628 Security Data &amp; Video SA de CV.","description":"Security Data &amp; Video SA de CV. Tel\u00e9fono IP GRANDSTREAM GXP-1628 SMB de 2 l\u00edneas con 3 teclas de funci\u00f3n, 8 teclas BLF y conferencia de 3 v\u00edas, PoE en Guadalajara Jalisco M\u00e9xico.","robots":{"index":"index","follow":"follow","max-snippet":"max-snippet:-1","max-image-preview":"max-image-preview:large","max-video-preview":"max-video-preview:-1"},"canonical":"https:\/\/www.securitydataandvideo.com\/inicio\/shop\/telefono-ip-grandstream-gxp-1628-smb-de-2-lineas-con-3-teclas-de-funcion-8-teclas-blf-y-conferencia-de-3-vias-poe-en-guadalajara-jalisco-mexico\/","og_locale":"es_MX","og_type":"article","og_title":"Tel\u00e9fono IP GRANDSTREAM GXP-1628 Security Data &amp; Video SA de CV.","og_description":"Security Data &amp; Video SA de CV. Tel\u00e9fono IP GRANDSTREAM GXP-1628 SMB de 2 l\u00edneas con 3 teclas de funci\u00f3n, 8 teclas BLF y conferencia de 3 v\u00edas, PoE en Guadalajara Jalisco M\u00e9xico.","og_url":"https:\/\/www.securitydataandvideo.com\/inicio\/shop\/telefono-ip-grandstream-gxp-1628-smb-de-2-lineas-con-3-teclas-de-funcion-8-teclas-blf-y-conferencia-de-3-vias-poe-en-guadalajara-jalisco-mexico\/","og_site_name":"Security Data &amp; Video SA de CV.","article_modified_time":"2022-07-21T17:40:56+00:00","og_image":[{"width":261,"height":232,"url":"https:\/\/www.securitydataandvideo.com\/inicio\/wp-content\/uploads\/2022\/07\/GXP-1628-GRANDSTREAM.png","type":"image\/png"}],"twitter_card":"summary","twitter_misc":{"Tiempo de lectura":"2 minutos"},"schema":{"@context":"https:\/\/schema.org","@graph":[{"@type":"WebPage","@id":"https:\/\/www.securitydataandvideo.com\/inicio\/shop\/telefono-ip-grandstream-gxp-1628-smb-de-2-lineas-con-3-teclas-de-funcion-8-teclas-blf-y-conferencia-de-3-vias-poe-en-guadalajara-jalisco-mexico\/","url":"https:\/\/www.securitydataandvideo.com\/inicio\/shop\/telefono-ip-grandstream-gxp-1628-smb-de-2-lineas-con-3-teclas-de-funcion-8-teclas-blf-y-conferencia-de-3-vias-poe-en-guadalajara-jalisco-mexico\/","name":"Tel\u00e9fono IP GRANDSTREAM GXP-1628 Security Data &amp; Video SA de CV.","isPartOf":{"@id":"https:\/\/www.securitydataandvideo.com\/inicio\/#website"},"datePublished":"2022-07-21T17:40:25+00:00","dateModified":"2022-07-21T17:40:56+00:00","description":"Security Data &amp; Video SA de CV. Tel\u00e9fono IP GRANDSTREAM GXP-1628 SMB de 2 l\u00edneas con 3 teclas de funci\u00f3n, 8 teclas BLF y conferencia de 3 v\u00edas, PoE en Guadalajara Jalisco M\u00e9xico.","breadcrumb":{"@id":"https:\/\/www.securitydataandvideo.com\/inicio\/shop\/telefono-ip-grandstream-gxp-1628-smb-de-2-lineas-con-3-teclas-de-funcion-8-teclas-blf-y-conferencia-de-3-vias-poe-en-guadalajara-jalisco-mexico\/#breadcrumb"},"inLanguage":"es-MX","potentialAction":[{"@type":"ReadAction","target":["https:\/\/www.securitydataandvideo.com\/inicio\/shop\/telefono-ip-grandstream-gxp-1628-smb-de-2-lineas-con-3-teclas-de-funcion-8-teclas-blf-y-conferencia-de-3-vias-poe-en-guadalajara-jalisco-mexico\/"]}]},{"@type":"BreadcrumbList","@id":"https:\/\/www.securitydataandvideo.com\/inicio\/shop\/telefono-ip-grandstream-gxp-1628-smb-de-2-lineas-con-3-teclas-de-funcion-8-teclas-blf-y-conferencia-de-3-vias-poe-en-guadalajara-jalisco-mexico\/#breadcrumb","itemListElement":[{"@type":"ListItem","position":1,"name":"Inicio","item":"https:\/\/www.securitydataandvideo.com\/inicio\/"},{"@type":"ListItem","position":2,"name":"Shop","item":"https:\/\/www.securitydataandvideo.com\/inicio\/shop\/"},{"@type":"ListItem","position":3,"name":"Tel\u00e9fono IP GRANDSTREAM GXP-1628 SMB de 2 l\u00edneas con 3 teclas de funci\u00f3n, 8 teclas BLF y conferencia de 3 v\u00edas, PoE en Guadalajara Jalisco M\u00e9xico."}]},{"@type":"WebSite","@id":"https:\/\/www.securitydataandvideo.com\/inicio\/#website","url":"https:\/\/www.securitydataandvideo.com\/inicio\/","name":"Security Data &amp; Video SA de CV.","description":"Seguridad Electr\u00f3nica y Energ\u00eda","publisher":{"@id":"https:\/\/www.securitydataandvideo.com\/inicio\/#organization"},"potentialAction":[{"@type":"SearchAction","target":{"@type":"EntryPoint","urlTemplate":"https:\/\/www.securitydataandvideo.com\/inicio\/?s={search_term_string}"},"query-input":"required name=search_term_string"}],"inLanguage":"es-MX"},{"@type":"Organization","@id":"https:\/\/www.securitydataandvideo.com\/inicio\/#organization","name":"Security Data & Video SA de CV","url":"https:\/\/www.securitydataandvideo.com\/inicio\/","sameAs":[],"logo":{"@type":"ImageObject","inLanguage":"es-MX","@id":"https:\/\/www.securitydataandvideo.com\/inicio\/#\/schema\/logo\/image\/","url":"https:\/\/www.securitydataandvideo.com\/inicio\/wp-content\/uploads\/2021\/10\/Logo-Azul.png","contentUrl":"https:\/\/www.securitydataandvideo.com\/inicio\/wp-content\/uploads\/2021\/10\/Logo-Azul.png","width":555,"height":375,"caption":"Security Data & Video SA de CV"},"image":{"@id":"https:\/\/www.securitydataandvideo.com\/inicio\/#\/schema\/logo\/image\/"}}]}},"_links":{"self":[{"href":"https:\/\/www.securitydataandvideo.com\/inicio\/wp-json\/wp\/v2\/product\/16113"}],"collection":[{"href":"https:\/\/www.securitydataandvideo.com\/inicio\/wp-json\/wp\/v2\/product"}],"about":[{"href":"https:\/\/www.securitydataandvideo.com\/inicio\/wp-json\/wp\/v2\/types\/product"}],"wp:featuredmedia":[{"embeddable":true,"href":"https:\/\/www.securitydataandvideo.com\/inicio\/wp-json\/wp\/v2\/media\/16147"}],"wp:attachment":[{"href":"https:\/\/www.securitydataandvideo.com\/inicio\/wp-json\/wp\/v2\/media?parent=16113"}],"wp:term":[{"taxonomy":"product_cat","embeddable":true,"href":"https:\/\/www.securitydataandvideo.com\/inicio\/wp-json\/wp\/v2\/product_cat?post=16113"},{"taxonomy":"product_tag","embeddable":true,"href":"https:\/\/www.securitydataandvideo.com\/inicio\/wp-json\/wp\/v2\/product_tag?post=16113"}],"curies":[{"name":"wp","href":"https:\/\/api.w.org\/{rel}","templated":true}]}}