{"id":16115,"date":"2022-07-21T11:40:26","date_gmt":"2022-07-21T17:40:26","guid":{"rendered":"https:\/\/www.securitydataandvideo.com\/inicio\/?post_type=product&#038;p=16115"},"modified":"2022-07-21T11:40:58","modified_gmt":"2022-07-21T17:40:58","slug":"telefono-ip-grandstream-gxp-2135-smb-poe-8-lineas-4-teclas-de-funcion-y-conferencia-de-4-vias-poe-en-guadalajara-jalisco-mexico","status":"publish","type":"product","link":"https:\/\/www.securitydataandvideo.com\/inicio\/shop\/telefono-ip-grandstream-gxp-2135-smb-poe-8-lineas-4-teclas-de-funcion-y-conferencia-de-4-vias-poe-en-guadalajara-jalisco-mexico\/","title":{"rendered":"Tel\u00e9fono IP GRANDSTREAM GXP-2135 SMB PoE 8 L\u00edneas 4 Teclas de Funci\u00f3n y conferencia de 4 v\u00edas. PoE en Guadalajara Jalisco M\u00e9xico."},"content":{"rendered":"<div class=\"col-sm-8 col-md-8 well-sm\">\n<p id=\"product_title_87757\" class=\"no_margin_top titulo_vista_producto\">Tel\u00e9fono IP GRANDSTREAM GXP-2135 SMB PoE 8 L\u00edneas 4 Teclas de Funci\u00f3n y conferencia de 4 v\u00edas. PoE en Guadalajara Jalisco M\u00e9xico.<\/p>\n<p>El GXP2135 es un tel\u00e9fono IP empresarial que soporta velocidades en Gigabits y hasta 32 teclas virtuales BLF\/de marcaci\u00f3n r\u00e1pida, haci\u00e9ndolo ideal para empleados ocupados. Este Tel\u00e9fono IP Empresarial ofrece hasta 8 l\u00edneas\/ teclas de l\u00ednea y 4 cuentas SIP que usan una pantalla LCD a color de 2.8 pulgadas y audio full HD. El GXP2135 incluye hasta 32 teclas digitales de marcaci\u00f3n r\u00e1pida\/BLF en la pantalla para ayudar a los usuarios a ser m\u00e1s productivos y eficientes. Este Tel\u00e9fono IP Empresarial soporta las velocidades de conexi\u00f3n m\u00e1s r\u00e1pidas posibles con dos puertos de red Gigabit, ofrece PoE integrado y Bluetooth incorporado para sincronizarse con dispositivos m\u00f3viles y aud\u00edfonos Bluetooth. El GXP2135 es la elecci\u00f3n perfecta para empresas que buscan un tel\u00e9fono IP poderoso y confiable con funciones avanzadas<\/p>\n<\/div>\n<div class=\"hidden-xs col-sm-4 col-md-4\">\n<p>8 lineas, 4 Cuentas SIP, conferencia para 4 participantes, 4 teclas programables XML<\/p>\n<p>Audio HD en altavoz y auricular<\/p>\n<p>Dos puertos Gigabit<\/p>\n<p>Bluetooth integrado para sincronizar aud\u00edfonos y dispositivos m\u00f3viles para libretas de contactos, calendarios y transferencia de llamadas<\/p>\n<p>Adaptador de corriente universal incluido: Entrada: 100-240V; Salida: +12V, 0.5A; Power-over-Ethernet integrado (802.3af); Consumo m\u00e1ximo de energ\u00eda: 6.4W (adaptador de corriente) o 6.49W (PoE)<\/p>\n<p>Pantalla gr\u00e1fica LCD con luz de fondo de 132 x 48 pixeles<\/p>\n<p>Operaci\u00f3n: 0\u00b0C a 40\u00b0C, Almacenamiento: -10\u00b0C a 60\u00b0C , Humedad: 10% a 90% Sin condensaci\u00f3n<\/p>\n<p>Dimensi\u00f3n: 201 mm (Ancho) x 193 mm (Longitud) x 85 mm (Altura)<\/p>\n<p>Peso de unidad: 0.85 kg<\/p>\n<p><strong>1 a\u00f1o de garant\u00eda.<\/strong><\/p>\n<p>Tel\u00e9fono IP GRANDSTREAM GXP-2135<\/p>\n<\/div>\n","protected":false},"excerpt":{"rendered":"<div class=\"col-sm-8 col-md-8 well-sm\">Tel\u00e9fono IP GRANDSTREAM GXP-2135 SMB PoE 8 L\u00edneas 4 Teclas de Funci\u00f3n y conferencia de 4 v\u00edas. PoE en Guadalajara Jalisco M\u00e9xico.<\/div>\n","protected":false},"featured_media":16149,"template":"","meta":{"site-sidebar-layout":"default","site-content-layout":"default","ast-site-content-layout":"","site-content-style":"default","site-sidebar-style":"default","ast-global-header-display":"","ast-banner-title-visibility":"","ast-main-header-display":"","ast-hfb-above-header-display":"","ast-hfb-below-header-display":"","ast-hfb-mobile-header-display":"","site-post-title":"","ast-breadcrumbs-content":"","ast-featured-img":"","footer-sml-layout":"","theme-transparent-header-meta":"default","adv-header-id-meta":"","stick-header-meta":"","header-above-stick-meta":"","header-main-stick-meta":"","header-below-stick-meta":"","astra-migrate-meta-layouts":""},"product_cat":[316,323],"product_tag":[242],"yoast_head":"<!-- This site is optimized with the Yoast SEO plugin v19.5.1 - https:\/\/yoast.com\/wordpress\/plugins\/seo\/ -->\n<title>Tel\u00e9fono IP GRANDSTREAM GXP-2135 Security Data &amp; Video SA de CV.<\/title>\n<meta name=\"description\" content=\"Security Data &amp; Video SA de CV. Tel\u00e9fono IP GRANDSTREAM GXP-2135 SMB PoE 8 L\u00edneas 4 Teclas de Funci\u00f3n y conferencia de 4 v\u00edas. PoE Venta e Instalacion\" \/>\n<meta name=\"robots\" content=\"index, follow, max-snippet:-1, max-image-preview:large, max-video-preview:-1\" \/>\n<link rel=\"canonical\" href=\"https:\/\/www.securitydataandvideo.com\/inicio\/shop\/telefono-ip-grandstream-gxp-2135-smb-poe-8-lineas-4-teclas-de-funcion-y-conferencia-de-4-vias-poe-en-guadalajara-jalisco-mexico\/\" \/>\n<meta property=\"og:locale\" content=\"es_MX\" \/>\n<meta property=\"og:type\" content=\"article\" \/>\n<meta property=\"og:title\" content=\"Tel\u00e9fono IP GRANDSTREAM GXP-2135 Security Data &amp; Video SA de CV.\" \/>\n<meta property=\"og:description\" content=\"Security Data &amp; Video SA de CV. Tel\u00e9fono IP GRANDSTREAM GXP-2135 SMB PoE 8 L\u00edneas 4 Teclas de Funci\u00f3n y conferencia de 4 v\u00edas. PoE Venta e Instalacion\" \/>\n<meta property=\"og:url\" content=\"https:\/\/www.securitydataandvideo.com\/inicio\/shop\/telefono-ip-grandstream-gxp-2135-smb-poe-8-lineas-4-teclas-de-funcion-y-conferencia-de-4-vias-poe-en-guadalajara-jalisco-mexico\/\" \/>\n<meta property=\"og:site_name\" content=\"Security Data &amp; Video SA de CV.\" \/>\n<meta property=\"article:modified_time\" content=\"2022-07-21T17:40:58+00:00\" \/>\n<meta property=\"og:image\" content=\"https:\/\/www.securitydataandvideo.com\/inicio\/wp-content\/uploads\/2022\/07\/GXP-2135-GRANDSTREAM.png\" \/>\n\t<meta property=\"og:image:width\" content=\"264\" \/>\n\t<meta property=\"og:image:height\" content=\"224\" \/>\n\t<meta property=\"og:image:type\" content=\"image\/png\" \/>\n<meta name=\"twitter:card\" content=\"summary\" \/>\n<meta name=\"twitter:label1\" content=\"Tiempo de lectura\" \/>\n\t<meta name=\"twitter:data1\" content=\"2 minutos\" \/>\n<script type=\"application\/ld+json\" class=\"yoast-schema-graph\">{\"@context\":\"https:\/\/schema.org\",\"@graph\":[{\"@type\":\"WebPage\",\"@id\":\"https:\/\/www.securitydataandvideo.com\/inicio\/shop\/telefono-ip-grandstream-gxp-2135-smb-poe-8-lineas-4-teclas-de-funcion-y-conferencia-de-4-vias-poe-en-guadalajara-jalisco-mexico\/\",\"url\":\"https:\/\/www.securitydataandvideo.com\/inicio\/shop\/telefono-ip-grandstream-gxp-2135-smb-poe-8-lineas-4-teclas-de-funcion-y-conferencia-de-4-vias-poe-en-guadalajara-jalisco-mexico\/\",\"name\":\"Tel\u00e9fono IP GRANDSTREAM GXP-2135 Security Data &amp; Video SA de CV.\",\"isPartOf\":{\"@id\":\"https:\/\/www.securitydataandvideo.com\/inicio\/#website\"},\"datePublished\":\"2022-07-21T17:40:26+00:00\",\"dateModified\":\"2022-07-21T17:40:58+00:00\",\"description\":\"Security Data &amp; Video SA de CV. Tel\u00e9fono IP GRANDSTREAM GXP-2135 SMB PoE 8 L\u00edneas 4 Teclas de Funci\u00f3n y conferencia de 4 v\u00edas. PoE Venta e Instalacion\",\"breadcrumb\":{\"@id\":\"https:\/\/www.securitydataandvideo.com\/inicio\/shop\/telefono-ip-grandstream-gxp-2135-smb-poe-8-lineas-4-teclas-de-funcion-y-conferencia-de-4-vias-poe-en-guadalajara-jalisco-mexico\/#breadcrumb\"},\"inLanguage\":\"es-MX\",\"potentialAction\":[{\"@type\":\"ReadAction\",\"target\":[\"https:\/\/www.securitydataandvideo.com\/inicio\/shop\/telefono-ip-grandstream-gxp-2135-smb-poe-8-lineas-4-teclas-de-funcion-y-conferencia-de-4-vias-poe-en-guadalajara-jalisco-mexico\/\"]}]},{\"@type\":\"BreadcrumbList\",\"@id\":\"https:\/\/www.securitydataandvideo.com\/inicio\/shop\/telefono-ip-grandstream-gxp-2135-smb-poe-8-lineas-4-teclas-de-funcion-y-conferencia-de-4-vias-poe-en-guadalajara-jalisco-mexico\/#breadcrumb\",\"itemListElement\":[{\"@type\":\"ListItem\",\"position\":1,\"name\":\"Inicio\",\"item\":\"https:\/\/www.securitydataandvideo.com\/inicio\/\"},{\"@type\":\"ListItem\",\"position\":2,\"name\":\"Shop\",\"item\":\"https:\/\/www.securitydataandvideo.com\/inicio\/shop\/\"},{\"@type\":\"ListItem\",\"position\":3,\"name\":\"Tel\u00e9fono IP GRANDSTREAM GXP-2135 SMB PoE 8 L\u00edneas 4 Teclas de Funci\u00f3n y conferencia de 4 v\u00edas. PoE en Guadalajara Jalisco M\u00e9xico.\"}]},{\"@type\":\"WebSite\",\"@id\":\"https:\/\/www.securitydataandvideo.com\/inicio\/#website\",\"url\":\"https:\/\/www.securitydataandvideo.com\/inicio\/\",\"name\":\"Security Data &amp; Video SA de CV.\",\"description\":\"Seguridad Electr\u00f3nica y Energ\u00eda\",\"publisher\":{\"@id\":\"https:\/\/www.securitydataandvideo.com\/inicio\/#organization\"},\"potentialAction\":[{\"@type\":\"SearchAction\",\"target\":{\"@type\":\"EntryPoint\",\"urlTemplate\":\"https:\/\/www.securitydataandvideo.com\/inicio\/?s={search_term_string}\"},\"query-input\":\"required name=search_term_string\"}],\"inLanguage\":\"es-MX\"},{\"@type\":\"Organization\",\"@id\":\"https:\/\/www.securitydataandvideo.com\/inicio\/#organization\",\"name\":\"Security Data & Video SA de CV\",\"url\":\"https:\/\/www.securitydataandvideo.com\/inicio\/\",\"sameAs\":[],\"logo\":{\"@type\":\"ImageObject\",\"inLanguage\":\"es-MX\",\"@id\":\"https:\/\/www.securitydataandvideo.com\/inicio\/#\/schema\/logo\/image\/\",\"url\":\"https:\/\/www.securitydataandvideo.com\/inicio\/wp-content\/uploads\/2021\/10\/Logo-Azul.png\",\"contentUrl\":\"https:\/\/www.securitydataandvideo.com\/inicio\/wp-content\/uploads\/2021\/10\/Logo-Azul.png\",\"width\":555,\"height\":375,\"caption\":\"Security Data & Video SA de CV\"},\"image\":{\"@id\":\"https:\/\/www.securitydataandvideo.com\/inicio\/#\/schema\/logo\/image\/\"}}]}<\/script>\n<!-- \/ Yoast SEO plugin. -->","yoast_head_json":{"title":"Tel\u00e9fono IP GRANDSTREAM GXP-2135 Security Data &amp; Video SA de CV.","description":"Security Data &amp; Video SA de CV. Tel\u00e9fono IP GRANDSTREAM GXP-2135 SMB PoE 8 L\u00edneas 4 Teclas de Funci\u00f3n y conferencia de 4 v\u00edas. PoE Venta e Instalacion","robots":{"index":"index","follow":"follow","max-snippet":"max-snippet:-1","max-image-preview":"max-image-preview:large","max-video-preview":"max-video-preview:-1"},"canonical":"https:\/\/www.securitydataandvideo.com\/inicio\/shop\/telefono-ip-grandstream-gxp-2135-smb-poe-8-lineas-4-teclas-de-funcion-y-conferencia-de-4-vias-poe-en-guadalajara-jalisco-mexico\/","og_locale":"es_MX","og_type":"article","og_title":"Tel\u00e9fono IP GRANDSTREAM GXP-2135 Security Data &amp; Video SA de CV.","og_description":"Security Data &amp; Video SA de CV. Tel\u00e9fono IP GRANDSTREAM GXP-2135 SMB PoE 8 L\u00edneas 4 Teclas de Funci\u00f3n y conferencia de 4 v\u00edas. PoE Venta e Instalacion","og_url":"https:\/\/www.securitydataandvideo.com\/inicio\/shop\/telefono-ip-grandstream-gxp-2135-smb-poe-8-lineas-4-teclas-de-funcion-y-conferencia-de-4-vias-poe-en-guadalajara-jalisco-mexico\/","og_site_name":"Security Data &amp; Video SA de CV.","article_modified_time":"2022-07-21T17:40:58+00:00","og_image":[{"width":264,"height":224,"url":"https:\/\/www.securitydataandvideo.com\/inicio\/wp-content\/uploads\/2022\/07\/GXP-2135-GRANDSTREAM.png","type":"image\/png"}],"twitter_card":"summary","twitter_misc":{"Tiempo de lectura":"2 minutos"},"schema":{"@context":"https:\/\/schema.org","@graph":[{"@type":"WebPage","@id":"https:\/\/www.securitydataandvideo.com\/inicio\/shop\/telefono-ip-grandstream-gxp-2135-smb-poe-8-lineas-4-teclas-de-funcion-y-conferencia-de-4-vias-poe-en-guadalajara-jalisco-mexico\/","url":"https:\/\/www.securitydataandvideo.com\/inicio\/shop\/telefono-ip-grandstream-gxp-2135-smb-poe-8-lineas-4-teclas-de-funcion-y-conferencia-de-4-vias-poe-en-guadalajara-jalisco-mexico\/","name":"Tel\u00e9fono IP GRANDSTREAM GXP-2135 Security Data &amp; Video SA de CV.","isPartOf":{"@id":"https:\/\/www.securitydataandvideo.com\/inicio\/#website"},"datePublished":"2022-07-21T17:40:26+00:00","dateModified":"2022-07-21T17:40:58+00:00","description":"Security Data &amp; Video SA de CV. Tel\u00e9fono IP GRANDSTREAM GXP-2135 SMB PoE 8 L\u00edneas 4 Teclas de Funci\u00f3n y conferencia de 4 v\u00edas. PoE Venta e Instalacion","breadcrumb":{"@id":"https:\/\/www.securitydataandvideo.com\/inicio\/shop\/telefono-ip-grandstream-gxp-2135-smb-poe-8-lineas-4-teclas-de-funcion-y-conferencia-de-4-vias-poe-en-guadalajara-jalisco-mexico\/#breadcrumb"},"inLanguage":"es-MX","potentialAction":[{"@type":"ReadAction","target":["https:\/\/www.securitydataandvideo.com\/inicio\/shop\/telefono-ip-grandstream-gxp-2135-smb-poe-8-lineas-4-teclas-de-funcion-y-conferencia-de-4-vias-poe-en-guadalajara-jalisco-mexico\/"]}]},{"@type":"BreadcrumbList","@id":"https:\/\/www.securitydataandvideo.com\/inicio\/shop\/telefono-ip-grandstream-gxp-2135-smb-poe-8-lineas-4-teclas-de-funcion-y-conferencia-de-4-vias-poe-en-guadalajara-jalisco-mexico\/#breadcrumb","itemListElement":[{"@type":"ListItem","position":1,"name":"Inicio","item":"https:\/\/www.securitydataandvideo.com\/inicio\/"},{"@type":"ListItem","position":2,"name":"Shop","item":"https:\/\/www.securitydataandvideo.com\/inicio\/shop\/"},{"@type":"ListItem","position":3,"name":"Tel\u00e9fono IP GRANDSTREAM GXP-2135 SMB PoE 8 L\u00edneas 4 Teclas de Funci\u00f3n y conferencia de 4 v\u00edas. PoE en Guadalajara Jalisco M\u00e9xico."}]},{"@type":"WebSite","@id":"https:\/\/www.securitydataandvideo.com\/inicio\/#website","url":"https:\/\/www.securitydataandvideo.com\/inicio\/","name":"Security Data &amp; Video SA de CV.","description":"Seguridad Electr\u00f3nica y Energ\u00eda","publisher":{"@id":"https:\/\/www.securitydataandvideo.com\/inicio\/#organization"},"potentialAction":[{"@type":"SearchAction","target":{"@type":"EntryPoint","urlTemplate":"https:\/\/www.securitydataandvideo.com\/inicio\/?s={search_term_string}"},"query-input":"required name=search_term_string"}],"inLanguage":"es-MX"},{"@type":"Organization","@id":"https:\/\/www.securitydataandvideo.com\/inicio\/#organization","name":"Security Data & Video SA de CV","url":"https:\/\/www.securitydataandvideo.com\/inicio\/","sameAs":[],"logo":{"@type":"ImageObject","inLanguage":"es-MX","@id":"https:\/\/www.securitydataandvideo.com\/inicio\/#\/schema\/logo\/image\/","url":"https:\/\/www.securitydataandvideo.com\/inicio\/wp-content\/uploads\/2021\/10\/Logo-Azul.png","contentUrl":"https:\/\/www.securitydataandvideo.com\/inicio\/wp-content\/uploads\/2021\/10\/Logo-Azul.png","width":555,"height":375,"caption":"Security Data & Video SA de CV"},"image":{"@id":"https:\/\/www.securitydataandvideo.com\/inicio\/#\/schema\/logo\/image\/"}}]}},"_links":{"self":[{"href":"https:\/\/www.securitydataandvideo.com\/inicio\/wp-json\/wp\/v2\/product\/16115"}],"collection":[{"href":"https:\/\/www.securitydataandvideo.com\/inicio\/wp-json\/wp\/v2\/product"}],"about":[{"href":"https:\/\/www.securitydataandvideo.com\/inicio\/wp-json\/wp\/v2\/types\/product"}],"wp:featuredmedia":[{"embeddable":true,"href":"https:\/\/www.securitydataandvideo.com\/inicio\/wp-json\/wp\/v2\/media\/16149"}],"wp:attachment":[{"href":"https:\/\/www.securitydataandvideo.com\/inicio\/wp-json\/wp\/v2\/media?parent=16115"}],"wp:term":[{"taxonomy":"product_cat","embeddable":true,"href":"https:\/\/www.securitydataandvideo.com\/inicio\/wp-json\/wp\/v2\/product_cat?post=16115"},{"taxonomy":"product_tag","embeddable":true,"href":"https:\/\/www.securitydataandvideo.com\/inicio\/wp-json\/wp\/v2\/product_tag?post=16115"}],"curies":[{"name":"wp","href":"https:\/\/api.w.org\/{rel}","templated":true}]}}