{"id":16117,"date":"2022-07-21T11:40:26","date_gmt":"2022-07-21T17:40:26","guid":{"rendered":"https:\/\/www.securitydataandvideo.com\/inicio\/?post_type=product&#038;p=16117"},"modified":"2022-07-21T11:41:02","modified_gmt":"2022-07-21T17:41:02","slug":"telefono-inalambrico-grandstream-dp-720-dect-para-estacion-base-dp750-para-casa-y-oficina-en-guadalajara-jalisco-mexico","status":"publish","type":"product","link":"https:\/\/www.securitydataandvideo.com\/inicio\/shop\/telefono-inalambrico-grandstream-dp-720-dect-para-estacion-base-dp750-para-casa-y-oficina-en-guadalajara-jalisco-mexico\/","title":{"rendered":"Tel\u00e9fono Inal\u00e1mbrico GRANDSTREAM DP-720 DECT para Estaci\u00f3n Base DP750 Para Casa y Oficina, en Guadalajara Jalisco M\u00e9xico."},"content":{"rendered":"<div class=\"col-sm-8 col-md-8 well-sm\">\n<p id=\"product_title_86818\" class=\"no_margin_top titulo_vista_producto\"><strong>Tel\u00e9fono Inal\u00e1mbrico GRANDSTREAM DP-720 DECT para Estaci\u00f3n Base DP750 Para Casa y Oficina, en Guadalajara Jalisco M\u00e9xico.<\/strong><\/p>\n<\/div>\n<div class=\"hidden-xs col-sm-4 col-md-4\">Especificaciones del TEL\u00c9FONO:<br \/>\n&#8211; Pantalla FSTN LCD retroiluminada de 1,7\u201d de color azul de fondo.<br \/>\n&#8211; Duraci\u00f3n de la bater\u00eda de 20 horas con llamada Activa y 250 horas en espera.Agenda telef\u00f3nica:<br \/>\n200 registros cada uno con hasta 24 d\u00edgitos y hasta 16 caracteres; registro de las ultimas 10 llamadas, registro de 30 llamadas recibidas.Calidad de servicio:<br \/>\nQoS de Capa (802.1Q, 802.1P) y QoS de Capa 3 (ToS, Di Serv, MPLS).Lenguajes:<br \/>\nEspa\u00f1ol, ingl\u00e9s, alem\u00e1n, italiano, franc\u00e9s, portugu\u00e9s, ruso, croata, chino simplificado y tradicional, coreano, japon\u00e9s.Protocolos y normas:<br \/>\nSIP RFC3261, TCP\/IP\/UDP, RTP\/RTCP, HTTP\/HTTPS, ARP\/RARP, ICMP, DNS (A record, SRV, NAPTR), DHCP, PPPoE, SSH, TFTP, NTP, STUN, SIMPLE, LLDP-MED, LDAP, TR- 069, 802.1x, TLS, SRTP<\/p>\n<p>Conformidad:<br \/>\nFCC Part 15B\/15D; CE: ETSI EN 301 489-1 V1.8.1, ETSI EN 301 489-6 V1.3.1, ETSI EN 301 406-1 V2.1.1, ETSI EN 301 406 V1.5.1, EN60950-1, RoHs, UL (Fuente de Alimentaci\u00f3n).<\/p>\n<p>Caracter\u00edsticas f\u00edsicas y el\u00e9ctricas:<br \/>\n&#8211; Fuente de alimentaci\u00f3n universal; Entrada: 100~240VAC 50-60Hz; Salida: 6VCD, 500mA.<br \/>\n&#8211; Dimensiones: Estaci\u00f3n Base: 75 x 105 x 85 mm; Auricular: 160 x 46 x 22 mm; Cargador: 53 x 75 x 60 mm.<br \/>\n&#8211; Peso: Estaci\u00f3n Base: 95 g; Auricular 104 g; Cargador: 102 g.<br \/>\n&#8211; Temperatura de operaci\u00f3n: 0~40\u00baC.<\/p>\n<p><strong>*1 a\u00f1o de garant\u00eda.<\/strong><\/p>\n<p>Tel\u00e9fono Inal\u00e1mbrico GRANDSTREAM DP-720<\/p>\n<\/div>\n","protected":false},"excerpt":{"rendered":"<div class=\"col-sm-8 col-md-8 well-sm\">\n<p id=\"product_title_86818\" class=\"no_margin_top titulo_vista_producto\">Tel\u00e9fono Inal\u00e1mbrico GRANDSTREAM DP-720 DECT para Estaci\u00f3n Base DP750 Para Casa y Oficina, en Guadalajara Jalisco M\u00e9xico.<\/p>\n<\/div>\n","protected":false},"featured_media":16151,"template":"","meta":{"site-sidebar-layout":"default","site-content-layout":"default","ast-site-content-layout":"","site-content-style":"default","site-sidebar-style":"default","ast-global-header-display":"","ast-banner-title-visibility":"","ast-main-header-display":"","ast-hfb-above-header-display":"","ast-hfb-below-header-display":"","ast-hfb-mobile-header-display":"","site-post-title":"","ast-breadcrumbs-content":"","ast-featured-img":"","footer-sml-layout":"","theme-transparent-header-meta":"default","adv-header-id-meta":"","stick-header-meta":"","header-above-stick-meta":"","header-main-stick-meta":"","header-below-stick-meta":"","astra-migrate-meta-layouts":""},"product_cat":[323],"product_tag":[242],"yoast_head":"<!-- This site is optimized with the Yoast SEO plugin v19.5.1 - https:\/\/yoast.com\/wordpress\/plugins\/seo\/ -->\n<title>Tel\u00e9fono Inal\u00e1mbrico GRANDSTREAM DP-720 Security Data &amp; Video SA de CV.<\/title>\n<meta name=\"description\" content=\"Security Data &amp; Video SA de CV. Tel\u00e9fono Inal\u00e1mbrico GRANDSTREAM DP-720 DECT para Estaci\u00f3n Base DP750 Para Casa y Oficina, en Guadalajara Jalisco M\u00e9xico.\" \/>\n<meta name=\"robots\" content=\"index, follow, max-snippet:-1, max-image-preview:large, max-video-preview:-1\" \/>\n<link rel=\"canonical\" href=\"https:\/\/www.securitydataandvideo.com\/inicio\/shop\/telefono-inalambrico-grandstream-dp-720-dect-para-estacion-base-dp750-para-casa-y-oficina-en-guadalajara-jalisco-mexico\/\" \/>\n<meta property=\"og:locale\" content=\"es_MX\" \/>\n<meta property=\"og:type\" content=\"article\" \/>\n<meta property=\"og:title\" content=\"Tel\u00e9fono Inal\u00e1mbrico GRANDSTREAM DP-720 Security Data &amp; Video SA de CV.\" \/>\n<meta property=\"og:description\" content=\"Security Data &amp; Video SA de CV. Tel\u00e9fono Inal\u00e1mbrico GRANDSTREAM DP-720 DECT para Estaci\u00f3n Base DP750 Para Casa y Oficina, en Guadalajara Jalisco M\u00e9xico.\" \/>\n<meta property=\"og:url\" content=\"https:\/\/www.securitydataandvideo.com\/inicio\/shop\/telefono-inalambrico-grandstream-dp-720-dect-para-estacion-base-dp750-para-casa-y-oficina-en-guadalajara-jalisco-mexico\/\" \/>\n<meta property=\"og:site_name\" content=\"Security Data &amp; Video SA de CV.\" \/>\n<meta property=\"article:modified_time\" content=\"2022-07-21T17:41:02+00:00\" \/>\n<meta property=\"og:image\" content=\"https:\/\/www.securitydataandvideo.com\/inicio\/wp-content\/uploads\/2022\/07\/DP-720.jpg\" \/>\n\t<meta property=\"og:image:width\" content=\"295\" \/>\n\t<meta property=\"og:image:height\" content=\"311\" \/>\n\t<meta property=\"og:image:type\" content=\"image\/jpeg\" \/>\n<meta name=\"twitter:card\" content=\"summary\" \/>\n<meta name=\"twitter:label1\" content=\"Tiempo de lectura\" \/>\n\t<meta name=\"twitter:data1\" content=\"1 minuto\" \/>\n<script type=\"application\/ld+json\" class=\"yoast-schema-graph\">{\"@context\":\"https:\/\/schema.org\",\"@graph\":[{\"@type\":\"WebPage\",\"@id\":\"https:\/\/www.securitydataandvideo.com\/inicio\/shop\/telefono-inalambrico-grandstream-dp-720-dect-para-estacion-base-dp750-para-casa-y-oficina-en-guadalajara-jalisco-mexico\/\",\"url\":\"https:\/\/www.securitydataandvideo.com\/inicio\/shop\/telefono-inalambrico-grandstream-dp-720-dect-para-estacion-base-dp750-para-casa-y-oficina-en-guadalajara-jalisco-mexico\/\",\"name\":\"Tel\u00e9fono Inal\u00e1mbrico GRANDSTREAM DP-720 Security Data &amp; Video SA de CV.\",\"isPartOf\":{\"@id\":\"https:\/\/www.securitydataandvideo.com\/inicio\/#website\"},\"datePublished\":\"2022-07-21T17:40:26+00:00\",\"dateModified\":\"2022-07-21T17:41:02+00:00\",\"description\":\"Security Data &amp; Video SA de CV. Tel\u00e9fono Inal\u00e1mbrico GRANDSTREAM DP-720 DECT para Estaci\u00f3n Base DP750 Para Casa y Oficina, en Guadalajara Jalisco M\u00e9xico.\",\"breadcrumb\":{\"@id\":\"https:\/\/www.securitydataandvideo.com\/inicio\/shop\/telefono-inalambrico-grandstream-dp-720-dect-para-estacion-base-dp750-para-casa-y-oficina-en-guadalajara-jalisco-mexico\/#breadcrumb\"},\"inLanguage\":\"es-MX\",\"potentialAction\":[{\"@type\":\"ReadAction\",\"target\":[\"https:\/\/www.securitydataandvideo.com\/inicio\/shop\/telefono-inalambrico-grandstream-dp-720-dect-para-estacion-base-dp750-para-casa-y-oficina-en-guadalajara-jalisco-mexico\/\"]}]},{\"@type\":\"BreadcrumbList\",\"@id\":\"https:\/\/www.securitydataandvideo.com\/inicio\/shop\/telefono-inalambrico-grandstream-dp-720-dect-para-estacion-base-dp750-para-casa-y-oficina-en-guadalajara-jalisco-mexico\/#breadcrumb\",\"itemListElement\":[{\"@type\":\"ListItem\",\"position\":1,\"name\":\"Inicio\",\"item\":\"https:\/\/www.securitydataandvideo.com\/inicio\/\"},{\"@type\":\"ListItem\",\"position\":2,\"name\":\"Shop\",\"item\":\"https:\/\/www.securitydataandvideo.com\/inicio\/shop\/\"},{\"@type\":\"ListItem\",\"position\":3,\"name\":\"Tel\u00e9fono Inal\u00e1mbrico GRANDSTREAM DP-720 DECT para Estaci\u00f3n Base DP750 Para Casa y Oficina, en Guadalajara Jalisco M\u00e9xico.\"}]},{\"@type\":\"WebSite\",\"@id\":\"https:\/\/www.securitydataandvideo.com\/inicio\/#website\",\"url\":\"https:\/\/www.securitydataandvideo.com\/inicio\/\",\"name\":\"Security Data &amp; Video SA de CV.\",\"description\":\"Seguridad Electr\u00f3nica y Energ\u00eda\",\"publisher\":{\"@id\":\"https:\/\/www.securitydataandvideo.com\/inicio\/#organization\"},\"potentialAction\":[{\"@type\":\"SearchAction\",\"target\":{\"@type\":\"EntryPoint\",\"urlTemplate\":\"https:\/\/www.securitydataandvideo.com\/inicio\/?s={search_term_string}\"},\"query-input\":\"required name=search_term_string\"}],\"inLanguage\":\"es-MX\"},{\"@type\":\"Organization\",\"@id\":\"https:\/\/www.securitydataandvideo.com\/inicio\/#organization\",\"name\":\"Security Data & Video SA de CV\",\"url\":\"https:\/\/www.securitydataandvideo.com\/inicio\/\",\"sameAs\":[],\"logo\":{\"@type\":\"ImageObject\",\"inLanguage\":\"es-MX\",\"@id\":\"https:\/\/www.securitydataandvideo.com\/inicio\/#\/schema\/logo\/image\/\",\"url\":\"https:\/\/www.securitydataandvideo.com\/inicio\/wp-content\/uploads\/2021\/10\/Logo-Azul.png\",\"contentUrl\":\"https:\/\/www.securitydataandvideo.com\/inicio\/wp-content\/uploads\/2021\/10\/Logo-Azul.png\",\"width\":555,\"height\":375,\"caption\":\"Security Data & Video SA de CV\"},\"image\":{\"@id\":\"https:\/\/www.securitydataandvideo.com\/inicio\/#\/schema\/logo\/image\/\"}}]}<\/script>\n<!-- \/ Yoast SEO plugin. -->","yoast_head_json":{"title":"Tel\u00e9fono Inal\u00e1mbrico GRANDSTREAM DP-720 Security Data &amp; Video SA de CV.","description":"Security Data &amp; Video SA de CV. Tel\u00e9fono Inal\u00e1mbrico GRANDSTREAM DP-720 DECT para Estaci\u00f3n Base DP750 Para Casa y Oficina, en Guadalajara Jalisco M\u00e9xico.","robots":{"index":"index","follow":"follow","max-snippet":"max-snippet:-1","max-image-preview":"max-image-preview:large","max-video-preview":"max-video-preview:-1"},"canonical":"https:\/\/www.securitydataandvideo.com\/inicio\/shop\/telefono-inalambrico-grandstream-dp-720-dect-para-estacion-base-dp750-para-casa-y-oficina-en-guadalajara-jalisco-mexico\/","og_locale":"es_MX","og_type":"article","og_title":"Tel\u00e9fono Inal\u00e1mbrico GRANDSTREAM DP-720 Security Data &amp; Video SA de CV.","og_description":"Security Data &amp; Video SA de CV. Tel\u00e9fono Inal\u00e1mbrico GRANDSTREAM DP-720 DECT para Estaci\u00f3n Base DP750 Para Casa y Oficina, en Guadalajara Jalisco M\u00e9xico.","og_url":"https:\/\/www.securitydataandvideo.com\/inicio\/shop\/telefono-inalambrico-grandstream-dp-720-dect-para-estacion-base-dp750-para-casa-y-oficina-en-guadalajara-jalisco-mexico\/","og_site_name":"Security Data &amp; Video SA de CV.","article_modified_time":"2022-07-21T17:41:02+00:00","og_image":[{"width":295,"height":311,"url":"https:\/\/www.securitydataandvideo.com\/inicio\/wp-content\/uploads\/2022\/07\/DP-720.jpg","type":"image\/jpeg"}],"twitter_card":"summary","twitter_misc":{"Tiempo de lectura":"1 minuto"},"schema":{"@context":"https:\/\/schema.org","@graph":[{"@type":"WebPage","@id":"https:\/\/www.securitydataandvideo.com\/inicio\/shop\/telefono-inalambrico-grandstream-dp-720-dect-para-estacion-base-dp750-para-casa-y-oficina-en-guadalajara-jalisco-mexico\/","url":"https:\/\/www.securitydataandvideo.com\/inicio\/shop\/telefono-inalambrico-grandstream-dp-720-dect-para-estacion-base-dp750-para-casa-y-oficina-en-guadalajara-jalisco-mexico\/","name":"Tel\u00e9fono Inal\u00e1mbrico GRANDSTREAM DP-720 Security Data &amp; Video SA de CV.","isPartOf":{"@id":"https:\/\/www.securitydataandvideo.com\/inicio\/#website"},"datePublished":"2022-07-21T17:40:26+00:00","dateModified":"2022-07-21T17:41:02+00:00","description":"Security Data &amp; Video SA de CV. Tel\u00e9fono Inal\u00e1mbrico GRANDSTREAM DP-720 DECT para Estaci\u00f3n Base DP750 Para Casa y Oficina, en Guadalajara Jalisco M\u00e9xico.","breadcrumb":{"@id":"https:\/\/www.securitydataandvideo.com\/inicio\/shop\/telefono-inalambrico-grandstream-dp-720-dect-para-estacion-base-dp750-para-casa-y-oficina-en-guadalajara-jalisco-mexico\/#breadcrumb"},"inLanguage":"es-MX","potentialAction":[{"@type":"ReadAction","target":["https:\/\/www.securitydataandvideo.com\/inicio\/shop\/telefono-inalambrico-grandstream-dp-720-dect-para-estacion-base-dp750-para-casa-y-oficina-en-guadalajara-jalisco-mexico\/"]}]},{"@type":"BreadcrumbList","@id":"https:\/\/www.securitydataandvideo.com\/inicio\/shop\/telefono-inalambrico-grandstream-dp-720-dect-para-estacion-base-dp750-para-casa-y-oficina-en-guadalajara-jalisco-mexico\/#breadcrumb","itemListElement":[{"@type":"ListItem","position":1,"name":"Inicio","item":"https:\/\/www.securitydataandvideo.com\/inicio\/"},{"@type":"ListItem","position":2,"name":"Shop","item":"https:\/\/www.securitydataandvideo.com\/inicio\/shop\/"},{"@type":"ListItem","position":3,"name":"Tel\u00e9fono Inal\u00e1mbrico GRANDSTREAM DP-720 DECT para Estaci\u00f3n Base DP750 Para Casa y Oficina, en Guadalajara Jalisco M\u00e9xico."}]},{"@type":"WebSite","@id":"https:\/\/www.securitydataandvideo.com\/inicio\/#website","url":"https:\/\/www.securitydataandvideo.com\/inicio\/","name":"Security Data &amp; Video SA de CV.","description":"Seguridad Electr\u00f3nica y Energ\u00eda","publisher":{"@id":"https:\/\/www.securitydataandvideo.com\/inicio\/#organization"},"potentialAction":[{"@type":"SearchAction","target":{"@type":"EntryPoint","urlTemplate":"https:\/\/www.securitydataandvideo.com\/inicio\/?s={search_term_string}"},"query-input":"required name=search_term_string"}],"inLanguage":"es-MX"},{"@type":"Organization","@id":"https:\/\/www.securitydataandvideo.com\/inicio\/#organization","name":"Security Data & Video SA de CV","url":"https:\/\/www.securitydataandvideo.com\/inicio\/","sameAs":[],"logo":{"@type":"ImageObject","inLanguage":"es-MX","@id":"https:\/\/www.securitydataandvideo.com\/inicio\/#\/schema\/logo\/image\/","url":"https:\/\/www.securitydataandvideo.com\/inicio\/wp-content\/uploads\/2021\/10\/Logo-Azul.png","contentUrl":"https:\/\/www.securitydataandvideo.com\/inicio\/wp-content\/uploads\/2021\/10\/Logo-Azul.png","width":555,"height":375,"caption":"Security Data & Video SA de CV"},"image":{"@id":"https:\/\/www.securitydataandvideo.com\/inicio\/#\/schema\/logo\/image\/"}}]}},"_links":{"self":[{"href":"https:\/\/www.securitydataandvideo.com\/inicio\/wp-json\/wp\/v2\/product\/16117"}],"collection":[{"href":"https:\/\/www.securitydataandvideo.com\/inicio\/wp-json\/wp\/v2\/product"}],"about":[{"href":"https:\/\/www.securitydataandvideo.com\/inicio\/wp-json\/wp\/v2\/types\/product"}],"wp:featuredmedia":[{"embeddable":true,"href":"https:\/\/www.securitydataandvideo.com\/inicio\/wp-json\/wp\/v2\/media\/16151"}],"wp:attachment":[{"href":"https:\/\/www.securitydataandvideo.com\/inicio\/wp-json\/wp\/v2\/media?parent=16117"}],"wp:term":[{"taxonomy":"product_cat","embeddable":true,"href":"https:\/\/www.securitydataandvideo.com\/inicio\/wp-json\/wp\/v2\/product_cat?post=16117"},{"taxonomy":"product_tag","embeddable":true,"href":"https:\/\/www.securitydataandvideo.com\/inicio\/wp-json\/wp\/v2\/product_tag?post=16117"}],"curies":[{"name":"wp","href":"https:\/\/api.w.org\/{rel}","templated":true}]}}