{"id":16118,"date":"2022-07-21T11:40:26","date_gmt":"2022-07-21T17:40:26","guid":{"rendered":"https:\/\/www.securitydataandvideo.com\/inicio\/?post_type=product&#038;p=16118"},"modified":"2022-07-21T11:41:03","modified_gmt":"2022-07-21T17:41:03","slug":"pro-cat-5-ext-linkedpro-bobina-de-cable-de-305-m-cat5e-ftp-blindado-color-negro-ul-para-aplicaciones-en-cctv-redes-de-datos-uso-en-intemperie-en-guadalajara-jalisco-mexico","status":"publish","type":"product","link":"https:\/\/www.securitydataandvideo.com\/inicio\/shop\/pro-cat-5-ext-linkedpro-bobina-de-cable-de-305-m-cat5e-ftp-blindado-color-negro-ul-para-aplicaciones-en-cctv-redes-de-datos-uso-en-intemperie-en-guadalajara-jalisco-mexico\/","title":{"rendered":"PRO-CAT-5-EXT LINKEDPRO Bobina de cable de 305 m, Cat5e , FTP, blindado, color negro, UL, para aplicaciones en CCTV, redes de datos. Uso en Intemperie en Guadalajara Jalisco M\u00e9xico."},"content":{"rendered":"<div class=\"col-sm-8 col-md-8 well-sm\">\n<p id=\"product_title_65736\" class=\"no_margin_top titulo_vista_producto\"><strong>PRO-CAT-5-EXT LINKEDPRO Bobina de cable de 305 m, Cat5e , FTP, blindado, color negro, UL, para aplicaciones en CCTV, redes de datos. Uso en Intemperie en Guadalajara Jalisco M\u00e9xico.<\/strong><\/p>\n<\/div>\n<div class=\"hidden-xs col-sm-4 col-md-4\">\n<p><strong>Caracteristicas :<\/strong><\/p>\n<ul>\n<li>CCTV IP Megapixel \/ Instalaciones de video an\u00e1logo \/ Redes locales de alta velocidad<\/li>\n<li>Redes inal\u00e1mbricas<\/li>\n<li>Para aplicaciones de alta velocidad de datos, Fast Ethernet y Gigabit Ethernet.<\/li>\n<li>Instalaciones Gigabit de voz\/datos.<\/li>\n<li>Envio de PoE en largas distancias.<\/li>\n<li>Conductores de puro cobre.<\/li>\n<li>Para instalaciones en exterior (CMX) y protecci\u00f3n UV.<\/li>\n<li>Cable tierra BC.<\/li>\n<li>Aislamiento PVC.<\/li>\n<li>Dise\u00f1ado para: Aplicaciones de datos de alta velocidad, Fast Ethernet y Gigabit Ethernet.<\/li>\n<li>Conductor: 100% Cobre<\/li>\n<li><strong>Color Exterior: Negro.<\/strong><\/li>\n<li>Calibre: 24.<\/li>\n<li>Aprobaciones: UL ( E488955 ), CMX, ANSI\/TIA, ISO\/IEC, CENELEC EN.RoSH<\/li>\n<li>Con blindaje: (Poli\u00e9ster Aluminizado) Mayor protecci\u00f3n contra interferencias El\u00e9ctricas, contra Propagaci\u00f3n a la flama.<\/li>\n<li>Di\u00e1metro: 6.2\u00a0mm.<\/li>\n<li><strong>Aplicaci\u00f3n : Intemperie.<\/strong><\/li>\n<li>Frecuencia: 350 MHz.<\/li>\n<\/ul>\n<p><strong>*\u00a8Precio por carrete de 305 mts.<\/strong><\/p>\n<\/div>\n","protected":false},"excerpt":{"rendered":"<div class=\"col-sm-8 col-md-8 well-sm\">\n<p id=\"product_title_65736\" class=\"no_margin_top titulo_vista_producto\"><strong>PRO-CAT-5-EXT LINKEDPRO Bobina de cable de 305 m, Cat5e , FTP, blindado, color negro, UL, para aplicaciones en CCTV, redes de datos. Uso en Intemperie en Guadalajara Jalisco M\u00e9xico.<\/strong><\/p>\n<\/div>\n<div class=\"hidden-xs col-sm-4 col-md-4\"><\/div>\n","protected":false},"featured_media":16152,"template":"","meta":{"site-sidebar-layout":"","site-content-layout":"","ast-site-content-layout":"","site-content-style":"default","site-sidebar-style":"default","ast-global-header-display":"","ast-banner-title-visibility":"","ast-main-header-display":"","ast-hfb-above-header-display":"","ast-hfb-below-header-display":"","ast-hfb-mobile-header-display":"","site-post-title":"","ast-breadcrumbs-content":"","ast-featured-img":"","footer-sml-layout":"","theme-transparent-header-meta":"","adv-header-id-meta":"","stick-header-meta":"","header-above-stick-meta":"","header-main-stick-meta":"","header-below-stick-meta":"","astra-migrate-meta-layouts":""},"product_cat":[324],"product_tag":[144],"yoast_head":"<!-- This site is optimized with the Yoast SEO plugin v19.5.1 - https:\/\/yoast.com\/wordpress\/plugins\/seo\/ -->\n<title>PRO-CAT-5-EXT LINKEDPRO Bobina de cable de 305 m<\/title>\n<meta name=\"description\" content=\"Security Data &amp; Video SA de CV. PRO-CAT-5-EXT LINKEDPRO Bobina de cable de 305 m, Cat5e , FTP, blindado, color negro, UL, para aplicaciones en CCTV, redes de datos. Uso en Intemperie en Guadalajara Jalisco M\u00e9xico.\" \/>\n<meta name=\"robots\" content=\"index, follow, max-snippet:-1, max-image-preview:large, max-video-preview:-1\" \/>\n<link rel=\"canonical\" href=\"https:\/\/www.securitydataandvideo.com\/inicio\/shop\/pro-cat-5-ext-linkedpro-bobina-de-cable-de-305-m-cat5e-ftp-blindado-color-negro-ul-para-aplicaciones-en-cctv-redes-de-datos-uso-en-intemperie-en-guadalajara-jalisco-mexico\/\" \/>\n<meta property=\"og:locale\" content=\"es_MX\" \/>\n<meta property=\"og:type\" content=\"article\" \/>\n<meta property=\"og:title\" content=\"PRO-CAT-5-EXT LINKEDPRO Bobina de cable de 305 m\" \/>\n<meta property=\"og:description\" content=\"Security Data &amp; Video SA de CV. PRO-CAT-5-EXT LINKEDPRO Bobina de cable de 305 m, Cat5e , FTP, blindado, color negro, UL, para aplicaciones en CCTV, redes de datos. Uso en Intemperie en Guadalajara Jalisco M\u00e9xico.\" \/>\n<meta property=\"og:url\" content=\"https:\/\/www.securitydataandvideo.com\/inicio\/shop\/pro-cat-5-ext-linkedpro-bobina-de-cable-de-305-m-cat5e-ftp-blindado-color-negro-ul-para-aplicaciones-en-cctv-redes-de-datos-uso-en-intemperie-en-guadalajara-jalisco-mexico\/\" \/>\n<meta property=\"og:site_name\" content=\"Security Data &amp; Video SA de CV.\" \/>\n<meta property=\"article:modified_time\" content=\"2022-07-21T17:41:03+00:00\" \/>\n<meta property=\"og:image\" content=\"https:\/\/www.securitydataandvideo.com\/inicio\/wp-content\/uploads\/2022\/07\/PRO-CAT-5-EXT-LINKEDPRO.png\" \/>\n\t<meta property=\"og:image:width\" content=\"228\" \/>\n\t<meta property=\"og:image:height\" content=\"265\" \/>\n\t<meta property=\"og:image:type\" content=\"image\/png\" \/>\n<meta name=\"twitter:card\" content=\"summary\" \/>\n<meta name=\"twitter:label1\" content=\"Tiempo de lectura\" \/>\n\t<meta name=\"twitter:data1\" content=\"1 minuto\" \/>\n<script type=\"application\/ld+json\" class=\"yoast-schema-graph\">{\"@context\":\"https:\/\/schema.org\",\"@graph\":[{\"@type\":\"WebPage\",\"@id\":\"https:\/\/www.securitydataandvideo.com\/inicio\/shop\/pro-cat-5-ext-linkedpro-bobina-de-cable-de-305-m-cat5e-ftp-blindado-color-negro-ul-para-aplicaciones-en-cctv-redes-de-datos-uso-en-intemperie-en-guadalajara-jalisco-mexico\/\",\"url\":\"https:\/\/www.securitydataandvideo.com\/inicio\/shop\/pro-cat-5-ext-linkedpro-bobina-de-cable-de-305-m-cat5e-ftp-blindado-color-negro-ul-para-aplicaciones-en-cctv-redes-de-datos-uso-en-intemperie-en-guadalajara-jalisco-mexico\/\",\"name\":\"PRO-CAT-5-EXT LINKEDPRO Bobina de cable de 305 m\",\"isPartOf\":{\"@id\":\"https:\/\/www.securitydataandvideo.com\/inicio\/#website\"},\"datePublished\":\"2022-07-21T17:40:26+00:00\",\"dateModified\":\"2022-07-21T17:41:03+00:00\",\"description\":\"Security Data &amp; Video SA de CV. PRO-CAT-5-EXT LINKEDPRO Bobina de cable de 305 m, Cat5e , FTP, blindado, color negro, UL, para aplicaciones en CCTV, redes de datos. Uso en Intemperie en Guadalajara Jalisco M\u00e9xico.\",\"breadcrumb\":{\"@id\":\"https:\/\/www.securitydataandvideo.com\/inicio\/shop\/pro-cat-5-ext-linkedpro-bobina-de-cable-de-305-m-cat5e-ftp-blindado-color-negro-ul-para-aplicaciones-en-cctv-redes-de-datos-uso-en-intemperie-en-guadalajara-jalisco-mexico\/#breadcrumb\"},\"inLanguage\":\"es-MX\",\"potentialAction\":[{\"@type\":\"ReadAction\",\"target\":[\"https:\/\/www.securitydataandvideo.com\/inicio\/shop\/pro-cat-5-ext-linkedpro-bobina-de-cable-de-305-m-cat5e-ftp-blindado-color-negro-ul-para-aplicaciones-en-cctv-redes-de-datos-uso-en-intemperie-en-guadalajara-jalisco-mexico\/\"]}]},{\"@type\":\"BreadcrumbList\",\"@id\":\"https:\/\/www.securitydataandvideo.com\/inicio\/shop\/pro-cat-5-ext-linkedpro-bobina-de-cable-de-305-m-cat5e-ftp-blindado-color-negro-ul-para-aplicaciones-en-cctv-redes-de-datos-uso-en-intemperie-en-guadalajara-jalisco-mexico\/#breadcrumb\",\"itemListElement\":[{\"@type\":\"ListItem\",\"position\":1,\"name\":\"Inicio\",\"item\":\"https:\/\/www.securitydataandvideo.com\/inicio\/\"},{\"@type\":\"ListItem\",\"position\":2,\"name\":\"Shop\",\"item\":\"https:\/\/www.securitydataandvideo.com\/inicio\/shop\/\"},{\"@type\":\"ListItem\",\"position\":3,\"name\":\"PRO-CAT-5-EXT LINKEDPRO Bobina de cable de 305 m, Cat5e , FTP, blindado, color negro, UL, para aplicaciones en CCTV, redes de datos. Uso en Intemperie en Guadalajara Jalisco M\u00e9xico.\"}]},{\"@type\":\"WebSite\",\"@id\":\"https:\/\/www.securitydataandvideo.com\/inicio\/#website\",\"url\":\"https:\/\/www.securitydataandvideo.com\/inicio\/\",\"name\":\"Security Data &amp; Video SA de CV.\",\"description\":\"Seguridad Electr\u00f3nica y Energ\u00eda\",\"publisher\":{\"@id\":\"https:\/\/www.securitydataandvideo.com\/inicio\/#organization\"},\"potentialAction\":[{\"@type\":\"SearchAction\",\"target\":{\"@type\":\"EntryPoint\",\"urlTemplate\":\"https:\/\/www.securitydataandvideo.com\/inicio\/?s={search_term_string}\"},\"query-input\":\"required name=search_term_string\"}],\"inLanguage\":\"es-MX\"},{\"@type\":\"Organization\",\"@id\":\"https:\/\/www.securitydataandvideo.com\/inicio\/#organization\",\"name\":\"Security Data & Video SA de CV\",\"url\":\"https:\/\/www.securitydataandvideo.com\/inicio\/\",\"sameAs\":[],\"logo\":{\"@type\":\"ImageObject\",\"inLanguage\":\"es-MX\",\"@id\":\"https:\/\/www.securitydataandvideo.com\/inicio\/#\/schema\/logo\/image\/\",\"url\":\"https:\/\/www.securitydataandvideo.com\/inicio\/wp-content\/uploads\/2021\/10\/Logo-Azul.png\",\"contentUrl\":\"https:\/\/www.securitydataandvideo.com\/inicio\/wp-content\/uploads\/2021\/10\/Logo-Azul.png\",\"width\":555,\"height\":375,\"caption\":\"Security Data & Video SA de CV\"},\"image\":{\"@id\":\"https:\/\/www.securitydataandvideo.com\/inicio\/#\/schema\/logo\/image\/\"}}]}<\/script>\n<!-- \/ Yoast SEO plugin. -->","yoast_head_json":{"title":"PRO-CAT-5-EXT LINKEDPRO Bobina de cable de 305 m","description":"Security Data &amp; Video SA de CV. PRO-CAT-5-EXT LINKEDPRO Bobina de cable de 305 m, Cat5e , FTP, blindado, color negro, UL, para aplicaciones en CCTV, redes de datos. Uso en Intemperie en Guadalajara Jalisco M\u00e9xico.","robots":{"index":"index","follow":"follow","max-snippet":"max-snippet:-1","max-image-preview":"max-image-preview:large","max-video-preview":"max-video-preview:-1"},"canonical":"https:\/\/www.securitydataandvideo.com\/inicio\/shop\/pro-cat-5-ext-linkedpro-bobina-de-cable-de-305-m-cat5e-ftp-blindado-color-negro-ul-para-aplicaciones-en-cctv-redes-de-datos-uso-en-intemperie-en-guadalajara-jalisco-mexico\/","og_locale":"es_MX","og_type":"article","og_title":"PRO-CAT-5-EXT LINKEDPRO Bobina de cable de 305 m","og_description":"Security Data &amp; Video SA de CV. PRO-CAT-5-EXT LINKEDPRO Bobina de cable de 305 m, Cat5e , FTP, blindado, color negro, UL, para aplicaciones en CCTV, redes de datos. Uso en Intemperie en Guadalajara Jalisco M\u00e9xico.","og_url":"https:\/\/www.securitydataandvideo.com\/inicio\/shop\/pro-cat-5-ext-linkedpro-bobina-de-cable-de-305-m-cat5e-ftp-blindado-color-negro-ul-para-aplicaciones-en-cctv-redes-de-datos-uso-en-intemperie-en-guadalajara-jalisco-mexico\/","og_site_name":"Security Data &amp; Video SA de CV.","article_modified_time":"2022-07-21T17:41:03+00:00","og_image":[{"width":228,"height":265,"url":"https:\/\/www.securitydataandvideo.com\/inicio\/wp-content\/uploads\/2022\/07\/PRO-CAT-5-EXT-LINKEDPRO.png","type":"image\/png"}],"twitter_card":"summary","twitter_misc":{"Tiempo de lectura":"1 minuto"},"schema":{"@context":"https:\/\/schema.org","@graph":[{"@type":"WebPage","@id":"https:\/\/www.securitydataandvideo.com\/inicio\/shop\/pro-cat-5-ext-linkedpro-bobina-de-cable-de-305-m-cat5e-ftp-blindado-color-negro-ul-para-aplicaciones-en-cctv-redes-de-datos-uso-en-intemperie-en-guadalajara-jalisco-mexico\/","url":"https:\/\/www.securitydataandvideo.com\/inicio\/shop\/pro-cat-5-ext-linkedpro-bobina-de-cable-de-305-m-cat5e-ftp-blindado-color-negro-ul-para-aplicaciones-en-cctv-redes-de-datos-uso-en-intemperie-en-guadalajara-jalisco-mexico\/","name":"PRO-CAT-5-EXT LINKEDPRO Bobina de cable de 305 m","isPartOf":{"@id":"https:\/\/www.securitydataandvideo.com\/inicio\/#website"},"datePublished":"2022-07-21T17:40:26+00:00","dateModified":"2022-07-21T17:41:03+00:00","description":"Security Data &amp; Video SA de CV. PRO-CAT-5-EXT LINKEDPRO Bobina de cable de 305 m, Cat5e , FTP, blindado, color negro, UL, para aplicaciones en CCTV, redes de datos. Uso en Intemperie en Guadalajara Jalisco M\u00e9xico.","breadcrumb":{"@id":"https:\/\/www.securitydataandvideo.com\/inicio\/shop\/pro-cat-5-ext-linkedpro-bobina-de-cable-de-305-m-cat5e-ftp-blindado-color-negro-ul-para-aplicaciones-en-cctv-redes-de-datos-uso-en-intemperie-en-guadalajara-jalisco-mexico\/#breadcrumb"},"inLanguage":"es-MX","potentialAction":[{"@type":"ReadAction","target":["https:\/\/www.securitydataandvideo.com\/inicio\/shop\/pro-cat-5-ext-linkedpro-bobina-de-cable-de-305-m-cat5e-ftp-blindado-color-negro-ul-para-aplicaciones-en-cctv-redes-de-datos-uso-en-intemperie-en-guadalajara-jalisco-mexico\/"]}]},{"@type":"BreadcrumbList","@id":"https:\/\/www.securitydataandvideo.com\/inicio\/shop\/pro-cat-5-ext-linkedpro-bobina-de-cable-de-305-m-cat5e-ftp-blindado-color-negro-ul-para-aplicaciones-en-cctv-redes-de-datos-uso-en-intemperie-en-guadalajara-jalisco-mexico\/#breadcrumb","itemListElement":[{"@type":"ListItem","position":1,"name":"Inicio","item":"https:\/\/www.securitydataandvideo.com\/inicio\/"},{"@type":"ListItem","position":2,"name":"Shop","item":"https:\/\/www.securitydataandvideo.com\/inicio\/shop\/"},{"@type":"ListItem","position":3,"name":"PRO-CAT-5-EXT LINKEDPRO Bobina de cable de 305 m, Cat5e , FTP, blindado, color negro, UL, para aplicaciones en CCTV, redes de datos. Uso en Intemperie en Guadalajara Jalisco M\u00e9xico."}]},{"@type":"WebSite","@id":"https:\/\/www.securitydataandvideo.com\/inicio\/#website","url":"https:\/\/www.securitydataandvideo.com\/inicio\/","name":"Security Data &amp; Video SA de CV.","description":"Seguridad Electr\u00f3nica y Energ\u00eda","publisher":{"@id":"https:\/\/www.securitydataandvideo.com\/inicio\/#organization"},"potentialAction":[{"@type":"SearchAction","target":{"@type":"EntryPoint","urlTemplate":"https:\/\/www.securitydataandvideo.com\/inicio\/?s={search_term_string}"},"query-input":"required name=search_term_string"}],"inLanguage":"es-MX"},{"@type":"Organization","@id":"https:\/\/www.securitydataandvideo.com\/inicio\/#organization","name":"Security Data & Video SA de CV","url":"https:\/\/www.securitydataandvideo.com\/inicio\/","sameAs":[],"logo":{"@type":"ImageObject","inLanguage":"es-MX","@id":"https:\/\/www.securitydataandvideo.com\/inicio\/#\/schema\/logo\/image\/","url":"https:\/\/www.securitydataandvideo.com\/inicio\/wp-content\/uploads\/2021\/10\/Logo-Azul.png","contentUrl":"https:\/\/www.securitydataandvideo.com\/inicio\/wp-content\/uploads\/2021\/10\/Logo-Azul.png","width":555,"height":375,"caption":"Security Data & Video SA de CV"},"image":{"@id":"https:\/\/www.securitydataandvideo.com\/inicio\/#\/schema\/logo\/image\/"}}]}},"_links":{"self":[{"href":"https:\/\/www.securitydataandvideo.com\/inicio\/wp-json\/wp\/v2\/product\/16118"}],"collection":[{"href":"https:\/\/www.securitydataandvideo.com\/inicio\/wp-json\/wp\/v2\/product"}],"about":[{"href":"https:\/\/www.securitydataandvideo.com\/inicio\/wp-json\/wp\/v2\/types\/product"}],"wp:featuredmedia":[{"embeddable":true,"href":"https:\/\/www.securitydataandvideo.com\/inicio\/wp-json\/wp\/v2\/media\/16152"}],"wp:attachment":[{"href":"https:\/\/www.securitydataandvideo.com\/inicio\/wp-json\/wp\/v2\/media?parent=16118"}],"wp:term":[{"taxonomy":"product_cat","embeddable":true,"href":"https:\/\/www.securitydataandvideo.com\/inicio\/wp-json\/wp\/v2\/product_cat?post=16118"},{"taxonomy":"product_tag","embeddable":true,"href":"https:\/\/www.securitydataandvideo.com\/inicio\/wp-json\/wp\/v2\/product_tag?post=16118"}],"curies":[{"name":"wp","href":"https:\/\/api.w.org\/{rel}","templated":true}]}}