{"id":16144,"date":"2022-07-21T11:40:54","date_gmt":"2022-07-21T17:40:54","guid":{"rendered":"https:\/\/www.securitydataandvideo.com\/inicio\/?post_type=product&#038;p=16144"},"modified":"2022-07-21T11:41:14","modified_gmt":"2022-07-21T17:41:14","slug":"zkteco-p160-reloj-checador-terminal-biometrica-de-palma-y-huella-digital-para-gestion-de-asistencia-y-control-de-acceso","status":"publish","type":"product","link":"https:\/\/www.securitydataandvideo.com\/inicio\/shop\/zkteco-p160-reloj-checador-terminal-biometrica-de-palma-y-huella-digital-para-gestion-de-asistencia-y-control-de-acceso\/","title":{"rendered":"ZKTECO P160 Reloj checador Terminal Biom\u00e9trica de Palma y Huella Digital para Gesti\u00f3n de Asistencia y Control de Acceso"},"content":{"rendered":"<p>ZKTECO P160 Reloj checador Terminal Biom\u00e9trica de Palma y Huella Digital para Gesti\u00f3n de Asistencia y Control de Acceso<\/p>\n<p>P160 es una terminal multi-biom\u00e9trica para aplicaciones de Tiempo y Asistencia con funciones de Control de Acceso ya que puede ser conectada con cerraduras el\u00e9ctricas, sensores de puertas y botones de salidas.<\/p>\n<p>Cuenta con el m\u00e1s reciente algoritmo de reconocimiento de palma y huella digital que con su optimizada tecnolog\u00eda puede almacenar hasta 600 plantillas de palma y hasta 3,000 de huella digital.<\/p>\n<p>Comunicaci\u00f3n v\u00eda TCP\/IP, USB-Host y Wi-Fi (opcional), para garantizar una \u00f3ptima conexi\u00f3n y transferencia de datos. Adem\u00e1s de poseer gran velocidad de veri\ufb01caci\u00f3n y una interfaz amigable con el usuario, su atractivo dise\u00f1o es ideal para su instalaci\u00f3n en o\ufb01cinas.<\/p>\n<p>&nbsp;<\/p>\n<h6>Especificaciones<\/h6>\n<table class=\"table table-striped\">\n<tbody>\n<tr class=\"secondbg\">\n<td>Pantalla<\/td>\n<td>T\u00e1ctil 2.8 pulgadas<\/td>\n<\/tr>\n<tr class=\"firstbg\">\n<td>Capacidad de Palmas<\/td>\n<td>600<\/td>\n<\/tr>\n<tr class=\"secondbg\">\n<td>Capacidad de Huellas<\/td>\n<td>3,000<\/td>\n<\/tr>\n<tr class=\"firstbg\">\n<td>Capacidad de Tarjetas<\/td>\n<td>10,000<\/td>\n<\/tr>\n<tr class=\"secondbg\">\n<td>Capacidad de Eventos<\/td>\n<td>100.000<\/td>\n<\/tr>\n<tr class=\"firstbg\">\n<td>Comunicaci\u00f3n<\/td>\n<td>TCP\/IP, USB-Host, Wi-Fi (opcional)<\/td>\n<\/tr>\n<tr class=\"secondbg\">\n<td>Funciones Est\u00e1ndar<\/td>\n<td>Cambio Autom\u00e1tico de Estado, B\u00fasqueda Self-Service, C\u00f3digo de Trabajo, Entrada T9, 9 D\u00edgitos de Usuario, Horario de Verano, Timbre Programado, SMS, Impresora. M\u00f3dulo de Control de Acceso 1: Bot\u00f3n de Salida, Cerradura El\u00e9ctrica, Alarma, Salida 12V, Entrada Auxiliar.<\/td>\n<\/tr>\n<tr class=\"firstbg\">\n<td>Funciones Opcionales<\/td>\n<td>Tarjeta ID, MIFARE, PoE, 3G, Bater\u00eda, ADMS. M\u00f3dulo de Control de Acceso 2: Bot\u00f3n de Salida, Cerradura El\u00e9ctrica, Alarma, Salida 12V, Entrada Auxiliar, Sensor de Puerta, RS485, Salida \/ Entrada Wiegand.<\/td>\n<\/tr>\n<tr class=\"secondbg\">\n<td>Fuente de Alimentaci\u00f3n<\/td>\n<td>12V 1.5A\u00a0 (No Incluida)<\/td>\n<\/tr>\n<tr class=\"firstbg\">\n<td>Velocidad de Veri\ufb01caci\u00f3n<\/td>\n<td>\u22641 seg<\/td>\n<\/tr>\n<tr class=\"secondbg\">\n<td>Temperatura de Operaci\u00f3n<\/td>\n<td>0\u00b0c a 45\u00b0c<\/td>\n<\/tr>\n<tr class=\"firstbg\">\n<td>Humedad de Operaci\u00f3n<\/td>\n<td>20% &#8211; 80%<\/td>\n<\/tr>\n<tr class=\"secondbg\">\n<td>Dimensiones<\/td>\n<td>179.95 x 134.94 x 38.5 mm<\/td>\n<\/tr>\n<\/tbody>\n<\/table>\n<p>ZKTECO P160 Reloj checador Terminal Biom\u00e9trica de Palma y Huella Digital para Gesti\u00f3n de Asistencia y Control de Acceso<\/p>\n","protected":false},"excerpt":{"rendered":"<p class=\"product-name\">ZKTECO P160 Terminal Biom\u00e9trica de Palma y Huella Digital para Gesti\u00f3n de Asistencia y Control de Acceso<\/p>\n","protected":false},"featured_media":16159,"template":"","meta":{"site-sidebar-layout":"default","site-content-layout":"default","ast-site-content-layout":"","site-content-style":"default","site-sidebar-style":"default","ast-global-header-display":"","ast-banner-title-visibility":"","ast-main-header-display":"","ast-hfb-above-header-display":"","ast-hfb-below-header-display":"","ast-hfb-mobile-header-display":"","site-post-title":"","ast-breadcrumbs-content":"","ast-featured-img":"","footer-sml-layout":"","theme-transparent-header-meta":"default","adv-header-id-meta":"","stick-header-meta":"","header-above-stick-meta":"","header-main-stick-meta":"","header-below-stick-meta":"","astra-migrate-meta-layouts":""},"product_cat":[313],"product_tag":[131],"yoast_head":"<!-- This site is optimized with the Yoast SEO plugin v19.5.1 - https:\/\/yoast.com\/wordpress\/plugins\/seo\/ -->\n<title>ZKTECO P160 Reloj checador Terminal Biom\u00e9trica de Palma y Huella Digital<\/title>\n<meta name=\"description\" content=\"Security Data &amp; Video SA de CV. ZKTECO P160 Reloj checador Terminal Biom\u00e9trica de Palma y Huella Digital para Gesti\u00f3n de Asistencia y Control de Acceso\" \/>\n<meta name=\"robots\" content=\"index, follow, max-snippet:-1, max-image-preview:large, max-video-preview:-1\" \/>\n<link rel=\"canonical\" href=\"https:\/\/www.securitydataandvideo.com\/inicio\/shop\/zkteco-p160-reloj-checador-terminal-biometrica-de-palma-y-huella-digital-para-gestion-de-asistencia-y-control-de-acceso\/\" \/>\n<meta property=\"og:locale\" content=\"es_MX\" \/>\n<meta property=\"og:type\" content=\"article\" \/>\n<meta property=\"og:title\" content=\"ZKTECO P160 Reloj checador Terminal Biom\u00e9trica de Palma y Huella Digital\" \/>\n<meta property=\"og:description\" content=\"Security Data &amp; Video SA de CV. ZKTECO P160 Reloj checador Terminal Biom\u00e9trica de Palma y Huella Digital para Gesti\u00f3n de Asistencia y Control de Acceso\" \/>\n<meta property=\"og:url\" content=\"https:\/\/www.securitydataandvideo.com\/inicio\/shop\/zkteco-p160-reloj-checador-terminal-biometrica-de-palma-y-huella-digital-para-gestion-de-asistencia-y-control-de-acceso\/\" \/>\n<meta property=\"og:site_name\" content=\"Security Data &amp; Video SA de CV.\" \/>\n<meta property=\"article:modified_time\" content=\"2022-07-21T17:41:14+00:00\" \/>\n<meta property=\"og:image\" content=\"https:\/\/www.securitydataandvideo.com\/inicio\/wp-content\/uploads\/2022\/07\/ZKTECO-P160.png\" \/>\n\t<meta property=\"og:image:width\" content=\"457\" \/>\n\t<meta property=\"og:image:height\" content=\"439\" \/>\n\t<meta property=\"og:image:type\" content=\"image\/png\" \/>\n<meta name=\"twitter:card\" content=\"summary\" \/>\n<meta name=\"twitter:label1\" content=\"Tiempo de lectura\" \/>\n\t<meta name=\"twitter:data1\" content=\"2 minutos\" \/>\n<script type=\"application\/ld+json\" class=\"yoast-schema-graph\">{\"@context\":\"https:\/\/schema.org\",\"@graph\":[{\"@type\":\"WebPage\",\"@id\":\"https:\/\/www.securitydataandvideo.com\/inicio\/shop\/zkteco-p160-reloj-checador-terminal-biometrica-de-palma-y-huella-digital-para-gestion-de-asistencia-y-control-de-acceso\/\",\"url\":\"https:\/\/www.securitydataandvideo.com\/inicio\/shop\/zkteco-p160-reloj-checador-terminal-biometrica-de-palma-y-huella-digital-para-gestion-de-asistencia-y-control-de-acceso\/\",\"name\":\"ZKTECO P160 Reloj checador Terminal Biom\u00e9trica de Palma y Huella Digital\",\"isPartOf\":{\"@id\":\"https:\/\/www.securitydataandvideo.com\/inicio\/#website\"},\"datePublished\":\"2022-07-21T17:40:54+00:00\",\"dateModified\":\"2022-07-21T17:41:14+00:00\",\"description\":\"Security Data &amp; Video SA de CV. ZKTECO P160 Reloj checador Terminal Biom\u00e9trica de Palma y Huella Digital para Gesti\u00f3n de Asistencia y Control de Acceso\",\"breadcrumb\":{\"@id\":\"https:\/\/www.securitydataandvideo.com\/inicio\/shop\/zkteco-p160-reloj-checador-terminal-biometrica-de-palma-y-huella-digital-para-gestion-de-asistencia-y-control-de-acceso\/#breadcrumb\"},\"inLanguage\":\"es-MX\",\"potentialAction\":[{\"@type\":\"ReadAction\",\"target\":[\"https:\/\/www.securitydataandvideo.com\/inicio\/shop\/zkteco-p160-reloj-checador-terminal-biometrica-de-palma-y-huella-digital-para-gestion-de-asistencia-y-control-de-acceso\/\"]}]},{\"@type\":\"BreadcrumbList\",\"@id\":\"https:\/\/www.securitydataandvideo.com\/inicio\/shop\/zkteco-p160-reloj-checador-terminal-biometrica-de-palma-y-huella-digital-para-gestion-de-asistencia-y-control-de-acceso\/#breadcrumb\",\"itemListElement\":[{\"@type\":\"ListItem\",\"position\":1,\"name\":\"Inicio\",\"item\":\"https:\/\/www.securitydataandvideo.com\/inicio\/\"},{\"@type\":\"ListItem\",\"position\":2,\"name\":\"Shop\",\"item\":\"https:\/\/www.securitydataandvideo.com\/inicio\/shop\/\"},{\"@type\":\"ListItem\",\"position\":3,\"name\":\"ZKTECO P160 Reloj checador Terminal Biom\u00e9trica de Palma y Huella Digital para Gesti\u00f3n de Asistencia y Control de Acceso\"}]},{\"@type\":\"WebSite\",\"@id\":\"https:\/\/www.securitydataandvideo.com\/inicio\/#website\",\"url\":\"https:\/\/www.securitydataandvideo.com\/inicio\/\",\"name\":\"Security Data &amp; Video SA de CV.\",\"description\":\"Seguridad Electr\u00f3nica y Energ\u00eda\",\"publisher\":{\"@id\":\"https:\/\/www.securitydataandvideo.com\/inicio\/#organization\"},\"potentialAction\":[{\"@type\":\"SearchAction\",\"target\":{\"@type\":\"EntryPoint\",\"urlTemplate\":\"https:\/\/www.securitydataandvideo.com\/inicio\/?s={search_term_string}\"},\"query-input\":\"required name=search_term_string\"}],\"inLanguage\":\"es-MX\"},{\"@type\":\"Organization\",\"@id\":\"https:\/\/www.securitydataandvideo.com\/inicio\/#organization\",\"name\":\"Security Data & Video SA de CV\",\"url\":\"https:\/\/www.securitydataandvideo.com\/inicio\/\",\"sameAs\":[],\"logo\":{\"@type\":\"ImageObject\",\"inLanguage\":\"es-MX\",\"@id\":\"https:\/\/www.securitydataandvideo.com\/inicio\/#\/schema\/logo\/image\/\",\"url\":\"https:\/\/www.securitydataandvideo.com\/inicio\/wp-content\/uploads\/2021\/10\/Logo-Azul.png\",\"contentUrl\":\"https:\/\/www.securitydataandvideo.com\/inicio\/wp-content\/uploads\/2021\/10\/Logo-Azul.png\",\"width\":555,\"height\":375,\"caption\":\"Security Data & Video SA de CV\"},\"image\":{\"@id\":\"https:\/\/www.securitydataandvideo.com\/inicio\/#\/schema\/logo\/image\/\"}}]}<\/script>\n<!-- \/ Yoast SEO plugin. -->","yoast_head_json":{"title":"ZKTECO P160 Reloj checador Terminal Biom\u00e9trica de Palma y Huella Digital","description":"Security Data &amp; Video SA de CV. ZKTECO P160 Reloj checador Terminal Biom\u00e9trica de Palma y Huella Digital para Gesti\u00f3n de Asistencia y Control de Acceso","robots":{"index":"index","follow":"follow","max-snippet":"max-snippet:-1","max-image-preview":"max-image-preview:large","max-video-preview":"max-video-preview:-1"},"canonical":"https:\/\/www.securitydataandvideo.com\/inicio\/shop\/zkteco-p160-reloj-checador-terminal-biometrica-de-palma-y-huella-digital-para-gestion-de-asistencia-y-control-de-acceso\/","og_locale":"es_MX","og_type":"article","og_title":"ZKTECO P160 Reloj checador Terminal Biom\u00e9trica de Palma y Huella Digital","og_description":"Security Data &amp; Video SA de CV. ZKTECO P160 Reloj checador Terminal Biom\u00e9trica de Palma y Huella Digital para Gesti\u00f3n de Asistencia y Control de Acceso","og_url":"https:\/\/www.securitydataandvideo.com\/inicio\/shop\/zkteco-p160-reloj-checador-terminal-biometrica-de-palma-y-huella-digital-para-gestion-de-asistencia-y-control-de-acceso\/","og_site_name":"Security Data &amp; Video SA de CV.","article_modified_time":"2022-07-21T17:41:14+00:00","og_image":[{"width":457,"height":439,"url":"https:\/\/www.securitydataandvideo.com\/inicio\/wp-content\/uploads\/2022\/07\/ZKTECO-P160.png","type":"image\/png"}],"twitter_card":"summary","twitter_misc":{"Tiempo de lectura":"2 minutos"},"schema":{"@context":"https:\/\/schema.org","@graph":[{"@type":"WebPage","@id":"https:\/\/www.securitydataandvideo.com\/inicio\/shop\/zkteco-p160-reloj-checador-terminal-biometrica-de-palma-y-huella-digital-para-gestion-de-asistencia-y-control-de-acceso\/","url":"https:\/\/www.securitydataandvideo.com\/inicio\/shop\/zkteco-p160-reloj-checador-terminal-biometrica-de-palma-y-huella-digital-para-gestion-de-asistencia-y-control-de-acceso\/","name":"ZKTECO P160 Reloj checador Terminal Biom\u00e9trica de Palma y Huella Digital","isPartOf":{"@id":"https:\/\/www.securitydataandvideo.com\/inicio\/#website"},"datePublished":"2022-07-21T17:40:54+00:00","dateModified":"2022-07-21T17:41:14+00:00","description":"Security Data &amp; Video SA de CV. ZKTECO P160 Reloj checador Terminal Biom\u00e9trica de Palma y Huella Digital para Gesti\u00f3n de Asistencia y Control de Acceso","breadcrumb":{"@id":"https:\/\/www.securitydataandvideo.com\/inicio\/shop\/zkteco-p160-reloj-checador-terminal-biometrica-de-palma-y-huella-digital-para-gestion-de-asistencia-y-control-de-acceso\/#breadcrumb"},"inLanguage":"es-MX","potentialAction":[{"@type":"ReadAction","target":["https:\/\/www.securitydataandvideo.com\/inicio\/shop\/zkteco-p160-reloj-checador-terminal-biometrica-de-palma-y-huella-digital-para-gestion-de-asistencia-y-control-de-acceso\/"]}]},{"@type":"BreadcrumbList","@id":"https:\/\/www.securitydataandvideo.com\/inicio\/shop\/zkteco-p160-reloj-checador-terminal-biometrica-de-palma-y-huella-digital-para-gestion-de-asistencia-y-control-de-acceso\/#breadcrumb","itemListElement":[{"@type":"ListItem","position":1,"name":"Inicio","item":"https:\/\/www.securitydataandvideo.com\/inicio\/"},{"@type":"ListItem","position":2,"name":"Shop","item":"https:\/\/www.securitydataandvideo.com\/inicio\/shop\/"},{"@type":"ListItem","position":3,"name":"ZKTECO P160 Reloj checador Terminal Biom\u00e9trica de Palma y Huella Digital para Gesti\u00f3n de Asistencia y Control de Acceso"}]},{"@type":"WebSite","@id":"https:\/\/www.securitydataandvideo.com\/inicio\/#website","url":"https:\/\/www.securitydataandvideo.com\/inicio\/","name":"Security Data &amp; Video SA de CV.","description":"Seguridad Electr\u00f3nica y Energ\u00eda","publisher":{"@id":"https:\/\/www.securitydataandvideo.com\/inicio\/#organization"},"potentialAction":[{"@type":"SearchAction","target":{"@type":"EntryPoint","urlTemplate":"https:\/\/www.securitydataandvideo.com\/inicio\/?s={search_term_string}"},"query-input":"required name=search_term_string"}],"inLanguage":"es-MX"},{"@type":"Organization","@id":"https:\/\/www.securitydataandvideo.com\/inicio\/#organization","name":"Security Data & Video SA de CV","url":"https:\/\/www.securitydataandvideo.com\/inicio\/","sameAs":[],"logo":{"@type":"ImageObject","inLanguage":"es-MX","@id":"https:\/\/www.securitydataandvideo.com\/inicio\/#\/schema\/logo\/image\/","url":"https:\/\/www.securitydataandvideo.com\/inicio\/wp-content\/uploads\/2021\/10\/Logo-Azul.png","contentUrl":"https:\/\/www.securitydataandvideo.com\/inicio\/wp-content\/uploads\/2021\/10\/Logo-Azul.png","width":555,"height":375,"caption":"Security Data & Video SA de CV"},"image":{"@id":"https:\/\/www.securitydataandvideo.com\/inicio\/#\/schema\/logo\/image\/"}}]}},"_links":{"self":[{"href":"https:\/\/www.securitydataandvideo.com\/inicio\/wp-json\/wp\/v2\/product\/16144"}],"collection":[{"href":"https:\/\/www.securitydataandvideo.com\/inicio\/wp-json\/wp\/v2\/product"}],"about":[{"href":"https:\/\/www.securitydataandvideo.com\/inicio\/wp-json\/wp\/v2\/types\/product"}],"wp:featuredmedia":[{"embeddable":true,"href":"https:\/\/www.securitydataandvideo.com\/inicio\/wp-json\/wp\/v2\/media\/16159"}],"wp:attachment":[{"href":"https:\/\/www.securitydataandvideo.com\/inicio\/wp-json\/wp\/v2\/media?parent=16144"}],"wp:term":[{"taxonomy":"product_cat","embeddable":true,"href":"https:\/\/www.securitydataandvideo.com\/inicio\/wp-json\/wp\/v2\/product_cat?post=16144"},{"taxonomy":"product_tag","embeddable":true,"href":"https:\/\/www.securitydataandvideo.com\/inicio\/wp-json\/wp\/v2\/product_tag?post=16144"}],"curies":[{"name":"wp","href":"https:\/\/api.w.org\/{rel}","templated":true}]}}