{"id":16160,"date":"2022-07-21T11:41:17","date_gmt":"2022-07-21T17:41:17","guid":{"rendered":"https:\/\/www.securitydataandvideo.com\/inicio\/?post_type=product&#038;p=16160"},"modified":"2023-10-02T22:21:21","modified_gmt":"2023-10-03T04:21:21","slug":"torniquete-en-acero-inoxidable-bidireccional-medio-cuerpo-para-exterior-de-alto-desempeno-en-guadalajara-jalisco-mexico","status":"publish","type":"product","link":"https:\/\/www.securitydataandvideo.com\/inicio\/shop\/torniquete-en-acero-inoxidable-bidireccional-medio-cuerpo-para-exterior-de-alto-desempeno-en-guadalajara-jalisco-mexico\/","title":{"rendered":"Torniquete en acero inoxidable Bidireccional medio cuerpo para exterior de Alto Desempe\u00f1o en guadalajara jalisco mexico."},"content":{"rendered":"<p id=\"product_title_160405\" class=\"no_margin_top titulo_vista_producto\">Torniquete en acero inoxidable Bidireccional medio cuerpo para exterior de Alto Desempe\u00f1o en guadalajara jalisco mexico.<\/p>\n<h6>El torniquete tripode XT5000PRO de AccessPRO Industrial es un torniquete compacto con un alto costo-beneficio dise\u00f1ado para un volumen alto de tr\u00e1fico.<\/h6>\n<p><strong><em>Especificaciones de Torniquete Bidireccional medio cuerpo acero inoxidable<\/em><\/strong><\/p>\n<table border=\"0\" width=\"446\" cellspacing=\"0\" cellpadding=\"0\">\n<colgroup>\n<col \/>\n<col \/>\n<col \/><\/colgroup>\n<tbody>\n<tr>\n<td colspan=\"2\" height=\"21\">Alimentaci\u00f3n<\/td>\n<td>AC 110\/220V, 50\/60Hz<\/td>\n<\/tr>\n<tr>\n<td rowspan=\"3\" height=\"63\">Consumo<\/td>\n<td>Iniciando<\/td>\n<td>73W<\/td>\n<\/tr>\n<tr>\n<td height=\"21\">En espera<\/td>\n<td>20W<\/td>\n<\/tr>\n<tr>\n<td height=\"21\">Desbloqueo<\/td>\n<td>63W<\/td>\n<\/tr>\n<tr>\n<td colspan=\"2\" height=\"21\">Temperatura de operaci\u00f3n<\/td>\n<td>-28 \u00b0C &#8211; 60 \u00b0C<\/td>\n<\/tr>\n<tr>\n<td colspan=\"2\" height=\"21\">Humedad<\/td>\n<td>5% &#8211; 80%<\/td>\n<\/tr>\n<tr>\n<td colspan=\"2\" height=\"21\">Para uso en<\/td>\n<td>Interior \/ Exterior (protegido)<\/td>\n<\/tr>\n<tr>\n<td rowspan=\"2\" height=\"42\">Velocidad de uso<\/td>\n<td>RFID<\/td>\n<td>M\u00e1ximo 30 personas por minuto<\/td>\n<\/tr>\n<tr>\n<td height=\"21\">Huella digital<\/td>\n<td>M\u00e1ximo 25 personas por minuto<\/td>\n<\/tr>\n<tr>\n<td colspan=\"2\" height=\"21\">Ancho del carril (mm)<\/td>\n<td>500<\/td>\n<\/tr>\n<tr>\n<td colspan=\"2\" height=\"21\">Dimensiones (mm)<\/td>\n<td>L=1110, W=280, H=987<\/td>\n<\/tr>\n<tr>\n<td colspan=\"2\" height=\"21\">Dimensiones paquete (mm)<\/td>\n<td>L=1175, W=370, H=1070<\/td>\n<\/tr>\n<tr>\n<td colspan=\"2\" height=\"21\">Peso neto (kg)<\/td>\n<td>46<\/td>\n<\/tr>\n<tr>\n<td colspan=\"2\" height=\"21\">Peso con empaque (kg)<\/td>\n<td>54<\/td>\n<\/tr>\n<tr>\n<td colspan=\"2\" height=\"21\">Indicadores LED<\/td>\n<td>S\u00ed<\/td>\n<\/tr>\n<tr>\n<td colspan=\"2\" height=\"21\">Material del gabinete<\/td>\n<td>SUS304 Acero inoxidable<\/td>\n<\/tr>\n<tr>\n<td colspan=\"2\" height=\"21\">Material de la tapadera superior<\/td>\n<td>SUS304 Acero inoxidable<\/td>\n<\/tr>\n<tr>\n<td colspan=\"2\" height=\"21\">Material del brazo<\/td>\n<td>SUS304 Acero Inoxidable<\/td>\n<\/tr>\n<tr>\n<td colspan=\"2\" height=\"21\">Movimiento de dispositivo<\/td>\n<td>Rotaci\u00f3n<\/td>\n<\/tr>\n<tr>\n<td colspan=\"2\" height=\"21\">Modo de emergencia<\/td>\n<td>S\u00ed<\/td>\n<\/tr>\n<tr>\n<td colspan=\"2\" height=\"21\">Nivel de seguridad<\/td>\n<td>Medio<\/td>\n<\/tr>\n<tr>\n<td colspan=\"2\" height=\"21\">MCBF<\/td>\n<td>1 milli\u00f3n<\/td>\n<\/tr>\n<tr>\n<td colspan=\"2\" height=\"21\">Opciones\/Accesorios<\/td>\n<td>Contador, Gabinete y tapadera superior en material SUS316, Control Remoto<\/td>\n<\/tr>\n<\/tbody>\n<\/table>\n<p><strong><em><br \/>\n<\/em><\/strong><b><i>Descripci\u00f3n<\/i><\/b><strong><em> del Torniquete Bidireccional medio cuerpo en acero inoxidable<\/em><\/strong><\/p>\n<p>El torniquete tripode XT5000PRO de AccessPRO Industrial es un torniquete compacto con un alto costo-beneficio dise\u00f1ado para un volumen alto de tr\u00e1fico.<\/p>\n<p>El torniquete para un carril sencillo XT5000PRO est\u00e1 dise\u00f1ado con un mecanismo silencioso y operaci\u00f3n suave a un consumo bajo. Fabricado en acero inoxidable que lo hace altamente durable. Su mecanismo compacto fue dise\u00f1ado para operaci\u00f3n en lugares con poco espacio.<\/p>\n<p>Los brazos del torniquete XT5000PRO durante la operaci\u00f3n se encuentran bloqueados para evitar un acceso no deseado. Mediante el uso de lectores (tarjetas de proximidad y\/o huella digital) se puede tener un acceso correcto y de esta manera desbloquear el mecanismo y poder accesar. Cuenta tambien con la opci\u00f3n de emergencia o p\u00e9rdida de energia el brazo puede caer permitiendo un libre acceso al personal.<\/p>\n<p>&nbsp;<\/p>\n","protected":false},"excerpt":{"rendered":"<p id=\"product_title_160405\" class=\"no_margin_top titulo_vista_producto\"><em><strong>Torniquete Bidireccional medio cuerpo acero inoxidable para exterior de Alto Desempe\u00f1o en guadalajara jalisco mexico.<\/strong><\/em><\/p>\n<p>&nbsp;<\/p>\n","protected":false},"featured_media":16172,"template":"","meta":{"site-sidebar-layout":"default","site-content-layout":"default","ast-site-content-layout":"","site-content-style":"default","site-sidebar-style":"default","ast-global-header-display":"","ast-banner-title-visibility":"","ast-main-header-display":"","ast-hfb-above-header-display":"","ast-hfb-below-header-display":"","ast-hfb-mobile-header-display":"","site-post-title":"","ast-breadcrumbs-content":"","ast-featured-img":"","footer-sml-layout":"","theme-transparent-header-meta":"default","adv-header-id-meta":"","stick-header-meta":"","header-above-stick-meta":"","header-main-stick-meta":"","header-below-stick-meta":"","astra-migrate-meta-layouts":""},"product_cat":[314],"product_tag":[126,131],"yoast_head":"<!-- This site is optimized with the Yoast SEO plugin v19.5.1 - https:\/\/yoast.com\/wordpress\/plugins\/seo\/ -->\n<title>Torniquete en acero inoxidable Bidireccional medio cuerpo<\/title>\n<meta name=\"description\" content=\"Security Data &amp; Video SA de CV. Torniquete en acero inoxidable Bidireccional medio cuerpo para exterior de Alto Desempe\u00f1o en guadalajara jalisco mexico.\" \/>\n<meta name=\"robots\" content=\"index, follow, max-snippet:-1, max-image-preview:large, max-video-preview:-1\" \/>\n<link rel=\"canonical\" href=\"https:\/\/www.securitydataandvideo.com\/inicio\/shop\/torniquete-en-acero-inoxidable-bidireccional-medio-cuerpo-para-exterior-de-alto-desempeno-en-guadalajara-jalisco-mexico\/\" \/>\n<meta property=\"og:locale\" content=\"es_MX\" \/>\n<meta property=\"og:type\" content=\"article\" \/>\n<meta property=\"og:title\" content=\"Torniquete en acero inoxidable Bidireccional medio cuerpo\" \/>\n<meta property=\"og:description\" content=\"Security Data &amp; Video SA de CV. Torniquete en acero inoxidable Bidireccional medio cuerpo para exterior de Alto Desempe\u00f1o en guadalajara jalisco mexico.\" \/>\n<meta property=\"og:url\" content=\"https:\/\/www.securitydataandvideo.com\/inicio\/shop\/torniquete-en-acero-inoxidable-bidireccional-medio-cuerpo-para-exterior-de-alto-desempeno-en-guadalajara-jalisco-mexico\/\" \/>\n<meta property=\"og:site_name\" content=\"Security Data &amp; Video SA de CV.\" \/>\n<meta property=\"article:modified_time\" content=\"2023-10-03T04:21:21+00:00\" \/>\n<meta property=\"og:image\" content=\"https:\/\/www.securitydataandvideo.com\/inicio\/wp-content\/uploads\/2022\/07\/XT-5000-PRO.png\" \/>\n\t<meta property=\"og:image:width\" content=\"391\" \/>\n\t<meta property=\"og:image:height\" content=\"410\" \/>\n\t<meta property=\"og:image:type\" content=\"image\/png\" \/>\n<meta name=\"twitter:card\" content=\"summary\" \/>\n<meta name=\"twitter:label1\" content=\"Tiempo de lectura\" \/>\n\t<meta name=\"twitter:data1\" content=\"2 minutos\" \/>\n<script type=\"application\/ld+json\" class=\"yoast-schema-graph\">{\"@context\":\"https:\/\/schema.org\",\"@graph\":[{\"@type\":\"WebPage\",\"@id\":\"https:\/\/www.securitydataandvideo.com\/inicio\/shop\/torniquete-en-acero-inoxidable-bidireccional-medio-cuerpo-para-exterior-de-alto-desempeno-en-guadalajara-jalisco-mexico\/\",\"url\":\"https:\/\/www.securitydataandvideo.com\/inicio\/shop\/torniquete-en-acero-inoxidable-bidireccional-medio-cuerpo-para-exterior-de-alto-desempeno-en-guadalajara-jalisco-mexico\/\",\"name\":\"Torniquete en acero inoxidable Bidireccional medio cuerpo\",\"isPartOf\":{\"@id\":\"https:\/\/www.securitydataandvideo.com\/inicio\/#website\"},\"datePublished\":\"2022-07-21T17:41:17+00:00\",\"dateModified\":\"2023-10-03T04:21:21+00:00\",\"description\":\"Security Data &amp; Video SA de CV. Torniquete en acero inoxidable Bidireccional medio cuerpo para exterior de Alto Desempe\u00f1o en guadalajara jalisco mexico.\",\"breadcrumb\":{\"@id\":\"https:\/\/www.securitydataandvideo.com\/inicio\/shop\/torniquete-en-acero-inoxidable-bidireccional-medio-cuerpo-para-exterior-de-alto-desempeno-en-guadalajara-jalisco-mexico\/#breadcrumb\"},\"inLanguage\":\"es-MX\",\"potentialAction\":[{\"@type\":\"ReadAction\",\"target\":[\"https:\/\/www.securitydataandvideo.com\/inicio\/shop\/torniquete-en-acero-inoxidable-bidireccional-medio-cuerpo-para-exterior-de-alto-desempeno-en-guadalajara-jalisco-mexico\/\"]}]},{\"@type\":\"BreadcrumbList\",\"@id\":\"https:\/\/www.securitydataandvideo.com\/inicio\/shop\/torniquete-en-acero-inoxidable-bidireccional-medio-cuerpo-para-exterior-de-alto-desempeno-en-guadalajara-jalisco-mexico\/#breadcrumb\",\"itemListElement\":[{\"@type\":\"ListItem\",\"position\":1,\"name\":\"Inicio\",\"item\":\"https:\/\/www.securitydataandvideo.com\/inicio\/\"},{\"@type\":\"ListItem\",\"position\":2,\"name\":\"Shop\",\"item\":\"https:\/\/www.securitydataandvideo.com\/inicio\/shop\/\"},{\"@type\":\"ListItem\",\"position\":3,\"name\":\"Torniquete en acero inoxidable Bidireccional medio cuerpo para exterior de Alto Desempe\u00f1o en guadalajara jalisco mexico.\"}]},{\"@type\":\"WebSite\",\"@id\":\"https:\/\/www.securitydataandvideo.com\/inicio\/#website\",\"url\":\"https:\/\/www.securitydataandvideo.com\/inicio\/\",\"name\":\"Security Data &amp; Video SA de CV.\",\"description\":\"Seguridad Electr\u00f3nica y Energ\u00eda\",\"publisher\":{\"@id\":\"https:\/\/www.securitydataandvideo.com\/inicio\/#organization\"},\"potentialAction\":[{\"@type\":\"SearchAction\",\"target\":{\"@type\":\"EntryPoint\",\"urlTemplate\":\"https:\/\/www.securitydataandvideo.com\/inicio\/?s={search_term_string}\"},\"query-input\":\"required name=search_term_string\"}],\"inLanguage\":\"es-MX\"},{\"@type\":\"Organization\",\"@id\":\"https:\/\/www.securitydataandvideo.com\/inicio\/#organization\",\"name\":\"Security Data & Video SA de CV\",\"url\":\"https:\/\/www.securitydataandvideo.com\/inicio\/\",\"sameAs\":[],\"logo\":{\"@type\":\"ImageObject\",\"inLanguage\":\"es-MX\",\"@id\":\"https:\/\/www.securitydataandvideo.com\/inicio\/#\/schema\/logo\/image\/\",\"url\":\"https:\/\/www.securitydataandvideo.com\/inicio\/wp-content\/uploads\/2021\/10\/Logo-Azul.png\",\"contentUrl\":\"https:\/\/www.securitydataandvideo.com\/inicio\/wp-content\/uploads\/2021\/10\/Logo-Azul.png\",\"width\":555,\"height\":375,\"caption\":\"Security Data & Video SA de CV\"},\"image\":{\"@id\":\"https:\/\/www.securitydataandvideo.com\/inicio\/#\/schema\/logo\/image\/\"}}]}<\/script>\n<!-- \/ Yoast SEO plugin. -->","yoast_head_json":{"title":"Torniquete en acero inoxidable Bidireccional medio cuerpo","description":"Security Data &amp; Video SA de CV. Torniquete en acero inoxidable Bidireccional medio cuerpo para exterior de Alto Desempe\u00f1o en guadalajara jalisco mexico.","robots":{"index":"index","follow":"follow","max-snippet":"max-snippet:-1","max-image-preview":"max-image-preview:large","max-video-preview":"max-video-preview:-1"},"canonical":"https:\/\/www.securitydataandvideo.com\/inicio\/shop\/torniquete-en-acero-inoxidable-bidireccional-medio-cuerpo-para-exterior-de-alto-desempeno-en-guadalajara-jalisco-mexico\/","og_locale":"es_MX","og_type":"article","og_title":"Torniquete en acero inoxidable Bidireccional medio cuerpo","og_description":"Security Data &amp; Video SA de CV. Torniquete en acero inoxidable Bidireccional medio cuerpo para exterior de Alto Desempe\u00f1o en guadalajara jalisco mexico.","og_url":"https:\/\/www.securitydataandvideo.com\/inicio\/shop\/torniquete-en-acero-inoxidable-bidireccional-medio-cuerpo-para-exterior-de-alto-desempeno-en-guadalajara-jalisco-mexico\/","og_site_name":"Security Data &amp; Video SA de CV.","article_modified_time":"2023-10-03T04:21:21+00:00","og_image":[{"width":391,"height":410,"url":"https:\/\/www.securitydataandvideo.com\/inicio\/wp-content\/uploads\/2022\/07\/XT-5000-PRO.png","type":"image\/png"}],"twitter_card":"summary","twitter_misc":{"Tiempo de lectura":"2 minutos"},"schema":{"@context":"https:\/\/schema.org","@graph":[{"@type":"WebPage","@id":"https:\/\/www.securitydataandvideo.com\/inicio\/shop\/torniquete-en-acero-inoxidable-bidireccional-medio-cuerpo-para-exterior-de-alto-desempeno-en-guadalajara-jalisco-mexico\/","url":"https:\/\/www.securitydataandvideo.com\/inicio\/shop\/torniquete-en-acero-inoxidable-bidireccional-medio-cuerpo-para-exterior-de-alto-desempeno-en-guadalajara-jalisco-mexico\/","name":"Torniquete en acero inoxidable Bidireccional medio cuerpo","isPartOf":{"@id":"https:\/\/www.securitydataandvideo.com\/inicio\/#website"},"datePublished":"2022-07-21T17:41:17+00:00","dateModified":"2023-10-03T04:21:21+00:00","description":"Security Data &amp; Video SA de CV. Torniquete en acero inoxidable Bidireccional medio cuerpo para exterior de Alto Desempe\u00f1o en guadalajara jalisco mexico.","breadcrumb":{"@id":"https:\/\/www.securitydataandvideo.com\/inicio\/shop\/torniquete-en-acero-inoxidable-bidireccional-medio-cuerpo-para-exterior-de-alto-desempeno-en-guadalajara-jalisco-mexico\/#breadcrumb"},"inLanguage":"es-MX","potentialAction":[{"@type":"ReadAction","target":["https:\/\/www.securitydataandvideo.com\/inicio\/shop\/torniquete-en-acero-inoxidable-bidireccional-medio-cuerpo-para-exterior-de-alto-desempeno-en-guadalajara-jalisco-mexico\/"]}]},{"@type":"BreadcrumbList","@id":"https:\/\/www.securitydataandvideo.com\/inicio\/shop\/torniquete-en-acero-inoxidable-bidireccional-medio-cuerpo-para-exterior-de-alto-desempeno-en-guadalajara-jalisco-mexico\/#breadcrumb","itemListElement":[{"@type":"ListItem","position":1,"name":"Inicio","item":"https:\/\/www.securitydataandvideo.com\/inicio\/"},{"@type":"ListItem","position":2,"name":"Shop","item":"https:\/\/www.securitydataandvideo.com\/inicio\/shop\/"},{"@type":"ListItem","position":3,"name":"Torniquete en acero inoxidable Bidireccional medio cuerpo para exterior de Alto Desempe\u00f1o en guadalajara jalisco mexico."}]},{"@type":"WebSite","@id":"https:\/\/www.securitydataandvideo.com\/inicio\/#website","url":"https:\/\/www.securitydataandvideo.com\/inicio\/","name":"Security Data &amp; Video SA de CV.","description":"Seguridad Electr\u00f3nica y Energ\u00eda","publisher":{"@id":"https:\/\/www.securitydataandvideo.com\/inicio\/#organization"},"potentialAction":[{"@type":"SearchAction","target":{"@type":"EntryPoint","urlTemplate":"https:\/\/www.securitydataandvideo.com\/inicio\/?s={search_term_string}"},"query-input":"required name=search_term_string"}],"inLanguage":"es-MX"},{"@type":"Organization","@id":"https:\/\/www.securitydataandvideo.com\/inicio\/#organization","name":"Security Data & Video SA de CV","url":"https:\/\/www.securitydataandvideo.com\/inicio\/","sameAs":[],"logo":{"@type":"ImageObject","inLanguage":"es-MX","@id":"https:\/\/www.securitydataandvideo.com\/inicio\/#\/schema\/logo\/image\/","url":"https:\/\/www.securitydataandvideo.com\/inicio\/wp-content\/uploads\/2021\/10\/Logo-Azul.png","contentUrl":"https:\/\/www.securitydataandvideo.com\/inicio\/wp-content\/uploads\/2021\/10\/Logo-Azul.png","width":555,"height":375,"caption":"Security Data & Video SA de CV"},"image":{"@id":"https:\/\/www.securitydataandvideo.com\/inicio\/#\/schema\/logo\/image\/"}}]}},"_links":{"self":[{"href":"https:\/\/www.securitydataandvideo.com\/inicio\/wp-json\/wp\/v2\/product\/16160"}],"collection":[{"href":"https:\/\/www.securitydataandvideo.com\/inicio\/wp-json\/wp\/v2\/product"}],"about":[{"href":"https:\/\/www.securitydataandvideo.com\/inicio\/wp-json\/wp\/v2\/types\/product"}],"wp:featuredmedia":[{"embeddable":true,"href":"https:\/\/www.securitydataandvideo.com\/inicio\/wp-json\/wp\/v2\/media\/16172"}],"wp:attachment":[{"href":"https:\/\/www.securitydataandvideo.com\/inicio\/wp-json\/wp\/v2\/media?parent=16160"}],"wp:term":[{"taxonomy":"product_cat","embeddable":true,"href":"https:\/\/www.securitydataandvideo.com\/inicio\/wp-json\/wp\/v2\/product_cat?post=16160"},{"taxonomy":"product_tag","embeddable":true,"href":"https:\/\/www.securitydataandvideo.com\/inicio\/wp-json\/wp\/v2\/product_tag?post=16160"}],"curies":[{"name":"wp","href":"https:\/\/api.w.org\/{rel}","templated":true}]}}