{"id":16165,"date":"2022-07-21T11:41:18","date_gmt":"2022-07-21T17:41:18","guid":{"rendered":"https:\/\/www.securitydataandvideo.com\/inicio\/?post_type=product&#038;p=16165"},"modified":"2022-07-21T11:41:33","modified_gmt":"2022-07-21T17:41:33","slug":"estacion-base-grandstream-dp-752-voip-dect-de-largo-alcance-en-guadalajara-jalisco-mexico","status":"publish","type":"product","link":"https:\/\/www.securitydataandvideo.com\/inicio\/shop\/estacion-base-grandstream-dp-752-voip-dect-de-largo-alcance-en-guadalajara-jalisco-mexico\/","title":{"rendered":"Estaci\u00f3n Base GRANDSTREAM DP-752 VoIP DECT de largo Alcance en Guadalajara Jalisco M\u00e9xico."},"content":{"rendered":"<p><strong>Estaci\u00f3n Base GRANDSTREAM DP-752 VoIP DECT de largo Alcance en Guadalajara Jalisco M\u00e9xico.<\/strong><\/p>\n<p>El DP752 es una poderosa estaci\u00f3n base VoIP DECT que se enlaza con hasta 5 de los tel\u00e9fonos DECT de la<br \/>\nDP serie de Grandstream para ofrecer movilidad a los usuarios en empresas y hogares.<\/p>\n<p>Tiene un alcance en<br \/>\nexteriores de hasta 400 metros con el DP730 o hasta 350 metros con el DP722\/DP720, as\u00ed como un alcance<br \/>\nen lugares cerrados de hasta 50 metros para dar a los usuarios la libertad de desplazarse en su lugar de<br \/>\ntrabajo u hogar.<\/p>\n<p>Esta estaci\u00f3n base VoIP DECT permite hasta 10 cuentas SIP y 5 llamadas simult\u00e1neas al<br \/>\nmismo tiempo que ofrece conferencia de voz de 3 personas, audio full HD y PoE integrado. Una cuenta SIP<br \/>\ncompartida en todos los tel\u00e9fonos a\u00f1adir\u00e1 funciones unificadas ininterrumpidas que dan a los usuarios<br \/>\nla capacidad de contestar todas las llamadas sin importar la ubicaci\u00f3n en tiempo real.<\/p>\n<p>La estaci\u00f3n baseDP752 admite una variedad de m\u00e9todos de autoaprovisionamiento y seguridad de cifrado TLS\/SRTP\/HTTPS.<\/p>\n<p>Cuando se enlaza con los tel\u00e9fonos DP720, DP722 o DP730 de Grandstream, la estaci\u00f3n base DP752 ofrece<br \/>\nuna poderosa soluci\u00f3n DECT inal\u00e1mbrica para los usuarios en empresas u hogares<\/p>\n<p>Estaci\u00f3n Base GRANDSTREAM DP-752<\/p>\n","protected":false},"excerpt":{"rendered":"<p><strong>Estaci\u00f3n Base GRANDSTREAM DP-752 VoIP DECT de largo Alcance en Guadalajara Jalisco M\u00e9xico.<\/strong><\/p>\n","protected":false},"featured_media":16177,"template":"","meta":{"site-sidebar-layout":"default","site-content-layout":"default","ast-site-content-layout":"","site-content-style":"default","site-sidebar-style":"default","ast-global-header-display":"","ast-banner-title-visibility":"","ast-main-header-display":"","ast-hfb-above-header-display":"","ast-hfb-below-header-display":"","ast-hfb-mobile-header-display":"","site-post-title":"","ast-breadcrumbs-content":"","ast-featured-img":"","footer-sml-layout":"","theme-transparent-header-meta":"default","adv-header-id-meta":"","stick-header-meta":"","header-above-stick-meta":"","header-main-stick-meta":"","header-below-stick-meta":"","astra-migrate-meta-layouts":""},"product_cat":[316,323],"product_tag":[242],"yoast_head":"<!-- This site is optimized with the Yoast SEO plugin v19.5.1 - https:\/\/yoast.com\/wordpress\/plugins\/seo\/ -->\n<title>Estaci\u00f3n Base GRANDSTREAM DP-752 Security Data &amp; Video SA de CV.<\/title>\n<meta name=\"description\" content=\"Security Data &amp; Video SA de CV. Estaci\u00f3n Base GRANDSTREAM DP-752 VoIP DECT de largo Alcance Venta e Instalacion en Guadalajara Jalisco M\u00e9xico.\" \/>\n<meta name=\"robots\" content=\"index, follow, max-snippet:-1, max-image-preview:large, max-video-preview:-1\" \/>\n<link rel=\"canonical\" href=\"https:\/\/www.securitydataandvideo.com\/inicio\/shop\/estacion-base-grandstream-dp-752-voip-dect-de-largo-alcance-en-guadalajara-jalisco-mexico\/\" \/>\n<meta property=\"og:locale\" content=\"es_MX\" \/>\n<meta property=\"og:type\" content=\"article\" \/>\n<meta property=\"og:title\" content=\"Estaci\u00f3n Base GRANDSTREAM DP-752 Security Data &amp; Video SA de CV.\" \/>\n<meta property=\"og:description\" content=\"Security Data &amp; Video SA de CV. Estaci\u00f3n Base GRANDSTREAM DP-752 VoIP DECT de largo Alcance Venta e Instalacion en Guadalajara Jalisco M\u00e9xico.\" \/>\n<meta property=\"og:url\" content=\"https:\/\/www.securitydataandvideo.com\/inicio\/shop\/estacion-base-grandstream-dp-752-voip-dect-de-largo-alcance-en-guadalajara-jalisco-mexico\/\" \/>\n<meta property=\"og:site_name\" content=\"Security Data &amp; Video SA de CV.\" \/>\n<meta property=\"article:modified_time\" content=\"2022-07-21T17:41:33+00:00\" \/>\n<meta property=\"og:image\" content=\"https:\/\/www.securitydataandvideo.com\/inicio\/wp-content\/uploads\/2022\/07\/DP752-p.png\" \/>\n\t<meta property=\"og:image:width\" content=\"400\" \/>\n\t<meta property=\"og:image:height\" content=\"400\" \/>\n\t<meta property=\"og:image:type\" content=\"image\/png\" \/>\n<meta name=\"twitter:card\" content=\"summary\" \/>\n<meta name=\"twitter:label1\" content=\"Tiempo de lectura\" \/>\n\t<meta name=\"twitter:data1\" content=\"1 minuto\" \/>\n<script type=\"application\/ld+json\" class=\"yoast-schema-graph\">{\"@context\":\"https:\/\/schema.org\",\"@graph\":[{\"@type\":\"WebPage\",\"@id\":\"https:\/\/www.securitydataandvideo.com\/inicio\/shop\/estacion-base-grandstream-dp-752-voip-dect-de-largo-alcance-en-guadalajara-jalisco-mexico\/\",\"url\":\"https:\/\/www.securitydataandvideo.com\/inicio\/shop\/estacion-base-grandstream-dp-752-voip-dect-de-largo-alcance-en-guadalajara-jalisco-mexico\/\",\"name\":\"Estaci\u00f3n Base GRANDSTREAM DP-752 Security Data &amp; Video SA de CV.\",\"isPartOf\":{\"@id\":\"https:\/\/www.securitydataandvideo.com\/inicio\/#website\"},\"datePublished\":\"2022-07-21T17:41:18+00:00\",\"dateModified\":\"2022-07-21T17:41:33+00:00\",\"description\":\"Security Data &amp; Video SA de CV. Estaci\u00f3n Base GRANDSTREAM DP-752 VoIP DECT de largo Alcance Venta e Instalacion en Guadalajara Jalisco M\u00e9xico.\",\"breadcrumb\":{\"@id\":\"https:\/\/www.securitydataandvideo.com\/inicio\/shop\/estacion-base-grandstream-dp-752-voip-dect-de-largo-alcance-en-guadalajara-jalisco-mexico\/#breadcrumb\"},\"inLanguage\":\"es-MX\",\"potentialAction\":[{\"@type\":\"ReadAction\",\"target\":[\"https:\/\/www.securitydataandvideo.com\/inicio\/shop\/estacion-base-grandstream-dp-752-voip-dect-de-largo-alcance-en-guadalajara-jalisco-mexico\/\"]}]},{\"@type\":\"BreadcrumbList\",\"@id\":\"https:\/\/www.securitydataandvideo.com\/inicio\/shop\/estacion-base-grandstream-dp-752-voip-dect-de-largo-alcance-en-guadalajara-jalisco-mexico\/#breadcrumb\",\"itemListElement\":[{\"@type\":\"ListItem\",\"position\":1,\"name\":\"Inicio\",\"item\":\"https:\/\/www.securitydataandvideo.com\/inicio\/\"},{\"@type\":\"ListItem\",\"position\":2,\"name\":\"Shop\",\"item\":\"https:\/\/www.securitydataandvideo.com\/inicio\/shop\/\"},{\"@type\":\"ListItem\",\"position\":3,\"name\":\"Estaci\u00f3n Base GRANDSTREAM DP-752 VoIP DECT de largo Alcance en Guadalajara Jalisco M\u00e9xico.\"}]},{\"@type\":\"WebSite\",\"@id\":\"https:\/\/www.securitydataandvideo.com\/inicio\/#website\",\"url\":\"https:\/\/www.securitydataandvideo.com\/inicio\/\",\"name\":\"Security Data &amp; Video SA de CV.\",\"description\":\"Seguridad Electr\u00f3nica y Energ\u00eda\",\"publisher\":{\"@id\":\"https:\/\/www.securitydataandvideo.com\/inicio\/#organization\"},\"potentialAction\":[{\"@type\":\"SearchAction\",\"target\":{\"@type\":\"EntryPoint\",\"urlTemplate\":\"https:\/\/www.securitydataandvideo.com\/inicio\/?s={search_term_string}\"},\"query-input\":\"required name=search_term_string\"}],\"inLanguage\":\"es-MX\"},{\"@type\":\"Organization\",\"@id\":\"https:\/\/www.securitydataandvideo.com\/inicio\/#organization\",\"name\":\"Security Data & Video SA de CV\",\"url\":\"https:\/\/www.securitydataandvideo.com\/inicio\/\",\"sameAs\":[],\"logo\":{\"@type\":\"ImageObject\",\"inLanguage\":\"es-MX\",\"@id\":\"https:\/\/www.securitydataandvideo.com\/inicio\/#\/schema\/logo\/image\/\",\"url\":\"https:\/\/www.securitydataandvideo.com\/inicio\/wp-content\/uploads\/2021\/10\/Logo-Azul.png\",\"contentUrl\":\"https:\/\/www.securitydataandvideo.com\/inicio\/wp-content\/uploads\/2021\/10\/Logo-Azul.png\",\"width\":555,\"height\":375,\"caption\":\"Security Data & Video SA de CV\"},\"image\":{\"@id\":\"https:\/\/www.securitydataandvideo.com\/inicio\/#\/schema\/logo\/image\/\"}}]}<\/script>\n<!-- \/ Yoast SEO plugin. -->","yoast_head_json":{"title":"Estaci\u00f3n Base GRANDSTREAM DP-752 Security Data &amp; Video SA de CV.","description":"Security Data &amp; Video SA de CV. Estaci\u00f3n Base GRANDSTREAM DP-752 VoIP DECT de largo Alcance Venta e Instalacion en Guadalajara Jalisco M\u00e9xico.","robots":{"index":"index","follow":"follow","max-snippet":"max-snippet:-1","max-image-preview":"max-image-preview:large","max-video-preview":"max-video-preview:-1"},"canonical":"https:\/\/www.securitydataandvideo.com\/inicio\/shop\/estacion-base-grandstream-dp-752-voip-dect-de-largo-alcance-en-guadalajara-jalisco-mexico\/","og_locale":"es_MX","og_type":"article","og_title":"Estaci\u00f3n Base GRANDSTREAM DP-752 Security Data &amp; Video SA de CV.","og_description":"Security Data &amp; Video SA de CV. Estaci\u00f3n Base GRANDSTREAM DP-752 VoIP DECT de largo Alcance Venta e Instalacion en Guadalajara Jalisco M\u00e9xico.","og_url":"https:\/\/www.securitydataandvideo.com\/inicio\/shop\/estacion-base-grandstream-dp-752-voip-dect-de-largo-alcance-en-guadalajara-jalisco-mexico\/","og_site_name":"Security Data &amp; Video SA de CV.","article_modified_time":"2022-07-21T17:41:33+00:00","og_image":[{"width":400,"height":400,"url":"https:\/\/www.securitydataandvideo.com\/inicio\/wp-content\/uploads\/2022\/07\/DP752-p.png","type":"image\/png"}],"twitter_card":"summary","twitter_misc":{"Tiempo de lectura":"1 minuto"},"schema":{"@context":"https:\/\/schema.org","@graph":[{"@type":"WebPage","@id":"https:\/\/www.securitydataandvideo.com\/inicio\/shop\/estacion-base-grandstream-dp-752-voip-dect-de-largo-alcance-en-guadalajara-jalisco-mexico\/","url":"https:\/\/www.securitydataandvideo.com\/inicio\/shop\/estacion-base-grandstream-dp-752-voip-dect-de-largo-alcance-en-guadalajara-jalisco-mexico\/","name":"Estaci\u00f3n Base GRANDSTREAM DP-752 Security Data &amp; Video SA de CV.","isPartOf":{"@id":"https:\/\/www.securitydataandvideo.com\/inicio\/#website"},"datePublished":"2022-07-21T17:41:18+00:00","dateModified":"2022-07-21T17:41:33+00:00","description":"Security Data &amp; Video SA de CV. Estaci\u00f3n Base GRANDSTREAM DP-752 VoIP DECT de largo Alcance Venta e Instalacion en Guadalajara Jalisco M\u00e9xico.","breadcrumb":{"@id":"https:\/\/www.securitydataandvideo.com\/inicio\/shop\/estacion-base-grandstream-dp-752-voip-dect-de-largo-alcance-en-guadalajara-jalisco-mexico\/#breadcrumb"},"inLanguage":"es-MX","potentialAction":[{"@type":"ReadAction","target":["https:\/\/www.securitydataandvideo.com\/inicio\/shop\/estacion-base-grandstream-dp-752-voip-dect-de-largo-alcance-en-guadalajara-jalisco-mexico\/"]}]},{"@type":"BreadcrumbList","@id":"https:\/\/www.securitydataandvideo.com\/inicio\/shop\/estacion-base-grandstream-dp-752-voip-dect-de-largo-alcance-en-guadalajara-jalisco-mexico\/#breadcrumb","itemListElement":[{"@type":"ListItem","position":1,"name":"Inicio","item":"https:\/\/www.securitydataandvideo.com\/inicio\/"},{"@type":"ListItem","position":2,"name":"Shop","item":"https:\/\/www.securitydataandvideo.com\/inicio\/shop\/"},{"@type":"ListItem","position":3,"name":"Estaci\u00f3n Base GRANDSTREAM DP-752 VoIP DECT de largo Alcance en Guadalajara Jalisco M\u00e9xico."}]},{"@type":"WebSite","@id":"https:\/\/www.securitydataandvideo.com\/inicio\/#website","url":"https:\/\/www.securitydataandvideo.com\/inicio\/","name":"Security Data &amp; Video SA de CV.","description":"Seguridad Electr\u00f3nica y Energ\u00eda","publisher":{"@id":"https:\/\/www.securitydataandvideo.com\/inicio\/#organization"},"potentialAction":[{"@type":"SearchAction","target":{"@type":"EntryPoint","urlTemplate":"https:\/\/www.securitydataandvideo.com\/inicio\/?s={search_term_string}"},"query-input":"required name=search_term_string"}],"inLanguage":"es-MX"},{"@type":"Organization","@id":"https:\/\/www.securitydataandvideo.com\/inicio\/#organization","name":"Security Data & Video SA de CV","url":"https:\/\/www.securitydataandvideo.com\/inicio\/","sameAs":[],"logo":{"@type":"ImageObject","inLanguage":"es-MX","@id":"https:\/\/www.securitydataandvideo.com\/inicio\/#\/schema\/logo\/image\/","url":"https:\/\/www.securitydataandvideo.com\/inicio\/wp-content\/uploads\/2021\/10\/Logo-Azul.png","contentUrl":"https:\/\/www.securitydataandvideo.com\/inicio\/wp-content\/uploads\/2021\/10\/Logo-Azul.png","width":555,"height":375,"caption":"Security Data & Video SA de CV"},"image":{"@id":"https:\/\/www.securitydataandvideo.com\/inicio\/#\/schema\/logo\/image\/"}}]}},"_links":{"self":[{"href":"https:\/\/www.securitydataandvideo.com\/inicio\/wp-json\/wp\/v2\/product\/16165"}],"collection":[{"href":"https:\/\/www.securitydataandvideo.com\/inicio\/wp-json\/wp\/v2\/product"}],"about":[{"href":"https:\/\/www.securitydataandvideo.com\/inicio\/wp-json\/wp\/v2\/types\/product"}],"wp:featuredmedia":[{"embeddable":true,"href":"https:\/\/www.securitydataandvideo.com\/inicio\/wp-json\/wp\/v2\/media\/16177"}],"wp:attachment":[{"href":"https:\/\/www.securitydataandvideo.com\/inicio\/wp-json\/wp\/v2\/media?parent=16165"}],"wp:term":[{"taxonomy":"product_cat","embeddable":true,"href":"https:\/\/www.securitydataandvideo.com\/inicio\/wp-json\/wp\/v2\/product_cat?post=16165"},{"taxonomy":"product_tag","embeddable":true,"href":"https:\/\/www.securitydataandvideo.com\/inicio\/wp-json\/wp\/v2\/product_tag?post=16165"}],"curies":[{"name":"wp","href":"https:\/\/api.w.org\/{rel}","templated":true}]}}