{"id":16185,"date":"2022-07-21T11:41:46","date_gmt":"2022-07-21T17:41:46","guid":{"rendered":"https:\/\/www.securitydataandvideo.com\/inicio\/?post_type=product&#038;p=16185"},"modified":"2022-07-21T11:41:52","modified_gmt":"2022-07-21T17:41:52","slug":"inbio-260-zkteco-controlador-de-acceso-2-puertas-biometria-integrada-hasta-20000-huellas-30000-tarjetas-incluye-gabinete-y-fuente-de-alimentacion-12vcd-5a","status":"publish","type":"product","link":"https:\/\/www.securitydataandvideo.com\/inicio\/shop\/inbio-260-zkteco-controlador-de-acceso-2-puertas-biometria-integrada-hasta-20000-huellas-30000-tarjetas-incluye-gabinete-y-fuente-de-alimentacion-12vcd-5a\/","title":{"rendered":"INBIO-260 ZKTECO Controlador de Acceso \/ 2 PUERTAS \/ Biometr\u00eda Integrada \/ Hasta 20,000 Huellas \/ 30,000 Tarjetas \/ Incluye Gabinete y Fuente de Alimentaci\u00f3n 12VCD\/5A"},"content":{"rendered":"<p><strong>INBIO-260 ZKTECO Controlador de Acceso \/ 2 PUERTAS \/ Biometr\u00eda Integrada \/ Hasta 20,000 Huellas \/ 30,000 Tarjetas \/ Incluye Gabinete y Fuente de Alimentaci\u00f3n 12VCD\/5A.<\/strong><\/p>\n<p>La serie de paneles inBIO es la l\u00ednea de productos de seguridad m\u00e1s avanzada en la industria. Son los primeros controladores a nivel mundial en incorporar tecnolog\u00eda biom\u00e9trica de identificaci\u00f3n de huellas digitales de manera interna.<br \/>\nLa innovadora tecnolog\u00eda inBIO permite al administrador del sistema realizar la gesti\u00f3n de paneles, usuarios y huellas digitales de la manera m\u00e1s pr\u00e1ctica y sencilla posible. Los paneles, incluyen el software de administraci\u00f3n ZKAccess basado en Web, el cual ofrece una amigable interfaz de usuario para realizar la configuraci\u00f3n de par\u00e1metros, generar reportes de acceso, monitoreo de puertas en tiempo real entre otras m\u00faltiples funciones.<\/p>\n<p>Funciones<br \/>\n&#8211; Control de Acceso.<\/p>\n<p>Capacidad<br \/>\n&#8211; Huellas \u00a0 20,000<br \/>\n&#8211; Tarjetas\u00a0\u00a0 30,000<br \/>\n&#8211; Eventos\u00a0\u00a0 100,000<br \/>\n(Memoria de Eventos Expandible con Memoria SD, hasta 32GB).<\/p>\n<p>Comunicaci\u00f3n<br \/>\n&#8211; TCP\/IP<br \/>\n&#8211; Entrada Wiegand Multi-Formato.<\/p>\n<p>Hardware<br \/>\n&#8211; Gabinete Met\u00e1lico.<br \/>\n&#8211; Incluye Fuente de 12VCD \/ 5A con Cargador.<\/p>\n<p>Funciones de Control de Acceso<br \/>\n&#8211; Control de Acceso por Horarios y Puertas.<br \/>\n&#8211; M\u00e9todos de Verificaci\u00f3n Combinables:<br \/>\n\u2022 Huella + Tarjeta (Con Lector F12).<br \/>\n&#8211; Verificaci\u00f3n Multi-Usuario.<br \/>\n&#8211; Esclusamiento.<br \/>\n&#8211; Anti-Passback.<br \/>\n<strong><br \/>\n<\/strong>Conexiones<br \/>\n&#8211; 2 Salidas de Relevador NC\/NO\/COM Para Chapas.<br \/>\n&#8211; 2 Salidas de Relevador Auxiliares NC\/NO\/COM.<br \/>\n&#8211; 4 Entradas Auxiliares.<br \/>\n&#8211; Bot\u00f3n de Salida y Sensor Magn\u00e9tico por Puerta.<\/p>\n<p>Alimentaci\u00f3n<br \/>\n&#8211; 12VCD \/ 220mA.<\/p>\n<p>Lectores Compabibles<br \/>\n&#8211; Lectores Biom\u00e9tricos:<br \/>\n\u2022 Lector de Huella y Proximidad F12 para Interior \/ Exterior.<br \/>\n\u2022 Soporta hasta 4 Lectores F12 (Lector de Entrada y Salida).<br \/>\n\u2022 Lector USB ZK4000 para registro de huellas.<br \/>\n&#8211; Proximidad:<br \/>\n\u2022 SYSKR600E y SYSKR601E.<br \/>\n\u2022 Soporta 2 Lectores por Puerta.<br \/>\n&#8211; Lectores de Largo Alcance:<br \/>\n\u2022 PRO6RF y PRO12RF.<\/p>\n<p>Informaci\u00f3n Adicional<br \/>\n&#8211; Temperatura de Operaci\u00f3n: 0 a 55 \u00b0C.<br \/>\n&#8211; Dimensiones: 350 x 300 x 90 mm.<br \/>\n&#8211; Incluye Software de Administraci\u00f3n en Espa\u00f1ol.<br \/>\n&#8211; 1 A\u00f1o de Garant\u00eda.<\/p>\n","protected":false},"excerpt":{"rendered":"<p><strong>INBIO-260 ZKTECO Controlador de Acceso \/ 2 PUERTAS \/ Biometr\u00eda Integrada \/ Hasta 20,000 Huellas \/ 30,000 Tarjetas \/ Incluye Gabinete y Fuente de Alimentaci\u00f3n 12VCD\/5A<\/strong><\/p>\n","protected":false},"featured_media":16197,"template":"","meta":{"site-sidebar-layout":"","site-content-layout":"","ast-site-content-layout":"","site-content-style":"default","site-sidebar-style":"default","ast-global-header-display":"","ast-banner-title-visibility":"","ast-main-header-display":"","ast-hfb-above-header-display":"","ast-hfb-below-header-display":"","ast-hfb-mobile-header-display":"","site-post-title":"","ast-breadcrumbs-content":"","ast-featured-img":"","footer-sml-layout":"","theme-transparent-header-meta":"","adv-header-id-meta":"","stick-header-meta":"","header-above-stick-meta":"","header-main-stick-meta":"","header-below-stick-meta":"","astra-migrate-meta-layouts":""},"product_cat":[252],"product_tag":[131],"yoast_head":"<!-- This site is optimized with the Yoast SEO plugin v19.5.1 - https:\/\/yoast.com\/wordpress\/plugins\/seo\/ -->\n<title>INBIO-260 ZKTECO Controlador de Acceso \/ 2 PUERTAS \/ Biometr\u00eda Integrada<\/title>\n<meta name=\"description\" content=\"Security Data &amp; Video SA de CV. INBIO-260 ZKTECO Controlador de Acceso \/ 2 PUERTAS \/ Biometr\u00eda Integrada \/ Hasta 20,000 Huellas \/ 30,000 Tarjetas \/ Incluye Gabinete y Fuente de Alimentaci\u00f3n 12VCD\/5A\" \/>\n<meta name=\"robots\" content=\"index, follow, max-snippet:-1, max-image-preview:large, max-video-preview:-1\" \/>\n<link rel=\"canonical\" href=\"https:\/\/www.securitydataandvideo.com\/inicio\/shop\/inbio-260-zkteco-controlador-de-acceso-2-puertas-biometria-integrada-hasta-20000-huellas-30000-tarjetas-incluye-gabinete-y-fuente-de-alimentacion-12vcd-5a\/\" \/>\n<meta property=\"og:locale\" content=\"es_MX\" \/>\n<meta property=\"og:type\" content=\"article\" \/>\n<meta property=\"og:title\" content=\"INBIO-260 ZKTECO Controlador de Acceso \/ 2 PUERTAS \/ Biometr\u00eda Integrada\" \/>\n<meta property=\"og:description\" content=\"Security Data &amp; Video SA de CV. INBIO-260 ZKTECO Controlador de Acceso \/ 2 PUERTAS \/ Biometr\u00eda Integrada \/ Hasta 20,000 Huellas \/ 30,000 Tarjetas \/ Incluye Gabinete y Fuente de Alimentaci\u00f3n 12VCD\/5A\" \/>\n<meta property=\"og:url\" content=\"https:\/\/www.securitydataandvideo.com\/inicio\/shop\/inbio-260-zkteco-controlador-de-acceso-2-puertas-biometria-integrada-hasta-20000-huellas-30000-tarjetas-incluye-gabinete-y-fuente-de-alimentacion-12vcd-5a\/\" \/>\n<meta property=\"og:site_name\" content=\"Security Data &amp; Video SA de CV.\" \/>\n<meta property=\"article:modified_time\" content=\"2022-07-21T17:41:52+00:00\" \/>\n<meta property=\"og:image\" content=\"https:\/\/www.securitydataandvideo.com\/inicio\/wp-content\/uploads\/2022\/07\/INBIO260.jpg\" \/>\n\t<meta property=\"og:image:width\" content=\"400\" \/>\n\t<meta property=\"og:image:height\" content=\"400\" \/>\n\t<meta property=\"og:image:type\" content=\"image\/jpeg\" \/>\n<meta name=\"twitter:card\" content=\"summary\" \/>\n<meta name=\"twitter:label1\" content=\"Tiempo de lectura\" \/>\n\t<meta name=\"twitter:data1\" content=\"2 minutos\" \/>\n<script type=\"application\/ld+json\" class=\"yoast-schema-graph\">{\"@context\":\"https:\/\/schema.org\",\"@graph\":[{\"@type\":\"WebPage\",\"@id\":\"https:\/\/www.securitydataandvideo.com\/inicio\/shop\/inbio-260-zkteco-controlador-de-acceso-2-puertas-biometria-integrada-hasta-20000-huellas-30000-tarjetas-incluye-gabinete-y-fuente-de-alimentacion-12vcd-5a\/\",\"url\":\"https:\/\/www.securitydataandvideo.com\/inicio\/shop\/inbio-260-zkteco-controlador-de-acceso-2-puertas-biometria-integrada-hasta-20000-huellas-30000-tarjetas-incluye-gabinete-y-fuente-de-alimentacion-12vcd-5a\/\",\"name\":\"INBIO-260 ZKTECO Controlador de Acceso \/ 2 PUERTAS \/ Biometr\u00eda Integrada\",\"isPartOf\":{\"@id\":\"https:\/\/www.securitydataandvideo.com\/inicio\/#website\"},\"datePublished\":\"2022-07-21T17:41:46+00:00\",\"dateModified\":\"2022-07-21T17:41:52+00:00\",\"description\":\"Security Data &amp; Video SA de CV. INBIO-260 ZKTECO Controlador de Acceso \/ 2 PUERTAS \/ Biometr\u00eda Integrada \/ Hasta 20,000 Huellas \/ 30,000 Tarjetas \/ Incluye Gabinete y Fuente de Alimentaci\u00f3n 12VCD\/5A\",\"breadcrumb\":{\"@id\":\"https:\/\/www.securitydataandvideo.com\/inicio\/shop\/inbio-260-zkteco-controlador-de-acceso-2-puertas-biometria-integrada-hasta-20000-huellas-30000-tarjetas-incluye-gabinete-y-fuente-de-alimentacion-12vcd-5a\/#breadcrumb\"},\"inLanguage\":\"es-MX\",\"potentialAction\":[{\"@type\":\"ReadAction\",\"target\":[\"https:\/\/www.securitydataandvideo.com\/inicio\/shop\/inbio-260-zkteco-controlador-de-acceso-2-puertas-biometria-integrada-hasta-20000-huellas-30000-tarjetas-incluye-gabinete-y-fuente-de-alimentacion-12vcd-5a\/\"]}]},{\"@type\":\"BreadcrumbList\",\"@id\":\"https:\/\/www.securitydataandvideo.com\/inicio\/shop\/inbio-260-zkteco-controlador-de-acceso-2-puertas-biometria-integrada-hasta-20000-huellas-30000-tarjetas-incluye-gabinete-y-fuente-de-alimentacion-12vcd-5a\/#breadcrumb\",\"itemListElement\":[{\"@type\":\"ListItem\",\"position\":1,\"name\":\"Inicio\",\"item\":\"https:\/\/www.securitydataandvideo.com\/inicio\/\"},{\"@type\":\"ListItem\",\"position\":2,\"name\":\"Shop\",\"item\":\"https:\/\/www.securitydataandvideo.com\/inicio\/shop\/\"},{\"@type\":\"ListItem\",\"position\":3,\"name\":\"INBIO-260 ZKTECO Controlador de Acceso \/ 2 PUERTAS \/ Biometr\u00eda Integrada \/ Hasta 20,000 Huellas \/ 30,000 Tarjetas \/ Incluye Gabinete y Fuente de Alimentaci\u00f3n 12VCD\/5A\"}]},{\"@type\":\"WebSite\",\"@id\":\"https:\/\/www.securitydataandvideo.com\/inicio\/#website\",\"url\":\"https:\/\/www.securitydataandvideo.com\/inicio\/\",\"name\":\"Security Data &amp; Video SA de CV.\",\"description\":\"Seguridad Electr\u00f3nica y Energ\u00eda\",\"publisher\":{\"@id\":\"https:\/\/www.securitydataandvideo.com\/inicio\/#organization\"},\"potentialAction\":[{\"@type\":\"SearchAction\",\"target\":{\"@type\":\"EntryPoint\",\"urlTemplate\":\"https:\/\/www.securitydataandvideo.com\/inicio\/?s={search_term_string}\"},\"query-input\":\"required name=search_term_string\"}],\"inLanguage\":\"es-MX\"},{\"@type\":\"Organization\",\"@id\":\"https:\/\/www.securitydataandvideo.com\/inicio\/#organization\",\"name\":\"Security Data & Video SA de CV\",\"url\":\"https:\/\/www.securitydataandvideo.com\/inicio\/\",\"sameAs\":[],\"logo\":{\"@type\":\"ImageObject\",\"inLanguage\":\"es-MX\",\"@id\":\"https:\/\/www.securitydataandvideo.com\/inicio\/#\/schema\/logo\/image\/\",\"url\":\"https:\/\/www.securitydataandvideo.com\/inicio\/wp-content\/uploads\/2021\/10\/Logo-Azul.png\",\"contentUrl\":\"https:\/\/www.securitydataandvideo.com\/inicio\/wp-content\/uploads\/2021\/10\/Logo-Azul.png\",\"width\":555,\"height\":375,\"caption\":\"Security Data & Video SA de CV\"},\"image\":{\"@id\":\"https:\/\/www.securitydataandvideo.com\/inicio\/#\/schema\/logo\/image\/\"}}]}<\/script>\n<!-- \/ Yoast SEO plugin. -->","yoast_head_json":{"title":"INBIO-260 ZKTECO Controlador de Acceso \/ 2 PUERTAS \/ Biometr\u00eda Integrada","description":"Security Data &amp; Video SA de CV. INBIO-260 ZKTECO Controlador de Acceso \/ 2 PUERTAS \/ Biometr\u00eda Integrada \/ Hasta 20,000 Huellas \/ 30,000 Tarjetas \/ Incluye Gabinete y Fuente de Alimentaci\u00f3n 12VCD\/5A","robots":{"index":"index","follow":"follow","max-snippet":"max-snippet:-1","max-image-preview":"max-image-preview:large","max-video-preview":"max-video-preview:-1"},"canonical":"https:\/\/www.securitydataandvideo.com\/inicio\/shop\/inbio-260-zkteco-controlador-de-acceso-2-puertas-biometria-integrada-hasta-20000-huellas-30000-tarjetas-incluye-gabinete-y-fuente-de-alimentacion-12vcd-5a\/","og_locale":"es_MX","og_type":"article","og_title":"INBIO-260 ZKTECO Controlador de Acceso \/ 2 PUERTAS \/ Biometr\u00eda Integrada","og_description":"Security Data &amp; Video SA de CV. INBIO-260 ZKTECO Controlador de Acceso \/ 2 PUERTAS \/ Biometr\u00eda Integrada \/ Hasta 20,000 Huellas \/ 30,000 Tarjetas \/ Incluye Gabinete y Fuente de Alimentaci\u00f3n 12VCD\/5A","og_url":"https:\/\/www.securitydataandvideo.com\/inicio\/shop\/inbio-260-zkteco-controlador-de-acceso-2-puertas-biometria-integrada-hasta-20000-huellas-30000-tarjetas-incluye-gabinete-y-fuente-de-alimentacion-12vcd-5a\/","og_site_name":"Security Data &amp; Video SA de CV.","article_modified_time":"2022-07-21T17:41:52+00:00","og_image":[{"width":400,"height":400,"url":"https:\/\/www.securitydataandvideo.com\/inicio\/wp-content\/uploads\/2022\/07\/INBIO260.jpg","type":"image\/jpeg"}],"twitter_card":"summary","twitter_misc":{"Tiempo de lectura":"2 minutos"},"schema":{"@context":"https:\/\/schema.org","@graph":[{"@type":"WebPage","@id":"https:\/\/www.securitydataandvideo.com\/inicio\/shop\/inbio-260-zkteco-controlador-de-acceso-2-puertas-biometria-integrada-hasta-20000-huellas-30000-tarjetas-incluye-gabinete-y-fuente-de-alimentacion-12vcd-5a\/","url":"https:\/\/www.securitydataandvideo.com\/inicio\/shop\/inbio-260-zkteco-controlador-de-acceso-2-puertas-biometria-integrada-hasta-20000-huellas-30000-tarjetas-incluye-gabinete-y-fuente-de-alimentacion-12vcd-5a\/","name":"INBIO-260 ZKTECO Controlador de Acceso \/ 2 PUERTAS \/ Biometr\u00eda Integrada","isPartOf":{"@id":"https:\/\/www.securitydataandvideo.com\/inicio\/#website"},"datePublished":"2022-07-21T17:41:46+00:00","dateModified":"2022-07-21T17:41:52+00:00","description":"Security Data &amp; Video SA de CV. INBIO-260 ZKTECO Controlador de Acceso \/ 2 PUERTAS \/ Biometr\u00eda Integrada \/ Hasta 20,000 Huellas \/ 30,000 Tarjetas \/ Incluye Gabinete y Fuente de Alimentaci\u00f3n 12VCD\/5A","breadcrumb":{"@id":"https:\/\/www.securitydataandvideo.com\/inicio\/shop\/inbio-260-zkteco-controlador-de-acceso-2-puertas-biometria-integrada-hasta-20000-huellas-30000-tarjetas-incluye-gabinete-y-fuente-de-alimentacion-12vcd-5a\/#breadcrumb"},"inLanguage":"es-MX","potentialAction":[{"@type":"ReadAction","target":["https:\/\/www.securitydataandvideo.com\/inicio\/shop\/inbio-260-zkteco-controlador-de-acceso-2-puertas-biometria-integrada-hasta-20000-huellas-30000-tarjetas-incluye-gabinete-y-fuente-de-alimentacion-12vcd-5a\/"]}]},{"@type":"BreadcrumbList","@id":"https:\/\/www.securitydataandvideo.com\/inicio\/shop\/inbio-260-zkteco-controlador-de-acceso-2-puertas-biometria-integrada-hasta-20000-huellas-30000-tarjetas-incluye-gabinete-y-fuente-de-alimentacion-12vcd-5a\/#breadcrumb","itemListElement":[{"@type":"ListItem","position":1,"name":"Inicio","item":"https:\/\/www.securitydataandvideo.com\/inicio\/"},{"@type":"ListItem","position":2,"name":"Shop","item":"https:\/\/www.securitydataandvideo.com\/inicio\/shop\/"},{"@type":"ListItem","position":3,"name":"INBIO-260 ZKTECO Controlador de Acceso \/ 2 PUERTAS \/ Biometr\u00eda Integrada \/ Hasta 20,000 Huellas \/ 30,000 Tarjetas \/ Incluye Gabinete y Fuente de Alimentaci\u00f3n 12VCD\/5A"}]},{"@type":"WebSite","@id":"https:\/\/www.securitydataandvideo.com\/inicio\/#website","url":"https:\/\/www.securitydataandvideo.com\/inicio\/","name":"Security Data &amp; Video SA de CV.","description":"Seguridad Electr\u00f3nica y Energ\u00eda","publisher":{"@id":"https:\/\/www.securitydataandvideo.com\/inicio\/#organization"},"potentialAction":[{"@type":"SearchAction","target":{"@type":"EntryPoint","urlTemplate":"https:\/\/www.securitydataandvideo.com\/inicio\/?s={search_term_string}"},"query-input":"required name=search_term_string"}],"inLanguage":"es-MX"},{"@type":"Organization","@id":"https:\/\/www.securitydataandvideo.com\/inicio\/#organization","name":"Security Data & Video SA de CV","url":"https:\/\/www.securitydataandvideo.com\/inicio\/","sameAs":[],"logo":{"@type":"ImageObject","inLanguage":"es-MX","@id":"https:\/\/www.securitydataandvideo.com\/inicio\/#\/schema\/logo\/image\/","url":"https:\/\/www.securitydataandvideo.com\/inicio\/wp-content\/uploads\/2021\/10\/Logo-Azul.png","contentUrl":"https:\/\/www.securitydataandvideo.com\/inicio\/wp-content\/uploads\/2021\/10\/Logo-Azul.png","width":555,"height":375,"caption":"Security Data & Video SA de CV"},"image":{"@id":"https:\/\/www.securitydataandvideo.com\/inicio\/#\/schema\/logo\/image\/"}}]}},"_links":{"self":[{"href":"https:\/\/www.securitydataandvideo.com\/inicio\/wp-json\/wp\/v2\/product\/16185"}],"collection":[{"href":"https:\/\/www.securitydataandvideo.com\/inicio\/wp-json\/wp\/v2\/product"}],"about":[{"href":"https:\/\/www.securitydataandvideo.com\/inicio\/wp-json\/wp\/v2\/types\/product"}],"wp:featuredmedia":[{"embeddable":true,"href":"https:\/\/www.securitydataandvideo.com\/inicio\/wp-json\/wp\/v2\/media\/16197"}],"wp:attachment":[{"href":"https:\/\/www.securitydataandvideo.com\/inicio\/wp-json\/wp\/v2\/media?parent=16185"}],"wp:term":[{"taxonomy":"product_cat","embeddable":true,"href":"https:\/\/www.securitydataandvideo.com\/inicio\/wp-json\/wp\/v2\/product_cat?post=16185"},{"taxonomy":"product_tag","embeddable":true,"href":"https:\/\/www.securitydataandvideo.com\/inicio\/wp-json\/wp\/v2\/product_tag?post=16185"}],"curies":[{"name":"wp","href":"https:\/\/api.w.org\/{rel}","templated":true}]}}