{"id":16188,"date":"2022-07-21T11:41:46","date_gmt":"2022-07-21T17:41:46","guid":{"rendered":"https:\/\/www.securitydataandvideo.com\/inicio\/?post_type=product&#038;p=16188"},"modified":"2022-07-21T11:41:54","modified_gmt":"2022-07-21T17:41:54","slug":"zktn-3p-zkteco-licencia-de-software-zk-timenet-3-0-economic-hasta-1000-usuarios","status":"publish","type":"product","link":"https:\/\/www.securitydataandvideo.com\/inicio\/shop\/zktn-3p-zkteco-licencia-de-software-zk-timenet-3-0-economic-hasta-1000-usuarios\/","title":{"rendered":"ZKTN-3P ZKTECO Licencia de software ZK TimeNet 3.0 Economic. Hasta 1000 Usuarios"},"content":{"rendered":"<p><strong>ZKTN-3P ZKTECO Licencia de software ZK TimeNet 3.0 Economic. Hasta 1000 Usuarios<\/strong><\/p>\n<h1 class=\"tituloDeLista\">\u00bfD\u00f3nde se puede implementar?<\/h1>\n<p>Podemos utilizar \u00e9ste software en cualquier aplicaci\u00f3n en la cual necesitemos llevar un registro de eventos y poder realizar un balance de los mismos, por ejemplo:<\/p>\n<ul>\n<li>Monitoreo en tiempo real del estado del empleado(si registr\u00f3 entrada, o no han tenido ning\u00fan registro).<\/li>\n<li>Mas de 15 reportes diferentes (\u00a0Registros, Asistencia, Retardos, Salidas tempranas, etc).<\/li>\n<li>Administraci\u00f3n de horarios nocturnos, descansos, etc.<\/li>\n<li>Configuraci\u00f3n de turnos.<\/li>\n<\/ul>\n<h1 class=\"tituloDeLista\">Requerimientos M\u00ednimos<\/h1>\n<ul>\n<li>CPU Intel Core i3.<\/li>\n<li>4 Gb de RAM.<\/li>\n<li>500 Gb de disco duro<\/li>\n<li><strong>\u00a0Windows 7\/8\/8.1\/10 Profesional de 32 o 64 bits.(No compatible con otras versiones de Windows, Mac o Linux).<\/strong><\/li>\n<li><strong>No compatible con maquinas o servidores virtuales.<\/strong><\/li>\n<\/ul>\n<p>Nota:<\/p>\n<ul>\n<li><strong>Se proporciona de 3 a 5 d\u00edas h\u00e1biles, despu\u00e9s de ser solicitada la licencia<\/strong>\u00a0(vigencia 3 a\u00f1os).<\/li>\n<li>El software no es transferible de computadora, (de da\u00f1arse la computadora sera necesario adquirir otra licencia) ( La computadora se puede formatear \u00a0si se utiliza el mismo \u00a0disco de instalacion)<\/li>\n<li>La Garantia es de un a\u00f1o ( no aplica \u00a0si se esta fuera de especificacion) y aplica un reemplazo \u00fanico de licencia.<\/li>\n<li>El software puede presentar cambios sin previo aviso<\/li>\n<li>El software\u00a0<strong>NO\u00a0<\/strong>es cliente servidor ( solo trabaja con una computadora y una base de datos.)<\/li>\n<li>Las licencias\u00a0<strong>NO\u00a0<\/strong>son\u00a0acumulables. (En caso de crecimiento de licencias preguntar al departamento de Ingenier\u00eda).<\/li>\n<li><strong>M\u00e1ximo 50 dispositivos.<\/strong><\/li>\n<\/ul>\n<p><img src=\"https:\/\/ftp3.syscom.mx\/usuarios\/fmedina\/erp-images\/zktimenet3_00.png\" \/><\/p>\n<p><img src=\"https:\/\/ftp3.syscom.mx\/usuarios\/fmedina\/erp-images\/zktimenet3_02.png\" \/><\/p>\n","protected":false},"excerpt":{"rendered":"<p><strong>ZKTN-3P ZKTECO Licencia de software ZK TimeNet 3.0 Economic. Hasta 1000 Usuarios <\/strong><\/p>\n","protected":false},"featured_media":16198,"template":"","meta":{"site-sidebar-layout":"","site-content-layout":"","ast-site-content-layout":"","site-content-style":"default","site-sidebar-style":"default","ast-global-header-display":"","ast-banner-title-visibility":"","ast-main-header-display":"","ast-hfb-above-header-display":"","ast-hfb-below-header-display":"","ast-hfb-mobile-header-display":"","site-post-title":"","ast-breadcrumbs-content":"","ast-featured-img":"","footer-sml-layout":"","theme-transparent-header-meta":"","adv-header-id-meta":"","stick-header-meta":"","header-above-stick-meta":"","header-main-stick-meta":"","header-below-stick-meta":"","astra-migrate-meta-layouts":""},"product_cat":[313],"product_tag":[131],"yoast_head":"<!-- This site is optimized with the Yoast SEO plugin v19.5.1 - https:\/\/yoast.com\/wordpress\/plugins\/seo\/ -->\n<title>ZKTN-3P ZKTECO Licencia de software ZK TimeNet 3.0 Economic<\/title>\n<meta name=\"description\" content=\"Security Data &amp; Video SA de CV.ZKTN-3P ZKTECO Licencia de software ZK TimeNet 3.0 Economic. Hasta 1000 Usuarios\" \/>\n<meta name=\"robots\" content=\"index, follow, max-snippet:-1, max-image-preview:large, max-video-preview:-1\" \/>\n<link rel=\"canonical\" href=\"https:\/\/www.securitydataandvideo.com\/inicio\/shop\/zktn-3p-zkteco-licencia-de-software-zk-timenet-3-0-economic-hasta-1000-usuarios\/\" \/>\n<meta property=\"og:locale\" content=\"es_MX\" \/>\n<meta property=\"og:type\" content=\"article\" \/>\n<meta property=\"og:title\" content=\"ZKTN-3P ZKTECO Licencia de software ZK TimeNet 3.0 Economic\" \/>\n<meta property=\"og:description\" content=\"Security Data &amp; Video SA de CV.ZKTN-3P ZKTECO Licencia de software ZK TimeNet 3.0 Economic. Hasta 1000 Usuarios\" \/>\n<meta property=\"og:url\" content=\"https:\/\/www.securitydataandvideo.com\/inicio\/shop\/zktn-3p-zkteco-licencia-de-software-zk-timenet-3-0-economic-hasta-1000-usuarios\/\" \/>\n<meta property=\"og:site_name\" content=\"Security Data &amp; Video SA de CV.\" \/>\n<meta property=\"article:modified_time\" content=\"2022-07-21T17:41:54+00:00\" \/>\n<meta property=\"og:image\" content=\"https:\/\/www.securitydataandvideo.com\/inicio\/wp-content\/uploads\/2022\/07\/ZKTN3S-p.png\" \/>\n\t<meta property=\"og:image:width\" content=\"400\" \/>\n\t<meta property=\"og:image:height\" content=\"400\" \/>\n\t<meta property=\"og:image:type\" content=\"image\/png\" \/>\n<meta name=\"twitter:card\" content=\"summary\" \/>\n<meta name=\"twitter:label1\" content=\"Tiempo de lectura\" \/>\n\t<meta name=\"twitter:data1\" content=\"1 minuto\" \/>\n<script type=\"application\/ld+json\" class=\"yoast-schema-graph\">{\"@context\":\"https:\/\/schema.org\",\"@graph\":[{\"@type\":\"WebPage\",\"@id\":\"https:\/\/www.securitydataandvideo.com\/inicio\/shop\/zktn-3p-zkteco-licencia-de-software-zk-timenet-3-0-economic-hasta-1000-usuarios\/\",\"url\":\"https:\/\/www.securitydataandvideo.com\/inicio\/shop\/zktn-3p-zkteco-licencia-de-software-zk-timenet-3-0-economic-hasta-1000-usuarios\/\",\"name\":\"ZKTN-3P ZKTECO Licencia de software ZK TimeNet 3.0 Economic\",\"isPartOf\":{\"@id\":\"https:\/\/www.securitydataandvideo.com\/inicio\/#website\"},\"datePublished\":\"2022-07-21T17:41:46+00:00\",\"dateModified\":\"2022-07-21T17:41:54+00:00\",\"description\":\"Security Data &amp; Video SA de CV.ZKTN-3P ZKTECO Licencia de software ZK TimeNet 3.0 Economic. Hasta 1000 Usuarios\",\"breadcrumb\":{\"@id\":\"https:\/\/www.securitydataandvideo.com\/inicio\/shop\/zktn-3p-zkteco-licencia-de-software-zk-timenet-3-0-economic-hasta-1000-usuarios\/#breadcrumb\"},\"inLanguage\":\"es-MX\",\"potentialAction\":[{\"@type\":\"ReadAction\",\"target\":[\"https:\/\/www.securitydataandvideo.com\/inicio\/shop\/zktn-3p-zkteco-licencia-de-software-zk-timenet-3-0-economic-hasta-1000-usuarios\/\"]}]},{\"@type\":\"BreadcrumbList\",\"@id\":\"https:\/\/www.securitydataandvideo.com\/inicio\/shop\/zktn-3p-zkteco-licencia-de-software-zk-timenet-3-0-economic-hasta-1000-usuarios\/#breadcrumb\",\"itemListElement\":[{\"@type\":\"ListItem\",\"position\":1,\"name\":\"Inicio\",\"item\":\"https:\/\/www.securitydataandvideo.com\/inicio\/\"},{\"@type\":\"ListItem\",\"position\":2,\"name\":\"Shop\",\"item\":\"https:\/\/www.securitydataandvideo.com\/inicio\/shop\/\"},{\"@type\":\"ListItem\",\"position\":3,\"name\":\"ZKTN-3P ZKTECO Licencia de software ZK TimeNet 3.0 Economic. Hasta 1000 Usuarios\"}]},{\"@type\":\"WebSite\",\"@id\":\"https:\/\/www.securitydataandvideo.com\/inicio\/#website\",\"url\":\"https:\/\/www.securitydataandvideo.com\/inicio\/\",\"name\":\"Security Data &amp; Video SA de CV.\",\"description\":\"Seguridad Electr\u00f3nica y Energ\u00eda\",\"publisher\":{\"@id\":\"https:\/\/www.securitydataandvideo.com\/inicio\/#organization\"},\"potentialAction\":[{\"@type\":\"SearchAction\",\"target\":{\"@type\":\"EntryPoint\",\"urlTemplate\":\"https:\/\/www.securitydataandvideo.com\/inicio\/?s={search_term_string}\"},\"query-input\":\"required name=search_term_string\"}],\"inLanguage\":\"es-MX\"},{\"@type\":\"Organization\",\"@id\":\"https:\/\/www.securitydataandvideo.com\/inicio\/#organization\",\"name\":\"Security Data & Video SA de CV\",\"url\":\"https:\/\/www.securitydataandvideo.com\/inicio\/\",\"sameAs\":[],\"logo\":{\"@type\":\"ImageObject\",\"inLanguage\":\"es-MX\",\"@id\":\"https:\/\/www.securitydataandvideo.com\/inicio\/#\/schema\/logo\/image\/\",\"url\":\"https:\/\/www.securitydataandvideo.com\/inicio\/wp-content\/uploads\/2021\/10\/Logo-Azul.png\",\"contentUrl\":\"https:\/\/www.securitydataandvideo.com\/inicio\/wp-content\/uploads\/2021\/10\/Logo-Azul.png\",\"width\":555,\"height\":375,\"caption\":\"Security Data & Video SA de CV\"},\"image\":{\"@id\":\"https:\/\/www.securitydataandvideo.com\/inicio\/#\/schema\/logo\/image\/\"}}]}<\/script>\n<!-- \/ Yoast SEO plugin. -->","yoast_head_json":{"title":"ZKTN-3P ZKTECO Licencia de software ZK TimeNet 3.0 Economic","description":"Security Data &amp; Video SA de CV.ZKTN-3P ZKTECO Licencia de software ZK TimeNet 3.0 Economic. Hasta 1000 Usuarios","robots":{"index":"index","follow":"follow","max-snippet":"max-snippet:-1","max-image-preview":"max-image-preview:large","max-video-preview":"max-video-preview:-1"},"canonical":"https:\/\/www.securitydataandvideo.com\/inicio\/shop\/zktn-3p-zkteco-licencia-de-software-zk-timenet-3-0-economic-hasta-1000-usuarios\/","og_locale":"es_MX","og_type":"article","og_title":"ZKTN-3P ZKTECO Licencia de software ZK TimeNet 3.0 Economic","og_description":"Security Data &amp; Video SA de CV.ZKTN-3P ZKTECO Licencia de software ZK TimeNet 3.0 Economic. Hasta 1000 Usuarios","og_url":"https:\/\/www.securitydataandvideo.com\/inicio\/shop\/zktn-3p-zkteco-licencia-de-software-zk-timenet-3-0-economic-hasta-1000-usuarios\/","og_site_name":"Security Data &amp; Video SA de CV.","article_modified_time":"2022-07-21T17:41:54+00:00","og_image":[{"width":400,"height":400,"url":"https:\/\/www.securitydataandvideo.com\/inicio\/wp-content\/uploads\/2022\/07\/ZKTN3S-p.png","type":"image\/png"}],"twitter_card":"summary","twitter_misc":{"Tiempo de lectura":"1 minuto"},"schema":{"@context":"https:\/\/schema.org","@graph":[{"@type":"WebPage","@id":"https:\/\/www.securitydataandvideo.com\/inicio\/shop\/zktn-3p-zkteco-licencia-de-software-zk-timenet-3-0-economic-hasta-1000-usuarios\/","url":"https:\/\/www.securitydataandvideo.com\/inicio\/shop\/zktn-3p-zkteco-licencia-de-software-zk-timenet-3-0-economic-hasta-1000-usuarios\/","name":"ZKTN-3P ZKTECO Licencia de software ZK TimeNet 3.0 Economic","isPartOf":{"@id":"https:\/\/www.securitydataandvideo.com\/inicio\/#website"},"datePublished":"2022-07-21T17:41:46+00:00","dateModified":"2022-07-21T17:41:54+00:00","description":"Security Data &amp; Video SA de CV.ZKTN-3P ZKTECO Licencia de software ZK TimeNet 3.0 Economic. Hasta 1000 Usuarios","breadcrumb":{"@id":"https:\/\/www.securitydataandvideo.com\/inicio\/shop\/zktn-3p-zkteco-licencia-de-software-zk-timenet-3-0-economic-hasta-1000-usuarios\/#breadcrumb"},"inLanguage":"es-MX","potentialAction":[{"@type":"ReadAction","target":["https:\/\/www.securitydataandvideo.com\/inicio\/shop\/zktn-3p-zkteco-licencia-de-software-zk-timenet-3-0-economic-hasta-1000-usuarios\/"]}]},{"@type":"BreadcrumbList","@id":"https:\/\/www.securitydataandvideo.com\/inicio\/shop\/zktn-3p-zkteco-licencia-de-software-zk-timenet-3-0-economic-hasta-1000-usuarios\/#breadcrumb","itemListElement":[{"@type":"ListItem","position":1,"name":"Inicio","item":"https:\/\/www.securitydataandvideo.com\/inicio\/"},{"@type":"ListItem","position":2,"name":"Shop","item":"https:\/\/www.securitydataandvideo.com\/inicio\/shop\/"},{"@type":"ListItem","position":3,"name":"ZKTN-3P ZKTECO Licencia de software ZK TimeNet 3.0 Economic. Hasta 1000 Usuarios"}]},{"@type":"WebSite","@id":"https:\/\/www.securitydataandvideo.com\/inicio\/#website","url":"https:\/\/www.securitydataandvideo.com\/inicio\/","name":"Security Data &amp; Video SA de CV.","description":"Seguridad Electr\u00f3nica y Energ\u00eda","publisher":{"@id":"https:\/\/www.securitydataandvideo.com\/inicio\/#organization"},"potentialAction":[{"@type":"SearchAction","target":{"@type":"EntryPoint","urlTemplate":"https:\/\/www.securitydataandvideo.com\/inicio\/?s={search_term_string}"},"query-input":"required name=search_term_string"}],"inLanguage":"es-MX"},{"@type":"Organization","@id":"https:\/\/www.securitydataandvideo.com\/inicio\/#organization","name":"Security Data & Video SA de CV","url":"https:\/\/www.securitydataandvideo.com\/inicio\/","sameAs":[],"logo":{"@type":"ImageObject","inLanguage":"es-MX","@id":"https:\/\/www.securitydataandvideo.com\/inicio\/#\/schema\/logo\/image\/","url":"https:\/\/www.securitydataandvideo.com\/inicio\/wp-content\/uploads\/2021\/10\/Logo-Azul.png","contentUrl":"https:\/\/www.securitydataandvideo.com\/inicio\/wp-content\/uploads\/2021\/10\/Logo-Azul.png","width":555,"height":375,"caption":"Security Data & Video SA de CV"},"image":{"@id":"https:\/\/www.securitydataandvideo.com\/inicio\/#\/schema\/logo\/image\/"}}]}},"_links":{"self":[{"href":"https:\/\/www.securitydataandvideo.com\/inicio\/wp-json\/wp\/v2\/product\/16188"}],"collection":[{"href":"https:\/\/www.securitydataandvideo.com\/inicio\/wp-json\/wp\/v2\/product"}],"about":[{"href":"https:\/\/www.securitydataandvideo.com\/inicio\/wp-json\/wp\/v2\/types\/product"}],"wp:featuredmedia":[{"embeddable":true,"href":"https:\/\/www.securitydataandvideo.com\/inicio\/wp-json\/wp\/v2\/media\/16198"}],"wp:attachment":[{"href":"https:\/\/www.securitydataandvideo.com\/inicio\/wp-json\/wp\/v2\/media?parent=16188"}],"wp:term":[{"taxonomy":"product_cat","embeddable":true,"href":"https:\/\/www.securitydataandvideo.com\/inicio\/wp-json\/wp\/v2\/product_cat?post=16188"},{"taxonomy":"product_tag","embeddable":true,"href":"https:\/\/www.securitydataandvideo.com\/inicio\/wp-json\/wp\/v2\/product_tag?post=16188"}],"curies":[{"name":"wp","href":"https:\/\/api.w.org\/{rel}","templated":true}]}}