{"id":16190,"date":"2022-07-21T11:41:46","date_gmt":"2022-07-21T17:41:46","guid":{"rendered":"https:\/\/www.securitydataandvideo.com\/inicio\/?post_type=product&#038;p=16190"},"modified":"2022-07-21T11:41:56","modified_gmt":"2022-07-21T17:41:56","slug":"es-200xi-fire-lite-panel-direccionable-de-deteccion-de-incendio-de-198-puntos-sin-comunicador-en-guadalajara-jalisco-y-todo-mexico","status":"publish","type":"product","link":"https:\/\/www.securitydataandvideo.com\/inicio\/shop\/es-200xi-fire-lite-panel-direccionable-de-deteccion-de-incendio-de-198-puntos-sin-comunicador-en-guadalajara-jalisco-y-todo-mexico\/","title":{"rendered":"ES-200XI FIRE-LITE Panel Direccionable de Detecci\u00f3n de Incendio de 198 Puntos sin Comunicador, en Guadalajara Jalisco y todo M\u00e9xico."},"content":{"rendered":"<p><strong>ES-200XI FIRE-LITE Panel Direccionable de Detecci\u00f3n de Incendio de 198 Puntos sin Comunicador, en Guadalajara Jalisco y todo M\u00e9xico.<\/strong><\/p>\n<p>La seguridad m\u00e1s inteligente no tiene por que ser coomplicada. El legado de Fire-Lite de simplicidad y rendimiento confiable\u00a0contin\u00faa con la serie Fire-Lite Endurance. El nuevo panel de controol de alarma ES-200XI ofrecen botones programables y soporta detectores direccionables de fuego y CO combinados. Ofrece ahora m\u00e1s capacidad y conveniencia que nunca para una seguridad sorprendentemente simple.<\/p>\n<h6>ES-200XI FIRE-LITE Panel Direccionable<\/h6>\n<ul>\n<li>Listados y aprobaciones: UL, FM, CSFM y FDNY<\/li>\n<li>Admite hasta 198 dispositivos direccionables (99 detectores y 99 modulos)<\/li>\n<li>Carga\/Descarga con una unidad de memoria USB<\/li>\n<li>Soporta detector direccionable multicriterio SD-355CO (humo, calor, CO)<\/li>\n<li>Soporta bases sonoras direccionables<\/li>\n<li>Cuatro teclas de funci\u00f3n programables<\/li>\n<li>Capacidad incorporada de Clase A para los 4 NAC; no se requiere tarjeta opcional<\/li>\n<li>Indicaci\u00f3n de problema para dispositivos SLC no programados<\/li>\n<li>Detecci\u00f3n autom\u00e1tica de m\u00f3dulos de control tipo &#8220;rel\u00e9&#8221; frente a &#8220;NAC&#8221; durante la programaci\u00f3n autom\u00e1tica<\/li>\n<li>Controlador y anunciador de pantalla para SWIFT inconrporado en el panel.<\/li>\n<\/ul>\n<h6><strong>Beneficios del ES-200XI FIRE-LITE Panel Direccionable<\/strong><\/h6>\n<ul>\n<li>Ahorra tiempo con 4 botones programables para automatizar tareas, permitir actualizaciones y programaci\u00f3n del panel via USB<\/li>\n<li>Ahorra en instalaciones inalambricas SWIFT a traves de Paneles Fire-Lite anteriores con conexi\u00f3n inalambrica incorporada. Controlador de pantalla y anunciador.<\/li>\n<\/ul>\n<pre id=\"tw-target-text\" class=\"tw-data-text tw-text-large XcVN5d tw-ta\" dir=\"ltr\" data-placeholder=\"Traducci\u00f3n\"><span lang=\"es\">Caracteristicas\r\n\u2022 Incluido en UL Standard 864, d\u00e9cima edici\u00f3n\r\n\u2022 Comunicador de estaci\u00f3n central IPOTS-COM Ethernet IP y POTS (servicio telef\u00f3nico antiguo simple) preinstalado a trav\u00e9s de AlarmNet\r\n\u2022 Estaci\u00f3n central GSM CELL-MOD o CELL-CAB-FL opcional\r\nComunicador sobre AlarmNet\u00ae\r\n\u2022 Activaci\u00f3n automatizada del comando de emergencia ECC-50\/100\r\nCentrar\r\n\u2022 Opci\u00f3n de tel\u00e9fono para bomberos ECC-FFT\r\n\u2022 Compatible con dispositivos inal\u00e1mbricos SWIFT\u00ae\r\n\u2022 La programaci\u00f3n autom\u00e1tica (modo de aprendizaje) reduce el tiempo de instalaci\u00f3n.\r\nReporta dos dispositivos configurados en la misma direcci\u00f3n\r\n\u2022 Cuatro estilos Z (Clase A) integrados, programables independientemente\r\nCircuitos NAC estilo Y (clase B)\r\n\u2022 Sincronizaci\u00f3n estrobosc\u00f3pica seleccionable para System Sensor, Wheelock,\r\ny dispositivos Gentex\r\n\u2022 Coincidencia de resistencia de fin de l\u00ednea del circuito del dispositivo de notificaci\u00f3n\r\n\u2022 Cuatro teclas de funci\u00f3n programables para facilitar el mantenimiento\r\n\u2022 Dos rel\u00e9s programables y un rel\u00e9 de problema fijo\r\n\u2022 Programador incorporado\r\n\u2022 Pantalla LCD integral de 80 caracteres con retroiluminaci\u00f3n\r\n\u2022 Reloj \/ calendario en tiempo real con control autom\u00e1tico de horario de verano\r\n\u2022 Archivo hist\u00f3rico con capacidad para 1000 eventos\r\n\u2022 Compatibilidad con base de sirena direccionable\r\n\u2022 Detector multicriterio (humo, calor, CO) con programable\r\nrespuesta\r\n\u2022 Temporizador de retardo del m\u00f3dulo de control\r\n\u2022 Prueba autom\u00e1tica de sensibilidad del detector (cumple con NFPA 72)\r\n\u2022 Verificaci\u00f3n autom\u00e1tica del c\u00f3digo de tipo de dispositivo\r\n\u2022 Identificaci\u00f3n de problemas puntuales\r\n\u2022 Selecci\u00f3n de flujo de agua por punto de m\u00f3dulo<\/span><\/pre>\n","protected":false},"excerpt":{"rendered":"<p><strong>ES-200XI FIRE-LITE ALARMS BY HONEYWELL Panel Direccionable de Detecci\u00f3n de Incendio de 198 Puntos sin Comunicador, en Guadalajara Jalisco y todo M\u00e9xico.<\/strong><\/p>\n","protected":false},"featured_media":16199,"template":"","meta":{"site-sidebar-layout":"default","site-content-layout":"default","ast-site-content-layout":"","site-content-style":"default","site-sidebar-style":"default","ast-global-header-display":"","ast-banner-title-visibility":"","ast-main-header-display":"","ast-hfb-above-header-display":"","ast-hfb-below-header-display":"","ast-hfb-mobile-header-display":"","site-post-title":"","ast-breadcrumbs-content":"","ast-featured-img":"","footer-sml-layout":"","theme-transparent-header-meta":"default","adv-header-id-meta":"","stick-header-meta":"","header-above-stick-meta":"","header-main-stick-meta":"","header-below-stick-meta":"","astra-migrate-meta-layouts":""},"product_cat":[327],"product_tag":[328],"yoast_head":"<!-- This site is optimized with the Yoast SEO plugin v19.5.1 - https:\/\/yoast.com\/wordpress\/plugins\/seo\/ -->\n<title>ES-200XI FIRE-LITE Panel Direccionable - Security Data &amp; Video SA de CV.<\/title>\n<meta name=\"description\" content=\"ES-200XI FIRE-LITE Panel Direccionable de Detecci\u00f3n de Incendio de 198 Puntos sin Comunicador, en Guadalajara Jalisco y todo M\u00e9xico.\" \/>\n<meta name=\"robots\" content=\"index, follow, max-snippet:-1, max-image-preview:large, max-video-preview:-1\" \/>\n<link rel=\"canonical\" href=\"https:\/\/www.securitydataandvideo.com\/inicio\/shop\/es-200xi-fire-lite-panel-direccionable-de-deteccion-de-incendio-de-198-puntos-sin-comunicador-en-guadalajara-jalisco-y-todo-mexico\/\" \/>\n<meta property=\"og:locale\" content=\"es_MX\" \/>\n<meta property=\"og:type\" content=\"article\" \/>\n<meta property=\"og:title\" content=\"ES-200XI FIRE-LITE Panel Direccionable - Security Data &amp; Video SA de CV.\" \/>\n<meta property=\"og:description\" content=\"ES-200XI FIRE-LITE Panel Direccionable de Detecci\u00f3n de Incendio de 198 Puntos sin Comunicador, en Guadalajara Jalisco y todo M\u00e9xico.\" \/>\n<meta property=\"og:url\" content=\"https:\/\/www.securitydataandvideo.com\/inicio\/shop\/es-200xi-fire-lite-panel-direccionable-de-deteccion-de-incendio-de-198-puntos-sin-comunicador-en-guadalajara-jalisco-y-todo-mexico\/\" \/>\n<meta property=\"og:site_name\" content=\"Security Data &amp; Video SA de CV.\" \/>\n<meta property=\"article:modified_time\" content=\"2022-07-21T17:41:56+00:00\" \/>\n<meta property=\"og:image\" content=\"https:\/\/www.securitydataandvideo.com\/inicio\/wp-content\/uploads\/2022\/07\/ES200XI.png\" \/>\n\t<meta property=\"og:image:width\" content=\"400\" \/>\n\t<meta property=\"og:image:height\" content=\"400\" \/>\n\t<meta property=\"og:image:type\" content=\"image\/png\" \/>\n<meta name=\"twitter:card\" content=\"summary\" \/>\n<meta name=\"twitter:label1\" content=\"Tiempo de lectura\" \/>\n\t<meta name=\"twitter:data1\" content=\"2 minutos\" \/>\n<script type=\"application\/ld+json\" class=\"yoast-schema-graph\">{\"@context\":\"https:\/\/schema.org\",\"@graph\":[{\"@type\":\"WebPage\",\"@id\":\"https:\/\/www.securitydataandvideo.com\/inicio\/shop\/es-200xi-fire-lite-panel-direccionable-de-deteccion-de-incendio-de-198-puntos-sin-comunicador-en-guadalajara-jalisco-y-todo-mexico\/\",\"url\":\"https:\/\/www.securitydataandvideo.com\/inicio\/shop\/es-200xi-fire-lite-panel-direccionable-de-deteccion-de-incendio-de-198-puntos-sin-comunicador-en-guadalajara-jalisco-y-todo-mexico\/\",\"name\":\"ES-200XI FIRE-LITE Panel Direccionable - Security Data &amp; Video SA de CV.\",\"isPartOf\":{\"@id\":\"https:\/\/www.securitydataandvideo.com\/inicio\/#website\"},\"datePublished\":\"2022-07-21T17:41:46+00:00\",\"dateModified\":\"2022-07-21T17:41:56+00:00\",\"description\":\"ES-200XI FIRE-LITE Panel Direccionable de Detecci\u00f3n de Incendio de 198 Puntos sin Comunicador, en Guadalajara Jalisco y todo M\u00e9xico.\",\"breadcrumb\":{\"@id\":\"https:\/\/www.securitydataandvideo.com\/inicio\/shop\/es-200xi-fire-lite-panel-direccionable-de-deteccion-de-incendio-de-198-puntos-sin-comunicador-en-guadalajara-jalisco-y-todo-mexico\/#breadcrumb\"},\"inLanguage\":\"es-MX\",\"potentialAction\":[{\"@type\":\"ReadAction\",\"target\":[\"https:\/\/www.securitydataandvideo.com\/inicio\/shop\/es-200xi-fire-lite-panel-direccionable-de-deteccion-de-incendio-de-198-puntos-sin-comunicador-en-guadalajara-jalisco-y-todo-mexico\/\"]}]},{\"@type\":\"BreadcrumbList\",\"@id\":\"https:\/\/www.securitydataandvideo.com\/inicio\/shop\/es-200xi-fire-lite-panel-direccionable-de-deteccion-de-incendio-de-198-puntos-sin-comunicador-en-guadalajara-jalisco-y-todo-mexico\/#breadcrumb\",\"itemListElement\":[{\"@type\":\"ListItem\",\"position\":1,\"name\":\"Inicio\",\"item\":\"https:\/\/www.securitydataandvideo.com\/inicio\/\"},{\"@type\":\"ListItem\",\"position\":2,\"name\":\"Shop\",\"item\":\"https:\/\/www.securitydataandvideo.com\/inicio\/shop\/\"},{\"@type\":\"ListItem\",\"position\":3,\"name\":\"ES-200XI FIRE-LITE Panel Direccionable de Detecci\u00f3n de Incendio de 198 Puntos sin Comunicador, en Guadalajara Jalisco y todo M\u00e9xico.\"}]},{\"@type\":\"WebSite\",\"@id\":\"https:\/\/www.securitydataandvideo.com\/inicio\/#website\",\"url\":\"https:\/\/www.securitydataandvideo.com\/inicio\/\",\"name\":\"Security Data &amp; Video SA de CV.\",\"description\":\"Seguridad Electr\u00f3nica y Energ\u00eda\",\"publisher\":{\"@id\":\"https:\/\/www.securitydataandvideo.com\/inicio\/#organization\"},\"potentialAction\":[{\"@type\":\"SearchAction\",\"target\":{\"@type\":\"EntryPoint\",\"urlTemplate\":\"https:\/\/www.securitydataandvideo.com\/inicio\/?s={search_term_string}\"},\"query-input\":\"required name=search_term_string\"}],\"inLanguage\":\"es-MX\"},{\"@type\":\"Organization\",\"@id\":\"https:\/\/www.securitydataandvideo.com\/inicio\/#organization\",\"name\":\"Security Data & Video SA de CV\",\"url\":\"https:\/\/www.securitydataandvideo.com\/inicio\/\",\"sameAs\":[],\"logo\":{\"@type\":\"ImageObject\",\"inLanguage\":\"es-MX\",\"@id\":\"https:\/\/www.securitydataandvideo.com\/inicio\/#\/schema\/logo\/image\/\",\"url\":\"https:\/\/www.securitydataandvideo.com\/inicio\/wp-content\/uploads\/2021\/10\/Logo-Azul.png\",\"contentUrl\":\"https:\/\/www.securitydataandvideo.com\/inicio\/wp-content\/uploads\/2021\/10\/Logo-Azul.png\",\"width\":555,\"height\":375,\"caption\":\"Security Data & Video SA de CV\"},\"image\":{\"@id\":\"https:\/\/www.securitydataandvideo.com\/inicio\/#\/schema\/logo\/image\/\"}}]}<\/script>\n<!-- \/ Yoast SEO plugin. -->","yoast_head_json":{"title":"ES-200XI FIRE-LITE Panel Direccionable - Security Data &amp; Video SA de CV.","description":"ES-200XI FIRE-LITE Panel Direccionable de Detecci\u00f3n de Incendio de 198 Puntos sin Comunicador, en Guadalajara Jalisco y todo M\u00e9xico.","robots":{"index":"index","follow":"follow","max-snippet":"max-snippet:-1","max-image-preview":"max-image-preview:large","max-video-preview":"max-video-preview:-1"},"canonical":"https:\/\/www.securitydataandvideo.com\/inicio\/shop\/es-200xi-fire-lite-panel-direccionable-de-deteccion-de-incendio-de-198-puntos-sin-comunicador-en-guadalajara-jalisco-y-todo-mexico\/","og_locale":"es_MX","og_type":"article","og_title":"ES-200XI FIRE-LITE Panel Direccionable - Security Data &amp; Video SA de CV.","og_description":"ES-200XI FIRE-LITE Panel Direccionable de Detecci\u00f3n de Incendio de 198 Puntos sin Comunicador, en Guadalajara Jalisco y todo M\u00e9xico.","og_url":"https:\/\/www.securitydataandvideo.com\/inicio\/shop\/es-200xi-fire-lite-panel-direccionable-de-deteccion-de-incendio-de-198-puntos-sin-comunicador-en-guadalajara-jalisco-y-todo-mexico\/","og_site_name":"Security Data &amp; Video SA de CV.","article_modified_time":"2022-07-21T17:41:56+00:00","og_image":[{"width":400,"height":400,"url":"https:\/\/www.securitydataandvideo.com\/inicio\/wp-content\/uploads\/2022\/07\/ES200XI.png","type":"image\/png"}],"twitter_card":"summary","twitter_misc":{"Tiempo de lectura":"2 minutos"},"schema":{"@context":"https:\/\/schema.org","@graph":[{"@type":"WebPage","@id":"https:\/\/www.securitydataandvideo.com\/inicio\/shop\/es-200xi-fire-lite-panel-direccionable-de-deteccion-de-incendio-de-198-puntos-sin-comunicador-en-guadalajara-jalisco-y-todo-mexico\/","url":"https:\/\/www.securitydataandvideo.com\/inicio\/shop\/es-200xi-fire-lite-panel-direccionable-de-deteccion-de-incendio-de-198-puntos-sin-comunicador-en-guadalajara-jalisco-y-todo-mexico\/","name":"ES-200XI FIRE-LITE Panel Direccionable - Security Data &amp; Video SA de CV.","isPartOf":{"@id":"https:\/\/www.securitydataandvideo.com\/inicio\/#website"},"datePublished":"2022-07-21T17:41:46+00:00","dateModified":"2022-07-21T17:41:56+00:00","description":"ES-200XI FIRE-LITE Panel Direccionable de Detecci\u00f3n de Incendio de 198 Puntos sin Comunicador, en Guadalajara Jalisco y todo M\u00e9xico.","breadcrumb":{"@id":"https:\/\/www.securitydataandvideo.com\/inicio\/shop\/es-200xi-fire-lite-panel-direccionable-de-deteccion-de-incendio-de-198-puntos-sin-comunicador-en-guadalajara-jalisco-y-todo-mexico\/#breadcrumb"},"inLanguage":"es-MX","potentialAction":[{"@type":"ReadAction","target":["https:\/\/www.securitydataandvideo.com\/inicio\/shop\/es-200xi-fire-lite-panel-direccionable-de-deteccion-de-incendio-de-198-puntos-sin-comunicador-en-guadalajara-jalisco-y-todo-mexico\/"]}]},{"@type":"BreadcrumbList","@id":"https:\/\/www.securitydataandvideo.com\/inicio\/shop\/es-200xi-fire-lite-panel-direccionable-de-deteccion-de-incendio-de-198-puntos-sin-comunicador-en-guadalajara-jalisco-y-todo-mexico\/#breadcrumb","itemListElement":[{"@type":"ListItem","position":1,"name":"Inicio","item":"https:\/\/www.securitydataandvideo.com\/inicio\/"},{"@type":"ListItem","position":2,"name":"Shop","item":"https:\/\/www.securitydataandvideo.com\/inicio\/shop\/"},{"@type":"ListItem","position":3,"name":"ES-200XI FIRE-LITE Panel Direccionable de Detecci\u00f3n de Incendio de 198 Puntos sin Comunicador, en Guadalajara Jalisco y todo M\u00e9xico."}]},{"@type":"WebSite","@id":"https:\/\/www.securitydataandvideo.com\/inicio\/#website","url":"https:\/\/www.securitydataandvideo.com\/inicio\/","name":"Security Data &amp; Video SA de CV.","description":"Seguridad Electr\u00f3nica y Energ\u00eda","publisher":{"@id":"https:\/\/www.securitydataandvideo.com\/inicio\/#organization"},"potentialAction":[{"@type":"SearchAction","target":{"@type":"EntryPoint","urlTemplate":"https:\/\/www.securitydataandvideo.com\/inicio\/?s={search_term_string}"},"query-input":"required name=search_term_string"}],"inLanguage":"es-MX"},{"@type":"Organization","@id":"https:\/\/www.securitydataandvideo.com\/inicio\/#organization","name":"Security Data & Video SA de CV","url":"https:\/\/www.securitydataandvideo.com\/inicio\/","sameAs":[],"logo":{"@type":"ImageObject","inLanguage":"es-MX","@id":"https:\/\/www.securitydataandvideo.com\/inicio\/#\/schema\/logo\/image\/","url":"https:\/\/www.securitydataandvideo.com\/inicio\/wp-content\/uploads\/2021\/10\/Logo-Azul.png","contentUrl":"https:\/\/www.securitydataandvideo.com\/inicio\/wp-content\/uploads\/2021\/10\/Logo-Azul.png","width":555,"height":375,"caption":"Security Data & Video SA de CV"},"image":{"@id":"https:\/\/www.securitydataandvideo.com\/inicio\/#\/schema\/logo\/image\/"}}]}},"_links":{"self":[{"href":"https:\/\/www.securitydataandvideo.com\/inicio\/wp-json\/wp\/v2\/product\/16190"}],"collection":[{"href":"https:\/\/www.securitydataandvideo.com\/inicio\/wp-json\/wp\/v2\/product"}],"about":[{"href":"https:\/\/www.securitydataandvideo.com\/inicio\/wp-json\/wp\/v2\/types\/product"}],"wp:featuredmedia":[{"embeddable":true,"href":"https:\/\/www.securitydataandvideo.com\/inicio\/wp-json\/wp\/v2\/media\/16199"}],"wp:attachment":[{"href":"https:\/\/www.securitydataandvideo.com\/inicio\/wp-json\/wp\/v2\/media?parent=16190"}],"wp:term":[{"taxonomy":"product_cat","embeddable":true,"href":"https:\/\/www.securitydataandvideo.com\/inicio\/wp-json\/wp\/v2\/product_cat?post=16190"},{"taxonomy":"product_tag","embeddable":true,"href":"https:\/\/www.securitydataandvideo.com\/inicio\/wp-json\/wp\/v2\/product_tag?post=16190"}],"curies":[{"name":"wp","href":"https:\/\/api.w.org\/{rel}","templated":true}]}}