{"id":16191,"date":"2022-07-21T11:41:46","date_gmt":"2022-07-21T17:41:46","guid":{"rendered":"https:\/\/www.securitydataandvideo.com\/inicio\/?post_type=product&#038;p=16191"},"modified":"2022-07-21T11:41:57","modified_gmt":"2022-07-21T17:41:57","slug":"panel-direccionable-fire-lite-es-50x-panel-direccionable-de-deteccion-de-incendio-de-50-puntos-con-comunicador-pre-instalado-alarms-by-honeywell-en-guadalajara-jalisco-y-todo-mexico","status":"publish","type":"product","link":"https:\/\/www.securitydataandvideo.com\/inicio\/shop\/panel-direccionable-fire-lite-es-50x-panel-direccionable-de-deteccion-de-incendio-de-50-puntos-con-comunicador-pre-instalado-alarms-by-honeywell-en-guadalajara-jalisco-y-todo-mexico\/","title":{"rendered":"Panel Direccionable FIRE-LITE ES-50X Panel Direccionable de Detecci\u00f3n de Incendio de 50 Puntos con Comunicador Pre instalado ALARMS BY HONEYWELL, en Guadalajara Jalisco y todo M\u00e9xico."},"content":{"rendered":"<p>Panel Direccionable FIRE-LITE ES-50X Panel Direccionable de Detecci\u00f3n de Incendio de 50 Puntos con Comunicador Pre instalado ALARMS BY HONEYWELL, en Guadalajara Jalisco y todo M\u00e9xico.<\/p>\n<p>El ES-50X es el m\u00e1s reciente panel de control de alarma contra incendios direccionable inteligente (FACP) de Fire-Lite y es un reemplazo directo del MS-9050UD\/LS. El ES-50X viene con un comunicador preinstalado y admite hasta 50 dispositivos direccionables en cualquier combinaci\u00f3n de detectores o m\u00f3dulos. Con una extensa lista de potentes funciones, los ES-50X se programan igual que los otros paneles direccionables de Fire-Lite.<\/p>\n<p>Listados y aprobaciones: UL, FM, CSFM y FDNY<\/p>\n<p>Carga\/Descarga con unidad de memoria USB<\/p>\n<p>Soporta detector direccionable multicriterio SD-355CO (humo, calor, CO)<\/p>\n<p>Soporta bases sonoras direccionables<\/p>\n<p>Cuatro teclas de funci\u00f3n programables<\/p>\n<p>Capacidad incorporada de Clase A para los 2 NAC; no se requiere tarjeta opcional<\/p>\n<p>Indicaci\u00f3n de problema para dispositivos SLC no programados Detecci\u00f3n autom\u00e1tica de m\u00f3dulos de control tipo &#8220;rel\u00e9&#8221; frente a &#8220;NAC&#8221; durante la programaci\u00f3n autom\u00e1tica<\/p>\n<p>Eventos en tiempo Real.<\/p>\n<p>&nbsp;<\/p>\n<p id=\"tw-target-text\" class=\"tw-data-text tw-text-large XcVN5d tw-ta\" dir=\"ltr\" data-placeholder=\"Traducci\u00f3n\"><span lang=\"es\">Caracter\u00edsticas: Incluido en UL Standard 864, d\u00e9cima edici\u00f3n Comunicador de estaci\u00f3n central IPOTS-COM Ethernet IP y POTS (servicio telef\u00f3nico antiguo simple) preinstalado Estaci\u00f3n central GSM CELL-MOD o CELL-CAB-FL opcional Comunicador sobre AlarmNet\u00ae Compatible con dispositivos inal\u00e1mbricos SWIFT\u00ae La programaci\u00f3n autom\u00e1tica (modo de aprendizaje) reduce el tiempo de instalaci\u00f3n. Reporta dos dispositivos configurados en la misma direcci\u00f3n Dos Estilo Z (Clase A) o Estilo Z integrados programables independientemente Circuitos NAC estilo Y (clase B) Sincronizaci\u00f3n estrobosc\u00f3pica seleccionable para System Sensor, Wheelock, y dispositivos Gentex Coincidencia de resistencia de fin de l\u00ednea del circuito del dispositivo de notificaci\u00f3n Cuatro teclas de funci\u00f3n programables para facilitar el mantenimiento Dos rel\u00e9s programables y un rel\u00e9 de problema fijo Programador incorporado Pantalla LCD integral de 80 caracteres con retroiluminaci\u00f3n Reloj \/ calendario en tiempo real con control autom\u00e1tico de horario de verano Archivo hist\u00f3rico con capacidad para 1000 eventos Base de sirena direccionable Detector multicriterio (humo, calor, CO) con programable respuesta Temporizador de retardo del m\u00f3dulo de control Prueba autom\u00e1tica de sensibilidad del detector (cumple con NFPA 72) Verificaci\u00f3n autom\u00e1tica del c\u00f3digo de tipo de dispositivo<\/span><\/p>\n<p>&nbsp;<\/p>\n","protected":false},"excerpt":{"rendered":"<p>ES-50X FIRE-LITE ALARMS BY HONEYWELL Panel Direccionable de Detecci\u00f3n de Incendio de 50 Puntos con Comunicador Pre instalado, en Guadalajara Jalisco y todo M\u00e9xico.<\/p>\n","protected":false},"featured_media":16200,"template":"","meta":{"site-sidebar-layout":"default","site-content-layout":"default","ast-site-content-layout":"","site-content-style":"default","site-sidebar-style":"default","ast-global-header-display":"","ast-banner-title-visibility":"","ast-main-header-display":"","ast-hfb-above-header-display":"","ast-hfb-below-header-display":"","ast-hfb-mobile-header-display":"","site-post-title":"","ast-breadcrumbs-content":"","ast-featured-img":"","footer-sml-layout":"","theme-transparent-header-meta":"default","adv-header-id-meta":"","stick-header-meta":"","header-above-stick-meta":"","header-main-stick-meta":"","header-below-stick-meta":"","astra-migrate-meta-layouts":""},"product_cat":[327],"product_tag":[328],"yoast_head":"<!-- This site is optimized with the Yoast SEO plugin v19.5.1 - https:\/\/yoast.com\/wordpress\/plugins\/seo\/ -->\n<title>Panel Direccionable FIRE-LITE ES-50X - Security Data &amp; Video SA de CV.<\/title>\n<meta name=\"description\" content=\"Panel Direccionable FIRE-LITE ES-50X Panel Direccionable de Detecci\u00f3n de Incendio de 50 Puntos con Comunicador Pre instalado honeywell.\" \/>\n<meta name=\"robots\" content=\"index, follow, max-snippet:-1, max-image-preview:large, max-video-preview:-1\" \/>\n<link rel=\"canonical\" href=\"https:\/\/www.securitydataandvideo.com\/inicio\/shop\/panel-direccionable-fire-lite-es-50x-panel-direccionable-de-deteccion-de-incendio-de-50-puntos-con-comunicador-pre-instalado-alarms-by-honeywell-en-guadalajara-jalisco-y-todo-mexico\/\" \/>\n<meta property=\"og:locale\" content=\"es_MX\" \/>\n<meta property=\"og:type\" content=\"article\" \/>\n<meta property=\"og:title\" content=\"Panel Direccionable FIRE-LITE ES-50X - Security Data &amp; Video SA de CV.\" \/>\n<meta property=\"og:description\" content=\"Panel Direccionable FIRE-LITE ES-50X Panel Direccionable de Detecci\u00f3n de Incendio de 50 Puntos con Comunicador Pre instalado honeywell.\" \/>\n<meta property=\"og:url\" content=\"https:\/\/www.securitydataandvideo.com\/inicio\/shop\/panel-direccionable-fire-lite-es-50x-panel-direccionable-de-deteccion-de-incendio-de-50-puntos-con-comunicador-pre-instalado-alarms-by-honeywell-en-guadalajara-jalisco-y-todo-mexico\/\" \/>\n<meta property=\"og:site_name\" content=\"Security Data &amp; Video SA de CV.\" \/>\n<meta property=\"article:modified_time\" content=\"2022-07-21T17:41:57+00:00\" \/>\n<meta property=\"og:image\" content=\"https:\/\/www.securitydataandvideo.com\/inicio\/wp-content\/uploads\/2022\/07\/ES50X.png\" \/>\n\t<meta property=\"og:image:width\" content=\"400\" \/>\n\t<meta property=\"og:image:height\" content=\"400\" \/>\n\t<meta property=\"og:image:type\" content=\"image\/png\" \/>\n<meta name=\"twitter:card\" content=\"summary\" \/>\n<meta name=\"twitter:label1\" content=\"Tiempo de lectura\" \/>\n\t<meta name=\"twitter:data1\" content=\"2 minutos\" \/>\n<script type=\"application\/ld+json\" class=\"yoast-schema-graph\">{\"@context\":\"https:\/\/schema.org\",\"@graph\":[{\"@type\":\"WebPage\",\"@id\":\"https:\/\/www.securitydataandvideo.com\/inicio\/shop\/panel-direccionable-fire-lite-es-50x-panel-direccionable-de-deteccion-de-incendio-de-50-puntos-con-comunicador-pre-instalado-alarms-by-honeywell-en-guadalajara-jalisco-y-todo-mexico\/\",\"url\":\"https:\/\/www.securitydataandvideo.com\/inicio\/shop\/panel-direccionable-fire-lite-es-50x-panel-direccionable-de-deteccion-de-incendio-de-50-puntos-con-comunicador-pre-instalado-alarms-by-honeywell-en-guadalajara-jalisco-y-todo-mexico\/\",\"name\":\"Panel Direccionable FIRE-LITE ES-50X - Security Data &amp; Video SA de CV.\",\"isPartOf\":{\"@id\":\"https:\/\/www.securitydataandvideo.com\/inicio\/#website\"},\"datePublished\":\"2022-07-21T17:41:46+00:00\",\"dateModified\":\"2022-07-21T17:41:57+00:00\",\"description\":\"Panel Direccionable FIRE-LITE ES-50X Panel Direccionable de Detecci\u00f3n de Incendio de 50 Puntos con Comunicador Pre instalado honeywell.\",\"breadcrumb\":{\"@id\":\"https:\/\/www.securitydataandvideo.com\/inicio\/shop\/panel-direccionable-fire-lite-es-50x-panel-direccionable-de-deteccion-de-incendio-de-50-puntos-con-comunicador-pre-instalado-alarms-by-honeywell-en-guadalajara-jalisco-y-todo-mexico\/#breadcrumb\"},\"inLanguage\":\"es-MX\",\"potentialAction\":[{\"@type\":\"ReadAction\",\"target\":[\"https:\/\/www.securitydataandvideo.com\/inicio\/shop\/panel-direccionable-fire-lite-es-50x-panel-direccionable-de-deteccion-de-incendio-de-50-puntos-con-comunicador-pre-instalado-alarms-by-honeywell-en-guadalajara-jalisco-y-todo-mexico\/\"]}]},{\"@type\":\"BreadcrumbList\",\"@id\":\"https:\/\/www.securitydataandvideo.com\/inicio\/shop\/panel-direccionable-fire-lite-es-50x-panel-direccionable-de-deteccion-de-incendio-de-50-puntos-con-comunicador-pre-instalado-alarms-by-honeywell-en-guadalajara-jalisco-y-todo-mexico\/#breadcrumb\",\"itemListElement\":[{\"@type\":\"ListItem\",\"position\":1,\"name\":\"Inicio\",\"item\":\"https:\/\/www.securitydataandvideo.com\/inicio\/\"},{\"@type\":\"ListItem\",\"position\":2,\"name\":\"Shop\",\"item\":\"https:\/\/www.securitydataandvideo.com\/inicio\/shop\/\"},{\"@type\":\"ListItem\",\"position\":3,\"name\":\"Panel Direccionable FIRE-LITE ES-50X Panel Direccionable de Detecci\u00f3n de Incendio de 50 Puntos con Comunicador Pre instalado ALARMS BY HONEYWELL, en Guadalajara Jalisco y todo M\u00e9xico.\"}]},{\"@type\":\"WebSite\",\"@id\":\"https:\/\/www.securitydataandvideo.com\/inicio\/#website\",\"url\":\"https:\/\/www.securitydataandvideo.com\/inicio\/\",\"name\":\"Security Data &amp; Video SA de CV.\",\"description\":\"Seguridad Electr\u00f3nica y Energ\u00eda\",\"publisher\":{\"@id\":\"https:\/\/www.securitydataandvideo.com\/inicio\/#organization\"},\"potentialAction\":[{\"@type\":\"SearchAction\",\"target\":{\"@type\":\"EntryPoint\",\"urlTemplate\":\"https:\/\/www.securitydataandvideo.com\/inicio\/?s={search_term_string}\"},\"query-input\":\"required name=search_term_string\"}],\"inLanguage\":\"es-MX\"},{\"@type\":\"Organization\",\"@id\":\"https:\/\/www.securitydataandvideo.com\/inicio\/#organization\",\"name\":\"Security Data & Video SA de CV\",\"url\":\"https:\/\/www.securitydataandvideo.com\/inicio\/\",\"sameAs\":[],\"logo\":{\"@type\":\"ImageObject\",\"inLanguage\":\"es-MX\",\"@id\":\"https:\/\/www.securitydataandvideo.com\/inicio\/#\/schema\/logo\/image\/\",\"url\":\"https:\/\/www.securitydataandvideo.com\/inicio\/wp-content\/uploads\/2021\/10\/Logo-Azul.png\",\"contentUrl\":\"https:\/\/www.securitydataandvideo.com\/inicio\/wp-content\/uploads\/2021\/10\/Logo-Azul.png\",\"width\":555,\"height\":375,\"caption\":\"Security Data & Video SA de CV\"},\"image\":{\"@id\":\"https:\/\/www.securitydataandvideo.com\/inicio\/#\/schema\/logo\/image\/\"}}]}<\/script>\n<!-- \/ Yoast SEO plugin. -->","yoast_head_json":{"title":"Panel Direccionable FIRE-LITE ES-50X - Security Data &amp; Video SA de CV.","description":"Panel Direccionable FIRE-LITE ES-50X Panel Direccionable de Detecci\u00f3n de Incendio de 50 Puntos con Comunicador Pre instalado honeywell.","robots":{"index":"index","follow":"follow","max-snippet":"max-snippet:-1","max-image-preview":"max-image-preview:large","max-video-preview":"max-video-preview:-1"},"canonical":"https:\/\/www.securitydataandvideo.com\/inicio\/shop\/panel-direccionable-fire-lite-es-50x-panel-direccionable-de-deteccion-de-incendio-de-50-puntos-con-comunicador-pre-instalado-alarms-by-honeywell-en-guadalajara-jalisco-y-todo-mexico\/","og_locale":"es_MX","og_type":"article","og_title":"Panel Direccionable FIRE-LITE ES-50X - Security Data &amp; Video SA de CV.","og_description":"Panel Direccionable FIRE-LITE ES-50X Panel Direccionable de Detecci\u00f3n de Incendio de 50 Puntos con Comunicador Pre instalado honeywell.","og_url":"https:\/\/www.securitydataandvideo.com\/inicio\/shop\/panel-direccionable-fire-lite-es-50x-panel-direccionable-de-deteccion-de-incendio-de-50-puntos-con-comunicador-pre-instalado-alarms-by-honeywell-en-guadalajara-jalisco-y-todo-mexico\/","og_site_name":"Security Data &amp; Video SA de CV.","article_modified_time":"2022-07-21T17:41:57+00:00","og_image":[{"width":400,"height":400,"url":"https:\/\/www.securitydataandvideo.com\/inicio\/wp-content\/uploads\/2022\/07\/ES50X.png","type":"image\/png"}],"twitter_card":"summary","twitter_misc":{"Tiempo de lectura":"2 minutos"},"schema":{"@context":"https:\/\/schema.org","@graph":[{"@type":"WebPage","@id":"https:\/\/www.securitydataandvideo.com\/inicio\/shop\/panel-direccionable-fire-lite-es-50x-panel-direccionable-de-deteccion-de-incendio-de-50-puntos-con-comunicador-pre-instalado-alarms-by-honeywell-en-guadalajara-jalisco-y-todo-mexico\/","url":"https:\/\/www.securitydataandvideo.com\/inicio\/shop\/panel-direccionable-fire-lite-es-50x-panel-direccionable-de-deteccion-de-incendio-de-50-puntos-con-comunicador-pre-instalado-alarms-by-honeywell-en-guadalajara-jalisco-y-todo-mexico\/","name":"Panel Direccionable FIRE-LITE ES-50X - Security Data &amp; Video SA de CV.","isPartOf":{"@id":"https:\/\/www.securitydataandvideo.com\/inicio\/#website"},"datePublished":"2022-07-21T17:41:46+00:00","dateModified":"2022-07-21T17:41:57+00:00","description":"Panel Direccionable FIRE-LITE ES-50X Panel Direccionable de Detecci\u00f3n de Incendio de 50 Puntos con Comunicador Pre instalado honeywell.","breadcrumb":{"@id":"https:\/\/www.securitydataandvideo.com\/inicio\/shop\/panel-direccionable-fire-lite-es-50x-panel-direccionable-de-deteccion-de-incendio-de-50-puntos-con-comunicador-pre-instalado-alarms-by-honeywell-en-guadalajara-jalisco-y-todo-mexico\/#breadcrumb"},"inLanguage":"es-MX","potentialAction":[{"@type":"ReadAction","target":["https:\/\/www.securitydataandvideo.com\/inicio\/shop\/panel-direccionable-fire-lite-es-50x-panel-direccionable-de-deteccion-de-incendio-de-50-puntos-con-comunicador-pre-instalado-alarms-by-honeywell-en-guadalajara-jalisco-y-todo-mexico\/"]}]},{"@type":"BreadcrumbList","@id":"https:\/\/www.securitydataandvideo.com\/inicio\/shop\/panel-direccionable-fire-lite-es-50x-panel-direccionable-de-deteccion-de-incendio-de-50-puntos-con-comunicador-pre-instalado-alarms-by-honeywell-en-guadalajara-jalisco-y-todo-mexico\/#breadcrumb","itemListElement":[{"@type":"ListItem","position":1,"name":"Inicio","item":"https:\/\/www.securitydataandvideo.com\/inicio\/"},{"@type":"ListItem","position":2,"name":"Shop","item":"https:\/\/www.securitydataandvideo.com\/inicio\/shop\/"},{"@type":"ListItem","position":3,"name":"Panel Direccionable FIRE-LITE ES-50X Panel Direccionable de Detecci\u00f3n de Incendio de 50 Puntos con Comunicador Pre instalado ALARMS BY HONEYWELL, en Guadalajara Jalisco y todo M\u00e9xico."}]},{"@type":"WebSite","@id":"https:\/\/www.securitydataandvideo.com\/inicio\/#website","url":"https:\/\/www.securitydataandvideo.com\/inicio\/","name":"Security Data &amp; Video SA de CV.","description":"Seguridad Electr\u00f3nica y Energ\u00eda","publisher":{"@id":"https:\/\/www.securitydataandvideo.com\/inicio\/#organization"},"potentialAction":[{"@type":"SearchAction","target":{"@type":"EntryPoint","urlTemplate":"https:\/\/www.securitydataandvideo.com\/inicio\/?s={search_term_string}"},"query-input":"required name=search_term_string"}],"inLanguage":"es-MX"},{"@type":"Organization","@id":"https:\/\/www.securitydataandvideo.com\/inicio\/#organization","name":"Security Data & Video SA de CV","url":"https:\/\/www.securitydataandvideo.com\/inicio\/","sameAs":[],"logo":{"@type":"ImageObject","inLanguage":"es-MX","@id":"https:\/\/www.securitydataandvideo.com\/inicio\/#\/schema\/logo\/image\/","url":"https:\/\/www.securitydataandvideo.com\/inicio\/wp-content\/uploads\/2021\/10\/Logo-Azul.png","contentUrl":"https:\/\/www.securitydataandvideo.com\/inicio\/wp-content\/uploads\/2021\/10\/Logo-Azul.png","width":555,"height":375,"caption":"Security Data & Video SA de CV"},"image":{"@id":"https:\/\/www.securitydataandvideo.com\/inicio\/#\/schema\/logo\/image\/"}}]}},"_links":{"self":[{"href":"https:\/\/www.securitydataandvideo.com\/inicio\/wp-json\/wp\/v2\/product\/16191"}],"collection":[{"href":"https:\/\/www.securitydataandvideo.com\/inicio\/wp-json\/wp\/v2\/product"}],"about":[{"href":"https:\/\/www.securitydataandvideo.com\/inicio\/wp-json\/wp\/v2\/types\/product"}],"wp:featuredmedia":[{"embeddable":true,"href":"https:\/\/www.securitydataandvideo.com\/inicio\/wp-json\/wp\/v2\/media\/16200"}],"wp:attachment":[{"href":"https:\/\/www.securitydataandvideo.com\/inicio\/wp-json\/wp\/v2\/media?parent=16191"}],"wp:term":[{"taxonomy":"product_cat","embeddable":true,"href":"https:\/\/www.securitydataandvideo.com\/inicio\/wp-json\/wp\/v2\/product_cat?post=16191"},{"taxonomy":"product_tag","embeddable":true,"href":"https:\/\/www.securitydataandvideo.com\/inicio\/wp-json\/wp\/v2\/product_tag?post=16191"}],"curies":[{"name":"wp","href":"https:\/\/api.w.org\/{rel}","templated":true}]}}