{"id":16192,"date":"2022-07-21T11:41:47","date_gmt":"2022-07-21T17:41:47","guid":{"rendered":"https:\/\/www.securitydataandvideo.com\/inicio\/?post_type=product&#038;p=16192"},"modified":"2022-07-21T11:41:59","modified_gmt":"2022-07-21T17:41:59","slug":"panel-direccionable-fire-lite-es-200x-de-deteccion-de-incendio-de-198-puntos-marca-alarms-by-honeywell-con-comunicador-pre-instalado-en-guadalajara-jalisco-y-todo-mexico","status":"publish","type":"product","link":"https:\/\/www.securitydataandvideo.com\/inicio\/shop\/panel-direccionable-fire-lite-es-200x-de-deteccion-de-incendio-de-198-puntos-marca-alarms-by-honeywell-con-comunicador-pre-instalado-en-guadalajara-jalisco-y-todo-mexico\/","title":{"rendered":"Panel Direccionable FIRE-LITE ES-200X de Detecci\u00f3n de Incendio de 198 Puntos marca ALARMS BY HONEYWELL  con Comunicador Pre instalado, en Guadalajara Jalisco y todo M\u00e9xico."},"content":{"rendered":"<p><strong>Panel Direccionable FIRE-LITE ES-200X de Detecci\u00f3n de Incendio de 198 Puntos marca ALARMS BY HONEYWELL con Comunicador Pre instalado, en Guadalajara Jalisco y todo M\u00e9xico.<\/strong><\/p>\n<p>La seguridad m\u00e1s inteligente no tiene por que ser coomplicada. El legado de Fire-Lite de simplicidad y rendimiento confiable\u00a0contin\u00faa con la serie <a href=\"https:\/\/www.firelite.com\/es-LA\/Pages\/default.aspx\">Fire-Lite<\/a> Endurance. El nuevo panel de controol de alarma ES-200X ofrecen botones programables y soporta detectores direccionables de fuego y CO combinados. Ofrece ahora m\u00e1s capacidad y conveniencia que nunca para una seguridad sorprendentemente simple.<\/p>\n<p>Caracteristicas<\/p>\n<p>Listados y aprobaciones: UL, FM, CSFM y FDNY<\/p>\n<p>Comunicador preinstalado y admite hasta 198 dispositivos direccionables (99 detectores y 99 modulos)<\/p>\n<p>Carga\/Descarga con una unidad de memoria USB<\/p>\n<p>Soporta detector direccionable multicriterio SD-355CO (humo, calor, CO)<\/p>\n<p>Soporta bases sonoras direccionables<\/p>\n<p>Cuatro teclas de funci\u00f3n programables<\/p>\n<p>Capacidad incorporada de Clase A para los 4 NAC; no se requiere tarjeta opcional<\/p>\n<p>Indicaci\u00f3n de problema para dispositivos SLC no programados<\/p>\n<p>Detecci\u00f3n autom\u00e1tica de m\u00f3dulos de control tipo &#8220;rel\u00e9&#8221; frente a &#8220;NAC&#8221; durante la programaci\u00f3n autom\u00e1tica<\/p>\n<p>Controlador y anunciador de pantalla para SWIFT inconrporado en el panel.<\/p>\n<h6>Beneficios del <a href=\"https:\/\/sitejal.com\/categoria-producto\/panel-de-incendio-firelite\/paneles-direccionables\/\">Panel Direccionable<\/a> FIRE-LITE ES-200X<\/h6>\n<p>Ahorra tiempo con 4 botones programables para automatizar tareas, permitir actualizaciones y programaci\u00f3n del panel via USB<\/p>\n<p>Ahorra en instalaciones inalambricas SWIFT a traves de Paneles Fire-Lite anteriores con conexi\u00f3n inalambrica incorporada. Controlador de pantalla y anunciador.<\/p>\n","protected":false},"excerpt":{"rendered":"<p><strong>Panel Direccionable de Detecci\u00f3n de Incendio de 198 Puntos marca FIRE-LITE modelo ES-200X ALARMS BY HONEYWELL con Comunicador Pre instalado, en Guadalajara Jalisco y todo M\u00e9xico.<\/strong><\/p>\n","protected":false},"featured_media":16201,"template":"","meta":{"site-sidebar-layout":"default","site-content-layout":"default","ast-site-content-layout":"","site-content-style":"default","site-sidebar-style":"default","ast-global-header-display":"","ast-banner-title-visibility":"","ast-main-header-display":"","ast-hfb-above-header-display":"","ast-hfb-below-header-display":"","ast-hfb-mobile-header-display":"","site-post-title":"","ast-breadcrumbs-content":"","ast-featured-img":"","footer-sml-layout":"","theme-transparent-header-meta":"default","adv-header-id-meta":"","stick-header-meta":"","header-above-stick-meta":"","header-main-stick-meta":"","header-below-stick-meta":"","astra-migrate-meta-layouts":""},"product_cat":[327],"product_tag":[328],"yoast_head":"<!-- This site is optimized with the Yoast SEO plugin v19.5.1 - https:\/\/yoast.com\/wordpress\/plugins\/seo\/ -->\n<title>Panel Direccionable FIRE-LITE ES-200X - Security Data &amp; Video SA de CV.<\/title>\n<meta name=\"description\" content=\"Panel Direccionable FIRE-LITE ES-200X de Detecci\u00f3n de Incendio de 198 Puntos marca ALARMS BY HONEYWELL con Comunicador Pre instalado\" \/>\n<meta name=\"robots\" content=\"index, follow, max-snippet:-1, max-image-preview:large, max-video-preview:-1\" \/>\n<link rel=\"canonical\" href=\"https:\/\/www.securitydataandvideo.com\/inicio\/shop\/panel-direccionable-fire-lite-es-200x-de-deteccion-de-incendio-de-198-puntos-marca-alarms-by-honeywell-con-comunicador-pre-instalado-en-guadalajara-jalisco-y-todo-mexico\/\" \/>\n<meta property=\"og:locale\" content=\"es_MX\" \/>\n<meta property=\"og:type\" content=\"article\" \/>\n<meta property=\"og:title\" content=\"Panel Direccionable FIRE-LITE ES-200X - Security Data &amp; Video SA de CV.\" \/>\n<meta property=\"og:description\" content=\"Panel Direccionable FIRE-LITE ES-200X de Detecci\u00f3n de Incendio de 198 Puntos marca ALARMS BY HONEYWELL con Comunicador Pre instalado\" \/>\n<meta property=\"og:url\" content=\"https:\/\/www.securitydataandvideo.com\/inicio\/shop\/panel-direccionable-fire-lite-es-200x-de-deteccion-de-incendio-de-198-puntos-marca-alarms-by-honeywell-con-comunicador-pre-instalado-en-guadalajara-jalisco-y-todo-mexico\/\" \/>\n<meta property=\"og:site_name\" content=\"Security Data &amp; Video SA de CV.\" \/>\n<meta property=\"article:modified_time\" content=\"2022-07-21T17:41:59+00:00\" \/>\n<meta property=\"og:image\" content=\"https:\/\/www.securitydataandvideo.com\/inicio\/wp-content\/uploads\/2022\/07\/ES200XI-1.png\" \/>\n\t<meta property=\"og:image:width\" content=\"400\" \/>\n\t<meta property=\"og:image:height\" content=\"400\" \/>\n\t<meta property=\"og:image:type\" content=\"image\/png\" \/>\n<meta name=\"twitter:card\" content=\"summary\" \/>\n<meta name=\"twitter:label1\" content=\"Tiempo de lectura\" \/>\n\t<meta name=\"twitter:data1\" content=\"1 minuto\" \/>\n<script type=\"application\/ld+json\" class=\"yoast-schema-graph\">{\"@context\":\"https:\/\/schema.org\",\"@graph\":[{\"@type\":\"WebPage\",\"@id\":\"https:\/\/www.securitydataandvideo.com\/inicio\/shop\/panel-direccionable-fire-lite-es-200x-de-deteccion-de-incendio-de-198-puntos-marca-alarms-by-honeywell-con-comunicador-pre-instalado-en-guadalajara-jalisco-y-todo-mexico\/\",\"url\":\"https:\/\/www.securitydataandvideo.com\/inicio\/shop\/panel-direccionable-fire-lite-es-200x-de-deteccion-de-incendio-de-198-puntos-marca-alarms-by-honeywell-con-comunicador-pre-instalado-en-guadalajara-jalisco-y-todo-mexico\/\",\"name\":\"Panel Direccionable FIRE-LITE ES-200X - Security Data &amp; Video SA de CV.\",\"isPartOf\":{\"@id\":\"https:\/\/www.securitydataandvideo.com\/inicio\/#website\"},\"datePublished\":\"2022-07-21T17:41:47+00:00\",\"dateModified\":\"2022-07-21T17:41:59+00:00\",\"description\":\"Panel Direccionable FIRE-LITE ES-200X de Detecci\u00f3n de Incendio de 198 Puntos marca ALARMS BY HONEYWELL con Comunicador Pre instalado\",\"breadcrumb\":{\"@id\":\"https:\/\/www.securitydataandvideo.com\/inicio\/shop\/panel-direccionable-fire-lite-es-200x-de-deteccion-de-incendio-de-198-puntos-marca-alarms-by-honeywell-con-comunicador-pre-instalado-en-guadalajara-jalisco-y-todo-mexico\/#breadcrumb\"},\"inLanguage\":\"es-MX\",\"potentialAction\":[{\"@type\":\"ReadAction\",\"target\":[\"https:\/\/www.securitydataandvideo.com\/inicio\/shop\/panel-direccionable-fire-lite-es-200x-de-deteccion-de-incendio-de-198-puntos-marca-alarms-by-honeywell-con-comunicador-pre-instalado-en-guadalajara-jalisco-y-todo-mexico\/\"]}]},{\"@type\":\"BreadcrumbList\",\"@id\":\"https:\/\/www.securitydataandvideo.com\/inicio\/shop\/panel-direccionable-fire-lite-es-200x-de-deteccion-de-incendio-de-198-puntos-marca-alarms-by-honeywell-con-comunicador-pre-instalado-en-guadalajara-jalisco-y-todo-mexico\/#breadcrumb\",\"itemListElement\":[{\"@type\":\"ListItem\",\"position\":1,\"name\":\"Inicio\",\"item\":\"https:\/\/www.securitydataandvideo.com\/inicio\/\"},{\"@type\":\"ListItem\",\"position\":2,\"name\":\"Shop\",\"item\":\"https:\/\/www.securitydataandvideo.com\/inicio\/shop\/\"},{\"@type\":\"ListItem\",\"position\":3,\"name\":\"Panel Direccionable FIRE-LITE ES-200X de Detecci\u00f3n de Incendio de 198 Puntos marca ALARMS BY HONEYWELL con Comunicador Pre instalado, en Guadalajara Jalisco y todo M\u00e9xico.\"}]},{\"@type\":\"WebSite\",\"@id\":\"https:\/\/www.securitydataandvideo.com\/inicio\/#website\",\"url\":\"https:\/\/www.securitydataandvideo.com\/inicio\/\",\"name\":\"Security Data &amp; Video SA de CV.\",\"description\":\"Seguridad Electr\u00f3nica y Energ\u00eda\",\"publisher\":{\"@id\":\"https:\/\/www.securitydataandvideo.com\/inicio\/#organization\"},\"potentialAction\":[{\"@type\":\"SearchAction\",\"target\":{\"@type\":\"EntryPoint\",\"urlTemplate\":\"https:\/\/www.securitydataandvideo.com\/inicio\/?s={search_term_string}\"},\"query-input\":\"required name=search_term_string\"}],\"inLanguage\":\"es-MX\"},{\"@type\":\"Organization\",\"@id\":\"https:\/\/www.securitydataandvideo.com\/inicio\/#organization\",\"name\":\"Security Data & Video SA de CV\",\"url\":\"https:\/\/www.securitydataandvideo.com\/inicio\/\",\"sameAs\":[],\"logo\":{\"@type\":\"ImageObject\",\"inLanguage\":\"es-MX\",\"@id\":\"https:\/\/www.securitydataandvideo.com\/inicio\/#\/schema\/logo\/image\/\",\"url\":\"https:\/\/www.securitydataandvideo.com\/inicio\/wp-content\/uploads\/2021\/10\/Logo-Azul.png\",\"contentUrl\":\"https:\/\/www.securitydataandvideo.com\/inicio\/wp-content\/uploads\/2021\/10\/Logo-Azul.png\",\"width\":555,\"height\":375,\"caption\":\"Security Data & Video SA de CV\"},\"image\":{\"@id\":\"https:\/\/www.securitydataandvideo.com\/inicio\/#\/schema\/logo\/image\/\"}}]}<\/script>\n<!-- \/ Yoast SEO plugin. -->","yoast_head_json":{"title":"Panel Direccionable FIRE-LITE ES-200X - Security Data &amp; Video SA de CV.","description":"Panel Direccionable FIRE-LITE ES-200X de Detecci\u00f3n de Incendio de 198 Puntos marca ALARMS BY HONEYWELL con Comunicador Pre instalado","robots":{"index":"index","follow":"follow","max-snippet":"max-snippet:-1","max-image-preview":"max-image-preview:large","max-video-preview":"max-video-preview:-1"},"canonical":"https:\/\/www.securitydataandvideo.com\/inicio\/shop\/panel-direccionable-fire-lite-es-200x-de-deteccion-de-incendio-de-198-puntos-marca-alarms-by-honeywell-con-comunicador-pre-instalado-en-guadalajara-jalisco-y-todo-mexico\/","og_locale":"es_MX","og_type":"article","og_title":"Panel Direccionable FIRE-LITE ES-200X - Security Data &amp; Video SA de CV.","og_description":"Panel Direccionable FIRE-LITE ES-200X de Detecci\u00f3n de Incendio de 198 Puntos marca ALARMS BY HONEYWELL con Comunicador Pre instalado","og_url":"https:\/\/www.securitydataandvideo.com\/inicio\/shop\/panel-direccionable-fire-lite-es-200x-de-deteccion-de-incendio-de-198-puntos-marca-alarms-by-honeywell-con-comunicador-pre-instalado-en-guadalajara-jalisco-y-todo-mexico\/","og_site_name":"Security Data &amp; Video SA de CV.","article_modified_time":"2022-07-21T17:41:59+00:00","og_image":[{"width":400,"height":400,"url":"https:\/\/www.securitydataandvideo.com\/inicio\/wp-content\/uploads\/2022\/07\/ES200XI-1.png","type":"image\/png"}],"twitter_card":"summary","twitter_misc":{"Tiempo de lectura":"1 minuto"},"schema":{"@context":"https:\/\/schema.org","@graph":[{"@type":"WebPage","@id":"https:\/\/www.securitydataandvideo.com\/inicio\/shop\/panel-direccionable-fire-lite-es-200x-de-deteccion-de-incendio-de-198-puntos-marca-alarms-by-honeywell-con-comunicador-pre-instalado-en-guadalajara-jalisco-y-todo-mexico\/","url":"https:\/\/www.securitydataandvideo.com\/inicio\/shop\/panel-direccionable-fire-lite-es-200x-de-deteccion-de-incendio-de-198-puntos-marca-alarms-by-honeywell-con-comunicador-pre-instalado-en-guadalajara-jalisco-y-todo-mexico\/","name":"Panel Direccionable FIRE-LITE ES-200X - Security Data &amp; Video SA de CV.","isPartOf":{"@id":"https:\/\/www.securitydataandvideo.com\/inicio\/#website"},"datePublished":"2022-07-21T17:41:47+00:00","dateModified":"2022-07-21T17:41:59+00:00","description":"Panel Direccionable FIRE-LITE ES-200X de Detecci\u00f3n de Incendio de 198 Puntos marca ALARMS BY HONEYWELL con Comunicador Pre instalado","breadcrumb":{"@id":"https:\/\/www.securitydataandvideo.com\/inicio\/shop\/panel-direccionable-fire-lite-es-200x-de-deteccion-de-incendio-de-198-puntos-marca-alarms-by-honeywell-con-comunicador-pre-instalado-en-guadalajara-jalisco-y-todo-mexico\/#breadcrumb"},"inLanguage":"es-MX","potentialAction":[{"@type":"ReadAction","target":["https:\/\/www.securitydataandvideo.com\/inicio\/shop\/panel-direccionable-fire-lite-es-200x-de-deteccion-de-incendio-de-198-puntos-marca-alarms-by-honeywell-con-comunicador-pre-instalado-en-guadalajara-jalisco-y-todo-mexico\/"]}]},{"@type":"BreadcrumbList","@id":"https:\/\/www.securitydataandvideo.com\/inicio\/shop\/panel-direccionable-fire-lite-es-200x-de-deteccion-de-incendio-de-198-puntos-marca-alarms-by-honeywell-con-comunicador-pre-instalado-en-guadalajara-jalisco-y-todo-mexico\/#breadcrumb","itemListElement":[{"@type":"ListItem","position":1,"name":"Inicio","item":"https:\/\/www.securitydataandvideo.com\/inicio\/"},{"@type":"ListItem","position":2,"name":"Shop","item":"https:\/\/www.securitydataandvideo.com\/inicio\/shop\/"},{"@type":"ListItem","position":3,"name":"Panel Direccionable FIRE-LITE ES-200X de Detecci\u00f3n de Incendio de 198 Puntos marca ALARMS BY HONEYWELL con Comunicador Pre instalado, en Guadalajara Jalisco y todo M\u00e9xico."}]},{"@type":"WebSite","@id":"https:\/\/www.securitydataandvideo.com\/inicio\/#website","url":"https:\/\/www.securitydataandvideo.com\/inicio\/","name":"Security Data &amp; Video SA de CV.","description":"Seguridad Electr\u00f3nica y Energ\u00eda","publisher":{"@id":"https:\/\/www.securitydataandvideo.com\/inicio\/#organization"},"potentialAction":[{"@type":"SearchAction","target":{"@type":"EntryPoint","urlTemplate":"https:\/\/www.securitydataandvideo.com\/inicio\/?s={search_term_string}"},"query-input":"required name=search_term_string"}],"inLanguage":"es-MX"},{"@type":"Organization","@id":"https:\/\/www.securitydataandvideo.com\/inicio\/#organization","name":"Security Data & Video SA de CV","url":"https:\/\/www.securitydataandvideo.com\/inicio\/","sameAs":[],"logo":{"@type":"ImageObject","inLanguage":"es-MX","@id":"https:\/\/www.securitydataandvideo.com\/inicio\/#\/schema\/logo\/image\/","url":"https:\/\/www.securitydataandvideo.com\/inicio\/wp-content\/uploads\/2021\/10\/Logo-Azul.png","contentUrl":"https:\/\/www.securitydataandvideo.com\/inicio\/wp-content\/uploads\/2021\/10\/Logo-Azul.png","width":555,"height":375,"caption":"Security Data & Video SA de CV"},"image":{"@id":"https:\/\/www.securitydataandvideo.com\/inicio\/#\/schema\/logo\/image\/"}}]}},"_links":{"self":[{"href":"https:\/\/www.securitydataandvideo.com\/inicio\/wp-json\/wp\/v2\/product\/16192"}],"collection":[{"href":"https:\/\/www.securitydataandvideo.com\/inicio\/wp-json\/wp\/v2\/product"}],"about":[{"href":"https:\/\/www.securitydataandvideo.com\/inicio\/wp-json\/wp\/v2\/types\/product"}],"wp:featuredmedia":[{"embeddable":true,"href":"https:\/\/www.securitydataandvideo.com\/inicio\/wp-json\/wp\/v2\/media\/16201"}],"wp:attachment":[{"href":"https:\/\/www.securitydataandvideo.com\/inicio\/wp-json\/wp\/v2\/media?parent=16192"}],"wp:term":[{"taxonomy":"product_cat","embeddable":true,"href":"https:\/\/www.securitydataandvideo.com\/inicio\/wp-json\/wp\/v2\/product_cat?post=16192"},{"taxonomy":"product_tag","embeddable":true,"href":"https:\/\/www.securitydataandvideo.com\/inicio\/wp-json\/wp\/v2\/product_tag?post=16192"}],"curies":[{"name":"wp","href":"https:\/\/api.w.org\/{rel}","templated":true}]}}