{"id":16193,"date":"2022-07-21T11:41:47","date_gmt":"2022-07-21T17:41:47","guid":{"rendered":"https:\/\/www.securitydataandvideo.com\/inicio\/?post_type=product&#038;p=16193"},"modified":"2022-07-21T11:42:00","modified_gmt":"2022-07-21T17:42:00","slug":"panel-deteccion-incendio-ms-9600-udls-fire-lite-alarms-by-honeywell-direccionable-318-puntos-expandible-a-636-puntos-en-guadalajara-jalisco-y-todo-mexico","status":"publish","type":"product","link":"https:\/\/www.securitydataandvideo.com\/inicio\/shop\/panel-deteccion-incendio-ms-9600-udls-fire-lite-alarms-by-honeywell-direccionable-318-puntos-expandible-a-636-puntos-en-guadalajara-jalisco-y-todo-mexico\/","title":{"rendered":"Panel Detecci\u00f3n Incendio MS-9600-UDLS FIRE-LITE ALARMS BY HONEYWELL, Direccionable, 318 Puntos, Expandible a 636 Puntos, en Guadalajara Jalisco y todo M\u00e9xico."},"content":{"rendered":"<p><strong>Panel Detecci\u00f3n Incendio MS-9600-UDLS FIRE-LITE ALARMS BY HONEYWELL, Direccionable, 318 Puntos, Expandible a 636 Puntos, en Guadalajara Jalisco y todo M\u00e9xico.<\/strong><\/p>\n<p>El MS-9600UDLS es un panel de control de alarma contra incendios direccionable de 318 puntos con comunicador digital integrado y expandible a 636 puntos direccionables con un segundo circuito de se\u00f1alizaci\u00f3n SLC opcional.<\/p>\n<p><strong>Caracter\u00edsticas del Panel Detecci\u00f3n Incendio MS-9600-UDLS <a href=\"https:\/\/www.firelite.com\/es-LA\/Pages\/default.aspx\">FIRE-LITE<\/a><\/strong><\/p>\n<p><strong>Listado UL, FM, MEA y CSFM<\/strong><\/p>\n<p><a href=\"https:\/\/sitejal.com\/categoria-producto\/panel-de-incendio-firelite\/detectores-de-humo-y-calor\/\">Hasta 159 detectores<\/a> y 159 m\u00f3dulos de control\/monitoreo para un total de 318 dispositivos por lazo SLC, expandiblea 636 con el expansor de lazo modelo SLC-2LS<\/p>\n<p><strong>Protocolo LiteSpeed para comunicaci\u00f3n del SLC, sondea 10 dispositivos a la vez y funciona con cable no blindado est\u00e1ndar<\/strong><\/p>\n<p>Comunicador digital integrado para monitoreo y carga\/descarga remota<\/p>\n<p>Funci\u00f3n de programaci\u00f3n autom\u00e1tica que configura r\u00e1pidamente los detectores y los m\u00f3dulos<\/p>\n<p><strong>Tecnolog\u00eda avanzada contra incendios que incluye pruebas de sensibilidad y compensaci\u00f3n autom\u00e1tica de deriva<\/strong><\/p>\n<p>7 amperes distribuidos en 4 NAC con sincronizaci\u00f3n integrada para dispositivos <a href=\"https:\/\/www.systemsensor.com\/en-us\/Pages\/welcome.aspx\">System Sensor<\/a>\u00ae, Gentex\u00ae y Wheelock\u00ae<\/p>\n<p>Dos relevadores programables y uno para problema<\/p>\n<p>Requiere de 2 bater\u00edas (no incluidas)<\/p>\n<p>Alimentaci\u00f3n: 120Vca, 60Hz, 3A<\/p>\n<p>Dimensiones: 482 x 422 x 132 mm<\/p>\n<p><img src=\"https:\/\/ftp3.syscom.mx\/usuarios\/fotos\/ES200X\/168028-2019-07-30.png\" alt=\"Componentes del sistema\" \/><\/p>\n","protected":false},"excerpt":{"rendered":"<p>Panel Detecci\u00f3n Incendio MS-9600-UDLS FIRE-LITE ALARMS BY HONEYWELL, Direccionable, 318 Puntos, Expandible a 636 Puntos<\/p>\n","protected":false},"featured_media":16202,"template":"","meta":{"site-sidebar-layout":"default","site-content-layout":"default","ast-site-content-layout":"","site-content-style":"default","site-sidebar-style":"default","ast-global-header-display":"","ast-banner-title-visibility":"","ast-main-header-display":"","ast-hfb-above-header-display":"","ast-hfb-below-header-display":"","ast-hfb-mobile-header-display":"","site-post-title":"","ast-breadcrumbs-content":"","ast-featured-img":"","footer-sml-layout":"","theme-transparent-header-meta":"default","adv-header-id-meta":"","stick-header-meta":"","header-above-stick-meta":"","header-main-stick-meta":"","header-below-stick-meta":"","astra-migrate-meta-layouts":""},"product_cat":[327],"product_tag":[328],"yoast_head":"<!-- This site is optimized with the Yoast SEO plugin v19.5.1 - https:\/\/yoast.com\/wordpress\/plugins\/seo\/ -->\n<title>Panel Detecci\u00f3n Incendio MS-9600-UDLS FIRE-LITE - SITEJAL -<\/title>\n<meta name=\"description\" content=\"Panel Detecci\u00f3n Incendio MS-9600-UDLS FIRE-LITE ALARMS BY HONEYWELL, Direccionable, 318 Puntos, Expandible a 636 Puntos, Venta e Instalacion.\" \/>\n<meta name=\"robots\" content=\"index, follow, max-snippet:-1, max-image-preview:large, max-video-preview:-1\" \/>\n<link rel=\"canonical\" href=\"https:\/\/www.securitydataandvideo.com\/inicio\/shop\/panel-deteccion-incendio-ms-9600-udls-fire-lite-alarms-by-honeywell-direccionable-318-puntos-expandible-a-636-puntos-en-guadalajara-jalisco-y-todo-mexico\/\" \/>\n<meta property=\"og:locale\" content=\"es_MX\" \/>\n<meta property=\"og:type\" content=\"article\" \/>\n<meta property=\"og:title\" content=\"Panel Detecci\u00f3n Incendio MS-9600-UDLS FIRE-LITE - SITEJAL -\" \/>\n<meta property=\"og:description\" content=\"Panel Detecci\u00f3n Incendio MS-9600-UDLS FIRE-LITE ALARMS BY HONEYWELL, Direccionable, 318 Puntos, Expandible a 636 Puntos, Venta e Instalacion.\" \/>\n<meta property=\"og:url\" content=\"https:\/\/www.securitydataandvideo.com\/inicio\/shop\/panel-deteccion-incendio-ms-9600-udls-fire-lite-alarms-by-honeywell-direccionable-318-puntos-expandible-a-636-puntos-en-guadalajara-jalisco-y-todo-mexico\/\" \/>\n<meta property=\"og:site_name\" content=\"Security Data &amp; Video SA de CV.\" \/>\n<meta property=\"article:modified_time\" content=\"2022-07-21T17:42:00+00:00\" \/>\n<meta property=\"og:image\" content=\"https:\/\/www.securitydataandvideo.com\/inicio\/wp-content\/uploads\/2022\/07\/MS9600UDLS.png\" \/>\n\t<meta property=\"og:image:width\" content=\"400\" \/>\n\t<meta property=\"og:image:height\" content=\"400\" \/>\n\t<meta property=\"og:image:type\" content=\"image\/png\" \/>\n<meta name=\"twitter:card\" content=\"summary\" \/>\n<meta name=\"twitter:label1\" content=\"Tiempo de lectura\" \/>\n\t<meta name=\"twitter:data1\" content=\"2 minutos\" \/>\n<script type=\"application\/ld+json\" class=\"yoast-schema-graph\">{\"@context\":\"https:\/\/schema.org\",\"@graph\":[{\"@type\":\"WebPage\",\"@id\":\"https:\/\/www.securitydataandvideo.com\/inicio\/shop\/panel-deteccion-incendio-ms-9600-udls-fire-lite-alarms-by-honeywell-direccionable-318-puntos-expandible-a-636-puntos-en-guadalajara-jalisco-y-todo-mexico\/\",\"url\":\"https:\/\/www.securitydataandvideo.com\/inicio\/shop\/panel-deteccion-incendio-ms-9600-udls-fire-lite-alarms-by-honeywell-direccionable-318-puntos-expandible-a-636-puntos-en-guadalajara-jalisco-y-todo-mexico\/\",\"name\":\"Panel Detecci\u00f3n Incendio MS-9600-UDLS FIRE-LITE - SITEJAL -\",\"isPartOf\":{\"@id\":\"https:\/\/www.securitydataandvideo.com\/inicio\/#website\"},\"datePublished\":\"2022-07-21T17:41:47+00:00\",\"dateModified\":\"2022-07-21T17:42:00+00:00\",\"description\":\"Panel Detecci\u00f3n Incendio MS-9600-UDLS FIRE-LITE ALARMS BY HONEYWELL, Direccionable, 318 Puntos, Expandible a 636 Puntos, Venta e Instalacion.\",\"breadcrumb\":{\"@id\":\"https:\/\/www.securitydataandvideo.com\/inicio\/shop\/panel-deteccion-incendio-ms-9600-udls-fire-lite-alarms-by-honeywell-direccionable-318-puntos-expandible-a-636-puntos-en-guadalajara-jalisco-y-todo-mexico\/#breadcrumb\"},\"inLanguage\":\"es-MX\",\"potentialAction\":[{\"@type\":\"ReadAction\",\"target\":[\"https:\/\/www.securitydataandvideo.com\/inicio\/shop\/panel-deteccion-incendio-ms-9600-udls-fire-lite-alarms-by-honeywell-direccionable-318-puntos-expandible-a-636-puntos-en-guadalajara-jalisco-y-todo-mexico\/\"]}]},{\"@type\":\"BreadcrumbList\",\"@id\":\"https:\/\/www.securitydataandvideo.com\/inicio\/shop\/panel-deteccion-incendio-ms-9600-udls-fire-lite-alarms-by-honeywell-direccionable-318-puntos-expandible-a-636-puntos-en-guadalajara-jalisco-y-todo-mexico\/#breadcrumb\",\"itemListElement\":[{\"@type\":\"ListItem\",\"position\":1,\"name\":\"Inicio\",\"item\":\"https:\/\/www.securitydataandvideo.com\/inicio\/\"},{\"@type\":\"ListItem\",\"position\":2,\"name\":\"Shop\",\"item\":\"https:\/\/www.securitydataandvideo.com\/inicio\/shop\/\"},{\"@type\":\"ListItem\",\"position\":3,\"name\":\"Panel Detecci\u00f3n Incendio MS-9600-UDLS FIRE-LITE ALARMS BY HONEYWELL, Direccionable, 318 Puntos, Expandible a 636 Puntos, en Guadalajara Jalisco y todo M\u00e9xico.\"}]},{\"@type\":\"WebSite\",\"@id\":\"https:\/\/www.securitydataandvideo.com\/inicio\/#website\",\"url\":\"https:\/\/www.securitydataandvideo.com\/inicio\/\",\"name\":\"Security Data &amp; Video SA de CV.\",\"description\":\"Seguridad Electr\u00f3nica y Energ\u00eda\",\"publisher\":{\"@id\":\"https:\/\/www.securitydataandvideo.com\/inicio\/#organization\"},\"potentialAction\":[{\"@type\":\"SearchAction\",\"target\":{\"@type\":\"EntryPoint\",\"urlTemplate\":\"https:\/\/www.securitydataandvideo.com\/inicio\/?s={search_term_string}\"},\"query-input\":\"required name=search_term_string\"}],\"inLanguage\":\"es-MX\"},{\"@type\":\"Organization\",\"@id\":\"https:\/\/www.securitydataandvideo.com\/inicio\/#organization\",\"name\":\"Security Data & Video SA de CV\",\"url\":\"https:\/\/www.securitydataandvideo.com\/inicio\/\",\"sameAs\":[],\"logo\":{\"@type\":\"ImageObject\",\"inLanguage\":\"es-MX\",\"@id\":\"https:\/\/www.securitydataandvideo.com\/inicio\/#\/schema\/logo\/image\/\",\"url\":\"https:\/\/www.securitydataandvideo.com\/inicio\/wp-content\/uploads\/2021\/10\/Logo-Azul.png\",\"contentUrl\":\"https:\/\/www.securitydataandvideo.com\/inicio\/wp-content\/uploads\/2021\/10\/Logo-Azul.png\",\"width\":555,\"height\":375,\"caption\":\"Security Data & Video SA de CV\"},\"image\":{\"@id\":\"https:\/\/www.securitydataandvideo.com\/inicio\/#\/schema\/logo\/image\/\"}}]}<\/script>\n<!-- \/ Yoast SEO plugin. -->","yoast_head_json":{"title":"Panel Detecci\u00f3n Incendio MS-9600-UDLS FIRE-LITE - SITEJAL -","description":"Panel Detecci\u00f3n Incendio MS-9600-UDLS FIRE-LITE ALARMS BY HONEYWELL, Direccionable, 318 Puntos, Expandible a 636 Puntos, Venta e Instalacion.","robots":{"index":"index","follow":"follow","max-snippet":"max-snippet:-1","max-image-preview":"max-image-preview:large","max-video-preview":"max-video-preview:-1"},"canonical":"https:\/\/www.securitydataandvideo.com\/inicio\/shop\/panel-deteccion-incendio-ms-9600-udls-fire-lite-alarms-by-honeywell-direccionable-318-puntos-expandible-a-636-puntos-en-guadalajara-jalisco-y-todo-mexico\/","og_locale":"es_MX","og_type":"article","og_title":"Panel Detecci\u00f3n Incendio MS-9600-UDLS FIRE-LITE - SITEJAL -","og_description":"Panel Detecci\u00f3n Incendio MS-9600-UDLS FIRE-LITE ALARMS BY HONEYWELL, Direccionable, 318 Puntos, Expandible a 636 Puntos, Venta e Instalacion.","og_url":"https:\/\/www.securitydataandvideo.com\/inicio\/shop\/panel-deteccion-incendio-ms-9600-udls-fire-lite-alarms-by-honeywell-direccionable-318-puntos-expandible-a-636-puntos-en-guadalajara-jalisco-y-todo-mexico\/","og_site_name":"Security Data &amp; Video SA de CV.","article_modified_time":"2022-07-21T17:42:00+00:00","og_image":[{"width":400,"height":400,"url":"https:\/\/www.securitydataandvideo.com\/inicio\/wp-content\/uploads\/2022\/07\/MS9600UDLS.png","type":"image\/png"}],"twitter_card":"summary","twitter_misc":{"Tiempo de lectura":"2 minutos"},"schema":{"@context":"https:\/\/schema.org","@graph":[{"@type":"WebPage","@id":"https:\/\/www.securitydataandvideo.com\/inicio\/shop\/panel-deteccion-incendio-ms-9600-udls-fire-lite-alarms-by-honeywell-direccionable-318-puntos-expandible-a-636-puntos-en-guadalajara-jalisco-y-todo-mexico\/","url":"https:\/\/www.securitydataandvideo.com\/inicio\/shop\/panel-deteccion-incendio-ms-9600-udls-fire-lite-alarms-by-honeywell-direccionable-318-puntos-expandible-a-636-puntos-en-guadalajara-jalisco-y-todo-mexico\/","name":"Panel Detecci\u00f3n Incendio MS-9600-UDLS FIRE-LITE - SITEJAL -","isPartOf":{"@id":"https:\/\/www.securitydataandvideo.com\/inicio\/#website"},"datePublished":"2022-07-21T17:41:47+00:00","dateModified":"2022-07-21T17:42:00+00:00","description":"Panel Detecci\u00f3n Incendio MS-9600-UDLS FIRE-LITE ALARMS BY HONEYWELL, Direccionable, 318 Puntos, Expandible a 636 Puntos, Venta e Instalacion.","breadcrumb":{"@id":"https:\/\/www.securitydataandvideo.com\/inicio\/shop\/panel-deteccion-incendio-ms-9600-udls-fire-lite-alarms-by-honeywell-direccionable-318-puntos-expandible-a-636-puntos-en-guadalajara-jalisco-y-todo-mexico\/#breadcrumb"},"inLanguage":"es-MX","potentialAction":[{"@type":"ReadAction","target":["https:\/\/www.securitydataandvideo.com\/inicio\/shop\/panel-deteccion-incendio-ms-9600-udls-fire-lite-alarms-by-honeywell-direccionable-318-puntos-expandible-a-636-puntos-en-guadalajara-jalisco-y-todo-mexico\/"]}]},{"@type":"BreadcrumbList","@id":"https:\/\/www.securitydataandvideo.com\/inicio\/shop\/panel-deteccion-incendio-ms-9600-udls-fire-lite-alarms-by-honeywell-direccionable-318-puntos-expandible-a-636-puntos-en-guadalajara-jalisco-y-todo-mexico\/#breadcrumb","itemListElement":[{"@type":"ListItem","position":1,"name":"Inicio","item":"https:\/\/www.securitydataandvideo.com\/inicio\/"},{"@type":"ListItem","position":2,"name":"Shop","item":"https:\/\/www.securitydataandvideo.com\/inicio\/shop\/"},{"@type":"ListItem","position":3,"name":"Panel Detecci\u00f3n Incendio MS-9600-UDLS FIRE-LITE ALARMS BY HONEYWELL, Direccionable, 318 Puntos, Expandible a 636 Puntos, en Guadalajara Jalisco y todo M\u00e9xico."}]},{"@type":"WebSite","@id":"https:\/\/www.securitydataandvideo.com\/inicio\/#website","url":"https:\/\/www.securitydataandvideo.com\/inicio\/","name":"Security Data &amp; Video SA de CV.","description":"Seguridad Electr\u00f3nica y Energ\u00eda","publisher":{"@id":"https:\/\/www.securitydataandvideo.com\/inicio\/#organization"},"potentialAction":[{"@type":"SearchAction","target":{"@type":"EntryPoint","urlTemplate":"https:\/\/www.securitydataandvideo.com\/inicio\/?s={search_term_string}"},"query-input":"required name=search_term_string"}],"inLanguage":"es-MX"},{"@type":"Organization","@id":"https:\/\/www.securitydataandvideo.com\/inicio\/#organization","name":"Security Data & Video SA de CV","url":"https:\/\/www.securitydataandvideo.com\/inicio\/","sameAs":[],"logo":{"@type":"ImageObject","inLanguage":"es-MX","@id":"https:\/\/www.securitydataandvideo.com\/inicio\/#\/schema\/logo\/image\/","url":"https:\/\/www.securitydataandvideo.com\/inicio\/wp-content\/uploads\/2021\/10\/Logo-Azul.png","contentUrl":"https:\/\/www.securitydataandvideo.com\/inicio\/wp-content\/uploads\/2021\/10\/Logo-Azul.png","width":555,"height":375,"caption":"Security Data & Video SA de CV"},"image":{"@id":"https:\/\/www.securitydataandvideo.com\/inicio\/#\/schema\/logo\/image\/"}}]}},"_links":{"self":[{"href":"https:\/\/www.securitydataandvideo.com\/inicio\/wp-json\/wp\/v2\/product\/16193"}],"collection":[{"href":"https:\/\/www.securitydataandvideo.com\/inicio\/wp-json\/wp\/v2\/product"}],"about":[{"href":"https:\/\/www.securitydataandvideo.com\/inicio\/wp-json\/wp\/v2\/types\/product"}],"wp:featuredmedia":[{"embeddable":true,"href":"https:\/\/www.securitydataandvideo.com\/inicio\/wp-json\/wp\/v2\/media\/16202"}],"wp:attachment":[{"href":"https:\/\/www.securitydataandvideo.com\/inicio\/wp-json\/wp\/v2\/media?parent=16193"}],"wp:term":[{"taxonomy":"product_cat","embeddable":true,"href":"https:\/\/www.securitydataandvideo.com\/inicio\/wp-json\/wp\/v2\/product_cat?post=16193"},{"taxonomy":"product_tag","embeddable":true,"href":"https:\/\/www.securitydataandvideo.com\/inicio\/wp-json\/wp\/v2\/product_tag?post=16193"}],"curies":[{"name":"wp","href":"https:\/\/api.w.org\/{rel}","templated":true}]}}