{"id":16203,"date":"2022-07-21T11:42:15","date_gmt":"2022-07-21T17:42:15","guid":{"rendered":"https:\/\/www.securitydataandvideo.com\/inicio\/?post_type=product&#038;p=16203"},"modified":"2022-07-21T11:42:23","modified_gmt":"2022-07-21T17:42:23","slug":"panel-hibrido-vista-32fb-t-honeywell-de-incendio-e-intrusion-hasta-32-zonas-cableadas-o-inalambricas-24-zonas-v-plex-2-particiones-compatible-con-alarmnet-y-total-connect-en-guadalajara-jalisco-y","status":"publish","type":"product","link":"https:\/\/www.securitydataandvideo.com\/inicio\/shop\/panel-hibrido-vista-32fb-t-honeywell-de-incendio-e-intrusion-hasta-32-zonas-cableadas-o-inalambricas-24-zonas-v-plex-2-particiones-compatible-con-alarmnet-y-total-connect-en-guadalajara-jalisco-y\/","title":{"rendered":"Panel Hibrido VISTA-32FB-T HONEYWELL de Incendio e Intrusi\u00f3n, Hasta 32 Zonas Cableadas o Inal\u00e1mbricas, 24 Zonas V-Plex, 2 Particiones, Compatible con AlarmNet y Total Connect, en guadalajara Jalisco y todo M\u00e9xico."},"content":{"rendered":"<p><strong>Panel Hibrido VISTA-32FB-T HONEYWELL de Incendio e Intrusi\u00f3n, Hasta 32 Zonas Cableadas o Inal\u00e1mbricas, 24 Zonas V-Plex, 2 Particiones, Compatible con AlarmNet y Total Connect, en guadalajara Jalisco y todo M\u00e9xico.<\/strong><\/p>\n<p><strong>Zonas<\/strong><br \/>\n8 zonas programables, configurables con o sin resistencia de fin de l\u00ednea.<br \/>\n3 M\u00e9todos de expansi\u00f3n: cableado, inal\u00e1mbrico y Vplex.<br \/>\nLas zonas se pueden configurar de respuesta r\u00e1pida o lenta.<br \/>\nLas zonas 1 y 2 soportan hasta 16 detectores de humo de 2 hilos cada una.<br \/>\nSoporta detectores de humo de 4 hilos.<br \/>\nSoporta hasta 32 zonas inal\u00e1mbricas agregando el receptor 5800 de Honeywell.<br \/>\nCapacidad m\u00e1xima de 24 Zonas Vplex.<br \/>\nSoporta m\u00f3dulo de expansi\u00f3n de zonas cableados 4208U.<br \/>\nSupervisi\u00f3n del sistema inal\u00e1mbrico al 100%.<br \/>\nAlcance de hasta 60 m en la serie inal\u00e1mbrica 5800.<br \/>\nRequiere bater\u00eda de respaldo PL712 y teclado programador 6160CR (No incluidos)<\/p>\n<p><strong>Usuarios<\/strong><br \/>\n75 c\u00f3digos de usuario.<br \/>\n6 niveles de autoridad: instalador, maestro, est\u00e1ndar, invitado, s\u00f3lo armar y coacci\u00f3n.<br \/>\nSistema de armado r\u00e1pido.<br \/>\n5 niveles de armado: total, parcial, noche, instant y m\u00e1ximo<br \/>\nAviso de puerta abierta (CHIME).<\/p>\n<p><strong><a href=\"https:\/\/ftp3.syscom.mx\/usuarios\/ftp\/2016\/04\/18\/69a53\/VISTA-32FBPT-Data-Sheet.PDF\">Panel Hibrido VISTA-32FB-T HONEYWELL<\/a> control incluye:<\/strong><br \/>\n1 Tarjeta<br \/>\n1 Gabinete<br \/>\n1 Fuente de alimentaci\u00f3n<\/p>\n<p><strong>Requiere bater\u00eda de respaldo PL712 y teclado programador 6160CR (No incluidos)<br \/>\n1 A\u00f1o de Garant\u00eda<\/strong><\/p>\n<p>&nbsp;<\/p>\n","protected":false},"excerpt":{"rendered":"<p>Panel Hibrido VISTA-32FB-T HONEYWELL de Incendio e Intrusi\u00f3n, Hasta 32 Zonas Cableadas o Inal\u00e1mbricas, 24 Zonas V-Plex, 2 Particiones.<\/p>\n","protected":false},"featured_media":16233,"template":"","meta":{"site-sidebar-layout":"default","site-content-layout":"default","ast-site-content-layout":"","site-content-style":"default","site-sidebar-style":"default","ast-global-header-display":"","ast-banner-title-visibility":"","ast-main-header-display":"","ast-hfb-above-header-display":"","ast-hfb-below-header-display":"","ast-hfb-mobile-header-display":"","site-post-title":"","ast-breadcrumbs-content":"","ast-featured-img":"","footer-sml-layout":"","theme-transparent-header-meta":"default","adv-header-id-meta":"","stick-header-meta":"","header-above-stick-meta":"","header-main-stick-meta":"","header-below-stick-meta":"","astra-migrate-meta-layouts":""},"product_cat":[327],"product_tag":[89],"yoast_head":"<!-- This site is optimized with the Yoast SEO plugin v19.5.1 - https:\/\/yoast.com\/wordpress\/plugins\/seo\/ -->\n<title>Panel Hibrido VISTA-32FB-T HONEYWELL - Security Data &amp; Video SA de CV.<\/title>\n<meta name=\"description\" content=\"Panel Hibrido VISTA-32FB-T HONEYWELL de Incendio e Intrusi\u00f3n, Hasta 32 Zonas Cableadas o Inal\u00e1mbricas, 24 Zonas V-Plex, 2 Particiones.\" \/>\n<meta name=\"robots\" content=\"index, follow, max-snippet:-1, max-image-preview:large, max-video-preview:-1\" \/>\n<link rel=\"canonical\" href=\"https:\/\/www.securitydataandvideo.com\/inicio\/shop\/panel-hibrido-vista-32fb-t-honeywell-de-incendio-e-intrusion-hasta-32-zonas-cableadas-o-inalambricas-24-zonas-v-plex-2-particiones-compatible-con-alarmnet-y-total-connect-en-guadalajara-jalisco-y\/\" \/>\n<meta property=\"og:locale\" content=\"es_MX\" \/>\n<meta property=\"og:type\" content=\"article\" \/>\n<meta property=\"og:title\" content=\"Panel Hibrido VISTA-32FB-T HONEYWELL - Security Data &amp; Video SA de CV.\" \/>\n<meta property=\"og:description\" content=\"Panel Hibrido VISTA-32FB-T HONEYWELL de Incendio e Intrusi\u00f3n, Hasta 32 Zonas Cableadas o Inal\u00e1mbricas, 24 Zonas V-Plex, 2 Particiones.\" \/>\n<meta property=\"og:url\" content=\"https:\/\/www.securitydataandvideo.com\/inicio\/shop\/panel-hibrido-vista-32fb-t-honeywell-de-incendio-e-intrusion-hasta-32-zonas-cableadas-o-inalambricas-24-zonas-v-plex-2-particiones-compatible-con-alarmnet-y-total-connect-en-guadalajara-jalisco-y\/\" \/>\n<meta property=\"og:site_name\" content=\"Security Data &amp; Video SA de CV.\" \/>\n<meta property=\"article:modified_time\" content=\"2022-07-21T17:42:23+00:00\" \/>\n<meta property=\"og:image\" content=\"https:\/\/www.securitydataandvideo.com\/inicio\/wp-content\/uploads\/2022\/07\/VISTA32FBT.png\" \/>\n\t<meta property=\"og:image:width\" content=\"400\" \/>\n\t<meta property=\"og:image:height\" content=\"400\" \/>\n\t<meta property=\"og:image:type\" content=\"image\/png\" \/>\n<meta name=\"twitter:card\" content=\"summary\" \/>\n<meta name=\"twitter:label1\" content=\"Tiempo de lectura\" \/>\n\t<meta name=\"twitter:data1\" content=\"1 minuto\" \/>\n<script type=\"application\/ld+json\" class=\"yoast-schema-graph\">{\"@context\":\"https:\/\/schema.org\",\"@graph\":[{\"@type\":\"WebPage\",\"@id\":\"https:\/\/www.securitydataandvideo.com\/inicio\/shop\/panel-hibrido-vista-32fb-t-honeywell-de-incendio-e-intrusion-hasta-32-zonas-cableadas-o-inalambricas-24-zonas-v-plex-2-particiones-compatible-con-alarmnet-y-total-connect-en-guadalajara-jalisco-y\/\",\"url\":\"https:\/\/www.securitydataandvideo.com\/inicio\/shop\/panel-hibrido-vista-32fb-t-honeywell-de-incendio-e-intrusion-hasta-32-zonas-cableadas-o-inalambricas-24-zonas-v-plex-2-particiones-compatible-con-alarmnet-y-total-connect-en-guadalajara-jalisco-y\/\",\"name\":\"Panel Hibrido VISTA-32FB-T HONEYWELL - Security Data &amp; Video SA de CV.\",\"isPartOf\":{\"@id\":\"https:\/\/www.securitydataandvideo.com\/inicio\/#website\"},\"datePublished\":\"2022-07-21T17:42:15+00:00\",\"dateModified\":\"2022-07-21T17:42:23+00:00\",\"description\":\"Panel Hibrido VISTA-32FB-T HONEYWELL de Incendio e Intrusi\u00f3n, Hasta 32 Zonas Cableadas o Inal\u00e1mbricas, 24 Zonas V-Plex, 2 Particiones.\",\"breadcrumb\":{\"@id\":\"https:\/\/www.securitydataandvideo.com\/inicio\/shop\/panel-hibrido-vista-32fb-t-honeywell-de-incendio-e-intrusion-hasta-32-zonas-cableadas-o-inalambricas-24-zonas-v-plex-2-particiones-compatible-con-alarmnet-y-total-connect-en-guadalajara-jalisco-y\/#breadcrumb\"},\"inLanguage\":\"es-MX\",\"potentialAction\":[{\"@type\":\"ReadAction\",\"target\":[\"https:\/\/www.securitydataandvideo.com\/inicio\/shop\/panel-hibrido-vista-32fb-t-honeywell-de-incendio-e-intrusion-hasta-32-zonas-cableadas-o-inalambricas-24-zonas-v-plex-2-particiones-compatible-con-alarmnet-y-total-connect-en-guadalajara-jalisco-y\/\"]}]},{\"@type\":\"BreadcrumbList\",\"@id\":\"https:\/\/www.securitydataandvideo.com\/inicio\/shop\/panel-hibrido-vista-32fb-t-honeywell-de-incendio-e-intrusion-hasta-32-zonas-cableadas-o-inalambricas-24-zonas-v-plex-2-particiones-compatible-con-alarmnet-y-total-connect-en-guadalajara-jalisco-y\/#breadcrumb\",\"itemListElement\":[{\"@type\":\"ListItem\",\"position\":1,\"name\":\"Inicio\",\"item\":\"https:\/\/www.securitydataandvideo.com\/inicio\/\"},{\"@type\":\"ListItem\",\"position\":2,\"name\":\"Shop\",\"item\":\"https:\/\/www.securitydataandvideo.com\/inicio\/shop\/\"},{\"@type\":\"ListItem\",\"position\":3,\"name\":\"Panel Hibrido VISTA-32FB-T HONEYWELL de Incendio e Intrusi\u00f3n, Hasta 32 Zonas Cableadas o Inal\u00e1mbricas, 24 Zonas V-Plex, 2 Particiones, Compatible con AlarmNet y Total Connect, en guadalajara Jalisco y todo M\u00e9xico.\"}]},{\"@type\":\"WebSite\",\"@id\":\"https:\/\/www.securitydataandvideo.com\/inicio\/#website\",\"url\":\"https:\/\/www.securitydataandvideo.com\/inicio\/\",\"name\":\"Security Data &amp; Video SA de CV.\",\"description\":\"Seguridad Electr\u00f3nica y Energ\u00eda\",\"publisher\":{\"@id\":\"https:\/\/www.securitydataandvideo.com\/inicio\/#organization\"},\"potentialAction\":[{\"@type\":\"SearchAction\",\"target\":{\"@type\":\"EntryPoint\",\"urlTemplate\":\"https:\/\/www.securitydataandvideo.com\/inicio\/?s={search_term_string}\"},\"query-input\":\"required name=search_term_string\"}],\"inLanguage\":\"es-MX\"},{\"@type\":\"Organization\",\"@id\":\"https:\/\/www.securitydataandvideo.com\/inicio\/#organization\",\"name\":\"Security Data & Video SA de CV\",\"url\":\"https:\/\/www.securitydataandvideo.com\/inicio\/\",\"sameAs\":[],\"logo\":{\"@type\":\"ImageObject\",\"inLanguage\":\"es-MX\",\"@id\":\"https:\/\/www.securitydataandvideo.com\/inicio\/#\/schema\/logo\/image\/\",\"url\":\"https:\/\/www.securitydataandvideo.com\/inicio\/wp-content\/uploads\/2021\/10\/Logo-Azul.png\",\"contentUrl\":\"https:\/\/www.securitydataandvideo.com\/inicio\/wp-content\/uploads\/2021\/10\/Logo-Azul.png\",\"width\":555,\"height\":375,\"caption\":\"Security Data & Video SA de CV\"},\"image\":{\"@id\":\"https:\/\/www.securitydataandvideo.com\/inicio\/#\/schema\/logo\/image\/\"}}]}<\/script>\n<!-- \/ Yoast SEO plugin. -->","yoast_head_json":{"title":"Panel Hibrido VISTA-32FB-T HONEYWELL - Security Data &amp; Video SA de CV.","description":"Panel Hibrido VISTA-32FB-T HONEYWELL de Incendio e Intrusi\u00f3n, Hasta 32 Zonas Cableadas o Inal\u00e1mbricas, 24 Zonas V-Plex, 2 Particiones.","robots":{"index":"index","follow":"follow","max-snippet":"max-snippet:-1","max-image-preview":"max-image-preview:large","max-video-preview":"max-video-preview:-1"},"canonical":"https:\/\/www.securitydataandvideo.com\/inicio\/shop\/panel-hibrido-vista-32fb-t-honeywell-de-incendio-e-intrusion-hasta-32-zonas-cableadas-o-inalambricas-24-zonas-v-plex-2-particiones-compatible-con-alarmnet-y-total-connect-en-guadalajara-jalisco-y\/","og_locale":"es_MX","og_type":"article","og_title":"Panel Hibrido VISTA-32FB-T HONEYWELL - Security Data &amp; Video SA de CV.","og_description":"Panel Hibrido VISTA-32FB-T HONEYWELL de Incendio e Intrusi\u00f3n, Hasta 32 Zonas Cableadas o Inal\u00e1mbricas, 24 Zonas V-Plex, 2 Particiones.","og_url":"https:\/\/www.securitydataandvideo.com\/inicio\/shop\/panel-hibrido-vista-32fb-t-honeywell-de-incendio-e-intrusion-hasta-32-zonas-cableadas-o-inalambricas-24-zonas-v-plex-2-particiones-compatible-con-alarmnet-y-total-connect-en-guadalajara-jalisco-y\/","og_site_name":"Security Data &amp; Video SA de CV.","article_modified_time":"2022-07-21T17:42:23+00:00","og_image":[{"width":400,"height":400,"url":"https:\/\/www.securitydataandvideo.com\/inicio\/wp-content\/uploads\/2022\/07\/VISTA32FBT.png","type":"image\/png"}],"twitter_card":"summary","twitter_misc":{"Tiempo de lectura":"1 minuto"},"schema":{"@context":"https:\/\/schema.org","@graph":[{"@type":"WebPage","@id":"https:\/\/www.securitydataandvideo.com\/inicio\/shop\/panel-hibrido-vista-32fb-t-honeywell-de-incendio-e-intrusion-hasta-32-zonas-cableadas-o-inalambricas-24-zonas-v-plex-2-particiones-compatible-con-alarmnet-y-total-connect-en-guadalajara-jalisco-y\/","url":"https:\/\/www.securitydataandvideo.com\/inicio\/shop\/panel-hibrido-vista-32fb-t-honeywell-de-incendio-e-intrusion-hasta-32-zonas-cableadas-o-inalambricas-24-zonas-v-plex-2-particiones-compatible-con-alarmnet-y-total-connect-en-guadalajara-jalisco-y\/","name":"Panel Hibrido VISTA-32FB-T HONEYWELL - Security Data &amp; Video SA de CV.","isPartOf":{"@id":"https:\/\/www.securitydataandvideo.com\/inicio\/#website"},"datePublished":"2022-07-21T17:42:15+00:00","dateModified":"2022-07-21T17:42:23+00:00","description":"Panel Hibrido VISTA-32FB-T HONEYWELL de Incendio e Intrusi\u00f3n, Hasta 32 Zonas Cableadas o Inal\u00e1mbricas, 24 Zonas V-Plex, 2 Particiones.","breadcrumb":{"@id":"https:\/\/www.securitydataandvideo.com\/inicio\/shop\/panel-hibrido-vista-32fb-t-honeywell-de-incendio-e-intrusion-hasta-32-zonas-cableadas-o-inalambricas-24-zonas-v-plex-2-particiones-compatible-con-alarmnet-y-total-connect-en-guadalajara-jalisco-y\/#breadcrumb"},"inLanguage":"es-MX","potentialAction":[{"@type":"ReadAction","target":["https:\/\/www.securitydataandvideo.com\/inicio\/shop\/panel-hibrido-vista-32fb-t-honeywell-de-incendio-e-intrusion-hasta-32-zonas-cableadas-o-inalambricas-24-zonas-v-plex-2-particiones-compatible-con-alarmnet-y-total-connect-en-guadalajara-jalisco-y\/"]}]},{"@type":"BreadcrumbList","@id":"https:\/\/www.securitydataandvideo.com\/inicio\/shop\/panel-hibrido-vista-32fb-t-honeywell-de-incendio-e-intrusion-hasta-32-zonas-cableadas-o-inalambricas-24-zonas-v-plex-2-particiones-compatible-con-alarmnet-y-total-connect-en-guadalajara-jalisco-y\/#breadcrumb","itemListElement":[{"@type":"ListItem","position":1,"name":"Inicio","item":"https:\/\/www.securitydataandvideo.com\/inicio\/"},{"@type":"ListItem","position":2,"name":"Shop","item":"https:\/\/www.securitydataandvideo.com\/inicio\/shop\/"},{"@type":"ListItem","position":3,"name":"Panel Hibrido VISTA-32FB-T HONEYWELL de Incendio e Intrusi\u00f3n, Hasta 32 Zonas Cableadas o Inal\u00e1mbricas, 24 Zonas V-Plex, 2 Particiones, Compatible con AlarmNet y Total Connect, en guadalajara Jalisco y todo M\u00e9xico."}]},{"@type":"WebSite","@id":"https:\/\/www.securitydataandvideo.com\/inicio\/#website","url":"https:\/\/www.securitydataandvideo.com\/inicio\/","name":"Security Data &amp; Video SA de CV.","description":"Seguridad Electr\u00f3nica y Energ\u00eda","publisher":{"@id":"https:\/\/www.securitydataandvideo.com\/inicio\/#organization"},"potentialAction":[{"@type":"SearchAction","target":{"@type":"EntryPoint","urlTemplate":"https:\/\/www.securitydataandvideo.com\/inicio\/?s={search_term_string}"},"query-input":"required name=search_term_string"}],"inLanguage":"es-MX"},{"@type":"Organization","@id":"https:\/\/www.securitydataandvideo.com\/inicio\/#organization","name":"Security Data & Video SA de CV","url":"https:\/\/www.securitydataandvideo.com\/inicio\/","sameAs":[],"logo":{"@type":"ImageObject","inLanguage":"es-MX","@id":"https:\/\/www.securitydataandvideo.com\/inicio\/#\/schema\/logo\/image\/","url":"https:\/\/www.securitydataandvideo.com\/inicio\/wp-content\/uploads\/2021\/10\/Logo-Azul.png","contentUrl":"https:\/\/www.securitydataandvideo.com\/inicio\/wp-content\/uploads\/2021\/10\/Logo-Azul.png","width":555,"height":375,"caption":"Security Data & Video SA de CV"},"image":{"@id":"https:\/\/www.securitydataandvideo.com\/inicio\/#\/schema\/logo\/image\/"}}]}},"_links":{"self":[{"href":"https:\/\/www.securitydataandvideo.com\/inicio\/wp-json\/wp\/v2\/product\/16203"}],"collection":[{"href":"https:\/\/www.securitydataandvideo.com\/inicio\/wp-json\/wp\/v2\/product"}],"about":[{"href":"https:\/\/www.securitydataandvideo.com\/inicio\/wp-json\/wp\/v2\/types\/product"}],"wp:featuredmedia":[{"embeddable":true,"href":"https:\/\/www.securitydataandvideo.com\/inicio\/wp-json\/wp\/v2\/media\/16233"}],"wp:attachment":[{"href":"https:\/\/www.securitydataandvideo.com\/inicio\/wp-json\/wp\/v2\/media?parent=16203"}],"wp:term":[{"taxonomy":"product_cat","embeddable":true,"href":"https:\/\/www.securitydataandvideo.com\/inicio\/wp-json\/wp\/v2\/product_cat?post=16203"},{"taxonomy":"product_tag","embeddable":true,"href":"https:\/\/www.securitydataandvideo.com\/inicio\/wp-json\/wp\/v2\/product_tag?post=16203"}],"curies":[{"name":"wp","href":"https:\/\/api.w.org\/{rel}","templated":true}]}}