{"id":16204,"date":"2022-07-21T11:42:15","date_gmt":"2022-07-21T17:42:15","guid":{"rendered":"https:\/\/www.securitydataandvideo.com\/inicio\/?post_type=product&#038;p=16204"},"modified":"2022-07-21T11:42:25","modified_gmt":"2022-07-21T17:42:25","slug":"panel-hibrido-vista-128-fbp-t-honeywell-de-incendio-e-intrusion-hasta-128-zonas-cableadas-o-inalambricas-120-zonas-v-plex-8-particiones-compatible-con-alarmnet-y-total-connect-en-guadalajara-jali","status":"publish","type":"product","link":"https:\/\/www.securitydataandvideo.com\/inicio\/shop\/panel-hibrido-vista-128-fbp-t-honeywell-de-incendio-e-intrusion-hasta-128-zonas-cableadas-o-inalambricas-120-zonas-v-plex-8-particiones-compatible-con-alarmnet-y-total-connect-en-guadalajara-jali\/","title":{"rendered":"Panel Hibrido VISTA-128-FBP-T HONEYWELL de Incendio e Intrusi\u00f3n, Hasta 128 Zonas Cableadas o Inal\u00e1mbricas, 120 Zonas V-plex, 8 Particiones, Compatible con AlarmNet y Total Connect, en Guadalajara Jalisco y todo M\u00e9xico."},"content":{"rendered":"<p><strong>Panel Hibrido VISTA-128-FBP-T HONEYWELL de Incendio e Intrusi\u00f3n, Hasta 128 Zonas Cableadas o Inal\u00e1mbricas, 120 Zonas V-plex, 8 Particiones, Compatible con AlarmNet y Total Connect, en Guadalajara Jalisco y todo M\u00e9xico.<\/strong><\/p>\n<p><strong>Sistema<\/strong><\/p>\n<p>Listado UL, ULC, FM, CSFM y FDNY<\/p>\n<p>Cumple con NFPA 72<\/p>\n<p>3 Tecnolog\u00edas de Expansi\u00f3n; Al\u00e1mbricos, Inal\u00e1mbricos y Multiplexados<\/p>\n<p>2 circuitos de notificaci\u00f3n de 1.7 A<\/p>\n<p>Programaci\u00f3n por teclado alfanum\u00e9rico, software Downloading.<\/p>\n<p>M\u00e1ximo 31 dispositivos perif\u00e9ricos como teclados, m\u00f3dulos de expansi\u00f3n y de relevadores.<\/p>\n<p>Soporta Teclados sensibles al tacto.<\/p>\n<p>Tiempo de entrada definido por el instalador.<\/p>\n<p>2 zonas programables de entrada y salida con distintos tiempos.<\/p>\n<p>Funciones de automatizaci\u00f3n.<\/p>\n<p>Funci\u00f3n de auto armado y desarmado.<\/p>\n<p>Soporta m\u00f3dulo de relevadores 4204 m\u00e1ximo 24.<\/p>\n<p>512 eventos en memoria. La memoria se puede leer con el software COMPASS Downloading en Espa\u00f1ol.<\/p>\n<p>8 particiones<\/p>\n<p>Confirmaci\u00f3n de armado y desarmado.<\/p>\n<p>Detecci\u00f3n de corte de l\u00ednea telef\u00f3nica.<\/p>\n<p>Corriente auxiliar de 600 mA.<\/p>\n<p>Fuente de alimetaci\u00f3n.<\/p>\n<p><strong>1 A\u00f1o de Garant\u00eda<\/strong><\/p>\n<p>Panel Hibrido <a href=\"https:\/\/ftp3.syscom.mx\/usuarios\/ftp\/2017\/10\/07\/3bb29\/VISTA-128FBPT%20Data%20Sheet.pdf\">VISTA-128-FBP-T HONEYWELL<\/a> de Incendio e Intrusi\u00f3n, Hasta 128 Zonas Cableadas o Inal\u00e1mbricas, 120 Zonas V-plex, 8 Particiones, Compatible con AlarmNet y Total Connect, en Guadalajara Jalisco y todo M\u00e9xico.<\/p>\n","protected":false},"excerpt":{"rendered":"<p><strong>VISTA-128-FBP-T HONEYWELL HOME RESIDEO Panel Hibrido de Incendio e Intrusi\u00f3n, Hasta 128 Zonas Cableadas o Inal\u00e1mbricas, 120 Zonas V-plex, 8 Particiones, Compatible con AlarmNet y Total Connect, en Guadalajara Jalisco y todo M\u00e9xico.<\/strong><\/p>\n","protected":false},"featured_media":16234,"template":"","meta":{"site-sidebar-layout":"default","site-content-layout":"default","ast-site-content-layout":"","site-content-style":"default","site-sidebar-style":"default","ast-global-header-display":"","ast-banner-title-visibility":"","ast-main-header-display":"","ast-hfb-above-header-display":"","ast-hfb-below-header-display":"","ast-hfb-mobile-header-display":"","site-post-title":"","ast-breadcrumbs-content":"","ast-featured-img":"","footer-sml-layout":"","theme-transparent-header-meta":"default","adv-header-id-meta":"","stick-header-meta":"","header-above-stick-meta":"","header-main-stick-meta":"","header-below-stick-meta":"","astra-migrate-meta-layouts":""},"product_cat":[327],"product_tag":[89],"yoast_head":"<!-- This site is optimized with the Yoast SEO plugin v19.5.1 - https:\/\/yoast.com\/wordpress\/plugins\/seo\/ -->\n<title>Panel Hibrido VISTA-128-FBP-T HONEYWELL - Security Data &amp; Video SA de CV.<\/title>\n<meta name=\"description\" content=\"Panel Hibrido VISTA-128-FBP-T HONEYWELL de Incendio e Intrusi\u00f3n, Hasta 128 Zonas Cableadas o Inal\u00e1mbricas, 120 Zonas V-plex, 8 Particiones.\" \/>\n<meta name=\"robots\" content=\"index, follow, max-snippet:-1, max-image-preview:large, max-video-preview:-1\" \/>\n<link rel=\"canonical\" href=\"https:\/\/www.securitydataandvideo.com\/inicio\/shop\/panel-hibrido-vista-128-fbp-t-honeywell-de-incendio-e-intrusion-hasta-128-zonas-cableadas-o-inalambricas-120-zonas-v-plex-8-particiones-compatible-con-alarmnet-y-total-connect-en-guadalajara-jali\/\" \/>\n<meta property=\"og:locale\" content=\"es_MX\" \/>\n<meta property=\"og:type\" content=\"article\" \/>\n<meta property=\"og:title\" content=\"Panel Hibrido VISTA-128-FBP-T HONEYWELL - Security Data &amp; Video SA de CV.\" \/>\n<meta property=\"og:description\" content=\"Panel Hibrido VISTA-128-FBP-T HONEYWELL de Incendio e Intrusi\u00f3n, Hasta 128 Zonas Cableadas o Inal\u00e1mbricas, 120 Zonas V-plex, 8 Particiones.\" \/>\n<meta property=\"og:url\" content=\"https:\/\/www.securitydataandvideo.com\/inicio\/shop\/panel-hibrido-vista-128-fbp-t-honeywell-de-incendio-e-intrusion-hasta-128-zonas-cableadas-o-inalambricas-120-zonas-v-plex-8-particiones-compatible-con-alarmnet-y-total-connect-en-guadalajara-jali\/\" \/>\n<meta property=\"og:site_name\" content=\"Security Data &amp; Video SA de CV.\" \/>\n<meta property=\"article:modified_time\" content=\"2022-07-21T17:42:25+00:00\" \/>\n<meta property=\"og:image\" content=\"https:\/\/www.securitydataandvideo.com\/inicio\/wp-content\/uploads\/2022\/07\/VISTA128FBPT-p.png\" \/>\n\t<meta property=\"og:image:width\" content=\"400\" \/>\n\t<meta property=\"og:image:height\" content=\"400\" \/>\n\t<meta property=\"og:image:type\" content=\"image\/png\" \/>\n<meta name=\"twitter:card\" content=\"summary\" \/>\n<meta name=\"twitter:label1\" content=\"Tiempo de lectura\" \/>\n\t<meta name=\"twitter:data1\" content=\"1 minuto\" \/>\n<script type=\"application\/ld+json\" class=\"yoast-schema-graph\">{\"@context\":\"https:\/\/schema.org\",\"@graph\":[{\"@type\":\"WebPage\",\"@id\":\"https:\/\/www.securitydataandvideo.com\/inicio\/shop\/panel-hibrido-vista-128-fbp-t-honeywell-de-incendio-e-intrusion-hasta-128-zonas-cableadas-o-inalambricas-120-zonas-v-plex-8-particiones-compatible-con-alarmnet-y-total-connect-en-guadalajara-jali\/\",\"url\":\"https:\/\/www.securitydataandvideo.com\/inicio\/shop\/panel-hibrido-vista-128-fbp-t-honeywell-de-incendio-e-intrusion-hasta-128-zonas-cableadas-o-inalambricas-120-zonas-v-plex-8-particiones-compatible-con-alarmnet-y-total-connect-en-guadalajara-jali\/\",\"name\":\"Panel Hibrido VISTA-128-FBP-T HONEYWELL - Security Data &amp; Video SA de CV.\",\"isPartOf\":{\"@id\":\"https:\/\/www.securitydataandvideo.com\/inicio\/#website\"},\"datePublished\":\"2022-07-21T17:42:15+00:00\",\"dateModified\":\"2022-07-21T17:42:25+00:00\",\"description\":\"Panel Hibrido VISTA-128-FBP-T HONEYWELL de Incendio e Intrusi\u00f3n, Hasta 128 Zonas Cableadas o Inal\u00e1mbricas, 120 Zonas V-plex, 8 Particiones.\",\"breadcrumb\":{\"@id\":\"https:\/\/www.securitydataandvideo.com\/inicio\/shop\/panel-hibrido-vista-128-fbp-t-honeywell-de-incendio-e-intrusion-hasta-128-zonas-cableadas-o-inalambricas-120-zonas-v-plex-8-particiones-compatible-con-alarmnet-y-total-connect-en-guadalajara-jali\/#breadcrumb\"},\"inLanguage\":\"es-MX\",\"potentialAction\":[{\"@type\":\"ReadAction\",\"target\":[\"https:\/\/www.securitydataandvideo.com\/inicio\/shop\/panel-hibrido-vista-128-fbp-t-honeywell-de-incendio-e-intrusion-hasta-128-zonas-cableadas-o-inalambricas-120-zonas-v-plex-8-particiones-compatible-con-alarmnet-y-total-connect-en-guadalajara-jali\/\"]}]},{\"@type\":\"BreadcrumbList\",\"@id\":\"https:\/\/www.securitydataandvideo.com\/inicio\/shop\/panel-hibrido-vista-128-fbp-t-honeywell-de-incendio-e-intrusion-hasta-128-zonas-cableadas-o-inalambricas-120-zonas-v-plex-8-particiones-compatible-con-alarmnet-y-total-connect-en-guadalajara-jali\/#breadcrumb\",\"itemListElement\":[{\"@type\":\"ListItem\",\"position\":1,\"name\":\"Inicio\",\"item\":\"https:\/\/www.securitydataandvideo.com\/inicio\/\"},{\"@type\":\"ListItem\",\"position\":2,\"name\":\"Shop\",\"item\":\"https:\/\/www.securitydataandvideo.com\/inicio\/shop\/\"},{\"@type\":\"ListItem\",\"position\":3,\"name\":\"Panel Hibrido VISTA-128-FBP-T HONEYWELL de Incendio e Intrusi\u00f3n, Hasta 128 Zonas Cableadas o Inal\u00e1mbricas, 120 Zonas V-plex, 8 Particiones, Compatible con AlarmNet y Total Connect, en Guadalajara Jalisco y todo M\u00e9xico.\"}]},{\"@type\":\"WebSite\",\"@id\":\"https:\/\/www.securitydataandvideo.com\/inicio\/#website\",\"url\":\"https:\/\/www.securitydataandvideo.com\/inicio\/\",\"name\":\"Security Data &amp; Video SA de CV.\",\"description\":\"Seguridad Electr\u00f3nica y Energ\u00eda\",\"publisher\":{\"@id\":\"https:\/\/www.securitydataandvideo.com\/inicio\/#organization\"},\"potentialAction\":[{\"@type\":\"SearchAction\",\"target\":{\"@type\":\"EntryPoint\",\"urlTemplate\":\"https:\/\/www.securitydataandvideo.com\/inicio\/?s={search_term_string}\"},\"query-input\":\"required name=search_term_string\"}],\"inLanguage\":\"es-MX\"},{\"@type\":\"Organization\",\"@id\":\"https:\/\/www.securitydataandvideo.com\/inicio\/#organization\",\"name\":\"Security Data & Video SA de CV\",\"url\":\"https:\/\/www.securitydataandvideo.com\/inicio\/\",\"sameAs\":[],\"logo\":{\"@type\":\"ImageObject\",\"inLanguage\":\"es-MX\",\"@id\":\"https:\/\/www.securitydataandvideo.com\/inicio\/#\/schema\/logo\/image\/\",\"url\":\"https:\/\/www.securitydataandvideo.com\/inicio\/wp-content\/uploads\/2021\/10\/Logo-Azul.png\",\"contentUrl\":\"https:\/\/www.securitydataandvideo.com\/inicio\/wp-content\/uploads\/2021\/10\/Logo-Azul.png\",\"width\":555,\"height\":375,\"caption\":\"Security Data & Video SA de CV\"},\"image\":{\"@id\":\"https:\/\/www.securitydataandvideo.com\/inicio\/#\/schema\/logo\/image\/\"}}]}<\/script>\n<!-- \/ Yoast SEO plugin. -->","yoast_head_json":{"title":"Panel Hibrido VISTA-128-FBP-T HONEYWELL - Security Data &amp; Video SA de CV.","description":"Panel Hibrido VISTA-128-FBP-T HONEYWELL de Incendio e Intrusi\u00f3n, Hasta 128 Zonas Cableadas o Inal\u00e1mbricas, 120 Zonas V-plex, 8 Particiones.","robots":{"index":"index","follow":"follow","max-snippet":"max-snippet:-1","max-image-preview":"max-image-preview:large","max-video-preview":"max-video-preview:-1"},"canonical":"https:\/\/www.securitydataandvideo.com\/inicio\/shop\/panel-hibrido-vista-128-fbp-t-honeywell-de-incendio-e-intrusion-hasta-128-zonas-cableadas-o-inalambricas-120-zonas-v-plex-8-particiones-compatible-con-alarmnet-y-total-connect-en-guadalajara-jali\/","og_locale":"es_MX","og_type":"article","og_title":"Panel Hibrido VISTA-128-FBP-T HONEYWELL - Security Data &amp; Video SA de CV.","og_description":"Panel Hibrido VISTA-128-FBP-T HONEYWELL de Incendio e Intrusi\u00f3n, Hasta 128 Zonas Cableadas o Inal\u00e1mbricas, 120 Zonas V-plex, 8 Particiones.","og_url":"https:\/\/www.securitydataandvideo.com\/inicio\/shop\/panel-hibrido-vista-128-fbp-t-honeywell-de-incendio-e-intrusion-hasta-128-zonas-cableadas-o-inalambricas-120-zonas-v-plex-8-particiones-compatible-con-alarmnet-y-total-connect-en-guadalajara-jali\/","og_site_name":"Security Data &amp; Video SA de CV.","article_modified_time":"2022-07-21T17:42:25+00:00","og_image":[{"width":400,"height":400,"url":"https:\/\/www.securitydataandvideo.com\/inicio\/wp-content\/uploads\/2022\/07\/VISTA128FBPT-p.png","type":"image\/png"}],"twitter_card":"summary","twitter_misc":{"Tiempo de lectura":"1 minuto"},"schema":{"@context":"https:\/\/schema.org","@graph":[{"@type":"WebPage","@id":"https:\/\/www.securitydataandvideo.com\/inicio\/shop\/panel-hibrido-vista-128-fbp-t-honeywell-de-incendio-e-intrusion-hasta-128-zonas-cableadas-o-inalambricas-120-zonas-v-plex-8-particiones-compatible-con-alarmnet-y-total-connect-en-guadalajara-jali\/","url":"https:\/\/www.securitydataandvideo.com\/inicio\/shop\/panel-hibrido-vista-128-fbp-t-honeywell-de-incendio-e-intrusion-hasta-128-zonas-cableadas-o-inalambricas-120-zonas-v-plex-8-particiones-compatible-con-alarmnet-y-total-connect-en-guadalajara-jali\/","name":"Panel Hibrido VISTA-128-FBP-T HONEYWELL - Security Data &amp; Video SA de CV.","isPartOf":{"@id":"https:\/\/www.securitydataandvideo.com\/inicio\/#website"},"datePublished":"2022-07-21T17:42:15+00:00","dateModified":"2022-07-21T17:42:25+00:00","description":"Panel Hibrido VISTA-128-FBP-T HONEYWELL de Incendio e Intrusi\u00f3n, Hasta 128 Zonas Cableadas o Inal\u00e1mbricas, 120 Zonas V-plex, 8 Particiones.","breadcrumb":{"@id":"https:\/\/www.securitydataandvideo.com\/inicio\/shop\/panel-hibrido-vista-128-fbp-t-honeywell-de-incendio-e-intrusion-hasta-128-zonas-cableadas-o-inalambricas-120-zonas-v-plex-8-particiones-compatible-con-alarmnet-y-total-connect-en-guadalajara-jali\/#breadcrumb"},"inLanguage":"es-MX","potentialAction":[{"@type":"ReadAction","target":["https:\/\/www.securitydataandvideo.com\/inicio\/shop\/panel-hibrido-vista-128-fbp-t-honeywell-de-incendio-e-intrusion-hasta-128-zonas-cableadas-o-inalambricas-120-zonas-v-plex-8-particiones-compatible-con-alarmnet-y-total-connect-en-guadalajara-jali\/"]}]},{"@type":"BreadcrumbList","@id":"https:\/\/www.securitydataandvideo.com\/inicio\/shop\/panel-hibrido-vista-128-fbp-t-honeywell-de-incendio-e-intrusion-hasta-128-zonas-cableadas-o-inalambricas-120-zonas-v-plex-8-particiones-compatible-con-alarmnet-y-total-connect-en-guadalajara-jali\/#breadcrumb","itemListElement":[{"@type":"ListItem","position":1,"name":"Inicio","item":"https:\/\/www.securitydataandvideo.com\/inicio\/"},{"@type":"ListItem","position":2,"name":"Shop","item":"https:\/\/www.securitydataandvideo.com\/inicio\/shop\/"},{"@type":"ListItem","position":3,"name":"Panel Hibrido VISTA-128-FBP-T HONEYWELL de Incendio e Intrusi\u00f3n, Hasta 128 Zonas Cableadas o Inal\u00e1mbricas, 120 Zonas V-plex, 8 Particiones, Compatible con AlarmNet y Total Connect, en Guadalajara Jalisco y todo M\u00e9xico."}]},{"@type":"WebSite","@id":"https:\/\/www.securitydataandvideo.com\/inicio\/#website","url":"https:\/\/www.securitydataandvideo.com\/inicio\/","name":"Security Data &amp; Video SA de CV.","description":"Seguridad Electr\u00f3nica y Energ\u00eda","publisher":{"@id":"https:\/\/www.securitydataandvideo.com\/inicio\/#organization"},"potentialAction":[{"@type":"SearchAction","target":{"@type":"EntryPoint","urlTemplate":"https:\/\/www.securitydataandvideo.com\/inicio\/?s={search_term_string}"},"query-input":"required name=search_term_string"}],"inLanguage":"es-MX"},{"@type":"Organization","@id":"https:\/\/www.securitydataandvideo.com\/inicio\/#organization","name":"Security Data & Video SA de CV","url":"https:\/\/www.securitydataandvideo.com\/inicio\/","sameAs":[],"logo":{"@type":"ImageObject","inLanguage":"es-MX","@id":"https:\/\/www.securitydataandvideo.com\/inicio\/#\/schema\/logo\/image\/","url":"https:\/\/www.securitydataandvideo.com\/inicio\/wp-content\/uploads\/2021\/10\/Logo-Azul.png","contentUrl":"https:\/\/www.securitydataandvideo.com\/inicio\/wp-content\/uploads\/2021\/10\/Logo-Azul.png","width":555,"height":375,"caption":"Security Data & Video SA de CV"},"image":{"@id":"https:\/\/www.securitydataandvideo.com\/inicio\/#\/schema\/logo\/image\/"}}]}},"_links":{"self":[{"href":"https:\/\/www.securitydataandvideo.com\/inicio\/wp-json\/wp\/v2\/product\/16204"}],"collection":[{"href":"https:\/\/www.securitydataandvideo.com\/inicio\/wp-json\/wp\/v2\/product"}],"about":[{"href":"https:\/\/www.securitydataandvideo.com\/inicio\/wp-json\/wp\/v2\/types\/product"}],"wp:featuredmedia":[{"embeddable":true,"href":"https:\/\/www.securitydataandvideo.com\/inicio\/wp-json\/wp\/v2\/media\/16234"}],"wp:attachment":[{"href":"https:\/\/www.securitydataandvideo.com\/inicio\/wp-json\/wp\/v2\/media?parent=16204"}],"wp:term":[{"taxonomy":"product_cat","embeddable":true,"href":"https:\/\/www.securitydataandvideo.com\/inicio\/wp-json\/wp\/v2\/product_cat?post=16204"},{"taxonomy":"product_tag","embeddable":true,"href":"https:\/\/www.securitydataandvideo.com\/inicio\/wp-json\/wp\/v2\/product_tag?post=16204"}],"curies":[{"name":"wp","href":"https:\/\/api.w.org\/{rel}","templated":true}]}}