{"id":16205,"date":"2022-07-21T11:42:15","date_gmt":"2022-07-21T17:42:15","guid":{"rendered":"https:\/\/www.securitydataandvideo.com\/inicio\/?post_type=product&#038;p=16205"},"modified":"2022-07-21T11:42:26","modified_gmt":"2022-07-21T17:42:26","slug":"sa303cn-first-alert-detector-de-humo-autonomo-con-bateria-de-9-vcd-en-guadalajara-jalisco-y-todo-mexico","status":"publish","type":"product","link":"https:\/\/www.securitydataandvideo.com\/inicio\/shop\/sa303cn-first-alert-detector-de-humo-autonomo-con-bateria-de-9-vcd-en-guadalajara-jalisco-y-todo-mexico\/","title":{"rendered":"SA303CN FIRST ALERT Detector de Humo Aut\u00f3nomo con Bater\u00eda de 9 Vcd, en Guadalajara Jalisco y todo M\u00e9xico."},"content":{"rendered":"<p>SA303CN FIRST ALERT Detector de Humo Aut\u00f3nomo con Bater\u00eda de 9 Vcd, en Guadalajara Jalisco y todo M\u00e9xico.<\/p>\n<p>Este detector de humo operado por bater\u00eda es ideal es ideal para detectar incendios de propagaci\u00f3n r\u00e1pida de la flama, tiene un bot\u00f3n para silenciarlo ya que en ocasiones se generan falsas alarmas causadas por utensilios de cocina o vapor del agua caliente.<\/p>\n<p>Utiliza bater\u00eda de 9 Vcd (incluida).<br \/>\n<strong>Salida de Sirena de 85db.<\/strong><br \/>\nBot\u00f3n de prueba y silencio.<br \/>\n<strong>Aviso de bater\u00eda baja y se\u00f1al de alarma a la base.<\/strong><\/p>\n<p><strong>Fuentes Comunes de Incendios en los Hogares<\/p>\n<p><\/strong><\/p>\n","protected":false},"excerpt":{"rendered":"<p><strong>SA303CN FIRST ALERT Detector de Humo Aut\u00f3nomo con Bater\u00eda de 9 Vcd, en Guadalajara Jalisco y todo M\u00e9xico.<\/strong><\/p>\n","protected":false},"featured_media":16235,"template":"","meta":{"site-sidebar-layout":"","site-content-layout":"","ast-site-content-layout":"","site-content-style":"default","site-sidebar-style":"default","ast-global-header-display":"","ast-banner-title-visibility":"","ast-main-header-display":"","ast-hfb-above-header-display":"","ast-hfb-below-header-display":"","ast-hfb-mobile-header-display":"","site-post-title":"","ast-breadcrumbs-content":"","ast-featured-img":"","footer-sml-layout":"","theme-transparent-header-meta":"","adv-header-id-meta":"","stick-header-meta":"","header-above-stick-meta":"","header-main-stick-meta":"","header-below-stick-meta":"","astra-migrate-meta-layouts":""},"product_cat":[329],"product_tag":[330],"yoast_head":"<!-- This site is optimized with the Yoast SEO plugin v19.5.1 - https:\/\/yoast.com\/wordpress\/plugins\/seo\/ -->\n<title>SA303CN FIRST ALERT Detector de Humo Aut\u00f3nomo<\/title>\n<meta name=\"description\" content=\"Security Data &amp; Video SA de CV. SA303CN FIRST ALERT Detector de Humo Aut\u00f3nomo con Bater\u00eda de 9 Vcd\" \/>\n<meta name=\"robots\" content=\"index, follow, max-snippet:-1, max-image-preview:large, max-video-preview:-1\" \/>\n<link rel=\"canonical\" href=\"https:\/\/www.securitydataandvideo.com\/inicio\/shop\/sa303cn-first-alert-detector-de-humo-autonomo-con-bateria-de-9-vcd-en-guadalajara-jalisco-y-todo-mexico\/\" \/>\n<meta property=\"og:locale\" content=\"es_MX\" \/>\n<meta property=\"og:type\" content=\"article\" \/>\n<meta property=\"og:title\" content=\"SA303CN FIRST ALERT Detector de Humo Aut\u00f3nomo\" \/>\n<meta property=\"og:description\" content=\"Security Data &amp; Video SA de CV. SA303CN FIRST ALERT Detector de Humo Aut\u00f3nomo con Bater\u00eda de 9 Vcd\" \/>\n<meta property=\"og:url\" content=\"https:\/\/www.securitydataandvideo.com\/inicio\/shop\/sa303cn-first-alert-detector-de-humo-autonomo-con-bateria-de-9-vcd-en-guadalajara-jalisco-y-todo-mexico\/\" \/>\n<meta property=\"og:site_name\" content=\"Security Data &amp; Video SA de CV.\" \/>\n<meta property=\"article:modified_time\" content=\"2022-07-21T17:42:26+00:00\" \/>\n<meta property=\"og:image\" content=\"https:\/\/www.securitydataandvideo.com\/inicio\/wp-content\/uploads\/2022\/07\/SA303CN.png\" \/>\n\t<meta property=\"og:image:width\" content=\"400\" \/>\n\t<meta property=\"og:image:height\" content=\"400\" \/>\n\t<meta property=\"og:image:type\" content=\"image\/png\" \/>\n<meta name=\"twitter:card\" content=\"summary\" \/>\n<meta name=\"twitter:label1\" content=\"Tiempo de lectura\" \/>\n\t<meta name=\"twitter:data1\" content=\"1 minuto\" \/>\n<script type=\"application\/ld+json\" class=\"yoast-schema-graph\">{\"@context\":\"https:\/\/schema.org\",\"@graph\":[{\"@type\":\"WebPage\",\"@id\":\"https:\/\/www.securitydataandvideo.com\/inicio\/shop\/sa303cn-first-alert-detector-de-humo-autonomo-con-bateria-de-9-vcd-en-guadalajara-jalisco-y-todo-mexico\/\",\"url\":\"https:\/\/www.securitydataandvideo.com\/inicio\/shop\/sa303cn-first-alert-detector-de-humo-autonomo-con-bateria-de-9-vcd-en-guadalajara-jalisco-y-todo-mexico\/\",\"name\":\"SA303CN FIRST ALERT Detector de Humo Aut\u00f3nomo\",\"isPartOf\":{\"@id\":\"https:\/\/www.securitydataandvideo.com\/inicio\/#website\"},\"datePublished\":\"2022-07-21T17:42:15+00:00\",\"dateModified\":\"2022-07-21T17:42:26+00:00\",\"description\":\"Security Data &amp; Video SA de CV. SA303CN FIRST ALERT Detector de Humo Aut\u00f3nomo con Bater\u00eda de 9 Vcd\",\"breadcrumb\":{\"@id\":\"https:\/\/www.securitydataandvideo.com\/inicio\/shop\/sa303cn-first-alert-detector-de-humo-autonomo-con-bateria-de-9-vcd-en-guadalajara-jalisco-y-todo-mexico\/#breadcrumb\"},\"inLanguage\":\"es-MX\",\"potentialAction\":[{\"@type\":\"ReadAction\",\"target\":[\"https:\/\/www.securitydataandvideo.com\/inicio\/shop\/sa303cn-first-alert-detector-de-humo-autonomo-con-bateria-de-9-vcd-en-guadalajara-jalisco-y-todo-mexico\/\"]}]},{\"@type\":\"BreadcrumbList\",\"@id\":\"https:\/\/www.securitydataandvideo.com\/inicio\/shop\/sa303cn-first-alert-detector-de-humo-autonomo-con-bateria-de-9-vcd-en-guadalajara-jalisco-y-todo-mexico\/#breadcrumb\",\"itemListElement\":[{\"@type\":\"ListItem\",\"position\":1,\"name\":\"Inicio\",\"item\":\"https:\/\/www.securitydataandvideo.com\/inicio\/\"},{\"@type\":\"ListItem\",\"position\":2,\"name\":\"Shop\",\"item\":\"https:\/\/www.securitydataandvideo.com\/inicio\/shop\/\"},{\"@type\":\"ListItem\",\"position\":3,\"name\":\"SA303CN FIRST ALERT Detector de Humo Aut\u00f3nomo con Bater\u00eda de 9 Vcd, en Guadalajara Jalisco y todo M\u00e9xico.\"}]},{\"@type\":\"WebSite\",\"@id\":\"https:\/\/www.securitydataandvideo.com\/inicio\/#website\",\"url\":\"https:\/\/www.securitydataandvideo.com\/inicio\/\",\"name\":\"Security Data &amp; Video SA de CV.\",\"description\":\"Seguridad Electr\u00f3nica y Energ\u00eda\",\"publisher\":{\"@id\":\"https:\/\/www.securitydataandvideo.com\/inicio\/#organization\"},\"potentialAction\":[{\"@type\":\"SearchAction\",\"target\":{\"@type\":\"EntryPoint\",\"urlTemplate\":\"https:\/\/www.securitydataandvideo.com\/inicio\/?s={search_term_string}\"},\"query-input\":\"required name=search_term_string\"}],\"inLanguage\":\"es-MX\"},{\"@type\":\"Organization\",\"@id\":\"https:\/\/www.securitydataandvideo.com\/inicio\/#organization\",\"name\":\"Security Data & Video SA de CV\",\"url\":\"https:\/\/www.securitydataandvideo.com\/inicio\/\",\"sameAs\":[],\"logo\":{\"@type\":\"ImageObject\",\"inLanguage\":\"es-MX\",\"@id\":\"https:\/\/www.securitydataandvideo.com\/inicio\/#\/schema\/logo\/image\/\",\"url\":\"https:\/\/www.securitydataandvideo.com\/inicio\/wp-content\/uploads\/2021\/10\/Logo-Azul.png\",\"contentUrl\":\"https:\/\/www.securitydataandvideo.com\/inicio\/wp-content\/uploads\/2021\/10\/Logo-Azul.png\",\"width\":555,\"height\":375,\"caption\":\"Security Data & Video SA de CV\"},\"image\":{\"@id\":\"https:\/\/www.securitydataandvideo.com\/inicio\/#\/schema\/logo\/image\/\"}}]}<\/script>\n<!-- \/ Yoast SEO plugin. -->","yoast_head_json":{"title":"SA303CN FIRST ALERT Detector de Humo Aut\u00f3nomo","description":"Security Data &amp; Video SA de CV. SA303CN FIRST ALERT Detector de Humo Aut\u00f3nomo con Bater\u00eda de 9 Vcd","robots":{"index":"index","follow":"follow","max-snippet":"max-snippet:-1","max-image-preview":"max-image-preview:large","max-video-preview":"max-video-preview:-1"},"canonical":"https:\/\/www.securitydataandvideo.com\/inicio\/shop\/sa303cn-first-alert-detector-de-humo-autonomo-con-bateria-de-9-vcd-en-guadalajara-jalisco-y-todo-mexico\/","og_locale":"es_MX","og_type":"article","og_title":"SA303CN FIRST ALERT Detector de Humo Aut\u00f3nomo","og_description":"Security Data &amp; Video SA de CV. SA303CN FIRST ALERT Detector de Humo Aut\u00f3nomo con Bater\u00eda de 9 Vcd","og_url":"https:\/\/www.securitydataandvideo.com\/inicio\/shop\/sa303cn-first-alert-detector-de-humo-autonomo-con-bateria-de-9-vcd-en-guadalajara-jalisco-y-todo-mexico\/","og_site_name":"Security Data &amp; Video SA de CV.","article_modified_time":"2022-07-21T17:42:26+00:00","og_image":[{"width":400,"height":400,"url":"https:\/\/www.securitydataandvideo.com\/inicio\/wp-content\/uploads\/2022\/07\/SA303CN.png","type":"image\/png"}],"twitter_card":"summary","twitter_misc":{"Tiempo de lectura":"1 minuto"},"schema":{"@context":"https:\/\/schema.org","@graph":[{"@type":"WebPage","@id":"https:\/\/www.securitydataandvideo.com\/inicio\/shop\/sa303cn-first-alert-detector-de-humo-autonomo-con-bateria-de-9-vcd-en-guadalajara-jalisco-y-todo-mexico\/","url":"https:\/\/www.securitydataandvideo.com\/inicio\/shop\/sa303cn-first-alert-detector-de-humo-autonomo-con-bateria-de-9-vcd-en-guadalajara-jalisco-y-todo-mexico\/","name":"SA303CN FIRST ALERT Detector de Humo Aut\u00f3nomo","isPartOf":{"@id":"https:\/\/www.securitydataandvideo.com\/inicio\/#website"},"datePublished":"2022-07-21T17:42:15+00:00","dateModified":"2022-07-21T17:42:26+00:00","description":"Security Data &amp; Video SA de CV. SA303CN FIRST ALERT Detector de Humo Aut\u00f3nomo con Bater\u00eda de 9 Vcd","breadcrumb":{"@id":"https:\/\/www.securitydataandvideo.com\/inicio\/shop\/sa303cn-first-alert-detector-de-humo-autonomo-con-bateria-de-9-vcd-en-guadalajara-jalisco-y-todo-mexico\/#breadcrumb"},"inLanguage":"es-MX","potentialAction":[{"@type":"ReadAction","target":["https:\/\/www.securitydataandvideo.com\/inicio\/shop\/sa303cn-first-alert-detector-de-humo-autonomo-con-bateria-de-9-vcd-en-guadalajara-jalisco-y-todo-mexico\/"]}]},{"@type":"BreadcrumbList","@id":"https:\/\/www.securitydataandvideo.com\/inicio\/shop\/sa303cn-first-alert-detector-de-humo-autonomo-con-bateria-de-9-vcd-en-guadalajara-jalisco-y-todo-mexico\/#breadcrumb","itemListElement":[{"@type":"ListItem","position":1,"name":"Inicio","item":"https:\/\/www.securitydataandvideo.com\/inicio\/"},{"@type":"ListItem","position":2,"name":"Shop","item":"https:\/\/www.securitydataandvideo.com\/inicio\/shop\/"},{"@type":"ListItem","position":3,"name":"SA303CN FIRST ALERT Detector de Humo Aut\u00f3nomo con Bater\u00eda de 9 Vcd, en Guadalajara Jalisco y todo M\u00e9xico."}]},{"@type":"WebSite","@id":"https:\/\/www.securitydataandvideo.com\/inicio\/#website","url":"https:\/\/www.securitydataandvideo.com\/inicio\/","name":"Security Data &amp; Video SA de CV.","description":"Seguridad Electr\u00f3nica y Energ\u00eda","publisher":{"@id":"https:\/\/www.securitydataandvideo.com\/inicio\/#organization"},"potentialAction":[{"@type":"SearchAction","target":{"@type":"EntryPoint","urlTemplate":"https:\/\/www.securitydataandvideo.com\/inicio\/?s={search_term_string}"},"query-input":"required name=search_term_string"}],"inLanguage":"es-MX"},{"@type":"Organization","@id":"https:\/\/www.securitydataandvideo.com\/inicio\/#organization","name":"Security Data & Video SA de CV","url":"https:\/\/www.securitydataandvideo.com\/inicio\/","sameAs":[],"logo":{"@type":"ImageObject","inLanguage":"es-MX","@id":"https:\/\/www.securitydataandvideo.com\/inicio\/#\/schema\/logo\/image\/","url":"https:\/\/www.securitydataandvideo.com\/inicio\/wp-content\/uploads\/2021\/10\/Logo-Azul.png","contentUrl":"https:\/\/www.securitydataandvideo.com\/inicio\/wp-content\/uploads\/2021\/10\/Logo-Azul.png","width":555,"height":375,"caption":"Security Data & Video SA de CV"},"image":{"@id":"https:\/\/www.securitydataandvideo.com\/inicio\/#\/schema\/logo\/image\/"}}]}},"_links":{"self":[{"href":"https:\/\/www.securitydataandvideo.com\/inicio\/wp-json\/wp\/v2\/product\/16205"}],"collection":[{"href":"https:\/\/www.securitydataandvideo.com\/inicio\/wp-json\/wp\/v2\/product"}],"about":[{"href":"https:\/\/www.securitydataandvideo.com\/inicio\/wp-json\/wp\/v2\/types\/product"}],"wp:featuredmedia":[{"embeddable":true,"href":"https:\/\/www.securitydataandvideo.com\/inicio\/wp-json\/wp\/v2\/media\/16235"}],"wp:attachment":[{"href":"https:\/\/www.securitydataandvideo.com\/inicio\/wp-json\/wp\/v2\/media?parent=16205"}],"wp:term":[{"taxonomy":"product_cat","embeddable":true,"href":"https:\/\/www.securitydataandvideo.com\/inicio\/wp-json\/wp\/v2\/product_cat?post=16205"},{"taxonomy":"product_tag","embeddable":true,"href":"https:\/\/www.securitydataandvideo.com\/inicio\/wp-json\/wp\/v2\/product_tag?post=16205"}],"curies":[{"name":"wp","href":"https:\/\/api.w.org\/{rel}","templated":true}]}}