{"id":16207,"date":"2022-07-21T11:42:16","date_gmt":"2022-07-21T17:42:16","guid":{"rendered":"https:\/\/www.securitydataandvideo.com\/inicio\/?post_type=product&#038;p=16207"},"modified":"2022-07-21T11:42:31","modified_gmt":"2022-07-21T17:42:31","slug":"osi-r-ss-detector-de-humo-de-haz-reflejado-convencional-system-sensor-en-guadalajara-jalisco-y-todo-mexico","status":"publish","type":"product","link":"https:\/\/www.securitydataandvideo.com\/inicio\/shop\/osi-r-ss-detector-de-humo-de-haz-reflejado-convencional-system-sensor-en-guadalajara-jalisco-y-todo-mexico\/","title":{"rendered":"OSI-R-SS Detector De Humo De Haz Reflejado Convencional SYSTEM SENSOR en Guadalajara Jalisco y todo M\u00e9xico."},"content":{"rendered":"<p><strong>OSI-R-SS Detector De Humo De Haz Reflejado Convencional <a href=\"https:\/\/www.systemsensor.com\/en-us\/Documents\/OSI-R-SS_Manual_E56-6572.pdf\">SYSTEM SENSOR<\/a> en Guadalajara Jalisco y todo M\u00e9xico.<\/strong><\/p>\n<p>OSI-R-SS detector de humo de haz \u00f3ptico lineal de reflector convencional de 4 cables para uso en sistemas de alarma contra incendios. El haz opera principalmente sobre el principio de oscurecimiento de la luz utilizando un haz infrarrojo. Los detectores de humo de haz \u00f3ptico son especialmente adecuados para proteger edificios con grandes \u00e1reas abiertas con techos altos, como un almac\u00e9n o un atrio. El detector OSI-R-SS es una unidad combinada de transmisor \/ receptor que se puede conectar directamente a un circuito detector convencional compatible con <strong><a href=\"https:\/\/sitejal.com\/producto\/vista-32fb-t-honeywell-home-resideo-panel-hibrido-de-incendio-e-intrusion-hasta-32-zonas-cableadas-o-inalambricas-24-zonas-v-plex-2-particiones-compatible-con-alarmnet-y-total-connect-en-guadalaj\/\">Paneles Fire lite<\/a>.<\/strong><\/p>\n<p>Caracter\u00edsticas:<\/p>\n<pre id=\"tw-target-text\" dir=\"ltr\" data-placeholder=\"Traducci\u00f3n\"><span lang=\"es\" tabindex=\"0\">Unidad combinada transmisor \/ receptor\r\nAmplio campo de visi\u00f3n de 12 \u00b0\r\nAlineaci\u00f3n de haz r\u00e1pida, f\u00e1cil e intuitiva indicada por flechas direccionales de LED direccionales\r\nLa cobertura de largo alcance de 5-100 m (16-328 pies) es est\u00e1ndar; no se requiere un kit separado de largo alcance\r\nAltamente resistente al movimiento de edificios; tolera +\/- 1 \u00b0 movimiento\r\nResistente a fuentes de luz fuertes; No alarma cuando est\u00e1 saturado por la luz solar.\r\nResistente a la intrusi\u00f3n de objetos s\u00f3lidos.\r\nAjuste autom\u00e1tico del nivel de umbral de sensibilidad\r\nAjuste de haz horizontal de 50 \u00b0 y vertical de 20 \u00b0.\r\nEstaci\u00f3n de prueba remota capaz de realizar pruebas de humo simuladas electr\u00f3nicamente desde el suelo\r\nIndicadores LED de espera, falla y alarma visibles desde la parte frontal e inferior\r\nCarcasa \/ tapa para pintar\r\nBloques de terminales extra\u00edbles enchufables\r\nKit de calentador opcional disponible para el reflector\r\n\r\nDimensiones Detector: Altura 152.4 mm - Ancho 254 mm - Profundidad 114.3 mm\r\nDimensiones Reflector: Altura 230mm -  Ancho 200 mm\r\nVoltaje de operaci\u00f3n: 15 to 32 VDC (24VDC nominal)<\/span><\/pre>\n","protected":false},"excerpt":{"rendered":"<p><strong>OSI-R-SS SYSTEM SENSOR Detecto De Humo De Haz Reflejado Convencional.<\/strong><\/p>\n","protected":false},"featured_media":16237,"template":"","meta":{"site-sidebar-layout":"default","site-content-layout":"default","ast-site-content-layout":"","site-content-style":"default","site-sidebar-style":"default","ast-global-header-display":"","ast-banner-title-visibility":"","ast-main-header-display":"","ast-hfb-above-header-display":"","ast-hfb-below-header-display":"","ast-hfb-mobile-header-display":"","site-post-title":"","ast-breadcrumbs-content":"","ast-featured-img":"","footer-sml-layout":"","theme-transparent-header-meta":"default","adv-header-id-meta":"","stick-header-meta":"","header-above-stick-meta":"","header-main-stick-meta":"","header-below-stick-meta":"","astra-migrate-meta-layouts":""},"product_cat":[329],"product_tag":[328,152],"yoast_head":"<!-- This site is optimized with the Yoast SEO plugin v19.5.1 - https:\/\/yoast.com\/wordpress\/plugins\/seo\/ -->\n<title>OSI-R-SS Detector De Humo - Security Data &amp; Video SA de CV.<\/title>\n<meta name=\"description\" content=\"OSI-R-SS Detector De Humo De Haz Reflejado Convencional SYSTEM SENSOR en Guadalajara Jalisco y todo M\u00e9xico. Security Data &amp; Video SA de CV.\" \/>\n<meta name=\"robots\" content=\"index, follow, max-snippet:-1, max-image-preview:large, max-video-preview:-1\" \/>\n<link rel=\"canonical\" href=\"https:\/\/www.securitydataandvideo.com\/inicio\/shop\/osi-r-ss-detector-de-humo-de-haz-reflejado-convencional-system-sensor-en-guadalajara-jalisco-y-todo-mexico\/\" \/>\n<meta property=\"og:locale\" content=\"es_MX\" \/>\n<meta property=\"og:type\" content=\"article\" \/>\n<meta property=\"og:title\" content=\"OSI-R-SS Detector De Humo - Security Data &amp; Video SA de CV.\" \/>\n<meta property=\"og:description\" content=\"OSI-R-SS Detector De Humo De Haz Reflejado Convencional SYSTEM SENSOR en Guadalajara Jalisco y todo M\u00e9xico. Security Data &amp; Video SA de CV.\" \/>\n<meta property=\"og:url\" content=\"https:\/\/www.securitydataandvideo.com\/inicio\/shop\/osi-r-ss-detector-de-humo-de-haz-reflejado-convencional-system-sensor-en-guadalajara-jalisco-y-todo-mexico\/\" \/>\n<meta property=\"og:site_name\" content=\"Security Data &amp; Video SA de CV.\" \/>\n<meta property=\"article:modified_time\" content=\"2022-07-21T17:42:31+00:00\" \/>\n<meta property=\"og:image\" content=\"https:\/\/www.securitydataandvideo.com\/inicio\/wp-content\/uploads\/2022\/07\/OSI-R-SS-SYSTEM-SENSOR-Detecto-De-Humo-De-Haz-Reflejado-Convencional-en-Guadalajara-Jalisco-y-todo-Mexico..png\" \/>\n\t<meta property=\"og:image:width\" content=\"400\" \/>\n\t<meta property=\"og:image:height\" content=\"400\" \/>\n\t<meta property=\"og:image:type\" content=\"image\/png\" \/>\n<meta name=\"twitter:card\" content=\"summary\" \/>\n<meta name=\"twitter:label1\" content=\"Tiempo de lectura\" \/>\n\t<meta name=\"twitter:data1\" content=\"2 minutos\" \/>\n<script type=\"application\/ld+json\" class=\"yoast-schema-graph\">{\"@context\":\"https:\/\/schema.org\",\"@graph\":[{\"@type\":\"WebPage\",\"@id\":\"https:\/\/www.securitydataandvideo.com\/inicio\/shop\/osi-r-ss-detector-de-humo-de-haz-reflejado-convencional-system-sensor-en-guadalajara-jalisco-y-todo-mexico\/\",\"url\":\"https:\/\/www.securitydataandvideo.com\/inicio\/shop\/osi-r-ss-detector-de-humo-de-haz-reflejado-convencional-system-sensor-en-guadalajara-jalisco-y-todo-mexico\/\",\"name\":\"OSI-R-SS Detector De Humo - Security Data &amp; Video SA de CV.\",\"isPartOf\":{\"@id\":\"https:\/\/www.securitydataandvideo.com\/inicio\/#website\"},\"datePublished\":\"2022-07-21T17:42:16+00:00\",\"dateModified\":\"2022-07-21T17:42:31+00:00\",\"description\":\"OSI-R-SS Detector De Humo De Haz Reflejado Convencional SYSTEM SENSOR en Guadalajara Jalisco y todo M\u00e9xico. Security Data &amp; Video SA de CV.\",\"breadcrumb\":{\"@id\":\"https:\/\/www.securitydataandvideo.com\/inicio\/shop\/osi-r-ss-detector-de-humo-de-haz-reflejado-convencional-system-sensor-en-guadalajara-jalisco-y-todo-mexico\/#breadcrumb\"},\"inLanguage\":\"es-MX\",\"potentialAction\":[{\"@type\":\"ReadAction\",\"target\":[\"https:\/\/www.securitydataandvideo.com\/inicio\/shop\/osi-r-ss-detector-de-humo-de-haz-reflejado-convencional-system-sensor-en-guadalajara-jalisco-y-todo-mexico\/\"]}]},{\"@type\":\"BreadcrumbList\",\"@id\":\"https:\/\/www.securitydataandvideo.com\/inicio\/shop\/osi-r-ss-detector-de-humo-de-haz-reflejado-convencional-system-sensor-en-guadalajara-jalisco-y-todo-mexico\/#breadcrumb\",\"itemListElement\":[{\"@type\":\"ListItem\",\"position\":1,\"name\":\"Inicio\",\"item\":\"https:\/\/www.securitydataandvideo.com\/inicio\/\"},{\"@type\":\"ListItem\",\"position\":2,\"name\":\"Shop\",\"item\":\"https:\/\/www.securitydataandvideo.com\/inicio\/shop\/\"},{\"@type\":\"ListItem\",\"position\":3,\"name\":\"OSI-R-SS Detector De Humo De Haz Reflejado Convencional SYSTEM SENSOR en Guadalajara Jalisco y todo M\u00e9xico.\"}]},{\"@type\":\"WebSite\",\"@id\":\"https:\/\/www.securitydataandvideo.com\/inicio\/#website\",\"url\":\"https:\/\/www.securitydataandvideo.com\/inicio\/\",\"name\":\"Security Data &amp; Video SA de CV.\",\"description\":\"Seguridad Electr\u00f3nica y Energ\u00eda\",\"publisher\":{\"@id\":\"https:\/\/www.securitydataandvideo.com\/inicio\/#organization\"},\"potentialAction\":[{\"@type\":\"SearchAction\",\"target\":{\"@type\":\"EntryPoint\",\"urlTemplate\":\"https:\/\/www.securitydataandvideo.com\/inicio\/?s={search_term_string}\"},\"query-input\":\"required name=search_term_string\"}],\"inLanguage\":\"es-MX\"},{\"@type\":\"Organization\",\"@id\":\"https:\/\/www.securitydataandvideo.com\/inicio\/#organization\",\"name\":\"Security Data & Video SA de CV\",\"url\":\"https:\/\/www.securitydataandvideo.com\/inicio\/\",\"sameAs\":[],\"logo\":{\"@type\":\"ImageObject\",\"inLanguage\":\"es-MX\",\"@id\":\"https:\/\/www.securitydataandvideo.com\/inicio\/#\/schema\/logo\/image\/\",\"url\":\"https:\/\/www.securitydataandvideo.com\/inicio\/wp-content\/uploads\/2021\/10\/Logo-Azul.png\",\"contentUrl\":\"https:\/\/www.securitydataandvideo.com\/inicio\/wp-content\/uploads\/2021\/10\/Logo-Azul.png\",\"width\":555,\"height\":375,\"caption\":\"Security Data & Video SA de CV\"},\"image\":{\"@id\":\"https:\/\/www.securitydataandvideo.com\/inicio\/#\/schema\/logo\/image\/\"}}]}<\/script>\n<!-- \/ Yoast SEO plugin. -->","yoast_head_json":{"title":"OSI-R-SS Detector De Humo - Security Data &amp; Video SA de CV.","description":"OSI-R-SS Detector De Humo De Haz Reflejado Convencional SYSTEM SENSOR en Guadalajara Jalisco y todo M\u00e9xico. Security Data &amp; Video SA de CV.","robots":{"index":"index","follow":"follow","max-snippet":"max-snippet:-1","max-image-preview":"max-image-preview:large","max-video-preview":"max-video-preview:-1"},"canonical":"https:\/\/www.securitydataandvideo.com\/inicio\/shop\/osi-r-ss-detector-de-humo-de-haz-reflejado-convencional-system-sensor-en-guadalajara-jalisco-y-todo-mexico\/","og_locale":"es_MX","og_type":"article","og_title":"OSI-R-SS Detector De Humo - Security Data &amp; Video SA de CV.","og_description":"OSI-R-SS Detector De Humo De Haz Reflejado Convencional SYSTEM SENSOR en Guadalajara Jalisco y todo M\u00e9xico. Security Data &amp; Video SA de CV.","og_url":"https:\/\/www.securitydataandvideo.com\/inicio\/shop\/osi-r-ss-detector-de-humo-de-haz-reflejado-convencional-system-sensor-en-guadalajara-jalisco-y-todo-mexico\/","og_site_name":"Security Data &amp; Video SA de CV.","article_modified_time":"2022-07-21T17:42:31+00:00","og_image":[{"width":400,"height":400,"url":"https:\/\/www.securitydataandvideo.com\/inicio\/wp-content\/uploads\/2022\/07\/OSI-R-SS-SYSTEM-SENSOR-Detecto-De-Humo-De-Haz-Reflejado-Convencional-en-Guadalajara-Jalisco-y-todo-Mexico..png","type":"image\/png"}],"twitter_card":"summary","twitter_misc":{"Tiempo de lectura":"2 minutos"},"schema":{"@context":"https:\/\/schema.org","@graph":[{"@type":"WebPage","@id":"https:\/\/www.securitydataandvideo.com\/inicio\/shop\/osi-r-ss-detector-de-humo-de-haz-reflejado-convencional-system-sensor-en-guadalajara-jalisco-y-todo-mexico\/","url":"https:\/\/www.securitydataandvideo.com\/inicio\/shop\/osi-r-ss-detector-de-humo-de-haz-reflejado-convencional-system-sensor-en-guadalajara-jalisco-y-todo-mexico\/","name":"OSI-R-SS Detector De Humo - Security Data &amp; Video SA de CV.","isPartOf":{"@id":"https:\/\/www.securitydataandvideo.com\/inicio\/#website"},"datePublished":"2022-07-21T17:42:16+00:00","dateModified":"2022-07-21T17:42:31+00:00","description":"OSI-R-SS Detector De Humo De Haz Reflejado Convencional SYSTEM SENSOR en Guadalajara Jalisco y todo M\u00e9xico. Security Data &amp; Video SA de CV.","breadcrumb":{"@id":"https:\/\/www.securitydataandvideo.com\/inicio\/shop\/osi-r-ss-detector-de-humo-de-haz-reflejado-convencional-system-sensor-en-guadalajara-jalisco-y-todo-mexico\/#breadcrumb"},"inLanguage":"es-MX","potentialAction":[{"@type":"ReadAction","target":["https:\/\/www.securitydataandvideo.com\/inicio\/shop\/osi-r-ss-detector-de-humo-de-haz-reflejado-convencional-system-sensor-en-guadalajara-jalisco-y-todo-mexico\/"]}]},{"@type":"BreadcrumbList","@id":"https:\/\/www.securitydataandvideo.com\/inicio\/shop\/osi-r-ss-detector-de-humo-de-haz-reflejado-convencional-system-sensor-en-guadalajara-jalisco-y-todo-mexico\/#breadcrumb","itemListElement":[{"@type":"ListItem","position":1,"name":"Inicio","item":"https:\/\/www.securitydataandvideo.com\/inicio\/"},{"@type":"ListItem","position":2,"name":"Shop","item":"https:\/\/www.securitydataandvideo.com\/inicio\/shop\/"},{"@type":"ListItem","position":3,"name":"OSI-R-SS Detector De Humo De Haz Reflejado Convencional SYSTEM SENSOR en Guadalajara Jalisco y todo M\u00e9xico."}]},{"@type":"WebSite","@id":"https:\/\/www.securitydataandvideo.com\/inicio\/#website","url":"https:\/\/www.securitydataandvideo.com\/inicio\/","name":"Security Data &amp; Video SA de CV.","description":"Seguridad Electr\u00f3nica y Energ\u00eda","publisher":{"@id":"https:\/\/www.securitydataandvideo.com\/inicio\/#organization"},"potentialAction":[{"@type":"SearchAction","target":{"@type":"EntryPoint","urlTemplate":"https:\/\/www.securitydataandvideo.com\/inicio\/?s={search_term_string}"},"query-input":"required name=search_term_string"}],"inLanguage":"es-MX"},{"@type":"Organization","@id":"https:\/\/www.securitydataandvideo.com\/inicio\/#organization","name":"Security Data & Video SA de CV","url":"https:\/\/www.securitydataandvideo.com\/inicio\/","sameAs":[],"logo":{"@type":"ImageObject","inLanguage":"es-MX","@id":"https:\/\/www.securitydataandvideo.com\/inicio\/#\/schema\/logo\/image\/","url":"https:\/\/www.securitydataandvideo.com\/inicio\/wp-content\/uploads\/2021\/10\/Logo-Azul.png","contentUrl":"https:\/\/www.securitydataandvideo.com\/inicio\/wp-content\/uploads\/2021\/10\/Logo-Azul.png","width":555,"height":375,"caption":"Security Data & Video SA de CV"},"image":{"@id":"https:\/\/www.securitydataandvideo.com\/inicio\/#\/schema\/logo\/image\/"}}]}},"_links":{"self":[{"href":"https:\/\/www.securitydataandvideo.com\/inicio\/wp-json\/wp\/v2\/product\/16207"}],"collection":[{"href":"https:\/\/www.securitydataandvideo.com\/inicio\/wp-json\/wp\/v2\/product"}],"about":[{"href":"https:\/\/www.securitydataandvideo.com\/inicio\/wp-json\/wp\/v2\/types\/product"}],"wp:featuredmedia":[{"embeddable":true,"href":"https:\/\/www.securitydataandvideo.com\/inicio\/wp-json\/wp\/v2\/media\/16237"}],"wp:attachment":[{"href":"https:\/\/www.securitydataandvideo.com\/inicio\/wp-json\/wp\/v2\/media?parent=16207"}],"wp:term":[{"taxonomy":"product_cat","embeddable":true,"href":"https:\/\/www.securitydataandvideo.com\/inicio\/wp-json\/wp\/v2\/product_cat?post=16207"},{"taxonomy":"product_tag","embeddable":true,"href":"https:\/\/www.securitydataandvideo.com\/inicio\/wp-json\/wp\/v2\/product_tag?post=16207"}],"curies":[{"name":"wp","href":"https:\/\/api.w.org\/{rel}","templated":true}]}}