{"id":16209,"date":"2022-07-21T11:42:16","date_gmt":"2022-07-21T17:42:16","guid":{"rendered":"https:\/\/www.securitydataandvideo.com\/inicio\/?post_type=product&#038;p=16209"},"modified":"2022-07-21T11:42:33","modified_gmt":"2022-07-21T17:42:33","slug":"bg12-lx-fire-lite-estacion-manual-de-emergencia-doble-accion-direccionable-en-guadalajara-jalisco-y-todo-mexico","status":"publish","type":"product","link":"https:\/\/www.securitydataandvideo.com\/inicio\/shop\/bg12-lx-fire-lite-estacion-manual-de-emergencia-doble-accion-direccionable-en-guadalajara-jalisco-y-todo-mexico\/","title":{"rendered":"BG12-LX FIRE-LITE Estaci\u00f3n Manual de Emergencia, Doble Acci\u00f3n, Direccionable, en Guadalajara Jalisco y todo M\u00e9xico."},"content":{"rendered":"<p><strong>BG12-LX FIRE-LITE Estaci\u00f3n Manual de Emergencia, Doble Acci\u00f3n, Direccionable, en Guadalajara Jalisco y todo M\u00e9xico.<\/strong><\/p>\n<p>La estaci\u00f3n manual de emergencia BG-12LX de Fire-Lite, permite que el panel de control muestre la ubicaci\u00f3n exacta de punto de activaci\u00f3n gracias a su direccionamiento interconstruido, adem\u00e1s, reduce considerablemente las falsas alarmas por activaci\u00f3n accidental ya que requiere dos movimientos para su activaci\u00f3n, se utiliza exclusivamente con los paneles de detecci\u00f3n de incendio direccionables MS-9050UD, MS-9200UDLS, MS-9600UDLS y la nueva serie Endurance ES50X, ES50XI, ES200 y ES200XI.<\/p>\n<p><strong>Caracter\u00edsticas de BG12-LX FIRE-LITE Estaci\u00f3n Manual de Emergencia, Doble Acci\u00f3n, Direccionable.<\/strong><\/p>\n<ul>\n<li><strong>Listado UL, ULC, MEA, FM y CSFM<\/strong><\/li>\n<li>Dise\u00f1o y color visible y elegante<\/li>\n<li><strong>Accionamiento dual, dise\u00f1ado para prevenir falsas alarmas por activaci\u00f3n accidental<\/strong><\/li>\n<li>Al activarse, la palanca se enclava para indicar que se ha operado la estaci\u00f3n<\/li>\n<li><strong>Cerradura con llave<\/strong><\/li>\n<li>La estaci\u00f3n se puede abrir para realizar inspecciones y mantenimiento sin iniciar una alarma<\/li>\n<li><strong>Se puede montar caja SB-10 o en caja el\u00e9ctrica convencional<\/strong><\/li>\n<li>Alimentaci\u00f3n: 24 Vcd<\/li>\n<li>Consumo: 5 mA<\/li>\n<li>Dimensiones: 139 x 104 x 35 mm<\/li>\n<\/ul>\n","protected":false},"excerpt":{"rendered":"<p><strong>BG12-LX FIRE-LITE Estaci\u00f3n Manual de Emergencia, Doble Acci\u00f3n, Direccionable, en Guadalajara Jalisco y todo M\u00e9xico.<\/strong><\/p>\n","protected":false},"featured_media":16239,"template":"","meta":{"site-sidebar-layout":"default","site-content-layout":"default","ast-site-content-layout":"","site-content-style":"default","site-sidebar-style":"default","ast-global-header-display":"","ast-banner-title-visibility":"","ast-main-header-display":"","ast-hfb-above-header-display":"","ast-hfb-below-header-display":"","ast-hfb-mobile-header-display":"","site-post-title":"","ast-breadcrumbs-content":"","ast-featured-img":"","footer-sml-layout":"","theme-transparent-header-meta":"default","adv-header-id-meta":"","stick-header-meta":"","header-above-stick-meta":"","header-main-stick-meta":"","header-below-stick-meta":"","astra-migrate-meta-layouts":""},"product_cat":[329],"product_tag":[328],"yoast_head":"<!-- This site is optimized with the Yoast SEO plugin v19.5.1 - https:\/\/yoast.com\/wordpress\/plugins\/seo\/ -->\n<title>BG12-LX FIRE-LITE Estaci\u00f3n Manual - Security Data &amp; Video SA de CV.<\/title>\n<meta name=\"description\" content=\"Security Data &amp; Video SA de CV. BG12-LX FIRE-LITE Estaci\u00f3n Manual de Emergencia, Doble Acci\u00f3n, Direccionable, en Guadalajara Jalisco y todo M\u00e9xico.\" \/>\n<meta name=\"robots\" content=\"index, follow, max-snippet:-1, max-image-preview:large, max-video-preview:-1\" \/>\n<link rel=\"canonical\" href=\"https:\/\/www.securitydataandvideo.com\/inicio\/shop\/bg12-lx-fire-lite-estacion-manual-de-emergencia-doble-accion-direccionable-en-guadalajara-jalisco-y-todo-mexico\/\" \/>\n<meta property=\"og:locale\" content=\"es_MX\" \/>\n<meta property=\"og:type\" content=\"article\" \/>\n<meta property=\"og:title\" content=\"BG12-LX FIRE-LITE Estaci\u00f3n Manual - Security Data &amp; Video SA de CV.\" \/>\n<meta property=\"og:description\" content=\"Security Data &amp; Video SA de CV. BG12-LX FIRE-LITE Estaci\u00f3n Manual de Emergencia, Doble Acci\u00f3n, Direccionable, en Guadalajara Jalisco y todo M\u00e9xico.\" \/>\n<meta property=\"og:url\" content=\"https:\/\/www.securitydataandvideo.com\/inicio\/shop\/bg12-lx-fire-lite-estacion-manual-de-emergencia-doble-accion-direccionable-en-guadalajara-jalisco-y-todo-mexico\/\" \/>\n<meta property=\"og:site_name\" content=\"Security Data &amp; Video SA de CV.\" \/>\n<meta property=\"article:modified_time\" content=\"2022-07-21T17:42:33+00:00\" \/>\n<meta property=\"og:image\" content=\"https:\/\/www.securitydataandvideo.com\/inicio\/wp-content\/uploads\/2022\/07\/BG12-LX-FIRE-LITE-ALARMS-BY-HONEYWELL-Estacion-Manual-de-Emergencia-Doble-Accion-Direccionable-en-Guadalajara-Jalisco-y-todo-Mexico..jpg\" \/>\n\t<meta property=\"og:image:width\" content=\"400\" \/>\n\t<meta property=\"og:image:height\" content=\"400\" \/>\n\t<meta property=\"og:image:type\" content=\"image\/jpeg\" \/>\n<meta name=\"twitter:card\" content=\"summary\" \/>\n<meta name=\"twitter:label1\" content=\"Tiempo de lectura\" \/>\n\t<meta name=\"twitter:data1\" content=\"1 minuto\" \/>\n<script type=\"application\/ld+json\" class=\"yoast-schema-graph\">{\"@context\":\"https:\/\/schema.org\",\"@graph\":[{\"@type\":\"WebPage\",\"@id\":\"https:\/\/www.securitydataandvideo.com\/inicio\/shop\/bg12-lx-fire-lite-estacion-manual-de-emergencia-doble-accion-direccionable-en-guadalajara-jalisco-y-todo-mexico\/\",\"url\":\"https:\/\/www.securitydataandvideo.com\/inicio\/shop\/bg12-lx-fire-lite-estacion-manual-de-emergencia-doble-accion-direccionable-en-guadalajara-jalisco-y-todo-mexico\/\",\"name\":\"BG12-LX FIRE-LITE Estaci\u00f3n Manual - Security Data &amp; Video SA de CV.\",\"isPartOf\":{\"@id\":\"https:\/\/www.securitydataandvideo.com\/inicio\/#website\"},\"datePublished\":\"2022-07-21T17:42:16+00:00\",\"dateModified\":\"2022-07-21T17:42:33+00:00\",\"description\":\"Security Data &amp; Video SA de CV. BG12-LX FIRE-LITE Estaci\u00f3n Manual de Emergencia, Doble Acci\u00f3n, Direccionable, en Guadalajara Jalisco y todo M\u00e9xico.\",\"breadcrumb\":{\"@id\":\"https:\/\/www.securitydataandvideo.com\/inicio\/shop\/bg12-lx-fire-lite-estacion-manual-de-emergencia-doble-accion-direccionable-en-guadalajara-jalisco-y-todo-mexico\/#breadcrumb\"},\"inLanguage\":\"es-MX\",\"potentialAction\":[{\"@type\":\"ReadAction\",\"target\":[\"https:\/\/www.securitydataandvideo.com\/inicio\/shop\/bg12-lx-fire-lite-estacion-manual-de-emergencia-doble-accion-direccionable-en-guadalajara-jalisco-y-todo-mexico\/\"]}]},{\"@type\":\"BreadcrumbList\",\"@id\":\"https:\/\/www.securitydataandvideo.com\/inicio\/shop\/bg12-lx-fire-lite-estacion-manual-de-emergencia-doble-accion-direccionable-en-guadalajara-jalisco-y-todo-mexico\/#breadcrumb\",\"itemListElement\":[{\"@type\":\"ListItem\",\"position\":1,\"name\":\"Inicio\",\"item\":\"https:\/\/www.securitydataandvideo.com\/inicio\/\"},{\"@type\":\"ListItem\",\"position\":2,\"name\":\"Shop\",\"item\":\"https:\/\/www.securitydataandvideo.com\/inicio\/shop\/\"},{\"@type\":\"ListItem\",\"position\":3,\"name\":\"BG12-LX FIRE-LITE Estaci\u00f3n Manual de Emergencia, Doble Acci\u00f3n, Direccionable, en Guadalajara Jalisco y todo M\u00e9xico.\"}]},{\"@type\":\"WebSite\",\"@id\":\"https:\/\/www.securitydataandvideo.com\/inicio\/#website\",\"url\":\"https:\/\/www.securitydataandvideo.com\/inicio\/\",\"name\":\"Security Data &amp; Video SA de CV.\",\"description\":\"Seguridad Electr\u00f3nica y Energ\u00eda\",\"publisher\":{\"@id\":\"https:\/\/www.securitydataandvideo.com\/inicio\/#organization\"},\"potentialAction\":[{\"@type\":\"SearchAction\",\"target\":{\"@type\":\"EntryPoint\",\"urlTemplate\":\"https:\/\/www.securitydataandvideo.com\/inicio\/?s={search_term_string}\"},\"query-input\":\"required name=search_term_string\"}],\"inLanguage\":\"es-MX\"},{\"@type\":\"Organization\",\"@id\":\"https:\/\/www.securitydataandvideo.com\/inicio\/#organization\",\"name\":\"Security Data & Video SA de CV\",\"url\":\"https:\/\/www.securitydataandvideo.com\/inicio\/\",\"sameAs\":[],\"logo\":{\"@type\":\"ImageObject\",\"inLanguage\":\"es-MX\",\"@id\":\"https:\/\/www.securitydataandvideo.com\/inicio\/#\/schema\/logo\/image\/\",\"url\":\"https:\/\/www.securitydataandvideo.com\/inicio\/wp-content\/uploads\/2021\/10\/Logo-Azul.png\",\"contentUrl\":\"https:\/\/www.securitydataandvideo.com\/inicio\/wp-content\/uploads\/2021\/10\/Logo-Azul.png\",\"width\":555,\"height\":375,\"caption\":\"Security Data & Video SA de CV\"},\"image\":{\"@id\":\"https:\/\/www.securitydataandvideo.com\/inicio\/#\/schema\/logo\/image\/\"}}]}<\/script>\n<!-- \/ Yoast SEO plugin. -->","yoast_head_json":{"title":"BG12-LX FIRE-LITE Estaci\u00f3n Manual - Security Data &amp; Video SA de CV.","description":"Security Data &amp; Video SA de CV. BG12-LX FIRE-LITE Estaci\u00f3n Manual de Emergencia, Doble Acci\u00f3n, Direccionable, en Guadalajara Jalisco y todo M\u00e9xico.","robots":{"index":"index","follow":"follow","max-snippet":"max-snippet:-1","max-image-preview":"max-image-preview:large","max-video-preview":"max-video-preview:-1"},"canonical":"https:\/\/www.securitydataandvideo.com\/inicio\/shop\/bg12-lx-fire-lite-estacion-manual-de-emergencia-doble-accion-direccionable-en-guadalajara-jalisco-y-todo-mexico\/","og_locale":"es_MX","og_type":"article","og_title":"BG12-LX FIRE-LITE Estaci\u00f3n Manual - Security Data &amp; Video SA de CV.","og_description":"Security Data &amp; Video SA de CV. BG12-LX FIRE-LITE Estaci\u00f3n Manual de Emergencia, Doble Acci\u00f3n, Direccionable, en Guadalajara Jalisco y todo M\u00e9xico.","og_url":"https:\/\/www.securitydataandvideo.com\/inicio\/shop\/bg12-lx-fire-lite-estacion-manual-de-emergencia-doble-accion-direccionable-en-guadalajara-jalisco-y-todo-mexico\/","og_site_name":"Security Data &amp; Video SA de CV.","article_modified_time":"2022-07-21T17:42:33+00:00","og_image":[{"width":400,"height":400,"url":"https:\/\/www.securitydataandvideo.com\/inicio\/wp-content\/uploads\/2022\/07\/BG12-LX-FIRE-LITE-ALARMS-BY-HONEYWELL-Estacion-Manual-de-Emergencia-Doble-Accion-Direccionable-en-Guadalajara-Jalisco-y-todo-Mexico..jpg","type":"image\/jpeg"}],"twitter_card":"summary","twitter_misc":{"Tiempo de lectura":"1 minuto"},"schema":{"@context":"https:\/\/schema.org","@graph":[{"@type":"WebPage","@id":"https:\/\/www.securitydataandvideo.com\/inicio\/shop\/bg12-lx-fire-lite-estacion-manual-de-emergencia-doble-accion-direccionable-en-guadalajara-jalisco-y-todo-mexico\/","url":"https:\/\/www.securitydataandvideo.com\/inicio\/shop\/bg12-lx-fire-lite-estacion-manual-de-emergencia-doble-accion-direccionable-en-guadalajara-jalisco-y-todo-mexico\/","name":"BG12-LX FIRE-LITE Estaci\u00f3n Manual - Security Data &amp; Video SA de CV.","isPartOf":{"@id":"https:\/\/www.securitydataandvideo.com\/inicio\/#website"},"datePublished":"2022-07-21T17:42:16+00:00","dateModified":"2022-07-21T17:42:33+00:00","description":"Security Data &amp; Video SA de CV. BG12-LX FIRE-LITE Estaci\u00f3n Manual de Emergencia, Doble Acci\u00f3n, Direccionable, en Guadalajara Jalisco y todo M\u00e9xico.","breadcrumb":{"@id":"https:\/\/www.securitydataandvideo.com\/inicio\/shop\/bg12-lx-fire-lite-estacion-manual-de-emergencia-doble-accion-direccionable-en-guadalajara-jalisco-y-todo-mexico\/#breadcrumb"},"inLanguage":"es-MX","potentialAction":[{"@type":"ReadAction","target":["https:\/\/www.securitydataandvideo.com\/inicio\/shop\/bg12-lx-fire-lite-estacion-manual-de-emergencia-doble-accion-direccionable-en-guadalajara-jalisco-y-todo-mexico\/"]}]},{"@type":"BreadcrumbList","@id":"https:\/\/www.securitydataandvideo.com\/inicio\/shop\/bg12-lx-fire-lite-estacion-manual-de-emergencia-doble-accion-direccionable-en-guadalajara-jalisco-y-todo-mexico\/#breadcrumb","itemListElement":[{"@type":"ListItem","position":1,"name":"Inicio","item":"https:\/\/www.securitydataandvideo.com\/inicio\/"},{"@type":"ListItem","position":2,"name":"Shop","item":"https:\/\/www.securitydataandvideo.com\/inicio\/shop\/"},{"@type":"ListItem","position":3,"name":"BG12-LX FIRE-LITE Estaci\u00f3n Manual de Emergencia, Doble Acci\u00f3n, Direccionable, en Guadalajara Jalisco y todo M\u00e9xico."}]},{"@type":"WebSite","@id":"https:\/\/www.securitydataandvideo.com\/inicio\/#website","url":"https:\/\/www.securitydataandvideo.com\/inicio\/","name":"Security Data &amp; Video SA de CV.","description":"Seguridad Electr\u00f3nica y Energ\u00eda","publisher":{"@id":"https:\/\/www.securitydataandvideo.com\/inicio\/#organization"},"potentialAction":[{"@type":"SearchAction","target":{"@type":"EntryPoint","urlTemplate":"https:\/\/www.securitydataandvideo.com\/inicio\/?s={search_term_string}"},"query-input":"required name=search_term_string"}],"inLanguage":"es-MX"},{"@type":"Organization","@id":"https:\/\/www.securitydataandvideo.com\/inicio\/#organization","name":"Security Data & Video SA de CV","url":"https:\/\/www.securitydataandvideo.com\/inicio\/","sameAs":[],"logo":{"@type":"ImageObject","inLanguage":"es-MX","@id":"https:\/\/www.securitydataandvideo.com\/inicio\/#\/schema\/logo\/image\/","url":"https:\/\/www.securitydataandvideo.com\/inicio\/wp-content\/uploads\/2021\/10\/Logo-Azul.png","contentUrl":"https:\/\/www.securitydataandvideo.com\/inicio\/wp-content\/uploads\/2021\/10\/Logo-Azul.png","width":555,"height":375,"caption":"Security Data & Video SA de CV"},"image":{"@id":"https:\/\/www.securitydataandvideo.com\/inicio\/#\/schema\/logo\/image\/"}}]}},"_links":{"self":[{"href":"https:\/\/www.securitydataandvideo.com\/inicio\/wp-json\/wp\/v2\/product\/16209"}],"collection":[{"href":"https:\/\/www.securitydataandvideo.com\/inicio\/wp-json\/wp\/v2\/product"}],"about":[{"href":"https:\/\/www.securitydataandvideo.com\/inicio\/wp-json\/wp\/v2\/types\/product"}],"wp:featuredmedia":[{"embeddable":true,"href":"https:\/\/www.securitydataandvideo.com\/inicio\/wp-json\/wp\/v2\/media\/16239"}],"wp:attachment":[{"href":"https:\/\/www.securitydataandvideo.com\/inicio\/wp-json\/wp\/v2\/media?parent=16209"}],"wp:term":[{"taxonomy":"product_cat","embeddable":true,"href":"https:\/\/www.securitydataandvideo.com\/inicio\/wp-json\/wp\/v2\/product_cat?post=16209"},{"taxonomy":"product_tag","embeddable":true,"href":"https:\/\/www.securitydataandvideo.com\/inicio\/wp-json\/wp\/v2\/product_tag?post=16209"}],"curies":[{"name":"wp","href":"https:\/\/api.w.org\/{rel}","templated":true}]}}