{"id":16214,"date":"2022-07-21T11:42:17","date_gmt":"2022-07-21T17:42:17","guid":{"rendered":"https:\/\/www.securitydataandvideo.com\/inicio\/?post_type=product&#038;p=16214"},"modified":"2022-07-21T11:43:02","modified_gmt":"2022-07-21T17:43:02","slug":"sd365t-fire-lite-detector-de-humo-inteligente-fotoelectrico-y-temperatura-para-uso-con-paneles-direccionables-fire-lite-color-blanco-en-guadalajara-jalisco","status":"publish","type":"product","link":"https:\/\/www.securitydataandvideo.com\/inicio\/shop\/sd365t-fire-lite-detector-de-humo-inteligente-fotoelectrico-y-temperatura-para-uso-con-paneles-direccionables-fire-lite-color-blanco-en-guadalajara-jalisco\/","title":{"rendered":"SD365T  FIRE-LITE Detector de Humo Inteligente Fotoel\u00e9ctrico y Temperatura para Uso con Paneles Direccionables Fire-Lite, Color Blanco, en Guadalajara Jalisco."},"content":{"rendered":"<p><strong>SD365T FIRE-LITE Detector de Humo Inteligente Fotoel\u00e9ctrico y Temperatura para Uso con Paneles Direccionables Fire-Lite, Color Blanco, en Guadalajara Jalisco.<\/strong><\/p>\n<p style=\"font-weight: 400;\">El modelo SD365T es un sensor de humo multi-sensor de tipo enchufable que combina una c\u00e1mara de detecci\u00f3n foto\u00a0\u00a0electr\u00f3nica y un detector de calor a 135 \u00b0 F (57.2 \u00b0 C) fijos, se comunica a trav\u00e9s de direccionamiento anal\u00f3gico. Los sensores transmiten una representaci\u00f3n anal\u00f3gica de la densidad del humo a trav\u00e9s de una l\u00ednea de comunicaci\u00f3n a un panel de control. Se proporcionan interruptores de direcci\u00f3n rotativos para configurar la Direcci\u00f3n del sensor. El detector inteligente foto el\u00e9ctrico y temperatura tambi\u00e9n transmite una se\u00f1al de alarma al llegar a los 135 \u00b0F (57.2 \u00b0C) por UL521.<\/p>\n<p style=\"font-weight: 400;\">Caracteristicas y Beneficios:<\/p>\n<ul style=\"font-weight: 400;\">\n<li>Listados y aprobaciones: UL, ULC, FM y CSFM<\/li>\n<li>Nuevo perfil moderno<\/li>\n<li>Comunicaciones anal\u00f3gicas<\/li>\n<li>Bajo consumo de corriente<\/li>\n<li>Interruptores de direcci\u00f3n rotativos<\/li>\n<li>LEDs duales para visibilidad de 360 \u00b0<\/li>\n<li>Opciones de color que incluyen blanco y marfil<\/li>\n<li>Incluye base de montaje de 6&#8243;<\/li>\n<\/ul>\n<p style=\"font-weight: 400;\">*No es compatible con el panel MS9050, si se tiene el MS9050 cotizar SD365T-IV<\/p>\n","protected":false},"excerpt":{"rendered":"<p><strong>SD365T FIRE-LITE Detector de Humo Inteligente Fotoel\u00e9ctrico y Temperatura para Uso con Paneles Direccionables Fire-Lite, Color Blanco, en Guadalajara Jalisco.<\/strong><\/p>\n","protected":false},"featured_media":16254,"template":"","meta":{"site-sidebar-layout":"","site-content-layout":"","ast-site-content-layout":"","site-content-style":"default","site-sidebar-style":"default","ast-global-header-display":"","ast-banner-title-visibility":"","ast-main-header-display":"","ast-hfb-above-header-display":"","ast-hfb-below-header-display":"","ast-hfb-mobile-header-display":"","site-post-title":"","ast-breadcrumbs-content":"","ast-featured-img":"","footer-sml-layout":"","theme-transparent-header-meta":"","adv-header-id-meta":"","stick-header-meta":"","header-above-stick-meta":"","header-main-stick-meta":"","header-below-stick-meta":"","astra-migrate-meta-layouts":""},"product_cat":[329],"product_tag":[328],"yoast_head":"<!-- This site is optimized with the Yoast SEO plugin v19.5.1 - https:\/\/yoast.com\/wordpress\/plugins\/seo\/ -->\n<title>SD365T FIRE-LITE Detector de Humo Inteligente Fotoel\u00e9ctrico y Temperatura<\/title>\n<meta name=\"description\" content=\"Security Data &amp; Video SA de CV. SD365T FIRE-LITE Detector de Humo Inteligente Fotoel\u00e9ctrico y Temperatura para Uso con Paneles Direccionables Fire-Lite, Color Blanco, en Guadalajara Jalisco.\" \/>\n<meta name=\"robots\" content=\"index, follow, max-snippet:-1, max-image-preview:large, max-video-preview:-1\" \/>\n<link rel=\"canonical\" href=\"https:\/\/www.securitydataandvideo.com\/inicio\/shop\/sd365t-fire-lite-detector-de-humo-inteligente-fotoelectrico-y-temperatura-para-uso-con-paneles-direccionables-fire-lite-color-blanco-en-guadalajara-jalisco\/\" \/>\n<meta property=\"og:locale\" content=\"es_MX\" \/>\n<meta property=\"og:type\" content=\"article\" \/>\n<meta property=\"og:title\" content=\"SD365T FIRE-LITE Detector de Humo Inteligente Fotoel\u00e9ctrico y Temperatura\" \/>\n<meta property=\"og:description\" content=\"Security Data &amp; Video SA de CV. SD365T FIRE-LITE Detector de Humo Inteligente Fotoel\u00e9ctrico y Temperatura para Uso con Paneles Direccionables Fire-Lite, Color Blanco, en Guadalajara Jalisco.\" \/>\n<meta property=\"og:url\" content=\"https:\/\/www.securitydataandvideo.com\/inicio\/shop\/sd365t-fire-lite-detector-de-humo-inteligente-fotoelectrico-y-temperatura-para-uso-con-paneles-direccionables-fire-lite-color-blanco-en-guadalajara-jalisco\/\" \/>\n<meta property=\"og:site_name\" content=\"Security Data &amp; Video SA de CV.\" \/>\n<meta property=\"article:modified_time\" content=\"2022-07-21T17:43:02+00:00\" \/>\n<meta property=\"og:image\" content=\"https:\/\/www.securitydataandvideo.com\/inicio\/wp-content\/uploads\/2022\/07\/SD365T-FIRE-LITE-Detector-de-Humo-Inteligente-Fotoelectrico-y-Temperatura-para-Uso-con-Paneles-Direccionables-Fire-Lite-Color-Blanco-en-Guadalajara-Jalisco..png\" \/>\n\t<meta property=\"og:image:width\" content=\"400\" \/>\n\t<meta property=\"og:image:height\" content=\"400\" \/>\n\t<meta property=\"og:image:type\" content=\"image\/png\" \/>\n<meta name=\"twitter:card\" content=\"summary\" \/>\n<meta name=\"twitter:label1\" content=\"Tiempo de lectura\" \/>\n\t<meta name=\"twitter:data1\" content=\"1 minuto\" \/>\n<script type=\"application\/ld+json\" class=\"yoast-schema-graph\">{\"@context\":\"https:\/\/schema.org\",\"@graph\":[{\"@type\":\"WebPage\",\"@id\":\"https:\/\/www.securitydataandvideo.com\/inicio\/shop\/sd365t-fire-lite-detector-de-humo-inteligente-fotoelectrico-y-temperatura-para-uso-con-paneles-direccionables-fire-lite-color-blanco-en-guadalajara-jalisco\/\",\"url\":\"https:\/\/www.securitydataandvideo.com\/inicio\/shop\/sd365t-fire-lite-detector-de-humo-inteligente-fotoelectrico-y-temperatura-para-uso-con-paneles-direccionables-fire-lite-color-blanco-en-guadalajara-jalisco\/\",\"name\":\"SD365T FIRE-LITE Detector de Humo Inteligente Fotoel\u00e9ctrico y Temperatura\",\"isPartOf\":{\"@id\":\"https:\/\/www.securitydataandvideo.com\/inicio\/#website\"},\"datePublished\":\"2022-07-21T17:42:17+00:00\",\"dateModified\":\"2022-07-21T17:43:02+00:00\",\"description\":\"Security Data &amp; Video SA de CV. SD365T FIRE-LITE Detector de Humo Inteligente Fotoel\u00e9ctrico y Temperatura para Uso con Paneles Direccionables Fire-Lite, Color Blanco, en Guadalajara Jalisco.\",\"breadcrumb\":{\"@id\":\"https:\/\/www.securitydataandvideo.com\/inicio\/shop\/sd365t-fire-lite-detector-de-humo-inteligente-fotoelectrico-y-temperatura-para-uso-con-paneles-direccionables-fire-lite-color-blanco-en-guadalajara-jalisco\/#breadcrumb\"},\"inLanguage\":\"es-MX\",\"potentialAction\":[{\"@type\":\"ReadAction\",\"target\":[\"https:\/\/www.securitydataandvideo.com\/inicio\/shop\/sd365t-fire-lite-detector-de-humo-inteligente-fotoelectrico-y-temperatura-para-uso-con-paneles-direccionables-fire-lite-color-blanco-en-guadalajara-jalisco\/\"]}]},{\"@type\":\"BreadcrumbList\",\"@id\":\"https:\/\/www.securitydataandvideo.com\/inicio\/shop\/sd365t-fire-lite-detector-de-humo-inteligente-fotoelectrico-y-temperatura-para-uso-con-paneles-direccionables-fire-lite-color-blanco-en-guadalajara-jalisco\/#breadcrumb\",\"itemListElement\":[{\"@type\":\"ListItem\",\"position\":1,\"name\":\"Inicio\",\"item\":\"https:\/\/www.securitydataandvideo.com\/inicio\/\"},{\"@type\":\"ListItem\",\"position\":2,\"name\":\"Shop\",\"item\":\"https:\/\/www.securitydataandvideo.com\/inicio\/shop\/\"},{\"@type\":\"ListItem\",\"position\":3,\"name\":\"SD365T FIRE-LITE Detector de Humo Inteligente Fotoel\u00e9ctrico y Temperatura para Uso con Paneles Direccionables Fire-Lite, Color Blanco, en Guadalajara Jalisco.\"}]},{\"@type\":\"WebSite\",\"@id\":\"https:\/\/www.securitydataandvideo.com\/inicio\/#website\",\"url\":\"https:\/\/www.securitydataandvideo.com\/inicio\/\",\"name\":\"Security Data &amp; Video SA de CV.\",\"description\":\"Seguridad Electr\u00f3nica y Energ\u00eda\",\"publisher\":{\"@id\":\"https:\/\/www.securitydataandvideo.com\/inicio\/#organization\"},\"potentialAction\":[{\"@type\":\"SearchAction\",\"target\":{\"@type\":\"EntryPoint\",\"urlTemplate\":\"https:\/\/www.securitydataandvideo.com\/inicio\/?s={search_term_string}\"},\"query-input\":\"required name=search_term_string\"}],\"inLanguage\":\"es-MX\"},{\"@type\":\"Organization\",\"@id\":\"https:\/\/www.securitydataandvideo.com\/inicio\/#organization\",\"name\":\"Security Data & Video SA de CV\",\"url\":\"https:\/\/www.securitydataandvideo.com\/inicio\/\",\"sameAs\":[],\"logo\":{\"@type\":\"ImageObject\",\"inLanguage\":\"es-MX\",\"@id\":\"https:\/\/www.securitydataandvideo.com\/inicio\/#\/schema\/logo\/image\/\",\"url\":\"https:\/\/www.securitydataandvideo.com\/inicio\/wp-content\/uploads\/2021\/10\/Logo-Azul.png\",\"contentUrl\":\"https:\/\/www.securitydataandvideo.com\/inicio\/wp-content\/uploads\/2021\/10\/Logo-Azul.png\",\"width\":555,\"height\":375,\"caption\":\"Security Data & Video SA de CV\"},\"image\":{\"@id\":\"https:\/\/www.securitydataandvideo.com\/inicio\/#\/schema\/logo\/image\/\"}}]}<\/script>\n<!-- \/ Yoast SEO plugin. -->","yoast_head_json":{"title":"SD365T FIRE-LITE Detector de Humo Inteligente Fotoel\u00e9ctrico y Temperatura","description":"Security Data &amp; Video SA de CV. SD365T FIRE-LITE Detector de Humo Inteligente Fotoel\u00e9ctrico y Temperatura para Uso con Paneles Direccionables Fire-Lite, Color Blanco, en Guadalajara Jalisco.","robots":{"index":"index","follow":"follow","max-snippet":"max-snippet:-1","max-image-preview":"max-image-preview:large","max-video-preview":"max-video-preview:-1"},"canonical":"https:\/\/www.securitydataandvideo.com\/inicio\/shop\/sd365t-fire-lite-detector-de-humo-inteligente-fotoelectrico-y-temperatura-para-uso-con-paneles-direccionables-fire-lite-color-blanco-en-guadalajara-jalisco\/","og_locale":"es_MX","og_type":"article","og_title":"SD365T FIRE-LITE Detector de Humo Inteligente Fotoel\u00e9ctrico y Temperatura","og_description":"Security Data &amp; Video SA de CV. SD365T FIRE-LITE Detector de Humo Inteligente Fotoel\u00e9ctrico y Temperatura para Uso con Paneles Direccionables Fire-Lite, Color Blanco, en Guadalajara Jalisco.","og_url":"https:\/\/www.securitydataandvideo.com\/inicio\/shop\/sd365t-fire-lite-detector-de-humo-inteligente-fotoelectrico-y-temperatura-para-uso-con-paneles-direccionables-fire-lite-color-blanco-en-guadalajara-jalisco\/","og_site_name":"Security Data &amp; Video SA de CV.","article_modified_time":"2022-07-21T17:43:02+00:00","og_image":[{"width":400,"height":400,"url":"https:\/\/www.securitydataandvideo.com\/inicio\/wp-content\/uploads\/2022\/07\/SD365T-FIRE-LITE-Detector-de-Humo-Inteligente-Fotoelectrico-y-Temperatura-para-Uso-con-Paneles-Direccionables-Fire-Lite-Color-Blanco-en-Guadalajara-Jalisco..png","type":"image\/png"}],"twitter_card":"summary","twitter_misc":{"Tiempo de lectura":"1 minuto"},"schema":{"@context":"https:\/\/schema.org","@graph":[{"@type":"WebPage","@id":"https:\/\/www.securitydataandvideo.com\/inicio\/shop\/sd365t-fire-lite-detector-de-humo-inteligente-fotoelectrico-y-temperatura-para-uso-con-paneles-direccionables-fire-lite-color-blanco-en-guadalajara-jalisco\/","url":"https:\/\/www.securitydataandvideo.com\/inicio\/shop\/sd365t-fire-lite-detector-de-humo-inteligente-fotoelectrico-y-temperatura-para-uso-con-paneles-direccionables-fire-lite-color-blanco-en-guadalajara-jalisco\/","name":"SD365T FIRE-LITE Detector de Humo Inteligente Fotoel\u00e9ctrico y Temperatura","isPartOf":{"@id":"https:\/\/www.securitydataandvideo.com\/inicio\/#website"},"datePublished":"2022-07-21T17:42:17+00:00","dateModified":"2022-07-21T17:43:02+00:00","description":"Security Data &amp; Video SA de CV. SD365T FIRE-LITE Detector de Humo Inteligente Fotoel\u00e9ctrico y Temperatura para Uso con Paneles Direccionables Fire-Lite, Color Blanco, en Guadalajara Jalisco.","breadcrumb":{"@id":"https:\/\/www.securitydataandvideo.com\/inicio\/shop\/sd365t-fire-lite-detector-de-humo-inteligente-fotoelectrico-y-temperatura-para-uso-con-paneles-direccionables-fire-lite-color-blanco-en-guadalajara-jalisco\/#breadcrumb"},"inLanguage":"es-MX","potentialAction":[{"@type":"ReadAction","target":["https:\/\/www.securitydataandvideo.com\/inicio\/shop\/sd365t-fire-lite-detector-de-humo-inteligente-fotoelectrico-y-temperatura-para-uso-con-paneles-direccionables-fire-lite-color-blanco-en-guadalajara-jalisco\/"]}]},{"@type":"BreadcrumbList","@id":"https:\/\/www.securitydataandvideo.com\/inicio\/shop\/sd365t-fire-lite-detector-de-humo-inteligente-fotoelectrico-y-temperatura-para-uso-con-paneles-direccionables-fire-lite-color-blanco-en-guadalajara-jalisco\/#breadcrumb","itemListElement":[{"@type":"ListItem","position":1,"name":"Inicio","item":"https:\/\/www.securitydataandvideo.com\/inicio\/"},{"@type":"ListItem","position":2,"name":"Shop","item":"https:\/\/www.securitydataandvideo.com\/inicio\/shop\/"},{"@type":"ListItem","position":3,"name":"SD365T FIRE-LITE Detector de Humo Inteligente Fotoel\u00e9ctrico y Temperatura para Uso con Paneles Direccionables Fire-Lite, Color Blanco, en Guadalajara Jalisco."}]},{"@type":"WebSite","@id":"https:\/\/www.securitydataandvideo.com\/inicio\/#website","url":"https:\/\/www.securitydataandvideo.com\/inicio\/","name":"Security Data &amp; Video SA de CV.","description":"Seguridad Electr\u00f3nica y Energ\u00eda","publisher":{"@id":"https:\/\/www.securitydataandvideo.com\/inicio\/#organization"},"potentialAction":[{"@type":"SearchAction","target":{"@type":"EntryPoint","urlTemplate":"https:\/\/www.securitydataandvideo.com\/inicio\/?s={search_term_string}"},"query-input":"required name=search_term_string"}],"inLanguage":"es-MX"},{"@type":"Organization","@id":"https:\/\/www.securitydataandvideo.com\/inicio\/#organization","name":"Security Data & Video SA de CV","url":"https:\/\/www.securitydataandvideo.com\/inicio\/","sameAs":[],"logo":{"@type":"ImageObject","inLanguage":"es-MX","@id":"https:\/\/www.securitydataandvideo.com\/inicio\/#\/schema\/logo\/image\/","url":"https:\/\/www.securitydataandvideo.com\/inicio\/wp-content\/uploads\/2021\/10\/Logo-Azul.png","contentUrl":"https:\/\/www.securitydataandvideo.com\/inicio\/wp-content\/uploads\/2021\/10\/Logo-Azul.png","width":555,"height":375,"caption":"Security Data & Video SA de CV"},"image":{"@id":"https:\/\/www.securitydataandvideo.com\/inicio\/#\/schema\/logo\/image\/"}}]}},"_links":{"self":[{"href":"https:\/\/www.securitydataandvideo.com\/inicio\/wp-json\/wp\/v2\/product\/16214"}],"collection":[{"href":"https:\/\/www.securitydataandvideo.com\/inicio\/wp-json\/wp\/v2\/product"}],"about":[{"href":"https:\/\/www.securitydataandvideo.com\/inicio\/wp-json\/wp\/v2\/types\/product"}],"wp:featuredmedia":[{"embeddable":true,"href":"https:\/\/www.securitydataandvideo.com\/inicio\/wp-json\/wp\/v2\/media\/16254"}],"wp:attachment":[{"href":"https:\/\/www.securitydataandvideo.com\/inicio\/wp-json\/wp\/v2\/media?parent=16214"}],"wp:term":[{"taxonomy":"product_cat","embeddable":true,"href":"https:\/\/www.securitydataandvideo.com\/inicio\/wp-json\/wp\/v2\/product_cat?post=16214"},{"taxonomy":"product_tag","embeddable":true,"href":"https:\/\/www.securitydataandvideo.com\/inicio\/wp-json\/wp\/v2\/product_tag?post=16214"}],"curies":[{"name":"wp","href":"https:\/\/api.w.org\/{rel}","templated":true}]}}