{"id":16216,"date":"2022-07-21T11:42:17","date_gmt":"2022-07-21T17:42:17","guid":{"rendered":"https:\/\/www.securitydataandvideo.com\/inicio\/?post_type=product&#038;p=16216"},"modified":"2022-07-21T11:43:07","modified_gmt":"2022-07-21T17:43:07","slug":"slc-2ls-fire-lite-expansor-de-lazo-para-panel-ms-9600udls-habilita-318-dispositivos-en-guadalajara-jalisco","status":"publish","type":"product","link":"https:\/\/www.securitydataandvideo.com\/inicio\/shop\/slc-2ls-fire-lite-expansor-de-lazo-para-panel-ms-9600udls-habilita-318-dispositivos-en-guadalajara-jalisco\/","title":{"rendered":"SLC-2LS  FIRE-LITE Expansor de Lazo para Panel MS-9600UDLS. Habilita 318 dispositivos. en Guadalajara Jalisco."},"content":{"rendered":"<p><strong>SLC-2LS FIRE-LITE Expansor de Lazo para Panel MS-9600UDLS. Habilita 318 dispositivos. en Guadalajara Jalisco.<\/strong><\/p>\n<p>Este m\u00f3dulo Expansor proporciona un segundo lazo SLC para el panel de control MS-9600UDLS. Esto posibilita la conexi\u00f3n de 318 dispositivos direccionables adicionales, lo que hace que la cantidad de dispositivos direccionables que se pueden conectar al panel sea de 636. De los cuales 318 seran m\u00f3dulos y 318 dispositivos.<br \/>\nPara obtener informaci\u00f3n sobre la conexi\u00f3n de dispositivos al SLC, consultar el manual de instalaci\u00f3n del panel.<\/p>\n<p>&nbsp;<\/p>\n","protected":false},"excerpt":{"rendered":"<p>SLC-2LS FIRE-LITE Expansor de Lazo para Panel MS-9600UDLS. Habilita 318 dispositivos. en Guadalajara Jalisco.<\/p>\n","protected":false},"featured_media":16256,"template":"","meta":{"site-sidebar-layout":"","site-content-layout":"","ast-site-content-layout":"","site-content-style":"default","site-sidebar-style":"default","ast-global-header-display":"","ast-banner-title-visibility":"","ast-main-header-display":"","ast-hfb-above-header-display":"","ast-hfb-below-header-display":"","ast-hfb-mobile-header-display":"","site-post-title":"","ast-breadcrumbs-content":"","ast-featured-img":"","footer-sml-layout":"","theme-transparent-header-meta":"","adv-header-id-meta":"","stick-header-meta":"","header-above-stick-meta":"","header-main-stick-meta":"","header-below-stick-meta":"","astra-migrate-meta-layouts":""},"product_cat":[329],"product_tag":[328],"yoast_head":"<!-- This site is optimized with the Yoast SEO plugin v19.5.1 - https:\/\/yoast.com\/wordpress\/plugins\/seo\/ -->\n<title>SLC-2LS FIRE-LITE Expansor de Lazo para Panel MS-9600UDLS<\/title>\n<meta name=\"description\" content=\"Security Data &amp; Video SA de CV. SLC-2LS FIRE-LITE Expansor de Lazo para Panel MS-9600UDLS. Habilita 318 dispositivos. en Guadalajara Jalisco.\" \/>\n<meta name=\"robots\" content=\"index, follow, max-snippet:-1, max-image-preview:large, max-video-preview:-1\" \/>\n<link rel=\"canonical\" href=\"https:\/\/www.securitydataandvideo.com\/inicio\/shop\/slc-2ls-fire-lite-expansor-de-lazo-para-panel-ms-9600udls-habilita-318-dispositivos-en-guadalajara-jalisco\/\" \/>\n<meta property=\"og:locale\" content=\"es_MX\" \/>\n<meta property=\"og:type\" content=\"article\" \/>\n<meta property=\"og:title\" content=\"SLC-2LS FIRE-LITE Expansor de Lazo para Panel MS-9600UDLS\" \/>\n<meta property=\"og:description\" content=\"Security Data &amp; Video SA de CV. SLC-2LS FIRE-LITE Expansor de Lazo para Panel MS-9600UDLS. Habilita 318 dispositivos. en Guadalajara Jalisco.\" \/>\n<meta property=\"og:url\" content=\"https:\/\/www.securitydataandvideo.com\/inicio\/shop\/slc-2ls-fire-lite-expansor-de-lazo-para-panel-ms-9600udls-habilita-318-dispositivos-en-guadalajara-jalisco\/\" \/>\n<meta property=\"og:site_name\" content=\"Security Data &amp; Video SA de CV.\" \/>\n<meta property=\"article:modified_time\" content=\"2022-07-21T17:43:07+00:00\" \/>\n<meta property=\"og:image\" content=\"https:\/\/www.securitydataandvideo.com\/inicio\/wp-content\/uploads\/2022\/07\/SLC-2LS-FIRE-LITE-Expansor-de-Lazo-para-Panel-MS-9600UDLS.-Habilita-318-dispositivos.-en-Guadalajara-Jalisco..png\" \/>\n\t<meta property=\"og:image:width\" content=\"400\" \/>\n\t<meta property=\"og:image:height\" content=\"400\" \/>\n\t<meta property=\"og:image:type\" content=\"image\/png\" \/>\n<meta name=\"twitter:card\" content=\"summary\" \/>\n<script type=\"application\/ld+json\" class=\"yoast-schema-graph\">{\"@context\":\"https:\/\/schema.org\",\"@graph\":[{\"@type\":\"WebPage\",\"@id\":\"https:\/\/www.securitydataandvideo.com\/inicio\/shop\/slc-2ls-fire-lite-expansor-de-lazo-para-panel-ms-9600udls-habilita-318-dispositivos-en-guadalajara-jalisco\/\",\"url\":\"https:\/\/www.securitydataandvideo.com\/inicio\/shop\/slc-2ls-fire-lite-expansor-de-lazo-para-panel-ms-9600udls-habilita-318-dispositivos-en-guadalajara-jalisco\/\",\"name\":\"SLC-2LS FIRE-LITE Expansor de Lazo para Panel MS-9600UDLS\",\"isPartOf\":{\"@id\":\"https:\/\/www.securitydataandvideo.com\/inicio\/#website\"},\"datePublished\":\"2022-07-21T17:42:17+00:00\",\"dateModified\":\"2022-07-21T17:43:07+00:00\",\"description\":\"Security Data &amp; Video SA de CV. SLC-2LS FIRE-LITE Expansor de Lazo para Panel MS-9600UDLS. Habilita 318 dispositivos. en Guadalajara Jalisco.\",\"breadcrumb\":{\"@id\":\"https:\/\/www.securitydataandvideo.com\/inicio\/shop\/slc-2ls-fire-lite-expansor-de-lazo-para-panel-ms-9600udls-habilita-318-dispositivos-en-guadalajara-jalisco\/#breadcrumb\"},\"inLanguage\":\"es-MX\",\"potentialAction\":[{\"@type\":\"ReadAction\",\"target\":[\"https:\/\/www.securitydataandvideo.com\/inicio\/shop\/slc-2ls-fire-lite-expansor-de-lazo-para-panel-ms-9600udls-habilita-318-dispositivos-en-guadalajara-jalisco\/\"]}]},{\"@type\":\"BreadcrumbList\",\"@id\":\"https:\/\/www.securitydataandvideo.com\/inicio\/shop\/slc-2ls-fire-lite-expansor-de-lazo-para-panel-ms-9600udls-habilita-318-dispositivos-en-guadalajara-jalisco\/#breadcrumb\",\"itemListElement\":[{\"@type\":\"ListItem\",\"position\":1,\"name\":\"Inicio\",\"item\":\"https:\/\/www.securitydataandvideo.com\/inicio\/\"},{\"@type\":\"ListItem\",\"position\":2,\"name\":\"Shop\",\"item\":\"https:\/\/www.securitydataandvideo.com\/inicio\/shop\/\"},{\"@type\":\"ListItem\",\"position\":3,\"name\":\"SLC-2LS FIRE-LITE Expansor de Lazo para Panel MS-9600UDLS. Habilita 318 dispositivos. en Guadalajara Jalisco.\"}]},{\"@type\":\"WebSite\",\"@id\":\"https:\/\/www.securitydataandvideo.com\/inicio\/#website\",\"url\":\"https:\/\/www.securitydataandvideo.com\/inicio\/\",\"name\":\"Security Data &amp; Video SA de CV.\",\"description\":\"Seguridad Electr\u00f3nica y Energ\u00eda\",\"publisher\":{\"@id\":\"https:\/\/www.securitydataandvideo.com\/inicio\/#organization\"},\"potentialAction\":[{\"@type\":\"SearchAction\",\"target\":{\"@type\":\"EntryPoint\",\"urlTemplate\":\"https:\/\/www.securitydataandvideo.com\/inicio\/?s={search_term_string}\"},\"query-input\":\"required name=search_term_string\"}],\"inLanguage\":\"es-MX\"},{\"@type\":\"Organization\",\"@id\":\"https:\/\/www.securitydataandvideo.com\/inicio\/#organization\",\"name\":\"Security Data & Video SA de CV\",\"url\":\"https:\/\/www.securitydataandvideo.com\/inicio\/\",\"sameAs\":[],\"logo\":{\"@type\":\"ImageObject\",\"inLanguage\":\"es-MX\",\"@id\":\"https:\/\/www.securitydataandvideo.com\/inicio\/#\/schema\/logo\/image\/\",\"url\":\"https:\/\/www.securitydataandvideo.com\/inicio\/wp-content\/uploads\/2021\/10\/Logo-Azul.png\",\"contentUrl\":\"https:\/\/www.securitydataandvideo.com\/inicio\/wp-content\/uploads\/2021\/10\/Logo-Azul.png\",\"width\":555,\"height\":375,\"caption\":\"Security Data & Video SA de CV\"},\"image\":{\"@id\":\"https:\/\/www.securitydataandvideo.com\/inicio\/#\/schema\/logo\/image\/\"}}]}<\/script>\n<!-- \/ Yoast SEO plugin. -->","yoast_head_json":{"title":"SLC-2LS FIRE-LITE Expansor de Lazo para Panel MS-9600UDLS","description":"Security Data &amp; Video SA de CV. SLC-2LS FIRE-LITE Expansor de Lazo para Panel MS-9600UDLS. Habilita 318 dispositivos. en Guadalajara Jalisco.","robots":{"index":"index","follow":"follow","max-snippet":"max-snippet:-1","max-image-preview":"max-image-preview:large","max-video-preview":"max-video-preview:-1"},"canonical":"https:\/\/www.securitydataandvideo.com\/inicio\/shop\/slc-2ls-fire-lite-expansor-de-lazo-para-panel-ms-9600udls-habilita-318-dispositivos-en-guadalajara-jalisco\/","og_locale":"es_MX","og_type":"article","og_title":"SLC-2LS FIRE-LITE Expansor de Lazo para Panel MS-9600UDLS","og_description":"Security Data &amp; Video SA de CV. SLC-2LS FIRE-LITE Expansor de Lazo para Panel MS-9600UDLS. Habilita 318 dispositivos. en Guadalajara Jalisco.","og_url":"https:\/\/www.securitydataandvideo.com\/inicio\/shop\/slc-2ls-fire-lite-expansor-de-lazo-para-panel-ms-9600udls-habilita-318-dispositivos-en-guadalajara-jalisco\/","og_site_name":"Security Data &amp; Video SA de CV.","article_modified_time":"2022-07-21T17:43:07+00:00","og_image":[{"width":400,"height":400,"url":"https:\/\/www.securitydataandvideo.com\/inicio\/wp-content\/uploads\/2022\/07\/SLC-2LS-FIRE-LITE-Expansor-de-Lazo-para-Panel-MS-9600UDLS.-Habilita-318-dispositivos.-en-Guadalajara-Jalisco..png","type":"image\/png"}],"twitter_card":"summary","schema":{"@context":"https:\/\/schema.org","@graph":[{"@type":"WebPage","@id":"https:\/\/www.securitydataandvideo.com\/inicio\/shop\/slc-2ls-fire-lite-expansor-de-lazo-para-panel-ms-9600udls-habilita-318-dispositivos-en-guadalajara-jalisco\/","url":"https:\/\/www.securitydataandvideo.com\/inicio\/shop\/slc-2ls-fire-lite-expansor-de-lazo-para-panel-ms-9600udls-habilita-318-dispositivos-en-guadalajara-jalisco\/","name":"SLC-2LS FIRE-LITE Expansor de Lazo para Panel MS-9600UDLS","isPartOf":{"@id":"https:\/\/www.securitydataandvideo.com\/inicio\/#website"},"datePublished":"2022-07-21T17:42:17+00:00","dateModified":"2022-07-21T17:43:07+00:00","description":"Security Data &amp; Video SA de CV. SLC-2LS FIRE-LITE Expansor de Lazo para Panel MS-9600UDLS. Habilita 318 dispositivos. en Guadalajara Jalisco.","breadcrumb":{"@id":"https:\/\/www.securitydataandvideo.com\/inicio\/shop\/slc-2ls-fire-lite-expansor-de-lazo-para-panel-ms-9600udls-habilita-318-dispositivos-en-guadalajara-jalisco\/#breadcrumb"},"inLanguage":"es-MX","potentialAction":[{"@type":"ReadAction","target":["https:\/\/www.securitydataandvideo.com\/inicio\/shop\/slc-2ls-fire-lite-expansor-de-lazo-para-panel-ms-9600udls-habilita-318-dispositivos-en-guadalajara-jalisco\/"]}]},{"@type":"BreadcrumbList","@id":"https:\/\/www.securitydataandvideo.com\/inicio\/shop\/slc-2ls-fire-lite-expansor-de-lazo-para-panel-ms-9600udls-habilita-318-dispositivos-en-guadalajara-jalisco\/#breadcrumb","itemListElement":[{"@type":"ListItem","position":1,"name":"Inicio","item":"https:\/\/www.securitydataandvideo.com\/inicio\/"},{"@type":"ListItem","position":2,"name":"Shop","item":"https:\/\/www.securitydataandvideo.com\/inicio\/shop\/"},{"@type":"ListItem","position":3,"name":"SLC-2LS FIRE-LITE Expansor de Lazo para Panel MS-9600UDLS. Habilita 318 dispositivos. en Guadalajara Jalisco."}]},{"@type":"WebSite","@id":"https:\/\/www.securitydataandvideo.com\/inicio\/#website","url":"https:\/\/www.securitydataandvideo.com\/inicio\/","name":"Security Data &amp; Video SA de CV.","description":"Seguridad Electr\u00f3nica y Energ\u00eda","publisher":{"@id":"https:\/\/www.securitydataandvideo.com\/inicio\/#organization"},"potentialAction":[{"@type":"SearchAction","target":{"@type":"EntryPoint","urlTemplate":"https:\/\/www.securitydataandvideo.com\/inicio\/?s={search_term_string}"},"query-input":"required name=search_term_string"}],"inLanguage":"es-MX"},{"@type":"Organization","@id":"https:\/\/www.securitydataandvideo.com\/inicio\/#organization","name":"Security Data & Video SA de CV","url":"https:\/\/www.securitydataandvideo.com\/inicio\/","sameAs":[],"logo":{"@type":"ImageObject","inLanguage":"es-MX","@id":"https:\/\/www.securitydataandvideo.com\/inicio\/#\/schema\/logo\/image\/","url":"https:\/\/www.securitydataandvideo.com\/inicio\/wp-content\/uploads\/2021\/10\/Logo-Azul.png","contentUrl":"https:\/\/www.securitydataandvideo.com\/inicio\/wp-content\/uploads\/2021\/10\/Logo-Azul.png","width":555,"height":375,"caption":"Security Data & Video SA de CV"},"image":{"@id":"https:\/\/www.securitydataandvideo.com\/inicio\/#\/schema\/logo\/image\/"}}]}},"_links":{"self":[{"href":"https:\/\/www.securitydataandvideo.com\/inicio\/wp-json\/wp\/v2\/product\/16216"}],"collection":[{"href":"https:\/\/www.securitydataandvideo.com\/inicio\/wp-json\/wp\/v2\/product"}],"about":[{"href":"https:\/\/www.securitydataandvideo.com\/inicio\/wp-json\/wp\/v2\/types\/product"}],"wp:featuredmedia":[{"embeddable":true,"href":"https:\/\/www.securitydataandvideo.com\/inicio\/wp-json\/wp\/v2\/media\/16256"}],"wp:attachment":[{"href":"https:\/\/www.securitydataandvideo.com\/inicio\/wp-json\/wp\/v2\/media?parent=16216"}],"wp:term":[{"taxonomy":"product_cat","embeddable":true,"href":"https:\/\/www.securitydataandvideo.com\/inicio\/wp-json\/wp\/v2\/product_cat?post=16216"},{"taxonomy":"product_tag","embeddable":true,"href":"https:\/\/www.securitydataandvideo.com\/inicio\/wp-json\/wp\/v2\/product_tag?post=16216"}],"curies":[{"name":"wp","href":"https:\/\/api.w.org\/{rel}","templated":true}]}}