{"id":16221,"date":"2022-07-21T11:42:18","date_gmt":"2022-07-21T17:42:18","guid":{"rendered":"https:\/\/www.securitydataandvideo.com\/inicio\/?post_type=product&#038;p=16221"},"modified":"2022-07-21T11:43:16","modified_gmt":"2022-07-21T17:43:16","slug":"w-h355-fire-lite-detector-inalambrico-de-temperatura-fija-serie-swift-compatible-con-paneles-fire-lite-ms9200udls-y-ms9600udls-incluye-base-en-guadalajara-jalisco","status":"publish","type":"product","link":"https:\/\/www.securitydataandvideo.com\/inicio\/shop\/w-h355-fire-lite-detector-inalambrico-de-temperatura-fija-serie-swift-compatible-con-paneles-fire-lite-ms9200udls-y-ms9600udls-incluye-base-en-guadalajara-jalisco\/","title":{"rendered":"W-H355 FIRE-LITE Detector Inal\u00e1mbrico de Temperatura Fija serie SWIFT Compatible con paneles Fire-Lite MS9200UDLS y MS9600UDLS. Incluye Base en Guadalajara Jalisco."},"content":{"rendered":"<p><strong>W-H355 FIRE-LITE Detector Inal\u00e1mbrico de Temperatura Fija serie SWIFT Compatible con paneles Fire-Lite MS9200UDLS y MS9600UDLS. Incluye Base en Guadalajara Jalisco.<\/strong><\/p>\n<p>Los detectores de temperatura inal\u00e1mbricos y direccionables W-H355 utilizan un circuito de detecci\u00f3n con termistor de \u00faltima generaci\u00f3n para lograr una respuesta r\u00e1pida. Proporcionan detecci\u00f3n con alarma de temperatura fija a los 135 \u2070F. Estos detectores est\u00e1n dise\u00f1ados para proporcionar protecci\u00f3n en \u00e1reas abiertas y para utilizar con los paneles de control de alarma contra incendios direccionables ES50X, ES200X y MS-9600(UD)LS. Los detectores W-H355 se comunican con los paneles de control de alarma contra incendios mediante una red inal\u00e1mbrica mallada hacia la puerta de enlace inal\u00e1mbrica W-GATE.<\/p>\n<ul>\n<li>Listado: UL, FM y NFPA<\/li>\n<li>Tecnolog\u00eda de termistor de \u00faltima generaci\u00f3n para obtener una respuesta r\u00e1pida<\/li>\n<li>Pre configurado de f\u00e1brica a 135 \u00b0F (57 \u00b0C)<\/li>\n<li>Tecnolog\u00eda de red inal\u00e1mbrica mallada en cascada (frecuencia de 902-928 MHz)<\/li>\n<li>Se puede agregar cualquier dispositivo inal\u00e1mbrico para que funcione como un repetidor.<\/li>\n<li>Requiere (4) bater\u00edas CR-123AP (incluidas)<\/li>\n<\/ul>\n<p><img src=\"http:\/\/ftp3.syscom.mx\/usuarios\/yhermosillo\/FIRELITE\/Componenetes%20de%20SWIFT%20FireLite.jpg\" \/><\/p>\n<p><img src=\"http:\/\/ftp3.syscom.mx\/usuarios\/yhermosillo\/FIRELITE\/SWIFT%20Fire-Lite.jpg\" \/><\/p>\n","protected":false},"excerpt":{"rendered":"<p><strong>W-H355 FIRE-LITE Detector Inal\u00e1mbrico de Temperatura Fija serie SWIFT Compatible con paneles Fire-Lite MS9200UDLS y MS9600UDLS. Incluye Base en Guadalajara Jalisco.<\/strong><\/p>\n","protected":false},"featured_media":16261,"template":"","meta":{"site-sidebar-layout":"","site-content-layout":"","ast-site-content-layout":"","site-content-style":"default","site-sidebar-style":"default","ast-global-header-display":"","ast-banner-title-visibility":"","ast-main-header-display":"","ast-hfb-above-header-display":"","ast-hfb-below-header-display":"","ast-hfb-mobile-header-display":"","site-post-title":"","ast-breadcrumbs-content":"","ast-featured-img":"","footer-sml-layout":"","theme-transparent-header-meta":"","adv-header-id-meta":"","stick-header-meta":"","header-above-stick-meta":"","header-main-stick-meta":"","header-below-stick-meta":"","astra-migrate-meta-layouts":""},"product_cat":[329],"product_tag":[328],"yoast_head":"<!-- This site is optimized with the Yoast SEO plugin v19.5.1 - https:\/\/yoast.com\/wordpress\/plugins\/seo\/ -->\n<title>W-H355 FIRE-LITE Detector Inal\u00e1mbrico de Temperatura Fija serie SWIFT<\/title>\n<meta name=\"description\" content=\"Security Data &amp; Video SA de CV. W-H355 FIRE-LITE Detector Inal\u00e1mbrico de Temperatura Fija serie SWIFT Compatible con paneles Fire-Lite MS9200UDLS y MS9600UDLS. Incluye Base en Guadalajara Jalisco.\" \/>\n<meta name=\"robots\" content=\"index, follow, max-snippet:-1, max-image-preview:large, max-video-preview:-1\" \/>\n<link rel=\"canonical\" href=\"https:\/\/www.securitydataandvideo.com\/inicio\/shop\/w-h355-fire-lite-detector-inalambrico-de-temperatura-fija-serie-swift-compatible-con-paneles-fire-lite-ms9200udls-y-ms9600udls-incluye-base-en-guadalajara-jalisco\/\" \/>\n<meta property=\"og:locale\" content=\"es_MX\" \/>\n<meta property=\"og:type\" content=\"article\" \/>\n<meta property=\"og:title\" content=\"W-H355 FIRE-LITE Detector Inal\u00e1mbrico de Temperatura Fija serie SWIFT\" \/>\n<meta property=\"og:description\" content=\"Security Data &amp; Video SA de CV. W-H355 FIRE-LITE Detector Inal\u00e1mbrico de Temperatura Fija serie SWIFT Compatible con paneles Fire-Lite MS9200UDLS y MS9600UDLS. Incluye Base en Guadalajara Jalisco.\" \/>\n<meta property=\"og:url\" content=\"https:\/\/www.securitydataandvideo.com\/inicio\/shop\/w-h355-fire-lite-detector-inalambrico-de-temperatura-fija-serie-swift-compatible-con-paneles-fire-lite-ms9200udls-y-ms9600udls-incluye-base-en-guadalajara-jalisco\/\" \/>\n<meta property=\"og:site_name\" content=\"Security Data &amp; Video SA de CV.\" \/>\n<meta property=\"article:modified_time\" content=\"2022-07-21T17:43:16+00:00\" \/>\n<meta property=\"og:image\" content=\"https:\/\/www.securitydataandvideo.com\/inicio\/wp-content\/uploads\/2022\/07\/W-H355-FIRE-LITE-Detector-Inalambrico-de-Temperatura-Fija-serie-SWIFT-Compatible-con-paneles-Fire-Lite-MS9200UDLS-y-MS9600UDLS.-Incluye-Base-en-Guadalajara-Jalisco..jpg\" \/>\n\t<meta property=\"og:image:width\" content=\"400\" \/>\n\t<meta property=\"og:image:height\" content=\"400\" \/>\n\t<meta property=\"og:image:type\" content=\"image\/jpeg\" \/>\n<meta name=\"twitter:card\" content=\"summary\" \/>\n<meta name=\"twitter:label1\" content=\"Tiempo de lectura\" \/>\n\t<meta name=\"twitter:data1\" content=\"1 minuto\" \/>\n<script type=\"application\/ld+json\" class=\"yoast-schema-graph\">{\"@context\":\"https:\/\/schema.org\",\"@graph\":[{\"@type\":\"WebPage\",\"@id\":\"https:\/\/www.securitydataandvideo.com\/inicio\/shop\/w-h355-fire-lite-detector-inalambrico-de-temperatura-fija-serie-swift-compatible-con-paneles-fire-lite-ms9200udls-y-ms9600udls-incluye-base-en-guadalajara-jalisco\/\",\"url\":\"https:\/\/www.securitydataandvideo.com\/inicio\/shop\/w-h355-fire-lite-detector-inalambrico-de-temperatura-fija-serie-swift-compatible-con-paneles-fire-lite-ms9200udls-y-ms9600udls-incluye-base-en-guadalajara-jalisco\/\",\"name\":\"W-H355 FIRE-LITE Detector Inal\u00e1mbrico de Temperatura Fija serie SWIFT\",\"isPartOf\":{\"@id\":\"https:\/\/www.securitydataandvideo.com\/inicio\/#website\"},\"datePublished\":\"2022-07-21T17:42:18+00:00\",\"dateModified\":\"2022-07-21T17:43:16+00:00\",\"description\":\"Security Data &amp; Video SA de CV. W-H355 FIRE-LITE Detector Inal\u00e1mbrico de Temperatura Fija serie SWIFT Compatible con paneles Fire-Lite MS9200UDLS y MS9600UDLS. Incluye Base en Guadalajara Jalisco.\",\"breadcrumb\":{\"@id\":\"https:\/\/www.securitydataandvideo.com\/inicio\/shop\/w-h355-fire-lite-detector-inalambrico-de-temperatura-fija-serie-swift-compatible-con-paneles-fire-lite-ms9200udls-y-ms9600udls-incluye-base-en-guadalajara-jalisco\/#breadcrumb\"},\"inLanguage\":\"es-MX\",\"potentialAction\":[{\"@type\":\"ReadAction\",\"target\":[\"https:\/\/www.securitydataandvideo.com\/inicio\/shop\/w-h355-fire-lite-detector-inalambrico-de-temperatura-fija-serie-swift-compatible-con-paneles-fire-lite-ms9200udls-y-ms9600udls-incluye-base-en-guadalajara-jalisco\/\"]}]},{\"@type\":\"BreadcrumbList\",\"@id\":\"https:\/\/www.securitydataandvideo.com\/inicio\/shop\/w-h355-fire-lite-detector-inalambrico-de-temperatura-fija-serie-swift-compatible-con-paneles-fire-lite-ms9200udls-y-ms9600udls-incluye-base-en-guadalajara-jalisco\/#breadcrumb\",\"itemListElement\":[{\"@type\":\"ListItem\",\"position\":1,\"name\":\"Inicio\",\"item\":\"https:\/\/www.securitydataandvideo.com\/inicio\/\"},{\"@type\":\"ListItem\",\"position\":2,\"name\":\"Shop\",\"item\":\"https:\/\/www.securitydataandvideo.com\/inicio\/shop\/\"},{\"@type\":\"ListItem\",\"position\":3,\"name\":\"W-H355 FIRE-LITE Detector Inal\u00e1mbrico de Temperatura Fija serie SWIFT Compatible con paneles Fire-Lite MS9200UDLS y MS9600UDLS. Incluye Base en Guadalajara Jalisco.\"}]},{\"@type\":\"WebSite\",\"@id\":\"https:\/\/www.securitydataandvideo.com\/inicio\/#website\",\"url\":\"https:\/\/www.securitydataandvideo.com\/inicio\/\",\"name\":\"Security Data &amp; Video SA de CV.\",\"description\":\"Seguridad Electr\u00f3nica y Energ\u00eda\",\"publisher\":{\"@id\":\"https:\/\/www.securitydataandvideo.com\/inicio\/#organization\"},\"potentialAction\":[{\"@type\":\"SearchAction\",\"target\":{\"@type\":\"EntryPoint\",\"urlTemplate\":\"https:\/\/www.securitydataandvideo.com\/inicio\/?s={search_term_string}\"},\"query-input\":\"required name=search_term_string\"}],\"inLanguage\":\"es-MX\"},{\"@type\":\"Organization\",\"@id\":\"https:\/\/www.securitydataandvideo.com\/inicio\/#organization\",\"name\":\"Security Data & Video SA de CV\",\"url\":\"https:\/\/www.securitydataandvideo.com\/inicio\/\",\"sameAs\":[],\"logo\":{\"@type\":\"ImageObject\",\"inLanguage\":\"es-MX\",\"@id\":\"https:\/\/www.securitydataandvideo.com\/inicio\/#\/schema\/logo\/image\/\",\"url\":\"https:\/\/www.securitydataandvideo.com\/inicio\/wp-content\/uploads\/2021\/10\/Logo-Azul.png\",\"contentUrl\":\"https:\/\/www.securitydataandvideo.com\/inicio\/wp-content\/uploads\/2021\/10\/Logo-Azul.png\",\"width\":555,\"height\":375,\"caption\":\"Security Data & Video SA de CV\"},\"image\":{\"@id\":\"https:\/\/www.securitydataandvideo.com\/inicio\/#\/schema\/logo\/image\/\"}}]}<\/script>\n<!-- \/ Yoast SEO plugin. -->","yoast_head_json":{"title":"W-H355 FIRE-LITE Detector Inal\u00e1mbrico de Temperatura Fija serie SWIFT","description":"Security Data &amp; Video SA de CV. W-H355 FIRE-LITE Detector Inal\u00e1mbrico de Temperatura Fija serie SWIFT Compatible con paneles Fire-Lite MS9200UDLS y MS9600UDLS. Incluye Base en Guadalajara Jalisco.","robots":{"index":"index","follow":"follow","max-snippet":"max-snippet:-1","max-image-preview":"max-image-preview:large","max-video-preview":"max-video-preview:-1"},"canonical":"https:\/\/www.securitydataandvideo.com\/inicio\/shop\/w-h355-fire-lite-detector-inalambrico-de-temperatura-fija-serie-swift-compatible-con-paneles-fire-lite-ms9200udls-y-ms9600udls-incluye-base-en-guadalajara-jalisco\/","og_locale":"es_MX","og_type":"article","og_title":"W-H355 FIRE-LITE Detector Inal\u00e1mbrico de Temperatura Fija serie SWIFT","og_description":"Security Data &amp; Video SA de CV. W-H355 FIRE-LITE Detector Inal\u00e1mbrico de Temperatura Fija serie SWIFT Compatible con paneles Fire-Lite MS9200UDLS y MS9600UDLS. Incluye Base en Guadalajara Jalisco.","og_url":"https:\/\/www.securitydataandvideo.com\/inicio\/shop\/w-h355-fire-lite-detector-inalambrico-de-temperatura-fija-serie-swift-compatible-con-paneles-fire-lite-ms9200udls-y-ms9600udls-incluye-base-en-guadalajara-jalisco\/","og_site_name":"Security Data &amp; Video SA de CV.","article_modified_time":"2022-07-21T17:43:16+00:00","og_image":[{"width":400,"height":400,"url":"https:\/\/www.securitydataandvideo.com\/inicio\/wp-content\/uploads\/2022\/07\/W-H355-FIRE-LITE-Detector-Inalambrico-de-Temperatura-Fija-serie-SWIFT-Compatible-con-paneles-Fire-Lite-MS9200UDLS-y-MS9600UDLS.-Incluye-Base-en-Guadalajara-Jalisco..jpg","type":"image\/jpeg"}],"twitter_card":"summary","twitter_misc":{"Tiempo de lectura":"1 minuto"},"schema":{"@context":"https:\/\/schema.org","@graph":[{"@type":"WebPage","@id":"https:\/\/www.securitydataandvideo.com\/inicio\/shop\/w-h355-fire-lite-detector-inalambrico-de-temperatura-fija-serie-swift-compatible-con-paneles-fire-lite-ms9200udls-y-ms9600udls-incluye-base-en-guadalajara-jalisco\/","url":"https:\/\/www.securitydataandvideo.com\/inicio\/shop\/w-h355-fire-lite-detector-inalambrico-de-temperatura-fija-serie-swift-compatible-con-paneles-fire-lite-ms9200udls-y-ms9600udls-incluye-base-en-guadalajara-jalisco\/","name":"W-H355 FIRE-LITE Detector Inal\u00e1mbrico de Temperatura Fija serie SWIFT","isPartOf":{"@id":"https:\/\/www.securitydataandvideo.com\/inicio\/#website"},"datePublished":"2022-07-21T17:42:18+00:00","dateModified":"2022-07-21T17:43:16+00:00","description":"Security Data &amp; Video SA de CV. W-H355 FIRE-LITE Detector Inal\u00e1mbrico de Temperatura Fija serie SWIFT Compatible con paneles Fire-Lite MS9200UDLS y MS9600UDLS. Incluye Base en Guadalajara Jalisco.","breadcrumb":{"@id":"https:\/\/www.securitydataandvideo.com\/inicio\/shop\/w-h355-fire-lite-detector-inalambrico-de-temperatura-fija-serie-swift-compatible-con-paneles-fire-lite-ms9200udls-y-ms9600udls-incluye-base-en-guadalajara-jalisco\/#breadcrumb"},"inLanguage":"es-MX","potentialAction":[{"@type":"ReadAction","target":["https:\/\/www.securitydataandvideo.com\/inicio\/shop\/w-h355-fire-lite-detector-inalambrico-de-temperatura-fija-serie-swift-compatible-con-paneles-fire-lite-ms9200udls-y-ms9600udls-incluye-base-en-guadalajara-jalisco\/"]}]},{"@type":"BreadcrumbList","@id":"https:\/\/www.securitydataandvideo.com\/inicio\/shop\/w-h355-fire-lite-detector-inalambrico-de-temperatura-fija-serie-swift-compatible-con-paneles-fire-lite-ms9200udls-y-ms9600udls-incluye-base-en-guadalajara-jalisco\/#breadcrumb","itemListElement":[{"@type":"ListItem","position":1,"name":"Inicio","item":"https:\/\/www.securitydataandvideo.com\/inicio\/"},{"@type":"ListItem","position":2,"name":"Shop","item":"https:\/\/www.securitydataandvideo.com\/inicio\/shop\/"},{"@type":"ListItem","position":3,"name":"W-H355 FIRE-LITE Detector Inal\u00e1mbrico de Temperatura Fija serie SWIFT Compatible con paneles Fire-Lite MS9200UDLS y MS9600UDLS. Incluye Base en Guadalajara Jalisco."}]},{"@type":"WebSite","@id":"https:\/\/www.securitydataandvideo.com\/inicio\/#website","url":"https:\/\/www.securitydataandvideo.com\/inicio\/","name":"Security Data &amp; Video SA de CV.","description":"Seguridad Electr\u00f3nica y Energ\u00eda","publisher":{"@id":"https:\/\/www.securitydataandvideo.com\/inicio\/#organization"},"potentialAction":[{"@type":"SearchAction","target":{"@type":"EntryPoint","urlTemplate":"https:\/\/www.securitydataandvideo.com\/inicio\/?s={search_term_string}"},"query-input":"required name=search_term_string"}],"inLanguage":"es-MX"},{"@type":"Organization","@id":"https:\/\/www.securitydataandvideo.com\/inicio\/#organization","name":"Security Data & Video SA de CV","url":"https:\/\/www.securitydataandvideo.com\/inicio\/","sameAs":[],"logo":{"@type":"ImageObject","inLanguage":"es-MX","@id":"https:\/\/www.securitydataandvideo.com\/inicio\/#\/schema\/logo\/image\/","url":"https:\/\/www.securitydataandvideo.com\/inicio\/wp-content\/uploads\/2021\/10\/Logo-Azul.png","contentUrl":"https:\/\/www.securitydataandvideo.com\/inicio\/wp-content\/uploads\/2021\/10\/Logo-Azul.png","width":555,"height":375,"caption":"Security Data & Video SA de CV"},"image":{"@id":"https:\/\/www.securitydataandvideo.com\/inicio\/#\/schema\/logo\/image\/"}}]}},"_links":{"self":[{"href":"https:\/\/www.securitydataandvideo.com\/inicio\/wp-json\/wp\/v2\/product\/16221"}],"collection":[{"href":"https:\/\/www.securitydataandvideo.com\/inicio\/wp-json\/wp\/v2\/product"}],"about":[{"href":"https:\/\/www.securitydataandvideo.com\/inicio\/wp-json\/wp\/v2\/types\/product"}],"wp:featuredmedia":[{"embeddable":true,"href":"https:\/\/www.securitydataandvideo.com\/inicio\/wp-json\/wp\/v2\/media\/16261"}],"wp:attachment":[{"href":"https:\/\/www.securitydataandvideo.com\/inicio\/wp-json\/wp\/v2\/media?parent=16221"}],"wp:term":[{"taxonomy":"product_cat","embeddable":true,"href":"https:\/\/www.securitydataandvideo.com\/inicio\/wp-json\/wp\/v2\/product_cat?post=16221"},{"taxonomy":"product_tag","embeddable":true,"href":"https:\/\/www.securitydataandvideo.com\/inicio\/wp-json\/wp\/v2\/product_tag?post=16221"}],"curies":[{"name":"wp","href":"https:\/\/api.w.org\/{rel}","templated":true}]}}