{"id":16223,"date":"2022-07-21T11:42:18","date_gmt":"2022-07-21T17:42:18","guid":{"rendered":"https:\/\/www.securitydataandvideo.com\/inicio\/?post_type=product&#038;p=16223"},"modified":"2022-07-21T11:43:22","modified_gmt":"2022-07-21T17:43:22","slug":"w-gate-fire-lite-puerta-de-enlace-inalambrico-para-recepcion-de-dispositivos-swift-de-fire-lite-en-guadalajara-jalisco","status":"publish","type":"product","link":"https:\/\/www.securitydataandvideo.com\/inicio\/shop\/w-gate-fire-lite-puerta-de-enlace-inalambrico-para-recepcion-de-dispositivos-swift-de-fire-lite-en-guadalajara-jalisco\/","title":{"rendered":"W-GATE  FIRE-LITE Puerta de Enlace Inal\u00e1mbrico para recepci\u00f3n de dispositivos SWIFT de Fire-Lite, en Guadalajara Jalisco."},"content":{"rendered":"<p>W-GATE FIRE-LITE Puerta de Enlace Inal\u00e1mbrico para recepci\u00f3n de dispositivos SWIFT de Fire-Lite, en Guadalajara Jalisco.<\/p>\n<p>W-GATE es la puerta de enlace inal\u00e1mbrica del sistema de alarma contra incendios que act\u00faa como un puente entre los paneles de control de alarma contra incendios (FACP) ES50X, ES200X y MS-9600(UD)LS y los dispositivos contra incendios inal\u00e1mbricos. La puerta de enlace inal\u00e1mbrica utiliza tecnolog\u00eda de red en malla para comunicarse con los dispositivos y ofrece gran confiabilidad para aplicaciones comerciales. La W-GATE se puede instalar en cualquier lugar en el SLC y es una soluci\u00f3n excelente para actualizaciones y aplicaciones \u201ccon cableado de dif\u00edcil instalaci\u00f3n\u201d. La W-GATE requiere un controlador W-DIS-D (controlador inal\u00e1mbrico de pantalla) y un ANN-80-W (anunciador ANN-80, blanco).<\/p>\n<ul>\n<li>Listado:\u00a0UL, FM y NFPA<\/li>\n<li>Tecnolog\u00eda de red inal\u00e1mbrica mallada en cascada (frecuencia de 902-928 MHz)<\/li>\n<li>El funcionamiento en malla proporciona una verificaci\u00f3n de rutas de comunicaci\u00f3n redundantes<\/li>\n<li>Se puede agregar cualquier dispositivo inal\u00e1mbrico para que funcione como un repetidor<\/li>\n<li>La puerta de enlace admite hasta 50 direcciones: 1 puerta de enlace inal\u00e1mbrica, 1 controlador de pantalla y 48 dispositivos inal\u00e1mbricos<\/li>\n<li>La puerta de enlace asume 3 direcciones del SLC en el FACP (no incluye dispositivos inal\u00e1mbricos)<\/li>\n<li>Se pueden instalar hasta 4 redes inal\u00e1mbricas con cobertura de red de radio superpuesta<\/li>\n<li>La funci\u00f3n de inspecci\u00f3n de sitio permite evaluar un sitio antes de la instalaci\u00f3n.<\/li>\n<\/ul>\n<p>&nbsp;<\/p>\n","protected":false},"excerpt":{"rendered":"<p><strong> W-GATE FIRE-LITE Puerta de Enlace Inal\u00e1mbrico para recepci\u00f3n de dispositivos SWIFT de Fire-Lite, en Guadalajara Jalisco.<\/strong><\/p>\n","protected":false},"featured_media":16263,"template":"","meta":{"site-sidebar-layout":"","site-content-layout":"","ast-site-content-layout":"","site-content-style":"default","site-sidebar-style":"default","ast-global-header-display":"","ast-banner-title-visibility":"","ast-main-header-display":"","ast-hfb-above-header-display":"","ast-hfb-below-header-display":"","ast-hfb-mobile-header-display":"","site-post-title":"","ast-breadcrumbs-content":"","ast-featured-img":"","footer-sml-layout":"","theme-transparent-header-meta":"","adv-header-id-meta":"","stick-header-meta":"","header-above-stick-meta":"","header-main-stick-meta":"","header-below-stick-meta":"","astra-migrate-meta-layouts":""},"product_cat":[329],"product_tag":[328],"yoast_head":"<!-- This site is optimized with the Yoast SEO plugin v19.5.1 - https:\/\/yoast.com\/wordpress\/plugins\/seo\/ -->\n<title>W-GATE FIRE-LITE Puerta de Enlace Inal\u00e1mbrico para recepci\u00f3n<\/title>\n<meta name=\"description\" content=\"Security Data &amp; Video SA de CV. W-GATE FIRE-LITE Puerta de Enlace Inal\u00e1mbrico para recepci\u00f3n de dispositivos SWIFT de Fire-Lite, en Guadalajara Jalisco.\" \/>\n<meta name=\"robots\" content=\"index, follow, max-snippet:-1, max-image-preview:large, max-video-preview:-1\" \/>\n<link rel=\"canonical\" href=\"https:\/\/www.securitydataandvideo.com\/inicio\/shop\/w-gate-fire-lite-puerta-de-enlace-inalambrico-para-recepcion-de-dispositivos-swift-de-fire-lite-en-guadalajara-jalisco\/\" \/>\n<meta property=\"og:locale\" content=\"es_MX\" \/>\n<meta property=\"og:type\" content=\"article\" \/>\n<meta property=\"og:title\" content=\"W-GATE FIRE-LITE Puerta de Enlace Inal\u00e1mbrico para recepci\u00f3n\" \/>\n<meta property=\"og:description\" content=\"Security Data &amp; Video SA de CV. W-GATE FIRE-LITE Puerta de Enlace Inal\u00e1mbrico para recepci\u00f3n de dispositivos SWIFT de Fire-Lite, en Guadalajara Jalisco.\" \/>\n<meta property=\"og:url\" content=\"https:\/\/www.securitydataandvideo.com\/inicio\/shop\/w-gate-fire-lite-puerta-de-enlace-inalambrico-para-recepcion-de-dispositivos-swift-de-fire-lite-en-guadalajara-jalisco\/\" \/>\n<meta property=\"og:site_name\" content=\"Security Data &amp; Video SA de CV.\" \/>\n<meta property=\"article:modified_time\" content=\"2022-07-21T17:43:22+00:00\" \/>\n<meta property=\"og:image\" content=\"https:\/\/www.securitydataandvideo.com\/inicio\/wp-content\/uploads\/2022\/07\/W-GATE-FIRE-LITE-Puerta-de-Enlace-Inalambrico-para-recepcion-de-dispositivos-SWIFT-de-Fire-Lite-en-Guadalajara-Jalisco..jpg\" \/>\n\t<meta property=\"og:image:width\" content=\"400\" \/>\n\t<meta property=\"og:image:height\" content=\"400\" \/>\n\t<meta property=\"og:image:type\" content=\"image\/jpeg\" \/>\n<meta name=\"twitter:card\" content=\"summary\" \/>\n<meta name=\"twitter:label1\" content=\"Tiempo de lectura\" \/>\n\t<meta name=\"twitter:data1\" content=\"1 minuto\" \/>\n<script type=\"application\/ld+json\" class=\"yoast-schema-graph\">{\"@context\":\"https:\/\/schema.org\",\"@graph\":[{\"@type\":\"WebPage\",\"@id\":\"https:\/\/www.securitydataandvideo.com\/inicio\/shop\/w-gate-fire-lite-puerta-de-enlace-inalambrico-para-recepcion-de-dispositivos-swift-de-fire-lite-en-guadalajara-jalisco\/\",\"url\":\"https:\/\/www.securitydataandvideo.com\/inicio\/shop\/w-gate-fire-lite-puerta-de-enlace-inalambrico-para-recepcion-de-dispositivos-swift-de-fire-lite-en-guadalajara-jalisco\/\",\"name\":\"W-GATE FIRE-LITE Puerta de Enlace Inal\u00e1mbrico para recepci\u00f3n\",\"isPartOf\":{\"@id\":\"https:\/\/www.securitydataandvideo.com\/inicio\/#website\"},\"datePublished\":\"2022-07-21T17:42:18+00:00\",\"dateModified\":\"2022-07-21T17:43:22+00:00\",\"description\":\"Security Data &amp; Video SA de CV. W-GATE FIRE-LITE Puerta de Enlace Inal\u00e1mbrico para recepci\u00f3n de dispositivos SWIFT de Fire-Lite, en Guadalajara Jalisco.\",\"breadcrumb\":{\"@id\":\"https:\/\/www.securitydataandvideo.com\/inicio\/shop\/w-gate-fire-lite-puerta-de-enlace-inalambrico-para-recepcion-de-dispositivos-swift-de-fire-lite-en-guadalajara-jalisco\/#breadcrumb\"},\"inLanguage\":\"es-MX\",\"potentialAction\":[{\"@type\":\"ReadAction\",\"target\":[\"https:\/\/www.securitydataandvideo.com\/inicio\/shop\/w-gate-fire-lite-puerta-de-enlace-inalambrico-para-recepcion-de-dispositivos-swift-de-fire-lite-en-guadalajara-jalisco\/\"]}]},{\"@type\":\"BreadcrumbList\",\"@id\":\"https:\/\/www.securitydataandvideo.com\/inicio\/shop\/w-gate-fire-lite-puerta-de-enlace-inalambrico-para-recepcion-de-dispositivos-swift-de-fire-lite-en-guadalajara-jalisco\/#breadcrumb\",\"itemListElement\":[{\"@type\":\"ListItem\",\"position\":1,\"name\":\"Inicio\",\"item\":\"https:\/\/www.securitydataandvideo.com\/inicio\/\"},{\"@type\":\"ListItem\",\"position\":2,\"name\":\"Shop\",\"item\":\"https:\/\/www.securitydataandvideo.com\/inicio\/shop\/\"},{\"@type\":\"ListItem\",\"position\":3,\"name\":\"W-GATE FIRE-LITE Puerta de Enlace Inal\u00e1mbrico para recepci\u00f3n de dispositivos SWIFT de Fire-Lite, en Guadalajara Jalisco.\"}]},{\"@type\":\"WebSite\",\"@id\":\"https:\/\/www.securitydataandvideo.com\/inicio\/#website\",\"url\":\"https:\/\/www.securitydataandvideo.com\/inicio\/\",\"name\":\"Security Data &amp; Video SA de CV.\",\"description\":\"Seguridad Electr\u00f3nica y Energ\u00eda\",\"publisher\":{\"@id\":\"https:\/\/www.securitydataandvideo.com\/inicio\/#organization\"},\"potentialAction\":[{\"@type\":\"SearchAction\",\"target\":{\"@type\":\"EntryPoint\",\"urlTemplate\":\"https:\/\/www.securitydataandvideo.com\/inicio\/?s={search_term_string}\"},\"query-input\":\"required name=search_term_string\"}],\"inLanguage\":\"es-MX\"},{\"@type\":\"Organization\",\"@id\":\"https:\/\/www.securitydataandvideo.com\/inicio\/#organization\",\"name\":\"Security Data & Video SA de CV\",\"url\":\"https:\/\/www.securitydataandvideo.com\/inicio\/\",\"sameAs\":[],\"logo\":{\"@type\":\"ImageObject\",\"inLanguage\":\"es-MX\",\"@id\":\"https:\/\/www.securitydataandvideo.com\/inicio\/#\/schema\/logo\/image\/\",\"url\":\"https:\/\/www.securitydataandvideo.com\/inicio\/wp-content\/uploads\/2021\/10\/Logo-Azul.png\",\"contentUrl\":\"https:\/\/www.securitydataandvideo.com\/inicio\/wp-content\/uploads\/2021\/10\/Logo-Azul.png\",\"width\":555,\"height\":375,\"caption\":\"Security Data & Video SA de CV\"},\"image\":{\"@id\":\"https:\/\/www.securitydataandvideo.com\/inicio\/#\/schema\/logo\/image\/\"}}]}<\/script>\n<!-- \/ Yoast SEO plugin. -->","yoast_head_json":{"title":"W-GATE FIRE-LITE Puerta de Enlace Inal\u00e1mbrico para recepci\u00f3n","description":"Security Data &amp; Video SA de CV. W-GATE FIRE-LITE Puerta de Enlace Inal\u00e1mbrico para recepci\u00f3n de dispositivos SWIFT de Fire-Lite, en Guadalajara Jalisco.","robots":{"index":"index","follow":"follow","max-snippet":"max-snippet:-1","max-image-preview":"max-image-preview:large","max-video-preview":"max-video-preview:-1"},"canonical":"https:\/\/www.securitydataandvideo.com\/inicio\/shop\/w-gate-fire-lite-puerta-de-enlace-inalambrico-para-recepcion-de-dispositivos-swift-de-fire-lite-en-guadalajara-jalisco\/","og_locale":"es_MX","og_type":"article","og_title":"W-GATE FIRE-LITE Puerta de Enlace Inal\u00e1mbrico para recepci\u00f3n","og_description":"Security Data &amp; Video SA de CV. W-GATE FIRE-LITE Puerta de Enlace Inal\u00e1mbrico para recepci\u00f3n de dispositivos SWIFT de Fire-Lite, en Guadalajara Jalisco.","og_url":"https:\/\/www.securitydataandvideo.com\/inicio\/shop\/w-gate-fire-lite-puerta-de-enlace-inalambrico-para-recepcion-de-dispositivos-swift-de-fire-lite-en-guadalajara-jalisco\/","og_site_name":"Security Data &amp; Video SA de CV.","article_modified_time":"2022-07-21T17:43:22+00:00","og_image":[{"width":400,"height":400,"url":"https:\/\/www.securitydataandvideo.com\/inicio\/wp-content\/uploads\/2022\/07\/W-GATE-FIRE-LITE-Puerta-de-Enlace-Inalambrico-para-recepcion-de-dispositivos-SWIFT-de-Fire-Lite-en-Guadalajara-Jalisco..jpg","type":"image\/jpeg"}],"twitter_card":"summary","twitter_misc":{"Tiempo de lectura":"1 minuto"},"schema":{"@context":"https:\/\/schema.org","@graph":[{"@type":"WebPage","@id":"https:\/\/www.securitydataandvideo.com\/inicio\/shop\/w-gate-fire-lite-puerta-de-enlace-inalambrico-para-recepcion-de-dispositivos-swift-de-fire-lite-en-guadalajara-jalisco\/","url":"https:\/\/www.securitydataandvideo.com\/inicio\/shop\/w-gate-fire-lite-puerta-de-enlace-inalambrico-para-recepcion-de-dispositivos-swift-de-fire-lite-en-guadalajara-jalisco\/","name":"W-GATE FIRE-LITE Puerta de Enlace Inal\u00e1mbrico para recepci\u00f3n","isPartOf":{"@id":"https:\/\/www.securitydataandvideo.com\/inicio\/#website"},"datePublished":"2022-07-21T17:42:18+00:00","dateModified":"2022-07-21T17:43:22+00:00","description":"Security Data &amp; Video SA de CV. W-GATE FIRE-LITE Puerta de Enlace Inal\u00e1mbrico para recepci\u00f3n de dispositivos SWIFT de Fire-Lite, en Guadalajara Jalisco.","breadcrumb":{"@id":"https:\/\/www.securitydataandvideo.com\/inicio\/shop\/w-gate-fire-lite-puerta-de-enlace-inalambrico-para-recepcion-de-dispositivos-swift-de-fire-lite-en-guadalajara-jalisco\/#breadcrumb"},"inLanguage":"es-MX","potentialAction":[{"@type":"ReadAction","target":["https:\/\/www.securitydataandvideo.com\/inicio\/shop\/w-gate-fire-lite-puerta-de-enlace-inalambrico-para-recepcion-de-dispositivos-swift-de-fire-lite-en-guadalajara-jalisco\/"]}]},{"@type":"BreadcrumbList","@id":"https:\/\/www.securitydataandvideo.com\/inicio\/shop\/w-gate-fire-lite-puerta-de-enlace-inalambrico-para-recepcion-de-dispositivos-swift-de-fire-lite-en-guadalajara-jalisco\/#breadcrumb","itemListElement":[{"@type":"ListItem","position":1,"name":"Inicio","item":"https:\/\/www.securitydataandvideo.com\/inicio\/"},{"@type":"ListItem","position":2,"name":"Shop","item":"https:\/\/www.securitydataandvideo.com\/inicio\/shop\/"},{"@type":"ListItem","position":3,"name":"W-GATE FIRE-LITE Puerta de Enlace Inal\u00e1mbrico para recepci\u00f3n de dispositivos SWIFT de Fire-Lite, en Guadalajara Jalisco."}]},{"@type":"WebSite","@id":"https:\/\/www.securitydataandvideo.com\/inicio\/#website","url":"https:\/\/www.securitydataandvideo.com\/inicio\/","name":"Security Data &amp; Video SA de CV.","description":"Seguridad Electr\u00f3nica y Energ\u00eda","publisher":{"@id":"https:\/\/www.securitydataandvideo.com\/inicio\/#organization"},"potentialAction":[{"@type":"SearchAction","target":{"@type":"EntryPoint","urlTemplate":"https:\/\/www.securitydataandvideo.com\/inicio\/?s={search_term_string}"},"query-input":"required name=search_term_string"}],"inLanguage":"es-MX"},{"@type":"Organization","@id":"https:\/\/www.securitydataandvideo.com\/inicio\/#organization","name":"Security Data & Video SA de CV","url":"https:\/\/www.securitydataandvideo.com\/inicio\/","sameAs":[],"logo":{"@type":"ImageObject","inLanguage":"es-MX","@id":"https:\/\/www.securitydataandvideo.com\/inicio\/#\/schema\/logo\/image\/","url":"https:\/\/www.securitydataandvideo.com\/inicio\/wp-content\/uploads\/2021\/10\/Logo-Azul.png","contentUrl":"https:\/\/www.securitydataandvideo.com\/inicio\/wp-content\/uploads\/2021\/10\/Logo-Azul.png","width":555,"height":375,"caption":"Security Data & Video SA de CV"},"image":{"@id":"https:\/\/www.securitydataandvideo.com\/inicio\/#\/schema\/logo\/image\/"}}]}},"_links":{"self":[{"href":"https:\/\/www.securitydataandvideo.com\/inicio\/wp-json\/wp\/v2\/product\/16223"}],"collection":[{"href":"https:\/\/www.securitydataandvideo.com\/inicio\/wp-json\/wp\/v2\/product"}],"about":[{"href":"https:\/\/www.securitydataandvideo.com\/inicio\/wp-json\/wp\/v2\/types\/product"}],"wp:featuredmedia":[{"embeddable":true,"href":"https:\/\/www.securitydataandvideo.com\/inicio\/wp-json\/wp\/v2\/media\/16263"}],"wp:attachment":[{"href":"https:\/\/www.securitydataandvideo.com\/inicio\/wp-json\/wp\/v2\/media?parent=16223"}],"wp:term":[{"taxonomy":"product_cat","embeddable":true,"href":"https:\/\/www.securitydataandvideo.com\/inicio\/wp-json\/wp\/v2\/product_cat?post=16223"},{"taxonomy":"product_tag","embeddable":true,"href":"https:\/\/www.securitydataandvideo.com\/inicio\/wp-json\/wp\/v2\/product_tag?post=16223"}],"curies":[{"name":"wp","href":"https:\/\/api.w.org\/{rel}","templated":true}]}}