{"id":16224,"date":"2022-07-21T11:42:19","date_gmt":"2022-07-21T17:42:19","guid":{"rendered":"https:\/\/www.securitydataandvideo.com\/inicio\/?post_type=product&#038;p=16224"},"modified":"2022-07-21T11:43:30","modified_gmt":"2022-07-21T17:43:30","slug":"h365-r-fire-lite-sensor-termico-de-tasa-de-crecimiento-direccionable-para-sistemas-de-deteccion-de-incendio-fire-lite-color-blanco-en-guadalajara-jalisco","status":"publish","type":"product","link":"https:\/\/www.securitydataandvideo.com\/inicio\/shop\/h365-r-fire-lite-sensor-termico-de-tasa-de-crecimiento-direccionable-para-sistemas-de-deteccion-de-incendio-fire-lite-color-blanco-en-guadalajara-jalisco\/","title":{"rendered":"H365-R  FIRE-LITE Sensor Termico De Tasa De Crecimiento Direccionable para sistemas de deteccion de incendio FIRE LITE Color Blanco en Guadalajara Jalisco."},"content":{"rendered":"<p><strong>H365-R FIRE-LITE Sensor Termico De Tasa De Crecimiento Direccionable para sistemas de deteccion de incendio FIRE LITE Color Blanco en Guadalajara Jalisco.<\/strong><\/p>\n<p>El detector t\u00e9rmico direccionable H-365r est\u00e1 dise\u00f1ado tanto para el rendimiento como para la est\u00e9tica. Un nuevo dise\u00f1o moderno, elegante, contempor\u00e1neo y tecnolog\u00edas t\u00e9rmicas avanzadas hacen que el H-365 sea ideal tanto por funcionamiento como por dise\u00f1o.\u00a0Sensores inteligentes programables que utilizan un termistor de \u00faltima generaci\u00f3n. <span lang=\"es\" tabindex=\"0\">Circuito de detecci\u00f3n para respuesta r\u00e1pida. Estos sensores est\u00e1n dise\u00f1ados para proporcionar abierto protecci\u00f3n de \u00e1rea con capacidad de espacio de 50 pies seg\u00fan lo aprobado por UL 521.<\/span><\/p>\n<p>Listados y aprobaciones: UL, ULC, FM y CSFM<\/p>\n<p>Elegante dise\u00f1o de bajo perfil<\/p>\n<p>Tecnolog\u00eda de termistores de \u00faltima generaci\u00f3n para una respuesta r\u00e1pida<\/p>\n<p>Tecnolog\u00eda de identificaci\u00f3n de tipo de dispositivo integrada.<\/p>\n<p>Caracter\u00edstica a prueba de manipulaci\u00f3n (tamper) incorporada<\/p>\n<p>Color blanco<\/p>\n<p>Incluye base de montaje de 6&#8243;<\/p>\n<p>Compatible con MS9200, ES50X, ES200X, MS9600<\/p>\n<p>*No compatible con MS9050<\/p>\n","protected":false},"excerpt":{"rendered":"<p><strong>H365-R FIRE-LITE Sensor Termico De Tasa De Crecimiento Direccionable para sistemas de deteccion de incendio FIRE LITE Color Blanco en Guadalajara Jalisco.<\/strong><\/p>\n","protected":false},"featured_media":16275,"template":"","meta":{"site-sidebar-layout":"","site-content-layout":"","ast-site-content-layout":"","site-content-style":"default","site-sidebar-style":"default","ast-global-header-display":"","ast-banner-title-visibility":"","ast-main-header-display":"","ast-hfb-above-header-display":"","ast-hfb-below-header-display":"","ast-hfb-mobile-header-display":"","site-post-title":"","ast-breadcrumbs-content":"","ast-featured-img":"","footer-sml-layout":"","theme-transparent-header-meta":"","adv-header-id-meta":"","stick-header-meta":"","header-above-stick-meta":"","header-main-stick-meta":"","header-below-stick-meta":"","astra-migrate-meta-layouts":""},"product_cat":[329],"product_tag":[328],"yoast_head":"<!-- This site is optimized with the Yoast SEO plugin v19.5.1 - https:\/\/yoast.com\/wordpress\/plugins\/seo\/ -->\n<title>H365-R FIRE-LITE Sensor Termico De Tasa De Crecimiento Direccionable<\/title>\n<meta name=\"description\" content=\"Security Data &amp; Video SA de CV. H365-R FIRE-LITE Sensor Termico De Tasa De Crecimiento Direccionable para sistemas de deteccion de incendio FIRE LITE Color Blanco en Guadalajara Jalisco.\" \/>\n<meta name=\"robots\" content=\"index, follow, max-snippet:-1, max-image-preview:large, max-video-preview:-1\" \/>\n<link rel=\"canonical\" href=\"https:\/\/www.securitydataandvideo.com\/inicio\/shop\/h365-r-fire-lite-sensor-termico-de-tasa-de-crecimiento-direccionable-para-sistemas-de-deteccion-de-incendio-fire-lite-color-blanco-en-guadalajara-jalisco\/\" \/>\n<meta property=\"og:locale\" content=\"es_MX\" \/>\n<meta property=\"og:type\" content=\"article\" \/>\n<meta property=\"og:title\" content=\"H365-R FIRE-LITE Sensor Termico De Tasa De Crecimiento Direccionable\" \/>\n<meta property=\"og:description\" content=\"Security Data &amp; Video SA de CV. H365-R FIRE-LITE Sensor Termico De Tasa De Crecimiento Direccionable para sistemas de deteccion de incendio FIRE LITE Color Blanco en Guadalajara Jalisco.\" \/>\n<meta property=\"og:url\" content=\"https:\/\/www.securitydataandvideo.com\/inicio\/shop\/h365-r-fire-lite-sensor-termico-de-tasa-de-crecimiento-direccionable-para-sistemas-de-deteccion-de-incendio-fire-lite-color-blanco-en-guadalajara-jalisco\/\" \/>\n<meta property=\"og:site_name\" content=\"Security Data &amp; Video SA de CV.\" \/>\n<meta property=\"article:modified_time\" content=\"2022-07-21T17:43:30+00:00\" \/>\n<meta property=\"og:image\" content=\"https:\/\/www.securitydataandvideo.com\/inicio\/wp-content\/uploads\/2022\/07\/H365-R-FIRE-LITE-Sensor-Termico-De-Tasa-De-Crecimiento-Direccionable-Color-Blanco-en-Guadalajara-Jalisco..png\" \/>\n\t<meta property=\"og:image:width\" content=\"400\" \/>\n\t<meta property=\"og:image:height\" content=\"400\" \/>\n\t<meta property=\"og:image:type\" content=\"image\/png\" \/>\n<meta name=\"twitter:card\" content=\"summary\" \/>\n<meta name=\"twitter:label1\" content=\"Tiempo de lectura\" \/>\n\t<meta name=\"twitter:data1\" content=\"1 minuto\" \/>\n<script type=\"application\/ld+json\" class=\"yoast-schema-graph\">{\"@context\":\"https:\/\/schema.org\",\"@graph\":[{\"@type\":\"WebPage\",\"@id\":\"https:\/\/www.securitydataandvideo.com\/inicio\/shop\/h365-r-fire-lite-sensor-termico-de-tasa-de-crecimiento-direccionable-para-sistemas-de-deteccion-de-incendio-fire-lite-color-blanco-en-guadalajara-jalisco\/\",\"url\":\"https:\/\/www.securitydataandvideo.com\/inicio\/shop\/h365-r-fire-lite-sensor-termico-de-tasa-de-crecimiento-direccionable-para-sistemas-de-deteccion-de-incendio-fire-lite-color-blanco-en-guadalajara-jalisco\/\",\"name\":\"H365-R FIRE-LITE Sensor Termico De Tasa De Crecimiento Direccionable\",\"isPartOf\":{\"@id\":\"https:\/\/www.securitydataandvideo.com\/inicio\/#website\"},\"datePublished\":\"2022-07-21T17:42:19+00:00\",\"dateModified\":\"2022-07-21T17:43:30+00:00\",\"description\":\"Security Data &amp; Video SA de CV. H365-R FIRE-LITE Sensor Termico De Tasa De Crecimiento Direccionable para sistemas de deteccion de incendio FIRE LITE Color Blanco en Guadalajara Jalisco.\",\"breadcrumb\":{\"@id\":\"https:\/\/www.securitydataandvideo.com\/inicio\/shop\/h365-r-fire-lite-sensor-termico-de-tasa-de-crecimiento-direccionable-para-sistemas-de-deteccion-de-incendio-fire-lite-color-blanco-en-guadalajara-jalisco\/#breadcrumb\"},\"inLanguage\":\"es-MX\",\"potentialAction\":[{\"@type\":\"ReadAction\",\"target\":[\"https:\/\/www.securitydataandvideo.com\/inicio\/shop\/h365-r-fire-lite-sensor-termico-de-tasa-de-crecimiento-direccionable-para-sistemas-de-deteccion-de-incendio-fire-lite-color-blanco-en-guadalajara-jalisco\/\"]}]},{\"@type\":\"BreadcrumbList\",\"@id\":\"https:\/\/www.securitydataandvideo.com\/inicio\/shop\/h365-r-fire-lite-sensor-termico-de-tasa-de-crecimiento-direccionable-para-sistemas-de-deteccion-de-incendio-fire-lite-color-blanco-en-guadalajara-jalisco\/#breadcrumb\",\"itemListElement\":[{\"@type\":\"ListItem\",\"position\":1,\"name\":\"Inicio\",\"item\":\"https:\/\/www.securitydataandvideo.com\/inicio\/\"},{\"@type\":\"ListItem\",\"position\":2,\"name\":\"Shop\",\"item\":\"https:\/\/www.securitydataandvideo.com\/inicio\/shop\/\"},{\"@type\":\"ListItem\",\"position\":3,\"name\":\"H365-R FIRE-LITE Sensor Termico De Tasa De Crecimiento Direccionable para sistemas de deteccion de incendio FIRE LITE Color Blanco en Guadalajara Jalisco.\"}]},{\"@type\":\"WebSite\",\"@id\":\"https:\/\/www.securitydataandvideo.com\/inicio\/#website\",\"url\":\"https:\/\/www.securitydataandvideo.com\/inicio\/\",\"name\":\"Security Data &amp; Video SA de CV.\",\"description\":\"Seguridad Electr\u00f3nica y Energ\u00eda\",\"publisher\":{\"@id\":\"https:\/\/www.securitydataandvideo.com\/inicio\/#organization\"},\"potentialAction\":[{\"@type\":\"SearchAction\",\"target\":{\"@type\":\"EntryPoint\",\"urlTemplate\":\"https:\/\/www.securitydataandvideo.com\/inicio\/?s={search_term_string}\"},\"query-input\":\"required name=search_term_string\"}],\"inLanguage\":\"es-MX\"},{\"@type\":\"Organization\",\"@id\":\"https:\/\/www.securitydataandvideo.com\/inicio\/#organization\",\"name\":\"Security Data & Video SA de CV\",\"url\":\"https:\/\/www.securitydataandvideo.com\/inicio\/\",\"sameAs\":[],\"logo\":{\"@type\":\"ImageObject\",\"inLanguage\":\"es-MX\",\"@id\":\"https:\/\/www.securitydataandvideo.com\/inicio\/#\/schema\/logo\/image\/\",\"url\":\"https:\/\/www.securitydataandvideo.com\/inicio\/wp-content\/uploads\/2021\/10\/Logo-Azul.png\",\"contentUrl\":\"https:\/\/www.securitydataandvideo.com\/inicio\/wp-content\/uploads\/2021\/10\/Logo-Azul.png\",\"width\":555,\"height\":375,\"caption\":\"Security Data & Video SA de CV\"},\"image\":{\"@id\":\"https:\/\/www.securitydataandvideo.com\/inicio\/#\/schema\/logo\/image\/\"}}]}<\/script>\n<!-- \/ Yoast SEO plugin. -->","yoast_head_json":{"title":"H365-R FIRE-LITE Sensor Termico De Tasa De Crecimiento Direccionable","description":"Security Data &amp; Video SA de CV. H365-R FIRE-LITE Sensor Termico De Tasa De Crecimiento Direccionable para sistemas de deteccion de incendio FIRE LITE Color Blanco en Guadalajara Jalisco.","robots":{"index":"index","follow":"follow","max-snippet":"max-snippet:-1","max-image-preview":"max-image-preview:large","max-video-preview":"max-video-preview:-1"},"canonical":"https:\/\/www.securitydataandvideo.com\/inicio\/shop\/h365-r-fire-lite-sensor-termico-de-tasa-de-crecimiento-direccionable-para-sistemas-de-deteccion-de-incendio-fire-lite-color-blanco-en-guadalajara-jalisco\/","og_locale":"es_MX","og_type":"article","og_title":"H365-R FIRE-LITE Sensor Termico De Tasa De Crecimiento Direccionable","og_description":"Security Data &amp; Video SA de CV. H365-R FIRE-LITE Sensor Termico De Tasa De Crecimiento Direccionable para sistemas de deteccion de incendio FIRE LITE Color Blanco en Guadalajara Jalisco.","og_url":"https:\/\/www.securitydataandvideo.com\/inicio\/shop\/h365-r-fire-lite-sensor-termico-de-tasa-de-crecimiento-direccionable-para-sistemas-de-deteccion-de-incendio-fire-lite-color-blanco-en-guadalajara-jalisco\/","og_site_name":"Security Data &amp; Video SA de CV.","article_modified_time":"2022-07-21T17:43:30+00:00","og_image":[{"width":400,"height":400,"url":"https:\/\/www.securitydataandvideo.com\/inicio\/wp-content\/uploads\/2022\/07\/H365-R-FIRE-LITE-Sensor-Termico-De-Tasa-De-Crecimiento-Direccionable-Color-Blanco-en-Guadalajara-Jalisco..png","type":"image\/png"}],"twitter_card":"summary","twitter_misc":{"Tiempo de lectura":"1 minuto"},"schema":{"@context":"https:\/\/schema.org","@graph":[{"@type":"WebPage","@id":"https:\/\/www.securitydataandvideo.com\/inicio\/shop\/h365-r-fire-lite-sensor-termico-de-tasa-de-crecimiento-direccionable-para-sistemas-de-deteccion-de-incendio-fire-lite-color-blanco-en-guadalajara-jalisco\/","url":"https:\/\/www.securitydataandvideo.com\/inicio\/shop\/h365-r-fire-lite-sensor-termico-de-tasa-de-crecimiento-direccionable-para-sistemas-de-deteccion-de-incendio-fire-lite-color-blanco-en-guadalajara-jalisco\/","name":"H365-R FIRE-LITE Sensor Termico De Tasa De Crecimiento Direccionable","isPartOf":{"@id":"https:\/\/www.securitydataandvideo.com\/inicio\/#website"},"datePublished":"2022-07-21T17:42:19+00:00","dateModified":"2022-07-21T17:43:30+00:00","description":"Security Data &amp; Video SA de CV. H365-R FIRE-LITE Sensor Termico De Tasa De Crecimiento Direccionable para sistemas de deteccion de incendio FIRE LITE Color Blanco en Guadalajara Jalisco.","breadcrumb":{"@id":"https:\/\/www.securitydataandvideo.com\/inicio\/shop\/h365-r-fire-lite-sensor-termico-de-tasa-de-crecimiento-direccionable-para-sistemas-de-deteccion-de-incendio-fire-lite-color-blanco-en-guadalajara-jalisco\/#breadcrumb"},"inLanguage":"es-MX","potentialAction":[{"@type":"ReadAction","target":["https:\/\/www.securitydataandvideo.com\/inicio\/shop\/h365-r-fire-lite-sensor-termico-de-tasa-de-crecimiento-direccionable-para-sistemas-de-deteccion-de-incendio-fire-lite-color-blanco-en-guadalajara-jalisco\/"]}]},{"@type":"BreadcrumbList","@id":"https:\/\/www.securitydataandvideo.com\/inicio\/shop\/h365-r-fire-lite-sensor-termico-de-tasa-de-crecimiento-direccionable-para-sistemas-de-deteccion-de-incendio-fire-lite-color-blanco-en-guadalajara-jalisco\/#breadcrumb","itemListElement":[{"@type":"ListItem","position":1,"name":"Inicio","item":"https:\/\/www.securitydataandvideo.com\/inicio\/"},{"@type":"ListItem","position":2,"name":"Shop","item":"https:\/\/www.securitydataandvideo.com\/inicio\/shop\/"},{"@type":"ListItem","position":3,"name":"H365-R FIRE-LITE Sensor Termico De Tasa De Crecimiento Direccionable para sistemas de deteccion de incendio FIRE LITE Color Blanco en Guadalajara Jalisco."}]},{"@type":"WebSite","@id":"https:\/\/www.securitydataandvideo.com\/inicio\/#website","url":"https:\/\/www.securitydataandvideo.com\/inicio\/","name":"Security Data &amp; Video SA de CV.","description":"Seguridad Electr\u00f3nica y Energ\u00eda","publisher":{"@id":"https:\/\/www.securitydataandvideo.com\/inicio\/#organization"},"potentialAction":[{"@type":"SearchAction","target":{"@type":"EntryPoint","urlTemplate":"https:\/\/www.securitydataandvideo.com\/inicio\/?s={search_term_string}"},"query-input":"required name=search_term_string"}],"inLanguage":"es-MX"},{"@type":"Organization","@id":"https:\/\/www.securitydataandvideo.com\/inicio\/#organization","name":"Security Data & Video SA de CV","url":"https:\/\/www.securitydataandvideo.com\/inicio\/","sameAs":[],"logo":{"@type":"ImageObject","inLanguage":"es-MX","@id":"https:\/\/www.securitydataandvideo.com\/inicio\/#\/schema\/logo\/image\/","url":"https:\/\/www.securitydataandvideo.com\/inicio\/wp-content\/uploads\/2021\/10\/Logo-Azul.png","contentUrl":"https:\/\/www.securitydataandvideo.com\/inicio\/wp-content\/uploads\/2021\/10\/Logo-Azul.png","width":555,"height":375,"caption":"Security Data & Video SA de CV"},"image":{"@id":"https:\/\/www.securitydataandvideo.com\/inicio\/#\/schema\/logo\/image\/"}}]}},"_links":{"self":[{"href":"https:\/\/www.securitydataandvideo.com\/inicio\/wp-json\/wp\/v2\/product\/16224"}],"collection":[{"href":"https:\/\/www.securitydataandvideo.com\/inicio\/wp-json\/wp\/v2\/product"}],"about":[{"href":"https:\/\/www.securitydataandvideo.com\/inicio\/wp-json\/wp\/v2\/types\/product"}],"wp:featuredmedia":[{"embeddable":true,"href":"https:\/\/www.securitydataandvideo.com\/inicio\/wp-json\/wp\/v2\/media\/16275"}],"wp:attachment":[{"href":"https:\/\/www.securitydataandvideo.com\/inicio\/wp-json\/wp\/v2\/media?parent=16224"}],"wp:term":[{"taxonomy":"product_cat","embeddable":true,"href":"https:\/\/www.securitydataandvideo.com\/inicio\/wp-json\/wp\/v2\/product_cat?post=16224"},{"taxonomy":"product_tag","embeddable":true,"href":"https:\/\/www.securitydataandvideo.com\/inicio\/wp-json\/wp\/v2\/product_tag?post=16224"}],"curies":[{"name":"wp","href":"https:\/\/api.w.org\/{rel}","templated":true}]}}