{"id":16227,"date":"2022-07-21T11:42:19","date_gmt":"2022-07-21T17:42:19","guid":{"rendered":"https:\/\/www.securitydataandvideo.com\/inicio\/?post_type=product&#038;p=16227"},"modified":"2022-07-21T11:43:38","modified_gmt":"2022-07-21T17:43:38","slug":"p2rl-sp-system-sensor-sirena-con-lampara-estroboscopica-a-2-hilos-montaje-en-pared-color-rojo-configuracion-estroboscopica-seleccionable-y-texto-en-espanol-nuevo-diseno-moderno-y-elegante-y-menor","status":"publish","type":"product","link":"https:\/\/www.securitydataandvideo.com\/inicio\/shop\/p2rl-sp-system-sensor-sirena-con-lampara-estroboscopica-a-2-hilos-montaje-en-pared-color-rojo-configuracion-estroboscopica-seleccionable-y-texto-en-espanol-nuevo-diseno-moderno-y-elegante-y-menor\/","title":{"rendered":"P2RL-SP SYSTEM SENSOR Sirena con L\u00e1mpara Estrobosc\u00f3pica a 2 Hilos, Montaje en Pared, Color Rojo, Configuraci\u00f3n Estrobosc\u00f3pica Seleccionable y Texto en Espa\u00f1ol, Nuevo Dise\u00f1o Moderno y Elegante y Menor Consumo de Corriente en guadalajara jalisco."},"content":{"rendered":"<p><strong>P2RL-SP SYSTEM SENSOR Sirena con L\u00e1mpara Estrobosc\u00f3pica a 2 Hilos, Montaje en Pared, Color Rojo, Configuraci\u00f3n Estrobosc\u00f3pica Seleccionable y Texto en Espa\u00f1ol, Nuevo Dise\u00f1o Moderno y Elegante y Menor Consumo de Corriente en guadalajara jalisco.<\/strong><\/p>\n<p><strong>Simplificaci\u00f3n al momento de ordenar<\/strong><\/p>\n<ul>\n<li>Versi\u00f3n \u00fanica con amplia gama de oferta de candela, que abarca est\u00e1ndar y alta candela<\/li>\n<\/ul>\n<p><strong>Caracteristicas:<\/strong><\/p>\n<ul>\n<li>Est\u00e9tica moderna y actualizada<\/li>\n<li>Perfil peque\u00f1o<\/li>\n<li>Dise\u00f1o plug-in con m\u00ednima intrusi\u00f3n en la caja trasera<\/li>\n<li>Construcci\u00f3n resistente a las manipulaciones<\/li>\n<li>Selecci\u00f3n autom\u00e1tica de la operaci\u00f3n de 12 \u00f3 24 voltios a 15 y 30 candelas<\/li>\n<li>Ajustes de candela seleccionables en campo<\/li>\n<li>Sirena de 88+ dBA a 16 voltios<\/li>\n<li>Interruptor giratorio para el tono de la sirena y dos selecciones del volumen<\/li>\n<li>Placa de montaje para todas las unidades de pared est\u00e1ndar y compacta<\/li>\n<li>El muelle de cortocircuito de la placa de montaje comprueba la continuidad del cableado antes de la instalaci\u00f3n del dispositivo<\/li>\n<li>Compatible con la l\u00ednea SpectrAlert y SpectAlert Advance Devices<\/li>\n<li>Compatible con el m\u00f3dulo de sincronizaci\u00f3n MDL3<\/li>\n<li>Listado s\u00f3lo para montaje en pared<\/li>\n<li>Temperatura de funcionamiento est\u00e1ndar: 0 \u00b0 C a 49 \u00b0 C (32 \u00b0 F a 120 \u00b0 F)<\/li>\n<li>Rango de humedad: 10 a 93% sin condensaci\u00f3n<\/li>\n<li>Velocidad de flash estrobosc\u00f3pico: 1 flash por segundo<\/li>\n<li>Voltaje Nominal: Regulado 12 DC o regulado 24 DC \/ FWR1,2<\/li>\n<li>Rango de voltaje de funcionamiento: 8 a 17,5 V (nominal 12 V) o 16 a 33 V (nominal 24 V)<\/li>\n<li>Rango de voltaje de funcionamiento con M\u00f3dulo de sincronizaci\u00f3n MDL3: 8,5 a 17,5 V (nominal 12 V) o 16,5 a 33 V (24 V nominal)<\/li>\n<li>Terminal de entrada para calibres de alambre: 12 a 18 AWG<\/li>\n<li>Dimensiones (incluyendo la lente): 5.6 &#8220;L \u00d7 4.7&#8221; W \u00d7 1.91 &#8220;D (143 mm L \u00d7 119 mm L \u00d7 49 mm D)<\/li>\n<\/ul>\n","protected":false},"excerpt":{"rendered":"<p><strong>P2RL-SP SYSTEM SENSOR Sirena con L\u00e1mpara Estrobosc\u00f3pica a 2 Hilos, Montaje en Pared, Color Rojo, Configuraci\u00f3n Estrobosc\u00f3pica Seleccionable y Texto en Espa\u00f1ol, Nuevo Dise\u00f1o Moderno y Elegante y Menor Consumo de Corriente en guadalajara jalisco.<\/strong><\/p>\n","protected":false},"featured_media":16278,"template":"","meta":{"site-sidebar-layout":"","site-content-layout":"","ast-site-content-layout":"","site-content-style":"default","site-sidebar-style":"default","ast-global-header-display":"","ast-banner-title-visibility":"","ast-main-header-display":"","ast-hfb-above-header-display":"","ast-hfb-below-header-display":"","ast-hfb-mobile-header-display":"","site-post-title":"","ast-breadcrumbs-content":"","ast-featured-img":"","footer-sml-layout":"","theme-transparent-header-meta":"","adv-header-id-meta":"","stick-header-meta":"","header-above-stick-meta":"","header-main-stick-meta":"","header-below-stick-meta":"","astra-migrate-meta-layouts":""},"product_cat":[331],"product_tag":[152],"yoast_head":"<!-- This site is optimized with the Yoast SEO plugin v19.5.1 - https:\/\/yoast.com\/wordpress\/plugins\/seo\/ -->\n<title>fire-lite P2RL-SP SYSTEM SENSOR Sirena con L\u00e1mpara Estrobosc\u00f3pica a 2 Hilos<\/title>\n<meta name=\"description\" content=\"Security Data &amp; Video SA de CV. P2RL-SP SYSTEM SENSOR Sirena con L\u00e1mpara Estrobosc\u00f3pica a 2 Hilos, Montaje en Pared, Color Rojo, Configuraci\u00f3n Estrobosc\u00f3pica Seleccionable y Texto en Espa\u00f1ol, Nuevo Dise\u00f1o Moderno y Elegante y Menor Consumo de Corriente en guadalajara jalisco.\" \/>\n<meta name=\"robots\" content=\"index, follow, max-snippet:-1, max-image-preview:large, max-video-preview:-1\" \/>\n<link rel=\"canonical\" href=\"https:\/\/www.securitydataandvideo.com\/inicio\/shop\/p2rl-sp-system-sensor-sirena-con-lampara-estroboscopica-a-2-hilos-montaje-en-pared-color-rojo-configuracion-estroboscopica-seleccionable-y-texto-en-espanol-nuevo-diseno-moderno-y-elegante-y-menor\/\" \/>\n<meta property=\"og:locale\" content=\"es_MX\" \/>\n<meta property=\"og:type\" content=\"article\" \/>\n<meta property=\"og:title\" content=\"fire-lite P2RL-SP SYSTEM SENSOR Sirena con L\u00e1mpara Estrobosc\u00f3pica a 2 Hilos\" \/>\n<meta property=\"og:description\" content=\"Security Data &amp; Video SA de CV. P2RL-SP SYSTEM SENSOR Sirena con L\u00e1mpara Estrobosc\u00f3pica a 2 Hilos, Montaje en Pared, Color Rojo, Configuraci\u00f3n Estrobosc\u00f3pica Seleccionable y Texto en Espa\u00f1ol, Nuevo Dise\u00f1o Moderno y Elegante y Menor Consumo de Corriente en guadalajara jalisco.\" \/>\n<meta property=\"og:url\" content=\"https:\/\/www.securitydataandvideo.com\/inicio\/shop\/p2rl-sp-system-sensor-sirena-con-lampara-estroboscopica-a-2-hilos-montaje-en-pared-color-rojo-configuracion-estroboscopica-seleccionable-y-texto-en-espanol-nuevo-diseno-moderno-y-elegante-y-menor\/\" \/>\n<meta property=\"og:site_name\" content=\"Security Data &amp; Video SA de CV.\" \/>\n<meta property=\"article:modified_time\" content=\"2022-07-21T17:43:38+00:00\" \/>\n<meta property=\"og:image\" content=\"https:\/\/www.securitydataandvideo.com\/inicio\/wp-content\/uploads\/2022\/07\/P2RL-p-1.png\" \/>\n\t<meta property=\"og:image:width\" content=\"400\" \/>\n\t<meta property=\"og:image:height\" content=\"400\" \/>\n\t<meta property=\"og:image:type\" content=\"image\/png\" \/>\n<meta name=\"twitter:card\" content=\"summary\" \/>\n<meta name=\"twitter:label1\" content=\"Tiempo de lectura\" \/>\n\t<meta name=\"twitter:data1\" content=\"1 minuto\" \/>\n<script type=\"application\/ld+json\" class=\"yoast-schema-graph\">{\"@context\":\"https:\/\/schema.org\",\"@graph\":[{\"@type\":\"WebPage\",\"@id\":\"https:\/\/www.securitydataandvideo.com\/inicio\/shop\/p2rl-sp-system-sensor-sirena-con-lampara-estroboscopica-a-2-hilos-montaje-en-pared-color-rojo-configuracion-estroboscopica-seleccionable-y-texto-en-espanol-nuevo-diseno-moderno-y-elegante-y-menor\/\",\"url\":\"https:\/\/www.securitydataandvideo.com\/inicio\/shop\/p2rl-sp-system-sensor-sirena-con-lampara-estroboscopica-a-2-hilos-montaje-en-pared-color-rojo-configuracion-estroboscopica-seleccionable-y-texto-en-espanol-nuevo-diseno-moderno-y-elegante-y-menor\/\",\"name\":\"fire-lite P2RL-SP SYSTEM SENSOR Sirena con L\u00e1mpara Estrobosc\u00f3pica a 2 Hilos\",\"isPartOf\":{\"@id\":\"https:\/\/www.securitydataandvideo.com\/inicio\/#website\"},\"datePublished\":\"2022-07-21T17:42:19+00:00\",\"dateModified\":\"2022-07-21T17:43:38+00:00\",\"description\":\"Security Data &amp; Video SA de CV. P2RL-SP SYSTEM SENSOR Sirena con L\u00e1mpara Estrobosc\u00f3pica a 2 Hilos, Montaje en Pared, Color Rojo, Configuraci\u00f3n Estrobosc\u00f3pica Seleccionable y Texto en Espa\u00f1ol, Nuevo Dise\u00f1o Moderno y Elegante y Menor Consumo de Corriente en guadalajara jalisco.\",\"breadcrumb\":{\"@id\":\"https:\/\/www.securitydataandvideo.com\/inicio\/shop\/p2rl-sp-system-sensor-sirena-con-lampara-estroboscopica-a-2-hilos-montaje-en-pared-color-rojo-configuracion-estroboscopica-seleccionable-y-texto-en-espanol-nuevo-diseno-moderno-y-elegante-y-menor\/#breadcrumb\"},\"inLanguage\":\"es-MX\",\"potentialAction\":[{\"@type\":\"ReadAction\",\"target\":[\"https:\/\/www.securitydataandvideo.com\/inicio\/shop\/p2rl-sp-system-sensor-sirena-con-lampara-estroboscopica-a-2-hilos-montaje-en-pared-color-rojo-configuracion-estroboscopica-seleccionable-y-texto-en-espanol-nuevo-diseno-moderno-y-elegante-y-menor\/\"]}]},{\"@type\":\"BreadcrumbList\",\"@id\":\"https:\/\/www.securitydataandvideo.com\/inicio\/shop\/p2rl-sp-system-sensor-sirena-con-lampara-estroboscopica-a-2-hilos-montaje-en-pared-color-rojo-configuracion-estroboscopica-seleccionable-y-texto-en-espanol-nuevo-diseno-moderno-y-elegante-y-menor\/#breadcrumb\",\"itemListElement\":[{\"@type\":\"ListItem\",\"position\":1,\"name\":\"Inicio\",\"item\":\"https:\/\/www.securitydataandvideo.com\/inicio\/\"},{\"@type\":\"ListItem\",\"position\":2,\"name\":\"Shop\",\"item\":\"https:\/\/www.securitydataandvideo.com\/inicio\/shop\/\"},{\"@type\":\"ListItem\",\"position\":3,\"name\":\"P2RL-SP SYSTEM SENSOR Sirena con L\u00e1mpara Estrobosc\u00f3pica a 2 Hilos, Montaje en Pared, Color Rojo, Configuraci\u00f3n Estrobosc\u00f3pica Seleccionable y Texto en Espa\u00f1ol, Nuevo Dise\u00f1o Moderno y Elegante y Menor Consumo de Corriente en guadalajara jalisco.\"}]},{\"@type\":\"WebSite\",\"@id\":\"https:\/\/www.securitydataandvideo.com\/inicio\/#website\",\"url\":\"https:\/\/www.securitydataandvideo.com\/inicio\/\",\"name\":\"Security Data &amp; Video SA de CV.\",\"description\":\"Seguridad Electr\u00f3nica y Energ\u00eda\",\"publisher\":{\"@id\":\"https:\/\/www.securitydataandvideo.com\/inicio\/#organization\"},\"potentialAction\":[{\"@type\":\"SearchAction\",\"target\":{\"@type\":\"EntryPoint\",\"urlTemplate\":\"https:\/\/www.securitydataandvideo.com\/inicio\/?s={search_term_string}\"},\"query-input\":\"required name=search_term_string\"}],\"inLanguage\":\"es-MX\"},{\"@type\":\"Organization\",\"@id\":\"https:\/\/www.securitydataandvideo.com\/inicio\/#organization\",\"name\":\"Security Data & Video SA de CV\",\"url\":\"https:\/\/www.securitydataandvideo.com\/inicio\/\",\"sameAs\":[],\"logo\":{\"@type\":\"ImageObject\",\"inLanguage\":\"es-MX\",\"@id\":\"https:\/\/www.securitydataandvideo.com\/inicio\/#\/schema\/logo\/image\/\",\"url\":\"https:\/\/www.securitydataandvideo.com\/inicio\/wp-content\/uploads\/2021\/10\/Logo-Azul.png\",\"contentUrl\":\"https:\/\/www.securitydataandvideo.com\/inicio\/wp-content\/uploads\/2021\/10\/Logo-Azul.png\",\"width\":555,\"height\":375,\"caption\":\"Security Data & Video SA de CV\"},\"image\":{\"@id\":\"https:\/\/www.securitydataandvideo.com\/inicio\/#\/schema\/logo\/image\/\"}}]}<\/script>\n<!-- \/ Yoast SEO plugin. -->","yoast_head_json":{"title":"fire-lite P2RL-SP SYSTEM SENSOR Sirena con L\u00e1mpara Estrobosc\u00f3pica a 2 Hilos","description":"Security Data &amp; Video SA de CV. P2RL-SP SYSTEM SENSOR Sirena con L\u00e1mpara Estrobosc\u00f3pica a 2 Hilos, Montaje en Pared, Color Rojo, Configuraci\u00f3n Estrobosc\u00f3pica Seleccionable y Texto en Espa\u00f1ol, Nuevo Dise\u00f1o Moderno y Elegante y Menor Consumo de Corriente en guadalajara jalisco.","robots":{"index":"index","follow":"follow","max-snippet":"max-snippet:-1","max-image-preview":"max-image-preview:large","max-video-preview":"max-video-preview:-1"},"canonical":"https:\/\/www.securitydataandvideo.com\/inicio\/shop\/p2rl-sp-system-sensor-sirena-con-lampara-estroboscopica-a-2-hilos-montaje-en-pared-color-rojo-configuracion-estroboscopica-seleccionable-y-texto-en-espanol-nuevo-diseno-moderno-y-elegante-y-menor\/","og_locale":"es_MX","og_type":"article","og_title":"fire-lite P2RL-SP SYSTEM SENSOR Sirena con L\u00e1mpara Estrobosc\u00f3pica a 2 Hilos","og_description":"Security Data &amp; Video SA de CV. P2RL-SP SYSTEM SENSOR Sirena con L\u00e1mpara Estrobosc\u00f3pica a 2 Hilos, Montaje en Pared, Color Rojo, Configuraci\u00f3n Estrobosc\u00f3pica Seleccionable y Texto en Espa\u00f1ol, Nuevo Dise\u00f1o Moderno y Elegante y Menor Consumo de Corriente en guadalajara jalisco.","og_url":"https:\/\/www.securitydataandvideo.com\/inicio\/shop\/p2rl-sp-system-sensor-sirena-con-lampara-estroboscopica-a-2-hilos-montaje-en-pared-color-rojo-configuracion-estroboscopica-seleccionable-y-texto-en-espanol-nuevo-diseno-moderno-y-elegante-y-menor\/","og_site_name":"Security Data &amp; Video SA de CV.","article_modified_time":"2022-07-21T17:43:38+00:00","og_image":[{"width":400,"height":400,"url":"https:\/\/www.securitydataandvideo.com\/inicio\/wp-content\/uploads\/2022\/07\/P2RL-p-1.png","type":"image\/png"}],"twitter_card":"summary","twitter_misc":{"Tiempo de lectura":"1 minuto"},"schema":{"@context":"https:\/\/schema.org","@graph":[{"@type":"WebPage","@id":"https:\/\/www.securitydataandvideo.com\/inicio\/shop\/p2rl-sp-system-sensor-sirena-con-lampara-estroboscopica-a-2-hilos-montaje-en-pared-color-rojo-configuracion-estroboscopica-seleccionable-y-texto-en-espanol-nuevo-diseno-moderno-y-elegante-y-menor\/","url":"https:\/\/www.securitydataandvideo.com\/inicio\/shop\/p2rl-sp-system-sensor-sirena-con-lampara-estroboscopica-a-2-hilos-montaje-en-pared-color-rojo-configuracion-estroboscopica-seleccionable-y-texto-en-espanol-nuevo-diseno-moderno-y-elegante-y-menor\/","name":"fire-lite P2RL-SP SYSTEM SENSOR Sirena con L\u00e1mpara Estrobosc\u00f3pica a 2 Hilos","isPartOf":{"@id":"https:\/\/www.securitydataandvideo.com\/inicio\/#website"},"datePublished":"2022-07-21T17:42:19+00:00","dateModified":"2022-07-21T17:43:38+00:00","description":"Security Data &amp; Video SA de CV. P2RL-SP SYSTEM SENSOR Sirena con L\u00e1mpara Estrobosc\u00f3pica a 2 Hilos, Montaje en Pared, Color Rojo, Configuraci\u00f3n Estrobosc\u00f3pica Seleccionable y Texto en Espa\u00f1ol, Nuevo Dise\u00f1o Moderno y Elegante y Menor Consumo de Corriente en guadalajara jalisco.","breadcrumb":{"@id":"https:\/\/www.securitydataandvideo.com\/inicio\/shop\/p2rl-sp-system-sensor-sirena-con-lampara-estroboscopica-a-2-hilos-montaje-en-pared-color-rojo-configuracion-estroboscopica-seleccionable-y-texto-en-espanol-nuevo-diseno-moderno-y-elegante-y-menor\/#breadcrumb"},"inLanguage":"es-MX","potentialAction":[{"@type":"ReadAction","target":["https:\/\/www.securitydataandvideo.com\/inicio\/shop\/p2rl-sp-system-sensor-sirena-con-lampara-estroboscopica-a-2-hilos-montaje-en-pared-color-rojo-configuracion-estroboscopica-seleccionable-y-texto-en-espanol-nuevo-diseno-moderno-y-elegante-y-menor\/"]}]},{"@type":"BreadcrumbList","@id":"https:\/\/www.securitydataandvideo.com\/inicio\/shop\/p2rl-sp-system-sensor-sirena-con-lampara-estroboscopica-a-2-hilos-montaje-en-pared-color-rojo-configuracion-estroboscopica-seleccionable-y-texto-en-espanol-nuevo-diseno-moderno-y-elegante-y-menor\/#breadcrumb","itemListElement":[{"@type":"ListItem","position":1,"name":"Inicio","item":"https:\/\/www.securitydataandvideo.com\/inicio\/"},{"@type":"ListItem","position":2,"name":"Shop","item":"https:\/\/www.securitydataandvideo.com\/inicio\/shop\/"},{"@type":"ListItem","position":3,"name":"P2RL-SP SYSTEM SENSOR Sirena con L\u00e1mpara Estrobosc\u00f3pica a 2 Hilos, Montaje en Pared, Color Rojo, Configuraci\u00f3n Estrobosc\u00f3pica Seleccionable y Texto en Espa\u00f1ol, Nuevo Dise\u00f1o Moderno y Elegante y Menor Consumo de Corriente en guadalajara jalisco."}]},{"@type":"WebSite","@id":"https:\/\/www.securitydataandvideo.com\/inicio\/#website","url":"https:\/\/www.securitydataandvideo.com\/inicio\/","name":"Security Data &amp; Video SA de CV.","description":"Seguridad Electr\u00f3nica y Energ\u00eda","publisher":{"@id":"https:\/\/www.securitydataandvideo.com\/inicio\/#organization"},"potentialAction":[{"@type":"SearchAction","target":{"@type":"EntryPoint","urlTemplate":"https:\/\/www.securitydataandvideo.com\/inicio\/?s={search_term_string}"},"query-input":"required name=search_term_string"}],"inLanguage":"es-MX"},{"@type":"Organization","@id":"https:\/\/www.securitydataandvideo.com\/inicio\/#organization","name":"Security Data & Video SA de CV","url":"https:\/\/www.securitydataandvideo.com\/inicio\/","sameAs":[],"logo":{"@type":"ImageObject","inLanguage":"es-MX","@id":"https:\/\/www.securitydataandvideo.com\/inicio\/#\/schema\/logo\/image\/","url":"https:\/\/www.securitydataandvideo.com\/inicio\/wp-content\/uploads\/2021\/10\/Logo-Azul.png","contentUrl":"https:\/\/www.securitydataandvideo.com\/inicio\/wp-content\/uploads\/2021\/10\/Logo-Azul.png","width":555,"height":375,"caption":"Security Data & Video SA de CV"},"image":{"@id":"https:\/\/www.securitydataandvideo.com\/inicio\/#\/schema\/logo\/image\/"}}]}},"_links":{"self":[{"href":"https:\/\/www.securitydataandvideo.com\/inicio\/wp-json\/wp\/v2\/product\/16227"}],"collection":[{"href":"https:\/\/www.securitydataandvideo.com\/inicio\/wp-json\/wp\/v2\/product"}],"about":[{"href":"https:\/\/www.securitydataandvideo.com\/inicio\/wp-json\/wp\/v2\/types\/product"}],"wp:featuredmedia":[{"embeddable":true,"href":"https:\/\/www.securitydataandvideo.com\/inicio\/wp-json\/wp\/v2\/media\/16278"}],"wp:attachment":[{"href":"https:\/\/www.securitydataandvideo.com\/inicio\/wp-json\/wp\/v2\/media?parent=16227"}],"wp:term":[{"taxonomy":"product_cat","embeddable":true,"href":"https:\/\/www.securitydataandvideo.com\/inicio\/wp-json\/wp\/v2\/product_cat?post=16227"},{"taxonomy":"product_tag","embeddable":true,"href":"https:\/\/www.securitydataandvideo.com\/inicio\/wp-json\/wp\/v2\/product_tag?post=16227"}],"curies":[{"name":"wp","href":"https:\/\/api.w.org\/{rel}","templated":true}]}}