{"id":16231,"date":"2022-07-21T11:42:20","date_gmt":"2022-07-21T17:42:20","guid":{"rendered":"https:\/\/www.securitydataandvideo.com\/inicio\/?post_type=product&#038;p=16231"},"modified":"2022-07-21T11:43:42","modified_gmt":"2022-07-21T17:43:42","slug":"sbb-rl-caja-montaje-pared-system-sensor-para-sirena-color-rojo-nuevo-diseno-moderno-y-elegante-en-guadalajara-jalisco","status":"publish","type":"product","link":"https:\/\/www.securitydataandvideo.com\/inicio\/shop\/sbb-rl-caja-montaje-pared-system-sensor-para-sirena-color-rojo-nuevo-diseno-moderno-y-elegante-en-guadalajara-jalisco\/","title":{"rendered":"SBB-RL Caja Montaje Pared SYSTEM SENSOR, para Sirena, Color Rojo, Nuevo Dise\u00f1o Moderno y Elegante en Guadalajara Jalisco."},"content":{"rendered":"<p><strong>SBB-RL Caja Montaje Pared SYSTEM SENSOR, para Sirena, Color Rojo, Nuevo Dise\u00f1o Moderno y Elegante en Guadalajara Jalisco.<\/strong><\/p>\n<p><strong>Nueva Serie L de Dispositivos de Notificaci\u00f3n para Interiores de System Sensor<\/strong><\/p>\n<p>La nueva Serie L de System Sensor de dispositivos de notificaci\u00f3n es una plataforma basada en Xen\u00f3n que sustituye a la l\u00ednea de productos SpectrAlert Advance ofreciendo un menor consumo de corriente, un dise\u00f1o moderno y elegante y una huella m\u00e1s peque\u00f1a.<\/p>\n<p>La nueva l\u00ednea de la serie L incluye sirenas, sirena\/estrobo, campanas, campanas\/estrobo, estrobos, bocinas y bocinas\/estrobo junto con una variedad de accesorios incluyendo lentes de colores, Las nuevas adiciones al portafolio incluyen sirenas compactas y luces estrobosc\u00f3picas, luces estrobosc\u00f3picas de techo, altavoz de 8 &#8220;con puente para plaf\u00f3n, as\u00ed como kits de bisel para marcado alternativo.<\/p>\n<h6>Las soluciones mejoradas con la nueva plataforma competitiva incluyen:<\/h6>\n<p><strong>Menor costo de propiedad SBB-RL Caja Montaje Pared<\/strong><\/p>\n<p>Hasta un 38% menos consumo de corriente en dispositivos estrobosc\u00f3picos que reducen la cantidad de\u00a0fuentes de alimentaci\u00f3n por Sistema<\/p>\n<p>Opci\u00f3n disponible para utilizar cajas de bastidor simple versus las cajas de bastidor doble<\/p>\n<p><strong>Personalice f\u00e1cilmente los dispositivos para sistemas de comunicaci\u00f3n de emergencia<\/strong><\/p>\n<p>Lentes de colores y biseles de marcado modulares, eliminando calcoman\u00edas dif\u00edciles de aplicar, para una r\u00e1pida personalizaci\u00f3n en campo<\/p>\n<h6><strong>Simplificaci\u00f3n al momento de ordenar<\/strong><\/h6>\n<p>Versi\u00f3n \u00fanica con amplia gama de oferta de candela, que abarca est\u00e1ndar y alta candela<\/p>\n<p><strong>Compatible con:<\/strong><\/p>\n<p>HRL, P2RL, P2RL-P, SLR y SRL-P<\/p>\n","protected":false},"excerpt":{"rendered":"<p>SBB-RL SYSTEM SENSOR Caja de Montaje en Pared, para Sirena, Color Rojo, Nuevo Dise\u00f1o Moderno y Elegante en Guadalajara Jalisco.<\/p>\n","protected":false},"featured_media":16281,"template":"","meta":{"site-sidebar-layout":"default","site-content-layout":"default","ast-site-content-layout":"","site-content-style":"default","site-sidebar-style":"default","ast-global-header-display":"","ast-banner-title-visibility":"","ast-main-header-display":"","ast-hfb-above-header-display":"","ast-hfb-below-header-display":"","ast-hfb-mobile-header-display":"","site-post-title":"","ast-breadcrumbs-content":"","ast-featured-img":"","footer-sml-layout":"","theme-transparent-header-meta":"default","adv-header-id-meta":"","stick-header-meta":"","header-above-stick-meta":"","header-main-stick-meta":"","header-below-stick-meta":"","astra-migrate-meta-layouts":""},"product_cat":[331],"product_tag":[328],"yoast_head":"<!-- This site is optimized with the Yoast SEO plugin v19.5.1 - https:\/\/yoast.com\/wordpress\/plugins\/seo\/ -->\n<title>SBB-RL Caja Montaje Pared SYSTEM SENSOR<\/title>\n<meta name=\"description\" content=\"SBB-RL Caja Montaje Pared SYSTEM SENSOR, para Sirena, Color Rojo, Nuevo Dise\u00f1o Moderno y Elegante en Guadalajara Jalisco.\" \/>\n<meta name=\"robots\" content=\"index, follow, max-snippet:-1, max-image-preview:large, max-video-preview:-1\" \/>\n<link rel=\"canonical\" href=\"https:\/\/www.securitydataandvideo.com\/inicio\/shop\/sbb-rl-caja-montaje-pared-system-sensor-para-sirena-color-rojo-nuevo-diseno-moderno-y-elegante-en-guadalajara-jalisco\/\" \/>\n<meta property=\"og:locale\" content=\"es_MX\" \/>\n<meta property=\"og:type\" content=\"article\" \/>\n<meta property=\"og:title\" content=\"SBB-RL Caja Montaje Pared SYSTEM SENSOR\" \/>\n<meta property=\"og:description\" content=\"SBB-RL Caja Montaje Pared SYSTEM SENSOR, para Sirena, Color Rojo, Nuevo Dise\u00f1o Moderno y Elegante en Guadalajara Jalisco.\" \/>\n<meta property=\"og:url\" content=\"https:\/\/www.securitydataandvideo.com\/inicio\/shop\/sbb-rl-caja-montaje-pared-system-sensor-para-sirena-color-rojo-nuevo-diseno-moderno-y-elegante-en-guadalajara-jalisco\/\" \/>\n<meta property=\"og:site_name\" content=\"Security Data &amp; Video SA de CV.\" \/>\n<meta property=\"article:modified_time\" content=\"2022-07-21T17:43:42+00:00\" \/>\n<meta property=\"og:image\" content=\"https:\/\/www.securitydataandvideo.com\/inicio\/wp-content\/uploads\/2022\/07\/365.69.png\" \/>\n\t<meta property=\"og:image:width\" content=\"400\" \/>\n\t<meta property=\"og:image:height\" content=\"400\" \/>\n\t<meta property=\"og:image:type\" content=\"image\/png\" \/>\n<meta name=\"twitter:card\" content=\"summary\" \/>\n<meta name=\"twitter:label1\" content=\"Tiempo de lectura\" \/>\n\t<meta name=\"twitter:data1\" content=\"2 minutos\" \/>\n<script type=\"application\/ld+json\" class=\"yoast-schema-graph\">{\"@context\":\"https:\/\/schema.org\",\"@graph\":[{\"@type\":\"WebPage\",\"@id\":\"https:\/\/www.securitydataandvideo.com\/inicio\/shop\/sbb-rl-caja-montaje-pared-system-sensor-para-sirena-color-rojo-nuevo-diseno-moderno-y-elegante-en-guadalajara-jalisco\/\",\"url\":\"https:\/\/www.securitydataandvideo.com\/inicio\/shop\/sbb-rl-caja-montaje-pared-system-sensor-para-sirena-color-rojo-nuevo-diseno-moderno-y-elegante-en-guadalajara-jalisco\/\",\"name\":\"SBB-RL Caja Montaje Pared SYSTEM SENSOR\",\"isPartOf\":{\"@id\":\"https:\/\/www.securitydataandvideo.com\/inicio\/#website\"},\"datePublished\":\"2022-07-21T17:42:20+00:00\",\"dateModified\":\"2022-07-21T17:43:42+00:00\",\"description\":\"SBB-RL Caja Montaje Pared SYSTEM SENSOR, para Sirena, Color Rojo, Nuevo Dise\u00f1o Moderno y Elegante en Guadalajara Jalisco.\",\"breadcrumb\":{\"@id\":\"https:\/\/www.securitydataandvideo.com\/inicio\/shop\/sbb-rl-caja-montaje-pared-system-sensor-para-sirena-color-rojo-nuevo-diseno-moderno-y-elegante-en-guadalajara-jalisco\/#breadcrumb\"},\"inLanguage\":\"es-MX\",\"potentialAction\":[{\"@type\":\"ReadAction\",\"target\":[\"https:\/\/www.securitydataandvideo.com\/inicio\/shop\/sbb-rl-caja-montaje-pared-system-sensor-para-sirena-color-rojo-nuevo-diseno-moderno-y-elegante-en-guadalajara-jalisco\/\"]}]},{\"@type\":\"BreadcrumbList\",\"@id\":\"https:\/\/www.securitydataandvideo.com\/inicio\/shop\/sbb-rl-caja-montaje-pared-system-sensor-para-sirena-color-rojo-nuevo-diseno-moderno-y-elegante-en-guadalajara-jalisco\/#breadcrumb\",\"itemListElement\":[{\"@type\":\"ListItem\",\"position\":1,\"name\":\"Inicio\",\"item\":\"https:\/\/www.securitydataandvideo.com\/inicio\/\"},{\"@type\":\"ListItem\",\"position\":2,\"name\":\"Shop\",\"item\":\"https:\/\/www.securitydataandvideo.com\/inicio\/shop\/\"},{\"@type\":\"ListItem\",\"position\":3,\"name\":\"SBB-RL Caja Montaje Pared SYSTEM SENSOR, para Sirena, Color Rojo, Nuevo Dise\u00f1o Moderno y Elegante en Guadalajara Jalisco.\"}]},{\"@type\":\"WebSite\",\"@id\":\"https:\/\/www.securitydataandvideo.com\/inicio\/#website\",\"url\":\"https:\/\/www.securitydataandvideo.com\/inicio\/\",\"name\":\"Security Data &amp; Video SA de CV.\",\"description\":\"Seguridad Electr\u00f3nica y Energ\u00eda\",\"publisher\":{\"@id\":\"https:\/\/www.securitydataandvideo.com\/inicio\/#organization\"},\"potentialAction\":[{\"@type\":\"SearchAction\",\"target\":{\"@type\":\"EntryPoint\",\"urlTemplate\":\"https:\/\/www.securitydataandvideo.com\/inicio\/?s={search_term_string}\"},\"query-input\":\"required name=search_term_string\"}],\"inLanguage\":\"es-MX\"},{\"@type\":\"Organization\",\"@id\":\"https:\/\/www.securitydataandvideo.com\/inicio\/#organization\",\"name\":\"Security Data & Video SA de CV\",\"url\":\"https:\/\/www.securitydataandvideo.com\/inicio\/\",\"sameAs\":[],\"logo\":{\"@type\":\"ImageObject\",\"inLanguage\":\"es-MX\",\"@id\":\"https:\/\/www.securitydataandvideo.com\/inicio\/#\/schema\/logo\/image\/\",\"url\":\"https:\/\/www.securitydataandvideo.com\/inicio\/wp-content\/uploads\/2021\/10\/Logo-Azul.png\",\"contentUrl\":\"https:\/\/www.securitydataandvideo.com\/inicio\/wp-content\/uploads\/2021\/10\/Logo-Azul.png\",\"width\":555,\"height\":375,\"caption\":\"Security Data & Video SA de CV\"},\"image\":{\"@id\":\"https:\/\/www.securitydataandvideo.com\/inicio\/#\/schema\/logo\/image\/\"}}]}<\/script>\n<!-- \/ Yoast SEO plugin. -->","yoast_head_json":{"title":"SBB-RL Caja Montaje Pared SYSTEM SENSOR","description":"SBB-RL Caja Montaje Pared SYSTEM SENSOR, para Sirena, Color Rojo, Nuevo Dise\u00f1o Moderno y Elegante en Guadalajara Jalisco.","robots":{"index":"index","follow":"follow","max-snippet":"max-snippet:-1","max-image-preview":"max-image-preview:large","max-video-preview":"max-video-preview:-1"},"canonical":"https:\/\/www.securitydataandvideo.com\/inicio\/shop\/sbb-rl-caja-montaje-pared-system-sensor-para-sirena-color-rojo-nuevo-diseno-moderno-y-elegante-en-guadalajara-jalisco\/","og_locale":"es_MX","og_type":"article","og_title":"SBB-RL Caja Montaje Pared SYSTEM SENSOR","og_description":"SBB-RL Caja Montaje Pared SYSTEM SENSOR, para Sirena, Color Rojo, Nuevo Dise\u00f1o Moderno y Elegante en Guadalajara Jalisco.","og_url":"https:\/\/www.securitydataandvideo.com\/inicio\/shop\/sbb-rl-caja-montaje-pared-system-sensor-para-sirena-color-rojo-nuevo-diseno-moderno-y-elegante-en-guadalajara-jalisco\/","og_site_name":"Security Data &amp; Video SA de CV.","article_modified_time":"2022-07-21T17:43:42+00:00","og_image":[{"width":400,"height":400,"url":"https:\/\/www.securitydataandvideo.com\/inicio\/wp-content\/uploads\/2022\/07\/365.69.png","type":"image\/png"}],"twitter_card":"summary","twitter_misc":{"Tiempo de lectura":"2 minutos"},"schema":{"@context":"https:\/\/schema.org","@graph":[{"@type":"WebPage","@id":"https:\/\/www.securitydataandvideo.com\/inicio\/shop\/sbb-rl-caja-montaje-pared-system-sensor-para-sirena-color-rojo-nuevo-diseno-moderno-y-elegante-en-guadalajara-jalisco\/","url":"https:\/\/www.securitydataandvideo.com\/inicio\/shop\/sbb-rl-caja-montaje-pared-system-sensor-para-sirena-color-rojo-nuevo-diseno-moderno-y-elegante-en-guadalajara-jalisco\/","name":"SBB-RL Caja Montaje Pared SYSTEM SENSOR","isPartOf":{"@id":"https:\/\/www.securitydataandvideo.com\/inicio\/#website"},"datePublished":"2022-07-21T17:42:20+00:00","dateModified":"2022-07-21T17:43:42+00:00","description":"SBB-RL Caja Montaje Pared SYSTEM SENSOR, para Sirena, Color Rojo, Nuevo Dise\u00f1o Moderno y Elegante en Guadalajara Jalisco.","breadcrumb":{"@id":"https:\/\/www.securitydataandvideo.com\/inicio\/shop\/sbb-rl-caja-montaje-pared-system-sensor-para-sirena-color-rojo-nuevo-diseno-moderno-y-elegante-en-guadalajara-jalisco\/#breadcrumb"},"inLanguage":"es-MX","potentialAction":[{"@type":"ReadAction","target":["https:\/\/www.securitydataandvideo.com\/inicio\/shop\/sbb-rl-caja-montaje-pared-system-sensor-para-sirena-color-rojo-nuevo-diseno-moderno-y-elegante-en-guadalajara-jalisco\/"]}]},{"@type":"BreadcrumbList","@id":"https:\/\/www.securitydataandvideo.com\/inicio\/shop\/sbb-rl-caja-montaje-pared-system-sensor-para-sirena-color-rojo-nuevo-diseno-moderno-y-elegante-en-guadalajara-jalisco\/#breadcrumb","itemListElement":[{"@type":"ListItem","position":1,"name":"Inicio","item":"https:\/\/www.securitydataandvideo.com\/inicio\/"},{"@type":"ListItem","position":2,"name":"Shop","item":"https:\/\/www.securitydataandvideo.com\/inicio\/shop\/"},{"@type":"ListItem","position":3,"name":"SBB-RL Caja Montaje Pared SYSTEM SENSOR, para Sirena, Color Rojo, Nuevo Dise\u00f1o Moderno y Elegante en Guadalajara Jalisco."}]},{"@type":"WebSite","@id":"https:\/\/www.securitydataandvideo.com\/inicio\/#website","url":"https:\/\/www.securitydataandvideo.com\/inicio\/","name":"Security Data &amp; Video SA de CV.","description":"Seguridad Electr\u00f3nica y Energ\u00eda","publisher":{"@id":"https:\/\/www.securitydataandvideo.com\/inicio\/#organization"},"potentialAction":[{"@type":"SearchAction","target":{"@type":"EntryPoint","urlTemplate":"https:\/\/www.securitydataandvideo.com\/inicio\/?s={search_term_string}"},"query-input":"required name=search_term_string"}],"inLanguage":"es-MX"},{"@type":"Organization","@id":"https:\/\/www.securitydataandvideo.com\/inicio\/#organization","name":"Security Data & Video SA de CV","url":"https:\/\/www.securitydataandvideo.com\/inicio\/","sameAs":[],"logo":{"@type":"ImageObject","inLanguage":"es-MX","@id":"https:\/\/www.securitydataandvideo.com\/inicio\/#\/schema\/logo\/image\/","url":"https:\/\/www.securitydataandvideo.com\/inicio\/wp-content\/uploads\/2021\/10\/Logo-Azul.png","contentUrl":"https:\/\/www.securitydataandvideo.com\/inicio\/wp-content\/uploads\/2021\/10\/Logo-Azul.png","width":555,"height":375,"caption":"Security Data & Video SA de CV"},"image":{"@id":"https:\/\/www.securitydataandvideo.com\/inicio\/#\/schema\/logo\/image\/"}}]}},"_links":{"self":[{"href":"https:\/\/www.securitydataandvideo.com\/inicio\/wp-json\/wp\/v2\/product\/16231"}],"collection":[{"href":"https:\/\/www.securitydataandvideo.com\/inicio\/wp-json\/wp\/v2\/product"}],"about":[{"href":"https:\/\/www.securitydataandvideo.com\/inicio\/wp-json\/wp\/v2\/types\/product"}],"wp:featuredmedia":[{"embeddable":true,"href":"https:\/\/www.securitydataandvideo.com\/inicio\/wp-json\/wp\/v2\/media\/16281"}],"wp:attachment":[{"href":"https:\/\/www.securitydataandvideo.com\/inicio\/wp-json\/wp\/v2\/media?parent=16231"}],"wp:term":[{"taxonomy":"product_cat","embeddable":true,"href":"https:\/\/www.securitydataandvideo.com\/inicio\/wp-json\/wp\/v2\/product_cat?post=16231"},{"taxonomy":"product_tag","embeddable":true,"href":"https:\/\/www.securitydataandvideo.com\/inicio\/wp-json\/wp\/v2\/product_tag?post=16231"}],"curies":[{"name":"wp","href":"https:\/\/api.w.org\/{rel}","templated":true}]}}