{"id":16248,"date":"2022-07-21T11:42:59","date_gmt":"2022-07-21T17:42:59","guid":{"rendered":"https:\/\/www.securitydataandvideo.com\/inicio\/?post_type=product&#038;p=16248"},"modified":"2022-07-21T11:43:59","modified_gmt":"2022-07-21T17:43:59","slug":"nuc6c04bu-fe-panduit-bobina-de-cable-utp-305-m-de-cobre-netkey-reelex-azul-categoria-6-24-awg-1000mbps-pvc-cm-de-4-pares-en-guadalajara-jalisco-mexico","status":"publish","type":"product","link":"https:\/\/www.securitydataandvideo.com\/inicio\/shop\/nuc6c04bu-fe-panduit-bobina-de-cable-utp-305-m-de-cobre-netkey-reelex-azul-categoria-6-24-awg-1000mbps-pvc-cm-de-4-pares-en-guadalajara-jalisco-mexico\/","title":{"rendered":"NUC6C04BU-FE PANDUIT Bobina de Cable UTP 305 m. de Cobre, NetKey, Reelex, Azul, Categor\u00eda 6 (24 AWG), 1000Mbps, PVC (CM), de 4 pares en Guadalajara Jalisco M\u00e9xico."},"content":{"rendered":"<p><strong>NUC6C04BU-FE PANDUIT Bobina de Cable UTP 305 m. de Cobre, NetKey, Reelex, Azul, Categor\u00eda 6 (24 AWG), 1000Mbps, PVC (CM), de 4 pares en Guadalajara Jalisco M\u00e9xico.<\/strong><\/p>\n<p>El cable ha sido probado como parte del sistema de cableado de cobre UTP Categor\u00eda 6 de Netkey\u00ae por un laboratorio independiente y cumple con los requerimientos del canal el\u00e9ctrico del siguiente est\u00e1ndar: ANSI\/TIA-568-C.2 Est\u00e1ndar\u00a0Categor\u00eda 6.<\/p>\n<p>Tiene marcas de longitud del cable descendentes, lo que facilita la\u00a0identificaci\u00f3n del cable restante, reduciendo el tiempo de instalaci\u00f3n y desperdicio de cable..<\/p>\n<p>Cuenta con una cinta divisioria que separa los pares trenzados para proporcionar un rendimiento robusto. Con una atenuaci\u00f3n reducida, maximiza la cantidad de se\u00f1al que llega al receptor al igual que el ancho de banda.<\/p>\n<p><strong>Aplicaciones:<\/strong><br \/>\n&#8211; Redes Voz\/Datos\/Video de Alta Velocidad.<br \/>\n&#8211; Instalaciones CCTV IP Megapixel, TurboHD(TVI).<br \/>\n&#8211; Redes inal\u00e1mbricas.<br \/>\n&#8211; Aplicaciones Power over Ethernet IEEE 802.3af y 802.3at.<\/p>\n<p><strong>Informaci\u00f3n t\u00e9cnica:<\/strong><br \/>\n&#8211; Rendimiento el\u00e9ctrico: Rendimiento certificado hasta 100 metros.<br \/>\n&#8211; Color: Azul.<br \/>\n&#8211; Conductor: Cobre s\u00f3lido 24 AWG aislado con pol\u00edmero HDPE.<br \/>\n&#8211; Recubrimiento: PVC.<br \/>\n&#8211; Clasificaci\u00f3n de flama: UL 1685.<br \/>\n&#8211; Di\u00e1metro: 5.6 mm (0.222&#8243;) nominal.<br \/>\n&#8211; Peso: 12 kg\/305m (26 lbs.\/1000 ft.).<br \/>\n&#8211; Tensi\u00f3n de instalaci\u00f3n: 110N (25lbf) m\u00e1ximo.<br \/>\n&#8211; Clasificaci\u00f3n de temperatura: 0 a 50\u00b0C (32\u00b0F a 122\u00b0F) en instalaci\u00f3n; -20\u00b0 a 60\u00b0C (14\u00b0 a 140\u00b0F) en operaci\u00f3n.<br \/>\n&#8211; Frecuencia: 250\u00a0Mhz.<\/p>\n<p><strong>Cumple con:<\/strong><br \/>\n&#8211; UL 1685, ANSI\/TIA-568-C.2, ISO 11801.<\/p>\n","protected":false},"excerpt":{"rendered":"<p><strong>NUC6C04BU-FE PANDUIT Bobina de Cable UTP 305 m. de Cobre, NetKey, Reelex, Azul, Categor\u00eda 6 (24 AWG), 1000Mbps, PVC (CM), de 4 pares en Guadalajara Jalisco M\u00e9xico.<\/strong><\/p>\n","protected":false},"featured_media":16290,"template":"","meta":{"site-sidebar-layout":"","site-content-layout":"","ast-site-content-layout":"","site-content-style":"default","site-sidebar-style":"default","ast-global-header-display":"","ast-banner-title-visibility":"","ast-main-header-display":"","ast-hfb-above-header-display":"","ast-hfb-below-header-display":"","ast-hfb-mobile-header-display":"","site-post-title":"","ast-breadcrumbs-content":"","ast-featured-img":"","footer-sml-layout":"","theme-transparent-header-meta":"","adv-header-id-meta":"","stick-header-meta":"","header-above-stick-meta":"","header-main-stick-meta":"","header-below-stick-meta":"","astra-migrate-meta-layouts":""},"product_cat":[324],"product_tag":[145],"yoast_head":"<!-- This site is optimized with the Yoast SEO plugin v19.5.1 - https:\/\/yoast.com\/wordpress\/plugins\/seo\/ -->\n<title>NUC6C04BU-FE PANDUIT Bobina de Cable UTP 305 m<\/title>\n<meta name=\"description\" content=\"Security Data &amp; Video SA de CV. NUC6C04BU-FE PANDUIT Bobina de Cable UTP 305 m. de Cobre, NetKey, Reelex, Azul, Categor\u00eda 6 (24 AWG), 1000Mbps, PVC (CM), de 4 pares en Guadalajara Jalisco M\u00e9xico.\" \/>\n<meta name=\"robots\" content=\"index, follow, max-snippet:-1, max-image-preview:large, max-video-preview:-1\" \/>\n<link rel=\"canonical\" href=\"https:\/\/www.securitydataandvideo.com\/inicio\/shop\/nuc6c04bu-fe-panduit-bobina-de-cable-utp-305-m-de-cobre-netkey-reelex-azul-categoria-6-24-awg-1000mbps-pvc-cm-de-4-pares-en-guadalajara-jalisco-mexico\/\" \/>\n<meta property=\"og:locale\" content=\"es_MX\" \/>\n<meta property=\"og:type\" content=\"article\" \/>\n<meta property=\"og:title\" content=\"NUC6C04BU-FE PANDUIT Bobina de Cable UTP 305 m\" \/>\n<meta property=\"og:description\" content=\"Security Data &amp; Video SA de CV. NUC6C04BU-FE PANDUIT Bobina de Cable UTP 305 m. de Cobre, NetKey, Reelex, Azul, Categor\u00eda 6 (24 AWG), 1000Mbps, PVC (CM), de 4 pares en Guadalajara Jalisco M\u00e9xico.\" \/>\n<meta property=\"og:url\" content=\"https:\/\/www.securitydataandvideo.com\/inicio\/shop\/nuc6c04bu-fe-panduit-bobina-de-cable-utp-305-m-de-cobre-netkey-reelex-azul-categoria-6-24-awg-1000mbps-pvc-cm-de-4-pares-en-guadalajara-jalisco-mexico\/\" \/>\n<meta property=\"og:site_name\" content=\"Security Data &amp; Video SA de CV.\" \/>\n<meta property=\"article:modified_time\" content=\"2022-07-21T17:43:59+00:00\" \/>\n<meta property=\"og:image\" content=\"https:\/\/www.securitydataandvideo.com\/inicio\/wp-content\/uploads\/2022\/07\/NUC6C04BU-FE-PANDUIT-Bobina-de-Cable-UTP-305-m.-de-Cobre-NetKey-Reelex-Azul-Categoria-6-24-AWG-1000Mbps-PVC-CM-de-4-pares-en-Guadalajara-Jalisco-Mexico..png\" \/>\n\t<meta property=\"og:image:width\" content=\"400\" \/>\n\t<meta property=\"og:image:height\" content=\"400\" \/>\n\t<meta property=\"og:image:type\" content=\"image\/png\" \/>\n<meta name=\"twitter:card\" content=\"summary\" \/>\n<meta name=\"twitter:label1\" content=\"Tiempo de lectura\" \/>\n\t<meta name=\"twitter:data1\" content=\"1 minuto\" \/>\n<script type=\"application\/ld+json\" class=\"yoast-schema-graph\">{\"@context\":\"https:\/\/schema.org\",\"@graph\":[{\"@type\":\"WebPage\",\"@id\":\"https:\/\/www.securitydataandvideo.com\/inicio\/shop\/nuc6c04bu-fe-panduit-bobina-de-cable-utp-305-m-de-cobre-netkey-reelex-azul-categoria-6-24-awg-1000mbps-pvc-cm-de-4-pares-en-guadalajara-jalisco-mexico\/\",\"url\":\"https:\/\/www.securitydataandvideo.com\/inicio\/shop\/nuc6c04bu-fe-panduit-bobina-de-cable-utp-305-m-de-cobre-netkey-reelex-azul-categoria-6-24-awg-1000mbps-pvc-cm-de-4-pares-en-guadalajara-jalisco-mexico\/\",\"name\":\"NUC6C04BU-FE PANDUIT Bobina de Cable UTP 305 m\",\"isPartOf\":{\"@id\":\"https:\/\/www.securitydataandvideo.com\/inicio\/#website\"},\"datePublished\":\"2022-07-21T17:42:59+00:00\",\"dateModified\":\"2022-07-21T17:43:59+00:00\",\"description\":\"Security Data &amp; Video SA de CV. NUC6C04BU-FE PANDUIT Bobina de Cable UTP 305 m. de Cobre, NetKey, Reelex, Azul, Categor\u00eda 6 (24 AWG), 1000Mbps, PVC (CM), de 4 pares en Guadalajara Jalisco M\u00e9xico.\",\"breadcrumb\":{\"@id\":\"https:\/\/www.securitydataandvideo.com\/inicio\/shop\/nuc6c04bu-fe-panduit-bobina-de-cable-utp-305-m-de-cobre-netkey-reelex-azul-categoria-6-24-awg-1000mbps-pvc-cm-de-4-pares-en-guadalajara-jalisco-mexico\/#breadcrumb\"},\"inLanguage\":\"es-MX\",\"potentialAction\":[{\"@type\":\"ReadAction\",\"target\":[\"https:\/\/www.securitydataandvideo.com\/inicio\/shop\/nuc6c04bu-fe-panduit-bobina-de-cable-utp-305-m-de-cobre-netkey-reelex-azul-categoria-6-24-awg-1000mbps-pvc-cm-de-4-pares-en-guadalajara-jalisco-mexico\/\"]}]},{\"@type\":\"BreadcrumbList\",\"@id\":\"https:\/\/www.securitydataandvideo.com\/inicio\/shop\/nuc6c04bu-fe-panduit-bobina-de-cable-utp-305-m-de-cobre-netkey-reelex-azul-categoria-6-24-awg-1000mbps-pvc-cm-de-4-pares-en-guadalajara-jalisco-mexico\/#breadcrumb\",\"itemListElement\":[{\"@type\":\"ListItem\",\"position\":1,\"name\":\"Inicio\",\"item\":\"https:\/\/www.securitydataandvideo.com\/inicio\/\"},{\"@type\":\"ListItem\",\"position\":2,\"name\":\"Shop\",\"item\":\"https:\/\/www.securitydataandvideo.com\/inicio\/shop\/\"},{\"@type\":\"ListItem\",\"position\":3,\"name\":\"NUC6C04BU-FE PANDUIT Bobina de Cable UTP 305 m. de Cobre, NetKey, Reelex, Azul, Categor\u00eda 6 (24 AWG), 1000Mbps, PVC (CM), de 4 pares en Guadalajara Jalisco M\u00e9xico.\"}]},{\"@type\":\"WebSite\",\"@id\":\"https:\/\/www.securitydataandvideo.com\/inicio\/#website\",\"url\":\"https:\/\/www.securitydataandvideo.com\/inicio\/\",\"name\":\"Security Data &amp; Video SA de CV.\",\"description\":\"Seguridad Electr\u00f3nica y Energ\u00eda\",\"publisher\":{\"@id\":\"https:\/\/www.securitydataandvideo.com\/inicio\/#organization\"},\"potentialAction\":[{\"@type\":\"SearchAction\",\"target\":{\"@type\":\"EntryPoint\",\"urlTemplate\":\"https:\/\/www.securitydataandvideo.com\/inicio\/?s={search_term_string}\"},\"query-input\":\"required name=search_term_string\"}],\"inLanguage\":\"es-MX\"},{\"@type\":\"Organization\",\"@id\":\"https:\/\/www.securitydataandvideo.com\/inicio\/#organization\",\"name\":\"Security Data & Video SA de CV\",\"url\":\"https:\/\/www.securitydataandvideo.com\/inicio\/\",\"sameAs\":[],\"logo\":{\"@type\":\"ImageObject\",\"inLanguage\":\"es-MX\",\"@id\":\"https:\/\/www.securitydataandvideo.com\/inicio\/#\/schema\/logo\/image\/\",\"url\":\"https:\/\/www.securitydataandvideo.com\/inicio\/wp-content\/uploads\/2021\/10\/Logo-Azul.png\",\"contentUrl\":\"https:\/\/www.securitydataandvideo.com\/inicio\/wp-content\/uploads\/2021\/10\/Logo-Azul.png\",\"width\":555,\"height\":375,\"caption\":\"Security Data & Video SA de CV\"},\"image\":{\"@id\":\"https:\/\/www.securitydataandvideo.com\/inicio\/#\/schema\/logo\/image\/\"}}]}<\/script>\n<!-- \/ Yoast SEO plugin. -->","yoast_head_json":{"title":"NUC6C04BU-FE PANDUIT Bobina de Cable UTP 305 m","description":"Security Data &amp; Video SA de CV. NUC6C04BU-FE PANDUIT Bobina de Cable UTP 305 m. de Cobre, NetKey, Reelex, Azul, Categor\u00eda 6 (24 AWG), 1000Mbps, PVC (CM), de 4 pares en Guadalajara Jalisco M\u00e9xico.","robots":{"index":"index","follow":"follow","max-snippet":"max-snippet:-1","max-image-preview":"max-image-preview:large","max-video-preview":"max-video-preview:-1"},"canonical":"https:\/\/www.securitydataandvideo.com\/inicio\/shop\/nuc6c04bu-fe-panduit-bobina-de-cable-utp-305-m-de-cobre-netkey-reelex-azul-categoria-6-24-awg-1000mbps-pvc-cm-de-4-pares-en-guadalajara-jalisco-mexico\/","og_locale":"es_MX","og_type":"article","og_title":"NUC6C04BU-FE PANDUIT Bobina de Cable UTP 305 m","og_description":"Security Data &amp; Video SA de CV. NUC6C04BU-FE PANDUIT Bobina de Cable UTP 305 m. de Cobre, NetKey, Reelex, Azul, Categor\u00eda 6 (24 AWG), 1000Mbps, PVC (CM), de 4 pares en Guadalajara Jalisco M\u00e9xico.","og_url":"https:\/\/www.securitydataandvideo.com\/inicio\/shop\/nuc6c04bu-fe-panduit-bobina-de-cable-utp-305-m-de-cobre-netkey-reelex-azul-categoria-6-24-awg-1000mbps-pvc-cm-de-4-pares-en-guadalajara-jalisco-mexico\/","og_site_name":"Security Data &amp; Video SA de CV.","article_modified_time":"2022-07-21T17:43:59+00:00","og_image":[{"width":400,"height":400,"url":"https:\/\/www.securitydataandvideo.com\/inicio\/wp-content\/uploads\/2022\/07\/NUC6C04BU-FE-PANDUIT-Bobina-de-Cable-UTP-305-m.-de-Cobre-NetKey-Reelex-Azul-Categoria-6-24-AWG-1000Mbps-PVC-CM-de-4-pares-en-Guadalajara-Jalisco-Mexico..png","type":"image\/png"}],"twitter_card":"summary","twitter_misc":{"Tiempo de lectura":"1 minuto"},"schema":{"@context":"https:\/\/schema.org","@graph":[{"@type":"WebPage","@id":"https:\/\/www.securitydataandvideo.com\/inicio\/shop\/nuc6c04bu-fe-panduit-bobina-de-cable-utp-305-m-de-cobre-netkey-reelex-azul-categoria-6-24-awg-1000mbps-pvc-cm-de-4-pares-en-guadalajara-jalisco-mexico\/","url":"https:\/\/www.securitydataandvideo.com\/inicio\/shop\/nuc6c04bu-fe-panduit-bobina-de-cable-utp-305-m-de-cobre-netkey-reelex-azul-categoria-6-24-awg-1000mbps-pvc-cm-de-4-pares-en-guadalajara-jalisco-mexico\/","name":"NUC6C04BU-FE PANDUIT Bobina de Cable UTP 305 m","isPartOf":{"@id":"https:\/\/www.securitydataandvideo.com\/inicio\/#website"},"datePublished":"2022-07-21T17:42:59+00:00","dateModified":"2022-07-21T17:43:59+00:00","description":"Security Data &amp; Video SA de CV. NUC6C04BU-FE PANDUIT Bobina de Cable UTP 305 m. de Cobre, NetKey, Reelex, Azul, Categor\u00eda 6 (24 AWG), 1000Mbps, PVC (CM), de 4 pares en Guadalajara Jalisco M\u00e9xico.","breadcrumb":{"@id":"https:\/\/www.securitydataandvideo.com\/inicio\/shop\/nuc6c04bu-fe-panduit-bobina-de-cable-utp-305-m-de-cobre-netkey-reelex-azul-categoria-6-24-awg-1000mbps-pvc-cm-de-4-pares-en-guadalajara-jalisco-mexico\/#breadcrumb"},"inLanguage":"es-MX","potentialAction":[{"@type":"ReadAction","target":["https:\/\/www.securitydataandvideo.com\/inicio\/shop\/nuc6c04bu-fe-panduit-bobina-de-cable-utp-305-m-de-cobre-netkey-reelex-azul-categoria-6-24-awg-1000mbps-pvc-cm-de-4-pares-en-guadalajara-jalisco-mexico\/"]}]},{"@type":"BreadcrumbList","@id":"https:\/\/www.securitydataandvideo.com\/inicio\/shop\/nuc6c04bu-fe-panduit-bobina-de-cable-utp-305-m-de-cobre-netkey-reelex-azul-categoria-6-24-awg-1000mbps-pvc-cm-de-4-pares-en-guadalajara-jalisco-mexico\/#breadcrumb","itemListElement":[{"@type":"ListItem","position":1,"name":"Inicio","item":"https:\/\/www.securitydataandvideo.com\/inicio\/"},{"@type":"ListItem","position":2,"name":"Shop","item":"https:\/\/www.securitydataandvideo.com\/inicio\/shop\/"},{"@type":"ListItem","position":3,"name":"NUC6C04BU-FE PANDUIT Bobina de Cable UTP 305 m. de Cobre, NetKey, Reelex, Azul, Categor\u00eda 6 (24 AWG), 1000Mbps, PVC (CM), de 4 pares en Guadalajara Jalisco M\u00e9xico."}]},{"@type":"WebSite","@id":"https:\/\/www.securitydataandvideo.com\/inicio\/#website","url":"https:\/\/www.securitydataandvideo.com\/inicio\/","name":"Security Data &amp; Video SA de CV.","description":"Seguridad Electr\u00f3nica y Energ\u00eda","publisher":{"@id":"https:\/\/www.securitydataandvideo.com\/inicio\/#organization"},"potentialAction":[{"@type":"SearchAction","target":{"@type":"EntryPoint","urlTemplate":"https:\/\/www.securitydataandvideo.com\/inicio\/?s={search_term_string}"},"query-input":"required name=search_term_string"}],"inLanguage":"es-MX"},{"@type":"Organization","@id":"https:\/\/www.securitydataandvideo.com\/inicio\/#organization","name":"Security Data & Video SA de CV","url":"https:\/\/www.securitydataandvideo.com\/inicio\/","sameAs":[],"logo":{"@type":"ImageObject","inLanguage":"es-MX","@id":"https:\/\/www.securitydataandvideo.com\/inicio\/#\/schema\/logo\/image\/","url":"https:\/\/www.securitydataandvideo.com\/inicio\/wp-content\/uploads\/2021\/10\/Logo-Azul.png","contentUrl":"https:\/\/www.securitydataandvideo.com\/inicio\/wp-content\/uploads\/2021\/10\/Logo-Azul.png","width":555,"height":375,"caption":"Security Data & Video SA de CV"},"image":{"@id":"https:\/\/www.securitydataandvideo.com\/inicio\/#\/schema\/logo\/image\/"}}]}},"_links":{"self":[{"href":"https:\/\/www.securitydataandvideo.com\/inicio\/wp-json\/wp\/v2\/product\/16248"}],"collection":[{"href":"https:\/\/www.securitydataandvideo.com\/inicio\/wp-json\/wp\/v2\/product"}],"about":[{"href":"https:\/\/www.securitydataandvideo.com\/inicio\/wp-json\/wp\/v2\/types\/product"}],"wp:featuredmedia":[{"embeddable":true,"href":"https:\/\/www.securitydataandvideo.com\/inicio\/wp-json\/wp\/v2\/media\/16290"}],"wp:attachment":[{"href":"https:\/\/www.securitydataandvideo.com\/inicio\/wp-json\/wp\/v2\/media?parent=16248"}],"wp:term":[{"taxonomy":"product_cat","embeddable":true,"href":"https:\/\/www.securitydataandvideo.com\/inicio\/wp-json\/wp\/v2\/product_cat?post=16248"},{"taxonomy":"product_tag","embeddable":true,"href":"https:\/\/www.securitydataandvideo.com\/inicio\/wp-json\/wp\/v2\/product_tag?post=16248"}],"curies":[{"name":"wp","href":"https:\/\/api.w.org\/{rel}","templated":true}]}}