{"id":16272,"date":"2022-07-21T11:43:28","date_gmt":"2022-07-21T17:43:28","guid":{"rendered":"https:\/\/www.securitydataandvideo.com\/inicio\/?post_type=product&#038;p=16272"},"modified":"2023-10-02T22:20:39","modified_gmt":"2023-10-03T04:20:39","slug":"ap2002hd-accesspro-torniquete-de-medio-cuerpo-en-acero-inoxidable-motorizado-bidireccional-espacio-para-lectora-de-proximidad-interiores-en-guadalajara-jalisco-mexico","status":"publish","type":"product","link":"https:\/\/www.securitydataandvideo.com\/inicio\/shop\/ap2002hd-accesspro-torniquete-de-medio-cuerpo-en-acero-inoxidable-motorizado-bidireccional-espacio-para-lectora-de-proximidad-interiores-en-guadalajara-jalisco-mexico\/","title":{"rendered":"AP2002HD ACCESSPRO Torniquete de Medio Cuerpo en Acero Inoxidable, Motorizado, Bidireccional, Espacio para Lectora de Proximidad, Interiores, en Guadalajara Jalisco M\u00e9xico."},"content":{"rendered":"<p><strong>AP2002HD ACCESSPRO Torniquete Medio Cuerpo Acero Inoxidable, Motorizado, Bidireccional, Espacio para Lectora de Proximidad, Interiores, en Guadalajara Jalisco M\u00e9xico.<\/strong><\/p>\n<p>Los torniquetes serie HD de la marca AccesPRO son su mejor opci\u00f3n para su control de flujo de personas, gracias a su rotor motorizado podemos garantizar hasta 5,000,000 de ciclos antes de fallo del mecanismo.<\/p>\n<p><strong>Caracteristicas de Torniquete\u00a0 Medio Cuerpo Acero Inoxidable:<\/strong><\/p>\n<p><strong>Dimensiones<\/strong>:480x280x960mm;<\/p>\n<p><strong>Material:<\/strong>\u00a01.0mm 304 SUS\u00a0 Hairline #400 ;<\/p>\n<p><strong>Ancho del pasaje:<\/strong>\u00a0\u2266550mm;<\/p>\n<p><strong>Flujo de personas:<\/strong>\u00a030-35 personas\/minuto<\/p>\n<p><strong>Tiempo de operaci\u00f3n:<\/strong>\u00a00.2 Segundos<\/p>\n<p><strong>Voltaje de entrada:<\/strong>100-240V,50\/60HZ;<\/p>\n<p><strong>Voltaje de operaci\u00f3n:<\/strong>24V;<\/p>\n<p><strong>Interfaz de comunicaci\u00f3n:<\/strong>\u00a0RS485,Activaci\u00f3n por contacto seco.<\/p>\n<p><strong>Garant\u00eda de un a\u00f1o.<\/strong><\/p>\n<p>Los torniquetes serie HD de la marca AccesPRO son su mejor opci\u00f3n para su control de flujo de personas, gracias a su rotor motorizado podemos garantizar hasta 5,000,000 de ciclos antes de fallo del mecanismo.<\/p>\n<h6>CARACTERISTICAS Y BENEFICIOS del Torniquete de Medio Cuerpo en Acero Inoxidable<\/h6>\n<p>Utilice tarjetas inteligentes de RFID, tarjetas de identidad, lectores de c\u00f3digo de barras o banda magn\u00e9tica.<br \/>\nEl indicador de direcci\u00f3n muestra al peaton el estado de la lectura actual y gu\u00eda al peaton correctamente.<br \/>\nModo Mec\u00e1nico\uff1a El peaton empuja el brazo hasta que regresa de nueva cuenta a posici\u00f3n inicial.<br \/>\nUnidireccional o bidireccional, configurable en el torniquete.<br \/>\nAuto bloqueo despu\u00e9s de cada acceso.<br \/>\nRetraso de tiempo ajustable.<\/p>\n<p>Los torniquetes de la serie AccessPRO son un tipo de barrera eficiente, con un dise\u00f1o compacto, adem\u00e1s ofrecen espacio suficiente para integrar cualquier Sistema de control de acceso.<br \/>\nPueden ser instalados con diferentes accesorios como, contadores de personas, lectores de tarjetas, sistemas de<br \/>\nalarma contra accesos no autorizados. Gracias a su funci\u00f3n de abatimiento de brazo provee una soluci\u00f3n excelente en caso de alguna emergencia o perdida de energ\u00eda, proporcionando as\u00ed salida libre en caso de alguna evacuaci\u00f3n. Excelente durabilidad con un mantenimiento m\u00ednimo se traduce a a\u00f1os y millones de ciclos sin ning\u00fan problema. El torniquete AP1000HD crea un ambiente seguro para aplicaciones por ejemplo: recepciones, estadios, seguridad interior y de per\u00edmetro, parques recreativos etc\u2026<\/p>\n<p>&nbsp;<\/p>\n<h6>MODOS DE OPERACION del Torniquete de Medio Cuerpo en Acero Inoxidable<\/h6>\n<p>Acceso en una sola direcci\u00f3n.<br \/>\nEntrada bi direccional.<br \/>\nPaso libre en direcci\u00f3n deseada.<br \/>\nSiempre libre o siempre bloqueado.<\/p>\n<h6>\nMATERIALES<\/h6>\n<p>Gabinete: Acero inoxidable AISI 304 oAISI316.<br \/>\nBrazos en barra de acero inoxidable.<\/p>\n","protected":false},"excerpt":{"rendered":"<p><strong>AP2002HD ACCESSPRO Torniquete de Medio Cuerpo en Acero Inoxidable, Motorizado, Bidireccional, Espacio para Lectora de Proximidad, Interiores, en Guadalajara Jalisco M\u00e9xico.<\/strong><\/p>\n","protected":false},"featured_media":16318,"template":"","meta":{"site-sidebar-layout":"default","site-content-layout":"default","ast-site-content-layout":"","site-content-style":"default","site-sidebar-style":"default","ast-global-header-display":"","ast-banner-title-visibility":"","ast-main-header-display":"","ast-hfb-above-header-display":"","ast-hfb-below-header-display":"","ast-hfb-mobile-header-display":"","site-post-title":"","ast-breadcrumbs-content":"","ast-featured-img":"","footer-sml-layout":"","theme-transparent-header-meta":"default","adv-header-id-meta":"","stick-header-meta":"","header-above-stick-meta":"","header-main-stick-meta":"","header-below-stick-meta":"","astra-migrate-meta-layouts":""},"product_cat":[314],"product_tag":[126],"yoast_head":"<!-- This site is optimized with the Yoast SEO plugin v19.5.1 - https:\/\/yoast.com\/wordpress\/plugins\/seo\/ -->\n<title>Torniquete Medio Cuerpo Acero Inoxidable - Security Data &amp; Video SA de CV.<\/title>\n<meta name=\"description\" content=\"AP2002HD ACCESSPRO Torniquete Medio Cuerpo Acero Inoxidable, Motorizado, Bidireccional, Espacio para Lectora de Proximidad, Interiores.\" \/>\n<meta name=\"robots\" content=\"index, follow, max-snippet:-1, max-image-preview:large, max-video-preview:-1\" \/>\n<link rel=\"canonical\" href=\"https:\/\/www.securitydataandvideo.com\/inicio\/shop\/ap2002hd-accesspro-torniquete-de-medio-cuerpo-en-acero-inoxidable-motorizado-bidireccional-espacio-para-lectora-de-proximidad-interiores-en-guadalajara-jalisco-mexico\/\" \/>\n<meta property=\"og:locale\" content=\"es_MX\" \/>\n<meta property=\"og:type\" content=\"article\" \/>\n<meta property=\"og:title\" content=\"Torniquete Medio Cuerpo Acero Inoxidable - Security Data &amp; Video SA de CV.\" \/>\n<meta property=\"og:description\" content=\"AP2002HD ACCESSPRO Torniquete Medio Cuerpo Acero Inoxidable, Motorizado, Bidireccional, Espacio para Lectora de Proximidad, Interiores.\" \/>\n<meta property=\"og:url\" content=\"https:\/\/www.securitydataandvideo.com\/inicio\/shop\/ap2002hd-accesspro-torniquete-de-medio-cuerpo-en-acero-inoxidable-motorizado-bidireccional-espacio-para-lectora-de-proximidad-interiores-en-guadalajara-jalisco-mexico\/\" \/>\n<meta property=\"og:site_name\" content=\"Security Data &amp; Video SA de CV.\" \/>\n<meta property=\"article:modified_time\" content=\"2023-10-03T04:20:39+00:00\" \/>\n<meta property=\"og:image\" content=\"https:\/\/www.securitydataandvideo.com\/inicio\/wp-content\/uploads\/2022\/07\/AP2002HD-ACCESSPRO-Torniquete-Industrial-en-Acero-InoxidableMotorizado-Bidireccional-Espacio-para-Lectora-de-Proximidad-Interiores-en-Guadalajara-Jalisco-Mexico..png\" \/>\n\t<meta property=\"og:image:width\" content=\"400\" \/>\n\t<meta property=\"og:image:height\" content=\"400\" \/>\n\t<meta property=\"og:image:type\" content=\"image\/png\" \/>\n<meta name=\"twitter:card\" content=\"summary\" \/>\n<meta name=\"twitter:label1\" content=\"Tiempo de lectura\" \/>\n\t<meta name=\"twitter:data1\" content=\"2 minutos\" \/>\n<script type=\"application\/ld+json\" class=\"yoast-schema-graph\">{\"@context\":\"https:\/\/schema.org\",\"@graph\":[{\"@type\":\"WebPage\",\"@id\":\"https:\/\/www.securitydataandvideo.com\/inicio\/shop\/ap2002hd-accesspro-torniquete-de-medio-cuerpo-en-acero-inoxidable-motorizado-bidireccional-espacio-para-lectora-de-proximidad-interiores-en-guadalajara-jalisco-mexico\/\",\"url\":\"https:\/\/www.securitydataandvideo.com\/inicio\/shop\/ap2002hd-accesspro-torniquete-de-medio-cuerpo-en-acero-inoxidable-motorizado-bidireccional-espacio-para-lectora-de-proximidad-interiores-en-guadalajara-jalisco-mexico\/\",\"name\":\"Torniquete Medio Cuerpo Acero Inoxidable - Security Data &amp; Video SA de CV.\",\"isPartOf\":{\"@id\":\"https:\/\/www.securitydataandvideo.com\/inicio\/#website\"},\"datePublished\":\"2022-07-21T17:43:28+00:00\",\"dateModified\":\"2023-10-03T04:20:39+00:00\",\"description\":\"AP2002HD ACCESSPRO Torniquete Medio Cuerpo Acero Inoxidable, Motorizado, Bidireccional, Espacio para Lectora de Proximidad, Interiores.\",\"breadcrumb\":{\"@id\":\"https:\/\/www.securitydataandvideo.com\/inicio\/shop\/ap2002hd-accesspro-torniquete-de-medio-cuerpo-en-acero-inoxidable-motorizado-bidireccional-espacio-para-lectora-de-proximidad-interiores-en-guadalajara-jalisco-mexico\/#breadcrumb\"},\"inLanguage\":\"es-MX\",\"potentialAction\":[{\"@type\":\"ReadAction\",\"target\":[\"https:\/\/www.securitydataandvideo.com\/inicio\/shop\/ap2002hd-accesspro-torniquete-de-medio-cuerpo-en-acero-inoxidable-motorizado-bidireccional-espacio-para-lectora-de-proximidad-interiores-en-guadalajara-jalisco-mexico\/\"]}]},{\"@type\":\"BreadcrumbList\",\"@id\":\"https:\/\/www.securitydataandvideo.com\/inicio\/shop\/ap2002hd-accesspro-torniquete-de-medio-cuerpo-en-acero-inoxidable-motorizado-bidireccional-espacio-para-lectora-de-proximidad-interiores-en-guadalajara-jalisco-mexico\/#breadcrumb\",\"itemListElement\":[{\"@type\":\"ListItem\",\"position\":1,\"name\":\"Inicio\",\"item\":\"https:\/\/www.securitydataandvideo.com\/inicio\/\"},{\"@type\":\"ListItem\",\"position\":2,\"name\":\"Shop\",\"item\":\"https:\/\/www.securitydataandvideo.com\/inicio\/shop\/\"},{\"@type\":\"ListItem\",\"position\":3,\"name\":\"AP2002HD ACCESSPRO Torniquete de Medio Cuerpo en Acero Inoxidable, Motorizado, Bidireccional, Espacio para Lectora de Proximidad, Interiores, en Guadalajara Jalisco M\u00e9xico.\"}]},{\"@type\":\"WebSite\",\"@id\":\"https:\/\/www.securitydataandvideo.com\/inicio\/#website\",\"url\":\"https:\/\/www.securitydataandvideo.com\/inicio\/\",\"name\":\"Security Data &amp; Video SA de CV.\",\"description\":\"Seguridad Electr\u00f3nica y Energ\u00eda\",\"publisher\":{\"@id\":\"https:\/\/www.securitydataandvideo.com\/inicio\/#organization\"},\"potentialAction\":[{\"@type\":\"SearchAction\",\"target\":{\"@type\":\"EntryPoint\",\"urlTemplate\":\"https:\/\/www.securitydataandvideo.com\/inicio\/?s={search_term_string}\"},\"query-input\":\"required name=search_term_string\"}],\"inLanguage\":\"es-MX\"},{\"@type\":\"Organization\",\"@id\":\"https:\/\/www.securitydataandvideo.com\/inicio\/#organization\",\"name\":\"Security Data & Video SA de CV\",\"url\":\"https:\/\/www.securitydataandvideo.com\/inicio\/\",\"sameAs\":[],\"logo\":{\"@type\":\"ImageObject\",\"inLanguage\":\"es-MX\",\"@id\":\"https:\/\/www.securitydataandvideo.com\/inicio\/#\/schema\/logo\/image\/\",\"url\":\"https:\/\/www.securitydataandvideo.com\/inicio\/wp-content\/uploads\/2021\/10\/Logo-Azul.png\",\"contentUrl\":\"https:\/\/www.securitydataandvideo.com\/inicio\/wp-content\/uploads\/2021\/10\/Logo-Azul.png\",\"width\":555,\"height\":375,\"caption\":\"Security Data & Video SA de CV\"},\"image\":{\"@id\":\"https:\/\/www.securitydataandvideo.com\/inicio\/#\/schema\/logo\/image\/\"}}]}<\/script>\n<!-- \/ Yoast SEO plugin. -->","yoast_head_json":{"title":"Torniquete Medio Cuerpo Acero Inoxidable - Security Data &amp; Video SA de CV.","description":"AP2002HD ACCESSPRO Torniquete Medio Cuerpo Acero Inoxidable, Motorizado, Bidireccional, Espacio para Lectora de Proximidad, Interiores.","robots":{"index":"index","follow":"follow","max-snippet":"max-snippet:-1","max-image-preview":"max-image-preview:large","max-video-preview":"max-video-preview:-1"},"canonical":"https:\/\/www.securitydataandvideo.com\/inicio\/shop\/ap2002hd-accesspro-torniquete-de-medio-cuerpo-en-acero-inoxidable-motorizado-bidireccional-espacio-para-lectora-de-proximidad-interiores-en-guadalajara-jalisco-mexico\/","og_locale":"es_MX","og_type":"article","og_title":"Torniquete Medio Cuerpo Acero Inoxidable - Security Data &amp; Video SA de CV.","og_description":"AP2002HD ACCESSPRO Torniquete Medio Cuerpo Acero Inoxidable, Motorizado, Bidireccional, Espacio para Lectora de Proximidad, Interiores.","og_url":"https:\/\/www.securitydataandvideo.com\/inicio\/shop\/ap2002hd-accesspro-torniquete-de-medio-cuerpo-en-acero-inoxidable-motorizado-bidireccional-espacio-para-lectora-de-proximidad-interiores-en-guadalajara-jalisco-mexico\/","og_site_name":"Security Data &amp; Video SA de CV.","article_modified_time":"2023-10-03T04:20:39+00:00","og_image":[{"width":400,"height":400,"url":"https:\/\/www.securitydataandvideo.com\/inicio\/wp-content\/uploads\/2022\/07\/AP2002HD-ACCESSPRO-Torniquete-Industrial-en-Acero-InoxidableMotorizado-Bidireccional-Espacio-para-Lectora-de-Proximidad-Interiores-en-Guadalajara-Jalisco-Mexico..png","type":"image\/png"}],"twitter_card":"summary","twitter_misc":{"Tiempo de lectura":"2 minutos"},"schema":{"@context":"https:\/\/schema.org","@graph":[{"@type":"WebPage","@id":"https:\/\/www.securitydataandvideo.com\/inicio\/shop\/ap2002hd-accesspro-torniquete-de-medio-cuerpo-en-acero-inoxidable-motorizado-bidireccional-espacio-para-lectora-de-proximidad-interiores-en-guadalajara-jalisco-mexico\/","url":"https:\/\/www.securitydataandvideo.com\/inicio\/shop\/ap2002hd-accesspro-torniquete-de-medio-cuerpo-en-acero-inoxidable-motorizado-bidireccional-espacio-para-lectora-de-proximidad-interiores-en-guadalajara-jalisco-mexico\/","name":"Torniquete Medio Cuerpo Acero Inoxidable - Security Data &amp; Video SA de CV.","isPartOf":{"@id":"https:\/\/www.securitydataandvideo.com\/inicio\/#website"},"datePublished":"2022-07-21T17:43:28+00:00","dateModified":"2023-10-03T04:20:39+00:00","description":"AP2002HD ACCESSPRO Torniquete Medio Cuerpo Acero Inoxidable, Motorizado, Bidireccional, Espacio para Lectora de Proximidad, Interiores.","breadcrumb":{"@id":"https:\/\/www.securitydataandvideo.com\/inicio\/shop\/ap2002hd-accesspro-torniquete-de-medio-cuerpo-en-acero-inoxidable-motorizado-bidireccional-espacio-para-lectora-de-proximidad-interiores-en-guadalajara-jalisco-mexico\/#breadcrumb"},"inLanguage":"es-MX","potentialAction":[{"@type":"ReadAction","target":["https:\/\/www.securitydataandvideo.com\/inicio\/shop\/ap2002hd-accesspro-torniquete-de-medio-cuerpo-en-acero-inoxidable-motorizado-bidireccional-espacio-para-lectora-de-proximidad-interiores-en-guadalajara-jalisco-mexico\/"]}]},{"@type":"BreadcrumbList","@id":"https:\/\/www.securitydataandvideo.com\/inicio\/shop\/ap2002hd-accesspro-torniquete-de-medio-cuerpo-en-acero-inoxidable-motorizado-bidireccional-espacio-para-lectora-de-proximidad-interiores-en-guadalajara-jalisco-mexico\/#breadcrumb","itemListElement":[{"@type":"ListItem","position":1,"name":"Inicio","item":"https:\/\/www.securitydataandvideo.com\/inicio\/"},{"@type":"ListItem","position":2,"name":"Shop","item":"https:\/\/www.securitydataandvideo.com\/inicio\/shop\/"},{"@type":"ListItem","position":3,"name":"AP2002HD ACCESSPRO Torniquete de Medio Cuerpo en Acero Inoxidable, Motorizado, Bidireccional, Espacio para Lectora de Proximidad, Interiores, en Guadalajara Jalisco M\u00e9xico."}]},{"@type":"WebSite","@id":"https:\/\/www.securitydataandvideo.com\/inicio\/#website","url":"https:\/\/www.securitydataandvideo.com\/inicio\/","name":"Security Data &amp; Video SA de CV.","description":"Seguridad Electr\u00f3nica y Energ\u00eda","publisher":{"@id":"https:\/\/www.securitydataandvideo.com\/inicio\/#organization"},"potentialAction":[{"@type":"SearchAction","target":{"@type":"EntryPoint","urlTemplate":"https:\/\/www.securitydataandvideo.com\/inicio\/?s={search_term_string}"},"query-input":"required name=search_term_string"}],"inLanguage":"es-MX"},{"@type":"Organization","@id":"https:\/\/www.securitydataandvideo.com\/inicio\/#organization","name":"Security Data & Video SA de CV","url":"https:\/\/www.securitydataandvideo.com\/inicio\/","sameAs":[],"logo":{"@type":"ImageObject","inLanguage":"es-MX","@id":"https:\/\/www.securitydataandvideo.com\/inicio\/#\/schema\/logo\/image\/","url":"https:\/\/www.securitydataandvideo.com\/inicio\/wp-content\/uploads\/2021\/10\/Logo-Azul.png","contentUrl":"https:\/\/www.securitydataandvideo.com\/inicio\/wp-content\/uploads\/2021\/10\/Logo-Azul.png","width":555,"height":375,"caption":"Security Data & Video SA de CV"},"image":{"@id":"https:\/\/www.securitydataandvideo.com\/inicio\/#\/schema\/logo\/image\/"}}]}},"_links":{"self":[{"href":"https:\/\/www.securitydataandvideo.com\/inicio\/wp-json\/wp\/v2\/product\/16272"}],"collection":[{"href":"https:\/\/www.securitydataandvideo.com\/inicio\/wp-json\/wp\/v2\/product"}],"about":[{"href":"https:\/\/www.securitydataandvideo.com\/inicio\/wp-json\/wp\/v2\/types\/product"}],"wp:featuredmedia":[{"embeddable":true,"href":"https:\/\/www.securitydataandvideo.com\/inicio\/wp-json\/wp\/v2\/media\/16318"}],"wp:attachment":[{"href":"https:\/\/www.securitydataandvideo.com\/inicio\/wp-json\/wp\/v2\/media?parent=16272"}],"wp:term":[{"taxonomy":"product_cat","embeddable":true,"href":"https:\/\/www.securitydataandvideo.com\/inicio\/wp-json\/wp\/v2\/product_cat?post=16272"},{"taxonomy":"product_tag","embeddable":true,"href":"https:\/\/www.securitydataandvideo.com\/inicio\/wp-json\/wp\/v2\/product_tag?post=16272"}],"curies":[{"name":"wp","href":"https:\/\/api.w.org\/{rel}","templated":true}]}}