{"id":16286,"date":"2022-07-21T11:43:52","date_gmt":"2022-07-21T17:43:52","guid":{"rendered":"https:\/\/www.securitydataandvideo.com\/inicio\/?post_type=product&#038;p=16286"},"modified":"2023-10-02T22:19:57","modified_gmt":"2023-10-03T04:19:57","slug":"sbt-1000s-zkteco-torniquete-tipo-bandera-medio-cuerpo-fabricado-en-acero-inoxidable-con-hoja-de-cristal-templado-acabado-de-lujo-iluminacion-leds-base-para-lectora-en-guadalajara-jalisco-mexi","status":"publish","type":"product","link":"https:\/\/www.securitydataandvideo.com\/inicio\/shop\/sbt-1000s-zkteco-torniquete-tipo-bandera-medio-cuerpo-fabricado-en-acero-inoxidable-con-hoja-de-cristal-templado-acabado-de-lujo-iluminacion-leds-base-para-lectora-en-guadalajara-jalisco-mexi\/","title":{"rendered":"SBT-1000S  ZKTECO Torniquete Tipo Bandera medio cuerpo, Fabricado en Acero Inoxidable con Hoja de Cristal Templado \/ Acabado de Lujo \/ Iluminaci\u00f3n LEDs \/ Base para Lectora, en Guadalajara Jalisco M\u00e9xico."},"content":{"rendered":"<p><em>SBT-1000S ZKTECO Torniquete Tipo Bandera medio cuerpo, Fabricado en Acero Inoxidable con Hoja de Cristal Templado \/ Acabado de Lujo \/ Iluminaci\u00f3n LEDs \/ Base para Lectora, en Guadalajara Jalisco M\u00e9xico.<\/em><\/p>\n<p>La barrera de cortes\u00eda SBT1000S cuenta con un dise\u00f1o compacto y f\u00e1cil de integrar en espacios reducidos. Se adapta perfectamente para instalarla en accesos de cortes\u00eda junto a torniquetes o torniquetes tipo flap.<\/p>\n<p>SBT1000S proporciona un control el\u00e9ctrico bilateral y puede integrar dispositivos de control de acceso. Cuando una autorizada tiene un evento de acceso correcto, las barreras el\u00e9ctricas se abren y permiten un acceso.<\/p>\n<p>Con un correcto funcionamiento y alta durabilidad, la barrera SBT1000S es una \u00f3ptima elecci\u00f3n para el control de acceso en entradas.<\/p>\n<h6>Caracter\u00edsticas de Torniquete Tipo Bandera medio cuerpo:<\/h6>\n<p>&#8211; Funcionamiento suave y silencioso.<br \/>\n&#8211; F\u00e1cil instalaci\u00f3n y mantenimiento.<br \/>\n&#8211; Acero inoxidable.<br \/>\n&#8211; Bidireccional<br \/>\n&#8211; Capacidad de acceso: 10 personas por minuto<br \/>\n&#8211; Velocidad de apertura\/cierre: 1 segundo<br \/>\n&#8211; Fuente de alimentaci\u00f3n: 110-240 VAC +\/- 10<br \/>\n&#8211; Consumo de energ\u00eda (operaci\u00f3n): 20 W<br \/>\n&#8211; Consumo de energ\u00eda (reposo): 5 W<br \/>\n&#8211; Temperatura de operaci\u00f3n: -10\u00b0 C a 60\u00b0 C<br \/>\n&#8211; Dimensiones: 19 * 21 * 110 cm<br \/>\n&#8211; Ancho de pasillo: 90 cm<\/p>\n<p><strong>* Cuenta con espacio disponible para colocar lector (lectores y controlador de acceso no incluidos).<\/strong><\/p>\n<p><strong>* Hoja de cristal incluida.<\/strong><\/p>\n<p id=\"tw-target-text\" class=\"tw-data-text tw-text-large XcVN5d tw-ta\" dir=\"ltr\" data-placeholder=\"Traducci\u00f3n\"><span lang=\"es\">Caracter\u00edsticas Fiabilidad <\/span><\/p>\n<ul>\n<li class=\"tw-data-text tw-text-large XcVN5d tw-ta\" dir=\"ltr\" data-placeholder=\"Traducci\u00f3n\"><span lang=\"es\">El cuerpo de acero inoxidable SUS304 proporciona durabilidad<\/span><\/li>\n<li class=\"tw-data-text tw-text-large XcVN5d tw-ta\" dir=\"ltr\" data-placeholder=\"Traducci\u00f3n\"><span lang=\"es\">Componentes el\u00e9ctricos de alta calidad Caracteristicas de seguridad<\/span><\/li>\n<li class=\"tw-data-text tw-text-large XcVN5d tw-ta\" dir=\"ltr\" data-placeholder=\"Traducci\u00f3n\"><span lang=\"es\">Las barreras se abren autom\u00e1ticamente durante las emergencias <\/span><\/li>\n<li class=\"tw-data-text tw-text-large XcVN5d tw-ta\" dir=\"ltr\" data-placeholder=\"Traducci\u00f3n\"><span lang=\"es\">Funcionamiento suave y silencioso y sin exposici\u00f3n empulgueras. <\/span><\/li>\n<li class=\"tw-data-text tw-text-large XcVN5d tw-ta\" dir=\"ltr\" data-placeholder=\"Traducci\u00f3n\"><span lang=\"es\">Componentes el\u00e9ctricos duraderos <\/span><\/li>\n<li class=\"tw-data-text tw-text-large XcVN5d tw-ta\" dir=\"ltr\" data-placeholder=\"Traducci\u00f3n\"><span lang=\"es\">Dise\u00f1o ergon\u00f3mico permite tarjetas y huellas dactilares autenticaci\u00f3n m\u00e1s r\u00e1pida y sencilla para los usuarios. Integraci\u00f3n de lector incorporada <\/span><\/li>\n<li class=\"tw-data-text tw-text-large XcVN5d tw-ta\" dir=\"ltr\" data-placeholder=\"Traducci\u00f3n\"><span lang=\"es\">La serie SBT1000S ya est\u00e1 integrada con los clientes preferencia por el control de acceso con tarjeta o huella digital lector que reduce en gran medida el tiempo de instalaci\u00f3n y gastos. <\/span><\/li>\n<li class=\"tw-data-text tw-text-large XcVN5d tw-ta\" dir=\"ltr\" data-placeholder=\"Traducci\u00f3n\"><span lang=\"es\">Serie SBT1000S y lectores de control de acceso asociados han pasado la prueba de f\u00e1brica antes del env\u00edo.<\/span><\/li>\n<li class=\"tw-data-text tw-text-large XcVN5d tw-ta\" dir=\"ltr\" data-placeholder=\"Traducci\u00f3n\"><span lang=\"es\">ZKTeco proporciona el dispositivo plug &amp; play con el menor precio en toda la industria<\/span><\/li>\n<\/ul>\n","protected":false},"excerpt":{"rendered":"<p><strong>SBT-1000S ZKTECO Torniquete Tipo Bandera medio cuerpo, Fabricado en Acero Inoxidable con Hoja de Cristal Templado \/ Acabado de Lujo \/ Iluminaci\u00f3n LEDs \/ Base para Lectora, en Guadalajara Jalisco M\u00e9xico.<\/strong><\/p>\n","protected":false},"featured_media":16331,"template":"","meta":{"site-sidebar-layout":"default","site-content-layout":"default","ast-site-content-layout":"","site-content-style":"default","site-sidebar-style":"default","ast-global-header-display":"","ast-banner-title-visibility":"","ast-main-header-display":"","ast-hfb-above-header-display":"","ast-hfb-below-header-display":"","ast-hfb-mobile-header-display":"","site-post-title":"","ast-breadcrumbs-content":"","ast-featured-img":"","footer-sml-layout":"","theme-transparent-header-meta":"default","adv-header-id-meta":"","stick-header-meta":"","header-above-stick-meta":"","header-main-stick-meta":"","header-below-stick-meta":"","astra-migrate-meta-layouts":""},"product_cat":[314],"product_tag":[131],"yoast_head":"<!-- This site is optimized with the Yoast SEO plugin v19.5.1 - https:\/\/yoast.com\/wordpress\/plugins\/seo\/ -->\n<title>Torniquete Tipo Bandera medio cuerpo - Security Data &amp; Video SA de CV.<\/title>\n<meta name=\"description\" content=\"SBT-1000S ZKTECO Torniquete Tipo Bandera medio cuerpo, Fabricado en Acero Inoxidable con Hoja de Cristal Templado, Instalacion en Guadalajara\" \/>\n<meta name=\"robots\" content=\"index, follow, max-snippet:-1, max-image-preview:large, max-video-preview:-1\" \/>\n<link rel=\"canonical\" href=\"https:\/\/www.securitydataandvideo.com\/inicio\/shop\/sbt-1000s-zkteco-torniquete-tipo-bandera-medio-cuerpo-fabricado-en-acero-inoxidable-con-hoja-de-cristal-templado-acabado-de-lujo-iluminacion-leds-base-para-lectora-en-guadalajara-jalisco-mexi\/\" \/>\n<meta property=\"og:locale\" content=\"es_MX\" \/>\n<meta property=\"og:type\" content=\"article\" \/>\n<meta property=\"og:title\" content=\"Torniquete Tipo Bandera medio cuerpo - Security Data &amp; Video SA de CV.\" \/>\n<meta property=\"og:description\" content=\"SBT-1000S ZKTECO Torniquete Tipo Bandera medio cuerpo, Fabricado en Acero Inoxidable con Hoja de Cristal Templado, Instalacion en Guadalajara\" \/>\n<meta property=\"og:url\" content=\"https:\/\/www.securitydataandvideo.com\/inicio\/shop\/sbt-1000s-zkteco-torniquete-tipo-bandera-medio-cuerpo-fabricado-en-acero-inoxidable-con-hoja-de-cristal-templado-acabado-de-lujo-iluminacion-leds-base-para-lectora-en-guadalajara-jalisco-mexi\/\" \/>\n<meta property=\"og:site_name\" content=\"Security Data &amp; Video SA de CV.\" \/>\n<meta property=\"article:modified_time\" content=\"2023-10-03T04:19:57+00:00\" \/>\n<meta property=\"og:image\" content=\"https:\/\/www.securitydataandvideo.com\/inicio\/wp-content\/uploads\/2022\/07\/SBT-1000S-ZKTECO.png\" \/>\n\t<meta property=\"og:image:width\" content=\"400\" \/>\n\t<meta property=\"og:image:height\" content=\"400\" \/>\n\t<meta property=\"og:image:type\" content=\"image\/png\" \/>\n<meta name=\"twitter:card\" content=\"summary\" \/>\n<meta name=\"twitter:label1\" content=\"Tiempo de lectura\" \/>\n\t<meta name=\"twitter:data1\" content=\"2 minutos\" \/>\n<script type=\"application\/ld+json\" class=\"yoast-schema-graph\">{\"@context\":\"https:\/\/schema.org\",\"@graph\":[{\"@type\":\"WebPage\",\"@id\":\"https:\/\/www.securitydataandvideo.com\/inicio\/shop\/sbt-1000s-zkteco-torniquete-tipo-bandera-medio-cuerpo-fabricado-en-acero-inoxidable-con-hoja-de-cristal-templado-acabado-de-lujo-iluminacion-leds-base-para-lectora-en-guadalajara-jalisco-mexi\/\",\"url\":\"https:\/\/www.securitydataandvideo.com\/inicio\/shop\/sbt-1000s-zkteco-torniquete-tipo-bandera-medio-cuerpo-fabricado-en-acero-inoxidable-con-hoja-de-cristal-templado-acabado-de-lujo-iluminacion-leds-base-para-lectora-en-guadalajara-jalisco-mexi\/\",\"name\":\"Torniquete Tipo Bandera medio cuerpo - Security Data &amp; Video SA de CV.\",\"isPartOf\":{\"@id\":\"https:\/\/www.securitydataandvideo.com\/inicio\/#website\"},\"datePublished\":\"2022-07-21T17:43:52+00:00\",\"dateModified\":\"2023-10-03T04:19:57+00:00\",\"description\":\"SBT-1000S ZKTECO Torniquete Tipo Bandera medio cuerpo, Fabricado en Acero Inoxidable con Hoja de Cristal Templado, Instalacion en Guadalajara\",\"breadcrumb\":{\"@id\":\"https:\/\/www.securitydataandvideo.com\/inicio\/shop\/sbt-1000s-zkteco-torniquete-tipo-bandera-medio-cuerpo-fabricado-en-acero-inoxidable-con-hoja-de-cristal-templado-acabado-de-lujo-iluminacion-leds-base-para-lectora-en-guadalajara-jalisco-mexi\/#breadcrumb\"},\"inLanguage\":\"es-MX\",\"potentialAction\":[{\"@type\":\"ReadAction\",\"target\":[\"https:\/\/www.securitydataandvideo.com\/inicio\/shop\/sbt-1000s-zkteco-torniquete-tipo-bandera-medio-cuerpo-fabricado-en-acero-inoxidable-con-hoja-de-cristal-templado-acabado-de-lujo-iluminacion-leds-base-para-lectora-en-guadalajara-jalisco-mexi\/\"]}]},{\"@type\":\"BreadcrumbList\",\"@id\":\"https:\/\/www.securitydataandvideo.com\/inicio\/shop\/sbt-1000s-zkteco-torniquete-tipo-bandera-medio-cuerpo-fabricado-en-acero-inoxidable-con-hoja-de-cristal-templado-acabado-de-lujo-iluminacion-leds-base-para-lectora-en-guadalajara-jalisco-mexi\/#breadcrumb\",\"itemListElement\":[{\"@type\":\"ListItem\",\"position\":1,\"name\":\"Inicio\",\"item\":\"https:\/\/www.securitydataandvideo.com\/inicio\/\"},{\"@type\":\"ListItem\",\"position\":2,\"name\":\"Shop\",\"item\":\"https:\/\/www.securitydataandvideo.com\/inicio\/shop\/\"},{\"@type\":\"ListItem\",\"position\":3,\"name\":\"SBT-1000S ZKTECO Torniquete Tipo Bandera medio cuerpo, Fabricado en Acero Inoxidable con Hoja de Cristal Templado \/ Acabado de Lujo \/ Iluminaci\u00f3n LEDs \/ Base para Lectora, en Guadalajara Jalisco M\u00e9xico.\"}]},{\"@type\":\"WebSite\",\"@id\":\"https:\/\/www.securitydataandvideo.com\/inicio\/#website\",\"url\":\"https:\/\/www.securitydataandvideo.com\/inicio\/\",\"name\":\"Security Data &amp; Video SA de CV.\",\"description\":\"Seguridad Electr\u00f3nica y Energ\u00eda\",\"publisher\":{\"@id\":\"https:\/\/www.securitydataandvideo.com\/inicio\/#organization\"},\"potentialAction\":[{\"@type\":\"SearchAction\",\"target\":{\"@type\":\"EntryPoint\",\"urlTemplate\":\"https:\/\/www.securitydataandvideo.com\/inicio\/?s={search_term_string}\"},\"query-input\":\"required name=search_term_string\"}],\"inLanguage\":\"es-MX\"},{\"@type\":\"Organization\",\"@id\":\"https:\/\/www.securitydataandvideo.com\/inicio\/#organization\",\"name\":\"Security Data & Video SA de CV\",\"url\":\"https:\/\/www.securitydataandvideo.com\/inicio\/\",\"sameAs\":[],\"logo\":{\"@type\":\"ImageObject\",\"inLanguage\":\"es-MX\",\"@id\":\"https:\/\/www.securitydataandvideo.com\/inicio\/#\/schema\/logo\/image\/\",\"url\":\"https:\/\/www.securitydataandvideo.com\/inicio\/wp-content\/uploads\/2021\/10\/Logo-Azul.png\",\"contentUrl\":\"https:\/\/www.securitydataandvideo.com\/inicio\/wp-content\/uploads\/2021\/10\/Logo-Azul.png\",\"width\":555,\"height\":375,\"caption\":\"Security Data & Video SA de CV\"},\"image\":{\"@id\":\"https:\/\/www.securitydataandvideo.com\/inicio\/#\/schema\/logo\/image\/\"}}]}<\/script>\n<!-- \/ Yoast SEO plugin. -->","yoast_head_json":{"title":"Torniquete Tipo Bandera medio cuerpo - Security Data &amp; Video SA de CV.","description":"SBT-1000S ZKTECO Torniquete Tipo Bandera medio cuerpo, Fabricado en Acero Inoxidable con Hoja de Cristal Templado, Instalacion en Guadalajara","robots":{"index":"index","follow":"follow","max-snippet":"max-snippet:-1","max-image-preview":"max-image-preview:large","max-video-preview":"max-video-preview:-1"},"canonical":"https:\/\/www.securitydataandvideo.com\/inicio\/shop\/sbt-1000s-zkteco-torniquete-tipo-bandera-medio-cuerpo-fabricado-en-acero-inoxidable-con-hoja-de-cristal-templado-acabado-de-lujo-iluminacion-leds-base-para-lectora-en-guadalajara-jalisco-mexi\/","og_locale":"es_MX","og_type":"article","og_title":"Torniquete Tipo Bandera medio cuerpo - Security Data &amp; Video SA de CV.","og_description":"SBT-1000S ZKTECO Torniquete Tipo Bandera medio cuerpo, Fabricado en Acero Inoxidable con Hoja de Cristal Templado, Instalacion en Guadalajara","og_url":"https:\/\/www.securitydataandvideo.com\/inicio\/shop\/sbt-1000s-zkteco-torniquete-tipo-bandera-medio-cuerpo-fabricado-en-acero-inoxidable-con-hoja-de-cristal-templado-acabado-de-lujo-iluminacion-leds-base-para-lectora-en-guadalajara-jalisco-mexi\/","og_site_name":"Security Data &amp; Video SA de CV.","article_modified_time":"2023-10-03T04:19:57+00:00","og_image":[{"width":400,"height":400,"url":"https:\/\/www.securitydataandvideo.com\/inicio\/wp-content\/uploads\/2022\/07\/SBT-1000S-ZKTECO.png","type":"image\/png"}],"twitter_card":"summary","twitter_misc":{"Tiempo de lectura":"2 minutos"},"schema":{"@context":"https:\/\/schema.org","@graph":[{"@type":"WebPage","@id":"https:\/\/www.securitydataandvideo.com\/inicio\/shop\/sbt-1000s-zkteco-torniquete-tipo-bandera-medio-cuerpo-fabricado-en-acero-inoxidable-con-hoja-de-cristal-templado-acabado-de-lujo-iluminacion-leds-base-para-lectora-en-guadalajara-jalisco-mexi\/","url":"https:\/\/www.securitydataandvideo.com\/inicio\/shop\/sbt-1000s-zkteco-torniquete-tipo-bandera-medio-cuerpo-fabricado-en-acero-inoxidable-con-hoja-de-cristal-templado-acabado-de-lujo-iluminacion-leds-base-para-lectora-en-guadalajara-jalisco-mexi\/","name":"Torniquete Tipo Bandera medio cuerpo - Security Data &amp; Video SA de CV.","isPartOf":{"@id":"https:\/\/www.securitydataandvideo.com\/inicio\/#website"},"datePublished":"2022-07-21T17:43:52+00:00","dateModified":"2023-10-03T04:19:57+00:00","description":"SBT-1000S ZKTECO Torniquete Tipo Bandera medio cuerpo, Fabricado en Acero Inoxidable con Hoja de Cristal Templado, Instalacion en Guadalajara","breadcrumb":{"@id":"https:\/\/www.securitydataandvideo.com\/inicio\/shop\/sbt-1000s-zkteco-torniquete-tipo-bandera-medio-cuerpo-fabricado-en-acero-inoxidable-con-hoja-de-cristal-templado-acabado-de-lujo-iluminacion-leds-base-para-lectora-en-guadalajara-jalisco-mexi\/#breadcrumb"},"inLanguage":"es-MX","potentialAction":[{"@type":"ReadAction","target":["https:\/\/www.securitydataandvideo.com\/inicio\/shop\/sbt-1000s-zkteco-torniquete-tipo-bandera-medio-cuerpo-fabricado-en-acero-inoxidable-con-hoja-de-cristal-templado-acabado-de-lujo-iluminacion-leds-base-para-lectora-en-guadalajara-jalisco-mexi\/"]}]},{"@type":"BreadcrumbList","@id":"https:\/\/www.securitydataandvideo.com\/inicio\/shop\/sbt-1000s-zkteco-torniquete-tipo-bandera-medio-cuerpo-fabricado-en-acero-inoxidable-con-hoja-de-cristal-templado-acabado-de-lujo-iluminacion-leds-base-para-lectora-en-guadalajara-jalisco-mexi\/#breadcrumb","itemListElement":[{"@type":"ListItem","position":1,"name":"Inicio","item":"https:\/\/www.securitydataandvideo.com\/inicio\/"},{"@type":"ListItem","position":2,"name":"Shop","item":"https:\/\/www.securitydataandvideo.com\/inicio\/shop\/"},{"@type":"ListItem","position":3,"name":"SBT-1000S ZKTECO Torniquete Tipo Bandera medio cuerpo, Fabricado en Acero Inoxidable con Hoja de Cristal Templado \/ Acabado de Lujo \/ Iluminaci\u00f3n LEDs \/ Base para Lectora, en Guadalajara Jalisco M\u00e9xico."}]},{"@type":"WebSite","@id":"https:\/\/www.securitydataandvideo.com\/inicio\/#website","url":"https:\/\/www.securitydataandvideo.com\/inicio\/","name":"Security Data &amp; Video SA de CV.","description":"Seguridad Electr\u00f3nica y Energ\u00eda","publisher":{"@id":"https:\/\/www.securitydataandvideo.com\/inicio\/#organization"},"potentialAction":[{"@type":"SearchAction","target":{"@type":"EntryPoint","urlTemplate":"https:\/\/www.securitydataandvideo.com\/inicio\/?s={search_term_string}"},"query-input":"required name=search_term_string"}],"inLanguage":"es-MX"},{"@type":"Organization","@id":"https:\/\/www.securitydataandvideo.com\/inicio\/#organization","name":"Security Data & Video SA de CV","url":"https:\/\/www.securitydataandvideo.com\/inicio\/","sameAs":[],"logo":{"@type":"ImageObject","inLanguage":"es-MX","@id":"https:\/\/www.securitydataandvideo.com\/inicio\/#\/schema\/logo\/image\/","url":"https:\/\/www.securitydataandvideo.com\/inicio\/wp-content\/uploads\/2021\/10\/Logo-Azul.png","contentUrl":"https:\/\/www.securitydataandvideo.com\/inicio\/wp-content\/uploads\/2021\/10\/Logo-Azul.png","width":555,"height":375,"caption":"Security Data & Video SA de CV"},"image":{"@id":"https:\/\/www.securitydataandvideo.com\/inicio\/#\/schema\/logo\/image\/"}}]}},"_links":{"self":[{"href":"https:\/\/www.securitydataandvideo.com\/inicio\/wp-json\/wp\/v2\/product\/16286"}],"collection":[{"href":"https:\/\/www.securitydataandvideo.com\/inicio\/wp-json\/wp\/v2\/product"}],"about":[{"href":"https:\/\/www.securitydataandvideo.com\/inicio\/wp-json\/wp\/v2\/types\/product"}],"wp:featuredmedia":[{"embeddable":true,"href":"https:\/\/www.securitydataandvideo.com\/inicio\/wp-json\/wp\/v2\/media\/16331"}],"wp:attachment":[{"href":"https:\/\/www.securitydataandvideo.com\/inicio\/wp-json\/wp\/v2\/media?parent=16286"}],"wp:term":[{"taxonomy":"product_cat","embeddable":true,"href":"https:\/\/www.securitydataandvideo.com\/inicio\/wp-json\/wp\/v2\/product_cat?post=16286"},{"taxonomy":"product_tag","embeddable":true,"href":"https:\/\/www.securitydataandvideo.com\/inicio\/wp-json\/wp\/v2\/product_tag?post=16286"}],"curies":[{"name":"wp","href":"https:\/\/api.w.org\/{rel}","templated":true}]}}