{"id":16288,"date":"2022-07-21T11:43:53","date_gmt":"2022-07-21T17:43:53","guid":{"rendered":"https:\/\/www.securitydataandvideo.com\/inicio\/?post_type=product&#038;p=16288"},"modified":"2023-10-02T22:19:22","modified_gmt":"2023-10-03T04:19:22","slug":"puerta-de-cortesia-en-acero-inoxidable-y-acrilico-con-boton-de-apertura-incluido-en-guadalajara-jalisco-mexico","status":"publish","type":"product","link":"https:\/\/www.securitydataandvideo.com\/inicio\/shop\/puerta-de-cortesia-en-acero-inoxidable-y-acrilico-con-boton-de-apertura-incluido-en-guadalajara-jalisco-mexico\/","title":{"rendered":"Puerta de cortes\u00eda en Acero inoxidable y acr\u00edlico con Bot\u00f3n de apertura incluido en Guadalajara Jalisco M\u00e9xico."},"content":{"rendered":"<p><strong>Puerta cortes\u00eda Acero inoxidable discapacitados y acr\u00edlico con Bot\u00f3n de apertura incluido en Guadalajara Jalisco M\u00e9xico.<\/strong><\/p>\n<div class=\"row aling-items-center padding-bottom-2x\">\n<div class=\"col-lg-12\">\n<p><strong>MVSYS &#8211; Puerta de cortesia \/ Acero inoxidable y acrilico \/ Boton de apertura<\/strong><\/p>\n<p>Torniquete de media altura\u00a0especialmente para personas con capacidades diferentes,\u00a0est\u00e1\u00a0Hecha de acero inoxidable 100%. Perfil cuadrado de acero\u00a0inoxidable calibre 16. Postes de 2 \u00bd\u201d para mayor fuerza y duraci\u00f3n. Placa de anclaje en acero inoxidable. Tubo en acero inoxidable de1 \u00bd pulgadas Acr\u00edlico de 4 mm transparente con se\u00f1al \u00e9tica internacional.<\/p>\n<p>Sistema de Operaci\u00f3n<br \/>\nSistema de apertura dado por Chapa Mec\u00e1nica de 12-24 VCD de 400 lbs<br \/>\nModulo temporizador de 12-24 vcd configuraci\u00f3n com, N.O. y N.C. Configuraci\u00f3n de apertura programable de 1 a 60 segundos<br \/>\nApertura con un pulso seco proveniente de cualquier tipo de lector: banda magn\u00e9tica, c\u00f3digo de<br \/>\nbarra, biom\u00e9trico, de proximidad, etc. Servicio t\u00e9cnico garantizado<\/p>\n<\/div>\n<\/div>\n<div class=\"row align-items-center padding-bottom-2x\">\n<div class=\"col-md-5 order-md-2\"><strong>Caracter\u00edsticas de Puerta cortes\u00eda Acero inoxidable discapacitados<\/strong><\/div>\n<\/div>\n<div class=\"row align-items-center padding-bottom-2x\">\n<div class=\"col-md-7 text-md-left text-center\">\n<div class=\"row align-items-center padding-bottom-2x\">\n<div class=\"col-md-7 order-md-1 text-md-left text-center\">\n<p>Fabricados Acero Inoxidable Calibre 16<br \/>\nMaterial Perfil cuadrado de 2\u201d x 2\u201d Acr\u00edlico De 6mm Transparente<br \/>\nMecanismo Bot\u00f3n de apertura, Ttarjeta de Proximidad<br \/>\nOperaci\u00f3n Manual Bidireccional<br \/>\nPeso 25 Kilos<br \/>\nBase Bisagra Hidr\u00e1ulica de piso<br \/>\nMedidas 1.05 metros<\/p>\n<h6>1) PARA ANCLAR la <strong>Puerta de cortes\u00eda fabricada en Acero inoxidable para discapacitados<\/strong><\/h6>\n<p>a) Una vez sobrepuesto el Poste Bandera en el lugar deseado, marque a piso cada uno de los orificios con marcador<br \/>\nb) Retire el Poste Bandera<br \/>\nc) Perfore con taladro y coloque taquete expansor 5\/8\u201d en cada orificio.<br \/>\nd) Presente nuevamente el poste bandera e inserte tornillo octagonal de 3\/8 x 2 \u00bd\u201d en cada taquete.<\/p>\n<p>b) Marque a piso cada uno de los orificios.<br \/>\nc) Retire Poste de Botonera.<br \/>\nd) PREPARACION OBRA CIVIL PARA CONEXI\u00d3N.<br \/>\nUna vez marcado posici\u00f3n de anclaje de Poste de Botonera (punto 2b), ubicar<br \/>\ncentro y ranurar en piso canal de 1\u201d ancho x 1\u201d profundidad canalizando con<br \/>\ntubo conduit de \u00be\u201d hasta punto de arribo a corriente 110v..<br \/>\ne) Perfore con taladro y coloque taquete expansor 5\/8\u201d en cada orificio.<br \/>\nf) Presente nuevamente Poste de Botonera y canalice cableado el\u00e9ctrico a<br \/>\ntrav\u00e9s de tubo conduit preparado en obra civil.<br \/>\ng) Para anclar Poste de Botonera, presente e inserte tornillo octagonal de<br \/>\n3\/8\u201d x 2 \u00bd\u201d en cada taquete.<\/p>\n<p>&nbsp;<\/p>\n<\/div>\n<\/div>\n<\/div>\n<\/div>\n","protected":false},"excerpt":{"rendered":"<p><strong>Puerta de cortes\u00eda en Acero inoxidable y acr\u00edlico con Bot\u00f3n de apertura incluido en Guadalajara Jalisco M\u00e9xico.<\/strong><\/p>\n","protected":false},"featured_media":16334,"template":"","meta":{"site-sidebar-layout":"default","site-content-layout":"default","ast-site-content-layout":"default","site-content-style":"default","site-sidebar-style":"default","ast-global-header-display":"","ast-banner-title-visibility":"","ast-main-header-display":"","ast-hfb-above-header-display":"","ast-hfb-below-header-display":"","ast-hfb-mobile-header-display":"","site-post-title":"","ast-breadcrumbs-content":"","ast-featured-img":"","footer-sml-layout":"","theme-transparent-header-meta":"default","adv-header-id-meta":"","stick-header-meta":"","header-above-stick-meta":"","header-main-stick-meta":"","header-below-stick-meta":"","astra-migrate-meta-layouts":"set"},"product_cat":[314],"product_tag":[],"yoast_head":"<!-- This site is optimized with the Yoast SEO plugin v19.5.1 - https:\/\/yoast.com\/wordpress\/plugins\/seo\/ -->\n<title>Puerta cortes\u00eda Acero inoxidable discapacitados - Security Data &amp; Video SA de CV.<\/title>\n<meta name=\"description\" content=\"Puerta cortes\u00eda Acero inoxidable discapacitados y acr\u00edlico con Bot\u00f3n de apertura incluido Venta e Instalacion en Guadalajara Jalisco M\u00e9xico.\" \/>\n<meta name=\"robots\" content=\"index, follow, max-snippet:-1, max-image-preview:large, max-video-preview:-1\" \/>\n<link rel=\"canonical\" href=\"https:\/\/www.securitydataandvideo.com\/inicio\/shop\/puerta-de-cortesia-en-acero-inoxidable-y-acrilico-con-boton-de-apertura-incluido-en-guadalajara-jalisco-mexico\/\" \/>\n<meta property=\"og:locale\" content=\"es_MX\" \/>\n<meta property=\"og:type\" content=\"article\" \/>\n<meta property=\"og:title\" content=\"Puerta cortes\u00eda Acero inoxidable discapacitados - Security Data &amp; Video SA de CV.\" \/>\n<meta property=\"og:description\" content=\"Puerta cortes\u00eda Acero inoxidable discapacitados y acr\u00edlico con Bot\u00f3n de apertura incluido Venta e Instalacion en Guadalajara Jalisco M\u00e9xico.\" \/>\n<meta property=\"og:url\" content=\"https:\/\/www.securitydataandvideo.com\/inicio\/shop\/puerta-de-cortesia-en-acero-inoxidable-y-acrilico-con-boton-de-apertura-incluido-en-guadalajara-jalisco-mexico\/\" \/>\n<meta property=\"og:site_name\" content=\"Security Data &amp; Video SA de CV.\" \/>\n<meta property=\"article:modified_time\" content=\"2023-10-03T04:19:22+00:00\" \/>\n<meta property=\"og:image\" content=\"https:\/\/www.securitydataandvideo.com\/inicio\/wp-content\/uploads\/2022\/07\/9776.jpg\" \/>\n\t<meta property=\"og:image:width\" content=\"768\" \/>\n\t<meta property=\"og:image:height\" content=\"1024\" \/>\n\t<meta property=\"og:image:type\" content=\"image\/jpeg\" \/>\n<meta name=\"twitter:card\" content=\"summary\" \/>\n<meta name=\"twitter:label1\" content=\"Tiempo de lectura\" \/>\n\t<meta name=\"twitter:data1\" content=\"2 minutos\" \/>\n<script type=\"application\/ld+json\" class=\"yoast-schema-graph\">{\"@context\":\"https:\/\/schema.org\",\"@graph\":[{\"@type\":\"WebPage\",\"@id\":\"https:\/\/www.securitydataandvideo.com\/inicio\/shop\/puerta-de-cortesia-en-acero-inoxidable-y-acrilico-con-boton-de-apertura-incluido-en-guadalajara-jalisco-mexico\/\",\"url\":\"https:\/\/www.securitydataandvideo.com\/inicio\/shop\/puerta-de-cortesia-en-acero-inoxidable-y-acrilico-con-boton-de-apertura-incluido-en-guadalajara-jalisco-mexico\/\",\"name\":\"Puerta cortes\u00eda Acero inoxidable discapacitados - Security Data &amp; Video SA de CV.\",\"isPartOf\":{\"@id\":\"https:\/\/www.securitydataandvideo.com\/inicio\/#website\"},\"datePublished\":\"2022-07-21T17:43:53+00:00\",\"dateModified\":\"2023-10-03T04:19:22+00:00\",\"description\":\"Puerta cortes\u00eda Acero inoxidable discapacitados y acr\u00edlico con Bot\u00f3n de apertura incluido Venta e Instalacion en Guadalajara Jalisco M\u00e9xico.\",\"breadcrumb\":{\"@id\":\"https:\/\/www.securitydataandvideo.com\/inicio\/shop\/puerta-de-cortesia-en-acero-inoxidable-y-acrilico-con-boton-de-apertura-incluido-en-guadalajara-jalisco-mexico\/#breadcrumb\"},\"inLanguage\":\"es-MX\",\"potentialAction\":[{\"@type\":\"ReadAction\",\"target\":[\"https:\/\/www.securitydataandvideo.com\/inicio\/shop\/puerta-de-cortesia-en-acero-inoxidable-y-acrilico-con-boton-de-apertura-incluido-en-guadalajara-jalisco-mexico\/\"]}]},{\"@type\":\"BreadcrumbList\",\"@id\":\"https:\/\/www.securitydataandvideo.com\/inicio\/shop\/puerta-de-cortesia-en-acero-inoxidable-y-acrilico-con-boton-de-apertura-incluido-en-guadalajara-jalisco-mexico\/#breadcrumb\",\"itemListElement\":[{\"@type\":\"ListItem\",\"position\":1,\"name\":\"Inicio\",\"item\":\"https:\/\/www.securitydataandvideo.com\/inicio\/\"},{\"@type\":\"ListItem\",\"position\":2,\"name\":\"Shop\",\"item\":\"https:\/\/www.securitydataandvideo.com\/inicio\/shop\/\"},{\"@type\":\"ListItem\",\"position\":3,\"name\":\"Puerta de cortes\u00eda en Acero inoxidable y acr\u00edlico con Bot\u00f3n de apertura incluido en Guadalajara Jalisco M\u00e9xico.\"}]},{\"@type\":\"WebSite\",\"@id\":\"https:\/\/www.securitydataandvideo.com\/inicio\/#website\",\"url\":\"https:\/\/www.securitydataandvideo.com\/inicio\/\",\"name\":\"Security Data &amp; Video SA de CV.\",\"description\":\"Seguridad Electr\u00f3nica y Energ\u00eda\",\"publisher\":{\"@id\":\"https:\/\/www.securitydataandvideo.com\/inicio\/#organization\"},\"potentialAction\":[{\"@type\":\"SearchAction\",\"target\":{\"@type\":\"EntryPoint\",\"urlTemplate\":\"https:\/\/www.securitydataandvideo.com\/inicio\/?s={search_term_string}\"},\"query-input\":\"required name=search_term_string\"}],\"inLanguage\":\"es-MX\"},{\"@type\":\"Organization\",\"@id\":\"https:\/\/www.securitydataandvideo.com\/inicio\/#organization\",\"name\":\"Security Data & Video SA de CV\",\"url\":\"https:\/\/www.securitydataandvideo.com\/inicio\/\",\"sameAs\":[],\"logo\":{\"@type\":\"ImageObject\",\"inLanguage\":\"es-MX\",\"@id\":\"https:\/\/www.securitydataandvideo.com\/inicio\/#\/schema\/logo\/image\/\",\"url\":\"https:\/\/www.securitydataandvideo.com\/inicio\/wp-content\/uploads\/2021\/10\/Logo-Azul.png\",\"contentUrl\":\"https:\/\/www.securitydataandvideo.com\/inicio\/wp-content\/uploads\/2021\/10\/Logo-Azul.png\",\"width\":555,\"height\":375,\"caption\":\"Security Data & Video SA de CV\"},\"image\":{\"@id\":\"https:\/\/www.securitydataandvideo.com\/inicio\/#\/schema\/logo\/image\/\"}}]}<\/script>\n<!-- \/ Yoast SEO plugin. -->","yoast_head_json":{"title":"Puerta cortes\u00eda Acero inoxidable discapacitados - Security Data &amp; Video SA de CV.","description":"Puerta cortes\u00eda Acero inoxidable discapacitados y acr\u00edlico con Bot\u00f3n de apertura incluido Venta e Instalacion en Guadalajara Jalisco M\u00e9xico.","robots":{"index":"index","follow":"follow","max-snippet":"max-snippet:-1","max-image-preview":"max-image-preview:large","max-video-preview":"max-video-preview:-1"},"canonical":"https:\/\/www.securitydataandvideo.com\/inicio\/shop\/puerta-de-cortesia-en-acero-inoxidable-y-acrilico-con-boton-de-apertura-incluido-en-guadalajara-jalisco-mexico\/","og_locale":"es_MX","og_type":"article","og_title":"Puerta cortes\u00eda Acero inoxidable discapacitados - Security Data &amp; Video SA de CV.","og_description":"Puerta cortes\u00eda Acero inoxidable discapacitados y acr\u00edlico con Bot\u00f3n de apertura incluido Venta e Instalacion en Guadalajara Jalisco M\u00e9xico.","og_url":"https:\/\/www.securitydataandvideo.com\/inicio\/shop\/puerta-de-cortesia-en-acero-inoxidable-y-acrilico-con-boton-de-apertura-incluido-en-guadalajara-jalisco-mexico\/","og_site_name":"Security Data &amp; Video SA de CV.","article_modified_time":"2023-10-03T04:19:22+00:00","og_image":[{"width":768,"height":1024,"url":"https:\/\/www.securitydataandvideo.com\/inicio\/wp-content\/uploads\/2022\/07\/9776.jpg","type":"image\/jpeg"}],"twitter_card":"summary","twitter_misc":{"Tiempo de lectura":"2 minutos"},"schema":{"@context":"https:\/\/schema.org","@graph":[{"@type":"WebPage","@id":"https:\/\/www.securitydataandvideo.com\/inicio\/shop\/puerta-de-cortesia-en-acero-inoxidable-y-acrilico-con-boton-de-apertura-incluido-en-guadalajara-jalisco-mexico\/","url":"https:\/\/www.securitydataandvideo.com\/inicio\/shop\/puerta-de-cortesia-en-acero-inoxidable-y-acrilico-con-boton-de-apertura-incluido-en-guadalajara-jalisco-mexico\/","name":"Puerta cortes\u00eda Acero inoxidable discapacitados - Security Data &amp; Video SA de CV.","isPartOf":{"@id":"https:\/\/www.securitydataandvideo.com\/inicio\/#website"},"datePublished":"2022-07-21T17:43:53+00:00","dateModified":"2023-10-03T04:19:22+00:00","description":"Puerta cortes\u00eda Acero inoxidable discapacitados y acr\u00edlico con Bot\u00f3n de apertura incluido Venta e Instalacion en Guadalajara Jalisco M\u00e9xico.","breadcrumb":{"@id":"https:\/\/www.securitydataandvideo.com\/inicio\/shop\/puerta-de-cortesia-en-acero-inoxidable-y-acrilico-con-boton-de-apertura-incluido-en-guadalajara-jalisco-mexico\/#breadcrumb"},"inLanguage":"es-MX","potentialAction":[{"@type":"ReadAction","target":["https:\/\/www.securitydataandvideo.com\/inicio\/shop\/puerta-de-cortesia-en-acero-inoxidable-y-acrilico-con-boton-de-apertura-incluido-en-guadalajara-jalisco-mexico\/"]}]},{"@type":"BreadcrumbList","@id":"https:\/\/www.securitydataandvideo.com\/inicio\/shop\/puerta-de-cortesia-en-acero-inoxidable-y-acrilico-con-boton-de-apertura-incluido-en-guadalajara-jalisco-mexico\/#breadcrumb","itemListElement":[{"@type":"ListItem","position":1,"name":"Inicio","item":"https:\/\/www.securitydataandvideo.com\/inicio\/"},{"@type":"ListItem","position":2,"name":"Shop","item":"https:\/\/www.securitydataandvideo.com\/inicio\/shop\/"},{"@type":"ListItem","position":3,"name":"Puerta de cortes\u00eda en Acero inoxidable y acr\u00edlico con Bot\u00f3n de apertura incluido en Guadalajara Jalisco M\u00e9xico."}]},{"@type":"WebSite","@id":"https:\/\/www.securitydataandvideo.com\/inicio\/#website","url":"https:\/\/www.securitydataandvideo.com\/inicio\/","name":"Security Data &amp; Video SA de CV.","description":"Seguridad Electr\u00f3nica y Energ\u00eda","publisher":{"@id":"https:\/\/www.securitydataandvideo.com\/inicio\/#organization"},"potentialAction":[{"@type":"SearchAction","target":{"@type":"EntryPoint","urlTemplate":"https:\/\/www.securitydataandvideo.com\/inicio\/?s={search_term_string}"},"query-input":"required name=search_term_string"}],"inLanguage":"es-MX"},{"@type":"Organization","@id":"https:\/\/www.securitydataandvideo.com\/inicio\/#organization","name":"Security Data & Video SA de CV","url":"https:\/\/www.securitydataandvideo.com\/inicio\/","sameAs":[],"logo":{"@type":"ImageObject","inLanguage":"es-MX","@id":"https:\/\/www.securitydataandvideo.com\/inicio\/#\/schema\/logo\/image\/","url":"https:\/\/www.securitydataandvideo.com\/inicio\/wp-content\/uploads\/2021\/10\/Logo-Azul.png","contentUrl":"https:\/\/www.securitydataandvideo.com\/inicio\/wp-content\/uploads\/2021\/10\/Logo-Azul.png","width":555,"height":375,"caption":"Security Data & Video SA de CV"},"image":{"@id":"https:\/\/www.securitydataandvideo.com\/inicio\/#\/schema\/logo\/image\/"}}]}},"_links":{"self":[{"href":"https:\/\/www.securitydataandvideo.com\/inicio\/wp-json\/wp\/v2\/product\/16288"}],"collection":[{"href":"https:\/\/www.securitydataandvideo.com\/inicio\/wp-json\/wp\/v2\/product"}],"about":[{"href":"https:\/\/www.securitydataandvideo.com\/inicio\/wp-json\/wp\/v2\/types\/product"}],"wp:featuredmedia":[{"embeddable":true,"href":"https:\/\/www.securitydataandvideo.com\/inicio\/wp-json\/wp\/v2\/media\/16334"}],"wp:attachment":[{"href":"https:\/\/www.securitydataandvideo.com\/inicio\/wp-json\/wp\/v2\/media?parent=16288"}],"wp:term":[{"taxonomy":"product_cat","embeddable":true,"href":"https:\/\/www.securitydataandvideo.com\/inicio\/wp-json\/wp\/v2\/product_cat?post=16288"},{"taxonomy":"product_tag","embeddable":true,"href":"https:\/\/www.securitydataandvideo.com\/inicio\/wp-json\/wp\/v2\/product_tag?post=16288"}],"curies":[{"name":"wp","href":"https:\/\/api.w.org\/{rel}","templated":true}]}}