{"id":16751,"date":"2022-08-16T09:48:29","date_gmt":"2022-08-16T15:48:29","guid":{"rendered":"https:\/\/www.securitydataandvideo.com\/inicio\/?post_type=product&#038;p=16751"},"modified":"2023-10-02T17:30:37","modified_gmt":"2023-10-02T23:30:37","slug":"barrera-vehicular-came-gt4-con-brazo-iluminado-rojo-verde-izquierda-o-derecha-configurable-en-campo","status":"publish","type":"product","link":"https:\/\/www.securitydataandvideo.com\/inicio\/shop\/barrera-vehicular-came-gt4-con-brazo-iluminado-rojo-verde-izquierda-o-derecha-configurable-en-campo\/","title":{"rendered":"Barrera Vehicular CAME GT4 con Brazo Iluminado Rojo-Verde \/ Izquierda o Derecha Configurable en Campo \/"},"content":{"rendered":"<p style=\"text-align: justify;\">Barrera Vehicular CAME GT4 con Brazo Iluminado Rojo-Verde \/ Izquierda o Derecha Configurable en Campo \/ en guadalajara jalisco mexico<\/p>\n<div class=\"row\">\n<div class=\"col-sm-4\">\n<div><strong>Caracter\u00edsticas principales:<\/strong><\/p>\n<ul>\n<li>Para carriles de hasta 4 metros<\/li>\n<li>Frecuencia de operaci\u00f3n 5400 ciclos diarios<\/li>\n<li>Compatible con iluminaci\u00f3n en gabinete (No incluida)<\/li>\n<\/ul>\n<\/div>\n<\/div>\n<div class=\"col-sm-4\">\n<div><strong>Caracter\u00edsticas F\u00edsicas:<\/strong>Voltaje de alimentaci\u00f3n 120VCA<\/p>\n<p>Voltaje de operaci\u00f3n del motor 24VCC<\/p>\n<p>Consumo de corriente 2.2 Amp<\/p>\n<\/div>\n<\/div>\n<div class=\"col-sm-4\">\n<div><strong>Caracter\u00edsticas F\u00edsicas:<\/strong>Grado de protecci\u00f3n IP54<\/p>\n<p>Peso de la barrera 56Kg<\/p>\n<p>Tiempo de apertura 2 a 6 segundos.<\/p>\n<\/div>\n<\/div>\n<\/div>\n<hr \/>\n<div class=\"row default_padding_bottom\">\n<div class=\"col-sm-6\">\n<h3>Kit de barrera vehicular CAME GT4 con brazo iluminado<\/h3>\n<h3>\u00bfQu\u00e9 contiene el Kit KT-GT4-LED?<\/h3>\n<p><strong>803BB-0200<\/strong>\u00a0Barrera vehicular CAME GT4 GGT40RGS.<\/p>\n<p><strong>001G02809<\/strong>\u00a0Paquete de bandas rojas reflectantes<\/p>\n<p><strong>803XA-0270<\/strong>\u00a0Mastil de 4 metros para barrera GT4<\/p>\n<p><strong>009RGBIP65<\/strong>\u00a0Tira de leds\u00a0<strong>ROJO\u00a0<\/strong>\/\u00a0<strong>VERDE\u00a0<\/strong>para brazos CAME<\/p>\n<p><strong>009RGBFC<\/strong>\u00a0Fuente de alimentaci\u00f3n para tira led con conector<\/p>\n<\/div>\n<div class=\"col-sm-6\"><img class=\"img-responsive\" src=\"https:\/\/ftp3.syscom.mx\/usuarios\/fotos\/803BB0200\/202710-gt4.jpg\" \/><\/div>\n<\/div>\n<hr \/>\n<h2>\u00bfQu\u00e9 accesorios puedo agregar a una instalaci\u00f3n?<\/h2>\n<p><strong>001-DIR-10<\/strong>\u00a0Fotoceldas de seguridad con alcance de hasta 10 metros<\/p>\n<p><strong>10MATRIXD1224<\/strong>\u00a0Sensor de masa de doble canal<\/p>\n<p><strong>SYSLM6<\/strong>\u00a0o\u00a0<strong>SYSLM4<\/strong>\u00a0Lazo magn\u00e9tico para detecci\u00f3n de veh\u00edculos<\/p>\n<p><strong>XBSSW01<\/strong>\u00a0Botonera triple de uso rudo para aplicaciones de acceso vehicular.<\/p>\n<p><strong>8K06SA-001<\/strong>\u00a0Kit de CAME Connect para apertura remota<\/p>\n<p><strong>10LZR-H100KIT-119327<\/strong>\u00a0Sensor laser para protecci\u00f3n de accesos vehiculares<\/p>\n<p><strong>803XA-0280<\/strong>\u00a0Corona led para gabinete de barrera GT4<\/p>\n<hr \/>\n<h3>Notas Adicionales<\/h3>\n<p>Garant\u00eda de la barrera 803BB-0200 es de un a\u00f1o contra defectos de fabricaci\u00f3n<\/p>\n<p>Garant\u00eda de la tira led 009-RGBIP65 es de 90 d\u00edas contra defectos de fabricaci\u00f3n<\/p>\n<p>Cualquier cambio en la longitud del brazo requiere un rebalanceo del mecanismo.<\/p>\n","protected":false},"excerpt":{"rendered":"<p>Barrera Vehicular CAME GT4 con Brazo Iluminado Rojo-Verde \/ Izquierda o Derecha Configurable en Campo \/ en guadalajara jalisco mexico<\/p>\n","protected":false},"featured_media":16752,"template":"","meta":{"site-sidebar-layout":"default","site-content-layout":"default","ast-site-content-layout":"","site-content-style":"default","site-sidebar-style":"default","ast-global-header-display":"","ast-banner-title-visibility":"","ast-main-header-display":"","ast-hfb-above-header-display":"","ast-hfb-below-header-display":"","ast-hfb-mobile-header-display":"","site-post-title":"","ast-breadcrumbs-content":"","ast-featured-img":"","footer-sml-layout":"","theme-transparent-header-meta":"default","adv-header-id-meta":"","stick-header-meta":"","header-above-stick-meta":"","header-main-stick-meta":"","header-below-stick-meta":"","astra-migrate-meta-layouts":""},"product_cat":[252],"product_tag":[],"yoast_head":"<!-- This site is optimized with the Yoast SEO plugin v19.5.1 - https:\/\/yoast.com\/wordpress\/plugins\/seo\/ -->\n<title>Barrera Vehicular CAME GT4 con Brazo Iluminado<\/title>\n<meta name=\"description\" content=\"Barrera Vehicular CAME GT4 con Brazo Iluminado Rojo-Verde \/ Izquierda o Derecha Configurable en Campo \/ en guadalajara jalisco mexico\" \/>\n<meta name=\"robots\" content=\"index, follow, max-snippet:-1, max-image-preview:large, max-video-preview:-1\" \/>\n<link rel=\"canonical\" href=\"https:\/\/www.securitydataandvideo.com\/inicio\/shop\/barrera-vehicular-came-gt4-con-brazo-iluminado-rojo-verde-izquierda-o-derecha-configurable-en-campo\/\" \/>\n<meta property=\"og:locale\" content=\"es_MX\" \/>\n<meta property=\"og:type\" content=\"article\" \/>\n<meta property=\"og:title\" content=\"Barrera Vehicular CAME GT4 con Brazo Iluminado\" \/>\n<meta property=\"og:description\" content=\"Barrera Vehicular CAME GT4 con Brazo Iluminado Rojo-Verde \/ Izquierda o Derecha Configurable en Campo \/ en guadalajara jalisco mexico\" \/>\n<meta property=\"og:url\" content=\"https:\/\/www.securitydataandvideo.com\/inicio\/shop\/barrera-vehicular-came-gt4-con-brazo-iluminado-rojo-verde-izquierda-o-derecha-configurable-en-campo\/\" \/>\n<meta property=\"og:site_name\" content=\"Security Data &amp; Video SA de CV.\" \/>\n<meta property=\"article:modified_time\" content=\"2023-10-02T23:30:37+00:00\" \/>\n<meta property=\"og:image\" content=\"https:\/\/www.securitydataandvideo.com\/inicio\/wp-content\/uploads\/2022\/08\/KT-GT4-LED.png\" \/>\n\t<meta property=\"og:image:width\" content=\"345\" \/>\n\t<meta property=\"og:image:height\" content=\"295\" \/>\n\t<meta property=\"og:image:type\" content=\"image\/png\" \/>\n<meta name=\"twitter:card\" content=\"summary\" \/>\n<meta name=\"twitter:label1\" content=\"Tiempo de lectura\" \/>\n\t<meta name=\"twitter:data1\" content=\"2 minutos\" \/>\n<script type=\"application\/ld+json\" class=\"yoast-schema-graph\">{\"@context\":\"https:\/\/schema.org\",\"@graph\":[{\"@type\":\"WebPage\",\"@id\":\"https:\/\/www.securitydataandvideo.com\/inicio\/shop\/barrera-vehicular-came-gt4-con-brazo-iluminado-rojo-verde-izquierda-o-derecha-configurable-en-campo\/\",\"url\":\"https:\/\/www.securitydataandvideo.com\/inicio\/shop\/barrera-vehicular-came-gt4-con-brazo-iluminado-rojo-verde-izquierda-o-derecha-configurable-en-campo\/\",\"name\":\"Barrera Vehicular CAME GT4 con Brazo Iluminado\",\"isPartOf\":{\"@id\":\"https:\/\/www.securitydataandvideo.com\/inicio\/#website\"},\"datePublished\":\"2022-08-16T15:48:29+00:00\",\"dateModified\":\"2023-10-02T23:30:37+00:00\",\"description\":\"Barrera Vehicular CAME GT4 con Brazo Iluminado Rojo-Verde \/ Izquierda o Derecha Configurable en Campo \/ en guadalajara jalisco mexico\",\"breadcrumb\":{\"@id\":\"https:\/\/www.securitydataandvideo.com\/inicio\/shop\/barrera-vehicular-came-gt4-con-brazo-iluminado-rojo-verde-izquierda-o-derecha-configurable-en-campo\/#breadcrumb\"},\"inLanguage\":\"es-MX\",\"potentialAction\":[{\"@type\":\"ReadAction\",\"target\":[\"https:\/\/www.securitydataandvideo.com\/inicio\/shop\/barrera-vehicular-came-gt4-con-brazo-iluminado-rojo-verde-izquierda-o-derecha-configurable-en-campo\/\"]}]},{\"@type\":\"BreadcrumbList\",\"@id\":\"https:\/\/www.securitydataandvideo.com\/inicio\/shop\/barrera-vehicular-came-gt4-con-brazo-iluminado-rojo-verde-izquierda-o-derecha-configurable-en-campo\/#breadcrumb\",\"itemListElement\":[{\"@type\":\"ListItem\",\"position\":1,\"name\":\"Inicio\",\"item\":\"https:\/\/www.securitydataandvideo.com\/inicio\/\"},{\"@type\":\"ListItem\",\"position\":2,\"name\":\"Shop\",\"item\":\"https:\/\/www.securitydataandvideo.com\/inicio\/shop\/\"},{\"@type\":\"ListItem\",\"position\":3,\"name\":\"Barrera Vehicular CAME GT4 con Brazo Iluminado Rojo-Verde \/ Izquierda o Derecha Configurable en Campo \/\"}]},{\"@type\":\"WebSite\",\"@id\":\"https:\/\/www.securitydataandvideo.com\/inicio\/#website\",\"url\":\"https:\/\/www.securitydataandvideo.com\/inicio\/\",\"name\":\"Security Data &amp; Video SA de CV.\",\"description\":\"Seguridad Electr\u00f3nica y Energ\u00eda\",\"publisher\":{\"@id\":\"https:\/\/www.securitydataandvideo.com\/inicio\/#organization\"},\"potentialAction\":[{\"@type\":\"SearchAction\",\"target\":{\"@type\":\"EntryPoint\",\"urlTemplate\":\"https:\/\/www.securitydataandvideo.com\/inicio\/?s={search_term_string}\"},\"query-input\":\"required name=search_term_string\"}],\"inLanguage\":\"es-MX\"},{\"@type\":\"Organization\",\"@id\":\"https:\/\/www.securitydataandvideo.com\/inicio\/#organization\",\"name\":\"Security Data & Video SA de CV\",\"url\":\"https:\/\/www.securitydataandvideo.com\/inicio\/\",\"sameAs\":[],\"logo\":{\"@type\":\"ImageObject\",\"inLanguage\":\"es-MX\",\"@id\":\"https:\/\/www.securitydataandvideo.com\/inicio\/#\/schema\/logo\/image\/\",\"url\":\"https:\/\/www.securitydataandvideo.com\/inicio\/wp-content\/uploads\/2021\/10\/Logo-Azul.png\",\"contentUrl\":\"https:\/\/www.securitydataandvideo.com\/inicio\/wp-content\/uploads\/2021\/10\/Logo-Azul.png\",\"width\":555,\"height\":375,\"caption\":\"Security Data & Video SA de CV\"},\"image\":{\"@id\":\"https:\/\/www.securitydataandvideo.com\/inicio\/#\/schema\/logo\/image\/\"}}]}<\/script>\n<!-- \/ Yoast SEO plugin. -->","yoast_head_json":{"title":"Barrera Vehicular CAME GT4 con Brazo Iluminado","description":"Barrera Vehicular CAME GT4 con Brazo Iluminado Rojo-Verde \/ Izquierda o Derecha Configurable en Campo \/ en guadalajara jalisco mexico","robots":{"index":"index","follow":"follow","max-snippet":"max-snippet:-1","max-image-preview":"max-image-preview:large","max-video-preview":"max-video-preview:-1"},"canonical":"https:\/\/www.securitydataandvideo.com\/inicio\/shop\/barrera-vehicular-came-gt4-con-brazo-iluminado-rojo-verde-izquierda-o-derecha-configurable-en-campo\/","og_locale":"es_MX","og_type":"article","og_title":"Barrera Vehicular CAME GT4 con Brazo Iluminado","og_description":"Barrera Vehicular CAME GT4 con Brazo Iluminado Rojo-Verde \/ Izquierda o Derecha Configurable en Campo \/ en guadalajara jalisco mexico","og_url":"https:\/\/www.securitydataandvideo.com\/inicio\/shop\/barrera-vehicular-came-gt4-con-brazo-iluminado-rojo-verde-izquierda-o-derecha-configurable-en-campo\/","og_site_name":"Security Data &amp; Video SA de CV.","article_modified_time":"2023-10-02T23:30:37+00:00","og_image":[{"width":345,"height":295,"url":"https:\/\/www.securitydataandvideo.com\/inicio\/wp-content\/uploads\/2022\/08\/KT-GT4-LED.png","type":"image\/png"}],"twitter_card":"summary","twitter_misc":{"Tiempo de lectura":"2 minutos"},"schema":{"@context":"https:\/\/schema.org","@graph":[{"@type":"WebPage","@id":"https:\/\/www.securitydataandvideo.com\/inicio\/shop\/barrera-vehicular-came-gt4-con-brazo-iluminado-rojo-verde-izquierda-o-derecha-configurable-en-campo\/","url":"https:\/\/www.securitydataandvideo.com\/inicio\/shop\/barrera-vehicular-came-gt4-con-brazo-iluminado-rojo-verde-izquierda-o-derecha-configurable-en-campo\/","name":"Barrera Vehicular CAME GT4 con Brazo Iluminado","isPartOf":{"@id":"https:\/\/www.securitydataandvideo.com\/inicio\/#website"},"datePublished":"2022-08-16T15:48:29+00:00","dateModified":"2023-10-02T23:30:37+00:00","description":"Barrera Vehicular CAME GT4 con Brazo Iluminado Rojo-Verde \/ Izquierda o Derecha Configurable en Campo \/ en guadalajara jalisco mexico","breadcrumb":{"@id":"https:\/\/www.securitydataandvideo.com\/inicio\/shop\/barrera-vehicular-came-gt4-con-brazo-iluminado-rojo-verde-izquierda-o-derecha-configurable-en-campo\/#breadcrumb"},"inLanguage":"es-MX","potentialAction":[{"@type":"ReadAction","target":["https:\/\/www.securitydataandvideo.com\/inicio\/shop\/barrera-vehicular-came-gt4-con-brazo-iluminado-rojo-verde-izquierda-o-derecha-configurable-en-campo\/"]}]},{"@type":"BreadcrumbList","@id":"https:\/\/www.securitydataandvideo.com\/inicio\/shop\/barrera-vehicular-came-gt4-con-brazo-iluminado-rojo-verde-izquierda-o-derecha-configurable-en-campo\/#breadcrumb","itemListElement":[{"@type":"ListItem","position":1,"name":"Inicio","item":"https:\/\/www.securitydataandvideo.com\/inicio\/"},{"@type":"ListItem","position":2,"name":"Shop","item":"https:\/\/www.securitydataandvideo.com\/inicio\/shop\/"},{"@type":"ListItem","position":3,"name":"Barrera Vehicular CAME GT4 con Brazo Iluminado Rojo-Verde \/ Izquierda o Derecha Configurable en Campo \/"}]},{"@type":"WebSite","@id":"https:\/\/www.securitydataandvideo.com\/inicio\/#website","url":"https:\/\/www.securitydataandvideo.com\/inicio\/","name":"Security Data &amp; Video SA de CV.","description":"Seguridad Electr\u00f3nica y Energ\u00eda","publisher":{"@id":"https:\/\/www.securitydataandvideo.com\/inicio\/#organization"},"potentialAction":[{"@type":"SearchAction","target":{"@type":"EntryPoint","urlTemplate":"https:\/\/www.securitydataandvideo.com\/inicio\/?s={search_term_string}"},"query-input":"required name=search_term_string"}],"inLanguage":"es-MX"},{"@type":"Organization","@id":"https:\/\/www.securitydataandvideo.com\/inicio\/#organization","name":"Security Data & Video SA de CV","url":"https:\/\/www.securitydataandvideo.com\/inicio\/","sameAs":[],"logo":{"@type":"ImageObject","inLanguage":"es-MX","@id":"https:\/\/www.securitydataandvideo.com\/inicio\/#\/schema\/logo\/image\/","url":"https:\/\/www.securitydataandvideo.com\/inicio\/wp-content\/uploads\/2021\/10\/Logo-Azul.png","contentUrl":"https:\/\/www.securitydataandvideo.com\/inicio\/wp-content\/uploads\/2021\/10\/Logo-Azul.png","width":555,"height":375,"caption":"Security Data & Video SA de CV"},"image":{"@id":"https:\/\/www.securitydataandvideo.com\/inicio\/#\/schema\/logo\/image\/"}}]}},"_links":{"self":[{"href":"https:\/\/www.securitydataandvideo.com\/inicio\/wp-json\/wp\/v2\/product\/16751"}],"collection":[{"href":"https:\/\/www.securitydataandvideo.com\/inicio\/wp-json\/wp\/v2\/product"}],"about":[{"href":"https:\/\/www.securitydataandvideo.com\/inicio\/wp-json\/wp\/v2\/types\/product"}],"wp:featuredmedia":[{"embeddable":true,"href":"https:\/\/www.securitydataandvideo.com\/inicio\/wp-json\/wp\/v2\/media\/16752"}],"wp:attachment":[{"href":"https:\/\/www.securitydataandvideo.com\/inicio\/wp-json\/wp\/v2\/media?parent=16751"}],"wp:term":[{"taxonomy":"product_cat","embeddable":true,"href":"https:\/\/www.securitydataandvideo.com\/inicio\/wp-json\/wp\/v2\/product_cat?post=16751"},{"taxonomy":"product_tag","embeddable":true,"href":"https:\/\/www.securitydataandvideo.com\/inicio\/wp-json\/wp\/v2\/product_tag?post=16751"}],"curies":[{"name":"wp","href":"https:\/\/api.w.org\/{rel}","templated":true}]}}