{"id":17012,"date":"2023-10-26T10:27:48","date_gmt":"2023-10-26T16:27:48","guid":{"rendered":"https:\/\/www.securitydataandvideo.com\/inicio\/?post_type=product&#038;p=17012"},"modified":"2023-10-26T10:27:49","modified_gmt":"2023-10-26T16:27:49","slug":"torniquete-sencillo-cuerpo-completo-para-interior-y-exterior","status":"publish","type":"product","link":"https:\/\/www.securitydataandvideo.com\/inicio\/shop\/torniquete-sencillo-cuerpo-completo-para-interior-y-exterior\/","title":{"rendered":"Torniquete Sencillo Cuerpo Completo para Interior y Exterior"},"content":{"rendered":"<p id=\"product_title_70096\" class=\"titulo_vp\">Torniquete Sencillo de Cuerpo Completo para Interior y Exterior, 100% Acero con Pintura Gris y EJE CENTRAL de Acero Inoxidable, con Acabado de Lujo para Alto Tr\u00e1fico. Modelo: <a href=\"https:\/\/www.securitydataandvideo.com\/inicio\/?post_type=product&amp;p=17012&amp;preview=true\">XT-100-CS<\/a>, Marca: <a class=\"fw-bold text-azulmarino\" href=\"https:\/\/www.syscom.mx\/principal\/marca\/ACCESSPRO\">ACCESSPRO<\/a><\/p>\n<p>La soluci\u00f3n XT-100-CS Torniquete Sencillo de Cuerpo Completo para Interior y Exterior, es la \u00fanica fabricada totalmente en <strong>Acero con recubrimiento en pintura gris y un eje central en Acero inoxidable<\/strong>, con un acabado elegante y dise\u00f1ados para aplicaciones interiores\/exteriores.<\/p>\n<h2>Caracter\u00edsticas:<\/h2>\n<ul>\n<li>Dise\u00f1o de Alta duraci\u00f3n y velocidad.<\/li>\n<li>Incluye base para facilidad de instalaci\u00f3n<\/li>\n<li>Apertura de emergencia.<\/li>\n<li>Cierre de emergencia.<\/li>\n<li>Acero\u00a0 2mm de grosor.<\/li>\n<li>Recubrimiento con pintura en color gris.<\/li>\n<li>Angulo de apertura de 90\u00b0.<\/li>\n<li>Temporizador de paso de 10 segundos<\/li>\n<li>Contador de acceso<\/li>\n<li>Led indicador de estado<\/li>\n<li>Activaci\u00f3n por medio de un pulso de contacto seco.<\/li>\n<\/ul>\n<h2>Modos de operaci\u00f3n configurables:<\/h2>\n<ul>\n<li>Ingreso libre, salida mediante verificaci\u00f3n.<\/li>\n<li>Ingreso mediante verificaci\u00f3n, salida libre.<\/li>\n<li>Ingreso prohibido, salida mediante verificaci\u00f3n.<\/li>\n<li>Ingreso mediante verificaci\u00f3n, salida prohibida.<\/li>\n<\/ul>\n<h2>Notas:<\/h2>\n<ul>\n<li>En caso de p\u00e9rdida de energ\u00eda el equipo regresa a su configuraci\u00f3n de f\u00e1brica.<\/li>\n<li>Equipo con 3 a\u00f1os de garant\u00eda contra defectos de f\u00e1brica.<\/li>\n<li><strong>Producto NO esta dentro de las pol\u00edticas de flete gratis, se debe de cotizar por separado.\u00a0<\/strong><\/li>\n<li>Equipo de gran volumen y peso, requiere montacargas para carga\/descarga y\/o maniobra de desplazamiento.<\/li>\n<li>No aplica entrega de mercanc\u00eda zona extendida.<\/li>\n<li><strong>Se requiere armar el torniquete en sitio de instalaci\u00f3n.\u00a0<\/strong><\/li>\n<\/ul>\n<h3><strong>Para\u00a0 mantener en buen estado la apariencia del torniquete, es necesario su limpieza y\/o mantenimiento semanal<\/strong>.<\/h3>\n","protected":false},"excerpt":{"rendered":"<p>Torniquete Sencillo de Cuerpo Completo para Interior y Exterior, 100% Acero con Pintura Gris y EJE CENTRAL de Acero Inoxidable, con Acabado de Lujo para Alto Tr\u00e1fico. Modelo: XT-100-CS, Marca: ACCESSPRO La soluci\u00f3n XT-100-CS Torniquete Sencillo de Cuerpo Completo para Interior y Exterior, es la \u00fanica fabricada totalmente en Acero con recubrimiento en pintura gris &hellip;<\/p>\n<p class=\"read-more\"> <a class=\"\" href=\"https:\/\/www.securitydataandvideo.com\/inicio\/shop\/torniquete-sencillo-cuerpo-completo-para-interior-y-exterior\/\"> <span class=\"screen-reader-text\">Torniquete Sencillo Cuerpo Completo para Interior y Exterior<\/span> Leer m\u00e1s &raquo;<\/a><\/p>\n","protected":false},"featured_media":17015,"template":"","meta":{"site-sidebar-layout":"no-sidebar","site-content-layout":"","ast-site-content-layout":"normal-width-container","site-content-style":"boxed","site-sidebar-style":"boxed","ast-global-header-display":"","ast-banner-title-visibility":"","ast-main-header-display":"","ast-hfb-above-header-display":"","ast-hfb-below-header-display":"","ast-hfb-mobile-header-display":"","site-post-title":"","ast-breadcrumbs-content":"","ast-featured-img":"","footer-sml-layout":"","theme-transparent-header-meta":"default","adv-header-id-meta":"","stick-header-meta":"","header-above-stick-meta":"","header-main-stick-meta":"","header-below-stick-meta":"","astra-migrate-meta-layouts":"set"},"product_cat":[314],"product_tag":[126],"yoast_head":"<!-- This site is optimized with the Yoast SEO plugin v19.5.1 - https:\/\/yoast.com\/wordpress\/plugins\/seo\/ -->\n<title>Torniquete para Interior y Exterior Security Data &amp; Video SA de CV.<\/title>\n<meta name=\"description\" content=\"Torniquete Sencillo de Cuerpo Completo para Interior y Exterior, 100% Acero con Pintura Gris y EJE CENTRAL de Acero Inoxidable, con Acabado de Lujo para Alto Tr\u00e1fico. Modelo: XT-100-CS, Marca: ACCESSPRO\" \/>\n<meta name=\"robots\" content=\"index, follow, max-snippet:-1, max-image-preview:large, max-video-preview:-1\" \/>\n<link rel=\"canonical\" href=\"https:\/\/www.securitydataandvideo.com\/inicio\/shop\/torniquete-sencillo-cuerpo-completo-para-interior-y-exterior\/\" \/>\n<meta property=\"og:locale\" content=\"es_MX\" \/>\n<meta property=\"og:type\" content=\"article\" \/>\n<meta property=\"og:title\" content=\"Torniquete para Interior y Exterior Security Data &amp; Video SA de CV.\" \/>\n<meta property=\"og:description\" content=\"Torniquete Sencillo de Cuerpo Completo para Interior y Exterior, 100% Acero con Pintura Gris y EJE CENTRAL de Acero Inoxidable, con Acabado de Lujo para Alto Tr\u00e1fico. Modelo: XT-100-CS, Marca: ACCESSPRO\" \/>\n<meta property=\"og:url\" content=\"https:\/\/www.securitydataandvideo.com\/inicio\/shop\/torniquete-sencillo-cuerpo-completo-para-interior-y-exterior\/\" \/>\n<meta property=\"og:site_name\" content=\"Security Data &amp; Video SA de CV.\" \/>\n<meta property=\"article:modified_time\" content=\"2023-10-26T16:27:49+00:00\" \/>\n<meta property=\"og:image\" content=\"https:\/\/www.securitydataandvideo.com\/inicio\/wp-content\/uploads\/2023\/10\/XT100CS-AD-3-h.png\" \/>\n\t<meta property=\"og:image:width\" content=\"2000\" \/>\n\t<meta property=\"og:image:height\" content=\"2000\" \/>\n\t<meta property=\"og:image:type\" content=\"image\/png\" \/>\n<meta name=\"twitter:card\" content=\"summary\" \/>\n<meta name=\"twitter:label1\" content=\"Tiempo de lectura\" \/>\n\t<meta name=\"twitter:data1\" content=\"2 minutos\" \/>\n<script type=\"application\/ld+json\" class=\"yoast-schema-graph\">{\"@context\":\"https:\/\/schema.org\",\"@graph\":[{\"@type\":\"WebPage\",\"@id\":\"https:\/\/www.securitydataandvideo.com\/inicio\/shop\/torniquete-sencillo-cuerpo-completo-para-interior-y-exterior\/\",\"url\":\"https:\/\/www.securitydataandvideo.com\/inicio\/shop\/torniquete-sencillo-cuerpo-completo-para-interior-y-exterior\/\",\"name\":\"Torniquete para Interior y Exterior Security Data &amp; Video SA de CV.\",\"isPartOf\":{\"@id\":\"https:\/\/www.securitydataandvideo.com\/inicio\/#website\"},\"datePublished\":\"2023-10-26T16:27:48+00:00\",\"dateModified\":\"2023-10-26T16:27:49+00:00\",\"description\":\"Torniquete Sencillo de Cuerpo Completo para Interior y Exterior, 100% Acero con Pintura Gris y EJE CENTRAL de Acero Inoxidable, con Acabado de Lujo para Alto Tr\u00e1fico. Modelo: XT-100-CS, Marca: ACCESSPRO\",\"breadcrumb\":{\"@id\":\"https:\/\/www.securitydataandvideo.com\/inicio\/shop\/torniquete-sencillo-cuerpo-completo-para-interior-y-exterior\/#breadcrumb\"},\"inLanguage\":\"es-MX\",\"potentialAction\":[{\"@type\":\"ReadAction\",\"target\":[\"https:\/\/www.securitydataandvideo.com\/inicio\/shop\/torniquete-sencillo-cuerpo-completo-para-interior-y-exterior\/\"]}]},{\"@type\":\"BreadcrumbList\",\"@id\":\"https:\/\/www.securitydataandvideo.com\/inicio\/shop\/torniquete-sencillo-cuerpo-completo-para-interior-y-exterior\/#breadcrumb\",\"itemListElement\":[{\"@type\":\"ListItem\",\"position\":1,\"name\":\"Inicio\",\"item\":\"https:\/\/www.securitydataandvideo.com\/inicio\/\"},{\"@type\":\"ListItem\",\"position\":2,\"name\":\"Shop\",\"item\":\"https:\/\/www.securitydataandvideo.com\/inicio\/shop\/\"},{\"@type\":\"ListItem\",\"position\":3,\"name\":\"Torniquete Sencillo Cuerpo Completo para Interior y Exterior\"}]},{\"@type\":\"WebSite\",\"@id\":\"https:\/\/www.securitydataandvideo.com\/inicio\/#website\",\"url\":\"https:\/\/www.securitydataandvideo.com\/inicio\/\",\"name\":\"Security Data &amp; Video SA de CV.\",\"description\":\"Seguridad Electr\u00f3nica y Energ\u00eda\",\"publisher\":{\"@id\":\"https:\/\/www.securitydataandvideo.com\/inicio\/#organization\"},\"potentialAction\":[{\"@type\":\"SearchAction\",\"target\":{\"@type\":\"EntryPoint\",\"urlTemplate\":\"https:\/\/www.securitydataandvideo.com\/inicio\/?s={search_term_string}\"},\"query-input\":\"required name=search_term_string\"}],\"inLanguage\":\"es-MX\"},{\"@type\":\"Organization\",\"@id\":\"https:\/\/www.securitydataandvideo.com\/inicio\/#organization\",\"name\":\"Security Data & Video SA de CV\",\"url\":\"https:\/\/www.securitydataandvideo.com\/inicio\/\",\"sameAs\":[],\"logo\":{\"@type\":\"ImageObject\",\"inLanguage\":\"es-MX\",\"@id\":\"https:\/\/www.securitydataandvideo.com\/inicio\/#\/schema\/logo\/image\/\",\"url\":\"https:\/\/www.securitydataandvideo.com\/inicio\/wp-content\/uploads\/2021\/10\/Logo-Azul.png\",\"contentUrl\":\"https:\/\/www.securitydataandvideo.com\/inicio\/wp-content\/uploads\/2021\/10\/Logo-Azul.png\",\"width\":555,\"height\":375,\"caption\":\"Security Data & Video SA de CV\"},\"image\":{\"@id\":\"https:\/\/www.securitydataandvideo.com\/inicio\/#\/schema\/logo\/image\/\"}}]}<\/script>\n<!-- \/ Yoast SEO plugin. -->","yoast_head_json":{"title":"Torniquete para Interior y Exterior Security Data &amp; Video SA de CV.","description":"Torniquete Sencillo de Cuerpo Completo para Interior y Exterior, 100% Acero con Pintura Gris y EJE CENTRAL de Acero Inoxidable, con Acabado de Lujo para Alto Tr\u00e1fico. Modelo: XT-100-CS, Marca: ACCESSPRO","robots":{"index":"index","follow":"follow","max-snippet":"max-snippet:-1","max-image-preview":"max-image-preview:large","max-video-preview":"max-video-preview:-1"},"canonical":"https:\/\/www.securitydataandvideo.com\/inicio\/shop\/torniquete-sencillo-cuerpo-completo-para-interior-y-exterior\/","og_locale":"es_MX","og_type":"article","og_title":"Torniquete para Interior y Exterior Security Data &amp; Video SA de CV.","og_description":"Torniquete Sencillo de Cuerpo Completo para Interior y Exterior, 100% Acero con Pintura Gris y EJE CENTRAL de Acero Inoxidable, con Acabado de Lujo para Alto Tr\u00e1fico. Modelo: XT-100-CS, Marca: ACCESSPRO","og_url":"https:\/\/www.securitydataandvideo.com\/inicio\/shop\/torniquete-sencillo-cuerpo-completo-para-interior-y-exterior\/","og_site_name":"Security Data &amp; Video SA de CV.","article_modified_time":"2023-10-26T16:27:49+00:00","og_image":[{"width":2000,"height":2000,"url":"https:\/\/www.securitydataandvideo.com\/inicio\/wp-content\/uploads\/2023\/10\/XT100CS-AD-3-h.png","type":"image\/png"}],"twitter_card":"summary","twitter_misc":{"Tiempo de lectura":"2 minutos"},"schema":{"@context":"https:\/\/schema.org","@graph":[{"@type":"WebPage","@id":"https:\/\/www.securitydataandvideo.com\/inicio\/shop\/torniquete-sencillo-cuerpo-completo-para-interior-y-exterior\/","url":"https:\/\/www.securitydataandvideo.com\/inicio\/shop\/torniquete-sencillo-cuerpo-completo-para-interior-y-exterior\/","name":"Torniquete para Interior y Exterior Security Data &amp; Video SA de CV.","isPartOf":{"@id":"https:\/\/www.securitydataandvideo.com\/inicio\/#website"},"datePublished":"2023-10-26T16:27:48+00:00","dateModified":"2023-10-26T16:27:49+00:00","description":"Torniquete Sencillo de Cuerpo Completo para Interior y Exterior, 100% Acero con Pintura Gris y EJE CENTRAL de Acero Inoxidable, con Acabado de Lujo para Alto Tr\u00e1fico. Modelo: XT-100-CS, Marca: ACCESSPRO","breadcrumb":{"@id":"https:\/\/www.securitydataandvideo.com\/inicio\/shop\/torniquete-sencillo-cuerpo-completo-para-interior-y-exterior\/#breadcrumb"},"inLanguage":"es-MX","potentialAction":[{"@type":"ReadAction","target":["https:\/\/www.securitydataandvideo.com\/inicio\/shop\/torniquete-sencillo-cuerpo-completo-para-interior-y-exterior\/"]}]},{"@type":"BreadcrumbList","@id":"https:\/\/www.securitydataandvideo.com\/inicio\/shop\/torniquete-sencillo-cuerpo-completo-para-interior-y-exterior\/#breadcrumb","itemListElement":[{"@type":"ListItem","position":1,"name":"Inicio","item":"https:\/\/www.securitydataandvideo.com\/inicio\/"},{"@type":"ListItem","position":2,"name":"Shop","item":"https:\/\/www.securitydataandvideo.com\/inicio\/shop\/"},{"@type":"ListItem","position":3,"name":"Torniquete Sencillo Cuerpo Completo para Interior y Exterior"}]},{"@type":"WebSite","@id":"https:\/\/www.securitydataandvideo.com\/inicio\/#website","url":"https:\/\/www.securitydataandvideo.com\/inicio\/","name":"Security Data &amp; Video SA de CV.","description":"Seguridad Electr\u00f3nica y Energ\u00eda","publisher":{"@id":"https:\/\/www.securitydataandvideo.com\/inicio\/#organization"},"potentialAction":[{"@type":"SearchAction","target":{"@type":"EntryPoint","urlTemplate":"https:\/\/www.securitydataandvideo.com\/inicio\/?s={search_term_string}"},"query-input":"required name=search_term_string"}],"inLanguage":"es-MX"},{"@type":"Organization","@id":"https:\/\/www.securitydataandvideo.com\/inicio\/#organization","name":"Security Data & Video SA de CV","url":"https:\/\/www.securitydataandvideo.com\/inicio\/","sameAs":[],"logo":{"@type":"ImageObject","inLanguage":"es-MX","@id":"https:\/\/www.securitydataandvideo.com\/inicio\/#\/schema\/logo\/image\/","url":"https:\/\/www.securitydataandvideo.com\/inicio\/wp-content\/uploads\/2021\/10\/Logo-Azul.png","contentUrl":"https:\/\/www.securitydataandvideo.com\/inicio\/wp-content\/uploads\/2021\/10\/Logo-Azul.png","width":555,"height":375,"caption":"Security Data & Video SA de CV"},"image":{"@id":"https:\/\/www.securitydataandvideo.com\/inicio\/#\/schema\/logo\/image\/"}}]}},"_links":{"self":[{"href":"https:\/\/www.securitydataandvideo.com\/inicio\/wp-json\/wp\/v2\/product\/17012"}],"collection":[{"href":"https:\/\/www.securitydataandvideo.com\/inicio\/wp-json\/wp\/v2\/product"}],"about":[{"href":"https:\/\/www.securitydataandvideo.com\/inicio\/wp-json\/wp\/v2\/types\/product"}],"wp:featuredmedia":[{"embeddable":true,"href":"https:\/\/www.securitydataandvideo.com\/inicio\/wp-json\/wp\/v2\/media\/17015"}],"wp:attachment":[{"href":"https:\/\/www.securitydataandvideo.com\/inicio\/wp-json\/wp\/v2\/media?parent=17012"}],"wp:term":[{"taxonomy":"product_cat","embeddable":true,"href":"https:\/\/www.securitydataandvideo.com\/inicio\/wp-json\/wp\/v2\/product_cat?post=17012"},{"taxonomy":"product_tag","embeddable":true,"href":"https:\/\/www.securitydataandvideo.com\/inicio\/wp-json\/wp\/v2\/product_tag?post=17012"}],"curies":[{"name":"wp","href":"https:\/\/api.w.org\/{rel}","templated":true}]}}