{"id":17017,"date":"2023-10-26T11:06:09","date_gmt":"2023-10-26T17:06:09","guid":{"rendered":"https:\/\/www.securitydataandvideo.com\/inicio\/?post_type=product&#038;p=17017"},"modified":"2023-10-26T11:06:10","modified_gmt":"2023-10-26T17:06:10","slug":"torniquete-doble-de-cuerpo-completo-100-acero-inoxidable-diseno-elegante","status":"publish","type":"product","link":"https:\/\/www.securitydataandvideo.com\/inicio\/shop\/torniquete-doble-de-cuerpo-completo-100-acero-inoxidable-diseno-elegante\/","title":{"rendered":"Torniquete Doble de Cuerpo Completo \/ 100% Acero Inoxidable \/ Dise\u00f1o Elegante"},"content":{"rendered":"<h3 id=\"product_title_213062\" class=\"titulo_vp\"><a href=\"https:\/\/www.securitydataandvideo.com\/inicio\/?post_type=product&amp;p=17017&amp;preview=true\">Torniquete Doble<\/a> de Cuerpo Completo, 100% Acero Inoxidable con Dise\u00f1o Elegante.<\/h3>\n<p>&nbsp;<\/p>\n<p>TORNIQUETES DE\u00a0<b class=\"weight--bold\">ALTURA COMPLETA.<\/b><\/p>\n<p>Entradas de baja seguridad para aplicaciones en interiores y exteriores. Los torniquetes de altura completa son una soluci\u00f3n robusta y de bajo mantenimiento para las condiciones exteriores m\u00e1s adversas, que act\u00faa como un elemento disuasorio contra el seguimiento de cerca entre personas y la entrada no autorizada en su l\u00ednea de valla. Hemos desarrollado continuamente nuestros torniquetes de altura completa para adaptarse a las necesidades del entorno, ya sea para la supervisi\u00f3n interna o externa sin supervisi\u00f3n.<\/p>\n<h3 class=\"pb-2 pt-2 m-0 text-white\"><a class=\"text-white\" href=\"https:\/\/www.syscom.mx\/producto\/XT-200-L-ACCESSPRO-213062.html#especificaciones\">Especificaciones<\/a><\/h3>\n<h3 id=\"product_title_213062\" class=\"titulo_vp\">Torniquete Doble de Cuerpo Completo<\/h3>\n<h3 class=\"pb-2 pt-2 m-0 text-white\"><\/h3>\n<p><strong>Caracter\u00edsticas principales:<\/strong><\/p>\n<ul>\n<li>Torniquete de doble paso.<\/li>\n<li>Fabricado en acero inoxidable grado 304.<\/li>\n<li>Funci\u00f3n de apertura autom\u00e1tica en caso de emergencia.<\/li>\n<\/ul>\n<p><strong>F\u00edsicas y El\u00e9ctricas:<\/strong><\/p>\n<ul>\n<li>Alimentaci\u00f3n a 110 VAC.<\/li>\n<li>Consumo de corriente de 6.5 Amp.<\/li>\n<li>Dimensiones 2317 x 1183 x 2214 mm.<\/li>\n<\/ul>\n<p><strong>Destacadas:<\/strong><\/p>\n<ul>\n<li>Velocidad de paso de 25 personas por minuto.<\/li>\n<li>Modos de trabajo configurables.<\/li>\n<li>Abierto en caso de falla del suministro el\u00e9ctrico.<\/li>\n<li>Incluye base de instalaci\u00f3n.<\/li>\n<\/ul>\n<h3><strong>Notas adicionales<\/strong><\/h3>\n<p><strong>Producto NO esta dentro de las pol\u00edticas de flete gratis, se debe de cotizar por separado.<\/strong><\/p>\n<p>Equipo de gran volumen y peso, requeire montacargas para su carga\/descarta y\/o maniobra de desplazamiento.<\/p>\n<p>No aplica entrega de mercanc\u00edoa en zona extendida.<\/p>\n<hr \/>\n<h3><strong>Para\u00a0 mantener en buen estado la apariencia del torniquete, es necesario su limpieza y\/o mantenimiento semanal<\/strong>.<\/h3>\n<p>&nbsp;<\/p>\n<header class=\"block__header\">\n<h2 class=\"block__title title--m\"><b class=\"weight--bold\">Beneficios clave\u00a0<\/b>de los torniquetes de altura completa<\/h2>\n<\/header>\n<div class=\"block__content\">\n<div class=\"block__text text--styled\">\n<ul>\n<li>Sirve como un disuasivo visual contra una posible infiltraci\u00f3n<\/li>\n<li>Ayuda a los guardias a administrar el flujo de empleados e invitados en un edificio<\/li>\n<li>Crea un equilibrio visual y psicol\u00f3gico entre ser bienvenido y la seguridad<\/li>\n<li>Habilidad para controlar el n\u00famero y sentido de la gente que pasa por la entrada<\/li>\n<li>Funciona en conjunto con el software de gesti\u00f3n de visitantes para un registro digital de todos los hu\u00e9spedes dentro de los edificios<\/li>\n<li>Integraci\u00f3n posible con pr\u00e1cticamente cualquier soluci\u00f3n de acceso<\/li>\n<li>Robusto y duradero<\/li>\n<\/ul>\n<\/div>\n<\/div>\n","protected":false},"excerpt":{"rendered":"<p>Torniquete Doble de Cuerpo Completo, 100% Acero Inoxidable con Dise\u00f1o Elegante. &nbsp; TORNIQUETES DE\u00a0ALTURA COMPLETA. Entradas de baja seguridad para aplicaciones en interiores y exteriores. Los torniquetes de altura completa son una soluci\u00f3n robusta y de bajo mantenimiento para las condiciones exteriores m\u00e1s adversas, que act\u00faa como un elemento disuasorio contra el seguimiento de cerca &hellip;<\/p>\n<p class=\"read-more\"> <a class=\"\" href=\"https:\/\/www.securitydataandvideo.com\/inicio\/shop\/torniquete-doble-de-cuerpo-completo-100-acero-inoxidable-diseno-elegante\/\"> <span class=\"screen-reader-text\">Torniquete Doble de Cuerpo Completo \/ 100% Acero Inoxidable \/ Dise\u00f1o Elegante<\/span> Leer m\u00e1s &raquo;<\/a><\/p>\n","protected":false},"featured_media":17020,"template":"","meta":{"site-sidebar-layout":"no-sidebar","site-content-layout":"","ast-site-content-layout":"normal-width-container","site-content-style":"boxed","site-sidebar-style":"boxed","ast-global-header-display":"","ast-banner-title-visibility":"","ast-main-header-display":"","ast-hfb-above-header-display":"","ast-hfb-below-header-display":"","ast-hfb-mobile-header-display":"","site-post-title":"","ast-breadcrumbs-content":"","ast-featured-img":"","footer-sml-layout":"","theme-transparent-header-meta":"default","adv-header-id-meta":"","stick-header-meta":"","header-above-stick-meta":"","header-main-stick-meta":"","header-below-stick-meta":"","astra-migrate-meta-layouts":"set"},"product_cat":[314],"product_tag":[126],"yoast_head":"<!-- This site is optimized with the Yoast SEO plugin v19.5.1 - https:\/\/yoast.com\/wordpress\/plugins\/seo\/ -->\n<title>Torniquete Doble Cuerpo Completo - Security Data &amp; Video<\/title>\n<meta name=\"description\" content=\"Torniquete Doble de Cuerpo Completo, 100% Acero Inoxidable con Dise\u00f1o Elegante. Env\u00edos a todo Mexico, Cotizaciones sin Costo.\" \/>\n<meta name=\"robots\" content=\"index, follow, max-snippet:-1, max-image-preview:large, max-video-preview:-1\" \/>\n<link rel=\"canonical\" href=\"https:\/\/www.securitydataandvideo.com\/inicio\/shop\/torniquete-doble-de-cuerpo-completo-100-acero-inoxidable-diseno-elegante\/\" \/>\n<meta property=\"og:locale\" content=\"es_MX\" \/>\n<meta property=\"og:type\" content=\"article\" \/>\n<meta property=\"og:title\" content=\"Torniquete Doble Cuerpo Completo - Security Data &amp; Video\" \/>\n<meta property=\"og:description\" content=\"Torniquete Doble de Cuerpo Completo, 100% Acero Inoxidable con Dise\u00f1o Elegante. Env\u00edos a todo Mexico, Cotizaciones sin Costo.\" \/>\n<meta property=\"og:url\" content=\"https:\/\/www.securitydataandvideo.com\/inicio\/shop\/torniquete-doble-de-cuerpo-completo-100-acero-inoxidable-diseno-elegante\/\" \/>\n<meta property=\"og:site_name\" content=\"Security Data &amp; Video SA de CV.\" \/>\n<meta property=\"article:modified_time\" content=\"2023-10-26T17:06:10+00:00\" \/>\n<meta property=\"og:image\" content=\"https:\/\/www.securitydataandvideo.com\/inicio\/wp-content\/uploads\/2023\/10\/XT200L-h.png\" \/>\n\t<meta property=\"og:image:width\" content=\"2000\" \/>\n\t<meta property=\"og:image:height\" content=\"2000\" \/>\n\t<meta property=\"og:image:type\" content=\"image\/png\" \/>\n<meta name=\"twitter:card\" content=\"summary\" \/>\n<meta name=\"twitter:label1\" content=\"Tiempo de lectura\" \/>\n\t<meta name=\"twitter:data1\" content=\"2 minutos\" \/>\n<script type=\"application\/ld+json\" class=\"yoast-schema-graph\">{\"@context\":\"https:\/\/schema.org\",\"@graph\":[{\"@type\":\"WebPage\",\"@id\":\"https:\/\/www.securitydataandvideo.com\/inicio\/shop\/torniquete-doble-de-cuerpo-completo-100-acero-inoxidable-diseno-elegante\/\",\"url\":\"https:\/\/www.securitydataandvideo.com\/inicio\/shop\/torniquete-doble-de-cuerpo-completo-100-acero-inoxidable-diseno-elegante\/\",\"name\":\"Torniquete Doble Cuerpo Completo - Security Data & Video\",\"isPartOf\":{\"@id\":\"https:\/\/www.securitydataandvideo.com\/inicio\/#website\"},\"datePublished\":\"2023-10-26T17:06:09+00:00\",\"dateModified\":\"2023-10-26T17:06:10+00:00\",\"description\":\"Torniquete Doble de Cuerpo Completo, 100% Acero Inoxidable con Dise\u00f1o Elegante. Env\u00edos a todo Mexico, Cotizaciones sin Costo.\",\"breadcrumb\":{\"@id\":\"https:\/\/www.securitydataandvideo.com\/inicio\/shop\/torniquete-doble-de-cuerpo-completo-100-acero-inoxidable-diseno-elegante\/#breadcrumb\"},\"inLanguage\":\"es-MX\",\"potentialAction\":[{\"@type\":\"ReadAction\",\"target\":[\"https:\/\/www.securitydataandvideo.com\/inicio\/shop\/torniquete-doble-de-cuerpo-completo-100-acero-inoxidable-diseno-elegante\/\"]}]},{\"@type\":\"BreadcrumbList\",\"@id\":\"https:\/\/www.securitydataandvideo.com\/inicio\/shop\/torniquete-doble-de-cuerpo-completo-100-acero-inoxidable-diseno-elegante\/#breadcrumb\",\"itemListElement\":[{\"@type\":\"ListItem\",\"position\":1,\"name\":\"Inicio\",\"item\":\"https:\/\/www.securitydataandvideo.com\/inicio\/\"},{\"@type\":\"ListItem\",\"position\":2,\"name\":\"Shop\",\"item\":\"https:\/\/www.securitydataandvideo.com\/inicio\/shop\/\"},{\"@type\":\"ListItem\",\"position\":3,\"name\":\"Torniquete Doble de Cuerpo Completo \/ 100% Acero Inoxidable \/ Dise\u00f1o Elegante\"}]},{\"@type\":\"WebSite\",\"@id\":\"https:\/\/www.securitydataandvideo.com\/inicio\/#website\",\"url\":\"https:\/\/www.securitydataandvideo.com\/inicio\/\",\"name\":\"Security Data &amp; Video SA de CV.\",\"description\":\"Seguridad Electr\u00f3nica y Energ\u00eda\",\"publisher\":{\"@id\":\"https:\/\/www.securitydataandvideo.com\/inicio\/#organization\"},\"potentialAction\":[{\"@type\":\"SearchAction\",\"target\":{\"@type\":\"EntryPoint\",\"urlTemplate\":\"https:\/\/www.securitydataandvideo.com\/inicio\/?s={search_term_string}\"},\"query-input\":\"required name=search_term_string\"}],\"inLanguage\":\"es-MX\"},{\"@type\":\"Organization\",\"@id\":\"https:\/\/www.securitydataandvideo.com\/inicio\/#organization\",\"name\":\"Security Data & Video SA de CV\",\"url\":\"https:\/\/www.securitydataandvideo.com\/inicio\/\",\"sameAs\":[],\"logo\":{\"@type\":\"ImageObject\",\"inLanguage\":\"es-MX\",\"@id\":\"https:\/\/www.securitydataandvideo.com\/inicio\/#\/schema\/logo\/image\/\",\"url\":\"https:\/\/www.securitydataandvideo.com\/inicio\/wp-content\/uploads\/2021\/10\/Logo-Azul.png\",\"contentUrl\":\"https:\/\/www.securitydataandvideo.com\/inicio\/wp-content\/uploads\/2021\/10\/Logo-Azul.png\",\"width\":555,\"height\":375,\"caption\":\"Security Data & Video SA de CV\"},\"image\":{\"@id\":\"https:\/\/www.securitydataandvideo.com\/inicio\/#\/schema\/logo\/image\/\"}}]}<\/script>\n<!-- \/ Yoast SEO plugin. -->","yoast_head_json":{"title":"Torniquete Doble Cuerpo Completo - Security Data & Video","description":"Torniquete Doble de Cuerpo Completo, 100% Acero Inoxidable con Dise\u00f1o Elegante. Env\u00edos a todo Mexico, Cotizaciones sin Costo.","robots":{"index":"index","follow":"follow","max-snippet":"max-snippet:-1","max-image-preview":"max-image-preview:large","max-video-preview":"max-video-preview:-1"},"canonical":"https:\/\/www.securitydataandvideo.com\/inicio\/shop\/torniquete-doble-de-cuerpo-completo-100-acero-inoxidable-diseno-elegante\/","og_locale":"es_MX","og_type":"article","og_title":"Torniquete Doble Cuerpo Completo - Security Data & Video","og_description":"Torniquete Doble de Cuerpo Completo, 100% Acero Inoxidable con Dise\u00f1o Elegante. Env\u00edos a todo Mexico, Cotizaciones sin Costo.","og_url":"https:\/\/www.securitydataandvideo.com\/inicio\/shop\/torniquete-doble-de-cuerpo-completo-100-acero-inoxidable-diseno-elegante\/","og_site_name":"Security Data &amp; Video SA de CV.","article_modified_time":"2023-10-26T17:06:10+00:00","og_image":[{"width":2000,"height":2000,"url":"https:\/\/www.securitydataandvideo.com\/inicio\/wp-content\/uploads\/2023\/10\/XT200L-h.png","type":"image\/png"}],"twitter_card":"summary","twitter_misc":{"Tiempo de lectura":"2 minutos"},"schema":{"@context":"https:\/\/schema.org","@graph":[{"@type":"WebPage","@id":"https:\/\/www.securitydataandvideo.com\/inicio\/shop\/torniquete-doble-de-cuerpo-completo-100-acero-inoxidable-diseno-elegante\/","url":"https:\/\/www.securitydataandvideo.com\/inicio\/shop\/torniquete-doble-de-cuerpo-completo-100-acero-inoxidable-diseno-elegante\/","name":"Torniquete Doble Cuerpo Completo - Security Data & Video","isPartOf":{"@id":"https:\/\/www.securitydataandvideo.com\/inicio\/#website"},"datePublished":"2023-10-26T17:06:09+00:00","dateModified":"2023-10-26T17:06:10+00:00","description":"Torniquete Doble de Cuerpo Completo, 100% Acero Inoxidable con Dise\u00f1o Elegante. Env\u00edos a todo Mexico, Cotizaciones sin Costo.","breadcrumb":{"@id":"https:\/\/www.securitydataandvideo.com\/inicio\/shop\/torniquete-doble-de-cuerpo-completo-100-acero-inoxidable-diseno-elegante\/#breadcrumb"},"inLanguage":"es-MX","potentialAction":[{"@type":"ReadAction","target":["https:\/\/www.securitydataandvideo.com\/inicio\/shop\/torniquete-doble-de-cuerpo-completo-100-acero-inoxidable-diseno-elegante\/"]}]},{"@type":"BreadcrumbList","@id":"https:\/\/www.securitydataandvideo.com\/inicio\/shop\/torniquete-doble-de-cuerpo-completo-100-acero-inoxidable-diseno-elegante\/#breadcrumb","itemListElement":[{"@type":"ListItem","position":1,"name":"Inicio","item":"https:\/\/www.securitydataandvideo.com\/inicio\/"},{"@type":"ListItem","position":2,"name":"Shop","item":"https:\/\/www.securitydataandvideo.com\/inicio\/shop\/"},{"@type":"ListItem","position":3,"name":"Torniquete Doble de Cuerpo Completo \/ 100% Acero Inoxidable \/ Dise\u00f1o Elegante"}]},{"@type":"WebSite","@id":"https:\/\/www.securitydataandvideo.com\/inicio\/#website","url":"https:\/\/www.securitydataandvideo.com\/inicio\/","name":"Security Data &amp; Video SA de CV.","description":"Seguridad Electr\u00f3nica y Energ\u00eda","publisher":{"@id":"https:\/\/www.securitydataandvideo.com\/inicio\/#organization"},"potentialAction":[{"@type":"SearchAction","target":{"@type":"EntryPoint","urlTemplate":"https:\/\/www.securitydataandvideo.com\/inicio\/?s={search_term_string}"},"query-input":"required name=search_term_string"}],"inLanguage":"es-MX"},{"@type":"Organization","@id":"https:\/\/www.securitydataandvideo.com\/inicio\/#organization","name":"Security Data & Video SA de CV","url":"https:\/\/www.securitydataandvideo.com\/inicio\/","sameAs":[],"logo":{"@type":"ImageObject","inLanguage":"es-MX","@id":"https:\/\/www.securitydataandvideo.com\/inicio\/#\/schema\/logo\/image\/","url":"https:\/\/www.securitydataandvideo.com\/inicio\/wp-content\/uploads\/2021\/10\/Logo-Azul.png","contentUrl":"https:\/\/www.securitydataandvideo.com\/inicio\/wp-content\/uploads\/2021\/10\/Logo-Azul.png","width":555,"height":375,"caption":"Security Data & Video SA de CV"},"image":{"@id":"https:\/\/www.securitydataandvideo.com\/inicio\/#\/schema\/logo\/image\/"}}]}},"_links":{"self":[{"href":"https:\/\/www.securitydataandvideo.com\/inicio\/wp-json\/wp\/v2\/product\/17017"}],"collection":[{"href":"https:\/\/www.securitydataandvideo.com\/inicio\/wp-json\/wp\/v2\/product"}],"about":[{"href":"https:\/\/www.securitydataandvideo.com\/inicio\/wp-json\/wp\/v2\/types\/product"}],"wp:featuredmedia":[{"embeddable":true,"href":"https:\/\/www.securitydataandvideo.com\/inicio\/wp-json\/wp\/v2\/media\/17020"}],"wp:attachment":[{"href":"https:\/\/www.securitydataandvideo.com\/inicio\/wp-json\/wp\/v2\/media?parent=17017"}],"wp:term":[{"taxonomy":"product_cat","embeddable":true,"href":"https:\/\/www.securitydataandvideo.com\/inicio\/wp-json\/wp\/v2\/product_cat?post=17017"},{"taxonomy":"product_tag","embeddable":true,"href":"https:\/\/www.securitydataandvideo.com\/inicio\/wp-json\/wp\/v2\/product_tag?post=17017"}],"curies":[{"name":"wp","href":"https:\/\/api.w.org\/{rel}","templated":true}]}}