{"id":17028,"date":"2023-10-27T08:31:39","date_gmt":"2023-10-27T14:31:39","guid":{"rendered":"https:\/\/www.securitydataandvideo.com\/inicio\/?post_type=product&#038;p=17028"},"modified":"2023-10-27T08:31:40","modified_gmt":"2023-10-27T14:31:40","slug":"torniquete-doble-para-alto-trafico","status":"publish","type":"product","link":"https:\/\/www.securitydataandvideo.com\/inicio\/shop\/torniquete-doble-para-alto-trafico\/","title":{"rendered":"Torniquete Doble para Alto Trafico"},"content":{"rendered":"<p id=\"product_title_73668\" class=\"titulo_vp\"><strong>Torniquete Doble de Cuerpo Completo para Alto Trafico, para Interior y Exterior y 100% Acero con Pintura Gris, EJE CENTRAL con Pintura Gris y Acabado de Lujo.<\/strong><\/p>\n<h3><span style=\"font-size: 12pt;\">La soluci\u00f3n <a href=\"https:\/\/www.securitydataandvideo.com\/inicio\/?post_type=product&amp;p=17028&amp;preview=true\">XT-200-C<\/a> <a href=\"https:\/\/www.syscom.mx\/producto\/XT-200-C-ACCESSPRO-73668.html\">de AccessPRO\u00ae<\/a> es la \u00fanica fabricada totalmente en\u00a0<strong>Acero al carbon y un recubrimiento en color gris<\/strong>, con un acabado elegante y dise\u00f1ados para aplicaciones interiores\/exteriores de doble acceso peatonal.<\/span><\/h3>\n<h2><span style=\"font-size: 12pt;\">Notas:<\/span><\/h2>\n<ul>\n<li>En caso de p\u00e9rdida de energ\u00eda el equipo regresa a su configuraci\u00f3n de f\u00e1brica.<\/li>\n<li>Equipo con 3 a\u00f1os de garant\u00eda contra defectos de f\u00e1brica.<\/li>\n<li><strong>Producto NO esta dentro de las pol\u00edticas de flete gratis, se debe de cotizar por separado.\u00a0<\/strong><\/li>\n<li>Equipo de gran volumen y peso, requiere montacargas para carga\/descarga y\/o maniobra de desplazamiento.<\/li>\n<li>No aplica entrega de mercanc\u00eda zona extendida.<\/li>\n<\/ul>\n<h2>Caracter\u00edsticas:<\/h2>\n<ul>\n<li>Dise\u00f1o de alta duraci\u00f3n y velocidad.<\/li>\n<li>Incluye base para facilidad de instalaci\u00f3n.<\/li>\n<li>Apertura de emergencia.<\/li>\n<li>Cierre de emergencia.<\/li>\n<li>Acero al carbon de 2 mm de grosor.<\/li>\n<li>Recubrimiento en color gris.<\/li>\n<li>Angulo de apertura de 90\u00b0.<\/li>\n<li>Temporizador de paso de 10 segundos.<\/li>\n<li>Led indicador de estado.<\/li>\n<li>4 ejes de seguridad.<\/li>\n<li>Angulo de rotaci\u00f3n de 90\u00b0<\/li>\n<li><strong>Funci\u00f3n de apertura autom\u00e1tica en caso de emergencia.<\/strong><\/li>\n<li>Robusto dise\u00f1o exclusivo.<\/li>\n<li>Alimentaci\u00f3n de 110Vca, consumo 12.5A<\/li>\n<li>Dimensiones: 2.31 x 1.46 x 2.2 m.<\/li>\n<li>Peso: 800Kg.<\/li>\n<li><strong>Fabricado totalmente en Acero al carbon con pintura color gris.\u00a0<\/strong><\/li>\n<li><strong>Interior\/Exterior (incluye techo)<\/strong><\/li>\n<li>Temperatura de operaci\u00f3n:-20\u00b0 a 50\u00b0C-<\/li>\n<li><strong>Velocidad de paso de 30 personas por minuto.<\/strong><\/li>\n<li>Bidireccional (configurable).<\/li>\n<li><strong>Velocidad en caso de emergencia de 50 personas por minuto.<\/strong><\/li>\n<li>Control por contacto seco o pulso mayor a 100ms.<\/li>\n<\/ul>\n<h2>Modos de operaci\u00f3n configurables:<\/h2>\n<ul>\n<li>Ingreso libre, salida mediante verificacin.<\/li>\n<li>Ingreso medieante verificaci\u00f3n, salida libre.<\/li>\n<li>Ingreso prohibido, salida mediante verificaci\u00f3n.<\/li>\n<li>Ingreso mediante verificaci\u00f3n, salida prohibida.<\/li>\n<\/ul>\n<h3><span style=\"font-size: 12pt;\"><strong>Para\u00a0 mantener en buen estado la apariencia del torniquete, es necesario su limpieza y\/o mantenimiento semanal<\/strong>.\u00a0<\/span><\/h3>\n","protected":false},"excerpt":{"rendered":"<p>Torniquete Doble de Cuerpo Completo para Alto Trafico, para Interior y Exterior y 100% Acero con Pintura Gris, EJE CENTRAL con Pintura Gris y Acabado de Lujo. La soluci\u00f3n XT-200-C de AccessPRO\u00ae es la \u00fanica fabricada totalmente en\u00a0Acero al carbon y un recubrimiento en color gris, con un acabado elegante y dise\u00f1ados para aplicaciones interiores\/exteriores &hellip;<\/p>\n<p class=\"read-more\"> <a class=\"\" href=\"https:\/\/www.securitydataandvideo.com\/inicio\/shop\/torniquete-doble-para-alto-trafico\/\"> <span class=\"screen-reader-text\">Torniquete Doble para Alto Trafico<\/span> Leer m\u00e1s &raquo;<\/a><\/p>\n","protected":false},"featured_media":17031,"template":"","meta":{"site-sidebar-layout":"no-sidebar","site-content-layout":"","ast-site-content-layout":"normal-width-container","site-content-style":"boxed","site-sidebar-style":"boxed","ast-global-header-display":"","ast-banner-title-visibility":"","ast-main-header-display":"","ast-hfb-above-header-display":"","ast-hfb-below-header-display":"","ast-hfb-mobile-header-display":"","site-post-title":"","ast-breadcrumbs-content":"","ast-featured-img":"","footer-sml-layout":"","theme-transparent-header-meta":"default","adv-header-id-meta":"","stick-header-meta":"","header-above-stick-meta":"","header-main-stick-meta":"","header-below-stick-meta":"","astra-migrate-meta-layouts":"set"},"product_cat":[314],"product_tag":[126],"yoast_head":"<!-- This site is optimized with the Yoast SEO plugin v19.5.1 - https:\/\/yoast.com\/wordpress\/plugins\/seo\/ -->\n<title>Torniquete Doble para Alto Trafico - Security Data &amp; Video<\/title>\n<meta name=\"description\" content=\"Torniquete Doble de Cuerpo Completo para Alto Trafico, para Interior y Exterior y 100% Acero con Pintura Gris, EJE CENTRAL con Pintura Gris.\" \/>\n<meta name=\"robots\" content=\"index, follow, max-snippet:-1, max-image-preview:large, max-video-preview:-1\" \/>\n<link rel=\"canonical\" href=\"https:\/\/www.securitydataandvideo.com\/inicio\/shop\/torniquete-doble-para-alto-trafico\/\" \/>\n<meta property=\"og:locale\" content=\"es_MX\" \/>\n<meta property=\"og:type\" content=\"article\" \/>\n<meta property=\"og:title\" content=\"Torniquete Doble para Alto Trafico - Security Data &amp; Video\" \/>\n<meta property=\"og:description\" content=\"Torniquete Doble de Cuerpo Completo para Alto Trafico, para Interior y Exterior y 100% Acero con Pintura Gris, EJE CENTRAL con Pintura Gris.\" \/>\n<meta property=\"og:url\" content=\"https:\/\/www.securitydataandvideo.com\/inicio\/shop\/torniquete-doble-para-alto-trafico\/\" \/>\n<meta property=\"og:site_name\" content=\"Security Data &amp; Video SA de CV.\" \/>\n<meta property=\"article:modified_time\" content=\"2023-10-27T14:31:40+00:00\" \/>\n<meta property=\"og:image\" content=\"https:\/\/www.securitydataandvideo.com\/inicio\/wp-content\/uploads\/2023\/10\/XT200C-AD-5-h-800x800.png\" \/>\n\t<meta property=\"og:image:width\" content=\"800\" \/>\n\t<meta property=\"og:image:height\" content=\"800\" \/>\n\t<meta property=\"og:image:type\" content=\"image\/png\" \/>\n<meta name=\"twitter:card\" content=\"summary\" \/>\n<meta name=\"twitter:label1\" content=\"Tiempo de lectura\" \/>\n\t<meta name=\"twitter:data1\" content=\"2 minutos\" \/>\n<script type=\"application\/ld+json\" class=\"yoast-schema-graph\">{\"@context\":\"https:\/\/schema.org\",\"@graph\":[{\"@type\":\"WebPage\",\"@id\":\"https:\/\/www.securitydataandvideo.com\/inicio\/shop\/torniquete-doble-para-alto-trafico\/\",\"url\":\"https:\/\/www.securitydataandvideo.com\/inicio\/shop\/torniquete-doble-para-alto-trafico\/\",\"name\":\"Torniquete Doble para Alto Trafico - Security Data & Video\",\"isPartOf\":{\"@id\":\"https:\/\/www.securitydataandvideo.com\/inicio\/#website\"},\"datePublished\":\"2023-10-27T14:31:39+00:00\",\"dateModified\":\"2023-10-27T14:31:40+00:00\",\"description\":\"Torniquete Doble de Cuerpo Completo para Alto Trafico, para Interior y Exterior y 100% Acero con Pintura Gris, EJE CENTRAL con Pintura Gris.\",\"breadcrumb\":{\"@id\":\"https:\/\/www.securitydataandvideo.com\/inicio\/shop\/torniquete-doble-para-alto-trafico\/#breadcrumb\"},\"inLanguage\":\"es-MX\",\"potentialAction\":[{\"@type\":\"ReadAction\",\"target\":[\"https:\/\/www.securitydataandvideo.com\/inicio\/shop\/torniquete-doble-para-alto-trafico\/\"]}]},{\"@type\":\"BreadcrumbList\",\"@id\":\"https:\/\/www.securitydataandvideo.com\/inicio\/shop\/torniquete-doble-para-alto-trafico\/#breadcrumb\",\"itemListElement\":[{\"@type\":\"ListItem\",\"position\":1,\"name\":\"Inicio\",\"item\":\"https:\/\/www.securitydataandvideo.com\/inicio\/\"},{\"@type\":\"ListItem\",\"position\":2,\"name\":\"Shop\",\"item\":\"https:\/\/www.securitydataandvideo.com\/inicio\/shop\/\"},{\"@type\":\"ListItem\",\"position\":3,\"name\":\"Torniquete Doble para Alto Trafico\"}]},{\"@type\":\"WebSite\",\"@id\":\"https:\/\/www.securitydataandvideo.com\/inicio\/#website\",\"url\":\"https:\/\/www.securitydataandvideo.com\/inicio\/\",\"name\":\"Security Data &amp; Video SA de CV.\",\"description\":\"Seguridad Electr\u00f3nica y Energ\u00eda\",\"publisher\":{\"@id\":\"https:\/\/www.securitydataandvideo.com\/inicio\/#organization\"},\"potentialAction\":[{\"@type\":\"SearchAction\",\"target\":{\"@type\":\"EntryPoint\",\"urlTemplate\":\"https:\/\/www.securitydataandvideo.com\/inicio\/?s={search_term_string}\"},\"query-input\":\"required name=search_term_string\"}],\"inLanguage\":\"es-MX\"},{\"@type\":\"Organization\",\"@id\":\"https:\/\/www.securitydataandvideo.com\/inicio\/#organization\",\"name\":\"Security Data & Video SA de CV\",\"url\":\"https:\/\/www.securitydataandvideo.com\/inicio\/\",\"sameAs\":[],\"logo\":{\"@type\":\"ImageObject\",\"inLanguage\":\"es-MX\",\"@id\":\"https:\/\/www.securitydataandvideo.com\/inicio\/#\/schema\/logo\/image\/\",\"url\":\"https:\/\/www.securitydataandvideo.com\/inicio\/wp-content\/uploads\/2021\/10\/Logo-Azul.png\",\"contentUrl\":\"https:\/\/www.securitydataandvideo.com\/inicio\/wp-content\/uploads\/2021\/10\/Logo-Azul.png\",\"width\":555,\"height\":375,\"caption\":\"Security Data & Video SA de CV\"},\"image\":{\"@id\":\"https:\/\/www.securitydataandvideo.com\/inicio\/#\/schema\/logo\/image\/\"}}]}<\/script>\n<!-- \/ Yoast SEO plugin. -->","yoast_head_json":{"title":"Torniquete Doble para Alto Trafico - Security Data & Video","description":"Torniquete Doble de Cuerpo Completo para Alto Trafico, para Interior y Exterior y 100% Acero con Pintura Gris, EJE CENTRAL con Pintura Gris.","robots":{"index":"index","follow":"follow","max-snippet":"max-snippet:-1","max-image-preview":"max-image-preview:large","max-video-preview":"max-video-preview:-1"},"canonical":"https:\/\/www.securitydataandvideo.com\/inicio\/shop\/torniquete-doble-para-alto-trafico\/","og_locale":"es_MX","og_type":"article","og_title":"Torniquete Doble para Alto Trafico - Security Data & Video","og_description":"Torniquete Doble de Cuerpo Completo para Alto Trafico, para Interior y Exterior y 100% Acero con Pintura Gris, EJE CENTRAL con Pintura Gris.","og_url":"https:\/\/www.securitydataandvideo.com\/inicio\/shop\/torniquete-doble-para-alto-trafico\/","og_site_name":"Security Data &amp; Video SA de CV.","article_modified_time":"2023-10-27T14:31:40+00:00","og_image":[{"width":800,"height":800,"url":"https:\/\/www.securitydataandvideo.com\/inicio\/wp-content\/uploads\/2023\/10\/XT200C-AD-5-h-800x800.png","type":"image\/png"}],"twitter_card":"summary","twitter_misc":{"Tiempo de lectura":"2 minutos"},"schema":{"@context":"https:\/\/schema.org","@graph":[{"@type":"WebPage","@id":"https:\/\/www.securitydataandvideo.com\/inicio\/shop\/torniquete-doble-para-alto-trafico\/","url":"https:\/\/www.securitydataandvideo.com\/inicio\/shop\/torniquete-doble-para-alto-trafico\/","name":"Torniquete Doble para Alto Trafico - Security Data & Video","isPartOf":{"@id":"https:\/\/www.securitydataandvideo.com\/inicio\/#website"},"datePublished":"2023-10-27T14:31:39+00:00","dateModified":"2023-10-27T14:31:40+00:00","description":"Torniquete Doble de Cuerpo Completo para Alto Trafico, para Interior y Exterior y 100% Acero con Pintura Gris, EJE CENTRAL con Pintura Gris.","breadcrumb":{"@id":"https:\/\/www.securitydataandvideo.com\/inicio\/shop\/torniquete-doble-para-alto-trafico\/#breadcrumb"},"inLanguage":"es-MX","potentialAction":[{"@type":"ReadAction","target":["https:\/\/www.securitydataandvideo.com\/inicio\/shop\/torniquete-doble-para-alto-trafico\/"]}]},{"@type":"BreadcrumbList","@id":"https:\/\/www.securitydataandvideo.com\/inicio\/shop\/torniquete-doble-para-alto-trafico\/#breadcrumb","itemListElement":[{"@type":"ListItem","position":1,"name":"Inicio","item":"https:\/\/www.securitydataandvideo.com\/inicio\/"},{"@type":"ListItem","position":2,"name":"Shop","item":"https:\/\/www.securitydataandvideo.com\/inicio\/shop\/"},{"@type":"ListItem","position":3,"name":"Torniquete Doble para Alto Trafico"}]},{"@type":"WebSite","@id":"https:\/\/www.securitydataandvideo.com\/inicio\/#website","url":"https:\/\/www.securitydataandvideo.com\/inicio\/","name":"Security Data &amp; Video SA de CV.","description":"Seguridad Electr\u00f3nica y Energ\u00eda","publisher":{"@id":"https:\/\/www.securitydataandvideo.com\/inicio\/#organization"},"potentialAction":[{"@type":"SearchAction","target":{"@type":"EntryPoint","urlTemplate":"https:\/\/www.securitydataandvideo.com\/inicio\/?s={search_term_string}"},"query-input":"required name=search_term_string"}],"inLanguage":"es-MX"},{"@type":"Organization","@id":"https:\/\/www.securitydataandvideo.com\/inicio\/#organization","name":"Security Data & Video SA de CV","url":"https:\/\/www.securitydataandvideo.com\/inicio\/","sameAs":[],"logo":{"@type":"ImageObject","inLanguage":"es-MX","@id":"https:\/\/www.securitydataandvideo.com\/inicio\/#\/schema\/logo\/image\/","url":"https:\/\/www.securitydataandvideo.com\/inicio\/wp-content\/uploads\/2021\/10\/Logo-Azul.png","contentUrl":"https:\/\/www.securitydataandvideo.com\/inicio\/wp-content\/uploads\/2021\/10\/Logo-Azul.png","width":555,"height":375,"caption":"Security Data & Video SA de CV"},"image":{"@id":"https:\/\/www.securitydataandvideo.com\/inicio\/#\/schema\/logo\/image\/"}}]}},"_links":{"self":[{"href":"https:\/\/www.securitydataandvideo.com\/inicio\/wp-json\/wp\/v2\/product\/17028"}],"collection":[{"href":"https:\/\/www.securitydataandvideo.com\/inicio\/wp-json\/wp\/v2\/product"}],"about":[{"href":"https:\/\/www.securitydataandvideo.com\/inicio\/wp-json\/wp\/v2\/types\/product"}],"wp:featuredmedia":[{"embeddable":true,"href":"https:\/\/www.securitydataandvideo.com\/inicio\/wp-json\/wp\/v2\/media\/17031"}],"wp:attachment":[{"href":"https:\/\/www.securitydataandvideo.com\/inicio\/wp-json\/wp\/v2\/media?parent=17028"}],"wp:term":[{"taxonomy":"product_cat","embeddable":true,"href":"https:\/\/www.securitydataandvideo.com\/inicio\/wp-json\/wp\/v2\/product_cat?post=17028"},{"taxonomy":"product_tag","embeddable":true,"href":"https:\/\/www.securitydataandvideo.com\/inicio\/wp-json\/wp\/v2\/product_tag?post=17028"}],"curies":[{"name":"wp","href":"https:\/\/api.w.org\/{rel}","templated":true}]}}