{"id":17034,"date":"2023-10-27T10:37:50","date_gmt":"2023-10-27T16:37:50","guid":{"rendered":"https:\/\/www.securitydataandvideo.com\/inicio\/?post_type=product&#038;p=17034"},"modified":"2023-10-27T18:09:17","modified_gmt":"2023-10-28T00:09:17","slug":"torniquete-sencillo-saxxon-gpc3","status":"publish","type":"product","link":"https:\/\/www.securitydataandvideo.com\/inicio\/shop\/torniquete-sencillo-saxxon-gpc3\/","title":{"rendered":"Torniquete Sencillo SAXXON GPC3"},"content":{"rendered":"<h3 class=\"mb-3\"><span style=\"font-size: 14pt;\">\u00a0&#8211; Torniquete Sencillo\u00a0<\/span><span style=\"font-size: 14pt;\"><a href=\"https:\/\/tvc.mx\/products\/32822\/torniquete-de-cuerpo-completo-de-acero-inoxidable?categoryId=93&amp;brandId=562#41745\">SAXXON<\/a> <a href=\"https:\/\/www.securitydataandvideo.com\/inicio\/?post_type=product&amp;p=17034&amp;preview=true\">GPC3<\/a>,<\/span><span style=\"font-size: 14pt;\"> Alto Tr\u00e1fico,\u00a0 Cuerpo Completo, Bidireccional y de Acero Inoxidable IP66, para Uso Exterior e Interior, Compatible con Controles de Acceso, unicamente Sobre Pedido, su Tiempo de Entrega es de 2 a 3 Semanas a partir de fecha de pago.<\/span><\/h3>\n<h1><strong>Descripci\u00f3n<\/strong><\/h1>\n<p class=\"ql-align-justify\"><strong>Torniquete de Altura Completa Un carril<\/strong><\/p>\n<p class=\"ql-align-justify\">Dise\u00f1ado para proveer un control de acceso eficiente, su instalaci\u00f3n elimina cualquier acceso no autorizado. De uso intensivo\u00a0ya que cuenta con alta resistencia al vandalismo y es apto tanto para la intemperie as\u00ed como para interior, est\u00e1 dise\u00f1ado para la entrada y salida de gente al mismo tiempo. Puede regular el flujo de tr\u00e1fico.<\/p>\n<p class=\"ql-align-justify\">Cuenta con presentaci\u00f3n y acabados que hacen que este producto sea indicado para ambientes en donde se requiera alta seguridad aunada a una est\u00e9tica refinada.<\/p>\n<p><img src=\"https:\/\/cdn.tvc.mx\/media\/314663\/Torniquete-Cuerpo-Completo-Un-Carril-Bidireccional-Descripci%C3%B3n-GPC3-SAXXON.png\" \/><\/p>\n<h2>Caracter\u00edsticas<\/h2>\n<ul data-checked=\"false\">\n<li>Altura Completa. (2.05 mts altura libre, 2.20 mts altura completa)<\/li>\n<li>Dimensiones del torniquete 1.590 x 1.35 mts (ancho x profundidad)<\/li>\n<li>Fabricado en Acero Inoxidable calidad AISI\/SAE T304 certificado.<\/li>\n<li>3 brazos de control de seguridad de 62 cm de longitud (paso de 70cm)<\/li>\n<li>Angulo de Rotaci\u00f3n de 120\u00b0.<\/li>\n<li>Control de contacto seco de 100 ms.<\/li>\n<li>Velocidad de tr\u00e1nsito: 25 personas\/minuto<\/li>\n<li><strong><u>Tiempo de Entrega 2 a 3 semanas.<\/u><\/strong><\/li>\n<\/ul>\n<h2>Ventajas<\/h2>\n<ul data-checked=\"false\">\n<li>Dise\u00f1ado para ambientes Exteriores e Interiores.<\/li>\n<li>Configuraci\u00f3n para ingreso y salida<\/li>\n<li>Fabricado bajo los controles de Calidad ISO<\/li>\n<li>Producto 100% mexicano.<\/li>\n<li>3 A\u00f1os de Garant\u00eda<\/li>\n<\/ul>\n<p>&nbsp;<\/p>\n","protected":false},"excerpt":{"rendered":"<p>\u00a0&#8211; Torniquete Sencillo\u00a0SAXXON GPC3, Alto Tr\u00e1fico,\u00a0 Cuerpo Completo, Bidireccional y de Acero Inoxidable IP66, para Uso Exterior e Interior, Compatible con Controles de Acceso, unicamente Sobre Pedido, su Tiempo de Entrega es de 2 a 3 Semanas a partir de fecha de pago. Descripci\u00f3n Torniquete de Altura Completa Un carril Dise\u00f1ado para proveer un control &hellip;<\/p>\n<p class=\"read-more\"> <a class=\"\" href=\"https:\/\/www.securitydataandvideo.com\/inicio\/shop\/torniquete-sencillo-saxxon-gpc3\/\"> <span class=\"screen-reader-text\">Torniquete Sencillo SAXXON GPC3<\/span> Leer m\u00e1s &raquo;<\/a><\/p>\n","protected":false},"featured_media":17036,"template":"","meta":{"site-sidebar-layout":"no-sidebar","site-content-layout":"","ast-site-content-layout":"normal-width-container","site-content-style":"boxed","site-sidebar-style":"boxed","ast-global-header-display":"","ast-banner-title-visibility":"","ast-main-header-display":"","ast-hfb-above-header-display":"","ast-hfb-below-header-display":"","ast-hfb-mobile-header-display":"","site-post-title":"","ast-breadcrumbs-content":"","ast-featured-img":"","footer-sml-layout":"","theme-transparent-header-meta":"default","adv-header-id-meta":"","stick-header-meta":"","header-above-stick-meta":"","header-main-stick-meta":"","header-below-stick-meta":"","astra-migrate-meta-layouts":"set"},"product_cat":[314],"product_tag":[159],"yoast_head":"<!-- This site is optimized with the Yoast SEO plugin v19.5.1 - https:\/\/yoast.com\/wordpress\/plugins\/seo\/ -->\n<title>Torniquete Sencillo SAXXON GPC3 - Para Alto Trafico<\/title>\n<meta name=\"description\" content=\"\u00a0- Torniquete Sencillo\u00a0SAXXON GPC3, Alto Tr\u00e1fico,\u00a0 Cuerpo Completo, Bidireccional y de Acero Inoxidable IP66, para Uso Exterior e Interior.\" \/>\n<meta name=\"robots\" content=\"index, follow, max-snippet:-1, max-image-preview:large, max-video-preview:-1\" \/>\n<link rel=\"canonical\" href=\"https:\/\/www.securitydataandvideo.com\/inicio\/shop\/torniquete-sencillo-saxxon-gpc3\/\" \/>\n<meta property=\"og:locale\" content=\"es_MX\" \/>\n<meta property=\"og:type\" content=\"article\" \/>\n<meta property=\"og:title\" content=\"Torniquete Sencillo SAXXON GPC3 - Para Alto Trafico\" \/>\n<meta property=\"og:description\" content=\"\u00a0- Torniquete Sencillo\u00a0SAXXON GPC3, Alto Tr\u00e1fico,\u00a0 Cuerpo Completo, Bidireccional y de Acero Inoxidable IP66, para Uso Exterior e Interior.\" \/>\n<meta property=\"og:url\" content=\"https:\/\/www.securitydataandvideo.com\/inicio\/shop\/torniquete-sencillo-saxxon-gpc3\/\" \/>\n<meta property=\"og:site_name\" content=\"Security Data &amp; Video SA de CV.\" \/>\n<meta property=\"article:modified_time\" content=\"2023-10-28T00:09:17+00:00\" \/>\n<meta property=\"og:image\" content=\"https:\/\/www.securitydataandvideo.com\/inicio\/wp-content\/uploads\/2023\/10\/GPC3-SAXXON.png\" \/>\n\t<meta property=\"og:image:width\" content=\"768\" \/>\n\t<meta property=\"og:image:height\" content=\"1024\" \/>\n\t<meta property=\"og:image:type\" content=\"image\/png\" \/>\n<meta name=\"twitter:card\" content=\"summary\" \/>\n<meta name=\"twitter:label1\" content=\"Tiempo de lectura\" \/>\n\t<meta name=\"twitter:data1\" content=\"2 minutos\" \/>\n<script type=\"application\/ld+json\" class=\"yoast-schema-graph\">{\"@context\":\"https:\/\/schema.org\",\"@graph\":[{\"@type\":\"WebPage\",\"@id\":\"https:\/\/www.securitydataandvideo.com\/inicio\/shop\/torniquete-sencillo-saxxon-gpc3\/\",\"url\":\"https:\/\/www.securitydataandvideo.com\/inicio\/shop\/torniquete-sencillo-saxxon-gpc3\/\",\"name\":\"Torniquete Sencillo SAXXON GPC3 - Para Alto Trafico\",\"isPartOf\":{\"@id\":\"https:\/\/www.securitydataandvideo.com\/inicio\/#website\"},\"datePublished\":\"2023-10-27T16:37:50+00:00\",\"dateModified\":\"2023-10-28T00:09:17+00:00\",\"description\":\"\u00a0- Torniquete Sencillo\u00a0SAXXON GPC3, Alto Tr\u00e1fico,\u00a0 Cuerpo Completo, Bidireccional y de Acero Inoxidable IP66, para Uso Exterior e Interior.\",\"breadcrumb\":{\"@id\":\"https:\/\/www.securitydataandvideo.com\/inicio\/shop\/torniquete-sencillo-saxxon-gpc3\/#breadcrumb\"},\"inLanguage\":\"es-MX\",\"potentialAction\":[{\"@type\":\"ReadAction\",\"target\":[\"https:\/\/www.securitydataandvideo.com\/inicio\/shop\/torniquete-sencillo-saxxon-gpc3\/\"]}]},{\"@type\":\"BreadcrumbList\",\"@id\":\"https:\/\/www.securitydataandvideo.com\/inicio\/shop\/torniquete-sencillo-saxxon-gpc3\/#breadcrumb\",\"itemListElement\":[{\"@type\":\"ListItem\",\"position\":1,\"name\":\"Inicio\",\"item\":\"https:\/\/www.securitydataandvideo.com\/inicio\/\"},{\"@type\":\"ListItem\",\"position\":2,\"name\":\"Shop\",\"item\":\"https:\/\/www.securitydataandvideo.com\/inicio\/shop\/\"},{\"@type\":\"ListItem\",\"position\":3,\"name\":\"Torniquete Sencillo SAXXON GPC3\"}]},{\"@type\":\"WebSite\",\"@id\":\"https:\/\/www.securitydataandvideo.com\/inicio\/#website\",\"url\":\"https:\/\/www.securitydataandvideo.com\/inicio\/\",\"name\":\"Security Data &amp; Video SA de CV.\",\"description\":\"Seguridad Electr\u00f3nica y Energ\u00eda\",\"publisher\":{\"@id\":\"https:\/\/www.securitydataandvideo.com\/inicio\/#organization\"},\"potentialAction\":[{\"@type\":\"SearchAction\",\"target\":{\"@type\":\"EntryPoint\",\"urlTemplate\":\"https:\/\/www.securitydataandvideo.com\/inicio\/?s={search_term_string}\"},\"query-input\":\"required name=search_term_string\"}],\"inLanguage\":\"es-MX\"},{\"@type\":\"Organization\",\"@id\":\"https:\/\/www.securitydataandvideo.com\/inicio\/#organization\",\"name\":\"Security Data & Video SA de CV\",\"url\":\"https:\/\/www.securitydataandvideo.com\/inicio\/\",\"sameAs\":[],\"logo\":{\"@type\":\"ImageObject\",\"inLanguage\":\"es-MX\",\"@id\":\"https:\/\/www.securitydataandvideo.com\/inicio\/#\/schema\/logo\/image\/\",\"url\":\"https:\/\/www.securitydataandvideo.com\/inicio\/wp-content\/uploads\/2021\/10\/Logo-Azul.png\",\"contentUrl\":\"https:\/\/www.securitydataandvideo.com\/inicio\/wp-content\/uploads\/2021\/10\/Logo-Azul.png\",\"width\":555,\"height\":375,\"caption\":\"Security Data & Video SA de CV\"},\"image\":{\"@id\":\"https:\/\/www.securitydataandvideo.com\/inicio\/#\/schema\/logo\/image\/\"}}]}<\/script>\n<!-- \/ Yoast SEO plugin. -->","yoast_head_json":{"title":"Torniquete Sencillo SAXXON GPC3 - Para Alto Trafico","description":"\u00a0- Torniquete Sencillo\u00a0SAXXON GPC3, Alto Tr\u00e1fico,\u00a0 Cuerpo Completo, Bidireccional y de Acero Inoxidable IP66, para Uso Exterior e Interior.","robots":{"index":"index","follow":"follow","max-snippet":"max-snippet:-1","max-image-preview":"max-image-preview:large","max-video-preview":"max-video-preview:-1"},"canonical":"https:\/\/www.securitydataandvideo.com\/inicio\/shop\/torniquete-sencillo-saxxon-gpc3\/","og_locale":"es_MX","og_type":"article","og_title":"Torniquete Sencillo SAXXON GPC3 - Para Alto Trafico","og_description":"\u00a0- Torniquete Sencillo\u00a0SAXXON GPC3, Alto Tr\u00e1fico,\u00a0 Cuerpo Completo, Bidireccional y de Acero Inoxidable IP66, para Uso Exterior e Interior.","og_url":"https:\/\/www.securitydataandvideo.com\/inicio\/shop\/torniquete-sencillo-saxxon-gpc3\/","og_site_name":"Security Data &amp; Video SA de CV.","article_modified_time":"2023-10-28T00:09:17+00:00","og_image":[{"width":768,"height":1024,"url":"https:\/\/www.securitydataandvideo.com\/inicio\/wp-content\/uploads\/2023\/10\/GPC3-SAXXON.png","type":"image\/png"}],"twitter_card":"summary","twitter_misc":{"Tiempo de lectura":"2 minutos"},"schema":{"@context":"https:\/\/schema.org","@graph":[{"@type":"WebPage","@id":"https:\/\/www.securitydataandvideo.com\/inicio\/shop\/torniquete-sencillo-saxxon-gpc3\/","url":"https:\/\/www.securitydataandvideo.com\/inicio\/shop\/torniquete-sencillo-saxxon-gpc3\/","name":"Torniquete Sencillo SAXXON GPC3 - Para Alto Trafico","isPartOf":{"@id":"https:\/\/www.securitydataandvideo.com\/inicio\/#website"},"datePublished":"2023-10-27T16:37:50+00:00","dateModified":"2023-10-28T00:09:17+00:00","description":"\u00a0- Torniquete Sencillo\u00a0SAXXON GPC3, Alto Tr\u00e1fico,\u00a0 Cuerpo Completo, Bidireccional y de Acero Inoxidable IP66, para Uso Exterior e Interior.","breadcrumb":{"@id":"https:\/\/www.securitydataandvideo.com\/inicio\/shop\/torniquete-sencillo-saxxon-gpc3\/#breadcrumb"},"inLanguage":"es-MX","potentialAction":[{"@type":"ReadAction","target":["https:\/\/www.securitydataandvideo.com\/inicio\/shop\/torniquete-sencillo-saxxon-gpc3\/"]}]},{"@type":"BreadcrumbList","@id":"https:\/\/www.securitydataandvideo.com\/inicio\/shop\/torniquete-sencillo-saxxon-gpc3\/#breadcrumb","itemListElement":[{"@type":"ListItem","position":1,"name":"Inicio","item":"https:\/\/www.securitydataandvideo.com\/inicio\/"},{"@type":"ListItem","position":2,"name":"Shop","item":"https:\/\/www.securitydataandvideo.com\/inicio\/shop\/"},{"@type":"ListItem","position":3,"name":"Torniquete Sencillo SAXXON GPC3"}]},{"@type":"WebSite","@id":"https:\/\/www.securitydataandvideo.com\/inicio\/#website","url":"https:\/\/www.securitydataandvideo.com\/inicio\/","name":"Security Data &amp; Video SA de CV.","description":"Seguridad Electr\u00f3nica y Energ\u00eda","publisher":{"@id":"https:\/\/www.securitydataandvideo.com\/inicio\/#organization"},"potentialAction":[{"@type":"SearchAction","target":{"@type":"EntryPoint","urlTemplate":"https:\/\/www.securitydataandvideo.com\/inicio\/?s={search_term_string}"},"query-input":"required name=search_term_string"}],"inLanguage":"es-MX"},{"@type":"Organization","@id":"https:\/\/www.securitydataandvideo.com\/inicio\/#organization","name":"Security Data & Video SA de CV","url":"https:\/\/www.securitydataandvideo.com\/inicio\/","sameAs":[],"logo":{"@type":"ImageObject","inLanguage":"es-MX","@id":"https:\/\/www.securitydataandvideo.com\/inicio\/#\/schema\/logo\/image\/","url":"https:\/\/www.securitydataandvideo.com\/inicio\/wp-content\/uploads\/2021\/10\/Logo-Azul.png","contentUrl":"https:\/\/www.securitydataandvideo.com\/inicio\/wp-content\/uploads\/2021\/10\/Logo-Azul.png","width":555,"height":375,"caption":"Security Data & Video SA de CV"},"image":{"@id":"https:\/\/www.securitydataandvideo.com\/inicio\/#\/schema\/logo\/image\/"}}]}},"_links":{"self":[{"href":"https:\/\/www.securitydataandvideo.com\/inicio\/wp-json\/wp\/v2\/product\/17034"}],"collection":[{"href":"https:\/\/www.securitydataandvideo.com\/inicio\/wp-json\/wp\/v2\/product"}],"about":[{"href":"https:\/\/www.securitydataandvideo.com\/inicio\/wp-json\/wp\/v2\/types\/product"}],"wp:featuredmedia":[{"embeddable":true,"href":"https:\/\/www.securitydataandvideo.com\/inicio\/wp-json\/wp\/v2\/media\/17036"}],"wp:attachment":[{"href":"https:\/\/www.securitydataandvideo.com\/inicio\/wp-json\/wp\/v2\/media?parent=17034"}],"wp:term":[{"taxonomy":"product_cat","embeddable":true,"href":"https:\/\/www.securitydataandvideo.com\/inicio\/wp-json\/wp\/v2\/product_cat?post=17034"},{"taxonomy":"product_tag","embeddable":true,"href":"https:\/\/www.securitydataandvideo.com\/inicio\/wp-json\/wp\/v2\/product_tag?post=17034"}],"curies":[{"name":"wp","href":"https:\/\/api.w.org\/{rel}","templated":true}]}}